{"id":9376,"date":"2025-07-01T07:21:00","date_gmt":"2025-07-01T07:21:00","guid":{"rendered":"https:\/\/ap.com.al\/?page_id=9376"},"modified":"2025-07-01T07:21:00","modified_gmt":"2025-07-01T07:21:00","slug":"boncrop-flow","status":"publish","type":"page","link":"https:\/\/ap.com.al\/?page_id=9376","title":{"rendered":"BONCROP FLOW"},"content":{"rendered":"\n<p><\/p>\n\n\n\n<style>\n  #oniiii{\n    background-image:url(\"https:\/\/ap.com.al\/wp-content\/uploads\/2025\/06\/Biostimulanzien-in-der-Landwirtschaft.webp\");\n    padding-bottom: 32%;\n    background-position:center bottom;\n    background-repeat: no-repeat;\n    background-size:cover;\n  }\n  <\/style>\n  <script src=\"https:\/\/code.jquery.com\/jquery-3.5.0.js\">\n<\/script>\n\n<div id=\"oniiii\"><\/div>\n \n<script>\n$( \"#oniiii\" ).insertBefore( \".container_wrap_first\" );\n<\/script>\n\n\n\n<div class=\"wp-block-columns\" id=\"containerr\">\n<div class=\"wp-block-column\">\n<div class=\"avia_textblock\" itemprop=\"text\"><h4 style=\"color:#005a8c;\n\">BONCROP FLOW<\/h4>\n<\/div>\n<\/div>\n<\/div>\n\n\n\n<div class=\"wp-block-columns\" id=\"containerr\">\n<div class=\"wp-block-column\">\n<div class=\"detail__certificates-item-icon\">\n<img decoding=\"async\" alt=\"BONSILAGE FORTE\" src=\"https:\/\/ap.com.al\/wp-content\/uploads\/2022\/05\/oeko.png\">\n<\/div>\n<\/div>\n<\/div>\n\n\n\n<div class=\"wp-block-columns\" id=\"containerr\">\n<div class=\"wp-block-column\">\n<div class=\"wp-block-columns\">\n<div class=\"wp-block-column\">\n<div class=\"blue_marker_list\">\n<p align=\"justify\" style=\"margin-bottom: 0; margin-top: 0\">Biostimulant i l\u00ebngsh\u00ebm p\u00ebr nj\u00eb fillim t\u00eb shpejt\u00eb<\/p>\n<p align=\"justify\" style=\"margin-bottom: 0; margin-top: 0\">Me p\u00ebrb\u00ebr\u00ebsit e \u00e7muar t\u00eb alg\u00ebs kafe Ascophyllum nodosum, si dhe aminoacideve dhe acideve humike bimore, boncrop flow aktivizon metabolizmin dhe nxit formimin e rr\u00ebnj\u00ebve. boncrop flow forcon q\u00ebndrueshm\u00ebrin\u00eb natyrale t\u00eb bim\u00ebs dhe siguron bim\u00eb t\u00eb forta, vitale dhe rendiment m\u00eb t\u00eb lart\u00eb.\n\nI leht\u00eb p\u00ebr t\u2019u p\u00ebrdorur me produktet e zakonshme p\u00ebr mbrojtjen e bim\u00ebve!\nProdukti yn\u00eb boncrop flow mund t\u00eb kombinohet me produktet e zakonshme p\u00ebr mbrojtjen e bim\u00ebve dhe mund t\u00eb sp\u00ebrkatet s\u00eb bashku me to. Kjo m\u00ebnyr\u00eb \u00ebsht\u00eb efektive, e thjesht\u00eb dhe kursen koh\u00eb.\n\nP\u00ebr t\u00eb testuar p\u00ebrzierjen e boncrop flow me pesticide, rekomandojm\u00eb t\u00eb b\u00ebhet nj\u00eb test p\u00ebr p\u00ebrzierjen.\n\nI p\u00ebrshtatsh\u00ebm p\u00ebr bujq\u00ebsin\u00eb organike! <\/p>\n<h4 style=\"padding: 20px 0;\">Biostimulant, i l\u00ebngsh\u00ebm<\/h4>\n<ul style=\"list-style-type: square; \n\tpadding-left: 1em;\">\n<li>Forma e produktit: Formul\u00eb e l\u00ebngshme<\/li>\n<li>Paketimi: Bidon 10 litra<\/li>\n<li>Aplikimi: Sp\u00ebrkatje n\u00eb gjethe (foliare)<\/li>\n<li>Doza e aplikimit: 2 litra\/ha<\/li>\n<li>P\u00ebrb\u00ebr\u00ebsit: Ekstrakt algash nga Ascophyllum nodosum; Aminoacide dhe acide humike me origjin\u00eb bimore<\/li>\n<\/ul>\n<\/div>\n<\/div>\n\n\n\n<div class=\"wp-block-column\">\n<figure class=\"wp-block-image size-full\"><img loading=\"lazy\" decoding=\"async\" width=\"1000\" height=\"1000\" src=\"https:\/\/ap.com.al\/wp-content\/uploads\/2025\/06\/de_illu_boncrop_Kanister_1064x1064_700px.webp\" alt=\"\" class=\"wp-image-9332\" srcset=\"https:\/\/ap.com.al\/wp-content\/uploads\/2025\/06\/de_illu_boncrop_Kanister_1064x1064_700px.webp 1000w, https:\/\/ap.com.al\/wp-content\/uploads\/2025\/06\/de_illu_boncrop_Kanister_1064x1064_700px-300x300.webp 300w, https:\/\/ap.com.al\/wp-content\/uploads\/2025\/06\/de_illu_boncrop_Kanister_1064x1064_700px-80x80.webp 80w, https:\/\/ap.com.al\/wp-content\/uploads\/2025\/06\/de_illu_boncrop_Kanister_1064x1064_700px-768x768.webp 768w, https:\/\/ap.com.al\/wp-content\/uploads\/2025\/06\/de_illu_boncrop_Kanister_1064x1064_700px-36x36.webp 36w, https:\/\/ap.com.al\/wp-content\/uploads\/2025\/06\/de_illu_boncrop_Kanister_1064x1064_700px-180x180.webp 180w, https:\/\/ap.com.al\/wp-content\/uploads\/2025\/06\/de_illu_boncrop_Kanister_1064x1064_700px-705x705.webp 705w, https:\/\/ap.com.al\/wp-content\/uploads\/2025\/06\/de_illu_boncrop_Kanister_1064x1064_700px-120x120.webp 120w, https:\/\/ap.com.al\/wp-content\/uploads\/2025\/06\/de_illu_boncrop_Kanister_1064x1064_700px-450x450.webp 450w\" sizes=\"auto, (max-width: 1000px) 100vw, 1000px\" \/><\/figure>\n<\/div>\n<\/div>\n\n\n\n<div class=\"wp-block-columns\">\n<div class=\"wp-block-column\">\n<div class=\"wp-block-columns\">\n<div class=\"wp-block-column\" style=\"flex-basis:100%\">\n<div class=\"wp-block-group\">\n<figure class=\"wp-block-image size-full\"><img loading=\"lazy\" decoding=\"async\" width=\"1000\" height=\"829\" src=\"https:\/\/ap.com.al\/wp-content\/uploads\/2025\/06\/Abiotic-and-biotic-stress-factors_FH.webp\" alt=\"\" class=\"wp-image-9346\" srcset=\"https:\/\/ap.com.al\/wp-content\/uploads\/2025\/06\/Abiotic-and-biotic-stress-factors_FH.webp 1000w, https:\/\/ap.com.al\/wp-content\/uploads\/2025\/06\/Abiotic-and-biotic-stress-factors_FH-300x249.webp 300w, https:\/\/ap.com.al\/wp-content\/uploads\/2025\/06\/Abiotic-and-biotic-stress-factors_FH-768x637.webp 768w, https:\/\/ap.com.al\/wp-content\/uploads\/2025\/06\/Abiotic-and-biotic-stress-factors_FH-705x584.webp 705w, https:\/\/ap.com.al\/wp-content\/uploads\/2025\/06\/Abiotic-and-biotic-stress-factors_FH-450x373.webp 450w\" sizes=\"auto, (max-width: 1000px) 100vw, 1000px\" \/><\/figure>\n\n\n\n<div class=\"wp-block-columns\">\n<div class=\"wp-block-column\"><\/div>\n\n\n\n<div class=\"wp-block-column\"><\/div>\n<\/div>\n<\/div>\n<\/div>\n<\/div>\n<\/div>\n\n\n\n<div class=\"wp-block-column\">\n<div class=\"blue_marker_list\">\n<h4 style=\"padding: 20px 0;\">P\u00ebrgatitje ndaj stresit: Forcon bim\u00ebt p\u00ebr sfidat e ardhshme<\/h4>\n\n<p align=\"justify\" style=\"margin-bottom: 0; margin-top: 0\">Si nj\u00eb biostimulant, boncrop flow vepron si nj\u00eb p\u00ebrgatit\u00ebs ndaj stresit p\u00ebr bim\u00ebt. Kjo do t\u00eb thot\u00eb q\u00eb mekanizmat mbrojt\u00ebs aktivizohen dhe bim\u00ebt p\u00ebrgatiten posa\u00e7\u00ebrisht p\u00ebr situatat stresuese n\u00eb t\u00eb ardhmen \u2013 qoft\u00eb p\u00ebr shkak t\u00eb that\u00ebsir\u00ebs, nxeht\u00ebsis\u00eb apo faktor\u00ebve t\u00eb tjer\u00eb mjedisor\u00eb. Kjo i b\u00ebn ato m\u00eb rezistente dhe m\u00eb t\u00eb afta p\u00ebr t\u2019u p\u00ebrballur me stresin.<\/p>\n<p align=\"justify\" style=\"margin-bottom: 0; margin-top: 0\">Termi stress priming vjen nga biologjia dhe ekologjia dhe p\u00ebrshkruan aft\u00ebsin\u00eb e bim\u00ebve p\u00ebr t\u2019u p\u00ebrshtatur me ngjarjet stresuese q\u00eb priten p\u00ebrmes stimulimeve t\u00eb synuara.\n\n<\/p>\n<\/div>\n<\/div>\n<\/div>\n\n\n\n<div class=\"wp-block-columns\">\n<div class=\"wp-block-column\">\n<div class=\"blue_marker_list\">\n<h4 style=\"padding: 20px 0;\">Bim\u00eb t\u00eb forta \u2013 t\u00eb q\u00ebndrueshme dhe rezistente<\/h4>\n<ul style=\"list-style-type: square; \n\tpadding-left: 1em;\">\n<li>P\u00ebrthithje e optimizuar e l\u00ebnd\u00ebve ushqyese \u2013 Rrit aft\u00ebsin\u00eb e fotosintez\u00ebs dhe formimin e rr\u00ebnj\u00ebve p\u00ebr nj\u00eb ushqyerje m\u00eb t\u00eb mir\u00eb t\u00eb bim\u00ebve.<\/li>\n<li>Rritje e q\u00ebndrueshm\u00ebris\u00eb ndaj stresit \u2013 P\u00ebrmir\u00ebson toleranc\u00ebn ndaj that\u00ebsir\u00ebs dhe t\u00eb ftohtit, q\u00eb bim\u00ebt t\u00eb mbeten vitale edhe n\u00eb kushte t\u00eb v\u00ebshtira.<\/li>\n<li>P\u00ebrdorim efikas i ujit \u2013 Ul humbjen e ujit nga avullimi dhe mb\u00ebshtet ujitjen e q\u00ebndrueshme.<\/li>\n<li>I p\u00ebrshtatsh\u00ebm p\u00ebr bujq\u00ebsin\u00eb organike \u2013 I listuar n\u00eb list\u00ebn e inputeve p\u00ebr bujq\u00ebsin\u00eb organike n\u00eb Gjermani.<\/li>\n\n<\/ul>\n<\/div>\n<\/div>\n<\/div>\n\n\n\n<div class=\"wp-block-columns\">\n<div class=\"wp-block-column\">\n<div class=\"blue_marker_list\">\n<h4 style=\"padding: 10px 0; \">Aplikimi<\/h4>\n<p align=\"justify\" style=\"margin-bottom: 0; margin-top: 0\">Aplikimi b\u00ebhet me sp\u00ebrkatje n\u00eb gjethe (foliare).<\/p>\n<p align=\"justify\" style=\"margin-bottom: 0; margin-top: 0\">Koha dhe doza e rekomanduar p\u00ebr aplikim:<\/p>\n<ul style=\"list-style-type: square; padding-left: 1em; margin-bottom: 0;\">\n<li>Mis\u00ebr: 2 l\/ha*, nga BBCH 14<\/li>\n<li>Drith\u00ebra: 2 l\/ha*, nga BBCH 21 (Faza e deg\u00ebzimit)<\/li>\n<li>Rrep\u00eb vajore: Vjesht\u00eb: 1 l\/ha* nga BBCH 14, Pranver\u00eb: 2 l\/ha nga BBCH 33-35<\/li>\n<li>Patate: Dy trajtime nga 2 l\/ha secila, n\u00eb faz\u00ebn BBCH 30-40 (mbyllja e rreshtave), p\u00ebrs\u00ebritje pas ~7-21 dit\u00ebsh<\/li>\n<li>Panxhari i sheqerit: 2 l\/ha* n\u00eb fund t\u00eb mbylljes s\u00eb rreshtave<\/li>\n<li>Soja: Dy trajtime nga 2 l\/ha*, n\u00eb BBCH 12-14 dhe BBCH 61<\/li>\n<li>Luledielli: Dy trajtime nga 2 l\/ha, nga BBCH 14 (faza me 4 gjethe), p\u00ebrs\u00ebritje pas ~21 dit\u00ebsh<\/li><\/ul>\n<p align=\"justify\" style=\"margin-bottom: 0; margin-top: 0\">*Formulim i l\u00ebngsh\u00ebm, sasia e ujit p\u00ebr sp\u00ebrkatje: 100\u20131,200 l\/ha<\/p>\n<div class=\"avia-button-wrap avia-button-left  avia-builder-el-7  el_after_av_textblock  avia-builder-el-last \"><a href=\"https:\/\/ap.com.al\/wp-content\/uploads\/2025\/07\/boncrop_broschuere.pdf\" target=\"_blank\" class=\"avia-button   avia-icon_select-no avia-color-theme-color avia-size-large avia-position-left \" rel=\"noopener\"><span class=\"avia_iconbox_title\">Lexo m\u00eb shum\u00eb<\/span><\/a><\/div>\n        <\/div>\n<\/div>\n<\/div>\n<\/div>\n<\/div>\n","protected":false},"excerpt":{"rendered":"<p>BONCROP FLOW Biostimulant i l\u00ebngsh\u00ebm p\u00ebr nj\u00eb fillim t\u00eb shpejt\u00eb Me p\u00ebrb\u00ebr\u00ebsit e \u00e7muar t\u00eb alg\u00ebs kafe Ascophyllum nodosum, si dhe aminoacideve dhe acideve humike bimore, boncrop flow aktivizon metabolizmin dhe nxit formimin e rr\u00ebnj\u00ebve. boncrop flow forcon q\u00ebndrueshm\u00ebrin\u00eb natyrale t\u00eb bim\u00ebs dhe siguron bim\u00eb t\u00eb forta, vitale dhe rendiment m\u00eb t\u00eb lart\u00eb. I leht\u00eb [&hellip;]<\/p>\n","protected":false},"author":2,"featured_media":0,"parent":0,"menu_order":0,"comment_status":"closed","ping_status":"closed","template":"","meta":{"inline_featured_image":false,"footnotes":""},"class_list":["post-9376","page","type-page","status-publish","hentry"],"yoast_head":"<!-- This site is optimized with the Yoast SEO plugin v18.9 - https:\/\/yoast.com\/wordpress\/plugins\/seo\/ -->\n<title>BONCROP FLOW - Austria Praemix<\/title>\n<meta name=\"robots\" content=\"index, follow, max-snippet:-1, max-image-preview:large, max-video-preview:-1\" \/>\n<link rel=\"canonical\" href=\"https:\/\/ap.com.al\/?page_id=9376\" \/>\n<meta property=\"og:locale\" content=\"en_US\" \/>\n<meta property=\"og:type\" content=\"article\" \/>\n<meta property=\"og:title\" content=\"BONCROP FLOW - Austria Praemix\" \/>\n<meta property=\"og:description\" content=\"BONCROP FLOW Biostimulant i l\u00ebngsh\u00ebm p\u00ebr nj\u00eb fillim t\u00eb shpejt\u00eb Me p\u00ebrb\u00ebr\u00ebsit e \u00e7muar t\u00eb alg\u00ebs kafe Ascophyllum nodosum, si dhe aminoacideve dhe acideve humike bimore, boncrop flow aktivizon metabolizmin dhe nxit formimin e rr\u00ebnj\u00ebve. boncrop flow forcon q\u00ebndrueshm\u00ebrin\u00eb natyrale t\u00eb bim\u00ebs dhe siguron bim\u00eb t\u00eb forta, vitale dhe rendiment m\u00eb t\u00eb lart\u00eb. I leht\u00eb [&hellip;]\" \/>\n<meta property=\"og:url\" content=\"https:\/\/ap.com.al\/?page_id=9376\" \/>\n<meta property=\"og:site_name\" content=\"Austria Praemix\" \/>\n<meta property=\"article:publisher\" content=\"https:\/\/www.facebook.com\/austriapraemiks\/\" \/>\n<meta property=\"og:image\" content=\"https:\/\/ap.com.al\/wp-content\/uploads\/2022\/05\/oeko.png\" \/>\n<meta name=\"twitter:card\" content=\"summary_large_image\" \/>\n<meta name=\"twitter:label1\" content=\"Est. reading time\" \/>\n\t<meta name=\"twitter:data1\" content=\"1 minute\" \/>\n<script type=\"application\/ld+json\" class=\"yoast-schema-graph\">{\"@context\":\"https:\/\/schema.org\",\"@graph\":[{\"@type\":\"Organization\",\"@id\":\"https:\/\/ap.com.al\/#organization\",\"name\":\"Austria Preamix\",\"url\":\"https:\/\/ap.com.al\/\",\"sameAs\":[\"https:\/\/www.instagram.com\/austriapraemix\/\",\"https:\/\/www.facebook.com\/austriapraemiks\/\"],\"logo\":{\"@type\":\"ImageObject\",\"inLanguage\":\"en-US\",\"@id\":\"https:\/\/ap.com.al\/#\/schema\/logo\/image\/\",\"url\":\"https:\/\/ap.com.al\/wp-content\/uploads\/2022\/02\/AP-logo.png\",\"contentUrl\":\"https:\/\/ap.com.al\/wp-content\/uploads\/2022\/02\/AP-logo.png\",\"width\":3358,\"height\":1616,\"caption\":\"Austria Preamix\"},\"image\":{\"@id\":\"https:\/\/ap.com.al\/#\/schema\/logo\/image\/\"}},{\"@type\":\"WebSite\",\"@id\":\"https:\/\/ap.com.al\/#website\",\"url\":\"https:\/\/ap.com.al\/\",\"name\":\"Austria Praemix\",\"description\":\"\",\"publisher\":{\"@id\":\"https:\/\/ap.com.al\/#organization\"},\"potentialAction\":[{\"@type\":\"SearchAction\",\"target\":{\"@type\":\"EntryPoint\",\"urlTemplate\":\"https:\/\/ap.com.al\/?s={search_term_string}\"},\"query-input\":\"required name=search_term_string\"}],\"inLanguage\":\"en-US\"},{\"@type\":\"ImageObject\",\"inLanguage\":\"en-US\",\"@id\":\"https:\/\/ap.com.al\/?page_id=9376#primaryimage\",\"url\":\"https:\/\/ap.com.al\/wp-content\/uploads\/2022\/05\/oeko.png\",\"contentUrl\":\"https:\/\/ap.com.al\/wp-content\/uploads\/2022\/05\/oeko.png\",\"width\":351,\"height\":351},{\"@type\":\"WebPage\",\"@id\":\"https:\/\/ap.com.al\/?page_id=9376#webpage\",\"url\":\"https:\/\/ap.com.al\/?page_id=9376\",\"name\":\"BONCROP FLOW - Austria Praemix\",\"isPartOf\":{\"@id\":\"https:\/\/ap.com.al\/#website\"},\"primaryImageOfPage\":{\"@id\":\"https:\/\/ap.com.al\/?page_id=9376#primaryimage\"},\"datePublished\":\"2025-07-01T07:21:00+00:00\",\"dateModified\":\"2025-07-01T07:21:00+00:00\",\"breadcrumb\":{\"@id\":\"https:\/\/ap.com.al\/?page_id=9376#breadcrumb\"},\"inLanguage\":\"en-US\",\"potentialAction\":[{\"@type\":\"ReadAction\",\"target\":[\"https:\/\/ap.com.al\/?page_id=9376\"]}]},{\"@type\":\"BreadcrumbList\",\"@id\":\"https:\/\/ap.com.al\/?page_id=9376#breadcrumb\",\"itemListElement\":[{\"@type\":\"ListItem\",\"position\":1,\"name\":\"Home\",\"item\":\"https:\/\/ap.com.al\/\"},{\"@type\":\"ListItem\",\"position\":2,\"name\":\"BONCROP FLOW\"}]}]}<\/script>\n<!-- \/ Yoast SEO plugin. -->","yoast_head_json":{"title":"BONCROP FLOW - Austria Praemix","robots":{"index":"index","follow":"follow","max-snippet":"max-snippet:-1","max-image-preview":"max-image-preview:large","max-video-preview":"max-video-preview:-1"},"canonical":"https:\/\/ap.com.al\/?page_id=9376","og_locale":"en_US","og_type":"article","og_title":"BONCROP FLOW - Austria Praemix","og_description":"BONCROP FLOW Biostimulant i l\u00ebngsh\u00ebm p\u00ebr nj\u00eb fillim t\u00eb shpejt\u00eb Me p\u00ebrb\u00ebr\u00ebsit e \u00e7muar t\u00eb alg\u00ebs kafe Ascophyllum nodosum, si dhe aminoacideve dhe acideve humike bimore, boncrop flow aktivizon metabolizmin dhe nxit formimin e rr\u00ebnj\u00ebve. boncrop flow forcon q\u00ebndrueshm\u00ebrin\u00eb natyrale t\u00eb bim\u00ebs dhe siguron bim\u00eb t\u00eb forta, vitale dhe rendiment m\u00eb t\u00eb lart\u00eb. I leht\u00eb [&hellip;]","og_url":"https:\/\/ap.com.al\/?page_id=9376","og_site_name":"Austria Praemix","article_publisher":"https:\/\/www.facebook.com\/austriapraemiks\/","og_image":[{"url":"https:\/\/ap.com.al\/wp-content\/uploads\/2022\/05\/oeko.png"}],"twitter_card":"summary_large_image","twitter_misc":{"Est. reading time":"1 minute"},"schema":{"@context":"https:\/\/schema.org","@graph":[{"@type":"Organization","@id":"https:\/\/ap.com.al\/#organization","name":"Austria Preamix","url":"https:\/\/ap.com.al\/","sameAs":["https:\/\/www.instagram.com\/austriapraemix\/","https:\/\/www.facebook.com\/austriapraemiks\/"],"logo":{"@type":"ImageObject","inLanguage":"en-US","@id":"https:\/\/ap.com.al\/#\/schema\/logo\/image\/","url":"https:\/\/ap.com.al\/wp-content\/uploads\/2022\/02\/AP-logo.png","contentUrl":"https:\/\/ap.com.al\/wp-content\/uploads\/2022\/02\/AP-logo.png","width":3358,"height":1616,"caption":"Austria Preamix"},"image":{"@id":"https:\/\/ap.com.al\/#\/schema\/logo\/image\/"}},{"@type":"WebSite","@id":"https:\/\/ap.com.al\/#website","url":"https:\/\/ap.com.al\/","name":"Austria Praemix","description":"","publisher":{"@id":"https:\/\/ap.com.al\/#organization"},"potentialAction":[{"@type":"SearchAction","target":{"@type":"EntryPoint","urlTemplate":"https:\/\/ap.com.al\/?s={search_term_string}"},"query-input":"required name=search_term_string"}],"inLanguage":"en-US"},{"@type":"ImageObject","inLanguage":"en-US","@id":"https:\/\/ap.com.al\/?page_id=9376#primaryimage","url":"https:\/\/ap.com.al\/wp-content\/uploads\/2022\/05\/oeko.png","contentUrl":"https:\/\/ap.com.al\/wp-content\/uploads\/2022\/05\/oeko.png","width":351,"height":351},{"@type":"WebPage","@id":"https:\/\/ap.com.al\/?page_id=9376#webpage","url":"https:\/\/ap.com.al\/?page_id=9376","name":"BONCROP FLOW - Austria Praemix","isPartOf":{"@id":"https:\/\/ap.com.al\/#website"},"primaryImageOfPage":{"@id":"https:\/\/ap.com.al\/?page_id=9376#primaryimage"},"datePublished":"2025-07-01T07:21:00+00:00","dateModified":"2025-07-01T07:21:00+00:00","breadcrumb":{"@id":"https:\/\/ap.com.al\/?page_id=9376#breadcrumb"},"inLanguage":"en-US","potentialAction":[{"@type":"ReadAction","target":["https:\/\/ap.com.al\/?page_id=9376"]}]},{"@type":"BreadcrumbList","@id":"https:\/\/ap.com.al\/?page_id=9376#breadcrumb","itemListElement":[{"@type":"ListItem","position":1,"name":"Home","item":"https:\/\/ap.com.al\/"},{"@type":"ListItem","position":2,"name":"BONCROP FLOW"}]}]}},"_links":{"self":[{"href":"https:\/\/ap.com.al\/index.php?rest_route=\/wp\/v2\/pages\/9376","targetHints":{"allow":["GET"]}}],"collection":[{"href":"https:\/\/ap.com.al\/index.php?rest_route=\/wp\/v2\/pages"}],"about":[{"href":"https:\/\/ap.com.al\/index.php?rest_route=\/wp\/v2\/types\/page"}],"author":[{"embeddable":true,"href":"https:\/\/ap.com.al\/index.php?rest_route=\/wp\/v2\/users\/2"}],"replies":[{"embeddable":true,"href":"https:\/\/ap.com.al\/index.php?rest_route=%2Fwp%2Fv2%2Fcomments&post=9376"}],"version-history":[{"count":2,"href":"https:\/\/ap.com.al\/index.php?rest_route=\/wp\/v2\/pages\/9376\/revisions"}],"predecessor-version":[{"id":9404,"href":"https:\/\/ap.com.al\/index.php?rest_route=\/wp\/v2\/pages\/9376\/revisions\/9404"}],"wp:attachment":[{"href":"https:\/\/ap.com.al\/index.php?rest_route=%2Fwp%2Fv2%2Fmedia&parent=9376"}],"curies":[{"name":"wp","href":"https:\/\/api.w.org\/{rel}","templated":true}]}}