{"id":9410,"date":"2025-07-03T07:25:23","date_gmt":"2025-07-03T07:25:23","guid":{"rendered":"https:\/\/ap.com.al\/?page_id=9410"},"modified":"2025-07-03T07:29:49","modified_gmt":"2025-07-03T07:29:49","slug":"schaumacid-soft-tretje-e-mire-rritje-e-shendetshme","status":"publish","type":"page","link":"https:\/\/ap.com.al\/?page_id=9410","title":{"rendered":"SchaumaCid Soft \u2013 Tretje e mir\u00eb, rritje e sh\u00ebndetshme"},"content":{"rendered":"\n<p><\/p>\n\n\n\n<p><\/p>\n\n\n\n<style>\n  #oniiii{\n    background-image:url(\"https:\/\/ap.com.al\/wp-content\/uploads\/2025\/07\/Artikull-23.png\");\n    padding-bottom: 32%;\n    background-position:center left;\n    background-repeat: no-repeat;\n    background-size:cover;\n  }\n  <\/style>\n  <script src=\"https:\/\/code.jquery.com\/jquery-3.5.0.js\">\n<\/script>\n\n<div id=\"oniiii\"><\/div>\n \n<script>\n$( \"#oniiii\" ).insertBefore( \".container_wrap_first\" );\n<\/script>\n\n\n\n<div class=\"wp-block-columns\" id=\"containerr\">\n<div class=\"wp-block-column\">\n<div class=\"avia_textblock\" itemprop=\"text\"><h4 style=\"color:#005a8c;\n\">SchaumaCid Soft \u2013 Tretje e mir\u00eb, rritje e sh\u00ebndetshme<\/h4>\n<p align=\"right\">\n   P\u00ebrpunuar nga Klevis Xhardja\n<\/p>\n<\/div>\n<\/div>\n<\/div>\n\n\n\n<div class=\"wp-block-columns\" id=\"containerr\">\n<div class=\"wp-block-column\">\n<div class=\"detail__certificates-item-icon\">\n<img decoding=\"async\" alt=\"SCHAUMALAC M 70 \" src=\"https:\/\/ap.com.al\/wp-content\/uploads\/2022\/03\/Asset-54-1.png\">\n<\/div>\n<\/div>\n<\/div>\n\n\n\n<div class=\"wp-block-columns\" id=\"containerr\">\n<div class=\"wp-block-column\">\n<figure class=\"wp-block-image size-full\"><img loading=\"lazy\" decoding=\"async\" width=\"917\" height=\"453\" src=\"https:\/\/ap.com.al\/wp-content\/uploads\/2025\/07\/image.png\" alt=\"\" class=\"wp-image-9411\" srcset=\"https:\/\/ap.com.al\/wp-content\/uploads\/2025\/07\/image.png 917w, https:\/\/ap.com.al\/wp-content\/uploads\/2025\/07\/image-300x148.png 300w, https:\/\/ap.com.al\/wp-content\/uploads\/2025\/07\/image-768x379.png 768w, https:\/\/ap.com.al\/wp-content\/uploads\/2025\/07\/image-705x348.png 705w, https:\/\/ap.com.al\/wp-content\/uploads\/2025\/07\/image-450x222.png 450w\" sizes=\"auto, (max-width: 917px) 100vw, 917px\" \/><\/figure>\n\n\n\n<div class=\"blue_marker_list\">\n<p align=\"justify\" style=\"margin-bottom: 0;\">Acidi ushqyes SchaumaCid nga Schaumann ka treguar efektet e tij pozitive n\u00eb performanc\u00ebn e gicave pas ndarjes nga gjiri, si dhe gjat\u00eb faz\u00ebs s\u00eb rritjes dhe majm\u00ebris\u00eb s\u00eb derrave. Q\u00ebllimi kryesor i p\u00ebrdorimit t\u00eb SchaumaCid \u00ebsht\u00eb parandalimi i diarres\u00eb dhe optimizimi i funksionit t\u00eb zorr\u00ebve te gicat, t\u00eb cil\u00ebt jan\u00eb ve\u00e7an\u00ebrisht t\u00eb ndjesh\u00ebm ndaj \u00e7rregullimeve t\u00eb tretjes.<\/p>\n<p align=\"justify\" style=\"margin-bottom: 0;\">Efekti i acideve organike \u00ebsht\u00eb m\u00eb i fuqish\u00ebm gjat\u00eb jav\u00ebs s\u00eb par\u00eb pas ndarjes nga gjiri, periudh\u00eb kur sistemi tret\u00ebs nuk \u00ebsht\u00eb ende i zhvilluar plot\u00ebsisht. Sekretimi i pamjaftuesh\u00ebm i acidit klorhidrik dhe enzimave \u00e7on n\u00eb zhvillimin e shtuar t\u00eb baktereve n\u00eb zorr\u00eb, duke ndikuar negativisht n\u00eb zhvillimin dhe performanc\u00ebn e kafsh\u00ebve. Kjo shpjegon edhe ndjeshm\u00ebrin\u00eb e lart\u00eb ndaj problemeve t\u00eb tretjes.<\/p>\n<h4 style=\"padding-top: 20px;\">Fillim i suksessh\u00ebm n\u00eb faz\u00ebn e majm\u00ebris\u00eb<\/h4>\n<p align=\"justify\" style=\"margin-bottom: 0;\">P\u00ebrmes uljes s\u00eb vler\u00ebs s\u00eb pH-s\u00eb dhe reduktimit t\u00eb kapacitetit tamponues t\u00eb racioneve, p\u00ebrmir\u00ebsohet ndjesh\u00ebm tretja e proteinave dhe p\u00ebrthithja e l\u00ebnd\u00ebve ushqyese. Si rezultat, mbeten m\u00eb pak l\u00ebnd\u00eb ushqyese t\u00eb pap\u00ebrthithura n\u00eb traktin tret\u00ebs \u2013 duke kufizuar rritjen e mikroorganizmave t\u00eb pad\u00ebshiruar dhe prodhimin e metabolit\u00ebve t\u00eb tyre. Vet\u00ebm nj\u00eb sistem tret\u00ebs q\u00eb funksionon optimalisht garanton shfryt\u00ebzimin maksimal t\u00eb potencialit t\u00eb rritjes, duke siguruar nj\u00eb fillim t\u00eb mir\u00eb p\u00ebr faz\u00ebn e majm\u00ebris\u00eb q\u00eb pason.<\/p>\n<h4 style=\"padding-top: 20px;\">P\u00ebrdorim n\u00eb ushqimin e l\u00ebngsh\u00ebm<\/h4>\n<p align=\"justify\" style=\"margin-bottom: 0;\">Nj\u00eb fush\u00eb tjet\u00ebr e r\u00ebnd\u00ebsishme aplikimi e SchaumaCid Soft \u00ebsht\u00eb stabilizimi i ushqimit t\u00eb l\u00ebngsh\u00ebm, si n\u00eb rritje, ashtu edhe n\u00eb majm\u00ebri. Q\u00ebllimi \u00ebsht\u00eb krijimi i nj\u00eb mjedisi q\u00eb nxit zhvillimin e mikroorganizmave t\u00eb dobish\u00ebm dhe ndalon shumimin e atyre t\u00eb pad\u00ebshiruar, si: maja, myqe dhe baktere.<\/p>\n<\/div>\n\n\n\n<figure class=\"wp-block-image size-full\"><img loading=\"lazy\" decoding=\"async\" width=\"589\" height=\"291\" src=\"https:\/\/ap.com.al\/wp-content\/uploads\/2025\/07\/image-1.png\" alt=\"\" class=\"wp-image-9412\" srcset=\"https:\/\/ap.com.al\/wp-content\/uploads\/2025\/07\/image-1.png 589w, https:\/\/ap.com.al\/wp-content\/uploads\/2025\/07\/image-1-300x148.png 300w, https:\/\/ap.com.al\/wp-content\/uploads\/2025\/07\/image-1-450x222.png 450w\" sizes=\"auto, (max-width: 589px) 100vw, 589px\" \/><\/figure>\n\n\n\n<div class=\"blue_marker_list\">\n<p align=\"justify\" style=\"margin-bottom: 0;\">SchaumaCid Soft plot\u00ebson profilin veprues t\u00eb acideve ushqimore t\u00eb Schaumann. Fal\u00eb form\u00ebs s\u00eb tij t\u00eb tamponuar, \u00ebsht\u00eb m\u00eb pak korroziv dhe shum\u00eb i sigurt p\u00ebr p\u00ebrdorim. P\u00ebrb\u00ebrja e tij e ve\u00e7ant\u00eb siguron q\u00eb acidi i tamponuar t\u00eb jet\u00eb i disponuesh\u00ebm n\u00eb form\u00eb t\u00eb lir\u00eb edhe n\u00eb faz\u00ebn e l\u00ebngshme. Baza aktive e produktit \u00ebsht\u00eb formiati i amoniumit, i cili siguron nj\u00eb efekt t\u00eb fuqish\u00ebm antimikrobik, n\u00ebp\u00ebrmjet ndryshimit t\u00eb pH-s\u00eb dhe prishjes s\u00eb ekuilibrit biologjik t\u00eb qelizave bakteriale.<\/p>\n<p align=\"justify\" style=\"margin-bottom: 0;\">SchaumaCid Soft, edhe pse me efikasitet t\u00eb ngjash\u00ebm me SchaumaCid-in klasik, klasifikohet si produkt jo i rreziksh\u00ebm. N\u00eb testet e korrozionit, tregoi vet\u00ebm 15% t\u00eb efektit korroziv krahasuar me acidin e past\u00ebr.<\/p>\n<h4 style=\"padding-top: 20px;\">Vlera e pH-it \u00ebsht\u00eb vendimtare<\/h4>\n<p align=\"justify\" style=\"margin-bottom: 0;\">Reduktimi i vler\u00ebs s\u00eb pH-s\u00eb n\u00eb ushqim ndihmon n\u00eb acidifikimin e stomakut dhe stimulon prodhimin natyror t\u00eb acidit klorhidrik. Me p\u00ebrdorimin e 0.2% SchaumaCid Soft n\u00eb ushqimin e l\u00ebngsh\u00ebm, u arrit nj\u00eb ulje e pH-s\u00eb nga 5.4 n\u00eb 4.7 dhe aktiviteti i majave u ndal plot\u00ebsisht.<\/p>\n<p align=\"justify\" style=\"margin-bottom: 0;\">Matja e aktivitetit t\u00eb majave n\u00eb t\u00eb nj\u00ebjt\u00ebn most\u00ebr tregoi nj\u00eb rezultat p\u00ebrkat\u00ebs (shih tabel\u00ebn 1). P\u00ebrdorimi i SchaumaCid Soft ndaloi aktivitetin e majave n\u00eb grupin e ushqimit. N\u00eb krahasim me grupin e kontrollit, aktiviteti i majave mbeti n\u00eb nj\u00eb nivel shum\u00eb t\u00eb ul\u00ebt. Kjo v\u00ebrteton qart\u00eb efektin anti-maj\u00eb t\u00eb acidit t\u00eb tamponuar. P\u00ebrve\u00e7 p\u00ebrfitimeve higjienike t\u00eb SchaumaCid Soft n\u00eb lidhje me p\u00ebrzierjen e ushqimit dhe ushqimin e l\u00ebngsh\u00ebm, priten gjithashtu efekte t\u00eb r\u00ebnd\u00ebsishme pozitive n\u00eb performanc\u00ebn e kafsh\u00ebve<\/p>\n<h4 style=\"padding-top: 20px;\">Performanc\u00eb e p\u00ebrmir\u00ebsuar n\u00eb ushqim dhe rritje<\/h4>\n<p align=\"justify\" style=\"margin-bottom: 0;\">Eksperimentet n\u00eb Qendr\u00ebn K\u00ebrkimore H\u00fclsenberg kan\u00eb treguar p\u00ebrmir\u00ebsime t\u00eb ndjeshme n\u00eb performanc\u00ebn e derrave:<\/p>\n<p align=\"justify\" style=\"margin-bottom: 0;\">P\u00ebrb\u00ebrja e ushqimit t\u00eb p\u00ebrdorur:<\/p>\n<ul style=\"list-style-type: square; padding-left: 1em; margin-bottom: 0;\">\n<li>70,5% drith\u00ebra<\/li>\n<li>22% miell soje (ekstraktim)<\/li>\n<li>2% vaj soje<\/li>\n<li>5% premiks mineral Schaumann<\/li>\n<li>0,5% SchaumaCid Soft<\/li>\n<\/ul>\n<p align=\"justify\" style=\"margin-bottom: 0;\">Rezultatet:<\/p>\n<ul style=\"list-style-type: square; padding-left: 1em; margin-bottom: 0;\">\n<li>pH i ushqimit: 5.6 (kontroll) \u2192 4.9 (me SchaumaCid Soft)<\/li>\n<li>Shtim ditor n\u00eb pesh\u00eb: 461 g (kontroll) \u2192 503 g<\/li>\n<li>aporti i konvertimit t\u00eb ushqimit: 1.73 \u2192 1.57<\/li>\n<\/ul>\n<\/div>\n\n\n\n<figure class=\"wp-block-image size-full\"><img loading=\"lazy\" decoding=\"async\" width=\"445\" height=\"255\" src=\"https:\/\/ap.com.al\/wp-content\/uploads\/2025\/07\/image-2.png\" alt=\"\" class=\"wp-image-9413\" srcset=\"https:\/\/ap.com.al\/wp-content\/uploads\/2025\/07\/image-2.png 445w, https:\/\/ap.com.al\/wp-content\/uploads\/2025\/07\/image-2-300x172.png 300w\" sizes=\"auto, (max-width: 445px) 100vw, 445px\" \/><\/figure>\n\n\n\n<div class=\"blue_marker_list\">\n<h4 style=\"padding-top: 20px;\">P\u00ebrdorime t\u00eb gjera \u2013 edhe te dosat dhe shpend\u00ebt<\/h4>\n<p align=\"justify\" style=\"margin-bottom: 0;\">SchaumaCid Soft \u00ebsht\u00eb efektiv edhe n\u00eb:<\/p>\n<ul style=\"list-style-type: square; padding-left: 1em; margin-bottom: 0;\">\n<li>Ushqimin e dosave, ku ndihmon n\u00eb reduktimin e bakterieve t\u00eb tipit Coli, t\u00eb pranishme zakonisht n\u00eb jasht\u00ebqitje.<\/li>\n<li>Ushqimin e shpend\u00ebve, ku ndihmon n\u00eb ruajtjen e higjien\u00ebs dhe uljen e rrezikut infektiv.<\/li>\n<li>Dezinfektimin e ujit t\u00eb pijsh\u00ebm p\u00ebrmes dozimit t\u00eb kontrolluar.<\/li>\n<\/ul>\n<p align=\"justify\" style=\"margin-bottom: 0;\">Rezultatet:<\/p>\n<ul style=\"list-style-type: square; padding-left: 1em; margin-bottom: 0;\">\n<li>pH i ushqimit: 5.6 (kontroll) \u2192 4.9 (me SchaumaCid Soft)<\/li>\n<li>Shtim ditor n\u00eb pesh\u00eb: 461 g (kontroll) \u2192 503 g<\/li>\n<li>Raporti i konvertimit t\u00eb ushqimit: 1.73 \u2192 1.57<\/li>\n<\/ul>\n<\/div>\n\n\n\n<figure class=\"wp-block-image size-full\"><img loading=\"lazy\" decoding=\"async\" width=\"397\" height=\"198\" src=\"https:\/\/ap.com.al\/wp-content\/uploads\/2025\/07\/image-3.png\" alt=\"\" class=\"wp-image-9414\" srcset=\"https:\/\/ap.com.al\/wp-content\/uploads\/2025\/07\/image-3.png 397w, https:\/\/ap.com.al\/wp-content\/uploads\/2025\/07\/image-3-300x150.png 300w\" sizes=\"auto, (max-width: 397px) 100vw, 397px\" \/><\/figure>\n\n\n\n<div class=\"blue_marker_list\">\n<h4 style=\"padding-top: 20px;\">P\u00ebrmbledhje<\/h4>\n<p align=\"justify\" style=\"margin-bottom: 0;\">Acidet ushqimore t\u00eb Schaumann, p\u00ebrfshir\u00eb SchaumaCid Soft, jan\u00eb ve\u00e7an\u00ebrisht efektive n\u00eb:<\/p>\n<ul style=\"list-style-type: square; padding-left: 1em; margin-bottom: 0;\">\n<li>Parandalimin e diarres\u00eb pas ndarjes nga gjiri<\/li>\n<li>Stabilizimin e flor\u00ebs intestinale dhe funksionit t\u00eb stomakut<\/li>\n<li>Rritjen e performanc\u00ebs dhe sh\u00ebndetit t\u00eb kafsh\u00ebve<\/li>\n<\/ul>\n<p align=\"justify\" style=\"margin-bottom: 0;\">Gicat q\u00eb nuk vuajn\u00eb nga diarreja kan\u00eb kapacitet m\u00eb t\u00eb lart\u00eb p\u00ebr t\u00eb realizuar potencialin e tyre n\u00eb faz\u00ebn e majm\u00ebris\u00eb. SchaumaCid Soft \u00ebsht\u00eb nj\u00eb zgjidhje efikase, e sigurt dhe me spekt\u00ebr t\u00eb gjer\u00eb p\u00ebrdorimi.<\/p>\n<\/div>\n<\/div>\n<\/div>\n\n\n\n<p><\/p>\n","protected":false},"excerpt":{"rendered":"<p>SchaumaCid Soft \u2013 Tretje e mir\u00eb, rritje e sh\u00ebndetshme P\u00ebrpunuar nga Klevis Xhardja Acidi ushqyes SchaumaCid nga Schaumann ka treguar efektet e tij pozitive n\u00eb performanc\u00ebn e gicave pas ndarjes nga gjiri, si dhe gjat\u00eb faz\u00ebs s\u00eb rritjes dhe majm\u00ebris\u00eb s\u00eb derrave. Q\u00ebllimi kryesor i p\u00ebrdorimit t\u00eb SchaumaCid \u00ebsht\u00eb parandalimi i diarres\u00eb dhe optimizimi i [&hellip;]<\/p>\n","protected":false},"author":2,"featured_media":0,"parent":0,"menu_order":0,"comment_status":"closed","ping_status":"closed","template":"","meta":{"inline_featured_image":false,"footnotes":""},"class_list":["post-9410","page","type-page","status-publish","hentry"],"yoast_head":"<!-- This site is optimized with the Yoast SEO plugin v18.9 - https:\/\/yoast.com\/wordpress\/plugins\/seo\/ -->\n<title>SchaumaCid Soft \u2013 Tretje e mir\u00eb, rritje e sh\u00ebndetshme - Austria Praemix<\/title>\n<meta name=\"robots\" content=\"index, follow, max-snippet:-1, max-image-preview:large, max-video-preview:-1\" \/>\n<link rel=\"canonical\" href=\"https:\/\/ap.com.al\/?page_id=9410\" \/>\n<meta property=\"og:locale\" content=\"en_US\" \/>\n<meta property=\"og:type\" content=\"article\" \/>\n<meta property=\"og:title\" content=\"SchaumaCid Soft \u2013 Tretje e mir\u00eb, rritje e sh\u00ebndetshme - Austria Praemix\" \/>\n<meta property=\"og:description\" content=\"SchaumaCid Soft \u2013 Tretje e mir\u00eb, rritje e sh\u00ebndetshme P\u00ebrpunuar nga Klevis Xhardja Acidi ushqyes SchaumaCid nga Schaumann ka treguar efektet e tij pozitive n\u00eb performanc\u00ebn e gicave pas ndarjes nga gjiri, si dhe gjat\u00eb faz\u00ebs s\u00eb rritjes dhe majm\u00ebris\u00eb s\u00eb derrave. Q\u00ebllimi kryesor i p\u00ebrdorimit t\u00eb SchaumaCid \u00ebsht\u00eb parandalimi i diarres\u00eb dhe optimizimi i [&hellip;]\" \/>\n<meta property=\"og:url\" content=\"https:\/\/ap.com.al\/?page_id=9410\" \/>\n<meta property=\"og:site_name\" content=\"Austria Praemix\" \/>\n<meta property=\"article:publisher\" content=\"https:\/\/www.facebook.com\/austriapraemiks\/\" \/>\n<meta property=\"article:modified_time\" content=\"2025-07-03T07:29:49+00:00\" \/>\n<meta property=\"og:image\" content=\"https:\/\/ap.com.al\/wp-content\/uploads\/2022\/03\/Asset-54-1.png\" \/>\n<meta name=\"twitter:card\" content=\"summary_large_image\" \/>\n<meta name=\"twitter:label1\" content=\"Est. reading time\" \/>\n\t<meta name=\"twitter:data1\" content=\"1 minute\" \/>\n<script type=\"application\/ld+json\" class=\"yoast-schema-graph\">{\"@context\":\"https:\/\/schema.org\",\"@graph\":[{\"@type\":\"Organization\",\"@id\":\"https:\/\/ap.com.al\/#organization\",\"name\":\"Austria Preamix\",\"url\":\"https:\/\/ap.com.al\/\",\"sameAs\":[\"https:\/\/www.instagram.com\/austriapraemix\/\",\"https:\/\/www.facebook.com\/austriapraemiks\/\"],\"logo\":{\"@type\":\"ImageObject\",\"inLanguage\":\"en-US\",\"@id\":\"https:\/\/ap.com.al\/#\/schema\/logo\/image\/\",\"url\":\"https:\/\/ap.com.al\/wp-content\/uploads\/2022\/02\/AP-logo.png\",\"contentUrl\":\"https:\/\/ap.com.al\/wp-content\/uploads\/2022\/02\/AP-logo.png\",\"width\":3358,\"height\":1616,\"caption\":\"Austria Preamix\"},\"image\":{\"@id\":\"https:\/\/ap.com.al\/#\/schema\/logo\/image\/\"}},{\"@type\":\"WebSite\",\"@id\":\"https:\/\/ap.com.al\/#website\",\"url\":\"https:\/\/ap.com.al\/\",\"name\":\"Austria Praemix\",\"description\":\"\",\"publisher\":{\"@id\":\"https:\/\/ap.com.al\/#organization\"},\"potentialAction\":[{\"@type\":\"SearchAction\",\"target\":{\"@type\":\"EntryPoint\",\"urlTemplate\":\"https:\/\/ap.com.al\/?s={search_term_string}\"},\"query-input\":\"required name=search_term_string\"}],\"inLanguage\":\"en-US\"},{\"@type\":\"ImageObject\",\"inLanguage\":\"en-US\",\"@id\":\"https:\/\/ap.com.al\/?page_id=9410#primaryimage\",\"url\":\"https:\/\/ap.com.al\/wp-content\/uploads\/2022\/03\/Asset-54-1.png\",\"contentUrl\":\"https:\/\/ap.com.al\/wp-content\/uploads\/2022\/03\/Asset-54-1.png\",\"width\":355,\"height\":354},{\"@type\":\"WebPage\",\"@id\":\"https:\/\/ap.com.al\/?page_id=9410#webpage\",\"url\":\"https:\/\/ap.com.al\/?page_id=9410\",\"name\":\"SchaumaCid Soft \u2013 Tretje e mir\u00eb, rritje e sh\u00ebndetshme - Austria Praemix\",\"isPartOf\":{\"@id\":\"https:\/\/ap.com.al\/#website\"},\"primaryImageOfPage\":{\"@id\":\"https:\/\/ap.com.al\/?page_id=9410#primaryimage\"},\"datePublished\":\"2025-07-03T07:25:23+00:00\",\"dateModified\":\"2025-07-03T07:29:49+00:00\",\"breadcrumb\":{\"@id\":\"https:\/\/ap.com.al\/?page_id=9410#breadcrumb\"},\"inLanguage\":\"en-US\",\"potentialAction\":[{\"@type\":\"ReadAction\",\"target\":[\"https:\/\/ap.com.al\/?page_id=9410\"]}]},{\"@type\":\"BreadcrumbList\",\"@id\":\"https:\/\/ap.com.al\/?page_id=9410#breadcrumb\",\"itemListElement\":[{\"@type\":\"ListItem\",\"position\":1,\"name\":\"Home\",\"item\":\"https:\/\/ap.com.al\/\"},{\"@type\":\"ListItem\",\"position\":2,\"name\":\"SchaumaCid Soft \u2013 Tretje e mir\u00eb, rritje e sh\u00ebndetshme\"}]}]}<\/script>\n<!-- \/ Yoast SEO plugin. -->","yoast_head_json":{"title":"SchaumaCid Soft \u2013 Tretje e mir\u00eb, rritje e sh\u00ebndetshme - Austria Praemix","robots":{"index":"index","follow":"follow","max-snippet":"max-snippet:-1","max-image-preview":"max-image-preview:large","max-video-preview":"max-video-preview:-1"},"canonical":"https:\/\/ap.com.al\/?page_id=9410","og_locale":"en_US","og_type":"article","og_title":"SchaumaCid Soft \u2013 Tretje e mir\u00eb, rritje e sh\u00ebndetshme - Austria Praemix","og_description":"SchaumaCid Soft \u2013 Tretje e mir\u00eb, rritje e sh\u00ebndetshme P\u00ebrpunuar nga Klevis Xhardja Acidi ushqyes SchaumaCid nga Schaumann ka treguar efektet e tij pozitive n\u00eb performanc\u00ebn e gicave pas ndarjes nga gjiri, si dhe gjat\u00eb faz\u00ebs s\u00eb rritjes dhe majm\u00ebris\u00eb s\u00eb derrave. Q\u00ebllimi kryesor i p\u00ebrdorimit t\u00eb SchaumaCid \u00ebsht\u00eb parandalimi i diarres\u00eb dhe optimizimi i [&hellip;]","og_url":"https:\/\/ap.com.al\/?page_id=9410","og_site_name":"Austria Praemix","article_publisher":"https:\/\/www.facebook.com\/austriapraemiks\/","article_modified_time":"2025-07-03T07:29:49+00:00","og_image":[{"url":"https:\/\/ap.com.al\/wp-content\/uploads\/2022\/03\/Asset-54-1.png"}],"twitter_card":"summary_large_image","twitter_misc":{"Est. reading time":"1 minute"},"schema":{"@context":"https:\/\/schema.org","@graph":[{"@type":"Organization","@id":"https:\/\/ap.com.al\/#organization","name":"Austria Preamix","url":"https:\/\/ap.com.al\/","sameAs":["https:\/\/www.instagram.com\/austriapraemix\/","https:\/\/www.facebook.com\/austriapraemiks\/"],"logo":{"@type":"ImageObject","inLanguage":"en-US","@id":"https:\/\/ap.com.al\/#\/schema\/logo\/image\/","url":"https:\/\/ap.com.al\/wp-content\/uploads\/2022\/02\/AP-logo.png","contentUrl":"https:\/\/ap.com.al\/wp-content\/uploads\/2022\/02\/AP-logo.png","width":3358,"height":1616,"caption":"Austria Preamix"},"image":{"@id":"https:\/\/ap.com.al\/#\/schema\/logo\/image\/"}},{"@type":"WebSite","@id":"https:\/\/ap.com.al\/#website","url":"https:\/\/ap.com.al\/","name":"Austria Praemix","description":"","publisher":{"@id":"https:\/\/ap.com.al\/#organization"},"potentialAction":[{"@type":"SearchAction","target":{"@type":"EntryPoint","urlTemplate":"https:\/\/ap.com.al\/?s={search_term_string}"},"query-input":"required name=search_term_string"}],"inLanguage":"en-US"},{"@type":"ImageObject","inLanguage":"en-US","@id":"https:\/\/ap.com.al\/?page_id=9410#primaryimage","url":"https:\/\/ap.com.al\/wp-content\/uploads\/2022\/03\/Asset-54-1.png","contentUrl":"https:\/\/ap.com.al\/wp-content\/uploads\/2022\/03\/Asset-54-1.png","width":355,"height":354},{"@type":"WebPage","@id":"https:\/\/ap.com.al\/?page_id=9410#webpage","url":"https:\/\/ap.com.al\/?page_id=9410","name":"SchaumaCid Soft \u2013 Tretje e mir\u00eb, rritje e sh\u00ebndetshme - Austria Praemix","isPartOf":{"@id":"https:\/\/ap.com.al\/#website"},"primaryImageOfPage":{"@id":"https:\/\/ap.com.al\/?page_id=9410#primaryimage"},"datePublished":"2025-07-03T07:25:23+00:00","dateModified":"2025-07-03T07:29:49+00:00","breadcrumb":{"@id":"https:\/\/ap.com.al\/?page_id=9410#breadcrumb"},"inLanguage":"en-US","potentialAction":[{"@type":"ReadAction","target":["https:\/\/ap.com.al\/?page_id=9410"]}]},{"@type":"BreadcrumbList","@id":"https:\/\/ap.com.al\/?page_id=9410#breadcrumb","itemListElement":[{"@type":"ListItem","position":1,"name":"Home","item":"https:\/\/ap.com.al\/"},{"@type":"ListItem","position":2,"name":"SchaumaCid Soft \u2013 Tretje e mir\u00eb, rritje e sh\u00ebndetshme"}]}]}},"_links":{"self":[{"href":"https:\/\/ap.com.al\/index.php?rest_route=\/wp\/v2\/pages\/9410","targetHints":{"allow":["GET"]}}],"collection":[{"href":"https:\/\/ap.com.al\/index.php?rest_route=\/wp\/v2\/pages"}],"about":[{"href":"https:\/\/ap.com.al\/index.php?rest_route=\/wp\/v2\/types\/page"}],"author":[{"embeddable":true,"href":"https:\/\/ap.com.al\/index.php?rest_route=\/wp\/v2\/users\/2"}],"replies":[{"embeddable":true,"href":"https:\/\/ap.com.al\/index.php?rest_route=%2Fwp%2Fv2%2Fcomments&post=9410"}],"version-history":[{"count":3,"href":"https:\/\/ap.com.al\/index.php?rest_route=\/wp\/v2\/pages\/9410\/revisions"}],"predecessor-version":[{"id":9418,"href":"https:\/\/ap.com.al\/index.php?rest_route=\/wp\/v2\/pages\/9410\/revisions\/9418"}],"wp:attachment":[{"href":"https:\/\/ap.com.al\/index.php?rest_route=%2Fwp%2Fv2%2Fmedia&parent=9410"}],"curies":[{"name":"wp","href":"https:\/\/api.w.org\/{rel}","templated":true}]}}