{"id":9421,"date":"2025-07-04T05:43:02","date_gmt":"2025-07-04T05:43:02","guid":{"rendered":"https:\/\/ap.com.al\/?page_id=9421"},"modified":"2025-07-04T05:43:03","modified_gmt":"2025-07-04T05:43:03","slug":"stresi-nga-temperaturat-e-larta-ndikimi-ne-numrin-e-qelizave-somatike-dhe-shendetin-e-thundrave","status":"publish","type":"page","link":"https:\/\/ap.com.al\/?page_id=9421","title":{"rendered":"Stresi nga temperaturat e larta: ndikimi n\u00eb numrin e qelizave somatike dhe sh\u00ebndetin e thundrave"},"content":{"rendered":"\n<style>\n  #oniiii{\n    background-image:url(\"https:\/\/ap.com.al\/wp-content\/uploads\/2025\/07\/Artikull-24.png\");\n    padding-bottom: 32%;\n    background-position:center center;\n    background-repeat: no-repeat;\n    background-size:cover;\n  }\n  <\/style>\n  <script src=\"https:\/\/code.jquery.com\/jquery-3.5.0.js\">\n<\/script>\n\n<div id=\"oniiii\"><\/div>\n \n<script>\n$( \"#oniiii\" ).insertBefore( \".container_wrap_first\" );\n<\/script>\n\n\n\n<div class=\"wp-block-columns\" id=\"containerr\">\n<div class=\"wp-block-column\">\n<div class=\"avia_textblock\" itemprop=\"text\"><h4 style=\"color:#005a8c;\n\">Stresi nga temperaturat e larta: ndikimi n\u00eb numrin e qelizave somatike dhe sh\u00ebndetin e thundrave<\/h4>\n<p align=\"right\">\n   P\u00ebrpunuar nga Klevis Xhardja\n<\/p>\n<\/div>\n<\/div>\n<\/div>\n\n\n\n<div class=\"wp-block-columns\" id=\"containerr\">\n<div class=\"wp-block-column\">\n<div class=\"detail__certificates-item-icon\">\n<img decoding=\"async\" alt=\"Icon RINDAMAST UNI\" src=\"https:\/\/ap.com.al\/wp-content\/uploads\/2022\/03\/Asset-51-1.png\">\n<\/div>\n<\/div>\n<\/div>\n\n\n\n<div class=\"wp-block-columns\" id=\"containerr\">\n<div class=\"wp-block-column\">\n<div class=\"blue_marker_list\">\n<p align=\"justify\">Stresi nga temperaturat e larta konsiderohet nj\u00eb problem serioz, me simptoma q\u00eb mund t\u00eb shfaqen edhe muaj pasi temperaturat t\u00eb ken\u00eb r\u00ebn\u00eb. Ekspozimi afatgjat\u00eb ndaj nxeht\u00ebsis\u00eb mund t\u00eb ket\u00eb nj\u00eb s\u00ebr\u00eb efektesh negative, duke p\u00ebrfshir\u00eb uljen e prodhimit t\u00eb qum\u00ebshtit, pjellorin\u00eb e ul\u00ebt dhe rritjen e problemeve sh\u00ebndet\u00ebsore. Stresi nga temperaturat e larta nuk ndikohet vet\u00ebm nga temperaturat e larta, por edhe nga kombinimi i temperatur\u00ebs dhe lag\u00ebshtis\u00eb (shih grafikun m\u00eb posht\u00eb).<\/p>\n<\/div>\n\n\n\n<figure class=\"wp-block-image size-full\"><img loading=\"lazy\" decoding=\"async\" width=\"582\" height=\"341\" src=\"https:\/\/ap.com.al\/wp-content\/uploads\/2025\/07\/image-4.png\" alt=\"\" class=\"wp-image-9422\" srcset=\"https:\/\/ap.com.al\/wp-content\/uploads\/2025\/07\/image-4.png 582w, https:\/\/ap.com.al\/wp-content\/uploads\/2025\/07\/image-4-300x176.png 300w, https:\/\/ap.com.al\/wp-content\/uploads\/2025\/07\/image-4-450x264.png 450w\" sizes=\"auto, (max-width: 582px) 100vw, 582px\" \/><\/figure>\n\n\n\n<figure class=\"wp-block-image size-full\"><img loading=\"lazy\" decoding=\"async\" width=\"579\" height=\"365\" src=\"https:\/\/ap.com.al\/wp-content\/uploads\/2025\/07\/image-5.png\" alt=\"\" class=\"wp-image-9423\" srcset=\"https:\/\/ap.com.al\/wp-content\/uploads\/2025\/07\/image-5.png 579w, https:\/\/ap.com.al\/wp-content\/uploads\/2025\/07\/image-5-300x189.png 300w, https:\/\/ap.com.al\/wp-content\/uploads\/2025\/07\/image-5-450x284.png 450w\" sizes=\"auto, (max-width: 579px) 100vw, 579px\" \/><\/figure>\n\n\n\n<div class=\"blue_marker_list\">\n<p align=\"justify\">Statistikat e LKV Schleswig-Holstein tregojn\u00eb se si stina ndikon n\u00eb numrin e qelizave somatike n\u00eb qum\u00ebsht. Numri i qelizave somatike n\u00eb qum\u00ebsht rritet gjat\u00eb ver\u00ebs dhe bie n\u00eb vjesht\u00eb, dim\u00ebr dhe pranver\u00eb.<\/p>\n<\/div>\n\n\n\n<figure class=\"wp-block-image size-full\"><img loading=\"lazy\" decoding=\"async\" width=\"591\" height=\"348\" src=\"https:\/\/ap.com.al\/wp-content\/uploads\/2025\/07\/image-6.png\" alt=\"\" class=\"wp-image-9424\" srcset=\"https:\/\/ap.com.al\/wp-content\/uploads\/2025\/07\/image-6.png 591w, https:\/\/ap.com.al\/wp-content\/uploads\/2025\/07\/image-6-300x177.png 300w, https:\/\/ap.com.al\/wp-content\/uploads\/2025\/07\/image-6-450x265.png 450w\" sizes=\"auto, (max-width: 591px) 100vw, 591px\" \/><\/figure>\n\n\n\n<div class=\"blue_marker_list\">\n<p align=\"justify\">Hulumtimet n\u00eb Universitetin e Misurit, SHBA tregojn\u00eb se lop\u00ebt e ekspozuara ndaj stresit t\u00eb nxeht\u00ebsis\u00eb kan\u00eb nj\u00eb pH m\u00eb t\u00eb ul\u00ebt t\u00eb rumenit sesa lop\u00ebt e ekspozuara ndaj temperaturave m\u00eb t\u00eb ul\u00ebta.<\/p>\n<\/div>\n\n\n\n<figure class=\"wp-block-image size-full\"><img loading=\"lazy\" decoding=\"async\" width=\"568\" height=\"366\" src=\"https:\/\/ap.com.al\/wp-content\/uploads\/2025\/07\/image-7.png\" alt=\"\" class=\"wp-image-9425\" srcset=\"https:\/\/ap.com.al\/wp-content\/uploads\/2025\/07\/image-7.png 568w, https:\/\/ap.com.al\/wp-content\/uploads\/2025\/07\/image-7-300x193.png 300w, https:\/\/ap.com.al\/wp-content\/uploads\/2025\/07\/image-7-450x290.png 450w\" sizes=\"auto, (max-width: 568px) 100vw, 568px\" \/><\/figure>\n\n\n\n<figure class=\"wp-block-image size-full is-resized\"><img loading=\"lazy\" decoding=\"async\" width=\"286\" height=\"364\" src=\"https:\/\/ap.com.al\/wp-content\/uploads\/2025\/07\/image-8.png\" alt=\"\" class=\"wp-image-9426\" style=\"width:372px;height:auto\" srcset=\"https:\/\/ap.com.al\/wp-content\/uploads\/2025\/07\/image-8.png 286w, https:\/\/ap.com.al\/wp-content\/uploads\/2025\/07\/image-8-236x300.png 236w\" sizes=\"auto, (max-width: 286px) 100vw, 286px\" \/><\/figure>\n<\/div>\n<\/div>\n\n\n\n<p><\/p>\n","protected":false},"excerpt":{"rendered":"<p>Stresi nga temperaturat e larta: ndikimi n\u00eb numrin e qelizave somatike dhe sh\u00ebndetin e thundrave P\u00ebrpunuar nga Klevis Xhardja Stresi nga temperaturat e larta konsiderohet nj\u00eb problem serioz, me simptoma q\u00eb mund t\u00eb shfaqen edhe muaj pasi temperaturat t\u00eb ken\u00eb r\u00ebn\u00eb. Ekspozimi afatgjat\u00eb ndaj nxeht\u00ebsis\u00eb mund t\u00eb ket\u00eb nj\u00eb s\u00ebr\u00eb efektesh negative, duke p\u00ebrfshir\u00eb uljen [&hellip;]<\/p>\n","protected":false},"author":2,"featured_media":0,"parent":0,"menu_order":0,"comment_status":"closed","ping_status":"closed","template":"","meta":{"inline_featured_image":false,"footnotes":""},"class_list":["post-9421","page","type-page","status-publish","hentry"],"yoast_head":"<!-- This site is optimized with the Yoast SEO plugin v18.9 - https:\/\/yoast.com\/wordpress\/plugins\/seo\/ -->\n<title>Stresi nga temperaturat e larta: ndikimi n\u00eb numrin e qelizave somatike dhe sh\u00ebndetin e thundrave - Austria Praemix<\/title>\n<meta name=\"robots\" content=\"index, follow, max-snippet:-1, max-image-preview:large, max-video-preview:-1\" \/>\n<link rel=\"canonical\" href=\"https:\/\/ap.com.al\/?page_id=9421\" \/>\n<meta property=\"og:locale\" content=\"en_US\" \/>\n<meta property=\"og:type\" content=\"article\" \/>\n<meta property=\"og:title\" content=\"Stresi nga temperaturat e larta: ndikimi n\u00eb numrin e qelizave somatike dhe sh\u00ebndetin e thundrave - Austria Praemix\" \/>\n<meta property=\"og:description\" content=\"Stresi nga temperaturat e larta: ndikimi n\u00eb numrin e qelizave somatike dhe sh\u00ebndetin e thundrave P\u00ebrpunuar nga Klevis Xhardja Stresi nga temperaturat e larta konsiderohet nj\u00eb problem serioz, me simptoma q\u00eb mund t\u00eb shfaqen edhe muaj pasi temperaturat t\u00eb ken\u00eb r\u00ebn\u00eb. Ekspozimi afatgjat\u00eb ndaj nxeht\u00ebsis\u00eb mund t\u00eb ket\u00eb nj\u00eb s\u00ebr\u00eb efektesh negative, duke p\u00ebrfshir\u00eb uljen [&hellip;]\" \/>\n<meta property=\"og:url\" content=\"https:\/\/ap.com.al\/?page_id=9421\" \/>\n<meta property=\"og:site_name\" content=\"Austria Praemix\" \/>\n<meta property=\"article:publisher\" content=\"https:\/\/www.facebook.com\/austriapraemiks\/\" \/>\n<meta property=\"article:modified_time\" content=\"2025-07-04T05:43:03+00:00\" \/>\n<meta property=\"og:image\" content=\"https:\/\/ap.com.al\/wp-content\/uploads\/2022\/03\/Asset-51-1.png\" \/>\n<meta name=\"twitter:card\" content=\"summary_large_image\" \/>\n<meta name=\"twitter:label1\" content=\"Est. reading time\" \/>\n\t<meta name=\"twitter:data1\" content=\"1 minute\" \/>\n<script type=\"application\/ld+json\" class=\"yoast-schema-graph\">{\"@context\":\"https:\/\/schema.org\",\"@graph\":[{\"@type\":\"Organization\",\"@id\":\"https:\/\/ap.com.al\/#organization\",\"name\":\"Austria Preamix\",\"url\":\"https:\/\/ap.com.al\/\",\"sameAs\":[\"https:\/\/www.instagram.com\/austriapraemix\/\",\"https:\/\/www.facebook.com\/austriapraemiks\/\"],\"logo\":{\"@type\":\"ImageObject\",\"inLanguage\":\"en-US\",\"@id\":\"https:\/\/ap.com.al\/#\/schema\/logo\/image\/\",\"url\":\"https:\/\/ap.com.al\/wp-content\/uploads\/2022\/02\/AP-logo.png\",\"contentUrl\":\"https:\/\/ap.com.al\/wp-content\/uploads\/2022\/02\/AP-logo.png\",\"width\":3358,\"height\":1616,\"caption\":\"Austria Preamix\"},\"image\":{\"@id\":\"https:\/\/ap.com.al\/#\/schema\/logo\/image\/\"}},{\"@type\":\"WebSite\",\"@id\":\"https:\/\/ap.com.al\/#website\",\"url\":\"https:\/\/ap.com.al\/\",\"name\":\"Austria Praemix\",\"description\":\"\",\"publisher\":{\"@id\":\"https:\/\/ap.com.al\/#organization\"},\"potentialAction\":[{\"@type\":\"SearchAction\",\"target\":{\"@type\":\"EntryPoint\",\"urlTemplate\":\"https:\/\/ap.com.al\/?s={search_term_string}\"},\"query-input\":\"required name=search_term_string\"}],\"inLanguage\":\"en-US\"},{\"@type\":\"ImageObject\",\"inLanguage\":\"en-US\",\"@id\":\"https:\/\/ap.com.al\/?page_id=9421#primaryimage\",\"url\":\"https:\/\/ap.com.al\/wp-content\/uploads\/2022\/03\/Asset-51-1.png\",\"contentUrl\":\"https:\/\/ap.com.al\/wp-content\/uploads\/2022\/03\/Asset-51-1.png\",\"width\":355,\"height\":354},{\"@type\":\"WebPage\",\"@id\":\"https:\/\/ap.com.al\/?page_id=9421#webpage\",\"url\":\"https:\/\/ap.com.al\/?page_id=9421\",\"name\":\"Stresi nga temperaturat e larta: ndikimi n\u00eb numrin e qelizave somatike dhe sh\u00ebndetin e thundrave - Austria Praemix\",\"isPartOf\":{\"@id\":\"https:\/\/ap.com.al\/#website\"},\"primaryImageOfPage\":{\"@id\":\"https:\/\/ap.com.al\/?page_id=9421#primaryimage\"},\"datePublished\":\"2025-07-04T05:43:02+00:00\",\"dateModified\":\"2025-07-04T05:43:03+00:00\",\"breadcrumb\":{\"@id\":\"https:\/\/ap.com.al\/?page_id=9421#breadcrumb\"},\"inLanguage\":\"en-US\",\"potentialAction\":[{\"@type\":\"ReadAction\",\"target\":[\"https:\/\/ap.com.al\/?page_id=9421\"]}]},{\"@type\":\"BreadcrumbList\",\"@id\":\"https:\/\/ap.com.al\/?page_id=9421#breadcrumb\",\"itemListElement\":[{\"@type\":\"ListItem\",\"position\":1,\"name\":\"Home\",\"item\":\"https:\/\/ap.com.al\/\"},{\"@type\":\"ListItem\",\"position\":2,\"name\":\"Stresi nga temperaturat e larta: ndikimi n\u00eb numrin e qelizave somatike dhe sh\u00ebndetin e thundrave\"}]}]}<\/script>\n<!-- \/ Yoast SEO plugin. -->","yoast_head_json":{"title":"Stresi nga temperaturat e larta: ndikimi n\u00eb numrin e qelizave somatike dhe sh\u00ebndetin e thundrave - Austria Praemix","robots":{"index":"index","follow":"follow","max-snippet":"max-snippet:-1","max-image-preview":"max-image-preview:large","max-video-preview":"max-video-preview:-1"},"canonical":"https:\/\/ap.com.al\/?page_id=9421","og_locale":"en_US","og_type":"article","og_title":"Stresi nga temperaturat e larta: ndikimi n\u00eb numrin e qelizave somatike dhe sh\u00ebndetin e thundrave - Austria Praemix","og_description":"Stresi nga temperaturat e larta: ndikimi n\u00eb numrin e qelizave somatike dhe sh\u00ebndetin e thundrave P\u00ebrpunuar nga Klevis Xhardja Stresi nga temperaturat e larta konsiderohet nj\u00eb problem serioz, me simptoma q\u00eb mund t\u00eb shfaqen edhe muaj pasi temperaturat t\u00eb ken\u00eb r\u00ebn\u00eb. Ekspozimi afatgjat\u00eb ndaj nxeht\u00ebsis\u00eb mund t\u00eb ket\u00eb nj\u00eb s\u00ebr\u00eb efektesh negative, duke p\u00ebrfshir\u00eb uljen [&hellip;]","og_url":"https:\/\/ap.com.al\/?page_id=9421","og_site_name":"Austria Praemix","article_publisher":"https:\/\/www.facebook.com\/austriapraemiks\/","article_modified_time":"2025-07-04T05:43:03+00:00","og_image":[{"url":"https:\/\/ap.com.al\/wp-content\/uploads\/2022\/03\/Asset-51-1.png"}],"twitter_card":"summary_large_image","twitter_misc":{"Est. reading time":"1 minute"},"schema":{"@context":"https:\/\/schema.org","@graph":[{"@type":"Organization","@id":"https:\/\/ap.com.al\/#organization","name":"Austria Preamix","url":"https:\/\/ap.com.al\/","sameAs":["https:\/\/www.instagram.com\/austriapraemix\/","https:\/\/www.facebook.com\/austriapraemiks\/"],"logo":{"@type":"ImageObject","inLanguage":"en-US","@id":"https:\/\/ap.com.al\/#\/schema\/logo\/image\/","url":"https:\/\/ap.com.al\/wp-content\/uploads\/2022\/02\/AP-logo.png","contentUrl":"https:\/\/ap.com.al\/wp-content\/uploads\/2022\/02\/AP-logo.png","width":3358,"height":1616,"caption":"Austria Preamix"},"image":{"@id":"https:\/\/ap.com.al\/#\/schema\/logo\/image\/"}},{"@type":"WebSite","@id":"https:\/\/ap.com.al\/#website","url":"https:\/\/ap.com.al\/","name":"Austria Praemix","description":"","publisher":{"@id":"https:\/\/ap.com.al\/#organization"},"potentialAction":[{"@type":"SearchAction","target":{"@type":"EntryPoint","urlTemplate":"https:\/\/ap.com.al\/?s={search_term_string}"},"query-input":"required name=search_term_string"}],"inLanguage":"en-US"},{"@type":"ImageObject","inLanguage":"en-US","@id":"https:\/\/ap.com.al\/?page_id=9421#primaryimage","url":"https:\/\/ap.com.al\/wp-content\/uploads\/2022\/03\/Asset-51-1.png","contentUrl":"https:\/\/ap.com.al\/wp-content\/uploads\/2022\/03\/Asset-51-1.png","width":355,"height":354},{"@type":"WebPage","@id":"https:\/\/ap.com.al\/?page_id=9421#webpage","url":"https:\/\/ap.com.al\/?page_id=9421","name":"Stresi nga temperaturat e larta: ndikimi n\u00eb numrin e qelizave somatike dhe sh\u00ebndetin e thundrave - Austria Praemix","isPartOf":{"@id":"https:\/\/ap.com.al\/#website"},"primaryImageOfPage":{"@id":"https:\/\/ap.com.al\/?page_id=9421#primaryimage"},"datePublished":"2025-07-04T05:43:02+00:00","dateModified":"2025-07-04T05:43:03+00:00","breadcrumb":{"@id":"https:\/\/ap.com.al\/?page_id=9421#breadcrumb"},"inLanguage":"en-US","potentialAction":[{"@type":"ReadAction","target":["https:\/\/ap.com.al\/?page_id=9421"]}]},{"@type":"BreadcrumbList","@id":"https:\/\/ap.com.al\/?page_id=9421#breadcrumb","itemListElement":[{"@type":"ListItem","position":1,"name":"Home","item":"https:\/\/ap.com.al\/"},{"@type":"ListItem","position":2,"name":"Stresi nga temperaturat e larta: ndikimi n\u00eb numrin e qelizave somatike dhe sh\u00ebndetin e thundrave"}]}]}},"_links":{"self":[{"href":"https:\/\/ap.com.al\/index.php?rest_route=\/wp\/v2\/pages\/9421","targetHints":{"allow":["GET"]}}],"collection":[{"href":"https:\/\/ap.com.al\/index.php?rest_route=\/wp\/v2\/pages"}],"about":[{"href":"https:\/\/ap.com.al\/index.php?rest_route=\/wp\/v2\/types\/page"}],"author":[{"embeddable":true,"href":"https:\/\/ap.com.al\/index.php?rest_route=\/wp\/v2\/users\/2"}],"replies":[{"embeddable":true,"href":"https:\/\/ap.com.al\/index.php?rest_route=%2Fwp%2Fv2%2Fcomments&post=9421"}],"version-history":[{"count":3,"href":"https:\/\/ap.com.al\/index.php?rest_route=\/wp\/v2\/pages\/9421\/revisions"}],"predecessor-version":[{"id":9430,"href":"https:\/\/ap.com.al\/index.php?rest_route=\/wp\/v2\/pages\/9421\/revisions\/9430"}],"wp:attachment":[{"href":"https:\/\/ap.com.al\/index.php?rest_route=%2Fwp%2Fv2%2Fmedia&parent=9421"}],"curies":[{"name":"wp","href":"https:\/\/api.w.org\/{rel}","templated":true}]}}