{"id":9434,"date":"2025-07-09T06:14:57","date_gmt":"2025-07-09T06:14:57","guid":{"rendered":"https:\/\/ap.com.al\/?page_id=9434"},"modified":"2025-07-09T06:14:57","modified_gmt":"2025-07-09T06:14:57","slug":"elemente-gjurme-per-performance-maksimale","status":"publish","type":"page","link":"https:\/\/ap.com.al\/?page_id=9434","title":{"rendered":"Element\u00eb gjurm\u00eb p\u00ebr performanc\u00eb maksimale"},"content":{"rendered":"\n<p><\/p>\n\n\n\n<p><\/p>\n\n\n\n<style>\n  #oniiii{\n    background-image:url(\"https:\/\/ap.com.al\/wp-content\/uploads\/2025\/07\/Artikull-25.png\");\n    padding-bottom: 32%;\n    background-position:center left;\n    background-repeat: no-repeat;\n    background-size:cover;\n  }\n  <\/style>\n  <script src=\"https:\/\/code.jquery.com\/jquery-3.5.0.js\">\n<\/script>\n\n<div id=\"oniiii\"><\/div>\n \n<script>\n$( \"#oniiii\" ).insertBefore( \".container_wrap_first\" );\n<\/script>\n\n\n\n<div class=\"wp-block-columns\" id=\"containerr\">\n<div class=\"wp-block-column\">\n<div class=\"avia_textblock\" itemprop=\"text\"><h4 style=\"color:#005a8c;\n\">Element\u00eb gjurm\u00eb p\u00ebr performanc\u00eb maksimale<\/h4>\n<p align=\"right\">\n   P\u00ebrpunuar nga Klevis Xhardja\n<\/p>\n<\/div>\n<\/div>\n<\/div>\n\n\n\n<div class=\"wp-block-columns\" id=\"containerr\">\n<div class=\"wp-block-column\">\n<div class=\"detail__certificates-item-icon\">\n<img decoding=\"async\" alt=\"SCHAUMALAC M 70 \" src=\"https:\/\/ap.com.al\/wp-content\/uploads\/2022\/03\/Asset-54-1.png\">\n<\/div>\n<\/div>\n<\/div>\n\n\n\n<div class=\"wp-block-columns\" id=\"containerr\">\n<div class=\"wp-block-column\">\n<div class=\"blue_marker_list\">\n<h4 style=\"padding-top: 20px;\">Aminotrace n\u00eb ushqimin e derrave<\/h4>\n<p align=\"justify\" style=\"margin-bottom: 0;\">N\u00eb tregun e sot\u00ebm, prodhuesit e derrave mund t\u00eb mbijetojn\u00eb dhe t\u00eb jen\u00eb konkurrues vet\u00ebm kur kafsh\u00ebt arrijn\u00eb nj\u00eb performanc\u00eb t\u00eb lart\u00eb prodhuese. Kjo vlen edhe m\u00eb shum\u00eb n\u00eb koh\u00eb konkurrence t\u00eb ashp\u00ebr dhe kushte t\u00eb v\u00ebshtira ekonomike. Element\u00ebt gjurm\u00eb me biodisponueshm\u00ebri t\u00eb lart\u00eb sigurojn\u00eb nj\u00eb performanc\u00eb m\u00eb t\u00eb lart\u00eb p\u00ebrmes ushqyerjes (shih tabel\u00ebn 1). Performanca m\u00eb e lart\u00eb riprodhuese e derrave m\u00ebm\u00eb dhe rritja e p\u00ebrmir\u00ebsuar e genotipeve moderne k\u00ebrkojn\u00eb nj\u00eb furnizim optimal me element\u00eb gjurm\u00eb. Ve\u00e7an\u00ebrisht zhvillimi i skeletit dhe i sistemit mb\u00ebshtet\u00ebs, pesha e lindjes, prodhimi i qum\u00ebshtit dhe rritja e p\u00ebrgjithshme mund t\u00eb ndikohen pozitivisht p\u00ebrmes p\u00ebrb\u00ebrjeve specifike aktive. Element\u00ebt gjurm\u00eb nuk mund t&#8217;i shtohen ushqimit n\u00eb sasi t\u00eb pakufizuara. Bashkimi Evropian (BE) ka p\u00ebrcaktuar kufij maksimal\u00eb t\u00eb detyruesh\u00ebm p\u00ebr t\u00eb shmangur efektet toksike t\u00eb shkaktuara nga mbifurnizimi. Gjithashtu, synohet t\u00eb reduktohet ndotja mjedisore p\u00ebrmes ekskretimit t\u00eb metaleve t\u00eb r\u00ebnda si zinku dhe bakri. Me p\u00ebrjashtim t\u00eb bakrit (vet\u00ebm p\u00ebr derrkuc\u00ebt), nuk lejohet shtimi i sasive q\u00eb tejkalojn\u00eb ndjesh\u00ebm nevojat fiziologjike t\u00eb organizmit. P\u00ebr shkak t\u00eb k\u00ebtyre kufijve, nuk \u00ebsht\u00eb e mundur t\u00eb rritet sasia e element\u00ebve gjurm\u00eb vet\u00ebm p\u00ebrmes ushqimit. Prandaj, duhet t&#8217;i kushtohet v\u00ebmendje maksimale biodisponueshm\u00ebris\u00eb s\u00eb komponimeve t\u00eb tyre.\n<\/p>\n<h4 style=\"padding-top: 20px;\">Deri n\u00eb 50% kursim n\u00eb shtesat ushqimore<\/h4>\n<p align=\"justify\" style=\"margin-bottom: 0;\">Biodisponueshm\u00ebria e komponimeve inorganike t\u00eb element\u00ebve gjurm\u00eb zvog\u00eblohet n\u00eb traktin tret\u00ebs p\u00ebr shkak t\u00eb formimit t\u00eb komplekseve q\u00eb jan\u00eb t\u00eb v\u00ebshtira p\u00ebr t&#8217;u absorbuar. Me mikroelement\u00ebt Aminotrace, jonet metalike (Cu, Fe, Mn, Zn) jan\u00eb tashm\u00eb t\u00eb &#8220;pre-kompleksuara&#8221; me aminoacidin glicin\u00eb dhe k\u00ebshtu mbrohen nga nd\u00ebrhyrjet n\u00eb traktin tret\u00ebs, duke siguruar nj\u00eb absorbim m\u00eb efikas.<\/p>\n<\/div>\n\n\n\n<figure class=\"wp-block-image size-full\"><img loading=\"lazy\" decoding=\"async\" width=\"614\" height=\"291\" src=\"https:\/\/ap.com.al\/wp-content\/uploads\/2025\/07\/image-9.png\" alt=\"\" class=\"wp-image-9435\" srcset=\"https:\/\/ap.com.al\/wp-content\/uploads\/2025\/07\/image-9.png 614w, https:\/\/ap.com.al\/wp-content\/uploads\/2025\/07\/image-9-300x142.png 300w, https:\/\/ap.com.al\/wp-content\/uploads\/2025\/07\/image-9-450x213.png 450w\" sizes=\"auto, (max-width: 614px) 100vw, 614px\" \/><\/figure>\n\n\n\n<div class=\"blue_marker_list\">\n<p align=\"justify\" style=\"margin-bottom: 0;\">P\u00ebr k\u00ebt\u00eb arsye, glicinatet Aminotrace me cil\u00ebsi t\u00eb lart\u00eb kan\u00eb nj\u00eb tretshm\u00ebri duksh\u00ebm m\u00eb t\u00eb lart\u00eb se komponimet inorganike t\u00eb element\u00ebve gjurm\u00eb si sulfatet (shih tabel\u00ebn 2). Si rezultat, mund t\u00eb arrihet e nj\u00ebjta p\u00ebrkujdesje ushqimore me 25 deri n\u00eb 50% m\u00eb pak sasi. Kjo rezulton n\u00eb nj\u00eb furnizim m\u00eb t\u00eb mir\u00eb dhe m\u00eb t\u00eb sigurt, me ndotje duksh\u00ebm m\u00eb t\u00eb ul\u00ebt nga metalet e r\u00ebnda. Koncepti Schaumann \u2013 p\u00ebr performanc\u00eb, sh\u00ebndet dhe q\u00ebndrueshm\u00ebri n\u00eb mbar\u00ebshtimin modern t\u00eb derrave. Thelbi i k\u00ebtij koncepti \u00ebsht\u00eb z\u00ebvend\u00ebsimi i synuar i element\u00ebve gjurm\u00eb inorganik\u00eb me glicinatet Aminotrace, t\u00eb kombinuara me nj\u00eb reduktim t\u00eb p\u00ebrgjithsh\u00ebm t\u00eb sasis\u00eb s\u00eb shtes\u00ebs s\u00eb element\u00ebve gjurm\u00eb.<\/p>\n<\/div>\n\n\n\n<figure class=\"wp-block-image size-full\"><img loading=\"lazy\" decoding=\"async\" width=\"278\" height=\"413\" src=\"https:\/\/ap.com.al\/wp-content\/uploads\/2025\/07\/image-10.png\" alt=\"\" class=\"wp-image-9436\" srcset=\"https:\/\/ap.com.al\/wp-content\/uploads\/2025\/07\/image-10.png 278w, https:\/\/ap.com.al\/wp-content\/uploads\/2025\/07\/image-10-202x300.png 202w\" sizes=\"auto, (max-width: 278px) 100vw, 278px\" \/><\/figure>\n\n\n\n<div class=\"blue_marker_list\">\n<h4 style=\"padding-top: 20px;\">Mbar\u00ebshtimi i Dosave<\/h4>\n<p align=\"justify\" style=\"margin-bottom: 0;\">Mbajtja e dosave n\u00eb grupe p\u00ebrb\u00ebn nj\u00eb sfid\u00eb t\u00eb konsiderueshme p\u00ebr sh\u00ebndetin e thundrave dhe integritetin skeletor, ve\u00e7an\u00ebrisht p\u00ebr shkak t\u00eb dinamikave hierarkike dhe konkurrenc\u00ebs. P\u00ebrve\u00e7 masave menaxheriale, cil\u00ebsia e ushqyerjes ndikon ndjesh\u00ebm n\u00eb forc\u00ebn dhe q\u00ebndrueshm\u00ebrin\u00eb e struktur\u00ebs s\u00eb tyre mb\u00ebshtet\u00ebse. Nj\u00eb furnizim optimal me zink, mangan dhe bak\u00ebr p\u00ebrmir\u00ebson ndjesh\u00ebm q\u00ebndrueshm\u00ebrin\u00eb e thundrave, ky\u00e7eve, tendinave dhe kockave, si dhe mb\u00ebshtet pozitivisht funksione t\u00eb tjera thelb\u00ebsore t\u00eb organizmit. Nj\u00eb studim n\u00eb terren, i kryer n\u00eb grupe dinamike, demonstroi jo vet\u00ebm nj\u00eb p\u00ebrmir\u00ebsim t\u00eb duksh\u00ebm t\u00eb sh\u00ebndetit t\u00eb thundrave, por edhe nj\u00eb ulje t\u00eb ndjeshme t\u00eb norm\u00ebs s\u00eb eliminimit t\u00eb dosave p\u00ebr shkak t\u00eb problemeve me thundrat dhe sistemin muskuloskeletal (shih figur\u00ebn 3). P\u00ebr m\u00eb tep\u00ebr, element\u00ebt gjurm\u00eb metalik\u00eb luajn\u00eb nj\u00eb rol kritik n\u00eb procese t\u00eb ndryshme riprodhuese. Nj\u00eb furnizim m\u00eb i mir\u00eb dhe m\u00eb i q\u00ebndruesh\u00ebm i dosave me glicinatet Aminotrace sjell p\u00ebrpar\u00ebsi t\u00eb qarta n\u00eb performanc\u00ebn riprodhuese, ve\u00e7an\u00ebrisht n\u00eb periudha stresi t\u00eb lart\u00eb.<\/p>\n<\/div>\n\n\n\n<figure class=\"wp-block-image size-full is-resized\"><img loading=\"lazy\" decoding=\"async\" width=\"461\" height=\"441\" src=\"https:\/\/ap.com.al\/wp-content\/uploads\/2025\/07\/image-11.png\" alt=\"\" class=\"wp-image-9437\" style=\"width:550px;height:auto\" srcset=\"https:\/\/ap.com.al\/wp-content\/uploads\/2025\/07\/image-11.png 461w, https:\/\/ap.com.al\/wp-content\/uploads\/2025\/07\/image-11-300x287.png 300w, https:\/\/ap.com.al\/wp-content\/uploads\/2025\/07\/image-11-450x430.png 450w\" sizes=\"auto, (max-width: 461px) 100vw, 461px\" \/><\/figure>\n\n\n\n<div class=\"blue_marker_list\">\n<h4 style=\"padding-top: 20px;\">Rritja e Gicave<\/h4>\n<p align=\"justify\" style=\"margin-bottom: 0;\">Gicat kan\u00eb nj\u00eb kapacitet t\u00eb kufizuar t\u00eb marrjes s\u00eb ushqimit n\u00eb jav\u00ebt e para pas shk\u00ebputjes nga gjiri. Prandaj, nj\u00eb v\u00ebmendje e ve\u00e7ant\u00eb duhet t&#8217;i kushtohet furnizimit t\u00eb tyre t\u00eb balancuar me element\u00eb gjurm\u00eb, bazuar n\u00eb nevojat specifike. N\u00eb k\u00ebt\u00eb faz\u00eb kritike p\u00ebr gicin, sistemi imunitar dhe proceset antioksidante (mbrojtja qelizore) funksionojn\u00eb me shpejt\u00ebsi maksimale. P\u00ebrdorimi i sakt\u00eb i element\u00ebve gjurm\u00eb ka nj\u00eb ndikim thelb\u00ebsor n\u00eb shprehjen e k\u00ebtyre proceseve dhe n\u00eb gjendjen sh\u00ebndet\u00ebsore t\u00eb p\u00ebrgjithshme t\u00eb gicave. P\u00ebr shkak t\u00eb kalimit t\u00eb menj\u00ebhersh\u00ebm nga ushqimi shum\u00eb i tretsh\u00ebm gjat\u00eb faz\u00ebs s\u00eb gjirit n\u00eb p\u00ebrb\u00ebr\u00ebs me tretshm\u00ebri relativisht t\u00eb ul\u00ebt t\u00eb element\u00ebve gjurm\u00eb, komponimet Aminotrace, t\u00eb cilat jan\u00eb shum\u00eb t\u00eb q\u00ebndrueshme dhe efikase, marrin funksione t\u00eb r\u00ebnd\u00ebsishme.<\/p>\n<h4 style=\"padding-top: 20px;\">Derrat e Majm\u00ebris\u00eb<\/h4>\n<p align=\"justify\" style=\"margin-bottom: 0;\">Edhe derrat e majm\u00ebris\u00eb p\u00ebrfitojn\u00eb ndjesh\u00ebm nga p\u00ebrdorimi i Aminotrace. P\u00ebrmbajtja e zinkut dhe bakrit n\u00eb ushqimin e plot\u00eb t\u00eb derrave t\u00eb majm\u00ebris\u00eb mund t\u00eb reduktohet n\u00eb m\u00ebnyr\u00eb drastike, edhe me k\u00ebrkesa t\u00eb larta performanc\u00eb. Kjo do t\u00eb thot\u00eb q\u00eb m\u00eb pak metale t\u00eb r\u00ebnda hyjn\u00eb n\u00eb tok\u00eb. Si\u00e7 tregon Figura 4, nj\u00eb koncept i p\u00ebrshtatur ushqyerjeje, me p\u00ebrdorimin e Aminotrace, mund t\u00eb reduktoj\u00eb bakrin me 40% dhe zinkun me 60% n\u00eb plehun e l\u00ebngsh\u00ebm t\u00eb derrave t\u00eb majm\u00ebris\u00eb. P\u00ebr t\u00eb shfryt\u00ebzuar m\u00eb mir\u00eb potencialin gjenetik, p\u00ebr t\u00eb p\u00ebrmir\u00ebsuar sh\u00ebndetin dhe p\u00ebr t\u00eb reduktuar ndotjen nga metalet e r\u00ebnda, Aminotrace ofron zgjidhje t\u00eb p\u00ebrshtatura, t\u00eb bazuara n\u00eb element\u00eb gjurm\u00eb thelb\u00ebsor\u00eb p\u00ebr jet\u00eb. Rezultati: performanc\u00eb e lart\u00eb dhe gjendje sh\u00ebndet\u00ebsore e mir\u00eb p\u00ebr derrat.<\/p>\n<\/div>\n\n\n\n<figure class=\"wp-block-image size-full\"><img loading=\"lazy\" decoding=\"async\" width=\"632\" height=\"175\" src=\"https:\/\/ap.com.al\/wp-content\/uploads\/2025\/07\/image-12.png\" alt=\"\" class=\"wp-image-9438\" srcset=\"https:\/\/ap.com.al\/wp-content\/uploads\/2025\/07\/image-12.png 632w, https:\/\/ap.com.al\/wp-content\/uploads\/2025\/07\/image-12-300x83.png 300w, https:\/\/ap.com.al\/wp-content\/uploads\/2025\/07\/image-12-450x125.png 450w\" sizes=\"auto, (max-width: 632px) 100vw, 632px\" \/><\/figure>\n<\/div>\n<\/div>\n\n\n\n<p><\/p>\n","protected":false},"excerpt":{"rendered":"<p>Element\u00eb gjurm\u00eb p\u00ebr performanc\u00eb maksimale P\u00ebrpunuar nga Klevis Xhardja Aminotrace n\u00eb ushqimin e derrave N\u00eb tregun e sot\u00ebm, prodhuesit e derrave mund t\u00eb mbijetojn\u00eb dhe t\u00eb jen\u00eb konkurrues vet\u00ebm kur kafsh\u00ebt arrijn\u00eb nj\u00eb performanc\u00eb t\u00eb lart\u00eb prodhuese. Kjo vlen edhe m\u00eb shum\u00eb n\u00eb koh\u00eb konkurrence t\u00eb ashp\u00ebr dhe kushte t\u00eb v\u00ebshtira ekonomike. Element\u00ebt gjurm\u00eb me [&hellip;]<\/p>\n","protected":false},"author":2,"featured_media":0,"parent":0,"menu_order":0,"comment_status":"closed","ping_status":"closed","template":"","meta":{"inline_featured_image":false,"footnotes":""},"class_list":["post-9434","page","type-page","status-publish","hentry"],"yoast_head":"<!-- This site is optimized with the Yoast SEO plugin v18.9 - https:\/\/yoast.com\/wordpress\/plugins\/seo\/ -->\n<title>Element\u00eb gjurm\u00eb p\u00ebr performanc\u00eb maksimale - Austria Praemix<\/title>\n<meta name=\"robots\" content=\"index, follow, max-snippet:-1, max-image-preview:large, max-video-preview:-1\" \/>\n<link rel=\"canonical\" href=\"https:\/\/ap.com.al\/?page_id=9434\" \/>\n<meta property=\"og:locale\" content=\"en_US\" \/>\n<meta property=\"og:type\" content=\"article\" \/>\n<meta property=\"og:title\" content=\"Element\u00eb gjurm\u00eb p\u00ebr performanc\u00eb maksimale - Austria Praemix\" \/>\n<meta property=\"og:description\" content=\"Element\u00eb gjurm\u00eb p\u00ebr performanc\u00eb maksimale P\u00ebrpunuar nga Klevis Xhardja Aminotrace n\u00eb ushqimin e derrave N\u00eb tregun e sot\u00ebm, prodhuesit e derrave mund t\u00eb mbijetojn\u00eb dhe t\u00eb jen\u00eb konkurrues vet\u00ebm kur kafsh\u00ebt arrijn\u00eb nj\u00eb performanc\u00eb t\u00eb lart\u00eb prodhuese. Kjo vlen edhe m\u00eb shum\u00eb n\u00eb koh\u00eb konkurrence t\u00eb ashp\u00ebr dhe kushte t\u00eb v\u00ebshtira ekonomike. Element\u00ebt gjurm\u00eb me [&hellip;]\" \/>\n<meta property=\"og:url\" content=\"https:\/\/ap.com.al\/?page_id=9434\" \/>\n<meta property=\"og:site_name\" content=\"Austria Praemix\" \/>\n<meta property=\"article:publisher\" content=\"https:\/\/www.facebook.com\/austriapraemiks\/\" \/>\n<meta property=\"og:image\" content=\"https:\/\/ap.com.al\/wp-content\/uploads\/2022\/03\/Asset-54-1.png\" \/>\n<meta name=\"twitter:card\" content=\"summary_large_image\" \/>\n<meta name=\"twitter:label1\" content=\"Est. reading time\" \/>\n\t<meta name=\"twitter:data1\" content=\"1 minute\" \/>\n<script type=\"application\/ld+json\" class=\"yoast-schema-graph\">{\"@context\":\"https:\/\/schema.org\",\"@graph\":[{\"@type\":\"Organization\",\"@id\":\"https:\/\/ap.com.al\/#organization\",\"name\":\"Austria Preamix\",\"url\":\"https:\/\/ap.com.al\/\",\"sameAs\":[\"https:\/\/www.instagram.com\/austriapraemix\/\",\"https:\/\/www.facebook.com\/austriapraemiks\/\"],\"logo\":{\"@type\":\"ImageObject\",\"inLanguage\":\"en-US\",\"@id\":\"https:\/\/ap.com.al\/#\/schema\/logo\/image\/\",\"url\":\"https:\/\/ap.com.al\/wp-content\/uploads\/2022\/02\/AP-logo.png\",\"contentUrl\":\"https:\/\/ap.com.al\/wp-content\/uploads\/2022\/02\/AP-logo.png\",\"width\":3358,\"height\":1616,\"caption\":\"Austria Preamix\"},\"image\":{\"@id\":\"https:\/\/ap.com.al\/#\/schema\/logo\/image\/\"}},{\"@type\":\"WebSite\",\"@id\":\"https:\/\/ap.com.al\/#website\",\"url\":\"https:\/\/ap.com.al\/\",\"name\":\"Austria Praemix\",\"description\":\"\",\"publisher\":{\"@id\":\"https:\/\/ap.com.al\/#organization\"},\"potentialAction\":[{\"@type\":\"SearchAction\",\"target\":{\"@type\":\"EntryPoint\",\"urlTemplate\":\"https:\/\/ap.com.al\/?s={search_term_string}\"},\"query-input\":\"required name=search_term_string\"}],\"inLanguage\":\"en-US\"},{\"@type\":\"ImageObject\",\"inLanguage\":\"en-US\",\"@id\":\"https:\/\/ap.com.al\/?page_id=9434#primaryimage\",\"url\":\"https:\/\/ap.com.al\/wp-content\/uploads\/2022\/03\/Asset-54-1.png\",\"contentUrl\":\"https:\/\/ap.com.al\/wp-content\/uploads\/2022\/03\/Asset-54-1.png\",\"width\":355,\"height\":354},{\"@type\":\"WebPage\",\"@id\":\"https:\/\/ap.com.al\/?page_id=9434#webpage\",\"url\":\"https:\/\/ap.com.al\/?page_id=9434\",\"name\":\"Element\u00eb gjurm\u00eb p\u00ebr performanc\u00eb maksimale - Austria Praemix\",\"isPartOf\":{\"@id\":\"https:\/\/ap.com.al\/#website\"},\"primaryImageOfPage\":{\"@id\":\"https:\/\/ap.com.al\/?page_id=9434#primaryimage\"},\"datePublished\":\"2025-07-09T06:14:57+00:00\",\"dateModified\":\"2025-07-09T06:14:57+00:00\",\"breadcrumb\":{\"@id\":\"https:\/\/ap.com.al\/?page_id=9434#breadcrumb\"},\"inLanguage\":\"en-US\",\"potentialAction\":[{\"@type\":\"ReadAction\",\"target\":[\"https:\/\/ap.com.al\/?page_id=9434\"]}]},{\"@type\":\"BreadcrumbList\",\"@id\":\"https:\/\/ap.com.al\/?page_id=9434#breadcrumb\",\"itemListElement\":[{\"@type\":\"ListItem\",\"position\":1,\"name\":\"Home\",\"item\":\"https:\/\/ap.com.al\/\"},{\"@type\":\"ListItem\",\"position\":2,\"name\":\"Element\u00eb gjurm\u00eb p\u00ebr performanc\u00eb maksimale\"}]}]}<\/script>\n<!-- \/ Yoast SEO plugin. -->","yoast_head_json":{"title":"Element\u00eb gjurm\u00eb p\u00ebr performanc\u00eb maksimale - Austria Praemix","robots":{"index":"index","follow":"follow","max-snippet":"max-snippet:-1","max-image-preview":"max-image-preview:large","max-video-preview":"max-video-preview:-1"},"canonical":"https:\/\/ap.com.al\/?page_id=9434","og_locale":"en_US","og_type":"article","og_title":"Element\u00eb gjurm\u00eb p\u00ebr performanc\u00eb maksimale - Austria Praemix","og_description":"Element\u00eb gjurm\u00eb p\u00ebr performanc\u00eb maksimale P\u00ebrpunuar nga Klevis Xhardja Aminotrace n\u00eb ushqimin e derrave N\u00eb tregun e sot\u00ebm, prodhuesit e derrave mund t\u00eb mbijetojn\u00eb dhe t\u00eb jen\u00eb konkurrues vet\u00ebm kur kafsh\u00ebt arrijn\u00eb nj\u00eb performanc\u00eb t\u00eb lart\u00eb prodhuese. Kjo vlen edhe m\u00eb shum\u00eb n\u00eb koh\u00eb konkurrence t\u00eb ashp\u00ebr dhe kushte t\u00eb v\u00ebshtira ekonomike. Element\u00ebt gjurm\u00eb me [&hellip;]","og_url":"https:\/\/ap.com.al\/?page_id=9434","og_site_name":"Austria Praemix","article_publisher":"https:\/\/www.facebook.com\/austriapraemiks\/","og_image":[{"url":"https:\/\/ap.com.al\/wp-content\/uploads\/2022\/03\/Asset-54-1.png"}],"twitter_card":"summary_large_image","twitter_misc":{"Est. reading time":"1 minute"},"schema":{"@context":"https:\/\/schema.org","@graph":[{"@type":"Organization","@id":"https:\/\/ap.com.al\/#organization","name":"Austria Preamix","url":"https:\/\/ap.com.al\/","sameAs":["https:\/\/www.instagram.com\/austriapraemix\/","https:\/\/www.facebook.com\/austriapraemiks\/"],"logo":{"@type":"ImageObject","inLanguage":"en-US","@id":"https:\/\/ap.com.al\/#\/schema\/logo\/image\/","url":"https:\/\/ap.com.al\/wp-content\/uploads\/2022\/02\/AP-logo.png","contentUrl":"https:\/\/ap.com.al\/wp-content\/uploads\/2022\/02\/AP-logo.png","width":3358,"height":1616,"caption":"Austria Preamix"},"image":{"@id":"https:\/\/ap.com.al\/#\/schema\/logo\/image\/"}},{"@type":"WebSite","@id":"https:\/\/ap.com.al\/#website","url":"https:\/\/ap.com.al\/","name":"Austria Praemix","description":"","publisher":{"@id":"https:\/\/ap.com.al\/#organization"},"potentialAction":[{"@type":"SearchAction","target":{"@type":"EntryPoint","urlTemplate":"https:\/\/ap.com.al\/?s={search_term_string}"},"query-input":"required name=search_term_string"}],"inLanguage":"en-US"},{"@type":"ImageObject","inLanguage":"en-US","@id":"https:\/\/ap.com.al\/?page_id=9434#primaryimage","url":"https:\/\/ap.com.al\/wp-content\/uploads\/2022\/03\/Asset-54-1.png","contentUrl":"https:\/\/ap.com.al\/wp-content\/uploads\/2022\/03\/Asset-54-1.png","width":355,"height":354},{"@type":"WebPage","@id":"https:\/\/ap.com.al\/?page_id=9434#webpage","url":"https:\/\/ap.com.al\/?page_id=9434","name":"Element\u00eb gjurm\u00eb p\u00ebr performanc\u00eb maksimale - Austria Praemix","isPartOf":{"@id":"https:\/\/ap.com.al\/#website"},"primaryImageOfPage":{"@id":"https:\/\/ap.com.al\/?page_id=9434#primaryimage"},"datePublished":"2025-07-09T06:14:57+00:00","dateModified":"2025-07-09T06:14:57+00:00","breadcrumb":{"@id":"https:\/\/ap.com.al\/?page_id=9434#breadcrumb"},"inLanguage":"en-US","potentialAction":[{"@type":"ReadAction","target":["https:\/\/ap.com.al\/?page_id=9434"]}]},{"@type":"BreadcrumbList","@id":"https:\/\/ap.com.al\/?page_id=9434#breadcrumb","itemListElement":[{"@type":"ListItem","position":1,"name":"Home","item":"https:\/\/ap.com.al\/"},{"@type":"ListItem","position":2,"name":"Element\u00eb gjurm\u00eb p\u00ebr performanc\u00eb maksimale"}]}]}},"_links":{"self":[{"href":"https:\/\/ap.com.al\/index.php?rest_route=\/wp\/v2\/pages\/9434","targetHints":{"allow":["GET"]}}],"collection":[{"href":"https:\/\/ap.com.al\/index.php?rest_route=\/wp\/v2\/pages"}],"about":[{"href":"https:\/\/ap.com.al\/index.php?rest_route=\/wp\/v2\/types\/page"}],"author":[{"embeddable":true,"href":"https:\/\/ap.com.al\/index.php?rest_route=\/wp\/v2\/users\/2"}],"replies":[{"embeddable":true,"href":"https:\/\/ap.com.al\/index.php?rest_route=%2Fwp%2Fv2%2Fcomments&post=9434"}],"version-history":[{"count":5,"href":"https:\/\/ap.com.al\/index.php?rest_route=\/wp\/v2\/pages\/9434\/revisions"}],"predecessor-version":[{"id":9444,"href":"https:\/\/ap.com.al\/index.php?rest_route=\/wp\/v2\/pages\/9434\/revisions\/9444"}],"wp:attachment":[{"href":"https:\/\/ap.com.al\/index.php?rest_route=%2Fwp%2Fv2%2Fmedia&parent=9434"}],"curies":[{"name":"wp","href":"https:\/\/api.w.org\/{rel}","templated":true}]}}