{"id":9485,"date":"2025-07-18T08:37:21","date_gmt":"2025-07-18T08:37:21","guid":{"rendered":"https:\/\/ap.com.al\/?page_id=9485"},"modified":"2025-07-18T08:37:22","modified_gmt":"2025-07-18T08:37:22","slug":"parandalimi-i-stresit-nga-temperaturat-e-larta-te-lopet-qumeshtore","status":"publish","type":"page","link":"https:\/\/ap.com.al\/?page_id=9485","title":{"rendered":"PARANDALIMI I STRESIT NGA TEMPERATURAT E LARTA TE LOP\u00cbT QUM\u00cbSHTORE"},"content":{"rendered":"\n<style>\n  #oniiii{\n    background-image:url(\"https:\/\/ap.com.al\/wp-content\/uploads\/2025\/07\/Artikull-banner.png\");\n    padding-bottom: 32%;\n    background-position:center center;\n    background-repeat: no-repeat;\n    background-size:cover;\n  }\n  <\/style>\n  <script src=\"https:\/\/code.jquery.com\/jquery-3.5.0.js\">\n<\/script>\n\n<div id=\"oniiii\"><\/div>\n \n<script>\n$( \"#oniiii\" ).insertBefore( \".container_wrap_first\" );\n<\/script>\n\n\n\n<div class=\"wp-block-columns\" id=\"containerr\">\n<div class=\"wp-block-column\">\n<div class=\"avia_textblock\" itemprop=\"text\"><h4 style=\"color:#005a8c;\n\">PARANDALIMI I STRESIT NGA TEMPERATURAT E LARTA TE LOP\u00cbT QUM\u00cbSHTORE<\/h4>\n<p align=\"right\">\n   P\u00ebrpunuar nga Klevis Xhardja<\/p>\n<\/div>\n<\/div>\n<\/div>\n\n\n\n<div class=\"wp-block-columns\" id=\"containerr\">\n<div class=\"wp-block-column\">\n<div class=\"detail__certificates-item-icon\">\n<img decoding=\"async\" alt=\"Icon RINDAMAST UNI\" src=\"https:\/\/ap.com.al\/wp-content\/uploads\/2022\/03\/Asset-51-1.png\">\n<\/div>\n<\/div>\n<\/div>\n\n\n\n<div class=\"wp-block-columns\" id=\"containerr\">\n<div class=\"wp-block-column\">\n<div class=\"blue_marker_list\">\n<p align=\"justify\">Gjat\u00eb muajve t\u00eb ver\u00ebs, lop\u00ebt qum\u00ebshtore shpesh hasin v\u00ebshtir\u00ebsi n\u00eb shp\u00ebrndarjen e nxeht\u00ebsis\u00eb s\u00eb tep\u00ebrt t\u00eb trupit, e cila \u00ebsht\u00eb e pashmangshme me nivelet e larta t\u00eb prodhimit. P\u00ebrpara se t\u00eb krijohen situata stresuese p\u00ebr shkak t\u00eb temperaturave t\u00eb larta t\u00eb ambientit, duhet t\u00eb shfryt\u00ebzohen t\u00eb gjitha opsionet parandaluese strukturore dhe teknike q\u00eb mund t\u00eb zbatohen me p\u00ebrpjekje t\u00eb arsyeshme rind\u00ebrtimi. Kjo p\u00ebrfshin t\u00eb gjitha masat q\u00eb rrisin shk\u00ebmbimin natyror t\u00eb ajrit dhe minimizojn\u00eb hyrjen e nxeht\u00ebsis\u00eb n\u00eb stall\u00eb. Instalimi i ventilator\u00ebve t\u00eb riqarkullimit ose p\u00ebrdorimi i sistemeve t\u00eb lag\u00ebshtimit me sp\u00ebrkatje mund t\u00eb konsiderohen si masa shtes\u00eb, vet\u00ebm pasi t\u00eb jen\u00eb shteruar t\u00eb gjitha opsionet parandaluese.\nQ\u00ebllimi i k\u00ebtij artikulli \u00ebsht\u00eb t\u00eb p\u00ebrshkruaj\u00eb masat parandaluese dhe teknikat shtes\u00eb. N\u00eb ve\u00e7anti, synohet t\u00eb ofrohet ndihm\u00eb n\u00eb planifikimin tekniko-strukturor t\u00eb sistemeve t\u00eb ventilimit ndihm\u00ebs.\n<\/p>\n<h4>Parimet e Inxhinieris\u00eb Termike<\/h4>\n<p align=\"justify\">Prodhimi i qum\u00ebshtit nga lop\u00ebt gjeneron nj\u00eb sasi t\u00eb konsiderueshme nxeht\u00ebsie; lop\u00ebt me prodhimtari t\u00eb lart\u00eb l\u00ebshojn\u00eb rreth 2000 vat nxeht\u00ebsi n\u00eb tremujorin e par\u00eb t\u00eb laktacionit. N\u00eb var\u00ebsi t\u00eb temperatur\u00ebs, kjo nxeht\u00ebsi l\u00ebshohet drejtp\u00ebrdrejt ose indirekt n\u00eb mjedis.\nL\u00ebshimi i drejtp\u00ebrdrejt\u00eb i nxeht\u00ebsis\u00eb, i njohur si nxeht\u00ebsi e ndjeshme, ndodh p\u00ebrmes mekanizmave t\u00eb m\u00ebposht\u00ebm:\n<\/p>\n<ul>\n<li>P\u00ebr\u00e7imi i nxeht\u00ebsis\u00eb nga trupi i lop\u00ebs n\u00eb trupat m\u00eb t\u00eb ftoht\u00eb, p.sh. kabina.<\/li>\n<li>Transferimi i nxeht\u00ebsis\u00eb n\u00eb ajrin q\u00eb qarkullon (konveksioni).<\/li>\n<li>Rrezatimi termik, p.sh. rrezatimi diellor q\u00eb shnd\u00ebrrohet n\u00eb nxeht\u00ebsi kur arrin trupin e rrezatuar.<\/li>\n<p align=\"justify\">L\u00ebshimi indirekt i nxeht\u00ebsis\u00eb, i njohur si nxeht\u00ebsi avulluese ose latente, ndodh p\u00ebrmes avullimit t\u00eb ujit, si nga ajri i frym\u00ebmarrjes, ashtu edhe nga djersitja direkte. Sa m\u00eb e ul\u00ebt t\u00eb jet\u00eb temperatura e ambientit, aq m\u00eb i lart\u00eb \u00ebsht\u00eb p\u00ebrqindja e nxeht\u00ebsis\u00eb s\u00eb ndjeshme q\u00eb mund t\u00eb transferohet drejtp\u00ebrdrejt n\u00eb mjedis (Tabela 1). Temperaturat deri n\u00eb -20 \u00b0C jan\u00eb t\u00eb pad\u00ebmshme p\u00ebr lop\u00ebt. N\u00eb temperatura n\u00ebn 0 \u00b0C, rritet p\u00ebrqindja e energjis\u00eb s\u00eb konsumuar p\u00ebr t\u00eb ruajtur temperatur\u00ebn e trupit. Nga pik\u00ebpamja fiziologjike e kafsh\u00ebve, diapazoni optimal i temperatur\u00ebs s\u00eb ambientit \u00ebsht\u00eb midis +4 dhe +16 \u00b0C. P\u00ebrdorimi m\u00eb efikas i ushqimit ndodh n\u00eb k\u00ebt\u00eb diapazon. Deri n\u00eb rreth 22 \u00b0C, p\u00ebrdorimi i ushqimit p\u00ebrkeq\u00ebsohet, por ende nuk priten ulje t\u00eb performanc\u00ebs. Vet\u00ebm mbi k\u00ebt\u00eb temperatur\u00eb fillon zvog\u00eblimi i marrjes s\u00eb ushqimit.<\/p>\n<\/div>\n\n\n\n<figure class=\"wp-block-image size-full\"><img loading=\"lazy\" decoding=\"async\" width=\"646\" height=\"309\" src=\"https:\/\/ap.com.al\/wp-content\/uploads\/2025\/07\/image-13.png\" alt=\"\" class=\"wp-image-9487\" srcset=\"https:\/\/ap.com.al\/wp-content\/uploads\/2025\/07\/image-13.png 646w, https:\/\/ap.com.al\/wp-content\/uploads\/2025\/07\/image-13-300x143.png 300w, https:\/\/ap.com.al\/wp-content\/uploads\/2025\/07\/image-13-450x215.png 450w\" sizes=\"auto, (max-width: 646px) 100vw, 646px\" \/><\/figure>\n\n\n\n<div class=\"blue_marker_list\">\n<p align=\"justify\">Nd\u00ebrsa temperatura e ambientit rritet, shp\u00ebrndarja e drejtp\u00ebrdrejt\u00eb e nxeht\u00ebsis\u00eb zvog\u00eblohet ndjesh\u00ebm p\u00ebr shkak t\u00eb diferenc\u00ebs s\u00eb vog\u00ebl t\u00eb temperatur\u00ebs midis kafsh\u00ebs dhe mjedisit. Lop\u00ebt p\u00ebrpiqen ta kompensojn\u00eb k\u00ebt\u00eb pjes\u00ebrisht duke rritur temperatur\u00ebn e trupit n\u00eb rreth 39 \u00b0C. Rregullimi i m\u00ebtejsh\u00ebm \u00ebsht\u00eb i mundur vet\u00ebm p\u00ebrmes shp\u00ebrndarjes indirekte t\u00eb nxeht\u00ebsis\u00eb, p\u00ebrmes avullimit t\u00eb ujit. Megjithat\u00eb, avullimi i ujit gjat\u00eb djersitjes dhe frym\u00ebmarrjes mund t\u00eb rritet vet\u00ebm deri n\u00eb nj\u00ebfar\u00eb mase. Nga nj\u00ebra an\u00eb, ka kufizime fiziologjike t\u00eb kafsh\u00ebve, dhe nga ana tjet\u00ebr, n\u00eb kushtet tona klimatike, ajri \u00ebsht\u00eb shpesh shum\u00eb i lag\u00ebsht (i ngroht\u00eb dhe i lag\u00ebsht), duke e b\u00ebr\u00eb avullimin e ujit t\u00eb ngadalt\u00eb dhe t\u00eb kufizuar. Nuk ka konsensus n\u00eb literatur\u00eb se kur lop\u00ebt qum\u00ebshtore fillojn\u00eb ta p\u00ebrjetojn\u00eb nxeht\u00ebsin\u00eb si stres. Temperaturat mbi 20 \u00b0C ose 25 \u00b0C jan\u00eb sigurisht t\u00eb pamjaftueshme, pasi nuk marrin parasysh lag\u00ebshtin\u00eb relative. N\u00eb SHBA, Indeksi i Temperatur\u00ebs dhe Lag\u00ebshtis\u00eb (THI) p\u00ebrdoret shpesh p\u00ebr t\u00eb vler\u00ebsuar komfortin. Kombinimi i temperatur\u00ebs dhe lag\u00ebshtis\u00eb relative ndihmon n\u00eb p\u00ebrcaktimin e ndikimit t\u00eb mundsh\u00ebm te njer\u00ebzit dhe kafsh\u00ebt. Rezultatet e bazuara n\u00eb t\u00eb dh\u00ebna empirike p\u00ebr lop\u00ebt qum\u00ebshtore mund t\u00eb shihen n\u00eb Figur\u00ebn 1. P\u00ebr nivelet e lag\u00ebshtis\u00eb mbi 70%, t\u00eb cilat ndodhin shpesh n\u00eb k\u00ebt\u00eb zon\u00eb, stresi nga temperaturat e larta fillon n\u00eb 24 \u00b0C, dhe humbje m\u00eb t\u00eb m\u00ebdha t\u00eb prodhimtaris\u00eb mund t\u00eb priten nga 27 \u00b0C.<\/p>\n<\/div>\n\n\n\n<figure class=\"wp-block-image size-full\"><img loading=\"lazy\" decoding=\"async\" width=\"632\" height=\"284\" src=\"https:\/\/ap.com.al\/wp-content\/uploads\/2025\/07\/image-14.png\" alt=\"\" class=\"wp-image-9488\" srcset=\"https:\/\/ap.com.al\/wp-content\/uploads\/2025\/07\/image-14.png 632w, https:\/\/ap.com.al\/wp-content\/uploads\/2025\/07\/image-14-300x135.png 300w, https:\/\/ap.com.al\/wp-content\/uploads\/2025\/07\/image-14-450x202.png 450w\" sizes=\"auto, (max-width: 632px) 100vw, 632px\" \/><\/figure>\n\n\n\n<figure class=\"wp-block-image size-full\"><img loading=\"lazy\" decoding=\"async\" width=\"660\" height=\"340\" src=\"https:\/\/ap.com.al\/wp-content\/uploads\/2025\/07\/image-15.png\" alt=\"\" class=\"wp-image-9489\" srcset=\"https:\/\/ap.com.al\/wp-content\/uploads\/2025\/07\/image-15.png 660w, https:\/\/ap.com.al\/wp-content\/uploads\/2025\/07\/image-15-300x155.png 300w, https:\/\/ap.com.al\/wp-content\/uploads\/2025\/07\/image-15-450x232.png 450w\" sizes=\"auto, (max-width: 660px) 100vw, 660px\" \/><\/figure>\n<\/div>\n<\/div>\n\n\n\n<p><\/p>\n","protected":false},"excerpt":{"rendered":"<p>PARANDALIMI I STRESIT NGA TEMPERATURAT E LARTA TE LOP\u00cbT QUM\u00cbSHTORE P\u00ebrpunuar nga Klevis Xhardja Gjat\u00eb muajve t\u00eb ver\u00ebs, lop\u00ebt qum\u00ebshtore shpesh hasin v\u00ebshtir\u00ebsi n\u00eb shp\u00ebrndarjen e nxeht\u00ebsis\u00eb s\u00eb tep\u00ebrt t\u00eb trupit, e cila \u00ebsht\u00eb e pashmangshme me nivelet e larta t\u00eb prodhimit. P\u00ebrpara se t\u00eb krijohen situata stresuese p\u00ebr shkak t\u00eb temperaturave t\u00eb larta t\u00eb [&hellip;]<\/p>\n","protected":false},"author":2,"featured_media":0,"parent":0,"menu_order":0,"comment_status":"closed","ping_status":"closed","template":"","meta":{"inline_featured_image":false,"footnotes":""},"class_list":["post-9485","page","type-page","status-publish","hentry"],"yoast_head":"<!-- This site is optimized with the Yoast SEO plugin v18.9 - https:\/\/yoast.com\/wordpress\/plugins\/seo\/ -->\n<title>PARANDALIMI I STRESIT NGA TEMPERATURAT E LARTA TE LOP\u00cbT QUM\u00cbSHTORE - Austria Praemix<\/title>\n<meta name=\"robots\" content=\"index, follow, max-snippet:-1, max-image-preview:large, max-video-preview:-1\" \/>\n<link rel=\"canonical\" href=\"https:\/\/ap.com.al\/?page_id=9485\" \/>\n<meta property=\"og:locale\" content=\"en_US\" \/>\n<meta property=\"og:type\" content=\"article\" \/>\n<meta property=\"og:title\" content=\"PARANDALIMI I STRESIT NGA TEMPERATURAT E LARTA TE LOP\u00cbT QUM\u00cbSHTORE - Austria Praemix\" \/>\n<meta property=\"og:description\" content=\"PARANDALIMI I STRESIT NGA TEMPERATURAT E LARTA TE LOP\u00cbT QUM\u00cbSHTORE P\u00ebrpunuar nga Klevis Xhardja Gjat\u00eb muajve t\u00eb ver\u00ebs, lop\u00ebt qum\u00ebshtore shpesh hasin v\u00ebshtir\u00ebsi n\u00eb shp\u00ebrndarjen e nxeht\u00ebsis\u00eb s\u00eb tep\u00ebrt t\u00eb trupit, e cila \u00ebsht\u00eb e pashmangshme me nivelet e larta t\u00eb prodhimit. P\u00ebrpara se t\u00eb krijohen situata stresuese p\u00ebr shkak t\u00eb temperaturave t\u00eb larta t\u00eb [&hellip;]\" \/>\n<meta property=\"og:url\" content=\"https:\/\/ap.com.al\/?page_id=9485\" \/>\n<meta property=\"og:site_name\" content=\"Austria Praemix\" \/>\n<meta property=\"article:publisher\" content=\"https:\/\/www.facebook.com\/austriapraemiks\/\" \/>\n<meta property=\"article:modified_time\" content=\"2025-07-18T08:37:22+00:00\" \/>\n<meta property=\"og:image\" content=\"https:\/\/ap.com.al\/wp-content\/uploads\/2022\/03\/Asset-51-1.png\" \/>\n<meta name=\"twitter:card\" content=\"summary_large_image\" \/>\n<meta name=\"twitter:label1\" content=\"Est. reading time\" \/>\n\t<meta name=\"twitter:data1\" content=\"1 minute\" \/>\n<script type=\"application\/ld+json\" class=\"yoast-schema-graph\">{\"@context\":\"https:\/\/schema.org\",\"@graph\":[{\"@type\":\"Organization\",\"@id\":\"https:\/\/ap.com.al\/#organization\",\"name\":\"Austria Preamix\",\"url\":\"https:\/\/ap.com.al\/\",\"sameAs\":[\"https:\/\/www.instagram.com\/austriapraemix\/\",\"https:\/\/www.facebook.com\/austriapraemiks\/\"],\"logo\":{\"@type\":\"ImageObject\",\"inLanguage\":\"en-US\",\"@id\":\"https:\/\/ap.com.al\/#\/schema\/logo\/image\/\",\"url\":\"https:\/\/ap.com.al\/wp-content\/uploads\/2022\/02\/AP-logo.png\",\"contentUrl\":\"https:\/\/ap.com.al\/wp-content\/uploads\/2022\/02\/AP-logo.png\",\"width\":3358,\"height\":1616,\"caption\":\"Austria Preamix\"},\"image\":{\"@id\":\"https:\/\/ap.com.al\/#\/schema\/logo\/image\/\"}},{\"@type\":\"WebSite\",\"@id\":\"https:\/\/ap.com.al\/#website\",\"url\":\"https:\/\/ap.com.al\/\",\"name\":\"Austria Praemix\",\"description\":\"\",\"publisher\":{\"@id\":\"https:\/\/ap.com.al\/#organization\"},\"potentialAction\":[{\"@type\":\"SearchAction\",\"target\":{\"@type\":\"EntryPoint\",\"urlTemplate\":\"https:\/\/ap.com.al\/?s={search_term_string}\"},\"query-input\":\"required name=search_term_string\"}],\"inLanguage\":\"en-US\"},{\"@type\":\"ImageObject\",\"inLanguage\":\"en-US\",\"@id\":\"https:\/\/ap.com.al\/?page_id=9485#primaryimage\",\"url\":\"https:\/\/ap.com.al\/wp-content\/uploads\/2022\/03\/Asset-51-1.png\",\"contentUrl\":\"https:\/\/ap.com.al\/wp-content\/uploads\/2022\/03\/Asset-51-1.png\",\"width\":355,\"height\":354},{\"@type\":\"WebPage\",\"@id\":\"https:\/\/ap.com.al\/?page_id=9485#webpage\",\"url\":\"https:\/\/ap.com.al\/?page_id=9485\",\"name\":\"PARANDALIMI I STRESIT NGA TEMPERATURAT E LARTA TE LOP\u00cbT QUM\u00cbSHTORE - Austria Praemix\",\"isPartOf\":{\"@id\":\"https:\/\/ap.com.al\/#website\"},\"primaryImageOfPage\":{\"@id\":\"https:\/\/ap.com.al\/?page_id=9485#primaryimage\"},\"datePublished\":\"2025-07-18T08:37:21+00:00\",\"dateModified\":\"2025-07-18T08:37:22+00:00\",\"breadcrumb\":{\"@id\":\"https:\/\/ap.com.al\/?page_id=9485#breadcrumb\"},\"inLanguage\":\"en-US\",\"potentialAction\":[{\"@type\":\"ReadAction\",\"target\":[\"https:\/\/ap.com.al\/?page_id=9485\"]}]},{\"@type\":\"BreadcrumbList\",\"@id\":\"https:\/\/ap.com.al\/?page_id=9485#breadcrumb\",\"itemListElement\":[{\"@type\":\"ListItem\",\"position\":1,\"name\":\"Home\",\"item\":\"https:\/\/ap.com.al\/\"},{\"@type\":\"ListItem\",\"position\":2,\"name\":\"PARANDALIMI I STRESIT NGA TEMPERATURAT E LARTA TE LOP\u00cbT QUM\u00cbSHTORE\"}]}]}<\/script>\n<!-- \/ Yoast SEO plugin. -->","yoast_head_json":{"title":"PARANDALIMI I STRESIT NGA TEMPERATURAT E LARTA TE LOP\u00cbT QUM\u00cbSHTORE - Austria Praemix","robots":{"index":"index","follow":"follow","max-snippet":"max-snippet:-1","max-image-preview":"max-image-preview:large","max-video-preview":"max-video-preview:-1"},"canonical":"https:\/\/ap.com.al\/?page_id=9485","og_locale":"en_US","og_type":"article","og_title":"PARANDALIMI I STRESIT NGA TEMPERATURAT E LARTA TE LOP\u00cbT QUM\u00cbSHTORE - Austria Praemix","og_description":"PARANDALIMI I STRESIT NGA TEMPERATURAT E LARTA TE LOP\u00cbT QUM\u00cbSHTORE P\u00ebrpunuar nga Klevis Xhardja Gjat\u00eb muajve t\u00eb ver\u00ebs, lop\u00ebt qum\u00ebshtore shpesh hasin v\u00ebshtir\u00ebsi n\u00eb shp\u00ebrndarjen e nxeht\u00ebsis\u00eb s\u00eb tep\u00ebrt t\u00eb trupit, e cila \u00ebsht\u00eb e pashmangshme me nivelet e larta t\u00eb prodhimit. P\u00ebrpara se t\u00eb krijohen situata stresuese p\u00ebr shkak t\u00eb temperaturave t\u00eb larta t\u00eb [&hellip;]","og_url":"https:\/\/ap.com.al\/?page_id=9485","og_site_name":"Austria Praemix","article_publisher":"https:\/\/www.facebook.com\/austriapraemiks\/","article_modified_time":"2025-07-18T08:37:22+00:00","og_image":[{"url":"https:\/\/ap.com.al\/wp-content\/uploads\/2022\/03\/Asset-51-1.png"}],"twitter_card":"summary_large_image","twitter_misc":{"Est. reading time":"1 minute"},"schema":{"@context":"https:\/\/schema.org","@graph":[{"@type":"Organization","@id":"https:\/\/ap.com.al\/#organization","name":"Austria Preamix","url":"https:\/\/ap.com.al\/","sameAs":["https:\/\/www.instagram.com\/austriapraemix\/","https:\/\/www.facebook.com\/austriapraemiks\/"],"logo":{"@type":"ImageObject","inLanguage":"en-US","@id":"https:\/\/ap.com.al\/#\/schema\/logo\/image\/","url":"https:\/\/ap.com.al\/wp-content\/uploads\/2022\/02\/AP-logo.png","contentUrl":"https:\/\/ap.com.al\/wp-content\/uploads\/2022\/02\/AP-logo.png","width":3358,"height":1616,"caption":"Austria Preamix"},"image":{"@id":"https:\/\/ap.com.al\/#\/schema\/logo\/image\/"}},{"@type":"WebSite","@id":"https:\/\/ap.com.al\/#website","url":"https:\/\/ap.com.al\/","name":"Austria Praemix","description":"","publisher":{"@id":"https:\/\/ap.com.al\/#organization"},"potentialAction":[{"@type":"SearchAction","target":{"@type":"EntryPoint","urlTemplate":"https:\/\/ap.com.al\/?s={search_term_string}"},"query-input":"required name=search_term_string"}],"inLanguage":"en-US"},{"@type":"ImageObject","inLanguage":"en-US","@id":"https:\/\/ap.com.al\/?page_id=9485#primaryimage","url":"https:\/\/ap.com.al\/wp-content\/uploads\/2022\/03\/Asset-51-1.png","contentUrl":"https:\/\/ap.com.al\/wp-content\/uploads\/2022\/03\/Asset-51-1.png","width":355,"height":354},{"@type":"WebPage","@id":"https:\/\/ap.com.al\/?page_id=9485#webpage","url":"https:\/\/ap.com.al\/?page_id=9485","name":"PARANDALIMI I STRESIT NGA TEMPERATURAT E LARTA TE LOP\u00cbT QUM\u00cbSHTORE - Austria Praemix","isPartOf":{"@id":"https:\/\/ap.com.al\/#website"},"primaryImageOfPage":{"@id":"https:\/\/ap.com.al\/?page_id=9485#primaryimage"},"datePublished":"2025-07-18T08:37:21+00:00","dateModified":"2025-07-18T08:37:22+00:00","breadcrumb":{"@id":"https:\/\/ap.com.al\/?page_id=9485#breadcrumb"},"inLanguage":"en-US","potentialAction":[{"@type":"ReadAction","target":["https:\/\/ap.com.al\/?page_id=9485"]}]},{"@type":"BreadcrumbList","@id":"https:\/\/ap.com.al\/?page_id=9485#breadcrumb","itemListElement":[{"@type":"ListItem","position":1,"name":"Home","item":"https:\/\/ap.com.al\/"},{"@type":"ListItem","position":2,"name":"PARANDALIMI I STRESIT NGA TEMPERATURAT E LARTA TE LOP\u00cbT QUM\u00cbSHTORE"}]}]}},"_links":{"self":[{"href":"https:\/\/ap.com.al\/index.php?rest_route=\/wp\/v2\/pages\/9485","targetHints":{"allow":["GET"]}}],"collection":[{"href":"https:\/\/ap.com.al\/index.php?rest_route=\/wp\/v2\/pages"}],"about":[{"href":"https:\/\/ap.com.al\/index.php?rest_route=\/wp\/v2\/types\/page"}],"author":[{"embeddable":true,"href":"https:\/\/ap.com.al\/index.php?rest_route=\/wp\/v2\/users\/2"}],"replies":[{"embeddable":true,"href":"https:\/\/ap.com.al\/index.php?rest_route=%2Fwp%2Fv2%2Fcomments&post=9485"}],"version-history":[{"count":3,"href":"https:\/\/ap.com.al\/index.php?rest_route=\/wp\/v2\/pages\/9485\/revisions"}],"predecessor-version":[{"id":9492,"href":"https:\/\/ap.com.al\/index.php?rest_route=\/wp\/v2\/pages\/9485\/revisions\/9492"}],"wp:attachment":[{"href":"https:\/\/ap.com.al\/index.php?rest_route=%2Fwp%2Fv2%2Fmedia&parent=9485"}],"curies":[{"name":"wp","href":"https:\/\/api.w.org\/{rel}","templated":true}]}}