{"id":9497,"date":"2025-07-23T05:58:22","date_gmt":"2025-07-23T05:58:22","guid":{"rendered":"https:\/\/ap.com.al\/?page_id=9497"},"modified":"2025-07-23T05:58:23","modified_gmt":"2025-07-23T05:58:23","slug":"shkaqet-dhe-masat-kunder-kafshimit-te-bishtit-te-derrat","status":"publish","type":"page","link":"https:\/\/ap.com.al\/?page_id=9497","title":{"rendered":"Shkaqet dhe masat kund\u00ebr kafshimit t\u00eb bishtit te derrat"},"content":{"rendered":"\n<p><\/p>\n\n\n\n<p><\/p>\n\n\n\n<style>\n  #oniiii{\n    background-image:url(\"https:\/\/ap.com.al\/wp-content\/uploads\/2025\/07\/Artikull-banner-1.png\");\n    padding-bottom: 32%;\n    background-position:center left;\n    background-repeat: no-repeat;\n    background-size:cover;\n  }\n  <\/style>\n  <script src=\"https:\/\/code.jquery.com\/jquery-3.5.0.js\">\n<\/script>\n\n<div id=\"oniiii\"><\/div>\n \n<script>\n$( \"#oniiii\" ).insertBefore( \".container_wrap_first\" );\n<\/script>\n\n\n\n<div class=\"wp-block-columns\" id=\"containerr\">\n<div class=\"wp-block-column\">\n<div class=\"avia_textblock\" itemprop=\"text\"><h4 style=\"color:#005a8c;\n\">Shkaqet dhe masat kund\u00ebr kafshimit t\u00eb bishtit te derrat<\/h4>\n<p align=\"right\">\n   P\u00ebrpunuar nga Klevis Xhardja\n<\/p>\n<\/div>\n<\/div>\n<\/div>\n\n\n\n<div class=\"wp-block-columns\" id=\"containerr\">\n<div class=\"wp-block-column\">\n<div class=\"detail__certificates-item-icon\">\n<img decoding=\"async\" alt=\"SCHAUMALAC M 70 \" src=\"https:\/\/ap.com.al\/wp-content\/uploads\/2022\/03\/Asset-54-1.png\">\n<\/div>\n<\/div>\n<\/div>\n\n\n\n<div class=\"wp-block-columns\" id=\"containerr\">\n<div class=\"wp-block-column\">\n<figure class=\"wp-block-image size-full\"><img loading=\"lazy\" decoding=\"async\" width=\"759\" height=\"463\" src=\"https:\/\/ap.com.al\/wp-content\/uploads\/2025\/07\/image-16.png\" alt=\"\" class=\"wp-image-9499\" srcset=\"https:\/\/ap.com.al\/wp-content\/uploads\/2025\/07\/image-16.png 759w, https:\/\/ap.com.al\/wp-content\/uploads\/2025\/07\/image-16-300x183.png 300w, https:\/\/ap.com.al\/wp-content\/uploads\/2025\/07\/image-16-705x430.png 705w, https:\/\/ap.com.al\/wp-content\/uploads\/2025\/07\/image-16-450x275.png 450w\" sizes=\"auto, (max-width: 759px) 100vw, 759px\" \/><\/figure>\n\n\n\n<div class=\"blue_marker_list\">\n<h4 style=\"padding-top: 20px;\">Derrat e majm\u00ebris\u00eb<\/h4>\n<p align=\"justify\" style=\"margin-bottom: 0;\">Kur shfaqet kafshimi i bishtit n\u00eb stall\u00ebn e derrave, s\u00eb pari duhet kontrolluar gjithmon\u00eb klima e stall\u00ebs!\nKafshimi i bishtit te derrat, i cili her\u00eb pas here shoq\u00ebrohet me kanibaliz\u00ebm pasues, i atribuohet kryesisht ndikimeve t\u00eb ndryshme mjedisore. Shkaku i jasht\u00ebm \u00ebsht\u00eb zakonisht nj\u00eb d\u00ebmtim i bishtit, pas t\u00eb cilit kafsh\u00ebt &#8220;l\u00ebpijn\u00eb gjak&#8221; dhe k\u00ebshtu t\u00ebrheqin v\u00ebmendjen e shok\u00ebve t\u00eb tyre.\n<p align=\"justify\" style=\"margin-bottom: 0;\">Lag\u00ebshtia e tep\u00ebrt e ajrit n\u00eb stall\u00eb rrit agresivitetin e derrave. Po ashtu, p\u00ebrqendrimet e larta t\u00eb gazrave t\u00eb d\u00ebmsh\u00ebm (sidomos amoniaku), rrymat e ajrit, mbipopullimi dhe mbajtja pa shtres\u00eb n\u00eb dysheme me grila mund ta thellojn\u00eb problemin.\n<p align=\"justify\" style=\"margin-bottom: 0;\">Ndonj\u00ebher\u00eb, edhe m\u00ebrzitja (ose mungesa e stimulimit mjedisor) e k\u00ebtyre kafsh\u00ebve shum\u00eb inteligjente b\u00ebhet p\u00ebrgjegj\u00ebse p\u00ebr kafshimin e bishtit. N\u00eb k\u00ebto raste, shpesh ndihmon ofrimi i kasht\u00ebs ose lodrave n\u00eb form\u00ebn e zinxhir\u00ebve metalik\u00eb apo objekteve t\u00eb ngjashme n\u00eb box.\n<p align=\"justify\" style=\"margin-bottom: 0;\">Por duhet analizuar me kujdes edhe aspekti i ushqyerjes. A \u00ebsht\u00eb ndryshuar koh\u00ebt e fundit formula e ushqimit? Mungesa e proteinave, si dhe p\u00ebrmbajtja tep\u00ebr e lart\u00eb e energjis\u00eb nga drith\u00ebrat (si gruri dhe misri), kur shoq\u00ebrohen me munges\u00eb t\u00eb fibrave ushqimore, jan\u00eb shkaku m\u00eb i shpesht\u00eb. Gjithashtu diskutohet nj\u00eb munges\u00eb e mineraleve dhe vitaminave, si dhe prania e mundshme e mikotoksinave n\u00eb ushqim. Shtimi i p\u00ebrzierjeve t\u00eb posa\u00e7me minerale dhe aromatizuese siguron p\u00ebrgjith\u00ebsisht kafsh\u00eb m\u00eb t\u00eb qeta dhe t\u00eb ekuilibruara, dhe k\u00ebshtu, n\u00eb nj\u00eb far\u00eb mase, mund t\u00eb kontribuoj\u00eb n\u00eb reduktimin e problemit t\u00eb kafshimit t\u00eb bishtit. Nd\u00ebrsa akaridet e zgjebes (R\u00e4udemilben) b\u00ebhen p\u00ebrgjegj\u00ebse kryesisht p\u00ebr kafshimin e vesh\u00ebve, te kafshimi i bishtit duhet menduar gjithashtu p\u00ebr nj\u00eb prani t\u00eb mundshme t\u00eb parazit\u00ebve t\u00eb brendsh\u00ebm (krimbave) te kafsh\u00ebt.\n<p align=\"justify\" style=\"margin-bottom: 0;\">L\u00ebkundja e shtuar e bishtave t\u00eb derrave t\u00ebrheq v\u00ebmendjen e kafsh\u00ebve t\u00eb tjera t\u00eb grupit, t\u00eb cilat m\u00eb pas fillojn\u00eb t\u00eb luajn\u00eb me bishtin. Kur rrjedh gjaku i par\u00eb, kanibalizmi fillon shpejt. N\u00eb thelb, n\u00eb box-in e prekur duhet kontrolluar gjithashtu valvulat e ujit t\u00eb pijsh\u00ebm. K\u00ebto mund t\u00eb bllokohen nga papast\u00ebrtit\u00eb. Edhe mungesa e ujit do t\u00eb ishte nj\u00eb shkak i mundsh\u00ebm p\u00ebr \u00e7rregullimin e sjelljes n\u00eb fjal\u00eb.<\/p>\n<\/div>\n<\/div>\n<\/div>\n\n\n\n<p><\/p>\n","protected":false},"excerpt":{"rendered":"<p>Shkaqet dhe masat kund\u00ebr kafshimit t\u00eb bishtit te derrat P\u00ebrpunuar nga Klevis Xhardja Derrat e majm\u00ebris\u00eb Kur shfaqet kafshimi i bishtit n\u00eb stall\u00ebn e derrave, s\u00eb pari duhet kontrolluar gjithmon\u00eb klima e stall\u00ebs! Kafshimi i bishtit te derrat, i cili her\u00eb pas here shoq\u00ebrohet me kanibaliz\u00ebm pasues, i atribuohet kryesisht ndikimeve t\u00eb ndryshme mjedisore. Shkaku [&hellip;]<\/p>\n","protected":false},"author":2,"featured_media":0,"parent":0,"menu_order":0,"comment_status":"closed","ping_status":"closed","template":"","meta":{"inline_featured_image":false,"footnotes":""},"class_list":["post-9497","page","type-page","status-publish","hentry"],"yoast_head":"<!-- This site is optimized with the Yoast SEO plugin v18.9 - https:\/\/yoast.com\/wordpress\/plugins\/seo\/ -->\n<title>Shkaqet dhe masat kund\u00ebr kafshimit t\u00eb bishtit te derrat - Austria Praemix<\/title>\n<meta name=\"robots\" content=\"index, follow, max-snippet:-1, max-image-preview:large, max-video-preview:-1\" \/>\n<link rel=\"canonical\" href=\"https:\/\/ap.com.al\/?page_id=9497\" \/>\n<meta property=\"og:locale\" content=\"en_US\" \/>\n<meta property=\"og:type\" content=\"article\" \/>\n<meta property=\"og:title\" content=\"Shkaqet dhe masat kund\u00ebr kafshimit t\u00eb bishtit te derrat - Austria Praemix\" \/>\n<meta property=\"og:description\" content=\"Shkaqet dhe masat kund\u00ebr kafshimit t\u00eb bishtit te derrat P\u00ebrpunuar nga Klevis Xhardja Derrat e majm\u00ebris\u00eb Kur shfaqet kafshimi i bishtit n\u00eb stall\u00ebn e derrave, s\u00eb pari duhet kontrolluar gjithmon\u00eb klima e stall\u00ebs! Kafshimi i bishtit te derrat, i cili her\u00eb pas here shoq\u00ebrohet me kanibaliz\u00ebm pasues, i atribuohet kryesisht ndikimeve t\u00eb ndryshme mjedisore. Shkaku [&hellip;]\" \/>\n<meta property=\"og:url\" content=\"https:\/\/ap.com.al\/?page_id=9497\" \/>\n<meta property=\"og:site_name\" content=\"Austria Praemix\" \/>\n<meta property=\"article:publisher\" content=\"https:\/\/www.facebook.com\/austriapraemiks\/\" \/>\n<meta property=\"article:modified_time\" content=\"2025-07-23T05:58:23+00:00\" \/>\n<meta property=\"og:image\" content=\"https:\/\/ap.com.al\/wp-content\/uploads\/2022\/03\/Asset-54-1.png\" \/>\n<meta name=\"twitter:card\" content=\"summary_large_image\" \/>\n<meta name=\"twitter:label1\" content=\"Est. reading time\" \/>\n\t<meta name=\"twitter:data1\" content=\"1 minute\" \/>\n<script type=\"application\/ld+json\" class=\"yoast-schema-graph\">{\"@context\":\"https:\/\/schema.org\",\"@graph\":[{\"@type\":\"Organization\",\"@id\":\"https:\/\/ap.com.al\/#organization\",\"name\":\"Austria Preamix\",\"url\":\"https:\/\/ap.com.al\/\",\"sameAs\":[\"https:\/\/www.instagram.com\/austriapraemix\/\",\"https:\/\/www.facebook.com\/austriapraemiks\/\"],\"logo\":{\"@type\":\"ImageObject\",\"inLanguage\":\"en-US\",\"@id\":\"https:\/\/ap.com.al\/#\/schema\/logo\/image\/\",\"url\":\"https:\/\/ap.com.al\/wp-content\/uploads\/2022\/02\/AP-logo.png\",\"contentUrl\":\"https:\/\/ap.com.al\/wp-content\/uploads\/2022\/02\/AP-logo.png\",\"width\":3358,\"height\":1616,\"caption\":\"Austria Preamix\"},\"image\":{\"@id\":\"https:\/\/ap.com.al\/#\/schema\/logo\/image\/\"}},{\"@type\":\"WebSite\",\"@id\":\"https:\/\/ap.com.al\/#website\",\"url\":\"https:\/\/ap.com.al\/\",\"name\":\"Austria Praemix\",\"description\":\"\",\"publisher\":{\"@id\":\"https:\/\/ap.com.al\/#organization\"},\"potentialAction\":[{\"@type\":\"SearchAction\",\"target\":{\"@type\":\"EntryPoint\",\"urlTemplate\":\"https:\/\/ap.com.al\/?s={search_term_string}\"},\"query-input\":\"required name=search_term_string\"}],\"inLanguage\":\"en-US\"},{\"@type\":\"ImageObject\",\"inLanguage\":\"en-US\",\"@id\":\"https:\/\/ap.com.al\/?page_id=9497#primaryimage\",\"url\":\"https:\/\/ap.com.al\/wp-content\/uploads\/2022\/03\/Asset-54-1.png\",\"contentUrl\":\"https:\/\/ap.com.al\/wp-content\/uploads\/2022\/03\/Asset-54-1.png\",\"width\":355,\"height\":354},{\"@type\":\"WebPage\",\"@id\":\"https:\/\/ap.com.al\/?page_id=9497#webpage\",\"url\":\"https:\/\/ap.com.al\/?page_id=9497\",\"name\":\"Shkaqet dhe masat kund\u00ebr kafshimit t\u00eb bishtit te derrat - Austria Praemix\",\"isPartOf\":{\"@id\":\"https:\/\/ap.com.al\/#website\"},\"primaryImageOfPage\":{\"@id\":\"https:\/\/ap.com.al\/?page_id=9497#primaryimage\"},\"datePublished\":\"2025-07-23T05:58:22+00:00\",\"dateModified\":\"2025-07-23T05:58:23+00:00\",\"breadcrumb\":{\"@id\":\"https:\/\/ap.com.al\/?page_id=9497#breadcrumb\"},\"inLanguage\":\"en-US\",\"potentialAction\":[{\"@type\":\"ReadAction\",\"target\":[\"https:\/\/ap.com.al\/?page_id=9497\"]}]},{\"@type\":\"BreadcrumbList\",\"@id\":\"https:\/\/ap.com.al\/?page_id=9497#breadcrumb\",\"itemListElement\":[{\"@type\":\"ListItem\",\"position\":1,\"name\":\"Home\",\"item\":\"https:\/\/ap.com.al\/\"},{\"@type\":\"ListItem\",\"position\":2,\"name\":\"Shkaqet dhe masat kund\u00ebr kafshimit t\u00eb bishtit te derrat\"}]}]}<\/script>\n<!-- \/ Yoast SEO plugin. -->","yoast_head_json":{"title":"Shkaqet dhe masat kund\u00ebr kafshimit t\u00eb bishtit te derrat - Austria Praemix","robots":{"index":"index","follow":"follow","max-snippet":"max-snippet:-1","max-image-preview":"max-image-preview:large","max-video-preview":"max-video-preview:-1"},"canonical":"https:\/\/ap.com.al\/?page_id=9497","og_locale":"en_US","og_type":"article","og_title":"Shkaqet dhe masat kund\u00ebr kafshimit t\u00eb bishtit te derrat - Austria Praemix","og_description":"Shkaqet dhe masat kund\u00ebr kafshimit t\u00eb bishtit te derrat P\u00ebrpunuar nga Klevis Xhardja Derrat e majm\u00ebris\u00eb Kur shfaqet kafshimi i bishtit n\u00eb stall\u00ebn e derrave, s\u00eb pari duhet kontrolluar gjithmon\u00eb klima e stall\u00ebs! Kafshimi i bishtit te derrat, i cili her\u00eb pas here shoq\u00ebrohet me kanibaliz\u00ebm pasues, i atribuohet kryesisht ndikimeve t\u00eb ndryshme mjedisore. Shkaku [&hellip;]","og_url":"https:\/\/ap.com.al\/?page_id=9497","og_site_name":"Austria Praemix","article_publisher":"https:\/\/www.facebook.com\/austriapraemiks\/","article_modified_time":"2025-07-23T05:58:23+00:00","og_image":[{"url":"https:\/\/ap.com.al\/wp-content\/uploads\/2022\/03\/Asset-54-1.png"}],"twitter_card":"summary_large_image","twitter_misc":{"Est. reading time":"1 minute"},"schema":{"@context":"https:\/\/schema.org","@graph":[{"@type":"Organization","@id":"https:\/\/ap.com.al\/#organization","name":"Austria Preamix","url":"https:\/\/ap.com.al\/","sameAs":["https:\/\/www.instagram.com\/austriapraemix\/","https:\/\/www.facebook.com\/austriapraemiks\/"],"logo":{"@type":"ImageObject","inLanguage":"en-US","@id":"https:\/\/ap.com.al\/#\/schema\/logo\/image\/","url":"https:\/\/ap.com.al\/wp-content\/uploads\/2022\/02\/AP-logo.png","contentUrl":"https:\/\/ap.com.al\/wp-content\/uploads\/2022\/02\/AP-logo.png","width":3358,"height":1616,"caption":"Austria Preamix"},"image":{"@id":"https:\/\/ap.com.al\/#\/schema\/logo\/image\/"}},{"@type":"WebSite","@id":"https:\/\/ap.com.al\/#website","url":"https:\/\/ap.com.al\/","name":"Austria Praemix","description":"","publisher":{"@id":"https:\/\/ap.com.al\/#organization"},"potentialAction":[{"@type":"SearchAction","target":{"@type":"EntryPoint","urlTemplate":"https:\/\/ap.com.al\/?s={search_term_string}"},"query-input":"required name=search_term_string"}],"inLanguage":"en-US"},{"@type":"ImageObject","inLanguage":"en-US","@id":"https:\/\/ap.com.al\/?page_id=9497#primaryimage","url":"https:\/\/ap.com.al\/wp-content\/uploads\/2022\/03\/Asset-54-1.png","contentUrl":"https:\/\/ap.com.al\/wp-content\/uploads\/2022\/03\/Asset-54-1.png","width":355,"height":354},{"@type":"WebPage","@id":"https:\/\/ap.com.al\/?page_id=9497#webpage","url":"https:\/\/ap.com.al\/?page_id=9497","name":"Shkaqet dhe masat kund\u00ebr kafshimit t\u00eb bishtit te derrat - Austria Praemix","isPartOf":{"@id":"https:\/\/ap.com.al\/#website"},"primaryImageOfPage":{"@id":"https:\/\/ap.com.al\/?page_id=9497#primaryimage"},"datePublished":"2025-07-23T05:58:22+00:00","dateModified":"2025-07-23T05:58:23+00:00","breadcrumb":{"@id":"https:\/\/ap.com.al\/?page_id=9497#breadcrumb"},"inLanguage":"en-US","potentialAction":[{"@type":"ReadAction","target":["https:\/\/ap.com.al\/?page_id=9497"]}]},{"@type":"BreadcrumbList","@id":"https:\/\/ap.com.al\/?page_id=9497#breadcrumb","itemListElement":[{"@type":"ListItem","position":1,"name":"Home","item":"https:\/\/ap.com.al\/"},{"@type":"ListItem","position":2,"name":"Shkaqet dhe masat kund\u00ebr kafshimit t\u00eb bishtit te derrat"}]}]}},"_links":{"self":[{"href":"https:\/\/ap.com.al\/index.php?rest_route=\/wp\/v2\/pages\/9497","targetHints":{"allow":["GET"]}}],"collection":[{"href":"https:\/\/ap.com.al\/index.php?rest_route=\/wp\/v2\/pages"}],"about":[{"href":"https:\/\/ap.com.al\/index.php?rest_route=\/wp\/v2\/types\/page"}],"author":[{"embeddable":true,"href":"https:\/\/ap.com.al\/index.php?rest_route=\/wp\/v2\/users\/2"}],"replies":[{"embeddable":true,"href":"https:\/\/ap.com.al\/index.php?rest_route=%2Fwp%2Fv2%2Fcomments&post=9497"}],"version-history":[{"count":5,"href":"https:\/\/ap.com.al\/index.php?rest_route=\/wp\/v2\/pages\/9497\/revisions"}],"predecessor-version":[{"id":9504,"href":"https:\/\/ap.com.al\/index.php?rest_route=\/wp\/v2\/pages\/9497\/revisions\/9504"}],"wp:attachment":[{"href":"https:\/\/ap.com.al\/index.php?rest_route=%2Fwp%2Fv2%2Fmedia&parent=9497"}],"curies":[{"name":"wp","href":"https:\/\/api.w.org\/{rel}","templated":true}]}}