{"id":9580,"date":"2025-08-14T09:36:57","date_gmt":"2025-08-14T09:36:57","guid":{"rendered":"https:\/\/ap.com.al\/?page_id=9580"},"modified":"2025-08-14T09:36:58","modified_gmt":"2025-08-14T09:36:58","slug":"zinku-kunder-diarrese-te-gicat-qasje-alternative","status":"publish","type":"page","link":"https:\/\/ap.com.al\/?page_id=9580","title":{"rendered":"Zinku kund\u00ebr diarres\u00eb te gicat: Qasje alternative"},"content":{"rendered":"\n<p><\/p>\n\n\n\n<p><\/p>\n\n\n\n<style>\n  #oniiii{\n    background-image:url(\"https:\/\/ap.com.al\/wp-content\/uploads\/2025\/08\/Artikull-banner-4.png\");\n    padding-bottom: 32%;\n    background-position:center left;\n    background-repeat: no-repeat;\n    background-size:cover;\n  }\n  <\/style>\n  <script src=\"https:\/\/code.jquery.com\/jquery-3.5.0.js\">\n<\/script>\n\n<div id=\"oniiii\"><\/div>\n \n<script>\n$( \"#oniiii\" ).insertBefore( \".container_wrap_first\" );\n<\/script>\n\n\n\n<div class=\"wp-block-columns\" id=\"containerr\">\n<div class=\"wp-block-column\">\n<div class=\"avia_textblock\" itemprop=\"text\"><h4 style=\"color:#005a8c;\n\">Zinku kund\u00ebr diarres\u00eb te gicat: Qasje alternative<\/h4>\n<p align=\"right\">\n   P\u00ebrpunuar nga Klevis Xhardja\n<\/p>\n<\/div>\n<\/div>\n<\/div>\n\n\n\n<div class=\"wp-block-columns\" id=\"containerr\">\n<div class=\"wp-block-column\">\n<div class=\"detail__certificates-item-icon\">\n<img decoding=\"async\" alt=\"SCHAUMALAC M 70 \" src=\"https:\/\/ap.com.al\/wp-content\/uploads\/2022\/03\/Asset-54-1.png\">\n<\/div>\n<\/div>\n<\/div>\n\n\n\n<div class=\"wp-block-columns\" id=\"containerr\">\n<div class=\"wp-block-column\">\n<div class=\"blue_marker_list\">\n<p align=\"justify\" style=\"margin-bottom: 0;\">Ushqimi i gicave me p\u00ebrmbajtje t\u00eb lart\u00eb zinku ndihmon kund\u00ebr diarres\u00eb pas shk\u00ebputjes nga qum\u00ebshti. Por, meqen\u00ebse Bashkimi Evropian do t\u00eb ndaloj\u00eb shtesat terapeutike t\u00eb zinkut n\u00eb t\u00eb ardhmen, cilat jan\u00eb qasjet alternative q\u00eb mbeten?\nDiarreja pas shk\u00ebputjes nga qum\u00ebshti te gicat \u00ebsht\u00eb nj\u00eb problem i shpesht\u00eb. Kjo ndodh pasi humbja e qum\u00ebshtit t\u00eb m\u00ebm\u00ebs dhe ndryshimi i mjedisit, si dhe rigrupimi i b\u00ebjn\u00eb gicat t\u00eb ndjesh\u00ebm ndaj s\u00ebmundjeve n\u00eb 14 dit\u00ebt pas shk\u00ebputjes.\nBakteri E. coli shpesh gjendet n\u00eb fe\u00e7et me diarre gjat\u00eb faz\u00ebs s\u00eb hershme t\u00eb rritjes. K\u00ebta patogjen\u00eb mund t\u00eb shumohen shpejt n\u00eb zorr\u00ebn e holl\u00eb, pasi sistemi i tretjes s\u00eb gicit duhet fillimisht t\u00eb p\u00ebrshtatet me ushqimin e ngurt\u00eb. N\u00eb var\u00ebsi t\u00eb llojit t\u00eb E. coli, mund t\u00eb shfaqen diarre t\u00eb r\u00ebnda dhe madje edhe edema.\n\u00cbsht\u00eb shum\u00eb e r\u00ebnd\u00ebsishme q\u00eb kujdestar\u00ebt e kafsh\u00ebve ta dallojn\u00eb dhe trajtojn\u00eb diarren\u00eb n\u00eb koh\u00eb, sepse p\u00ebrve\u00e7 performanc\u00ebs m\u00eb t\u00eb dob\u00ebt t\u00eb rritjes dhe konvertimit ushqimor, mund t\u00eb ndodhin edhe humbje totale t\u00eb kafsh\u00ebve.\nShpesh \u00ebsht\u00eb i domosdosh\u00ebm nj\u00eb trajtim me antibiotik\u00eb. Si rregull, gicat trajtohen oralisht p\u00ebr pes\u00eb deri n\u00eb shtat\u00eb dit\u00eb n\u00ebp\u00ebrmjet ujit ose ushqimit. Antibiotik\u00ebt si kolistina dhe neomicina kan\u00eb rezultuar efektiv\u00eb.\nMegjithat\u00eb, trajtimet masive me antibiotik\u00eb po shihen gjithnj\u00eb e m\u00eb shum\u00eb me sy kritik n\u00eb mbar\u00ebshtimin e gicave. P\u00ebr shkak t\u00eb monitorimit shtet\u00ebror t\u00eb antibiotik\u00ebve, shum\u00eb ferma d\u00ebshirojn\u00eb t\u00eb reduktojn\u00eb p\u00ebrdorimin e medikamenteve. P\u00ebrve\u00e7 k\u00ebsaj, Organizata Bot\u00ebrore e Sh\u00ebndet\u00ebsis\u00eb e ka p\u00ebrcaktuar kolistin\u00ebn si nj\u00eb antibiotik rezerv\u00eb p\u00ebr mjek\u00ebsin\u00eb njer\u00ebzore. K\u00ebshtu, veteriner\u00ebt duhet ta p\u00ebrshkruajn\u00eb at\u00eb vet\u00ebm n\u00eb raste urgjente.<\/p>\n<h4 style=\"padding-top: 20px;\">Zinku si alternativ\u00eb<\/h4>\n<p align=\"justify\" style=\"margin-bottom: 0;\">P\u00ebr shkak t\u00eb situat\u00ebs, n\u00eb praktik\u00eb k\u00ebrkohen qasje p\u00ebr faz\u00ebn e shk\u00ebputjes nga qum\u00ebshti q\u00eb nuk k\u00ebrkojn\u00eb antibiotik\u00eb. P\u00ebrve\u00e7 shtimit t\u00eb acideve p\u00ebrmes ushqimit ose ujit dhe p\u00ebrdorimit t\u00eb probiotik\u00ebve, aditiv\u00ebt ushqimor\u00eb luajn\u00eb gjithashtu nj\u00eb rol t\u00eb r\u00ebnd\u00ebsish\u00ebm.\nShtimi i oksidit t\u00eb zinkut p\u00ebrmes ushqimit mund t\u00eb zvog\u00ebloj\u00eb rrezikun e diarres\u00eb. Nj\u00eb aspekt i r\u00ebnd\u00ebsish\u00ebm \u00ebsht\u00eb se zinku mund t\u00eb forcoj\u00eb funksionin barrier\u00eb t\u00eb qelizave t\u00eb zorr\u00ebve. Kjo parandalon q\u00eb endotoksinat e \u00e7liruara nga patogjen\u00ebt e diarres\u00eb t\u00eb hyjn\u00eb n\u00eb gjak. N\u00eb t\u00eb nj\u00ebjt\u00ebn koh\u00eb, zinku thuhet se mb\u00ebshtet mikrobiot\u00ebn e dobishme t\u00eb zorr\u00ebve dhe pengon mikroorganizmat patogjen\u00eb.\n<\/p>\n<h4 style=\"padding-top: 20px;\">Nevojitet doz\u00eb e lart\u00eb<\/h4>\n<p align=\"justify\" style=\"margin-bottom: 0;\">Megjithat\u00eb, efekti pozitiv i oksidit t\u00eb zinkut varet shum\u00eb nga doza. Ky element gjurm\u00eb mund t\u00eb shtyp\u00eb patogjen\u00ebt e diarres\u00eb vet\u00ebm n\u00eb doza t\u00eb larta, t\u00eb ashtuquajtura terapeutike, prej m\u00eb shum\u00eb se 2000 ppm (pjes\u00eb p\u00ebr milion). Dhe pik\u00ebrisht k\u00ebtu q\u00ebndron problemi: Ligji gjerman p\u00ebr ushqimet lejon nj\u00eb maksimum prej 150 ppm oksid zinku p\u00ebr derrat.\nN\u00ebse d\u00ebshiron t\u00eb p\u00ebrdor\u00ebsh mikroelementin n\u00eb doza m\u00eb t\u00eb larta, k\u00ebrkohet nj\u00eb recet\u00eb nga veterineri i ferm\u00ebs. N\u00eb thelb, ekzistojn\u00eb dy m\u00ebnyra ose preparate q\u00eb p\u00ebrdoren p\u00ebr k\u00ebt\u00eb:\n<\/p>\n<p align=\"justify\" style=\"margin-bottom: 0;\">\u2022\tP\u00ebrzierje mjek\u00ebsore e oksidit t\u00eb past\u00ebr t\u00eb zinkut: Veterineri mund t\u00eb p\u00ebrshkruaj\u00eb oksid t\u00eb past\u00ebr zinku si nj\u00eb p\u00ebrzierje mjek\u00ebsore. Megjithat\u00eb, preparati mund t\u00eb p\u00ebrzihet vet\u00ebm nga fabrika t\u00eb specializuara ushqimi q\u00eb kan\u00eb nj\u00eb licenc\u00eb prodhimi sipas Ligjit p\u00ebr Medikamentet. Vet\u00ebm nj\u00eb pjes\u00eb e vog\u00ebl e prodhuesve n\u00eb Gjermani p\u00ebrmbushin aktualisht k\u00ebto k\u00ebrkesa strikte. Prandaj, r\u00ebnd\u00ebsia e oksidit t\u00eb past\u00ebr t\u00eb zinkut n\u00eb doza t\u00eb larta po bie ndjesh\u00ebm.\n<\/p>\n<p align=\"justify\" style=\"margin-bottom: 0;\">\u2022\tKombinimi me kolistin\u00eb: Veterineri mund t\u00eb p\u00ebrshkruaj\u00eb nj\u00eb kombinim t\u00eb antibiotikut kolistin\u00eb dhe oksidit t\u00eb zinkut me doz\u00eb t\u00eb lart\u00eb, i njohur me emrin tregtar Enteroxid. Fermer\u00ebt lejohen ta p\u00ebrziejn\u00eb vet\u00eb k\u00ebt\u00eb produkt, si nj\u00eb produkt mjek\u00ebsor i gatsh\u00ebm, pasi ka miratim p\u00ebr trajtimin oral t\u00eb kafsh\u00ebve individuale ose grupeve. Megjithat\u00eb, edhe p\u00ebrdorimi i k\u00ebtij produkti t\u00eb kombinuar \u00ebsht\u00eb n\u00eb r\u00ebnie p\u00ebr shkak t\u00eb pranis\u00eb s\u00eb kolistin\u00ebs dhe arsyeve t\u00eb p\u00ebrmendura m\u00eb sip\u00ebr.\n<\/p>\n<h4 style=\"padding-top: 20px;\">BE kufizon p\u00ebrdorimin e zinkut<\/h4>\n<p align=\"justify\" style=\"margin-bottom: 0;\">BE-ja ka ndaluar p\u00ebrdorimin e zinkut n\u00eb doza t\u00eb larta terapeutike n\u00eb vitin 2017. Ajo u la shteteve an\u00ebtare nj\u00eb periudh\u00eb kalimtare deri n\u00eb pes\u00eb vjet. N\u00eb Holand\u00eb, leja p\u00ebr administrimin terapeutik t\u00eb zinkut skadoi n\u00eb pranver\u00ebn e vitit 2018. Gjermania d\u00ebshiron t\u00eb ndaloj\u00eb afatin, por deri n\u00eb fund t\u00eb vitit 2022, edhe aty do t&#8217;i jepet fund dozave terapeutike t\u00eb zinkut. Pas k\u00ebsaj, do t\u00eb zbatohet kufiri prej 150 ppm zink n\u00eb ushqimin e gicave.\n<\/p>\n<\/div>\n\n\n\n<figure class=\"wp-block-image size-full\"><img loading=\"lazy\" decoding=\"async\" width=\"535\" height=\"480\" src=\"https:\/\/ap.com.al\/wp-content\/uploads\/2025\/08\/image.png\" alt=\"\" class=\"wp-image-9583\" srcset=\"https:\/\/ap.com.al\/wp-content\/uploads\/2025\/08\/image.png 535w, https:\/\/ap.com.al\/wp-content\/uploads\/2025\/08\/image-300x269.png 300w, https:\/\/ap.com.al\/wp-content\/uploads\/2025\/08\/image-450x404.png 450w\" sizes=\"auto, (max-width: 535px) 100vw, 535px\" \/><\/figure>\n\n\n\n<div class=\"blue_marker_list\">\n<p align=\"justify\" style=\"margin-bottom: 0;\">Ndalimi i rrept\u00eb i shtesave me zink t\u00eb lart\u00eb ka dy arsye kryesore:\n<\/p>\n<p align=\"justify\" style=\"margin-bottom: 0;\">\u2022\tZinku \u00ebsht\u00eb nj\u00eb metal i r\u00ebnd\u00eb i d\u00ebmsh\u00ebm. Hulumtimet daneze tregojn\u00eb se gicat ekskretojn\u00eb sasi t\u00eb konsiderueshme zinku kur e konsumojn\u00eb n\u00eb doza t\u00eb larta. Metali i r\u00ebnd\u00eb m\u00eb pas mund t\u00eb grumbullohet n\u00eb tok\u00eb p\u00ebrmes plehut.\n<\/p>\n<p align=\"justify\" style=\"margin-bottom: 0;\">\u2022\tZinku mund t\u00eb nxis\u00eb zhvillimin e rezistenc\u00ebs ndaj antibiotik\u00ebve p\u00ebrmes t\u00eb ashtuquajtur\u00ebs bashk\u00eb-p\u00ebrzgjedhje. Kjo ndodh sepse rezistenca ndaj antibiotik\u00ebve dhe rezistenca ndaj zinkut mund t\u00eb transmetohen p\u00ebrmes t\u00eb nj\u00ebjtave molekula.\n<\/p>\n<h4 style=\"padding-top: 20px;\">Produkte t\u00eb reja n\u00eb treg<\/h4>\n<p align=\"justify\" style=\"margin-bottom: 0;\">Industria po reagon ndaj kufizimeve duke zhvilluar formula t\u00eb reja me baz\u00eb zinku. K\u00ebto duhet t\u00eb jen\u00eb pa shtimin e antibiotik\u00ebve dhe t\u00eb jen\u00eb n\u00eb p\u00ebrputhje me kufijt\u00eb e dozave sipas ligjit p\u00ebr ushqimet. P\u00ebr t\u00eb forcuar sh\u00ebndetin e zorr\u00ebve edhe me doza t\u00eb kufizuara, q\u00ebllimi \u00ebsht\u00eb t\u00eb rritet biodisponueshm\u00ebria e zinkut n\u00eb kafsh\u00eb. \u00cbsht\u00eb e r\u00ebnd\u00ebsishme q\u00eb ky element gjurm\u00eb t\u00eb mbrohet n\u00eb stomak, pasi zinku reagon shpejt me p\u00ebrb\u00ebr\u00ebsit e tjer\u00eb t\u00eb ushqimit dhe shp\u00ebrb\u00ebhet n\u00eb pjes\u00ebn e par\u00eb t\u00eb traktit tret\u00ebs. N\u00eb vendin e duhur t\u00eb veprimit, n\u00eb zorr\u00eb, nuk mbetet pothuajse asnj\u00eb zink jonik.\nProdhuesit p\u00ebrpiqen t\u00eb ngadal\u00ebsojn\u00eb shp\u00ebrb\u00ebrjen e zinkut n\u00eb stomak duke p\u00ebrdorur forma t\u00eb ndryshme enkapsulimi. Administrimi si nj\u00eb mikroelement i lidhur organikisht dhe zmadhimi i sip\u00ebrfaqes s\u00eb reaksionit duhet t\u00eb rris\u00eb gjithashtu efektivitetin e zinkut. P\u00ebr shembull, nj\u00eb prodhues p\u00ebrdor nj\u00eb proces t\u00eb ve\u00e7ant\u00eb n\u00eb nj\u00eb mulli me dridhje p\u00ebr t\u00eb zgjeruar sip\u00ebrfaqen. K\u00ebrkimet tregojn\u00eb se preparatet e reja t\u00eb zinkut kan\u00eb nj\u00eb efekt nxit\u00ebs t\u00eb sh\u00ebndetit, por ato nuk arrijn\u00eb efektin farmakologjik t\u00eb dozave t\u00eb larta t\u00eb zinkut t\u00eb lejuara deri n\u00eb fund t\u00eb vitit 2022.\n<\/p>\n<h4 style=\"padding-top: 20px;\">P\u00ebrfundim<\/h4>\n<p align=\"justify\" style=\"margin-bottom: 0;\">Dozat e larta t\u00eb zinkut n\u00eb ushqim mund t\u00eb leht\u00ebsojn\u00eb diarren\u00eb e shk\u00ebputjes nga qum\u00ebshti.\nMegjithat\u00eb, zinku i ekskretuar grumbullohet si nj\u00eb metal i r\u00ebnd\u00eb n\u00eb tok\u00eb. Prandaj, doza t\u00eb larta terapeutike t\u00eb zinkut jan\u00eb t\u00eb ndaluara n\u00eb t\u00eb ardhmen.\nPreparatet e reja t\u00eb zinkut plot\u00ebsojn\u00eb k\u00ebrkesat m\u00eb t\u00eb rrepta dhe nuk k\u00ebrkojn\u00eb recet\u00eb. Ato stabilizojn\u00eb zorr\u00ebt, por nuk arrijn\u00eb nj\u00eb efekt farmakologjik.\n\n<\/p>\n<\/div>\n<\/div>\n<\/div>\n\n\n\n<p><\/p>\n","protected":false},"excerpt":{"rendered":"<p>Zinku kund\u00ebr diarres\u00eb te gicat: Qasje alternative P\u00ebrpunuar nga Klevis Xhardja Ushqimi i gicave me p\u00ebrmbajtje t\u00eb lart\u00eb zinku ndihmon kund\u00ebr diarres\u00eb pas shk\u00ebputjes nga qum\u00ebshti. Por, meqen\u00ebse Bashkimi Evropian do t\u00eb ndaloj\u00eb shtesat terapeutike t\u00eb zinkut n\u00eb t\u00eb ardhmen, cilat jan\u00eb qasjet alternative q\u00eb mbeten? Diarreja pas shk\u00ebputjes nga qum\u00ebshti te gicat \u00ebsht\u00eb nj\u00eb [&hellip;]<\/p>\n","protected":false},"author":2,"featured_media":0,"parent":0,"menu_order":0,"comment_status":"closed","ping_status":"closed","template":"","meta":{"inline_featured_image":false,"footnotes":""},"class_list":["post-9580","page","type-page","status-publish","hentry"],"yoast_head":"<!-- This site is optimized with the Yoast SEO plugin v18.9 - https:\/\/yoast.com\/wordpress\/plugins\/seo\/ -->\n<title>Zinku kund\u00ebr diarres\u00eb te gicat: Qasje alternative - Austria Praemix<\/title>\n<meta name=\"robots\" content=\"index, follow, max-snippet:-1, max-image-preview:large, max-video-preview:-1\" \/>\n<link rel=\"canonical\" href=\"https:\/\/ap.com.al\/?page_id=9580\" \/>\n<meta property=\"og:locale\" content=\"en_US\" \/>\n<meta property=\"og:type\" content=\"article\" \/>\n<meta property=\"og:title\" content=\"Zinku kund\u00ebr diarres\u00eb te gicat: Qasje alternative - Austria Praemix\" \/>\n<meta property=\"og:description\" content=\"Zinku kund\u00ebr diarres\u00eb te gicat: Qasje alternative P\u00ebrpunuar nga Klevis Xhardja Ushqimi i gicave me p\u00ebrmbajtje t\u00eb lart\u00eb zinku ndihmon kund\u00ebr diarres\u00eb pas shk\u00ebputjes nga qum\u00ebshti. Por, meqen\u00ebse Bashkimi Evropian do t\u00eb ndaloj\u00eb shtesat terapeutike t\u00eb zinkut n\u00eb t\u00eb ardhmen, cilat jan\u00eb qasjet alternative q\u00eb mbeten? Diarreja pas shk\u00ebputjes nga qum\u00ebshti te gicat \u00ebsht\u00eb nj\u00eb [&hellip;]\" \/>\n<meta property=\"og:url\" content=\"https:\/\/ap.com.al\/?page_id=9580\" \/>\n<meta property=\"og:site_name\" content=\"Austria Praemix\" \/>\n<meta property=\"article:publisher\" content=\"https:\/\/www.facebook.com\/austriapraemiks\/\" \/>\n<meta property=\"article:modified_time\" content=\"2025-08-14T09:36:58+00:00\" \/>\n<meta property=\"og:image\" content=\"https:\/\/ap.com.al\/wp-content\/uploads\/2022\/03\/Asset-54-1.png\" \/>\n<meta name=\"twitter:card\" content=\"summary_large_image\" \/>\n<meta name=\"twitter:label1\" content=\"Est. reading time\" \/>\n\t<meta name=\"twitter:data1\" content=\"1 minute\" \/>\n<script type=\"application\/ld+json\" class=\"yoast-schema-graph\">{\"@context\":\"https:\/\/schema.org\",\"@graph\":[{\"@type\":\"Organization\",\"@id\":\"https:\/\/ap.com.al\/#organization\",\"name\":\"Austria Preamix\",\"url\":\"https:\/\/ap.com.al\/\",\"sameAs\":[\"https:\/\/www.instagram.com\/austriapraemix\/\",\"https:\/\/www.facebook.com\/austriapraemiks\/\"],\"logo\":{\"@type\":\"ImageObject\",\"inLanguage\":\"en-US\",\"@id\":\"https:\/\/ap.com.al\/#\/schema\/logo\/image\/\",\"url\":\"https:\/\/ap.com.al\/wp-content\/uploads\/2022\/02\/AP-logo.png\",\"contentUrl\":\"https:\/\/ap.com.al\/wp-content\/uploads\/2022\/02\/AP-logo.png\",\"width\":3358,\"height\":1616,\"caption\":\"Austria Preamix\"},\"image\":{\"@id\":\"https:\/\/ap.com.al\/#\/schema\/logo\/image\/\"}},{\"@type\":\"WebSite\",\"@id\":\"https:\/\/ap.com.al\/#website\",\"url\":\"https:\/\/ap.com.al\/\",\"name\":\"Austria Praemix\",\"description\":\"\",\"publisher\":{\"@id\":\"https:\/\/ap.com.al\/#organization\"},\"potentialAction\":[{\"@type\":\"SearchAction\",\"target\":{\"@type\":\"EntryPoint\",\"urlTemplate\":\"https:\/\/ap.com.al\/?s={search_term_string}\"},\"query-input\":\"required name=search_term_string\"}],\"inLanguage\":\"en-US\"},{\"@type\":\"ImageObject\",\"inLanguage\":\"en-US\",\"@id\":\"https:\/\/ap.com.al\/?page_id=9580#primaryimage\",\"url\":\"https:\/\/ap.com.al\/wp-content\/uploads\/2022\/03\/Asset-54-1.png\",\"contentUrl\":\"https:\/\/ap.com.al\/wp-content\/uploads\/2022\/03\/Asset-54-1.png\",\"width\":355,\"height\":354},{\"@type\":\"WebPage\",\"@id\":\"https:\/\/ap.com.al\/?page_id=9580#webpage\",\"url\":\"https:\/\/ap.com.al\/?page_id=9580\",\"name\":\"Zinku kund\u00ebr diarres\u00eb te gicat: Qasje alternative - Austria Praemix\",\"isPartOf\":{\"@id\":\"https:\/\/ap.com.al\/#website\"},\"primaryImageOfPage\":{\"@id\":\"https:\/\/ap.com.al\/?page_id=9580#primaryimage\"},\"datePublished\":\"2025-08-14T09:36:57+00:00\",\"dateModified\":\"2025-08-14T09:36:58+00:00\",\"breadcrumb\":{\"@id\":\"https:\/\/ap.com.al\/?page_id=9580#breadcrumb\"},\"inLanguage\":\"en-US\",\"potentialAction\":[{\"@type\":\"ReadAction\",\"target\":[\"https:\/\/ap.com.al\/?page_id=9580\"]}]},{\"@type\":\"BreadcrumbList\",\"@id\":\"https:\/\/ap.com.al\/?page_id=9580#breadcrumb\",\"itemListElement\":[{\"@type\":\"ListItem\",\"position\":1,\"name\":\"Home\",\"item\":\"https:\/\/ap.com.al\/\"},{\"@type\":\"ListItem\",\"position\":2,\"name\":\"Zinku kund\u00ebr diarres\u00eb te gicat: Qasje alternative\"}]}]}<\/script>\n<!-- \/ Yoast SEO plugin. -->","yoast_head_json":{"title":"Zinku kund\u00ebr diarres\u00eb te gicat: Qasje alternative - Austria Praemix","robots":{"index":"index","follow":"follow","max-snippet":"max-snippet:-1","max-image-preview":"max-image-preview:large","max-video-preview":"max-video-preview:-1"},"canonical":"https:\/\/ap.com.al\/?page_id=9580","og_locale":"en_US","og_type":"article","og_title":"Zinku kund\u00ebr diarres\u00eb te gicat: Qasje alternative - Austria Praemix","og_description":"Zinku kund\u00ebr diarres\u00eb te gicat: Qasje alternative P\u00ebrpunuar nga Klevis Xhardja Ushqimi i gicave me p\u00ebrmbajtje t\u00eb lart\u00eb zinku ndihmon kund\u00ebr diarres\u00eb pas shk\u00ebputjes nga qum\u00ebshti. Por, meqen\u00ebse Bashkimi Evropian do t\u00eb ndaloj\u00eb shtesat terapeutike t\u00eb zinkut n\u00eb t\u00eb ardhmen, cilat jan\u00eb qasjet alternative q\u00eb mbeten? Diarreja pas shk\u00ebputjes nga qum\u00ebshti te gicat \u00ebsht\u00eb nj\u00eb [&hellip;]","og_url":"https:\/\/ap.com.al\/?page_id=9580","og_site_name":"Austria Praemix","article_publisher":"https:\/\/www.facebook.com\/austriapraemiks\/","article_modified_time":"2025-08-14T09:36:58+00:00","og_image":[{"url":"https:\/\/ap.com.al\/wp-content\/uploads\/2022\/03\/Asset-54-1.png"}],"twitter_card":"summary_large_image","twitter_misc":{"Est. reading time":"1 minute"},"schema":{"@context":"https:\/\/schema.org","@graph":[{"@type":"Organization","@id":"https:\/\/ap.com.al\/#organization","name":"Austria Preamix","url":"https:\/\/ap.com.al\/","sameAs":["https:\/\/www.instagram.com\/austriapraemix\/","https:\/\/www.facebook.com\/austriapraemiks\/"],"logo":{"@type":"ImageObject","inLanguage":"en-US","@id":"https:\/\/ap.com.al\/#\/schema\/logo\/image\/","url":"https:\/\/ap.com.al\/wp-content\/uploads\/2022\/02\/AP-logo.png","contentUrl":"https:\/\/ap.com.al\/wp-content\/uploads\/2022\/02\/AP-logo.png","width":3358,"height":1616,"caption":"Austria Preamix"},"image":{"@id":"https:\/\/ap.com.al\/#\/schema\/logo\/image\/"}},{"@type":"WebSite","@id":"https:\/\/ap.com.al\/#website","url":"https:\/\/ap.com.al\/","name":"Austria Praemix","description":"","publisher":{"@id":"https:\/\/ap.com.al\/#organization"},"potentialAction":[{"@type":"SearchAction","target":{"@type":"EntryPoint","urlTemplate":"https:\/\/ap.com.al\/?s={search_term_string}"},"query-input":"required name=search_term_string"}],"inLanguage":"en-US"},{"@type":"ImageObject","inLanguage":"en-US","@id":"https:\/\/ap.com.al\/?page_id=9580#primaryimage","url":"https:\/\/ap.com.al\/wp-content\/uploads\/2022\/03\/Asset-54-1.png","contentUrl":"https:\/\/ap.com.al\/wp-content\/uploads\/2022\/03\/Asset-54-1.png","width":355,"height":354},{"@type":"WebPage","@id":"https:\/\/ap.com.al\/?page_id=9580#webpage","url":"https:\/\/ap.com.al\/?page_id=9580","name":"Zinku kund\u00ebr diarres\u00eb te gicat: Qasje alternative - Austria Praemix","isPartOf":{"@id":"https:\/\/ap.com.al\/#website"},"primaryImageOfPage":{"@id":"https:\/\/ap.com.al\/?page_id=9580#primaryimage"},"datePublished":"2025-08-14T09:36:57+00:00","dateModified":"2025-08-14T09:36:58+00:00","breadcrumb":{"@id":"https:\/\/ap.com.al\/?page_id=9580#breadcrumb"},"inLanguage":"en-US","potentialAction":[{"@type":"ReadAction","target":["https:\/\/ap.com.al\/?page_id=9580"]}]},{"@type":"BreadcrumbList","@id":"https:\/\/ap.com.al\/?page_id=9580#breadcrumb","itemListElement":[{"@type":"ListItem","position":1,"name":"Home","item":"https:\/\/ap.com.al\/"},{"@type":"ListItem","position":2,"name":"Zinku kund\u00ebr diarres\u00eb te gicat: Qasje alternative"}]}]}},"_links":{"self":[{"href":"https:\/\/ap.com.al\/index.php?rest_route=\/wp\/v2\/pages\/9580","targetHints":{"allow":["GET"]}}],"collection":[{"href":"https:\/\/ap.com.al\/index.php?rest_route=\/wp\/v2\/pages"}],"about":[{"href":"https:\/\/ap.com.al\/index.php?rest_route=\/wp\/v2\/types\/page"}],"author":[{"embeddable":true,"href":"https:\/\/ap.com.al\/index.php?rest_route=\/wp\/v2\/users\/2"}],"replies":[{"embeddable":true,"href":"https:\/\/ap.com.al\/index.php?rest_route=%2Fwp%2Fv2%2Fcomments&post=9580"}],"version-history":[{"count":4,"href":"https:\/\/ap.com.al\/index.php?rest_route=\/wp\/v2\/pages\/9580\/revisions"}],"predecessor-version":[{"id":9586,"href":"https:\/\/ap.com.al\/index.php?rest_route=\/wp\/v2\/pages\/9580\/revisions\/9586"}],"wp:attachment":[{"href":"https:\/\/ap.com.al\/index.php?rest_route=%2Fwp%2Fv2%2Fmedia&parent=9580"}],"curies":[{"name":"wp","href":"https:\/\/api.w.org\/{rel}","templated":true}]}}