{"id":9591,"date":"2025-08-15T11:48:14","date_gmt":"2025-08-15T11:48:14","guid":{"rendered":"https:\/\/ap.com.al\/?page_id=9591"},"modified":"2025-08-15T11:48:14","modified_gmt":"2025-08-15T11:48:14","slug":"lopet-qumeshtore-ne-vere-kullotje-apo-ushqim-i-kontrolluar","status":"publish","type":"page","link":"https:\/\/ap.com.al\/?page_id=9591","title":{"rendered":"LOP\u00cbT QUM\u00cbSHTORE N\u00cb VER\u00cb: KULLOTJE APO USHQIM I KONTROLLUAR?"},"content":{"rendered":"\n<style>\n  #oniiii{\n    background-image:url(\"https:\/\/ap.com.al\/wp-content\/uploads\/2025\/08\/Artikull-banner-5.png\");\n    padding-bottom: 32%;\n    background-position:center center;\n    background-repeat: no-repeat;\n    background-size:cover;\n  }\n  <\/style>\n  <script src=\"https:\/\/code.jquery.com\/jquery-3.5.0.js\">\n<\/script>\n\n<div id=\"oniiii\"><\/div>\n \n<script>\n$( \"#oniiii\" ).insertBefore( \".container_wrap_first\" );\n<\/script>\n\n\n\n<div class=\"wp-block-columns\" id=\"containerr\">\n<div class=\"wp-block-column\">\n<div class=\"avia_textblock\" itemprop=\"text\"><h4 style=\"color:#005a8c;\n\">LOP\u00cbT QUM\u00cbSHTORE N\u00cb VER\u00cb: KULLOTJE APO USHQIM I KONTROLLUAR?<\/h4>\n<p align=\"right\">\n   P\u00ebrpunuar nga Klevis Xhardja<\/p>\n<\/div>\n<\/div>\n<\/div>\n\n\n\n<div class=\"wp-block-columns\" id=\"containerr\">\n<div class=\"wp-block-column\">\n<div class=\"detail__certificates-item-icon\">\n<img decoding=\"async\" alt=\"Icon RINDAMAST UNI\" src=\"https:\/\/ap.com.al\/wp-content\/uploads\/2022\/03\/Asset-51-1.png\">\n<\/div>\n<\/div>\n<\/div>\n\n\n\n<div class=\"wp-block-columns\" id=\"containerr\">\n<div class=\"wp-block-column\">\n<figure class=\"wp-block-image size-full\"><img loading=\"lazy\" decoding=\"async\" width=\"814\" height=\"380\" src=\"https:\/\/ap.com.al\/wp-content\/uploads\/2025\/08\/image-1.png\" alt=\"\" class=\"wp-image-9592\" srcset=\"https:\/\/ap.com.al\/wp-content\/uploads\/2025\/08\/image-1.png 814w, https:\/\/ap.com.al\/wp-content\/uploads\/2025\/08\/image-1-300x140.png 300w, https:\/\/ap.com.al\/wp-content\/uploads\/2025\/08\/image-1-768x359.png 768w, https:\/\/ap.com.al\/wp-content\/uploads\/2025\/08\/image-1-705x329.png 705w, https:\/\/ap.com.al\/wp-content\/uploads\/2025\/08\/image-1-450x210.png 450w\" sizes=\"auto, (max-width: 814px) 100vw, 814px\" \/><\/figure>\n\n\n\n<div class=\"blue_marker_list\">\n<p align=\"justify\">Kullotja mbetet nj\u00eb pjes\u00eb e r\u00ebnd\u00ebsishme e ushqimit veror n\u00eb shum\u00eb ferma. Ushtrimi, ajri i past\u00ebr dhe i fresk\u00ebt ndihmojn\u00eb n\u00eb sh\u00ebndetin e lop\u00ebve qum\u00ebshtore. Megjithat\u00eb, me rritjen e prodhimtaris\u00eb, ushqimi n\u00eb kullot\u00eb arrin shpejt kufijt\u00eb e tij, prandaj duhet t\u00eb vler\u00ebsohet nga ferma n\u00eb ferm\u00eb n\u00ebse dhe n\u00eb \u00e7far\u00eb forme p\u00ebrdorimi i kullotave \u00ebsht\u00eb i p\u00ebrshtatsh\u00ebm.\nStresi metabolik te lop\u00ebt qum\u00ebshtore varet nga nj\u00eb s\u00ebr\u00eb faktor\u00ebsh. Ve\u00e7an\u00ebrisht n\u00eb ver\u00eb n\u00eb kullota, nevojat aktuale t\u00eb lop\u00ebve shpesh n\u00ebnvler\u00ebsohen. K\u00ebrkesat klimatike shpesh nuk mund t\u00eb plot\u00ebsohen gjat\u00eb sezonit t\u00eb kullotjes.<\/p>\n<h4>Klima e ver\u00ebs nuk \u00ebsht\u00eb gjithmon\u00eb e p\u00ebrshtatshme<\/h4>\n<p align=\"justify\">Diapazoni optimal i temperatur\u00ebs \u00ebsht\u00eb midis 4\u00b0 dhe 16\u00b0C. Stresi nga temperaturat e larta fillon n\u00eb temperatura mbi 21\u00b0C. Lopa ka nevoj\u00eb p\u00ebr sasi t\u00eb m\u00ebdha uji p\u00ebr t&#8217;u ftohur. Ajri i that\u00eb \u00ebsht\u00eb m\u00eb i p\u00ebrshtatsh\u00ebm p\u00ebr lop\u00ebn sepse nxit humbjen e ujit p\u00ebrmes djersitjes; me rritjen e lag\u00ebshtis\u00eb, rritet stresi nga temperaturat e larta!\nSi reagim normal ndaj temperaturave t\u00eb larta dhe lag\u00ebshtis\u00eb s\u00eb lart\u00eb, periudhat e pushimit dhe or\u00ebt e ushqyerjes ndryshojn\u00eb. Or\u00ebt kryesore t\u00eb ushqyerjes jan\u00eb n\u00eb m\u00ebngjes dhe n\u00eb mbr\u00ebmje, me lindjen dhe per\u00ebndimin e diellit. Megjithat\u00eb, n\u00ebn stresin nga temperaturat e larta, koha e pushimit rritet, marrja e ushqimit zvog\u00eblohet, dhe p\u00ebr k\u00ebt\u00eb arsye \u00ebsht\u00eb e leht\u00eb t\u00eb konkludohet se marrja e ushqimit nga kullota nuk mund t\u00eb llogaritet vet\u00ebm n\u00eb baz\u00eb t\u00eb motit. Faktor\u00eb shtes\u00eb stresi jan\u00eb era dhe reshjet. Lop\u00ebt me prodhimtari t\u00eb lart\u00eb qum\u00ebshti p\u00ebrjetojn\u00eb shpejt munges\u00eb energjie, e cila b\u00ebhet e dukshme vet\u00ebm pas nj\u00eb vonese (ulje e q\u00ebndrueshm\u00ebris\u00eb, ulje e p\u00ebrb\u00ebr\u00ebsve t\u00eb qum\u00ebshtit, probleme gjat\u00eb dhe pas pjelljes).\n<\/p>\n<h4>K\u00ebrkesat p\u00ebr kullotje<\/h4>\n<p align=\"justify\">P\u00ebr t\u00eb siguruar q\u00eb lop\u00ebt t\u00eb mos ekspozohen ndaj diellit t\u00eb fort\u00eb n\u00eb pranver\u00eb dhe ver\u00eb, strehimoret ose pem\u00ebt duhet t\u00eb ofrojn\u00eb hije. N\u00eb mot shum\u00eb t\u00eb nxeht\u00eb, tufa duhet t\u00eb q\u00ebndroj\u00eb n\u00eb stall\u00eb gjat\u00eb dit\u00ebs dhe t\u00eb dal\u00eb n\u00eb kullot\u00eb n\u00eb mbr\u00ebmje.\nFurnizimi me uj\u00eb ka prioritet absolut. Bari i kullot\u00ebs nuk plot\u00ebson k\u00ebrkesat p\u00ebr uj\u00eb. P\u00ebr tufat e m\u00ebdha, duhet t\u00eb planifikohen korita ujit\u00ebse p\u00ebr \u00e7do 25 kafsh\u00eb, t\u00eb cilat duhet t\u00eb jen\u00eb t\u00eb shp\u00ebrndara n\u00eb m\u00ebnyr\u00eb t\u00eb barabart\u00eb n\u00eb kullot\u00eb. Studimet tregojn\u00eb se renditja e lop\u00ebve brenda tuf\u00ebs ndikon n\u00eb konsumin e ujit. Lop\u00ebt me renditje t\u00eb ul\u00ebt shpesh shmangin pirjen e ujit, ve\u00e7an\u00ebrisht kur u duhet t\u00eb konkurrojn\u00eb p\u00ebr vendin e pirjes. Koritat e ujitjes n\u00eb stall\u00eb nuk jan\u00eb t\u00eb mjaftueshme, lop\u00ebt shmangin sh\u00ebtitjet e gjata edhe p\u00ebr uj\u00eb t\u00eb pijsh\u00ebm!\nTerreni duhet t\u00eb mbahet i past\u00ebr. Bari i ndotur p\u00ebr shkak t\u00eb trafikut t\u00eb r\u00ebnduar \u00e7on n\u00eb marrje m\u00eb t\u00eb ul\u00ebt t\u00eb barit. Ri-prerja pas ndryshimit t\u00eb kullotave, masat e synuara t\u00eb pleh\u00ebrimit, ri-mbjellja dhe kontrolli i bar\u00ebrave t\u00eb k\u00ebqija nxisin cil\u00ebsin\u00eb e rritjes.<\/p>\n<h4>Llogaritja e marrjes s\u00eb barit t\u00eb kullot\u00ebs dhe ushqimi suplementar<\/h4>\n<p align=\"justify\">N\u00eb thelb, n\u00ebse plot\u00ebsohen t\u00eb gjitha kushtet e tjera, marrja e barit t\u00eb kullot\u00ebs varet nga tretshm\u00ebria e rritjes. Sip\u00ebrfaqja e kullot\u00ebs, intensiteti i p\u00ebrdorimit dhe p\u00ebrb\u00ebrja e barit ndikojn\u00eb n\u00eb nivelin e marrjes s\u00eb barit t\u00eb kullot\u00ebs. Zonat e barit q\u00eb jan\u00eb n\u00eb faz\u00ebn e para-lulezimit jan\u00eb m\u00eb t\u00eb p\u00ebrshtatshme p\u00ebr kullotje p\u00ebr shkak t\u00eb p\u00ebrmbajtjes s\u00eb tyre t\u00eb ul\u00ebt t\u00eb fibrave t\u00eb pap\u00ebrpunuara. P\u00ebr m\u00eb tep\u00ebr, edhe n\u00eb kushtet m\u00eb t\u00eb mira t\u00eb kullotjes, prodhimi i kullot\u00ebs zvog\u00eblohet gjat\u00eb vitit. Nd\u00ebrsa n\u00eb kushtet m\u00eb t\u00eb mira nga kullota n\u00eb maj prodhohen 14 deri n\u00eb 18 kg qum\u00ebsht, n\u00eb shtator kjo bie n\u00eb m\u00eb pak se 5 kg. N\u00eb shum\u00eb raste, as nevojat p\u00ebr mir\u00ebmbajtje nuk plot\u00ebsohen m\u00eb!\nMeqen\u00ebse koha e ushqyerjes p\u00ebr ushqimin p\u00ebr prodhimtari t\u00eb lart\u00eb ndryshon me koh\u00ebzgjatjen e kullotjes ditore dhe dozat individuale m\u00eb t\u00eb larta zakonisht administrohen gjat\u00eb koh\u00ebrave m\u00eb t\u00eb shkurtra t\u00eb ushqyerjes, shtohen efekte shtes\u00eb negative (sh\u00ebndeti i rumenit). K\u00ebto k\u00ebrkojn\u00eb planifikim t\u00eb sakt\u00eb t\u00eb kullotjes dhe ushqim shtes\u00eb. N\u00eb p\u00ebrgjith\u00ebsi, mund t\u00eb thuhet se me rritjen e prodhimtaris\u00eb mesatare t\u00eb tuf\u00ebs, ushqimi shtes\u00eb me racione t\u00eb plota dhe t\u00eb balancuara (silazh bari, silazh misri, burime proteinash, ushqim mineral, drith\u00ebra, ushqim p\u00ebr prodhimtari t\u00eb lart\u00eb) b\u00ebhet gjithnj\u00eb e m\u00eb i r\u00ebnd\u00ebsish\u00ebm, pasi lop\u00ebt tolerojn\u00eb vet\u00ebm nj\u00eb sasi t\u00eb kufizuar t\u00eb dozave individuale t\u00eb ushqimit p\u00ebr prodhimtari t\u00eb lart\u00eb.\nKjo mund t\u00eb arrihet duke planifikuar ushqimin p\u00ebr \u00e7do muaj, ku prodhimi i qum\u00ebshtit nga kullota vler\u00ebsohet m\u00eb i ul\u00ebt \u00e7do muaj dhe duke reduktuar koh\u00ebn e kullotjes, ushqimi shtes\u00eb b\u00ebhet gjithnj\u00eb e m\u00eb i r\u00ebnd\u00ebsish\u00ebm gjat\u00eb gjith\u00eb vitit.<\/p>\n<h4>Ushqimi i synuar<\/h4>\n<p align=\"justify\">Figurat 1 dhe 2 tregojn\u00eb se si kullotja kufizon ushqimin. N\u00eb shembullin e par\u00eb, supozohen kushte t\u00eb pafavorshme, pra kullotja e plot\u00eb plus ushqimi p\u00ebr prodhimtari t\u00eb lart\u00eb n\u00eb koh\u00ebn e mjeljes. Meqen\u00ebse n\u00eb k\u00ebt\u00eb rast duhet t\u00eb administrohen maksimumi 3 kg n\u00eb nj\u00eb doz\u00eb t\u00eb vetme, jan\u00eb t\u00eb mundshme vet\u00ebm 6 kg p\u00ebr lop\u00eb n\u00eb dit\u00eb. N\u00eb k\u00ebto kushte, ushqimi i lop\u00ebve b\u00ebhet gjithnj\u00eb e m\u00eb i v\u00ebshtir\u00eb nd\u00ebrsa periudha e kullotjes p\u00ebrparon.<\/p>\n<\/div>\n\n\n\n<figure class=\"wp-block-image size-full\"><img loading=\"lazy\" decoding=\"async\" width=\"428\" height=\"359\" src=\"https:\/\/ap.com.al\/wp-content\/uploads\/2025\/08\/image-2.png\" alt=\"\" class=\"wp-image-9593\" srcset=\"https:\/\/ap.com.al\/wp-content\/uploads\/2025\/08\/image-2.png 428w, https:\/\/ap.com.al\/wp-content\/uploads\/2025\/08\/image-2-300x252.png 300w\" sizes=\"auto, (max-width: 428px) 100vw, 428px\" \/><\/figure>\n\n\n\n<div class=\"blue_marker_list\">\n<p align=\"justify\">N\u00eb shembullin e dyt\u00eb, kullota \u00ebsht\u00eb e kufizuar &#8211; me uljen e cil\u00ebsis\u00eb s\u00eb kullot\u00ebs, rritet koha e kaluar p\u00ebr t\u00eb ushqyer n\u00eb stall\u00eb. N\u00eb k\u00ebto kushte, normat e ushqimit me performanc\u00eb m\u00eb t\u00eb lart\u00eb jan\u00eb t\u00eb mundshme &#8211; prodhimet e qum\u00ebshtit mbi 30 kg qum\u00ebsht mund t\u00eb ushqehen akoma. T\u00eb dy shembujt tregojn\u00eb shtimin e silazhit t\u00eb barit \u2013 sigurisht q\u00eb jan\u00eb t\u00eb mundshme edhe kombinime t\u00eb tjera, por shtimi i racioneve t\u00eb p\u00ebrziera n\u00eb kullot\u00eb \u00ebsht\u00eb gj\u00ebja m\u00eb e mir\u00eb p\u00ebr lop\u00ebt!\nProgrami MultiRat i Schaumann p\u00ebr llogaritjen e racionit mund\u00ebson planifikim t\u00eb synuar. Kjo p\u00ebrfshin gjithashtu k\u00ebrkesat e planifikimit t\u00eb ushqimit &#8211; n\u00eb fund t\u00eb fundit, ushqimi shtes\u00eb duhet t\u00eb planifikohet nj\u00eb vit m\u00eb par\u00eb duke krijuar rezerva ushqimore. Fermat q\u00eb fokusohen n\u00eb prodhimin e qum\u00ebshtit po kuptojn\u00eb se ushqimi n\u00eb hambar po b\u00ebhet gjithnj\u00eb e m\u00eb i r\u00ebnd\u00ebsish\u00ebm gjat\u00eb ver\u00ebs.\n<\/p>\n<\/div>\n\n\n\n<figure class=\"wp-block-image size-full\"><img loading=\"lazy\" decoding=\"async\" width=\"423\" height=\"435\" src=\"https:\/\/ap.com.al\/wp-content\/uploads\/2025\/08\/image-3.png\" alt=\"\" class=\"wp-image-9594\" srcset=\"https:\/\/ap.com.al\/wp-content\/uploads\/2025\/08\/image-3.png 423w, https:\/\/ap.com.al\/wp-content\/uploads\/2025\/08\/image-3-292x300.png 292w, https:\/\/ap.com.al\/wp-content\/uploads\/2025\/08\/image-3-36x36.png 36w\" sizes=\"auto, (max-width: 423px) 100vw, 423px\" \/><\/figure>\n\n\n\n<div class=\"blue_marker_list\">\n<h4>Ushqimi Mineral p\u00ebr Kullotje: Vendimtar p\u00ebr Prodhueshm\u00ebrin\u00eb!<\/h4>\n<p align=\"justify\">Plot\u00ebsimi me ushqim mineral merr parasysh jo vet\u00ebm p\u00ebrb\u00ebrjen e barit t\u00eb kullot\u00ebs, por edhe humbjen e makroelementeve p\u00ebrmes djersitjes. Ve\u00e7an\u00ebrisht, nevoja p\u00ebr natrium dhe magnez rritet gjat\u00eb periudh\u00ebs s\u00eb kullotjes. Mungesa e balanc\u00ebs s\u00eb ushqimit mineral mund t\u00eb \u00e7oj\u00eb n\u00eb humbje t\u00eb konsiderueshme t\u00eb prodhimtaris\u00eb. Programi Rindamin dhe Rindavit i Schaumann siguron suplementin e duhur.\nN\u00eb rastin e ushqimit suplementar n\u00eb stall\u00eb (mund\u00ebsisht me racion t\u00eb p\u00ebrzier), bari i kullot\u00ebs mund t\u00eb merret parasysh edhe n\u00ebp\u00ebrmjet racionit shtes\u00eb p\u00ebr kompensimin e ushqimit mineral. Kjo siguron q\u00eb t\u00eb gjitha lop\u00ebt t\u00eb marrin furnizimin e llogaritur. N\u00eb raste t\u00eb tjera, l\u00ebpir\u00ebsit Schaumann dhe l\u00ebpir\u00ebsit Rindamin mund t\u00eb plot\u00ebsojn\u00eb mang\u00ebsit\u00eb e furnizimit n\u00eb kullot\u00eb.\nSi ushqim i plot\u00eb mineral, t\u00eb dy produktet sigurojn\u00eb furnizimin me vitamina, elemente gjurm\u00eb dhe makroelemente dhe konsumohen leht\u00ebsisht nga lop\u00ebt. Elementet gjurm\u00eb p\u00ebrmbahen n\u00eb nj\u00eb form\u00eb shum\u00eb t\u00eb absorbueshme dhe plot\u00ebsojn\u00eb n\u00eb m\u00ebnyr\u00eb ideale barin e kullot\u00ebs.\n<\/p>\n<\/div>\n\n\n\n<figure class=\"wp-block-image size-full\"><img loading=\"lazy\" decoding=\"async\" width=\"646\" height=\"354\" src=\"https:\/\/ap.com.al\/wp-content\/uploads\/2025\/08\/image-4.png\" alt=\"\" class=\"wp-image-9595\" srcset=\"https:\/\/ap.com.al\/wp-content\/uploads\/2025\/08\/image-4.png 646w, https:\/\/ap.com.al\/wp-content\/uploads\/2025\/08\/image-4-300x164.png 300w, https:\/\/ap.com.al\/wp-content\/uploads\/2025\/08\/image-4-450x247.png 450w\" sizes=\"auto, (max-width: 646px) 100vw, 646px\" \/><\/figure>\n\n\n\n<div class=\"blue_marker_list\">\n<p align=\"justify\">Nj\u00eb produkt i ve\u00e7ant\u00eb \u00ebsht\u00eb Rindavit Pre-Lick. Ofrohet edhe si l\u00ebpir\u00ebs n\u00eb kullot\u00eb n\u00eb tre jav\u00ebt e fundit para pjelljes.\nRindamat ofron nj\u00eb mund\u00ebsi tjet\u00ebr p\u00ebr plot\u00ebsimin e ushqimit mineral. Lop\u00ebt mund t\u00eb ushqehen sipas nevoj\u00ebs, madje edhe kur bie shi, ato mund t\u00eb ushqehen t\u00eb sigurta.\nRezulton se kullotja arrin shpejt kufijt\u00eb e prodhimtaris\u00eb. N\u00eb planin afatgjat\u00eb, ushqimi i kontrolluar gjat\u00eb ver\u00ebs do t\u00eb b\u00ebhet m\u00eb i r\u00ebnd\u00ebsish\u00ebm p\u00ebr shum\u00eb fermer\u00eb. Planifikimi i racionit dhe ushqimi i duhur jan\u00eb thelb\u00ebsore p\u00ebr t\u00eb siguruar q\u00eb k\u00ebrkesat e prodhimtaris\u00eb s\u00eb lop\u00ebve qum\u00ebshtore t\u00eb p\u00ebrmbushen.\n<\/p>\n<\/div>\n<\/div>\n<\/div>\n\n\n\n<p><\/p>\n","protected":false},"excerpt":{"rendered":"<p>LOP\u00cbT QUM\u00cbSHTORE N\u00cb VER\u00cb: KULLOTJE APO USHQIM I KONTROLLUAR? P\u00ebrpunuar nga Klevis Xhardja Kullotja mbetet nj\u00eb pjes\u00eb e r\u00ebnd\u00ebsishme e ushqimit veror n\u00eb shum\u00eb ferma. Ushtrimi, ajri i past\u00ebr dhe i fresk\u00ebt ndihmojn\u00eb n\u00eb sh\u00ebndetin e lop\u00ebve qum\u00ebshtore. Megjithat\u00eb, me rritjen e prodhimtaris\u00eb, ushqimi n\u00eb kullot\u00eb arrin shpejt kufijt\u00eb e tij, prandaj duhet t\u00eb vler\u00ebsohet [&hellip;]<\/p>\n","protected":false},"author":2,"featured_media":0,"parent":0,"menu_order":0,"comment_status":"closed","ping_status":"closed","template":"","meta":{"inline_featured_image":false,"footnotes":""},"class_list":["post-9591","page","type-page","status-publish","hentry"],"yoast_head":"<!-- This site is optimized with the Yoast SEO plugin v18.9 - https:\/\/yoast.com\/wordpress\/plugins\/seo\/ -->\n<title>LOP\u00cbT QUM\u00cbSHTORE N\u00cb VER\u00cb: KULLOTJE APO USHQIM I KONTROLLUAR? - Austria Praemix<\/title>\n<meta name=\"robots\" content=\"index, follow, max-snippet:-1, max-image-preview:large, max-video-preview:-1\" \/>\n<link rel=\"canonical\" href=\"https:\/\/ap.com.al\/?page_id=9591\" \/>\n<meta property=\"og:locale\" content=\"en_US\" \/>\n<meta property=\"og:type\" content=\"article\" \/>\n<meta property=\"og:title\" content=\"LOP\u00cbT QUM\u00cbSHTORE N\u00cb VER\u00cb: KULLOTJE APO USHQIM I KONTROLLUAR? - Austria Praemix\" \/>\n<meta property=\"og:description\" content=\"LOP\u00cbT QUM\u00cbSHTORE N\u00cb VER\u00cb: KULLOTJE APO USHQIM I KONTROLLUAR? P\u00ebrpunuar nga Klevis Xhardja Kullotja mbetet nj\u00eb pjes\u00eb e r\u00ebnd\u00ebsishme e ushqimit veror n\u00eb shum\u00eb ferma. Ushtrimi, ajri i past\u00ebr dhe i fresk\u00ebt ndihmojn\u00eb n\u00eb sh\u00ebndetin e lop\u00ebve qum\u00ebshtore. Megjithat\u00eb, me rritjen e prodhimtaris\u00eb, ushqimi n\u00eb kullot\u00eb arrin shpejt kufijt\u00eb e tij, prandaj duhet t\u00eb vler\u00ebsohet [&hellip;]\" \/>\n<meta property=\"og:url\" content=\"https:\/\/ap.com.al\/?page_id=9591\" \/>\n<meta property=\"og:site_name\" content=\"Austria Praemix\" \/>\n<meta property=\"article:publisher\" content=\"https:\/\/www.facebook.com\/austriapraemiks\/\" \/>\n<meta property=\"og:image\" content=\"https:\/\/ap.com.al\/wp-content\/uploads\/2022\/03\/Asset-51-1.png\" \/>\n<meta name=\"twitter:card\" content=\"summary_large_image\" \/>\n<meta name=\"twitter:label1\" content=\"Est. reading time\" \/>\n\t<meta name=\"twitter:data1\" content=\"1 minute\" \/>\n<script type=\"application\/ld+json\" class=\"yoast-schema-graph\">{\"@context\":\"https:\/\/schema.org\",\"@graph\":[{\"@type\":\"Organization\",\"@id\":\"https:\/\/ap.com.al\/#organization\",\"name\":\"Austria Preamix\",\"url\":\"https:\/\/ap.com.al\/\",\"sameAs\":[\"https:\/\/www.instagram.com\/austriapraemix\/\",\"https:\/\/www.facebook.com\/austriapraemiks\/\"],\"logo\":{\"@type\":\"ImageObject\",\"inLanguage\":\"en-US\",\"@id\":\"https:\/\/ap.com.al\/#\/schema\/logo\/image\/\",\"url\":\"https:\/\/ap.com.al\/wp-content\/uploads\/2022\/02\/AP-logo.png\",\"contentUrl\":\"https:\/\/ap.com.al\/wp-content\/uploads\/2022\/02\/AP-logo.png\",\"width\":3358,\"height\":1616,\"caption\":\"Austria Preamix\"},\"image\":{\"@id\":\"https:\/\/ap.com.al\/#\/schema\/logo\/image\/\"}},{\"@type\":\"WebSite\",\"@id\":\"https:\/\/ap.com.al\/#website\",\"url\":\"https:\/\/ap.com.al\/\",\"name\":\"Austria Praemix\",\"description\":\"\",\"publisher\":{\"@id\":\"https:\/\/ap.com.al\/#organization\"},\"potentialAction\":[{\"@type\":\"SearchAction\",\"target\":{\"@type\":\"EntryPoint\",\"urlTemplate\":\"https:\/\/ap.com.al\/?s={search_term_string}\"},\"query-input\":\"required name=search_term_string\"}],\"inLanguage\":\"en-US\"},{\"@type\":\"ImageObject\",\"inLanguage\":\"en-US\",\"@id\":\"https:\/\/ap.com.al\/?page_id=9591#primaryimage\",\"url\":\"https:\/\/ap.com.al\/wp-content\/uploads\/2022\/03\/Asset-51-1.png\",\"contentUrl\":\"https:\/\/ap.com.al\/wp-content\/uploads\/2022\/03\/Asset-51-1.png\",\"width\":355,\"height\":354},{\"@type\":\"WebPage\",\"@id\":\"https:\/\/ap.com.al\/?page_id=9591#webpage\",\"url\":\"https:\/\/ap.com.al\/?page_id=9591\",\"name\":\"LOP\u00cbT QUM\u00cbSHTORE N\u00cb VER\u00cb: KULLOTJE APO USHQIM I KONTROLLUAR? - Austria Praemix\",\"isPartOf\":{\"@id\":\"https:\/\/ap.com.al\/#website\"},\"primaryImageOfPage\":{\"@id\":\"https:\/\/ap.com.al\/?page_id=9591#primaryimage\"},\"datePublished\":\"2025-08-15T11:48:14+00:00\",\"dateModified\":\"2025-08-15T11:48:14+00:00\",\"breadcrumb\":{\"@id\":\"https:\/\/ap.com.al\/?page_id=9591#breadcrumb\"},\"inLanguage\":\"en-US\",\"potentialAction\":[{\"@type\":\"ReadAction\",\"target\":[\"https:\/\/ap.com.al\/?page_id=9591\"]}]},{\"@type\":\"BreadcrumbList\",\"@id\":\"https:\/\/ap.com.al\/?page_id=9591#breadcrumb\",\"itemListElement\":[{\"@type\":\"ListItem\",\"position\":1,\"name\":\"Home\",\"item\":\"https:\/\/ap.com.al\/\"},{\"@type\":\"ListItem\",\"position\":2,\"name\":\"LOP\u00cbT QUM\u00cbSHTORE N\u00cb VER\u00cb: KULLOTJE APO USHQIM I KONTROLLUAR?\"}]}]}<\/script>\n<!-- \/ Yoast SEO plugin. -->","yoast_head_json":{"title":"LOP\u00cbT QUM\u00cbSHTORE N\u00cb VER\u00cb: KULLOTJE APO USHQIM I KONTROLLUAR? - Austria Praemix","robots":{"index":"index","follow":"follow","max-snippet":"max-snippet:-1","max-image-preview":"max-image-preview:large","max-video-preview":"max-video-preview:-1"},"canonical":"https:\/\/ap.com.al\/?page_id=9591","og_locale":"en_US","og_type":"article","og_title":"LOP\u00cbT QUM\u00cbSHTORE N\u00cb VER\u00cb: KULLOTJE APO USHQIM I KONTROLLUAR? - Austria Praemix","og_description":"LOP\u00cbT QUM\u00cbSHTORE N\u00cb VER\u00cb: KULLOTJE APO USHQIM I KONTROLLUAR? P\u00ebrpunuar nga Klevis Xhardja Kullotja mbetet nj\u00eb pjes\u00eb e r\u00ebnd\u00ebsishme e ushqimit veror n\u00eb shum\u00eb ferma. Ushtrimi, ajri i past\u00ebr dhe i fresk\u00ebt ndihmojn\u00eb n\u00eb sh\u00ebndetin e lop\u00ebve qum\u00ebshtore. Megjithat\u00eb, me rritjen e prodhimtaris\u00eb, ushqimi n\u00eb kullot\u00eb arrin shpejt kufijt\u00eb e tij, prandaj duhet t\u00eb vler\u00ebsohet [&hellip;]","og_url":"https:\/\/ap.com.al\/?page_id=9591","og_site_name":"Austria Praemix","article_publisher":"https:\/\/www.facebook.com\/austriapraemiks\/","og_image":[{"url":"https:\/\/ap.com.al\/wp-content\/uploads\/2022\/03\/Asset-51-1.png"}],"twitter_card":"summary_large_image","twitter_misc":{"Est. reading time":"1 minute"},"schema":{"@context":"https:\/\/schema.org","@graph":[{"@type":"Organization","@id":"https:\/\/ap.com.al\/#organization","name":"Austria Preamix","url":"https:\/\/ap.com.al\/","sameAs":["https:\/\/www.instagram.com\/austriapraemix\/","https:\/\/www.facebook.com\/austriapraemiks\/"],"logo":{"@type":"ImageObject","inLanguage":"en-US","@id":"https:\/\/ap.com.al\/#\/schema\/logo\/image\/","url":"https:\/\/ap.com.al\/wp-content\/uploads\/2022\/02\/AP-logo.png","contentUrl":"https:\/\/ap.com.al\/wp-content\/uploads\/2022\/02\/AP-logo.png","width":3358,"height":1616,"caption":"Austria Preamix"},"image":{"@id":"https:\/\/ap.com.al\/#\/schema\/logo\/image\/"}},{"@type":"WebSite","@id":"https:\/\/ap.com.al\/#website","url":"https:\/\/ap.com.al\/","name":"Austria Praemix","description":"","publisher":{"@id":"https:\/\/ap.com.al\/#organization"},"potentialAction":[{"@type":"SearchAction","target":{"@type":"EntryPoint","urlTemplate":"https:\/\/ap.com.al\/?s={search_term_string}"},"query-input":"required name=search_term_string"}],"inLanguage":"en-US"},{"@type":"ImageObject","inLanguage":"en-US","@id":"https:\/\/ap.com.al\/?page_id=9591#primaryimage","url":"https:\/\/ap.com.al\/wp-content\/uploads\/2022\/03\/Asset-51-1.png","contentUrl":"https:\/\/ap.com.al\/wp-content\/uploads\/2022\/03\/Asset-51-1.png","width":355,"height":354},{"@type":"WebPage","@id":"https:\/\/ap.com.al\/?page_id=9591#webpage","url":"https:\/\/ap.com.al\/?page_id=9591","name":"LOP\u00cbT QUM\u00cbSHTORE N\u00cb VER\u00cb: KULLOTJE APO USHQIM I KONTROLLUAR? - Austria Praemix","isPartOf":{"@id":"https:\/\/ap.com.al\/#website"},"primaryImageOfPage":{"@id":"https:\/\/ap.com.al\/?page_id=9591#primaryimage"},"datePublished":"2025-08-15T11:48:14+00:00","dateModified":"2025-08-15T11:48:14+00:00","breadcrumb":{"@id":"https:\/\/ap.com.al\/?page_id=9591#breadcrumb"},"inLanguage":"en-US","potentialAction":[{"@type":"ReadAction","target":["https:\/\/ap.com.al\/?page_id=9591"]}]},{"@type":"BreadcrumbList","@id":"https:\/\/ap.com.al\/?page_id=9591#breadcrumb","itemListElement":[{"@type":"ListItem","position":1,"name":"Home","item":"https:\/\/ap.com.al\/"},{"@type":"ListItem","position":2,"name":"LOP\u00cbT QUM\u00cbSHTORE N\u00cb VER\u00cb: KULLOTJE APO USHQIM I KONTROLLUAR?"}]}]}},"_links":{"self":[{"href":"https:\/\/ap.com.al\/index.php?rest_route=\/wp\/v2\/pages\/9591","targetHints":{"allow":["GET"]}}],"collection":[{"href":"https:\/\/ap.com.al\/index.php?rest_route=\/wp\/v2\/pages"}],"about":[{"href":"https:\/\/ap.com.al\/index.php?rest_route=\/wp\/v2\/types\/page"}],"author":[{"embeddable":true,"href":"https:\/\/ap.com.al\/index.php?rest_route=\/wp\/v2\/users\/2"}],"replies":[{"embeddable":true,"href":"https:\/\/ap.com.al\/index.php?rest_route=%2Fwp%2Fv2%2Fcomments&post=9591"}],"version-history":[{"count":3,"href":"https:\/\/ap.com.al\/index.php?rest_route=\/wp\/v2\/pages\/9591\/revisions"}],"predecessor-version":[{"id":9600,"href":"https:\/\/ap.com.al\/index.php?rest_route=\/wp\/v2\/pages\/9591\/revisions\/9600"}],"wp:attachment":[{"href":"https:\/\/ap.com.al\/index.php?rest_route=%2Fwp%2Fv2%2Fmedia&parent=9591"}],"curies":[{"name":"wp","href":"https:\/\/api.w.org\/{rel}","templated":true}]}}