{"id":9622,"date":"2025-08-28T12:08:00","date_gmt":"2025-08-28T12:08:00","guid":{"rendered":"https:\/\/ap.com.al\/?page_id=9622"},"modified":"2025-08-28T12:08:00","modified_gmt":"2025-08-28T12:08:00","slug":"si-te-shmangim-stresin-nga-nxehtesia-ne-stallen-e-derrave","status":"publish","type":"page","link":"https:\/\/ap.com.al\/?page_id=9622","title":{"rendered":"Si t\u00eb shmangim stresin nga nxeht\u00ebsia n\u00eb stall\u00ebn e derrave"},"content":{"rendered":"\n<p><\/p>\n\n\n\n<p><\/p>\n\n\n\n<style>\n  #oniiii{\n    background-image:url(\"https:\/\/ap.com.al\/wp-content\/uploads\/2025\/08\/Artikull-banner-8.png\");\n    padding-bottom: 32%;\n    background-position:center left;\n    background-repeat: no-repeat;\n    background-size:cover;\n  }\n  <\/style>\n  <script src=\"https:\/\/code.jquery.com\/jquery-3.5.0.js\">\n<\/script>\n\n<div id=\"oniiii\"><\/div>\n \n<script>\n$( \"#oniiii\" ).insertBefore( \".container_wrap_first\" );\n<\/script>\n\n\n\n<div class=\"wp-block-columns\" id=\"containerr\">\n<div class=\"wp-block-column\">\n<div class=\"avia_textblock\" itemprop=\"text\"><h4 style=\"color:#005a8c;\n\">Si t\u00eb shmangim stresin nga nxeht\u00ebsia n\u00eb stall\u00ebn e derrave<\/h4>\n<p align=\"right\">\n   P\u00ebrpunuar nga Klevis Xhardja\n<\/p>\n<\/div>\n<\/div>\n<\/div>\n\n\n\n<div class=\"wp-block-columns\" id=\"containerr\">\n<div class=\"wp-block-column\">\n<div class=\"detail__certificates-item-icon\">\n<img decoding=\"async\" alt=\"SCHAUMALAC M 70 \" src=\"https:\/\/ap.com.al\/wp-content\/uploads\/2022\/03\/Asset-54-1.png\">\n<\/div>\n<\/div>\n<\/div>\n\n\n\n<div class=\"wp-block-columns\" id=\"containerr\">\n<div class=\"wp-block-column\">\n<div class=\"blue_marker_list\">\n<p align=\"justify\" style=\"margin-bottom: 0;\">Numri i dit\u00ebve me mbi 25 grad\u00eb \u00ebsht\u00eb rritur prej vitesh. Por temperaturat e larta ulin tek derrat si marrjen e ushqimit ashtu edhe shtimin ditor n\u00eb pesh\u00eb, gj\u00eb q\u00eb zgjat koh\u00ebn e majm\u00ebris\u00eb.\nKa disa pika kryesore ku mbar\u00ebshtuesit e derrave mund t\u00eb nd\u00ebrhyjn\u00eb p\u00ebr t\u2019ua leht\u00ebsuar kafsh\u00ebve temperaturat e larta t\u00eb ver\u00ebs. Kur gjat\u00eb ver\u00ebs ngrihen temperaturat, fermer\u00ebt p\u00ebrballen rregullisht me sfid\u00ebn p\u00ebr t\u2019i mbrojtur derrat e tyre nga stresi i nxeht\u00ebsis\u00eb.\nSepse q\u00eb nga 25\u00b0C jasht\u00eb b\u00ebhet kritike p\u00ebr derrat: frekuenca e frym\u00ebmarrjes rritet dhe ata kan\u00eb nevoj\u00eb p\u00ebr freskim. Po ashtu pin\u00eb m\u00eb shum\u00eb uj\u00eb dhe han\u00eb m\u00eb pak. Nxeht\u00ebsia e zgjatur mund t\u00eb \u00e7oj\u00eb n\u00eb komplikime sh\u00ebndet\u00ebsore (probleme me qarkullimin, dob\u00ebsi, diarre). Gjithashtu v\u00ebrehet edhe shtim i sjelljeve t\u00eb pad\u00ebshiruara (agresivitet, kanibaliz\u00ebm). Prandaj \u00ebsht\u00eb e r\u00ebnd\u00ebsishme q\u00eb q\u00eb n\u00eb planifikim dhe nd\u00ebrtim t\u00eb stall\u00ebs t\u00eb mendohet p\u00ebr ftohjen dhe t\u00eb optimizohen t\u00eb gjith\u00eb faktor\u00ebt shoq\u00ebrues.<\/p>\n<h4 style=\"padding-top: 20px;\">Kontrollimi i hij\u00ebzimit t\u00eb stall\u00ebs<\/h4>\n<p align=\"justify\" style=\"margin-bottom: 0;\">Rrezet direkte t\u00eb diellit shkaktojn\u00eb ngrohje t\u00eb fort\u00eb t\u00eb stall\u00ebs. P\u00ebr t\u00eb mbajtur nj\u00eb pjes\u00eb t\u00eb madhe t\u00eb nxeht\u00ebsis\u00eb jasht\u00eb, stalla duhet t\u00eb orientohet n\u00eb drejtim veri-jug q\u00eb dielli i mesdit\u00ebs t\u00eb mos bjer\u00eb drejtp\u00ebrdrejt mbi \u00e7ati. Duhet parashikuar nj\u00eb dalje \u00e7atie prej 60\u201380 cm q\u00eb sidomos p\u00ebr dritaret e m\u00ebdha mbron derrat nga rrezet direkte t\u00eb diellit. Grilat, xhami i qum\u00ebshtit, panelet e holla t\u00eb izolimit ose foliet err\u00ebsuese tek dritaret jan\u00eb t\u00eb dobishme pasi l\u00ebn\u00eb m\u00eb pak rreze t\u00eb kalojn\u00eb. Gjithashtu, shkurret ose pem\u00ebt me gjethe n\u00eb an\u00ebn me diell japin hije dhe e mbajn\u00eb rrezatimin larg stall\u00ebs. Dyert e stall\u00ebs gjat\u00eb ver\u00ebs duhet t\u00eb q\u00ebndrojn\u00eb t\u00eb mbyllura n\u00eb m\u00ebnyr\u00eb q\u00eb nxeht\u00ebsia t\u00eb hyj\u00eb m\u00eb ngadal\u00eb brenda.<\/p>\n<h4 style=\"padding-top: 20px;\">P\u00ebrmir\u00ebsimi i izolimit<\/h4>\n<p align=\"justify\" style=\"margin-bottom: 0;\">Masa m\u00eb efektive p\u00ebr ftohjen e nj\u00eb stalle derrash \u00ebsht\u00eb izolimi i mir\u00eb termik. \u00c7atia dhe tavani duhet t\u00eb izolohen me kujdes q\u00eb stalla t\u00eb nxehet m\u00eb pak. Koeficienti i kalimit t\u00eb nxeht\u00ebsis\u00eb i tavanit duhet t\u00eb jet\u00eb m\u00eb i vog\u00ebl se 0,25 W\/m\u00b2K. Muret e jashtme duhet t\u00eb jen\u00eb t\u00eb trasha, t\u00eb pakt\u00ebn 10 cm, q\u00eb nd\u00ebrtesa t\u00eb mbetet duksh\u00ebm m\u00eb e fresk\u00ebt. K\u00ebrkesat minimale p\u00ebr mbrojtjen termike jan\u00eb: muret e jashtme 0,40 W\/m\u00b2K, tavani 0,35 W\/m\u00b2K, dritaret e jashtme 4,30 W\/m\u00b2K dhe dyert e jashtme 1,00 W\/m\u00b2K. Materialet m\u00eb t\u00eb p\u00ebrshtatshme p\u00ebr izolim jan\u00eb shkum\u00eb poliuretani, polistireni dhe polistireni i ekstruduar, t\u00eb p\u00ebrdorura n\u00eb trash\u00ebsi t\u00eb mjaftueshme.<\/p>\n\n<h4 style=\"padding-top: 20px;\">Masa nd\u00ebrtimore p\u00ebr t\u00eb shmangur hyrjen e nxeht\u00ebsis\u00eb<\/h4>\n<p align=\"justify\" style=\"margin-bottom: 0;\">Masat nd\u00ebrtimore p\u00ebr t\u00eb shmangur hyrjen e nxeht\u00ebsis\u00eb p\u00ebrfshijn\u00eb hij\u00ebzimin e stall\u00ebs dhe t\u00eb hyrjeve t\u00eb ajrit, gjelb\u00ebrimin e \u00e7atis\u00eb dhe t\u00eb mureve, mbules\u00ebn e \u00e7atis\u00eb me ngjyr\u00eb t\u00eb hapur, izolimin e \u00e7atis\u00eb dhe tavanit, mure me vlera t\u00eb ul\u00ebta kalimi termik, orientimin e nd\u00ebrtes\u00ebs n\u00eb drejtim veri-jug, daljen e \u00e7atis\u00eb, planifikimin e drejtimit t\u00eb ajrit t\u00eb fresk\u00ebt dhe mund\u00ebsin\u00eb p\u00ebr err\u00ebsimin e sip\u00ebrfaqes s\u00eb dritareve.\n<\/p>\n<h4 style=\"padding-top: 20px;\">Optimizimi i ventilimit<\/h4>\n<p align=\"justify\" style=\"margin-bottom: 0;\">P\u00ebr t\u00eb mbajtur sa m\u00eb t\u00eb ul\u00ebta pasojat e stresit t\u00eb nxeht\u00ebsis\u00eb, k\u00ebrkohet nj\u00eb planifikim i sakt\u00eb i ventilimit t\u00eb stall\u00ebs. Qysh n\u00eb nd\u00ebrtim duhet t\u00eb planifikohet nj\u00eb sistem ventilimi me p\u00ebrmasa t\u00eb mjaftueshme. Pika e thithjes s\u00eb ajrit t\u00eb fresk\u00ebt duhet t\u00eb vendoset n\u00eb zon\u00eb t\u00eb hij\u00ebzuar, p\u00ebr shembull n\u00eb an\u00ebn veriore ose lindore, n\u00eb m\u00ebnyr\u00eb q\u00eb brenda t\u00eb hyj\u00eb aj\u00ebr m\u00eb i fresk\u00ebt. Sistemi i ventilimit duhet t\u00eb jet\u00eb i p\u00ebrshtatsh\u00ebm q\u00eb ajri i fresk\u00ebt t\u00eb arrij\u00eb tek koka e kafsh\u00ebve. Dimensionimi i tij duhet t\u00eb jet\u00eb i mjaftuesh\u00ebm p\u00ebr t\u00eb shmangur rrym\u00ebn e tep\u00ebrt t\u00eb ajrit, pasi korrenti duhet t\u00eb evitohet. Duhet shmangur gjithashtu qarkullimi i gabuar i ajrit, t\u00eb kontrollohen cil\u00ebsimet e kompjuterit t\u00eb klim\u00ebs, ventilator\u00ebt t\u00eb kontrollohen rregullisht dhe \u00e7do defekt t\u00eb riparohet menj\u00ebher\u00eb. Po ashtu, \u00ebsht\u00eb e domosdoshme t\u00eb zbulohen dhe eliminohen burimet e gabimeve n\u00eb sistemin e ventilimit dhe t\u00eb merret k\u00ebshillim profesional.\n<\/p>\n<h4 style=\"padding-top: 20px;\">Mbajtja past\u00ebr e kanaleve t\u00eb ajrit<\/h4>\n<p align=\"justify\" style=\"margin-bottom: 0;\">\u00cbsht\u00eb shum\u00eb e r\u00ebnd\u00ebsishme pastrimi i rregullt i sistemit t\u00eb ventilimit (kanalet e ajrit hyr\u00ebs dhe dal\u00ebs, filtrat). Pluhuri i depozituar ngushton prerjet e kanaleve dhe tehet e ventilator\u00ebve, duke ulur efikasitetin e ventilimit.\n<\/p>\n<h4 style=\"padding-top: 20px;\">T\u00eb vendosen sip\u00ebrfaqe t\u00eb ftohta p\u00ebr shtrirje<\/h4>\n<p align=\"justify\" style=\"margin-bottom: 0;\">Derrat k\u00ebrkojn\u00eb sip\u00ebrfaqe ftoh\u00ebse ku mund t\u00eb shtrihen, p.sh. beton i zhveshur ose grila. P\u00ebr k\u00ebt\u00eb arsye, nuk duhet t\u00eb mbushen me kasht\u00eb t\u00eb gjitha bokset, n\u00eb m\u00ebnyr\u00eb q\u00eb t\u00eb mbeten zona t\u00eb lira ku derrat mund t\u00eb shtrihen dhe t\u00eb ftohen duke pasur kontakt t\u00eb drejtp\u00ebrdrejt\u00eb me tok\u00ebn.\n<\/p>\n<h4 style=\"padding-top: 20px;\">T\u00eb krijohet m\u00eb shum\u00eb hap\u00ebsir\u00eb n\u00eb stall\u00eb<\/h4>\n<p align=\"justify\" style=\"margin-bottom: 0;\">N\u00ebse u jepet derrave m\u00eb shum\u00eb hap\u00ebsir\u00eb p\u00ebr t\u2019u ftohur dhe p\u00ebrmir\u00ebsohet qarkullimi i ajrit n\u00eb ndarjet e stall\u00ebs, at\u00ebher\u00eb edhe dend\u00ebsia e kafsh\u00ebve n\u00eb stall\u00eb duhet t\u00eb mbahet sa m\u00eb e ul\u00ebt.\n<\/p>\n<h4 style=\"padding-top: 20px;\">Zona me hije n\u00eb mbajtjen e lir\u00eb<\/h4>\n<p align=\"justify\" style=\"margin-bottom: 0;\">Kur derrat mbahen n\u00eb ambient t\u00eb hapur, atyre u duhen zona t\u00eb mjaftueshme me hije p\u00ebr t\u2019u mbrojtur nga dielli. K\u00ebt\u00eb funksion mund ta kryejn\u00eb p.sh. shkurret dhe pem\u00ebt me gjethe. N\u00eb munges\u00eb t\u00eb tyre mund t\u00eb p\u00ebrdoren gjithashtu \u00e7adra alumini ose tenda t\u00eb vendosura n\u00eb m\u00ebnyr\u00eb q\u00eb t\u00eb reflektojn\u00eb sa m\u00eb shum\u00eb rrezet e diellit. Pema t\u00eb deg\u00ebzuara gjithashtu jan\u00eb treguar t\u00eb dobishme si streh\u00eb kund\u00ebr diellit.\n<\/p>\n<h4 style=\"padding-top: 20px;\">Furnizimi me ushqim<\/h4>\n<p align=\"justify\" style=\"margin-bottom: 0;\">Derrat ulin prodhimin e nxeht\u00ebsis\u00eb s\u00eb tretjes duke ngr\u00ebn\u00eb m\u00eb pak gjat\u00eb periudhave t\u00eb nxehta. P\u00ebr t\u00eb siguruar q\u00eb edhe n\u00eb ver\u00eb ata marrin mjaftuesh\u00ebm energji, duhet t\u00eb p\u00ebrshtaten racione ushqimi sipas periudh\u00ebs. Gjat\u00eb dit\u00ebve shum\u00eb t\u00eb nxehta, ushqimi duhet t\u00eb jepet her\u00ebt n\u00eb m\u00ebngjes ose von\u00eb n\u00eb mbr\u00ebmje. Furnizimi me ushqim duhet t\u00eb jet\u00eb sa m\u00eb i tretsh\u00ebm dhe me p\u00ebrmbajtje t\u00eb lart\u00eb energjie. Racionet e ushqimit t\u00eb p\u00ebrqendruar nuk duhet t\u00eb rriten m\u00eb shum\u00eb se 2,5 her\u00eb. P\u00ebrqendrimi i energjis\u00eb n\u00eb racione mund t\u00eb rritet p\u00ebrmes shtimit t\u00eb yndyrave dhe vajrave. Nj\u00eb pjes\u00eb e fibrave t\u00eb ushqimit duhet t\u00eb z\u00ebvend\u00ebsohet me karbohidrate m\u00eb t\u00eb tretshme p\u00ebr t\u00eb shmangur prodhimin e panevojsh\u00ebm t\u00eb nxeht\u00ebsis\u00eb. Gjithashtu, shtimi i aditiv\u00ebve ndihmon n\u00eb tretje dhe p\u00ebrmir\u00ebson ekuilibrin e elektroliteve.\n<\/p>\n<h4 style=\"padding-top: 20px;\">Higjiena e pajisjeve t\u00eb ushqimit shum\u00eb e r\u00ebnd\u00ebsishme<\/h4>\n<p align=\"justify\" style=\"margin-bottom: 0;\">Higjiena e pajisjeve t\u00eb ushqimit ka r\u00ebnd\u00ebsi vendimtare, sidomos gjat\u00eb periudh\u00ebs s\u00eb ver\u00ebs. Pajisjet e ushqimit duhet t\u00eb pastrohen rregullisht, nd\u00ebrsa pajisjet e ushqimit me l\u00ebngje duhet t\u00eb shp\u00eblahen disa her\u00eb n\u00eb dit\u00eb p\u00ebr t\u00eb shmangur formimin e mikrobeve n\u00eb tubacion.\n<\/p>\n<h4 style=\"padding-top: 20px;\">Qet\u00ebsia n\u00eb stall\u00eb<\/h4>\n<p align=\"justify\" style=\"margin-bottom: 0;\">Aktiviteti i derrave e rrit ndjesh\u00ebm prodhimin e nxeht\u00ebsis\u00eb s\u00eb trupit. P\u00ebr k\u00ebt\u00eb arsye \u00ebsht\u00eb e r\u00ebnd\u00ebsishme q\u00eb gjat\u00eb periudhave t\u00eb nxehta kafsh\u00ebt t\u00eb mos shqet\u00ebsohen m\u00eb shum\u00eb se\u00e7 \u00ebsht\u00eb e nevojshme. Pun\u00ebt e stall\u00ebs duhet t\u00eb kryhen her\u00ebt n\u00eb m\u00ebngjes ose von\u00eb n\u00eb mbr\u00ebmje. Kujdesi sh\u00ebndet\u00ebsor dhe matjet e kafsh\u00ebve duhen b\u00ebr\u00eb n\u00eb m\u00ebngjes ose n\u00eb dit\u00eb m\u00eb t\u00eb fresk\u00ebta.\n<\/p>\n<\/div>\n<\/div>\n<\/div>\n\n\n\n<p><\/p>\n","protected":false},"excerpt":{"rendered":"<p>Si t\u00eb shmangim stresin nga nxeht\u00ebsia n\u00eb stall\u00ebn e derrave P\u00ebrpunuar nga Klevis Xhardja Numri i dit\u00ebve me mbi 25 grad\u00eb \u00ebsht\u00eb rritur prej vitesh. Por temperaturat e larta ulin tek derrat si marrjen e ushqimit ashtu edhe shtimin ditor n\u00eb pesh\u00eb, gj\u00eb q\u00eb zgjat koh\u00ebn e majm\u00ebris\u00eb. Ka disa pika kryesore ku mbar\u00ebshtuesit e [&hellip;]<\/p>\n","protected":false},"author":2,"featured_media":0,"parent":0,"menu_order":0,"comment_status":"closed","ping_status":"closed","template":"","meta":{"inline_featured_image":false,"footnotes":""},"class_list":["post-9622","page","type-page","status-publish","hentry"],"yoast_head":"<!-- This site is optimized with the Yoast SEO plugin v18.9 - https:\/\/yoast.com\/wordpress\/plugins\/seo\/ -->\n<title>Si t\u00eb shmangim stresin nga nxeht\u00ebsia n\u00eb stall\u00ebn e derrave - Austria Praemix<\/title>\n<meta name=\"robots\" content=\"index, follow, max-snippet:-1, max-image-preview:large, max-video-preview:-1\" \/>\n<link rel=\"canonical\" href=\"https:\/\/ap.com.al\/?page_id=9622\" \/>\n<meta property=\"og:locale\" content=\"en_US\" \/>\n<meta property=\"og:type\" content=\"article\" \/>\n<meta property=\"og:title\" content=\"Si t\u00eb shmangim stresin nga nxeht\u00ebsia n\u00eb stall\u00ebn e derrave - Austria Praemix\" \/>\n<meta property=\"og:description\" content=\"Si t\u00eb shmangim stresin nga nxeht\u00ebsia n\u00eb stall\u00ebn e derrave P\u00ebrpunuar nga Klevis Xhardja Numri i dit\u00ebve me mbi 25 grad\u00eb \u00ebsht\u00eb rritur prej vitesh. Por temperaturat e larta ulin tek derrat si marrjen e ushqimit ashtu edhe shtimin ditor n\u00eb pesh\u00eb, gj\u00eb q\u00eb zgjat koh\u00ebn e majm\u00ebris\u00eb. Ka disa pika kryesore ku mbar\u00ebshtuesit e [&hellip;]\" \/>\n<meta property=\"og:url\" content=\"https:\/\/ap.com.al\/?page_id=9622\" \/>\n<meta property=\"og:site_name\" content=\"Austria Praemix\" \/>\n<meta property=\"article:publisher\" content=\"https:\/\/www.facebook.com\/austriapraemiks\/\" \/>\n<meta property=\"og:image\" content=\"https:\/\/ap.com.al\/wp-content\/uploads\/2022\/03\/Asset-54-1.png\" \/>\n<meta name=\"twitter:card\" content=\"summary_large_image\" \/>\n<meta name=\"twitter:label1\" content=\"Est. reading time\" \/>\n\t<meta name=\"twitter:data1\" content=\"1 minute\" \/>\n<script type=\"application\/ld+json\" class=\"yoast-schema-graph\">{\"@context\":\"https:\/\/schema.org\",\"@graph\":[{\"@type\":\"Organization\",\"@id\":\"https:\/\/ap.com.al\/#organization\",\"name\":\"Austria Preamix\",\"url\":\"https:\/\/ap.com.al\/\",\"sameAs\":[\"https:\/\/www.instagram.com\/austriapraemix\/\",\"https:\/\/www.facebook.com\/austriapraemiks\/\"],\"logo\":{\"@type\":\"ImageObject\",\"inLanguage\":\"en-US\",\"@id\":\"https:\/\/ap.com.al\/#\/schema\/logo\/image\/\",\"url\":\"https:\/\/ap.com.al\/wp-content\/uploads\/2022\/02\/AP-logo.png\",\"contentUrl\":\"https:\/\/ap.com.al\/wp-content\/uploads\/2022\/02\/AP-logo.png\",\"width\":3358,\"height\":1616,\"caption\":\"Austria Preamix\"},\"image\":{\"@id\":\"https:\/\/ap.com.al\/#\/schema\/logo\/image\/\"}},{\"@type\":\"WebSite\",\"@id\":\"https:\/\/ap.com.al\/#website\",\"url\":\"https:\/\/ap.com.al\/\",\"name\":\"Austria Praemix\",\"description\":\"\",\"publisher\":{\"@id\":\"https:\/\/ap.com.al\/#organization\"},\"potentialAction\":[{\"@type\":\"SearchAction\",\"target\":{\"@type\":\"EntryPoint\",\"urlTemplate\":\"https:\/\/ap.com.al\/?s={search_term_string}\"},\"query-input\":\"required name=search_term_string\"}],\"inLanguage\":\"en-US\"},{\"@type\":\"ImageObject\",\"inLanguage\":\"en-US\",\"@id\":\"https:\/\/ap.com.al\/?page_id=9622#primaryimage\",\"url\":\"https:\/\/ap.com.al\/wp-content\/uploads\/2022\/03\/Asset-54-1.png\",\"contentUrl\":\"https:\/\/ap.com.al\/wp-content\/uploads\/2022\/03\/Asset-54-1.png\",\"width\":355,\"height\":354},{\"@type\":\"WebPage\",\"@id\":\"https:\/\/ap.com.al\/?page_id=9622#webpage\",\"url\":\"https:\/\/ap.com.al\/?page_id=9622\",\"name\":\"Si t\u00eb shmangim stresin nga nxeht\u00ebsia n\u00eb stall\u00ebn e derrave - Austria Praemix\",\"isPartOf\":{\"@id\":\"https:\/\/ap.com.al\/#website\"},\"primaryImageOfPage\":{\"@id\":\"https:\/\/ap.com.al\/?page_id=9622#primaryimage\"},\"datePublished\":\"2025-08-28T12:08:00+00:00\",\"dateModified\":\"2025-08-28T12:08:00+00:00\",\"breadcrumb\":{\"@id\":\"https:\/\/ap.com.al\/?page_id=9622#breadcrumb\"},\"inLanguage\":\"en-US\",\"potentialAction\":[{\"@type\":\"ReadAction\",\"target\":[\"https:\/\/ap.com.al\/?page_id=9622\"]}]},{\"@type\":\"BreadcrumbList\",\"@id\":\"https:\/\/ap.com.al\/?page_id=9622#breadcrumb\",\"itemListElement\":[{\"@type\":\"ListItem\",\"position\":1,\"name\":\"Home\",\"item\":\"https:\/\/ap.com.al\/\"},{\"@type\":\"ListItem\",\"position\":2,\"name\":\"Si t\u00eb shmangim stresin nga nxeht\u00ebsia n\u00eb stall\u00ebn e derrave\"}]}]}<\/script>\n<!-- \/ Yoast SEO plugin. -->","yoast_head_json":{"title":"Si t\u00eb shmangim stresin nga nxeht\u00ebsia n\u00eb stall\u00ebn e derrave - Austria Praemix","robots":{"index":"index","follow":"follow","max-snippet":"max-snippet:-1","max-image-preview":"max-image-preview:large","max-video-preview":"max-video-preview:-1"},"canonical":"https:\/\/ap.com.al\/?page_id=9622","og_locale":"en_US","og_type":"article","og_title":"Si t\u00eb shmangim stresin nga nxeht\u00ebsia n\u00eb stall\u00ebn e derrave - Austria Praemix","og_description":"Si t\u00eb shmangim stresin nga nxeht\u00ebsia n\u00eb stall\u00ebn e derrave P\u00ebrpunuar nga Klevis Xhardja Numri i dit\u00ebve me mbi 25 grad\u00eb \u00ebsht\u00eb rritur prej vitesh. Por temperaturat e larta ulin tek derrat si marrjen e ushqimit ashtu edhe shtimin ditor n\u00eb pesh\u00eb, gj\u00eb q\u00eb zgjat koh\u00ebn e majm\u00ebris\u00eb. Ka disa pika kryesore ku mbar\u00ebshtuesit e [&hellip;]","og_url":"https:\/\/ap.com.al\/?page_id=9622","og_site_name":"Austria Praemix","article_publisher":"https:\/\/www.facebook.com\/austriapraemiks\/","og_image":[{"url":"https:\/\/ap.com.al\/wp-content\/uploads\/2022\/03\/Asset-54-1.png"}],"twitter_card":"summary_large_image","twitter_misc":{"Est. reading time":"1 minute"},"schema":{"@context":"https:\/\/schema.org","@graph":[{"@type":"Organization","@id":"https:\/\/ap.com.al\/#organization","name":"Austria Preamix","url":"https:\/\/ap.com.al\/","sameAs":["https:\/\/www.instagram.com\/austriapraemix\/","https:\/\/www.facebook.com\/austriapraemiks\/"],"logo":{"@type":"ImageObject","inLanguage":"en-US","@id":"https:\/\/ap.com.al\/#\/schema\/logo\/image\/","url":"https:\/\/ap.com.al\/wp-content\/uploads\/2022\/02\/AP-logo.png","contentUrl":"https:\/\/ap.com.al\/wp-content\/uploads\/2022\/02\/AP-logo.png","width":3358,"height":1616,"caption":"Austria Preamix"},"image":{"@id":"https:\/\/ap.com.al\/#\/schema\/logo\/image\/"}},{"@type":"WebSite","@id":"https:\/\/ap.com.al\/#website","url":"https:\/\/ap.com.al\/","name":"Austria Praemix","description":"","publisher":{"@id":"https:\/\/ap.com.al\/#organization"},"potentialAction":[{"@type":"SearchAction","target":{"@type":"EntryPoint","urlTemplate":"https:\/\/ap.com.al\/?s={search_term_string}"},"query-input":"required name=search_term_string"}],"inLanguage":"en-US"},{"@type":"ImageObject","inLanguage":"en-US","@id":"https:\/\/ap.com.al\/?page_id=9622#primaryimage","url":"https:\/\/ap.com.al\/wp-content\/uploads\/2022\/03\/Asset-54-1.png","contentUrl":"https:\/\/ap.com.al\/wp-content\/uploads\/2022\/03\/Asset-54-1.png","width":355,"height":354},{"@type":"WebPage","@id":"https:\/\/ap.com.al\/?page_id=9622#webpage","url":"https:\/\/ap.com.al\/?page_id=9622","name":"Si t\u00eb shmangim stresin nga nxeht\u00ebsia n\u00eb stall\u00ebn e derrave - Austria Praemix","isPartOf":{"@id":"https:\/\/ap.com.al\/#website"},"primaryImageOfPage":{"@id":"https:\/\/ap.com.al\/?page_id=9622#primaryimage"},"datePublished":"2025-08-28T12:08:00+00:00","dateModified":"2025-08-28T12:08:00+00:00","breadcrumb":{"@id":"https:\/\/ap.com.al\/?page_id=9622#breadcrumb"},"inLanguage":"en-US","potentialAction":[{"@type":"ReadAction","target":["https:\/\/ap.com.al\/?page_id=9622"]}]},{"@type":"BreadcrumbList","@id":"https:\/\/ap.com.al\/?page_id=9622#breadcrumb","itemListElement":[{"@type":"ListItem","position":1,"name":"Home","item":"https:\/\/ap.com.al\/"},{"@type":"ListItem","position":2,"name":"Si t\u00eb shmangim stresin nga nxeht\u00ebsia n\u00eb stall\u00ebn e derrave"}]}]}},"_links":{"self":[{"href":"https:\/\/ap.com.al\/index.php?rest_route=\/wp\/v2\/pages\/9622","targetHints":{"allow":["GET"]}}],"collection":[{"href":"https:\/\/ap.com.al\/index.php?rest_route=\/wp\/v2\/pages"}],"about":[{"href":"https:\/\/ap.com.al\/index.php?rest_route=\/wp\/v2\/types\/page"}],"author":[{"embeddable":true,"href":"https:\/\/ap.com.al\/index.php?rest_route=\/wp\/v2\/users\/2"}],"replies":[{"embeddable":true,"href":"https:\/\/ap.com.al\/index.php?rest_route=%2Fwp%2Fv2%2Fcomments&post=9622"}],"version-history":[{"count":2,"href":"https:\/\/ap.com.al\/index.php?rest_route=\/wp\/v2\/pages\/9622\/revisions"}],"predecessor-version":[{"id":9626,"href":"https:\/\/ap.com.al\/index.php?rest_route=\/wp\/v2\/pages\/9622\/revisions\/9626"}],"wp:attachment":[{"href":"https:\/\/ap.com.al\/index.php?rest_route=%2Fwp%2Fv2%2Fmedia&parent=9622"}],"curies":[{"name":"wp","href":"https:\/\/api.w.org\/{rel}","templated":true}]}}