{"id":9630,"date":"2025-09-02T10:51:34","date_gmt":"2025-09-02T10:51:34","guid":{"rendered":"https:\/\/ap.com.al\/?page_id=9630"},"modified":"2025-09-02T10:56:05","modified_gmt":"2025-09-02T10:56:05","slug":"rritja-e-vicave-oret-e-para-jane-vendimtare","status":"publish","type":"page","link":"https:\/\/ap.com.al\/?page_id=9630","title":{"rendered":"RRITJA E VI\u00c7AVE: OR\u00cbT E PARA JAN\u00cb VENDIMTARE"},"content":{"rendered":"\n<style>\n  #oniiii{\n    background-image:url(\"https:\/\/ap.com.al\/wp-content\/uploads\/2025\/09\/Artikull-banner-9.png\");\n    padding-bottom: 32%;\n    background-position:center center;\n    background-repeat: no-repeat;\n    background-size:cover;\n  }\n  <\/style>\n  <script src=\"https:\/\/code.jquery.com\/jquery-3.5.0.js\">\n<\/script>\n\n<div id=\"oniiii\"><\/div>\n \n<script>\n$( \"#oniiii\" ).insertBefore( \".container_wrap_first\" );\n<\/script>\n\n\n\n<div class=\"wp-block-columns\" id=\"containerr\">\n<div class=\"wp-block-column\">\n<div class=\"avia_textblock\" itemprop=\"text\"><h4 style=\"color:#005a8c;\n\">RRITJA E VI\u00c7AVE: OR\u00cbT E PARA JAN\u00cb VENDIMTARE<\/h4>\n<p align=\"right\">\n   P\u00ebrpunuar nga Klevis Xhardja<\/p>\n<\/div>\n<\/div>\n<\/div>\n\n\n\n<div class=\"wp-block-columns\" id=\"containerr\">\n<div class=\"wp-block-column\">\n<div class=\"detail__certificates-item-icon\">\n<img decoding=\"async\" alt=\"Icon RINDAMAST UNI\" src=\"https:\/\/ap.com.al\/wp-content\/uploads\/2022\/03\/Asset-51-1.png\">\n<\/div>\n<\/div>\n<\/div>\n\n\n\n<div class=\"wp-block-columns\" id=\"containerr\">\n<div class=\"wp-block-column\">\n<div class=\"blue_marker_list\">\n<p align=\"justify\">Furnizimi me kolostrum gjat\u00eb or\u00ebve t\u00eb para t\u00eb jet\u00ebs s\u00eb vi\u00e7it \u00ebsht\u00eb me r\u00ebnd\u00ebsi vendimtare. K\u00ebtu vendoset baza p\u00ebr rritjen optimale t\u00eb vi\u00e7ave dhe nj\u00eb lop\u00eb qum\u00ebshtore t\u00eb sh\u00ebndetshme e jet\u00ebgjat\u00eb. \u00c7far\u00eb e b\u00ebn kolostrumin kaq t\u00eb ve\u00e7ant\u00eb dhe \u00e7far\u00eb duhet t\u00eb kemi parasysh, shpjegohet n\u00eb artikullin vijues.<\/p>\n<\/div>\n\n\n\n<figure class=\"wp-block-image size-full\"><img loading=\"lazy\" decoding=\"async\" width=\"540\" height=\"530\" src=\"https:\/\/ap.com.al\/wp-content\/uploads\/2025\/09\/image.png\" alt=\"\" class=\"wp-image-9631\" srcset=\"https:\/\/ap.com.al\/wp-content\/uploads\/2025\/09\/image.png 540w, https:\/\/ap.com.al\/wp-content\/uploads\/2025\/09\/image-300x294.png 300w, https:\/\/ap.com.al\/wp-content\/uploads\/2025\/09\/image-80x80.png 80w, https:\/\/ap.com.al\/wp-content\/uploads\/2025\/09\/image-36x36.png 36w, https:\/\/ap.com.al\/wp-content\/uploads\/2025\/09\/image-450x442.png 450w\" sizes=\"auto, (max-width: 540px) 100vw, 540px\" \/><\/figure>\n\n\n\n<div class=\"blue_marker_list\">\n<p align=\"justify\">Qum\u00ebshti i par\u00eb i gjitar\u00ebve quhet kolostrum (i quajtur edhe qum\u00ebsht kolostral ose kullosht\u00ebr). P\u00ebrb\u00ebrja e tij ndryshon ndjesh\u00ebm nga qum\u00ebshti i prodhuar gjat\u00eb pjes\u00ebs tjet\u00ebr t\u00eb laktacionit (Tabela 1). Kjo ndodh sepse kolostrumi jo vet\u00ebm q\u00eb ka funksionin e furnizimit t\u00eb vi\u00e7it t\u00eb porsalindur me l\u00ebnd\u00eb ushqyese dhe uj\u00eb, por \u00ebsht\u00eb gjithashtu thelb\u00ebsor p\u00ebr nd\u00ebrtimin e sistemit imunitar. \u00cbsht\u00eb e r\u00ebnd\u00ebsishme t\u00eb dim\u00eb se, ndryshe nga njer\u00ebzit, p\u00ebr shembull, te gjedh\u00ebt nuk mund t\u00eb ket\u00eb transferim pasiv t\u00eb antitrupave nd\u00ebrmjet n\u00ebn\u00ebs dhe pasardh\u00ebsve t\u00eb palindur n\u00ebp\u00ebrmjet placent\u00ebs. Prandaj, imunizimi pasiv n\u00ebp\u00ebrmjet kolostrumit luan nj\u00eb rol vendimtar te vi\u00e7at. P\u00ebrmbajtja shum\u00eb m\u00eb e lart\u00eb e proteinave n\u00eb kolostrum \u00ebsht\u00eb p\u00ebr shkak t\u00eb p\u00ebrmbajtjes s\u00eb lart\u00eb t\u00eb antitrupave, t\u00eb ashtuquajturat imunoglobulina. K\u00ebto imunoglobulina p\u00ebrmbajn\u00eb informacion t\u00eb r\u00ebnd\u00ebsish\u00ebm p\u00ebr sistemin imunitar t\u00eb vi\u00e7it p\u00ebr t&#8217;u mbrojtur kund\u00ebr mikrobeve specifike. Pa k\u00ebt\u00eb informacion, sistemi imunitar i vi\u00e7it do t\u00eb k\u00ebrkonte shum\u00eb koh\u00eb p\u00ebr t\u00eb luftuar n\u00eb m\u00ebnyr\u00eb efektive mikrobet gjat\u00eb kontaktit t\u00eb par\u00eb.<\/p>\n<h4>Tabela 1: P\u00ebrb\u00ebrja e qum\u00ebshtit t\u00eb lop\u00ebs (%)<\/h4>\n<\/div>\n\n\n\n<figure class=\"wp-block-image size-full is-resized\"><img loading=\"lazy\" decoding=\"async\" width=\"345\" height=\"117\" src=\"https:\/\/ap.com.al\/wp-content\/uploads\/2025\/09\/image-1.png\" alt=\"\" class=\"wp-image-9632\" style=\"width:442px;height:auto\" srcset=\"https:\/\/ap.com.al\/wp-content\/uploads\/2025\/09\/image-1.png 345w, https:\/\/ap.com.al\/wp-content\/uploads\/2025\/09\/image-1-300x102.png 300w\" sizes=\"auto, (max-width: 345px) 100vw, 345px\" \/><\/figure>\n\n\n\n<div class=\"blue_marker_list\">\n<h4>Marrja e shpejt\u00eb dhe e mjaftueshme e kolostrumit \u00ebsht\u00eb thelb\u00ebsore!<\/h4>\n<p align=\"justify\">Imunoglobulinat grumbullohen n\u00eb gj\u00ebndr\u00ebn qum\u00ebshtore gjat\u00eb periudh\u00ebs s\u00eb that\u00eb dhe lirohen me qum\u00ebshtin e par\u00eb. Prandaj, p\u00ebrqendrimi n\u00eb qum\u00ebsht \u00ebsht\u00eb m\u00eb i lart\u00eb n\u00eb mjeljen e par\u00eb menj\u00ebher\u00eb pas pjelljes dhe m\u00eb pas zvog\u00eblohet shpejt. Vet\u00ebm 24 or\u00eb pas pjelljes, vet\u00ebm 25 p\u00ebr qind e p\u00ebrqendrimit fillestar mbetet n\u00eb qum\u00ebsht.\nAntitrupat e shp\u00ebrndar\u00eb p\u00ebrmes kolostrumit p\u00ebrthithen p\u00ebrmes murit t\u00eb zorr\u00ebve n\u00eb zorr\u00ebn e holl\u00eb t\u00eb vi\u00e7it. Megjithat\u00eb, p\u00ebrshkueshm\u00ebria e murit t\u00eb zorr\u00ebve ndaj k\u00ebtyre molekulave t\u00eb m\u00ebdha proteinike gjithashtu zvog\u00eblohet shpejt brenda 24 or\u00ebve t\u00eb para. Pas k\u00ebsaj, imunoglobulinat nuk mund t\u00eb kalojn\u00eb m\u00eb n\u00ebp\u00ebr muret e zorr\u00ebve dhe t\u00eb kontribuojn\u00eb n\u00eb imunizimin pasiv.\nKjo \u00e7on n\u00eb rekomandimin p\u00ebr t\u00eb mjel\u00eb lop\u00ebn menj\u00ebher\u00eb pas pjelljes p\u00ebr t\u00eb ushqyer vi\u00e7in. Niveli m\u00eb i lart\u00eb i past\u00ebrtis\u00eb k\u00ebrkohet p\u00ebr t\u00eb mbajtur ngarkes\u00ebn e mikrobeve p\u00ebrmes kolostrumit p\u00ebr vi\u00e7in ende t\u00eb pambrojtur sa m\u00eb t\u00eb ul\u00ebt q\u00eb t\u00eb jet\u00eb e mundur.\nN\u00eb m\u00ebnyr\u00eb ideale, vi\u00e7i duhet t\u00eb konsumoj\u00eb 10-15% t\u00eb pesh\u00ebs s\u00eb tij trupore n\u00eb kolostrum brenda 24 or\u00ebve t\u00eb para. P\u00ebr nj\u00eb pesh\u00eb lindjeje prej 45 kg, kjo korrespondon me af\u00ebrsisht 5-7 litra. Sasia e kolostrumit t\u00eb konsumuar menj\u00ebher\u00eb pas lindjes \u00ebsht\u00eb ve\u00e7an\u00ebrisht e r\u00ebnd\u00ebsishme, pasi kjo \u00ebsht\u00eb kur p\u00ebrqendrimi i imunoglobulinave n\u00eb qum\u00ebsht dhe p\u00ebrshkueshm\u00ebria e murit t\u00eb zorr\u00ebve t\u00eb vi\u00e7it jan\u00eb n\u00eb nivelin m\u00eb t\u00eb lart\u00eb.\n<\/p>\n<h4>Rregulli i p\u00ebrgjithsh\u00ebm: t\u00eb pakt\u00ebn 3 litra n\u00eb 3 or\u00ebt e para<\/h4>\n<p align=\"justify\">P\u00ebr t\u00eb krijuar nj\u00eb nivel mjaft t\u00eb lart\u00eb t\u00eb mbrojtjes imune p\u00ebrmes kolostrumit, vi\u00e7i duhet t\u00eb konsumoj\u00eb t\u00eb pakt\u00ebn tre litra kolostrum brenda tre or\u00ebve t\u00eb para. Ky rekomandim bazohet n\u00eb hulumtime t\u00eb gjera.\nNj\u00eb tregues i mbrojtjes imune t\u00eb vi\u00e7it \u00ebsht\u00eb p\u00ebrmbajtja e proteinave n\u00eb gjak. Nj\u00eb vi\u00e7 konsiderohet mjaft i mbrojtur n\u00ebse p\u00ebrmbajtja e proteinave n\u00eb gjak \u00ebsht\u00eb t\u00eb pakt\u00ebn 55 mg\/lit\u00ebr 24 or\u00eb pas administrimit t\u00eb par\u00eb t\u00eb kolostrumit. N\u00eb nj\u00eb studim gjerman me 139 vi\u00e7a, numri i rasteve t\u00eb diarres\u00eb dhe pneumonis\u00eb u ul ndjesh\u00ebm mbi k\u00ebt\u00eb p\u00ebrqendrim (Tabela 2).\n<\/p>\n<h4>Tabela 2: Frekuenca e S\u00ebmundjeve dhe Vdekshm\u00ebria e Vi\u00e7ave n\u00eb Var\u00ebsi t\u00eb P\u00ebrmbajtjes s\u00eb Proteinave n\u00eb Serumin e Gjakut (plazma e gjakut pa fibrinogjenin).<\/h4>\n<\/div>\n\n\n\n<figure class=\"wp-block-image size-full is-resized\"><img loading=\"lazy\" decoding=\"async\" width=\"367\" height=\"124\" src=\"https:\/\/ap.com.al\/wp-content\/uploads\/2025\/09\/image-2.png\" alt=\"\" class=\"wp-image-9633\" style=\"width:497px;height:auto\" srcset=\"https:\/\/ap.com.al\/wp-content\/uploads\/2025\/09\/image-2.png 367w, https:\/\/ap.com.al\/wp-content\/uploads\/2025\/09\/image-2-300x101.png 300w\" sizes=\"auto, (max-width: 367px) 100vw, 367px\" \/><\/figure>\n\n\n\n<div class=\"blue_marker_list\">\n<h4>Arritja e objektivit t\u00eb imunizimit t\u00eb vi\u00e7it<\/h4>\n<p align=\"justify\">N\u00ebse nj\u00eb vi\u00e7 e arrin k\u00ebt\u00eb objektiv varet kryesisht nga sasia e kolostrumit t\u00eb konsumuar. Nj\u00eb studim tregoi se vet\u00ebm kur sasia e kolostrumit tejkaloi tre litra, 71% e vi\u00e7ave t\u00eb ekzaminuar arrit\u00ebn objektivin e t\u00eb pakt\u00ebn 55 g proteina p\u00ebr lit\u00ebr serum gjaku. Megjithat\u00eb, me nj\u00eb marrje kolostrumi prej m\u00eb pak se dy litra, vet\u00ebm shtat\u00eb p\u00ebrqind e vi\u00e7ave arrit\u00ebn vler\u00ebn e synuar (Tabela 3).\n<\/p>\n<h4>Cil\u00ebsia e kolostrumit \u00ebsht\u00eb e r\u00ebnd\u00ebsishme<\/h4>\n<p align=\"justify\">P\u00ebrve\u00e7 sasis\u00eb s\u00eb kolostrumit t\u00eb konsumuar, cil\u00ebsia e kolostrumit ka gjithashtu nj\u00eb ndikim vendimtar n\u00eb mbrojtjen imune t\u00eb vi\u00e7it. P\u00ebrmbajtja e imunoglobulinave n\u00eb kolostrum mund t\u00eb ndryshoj\u00eb midis 15 dhe 150 g\/l. Nj\u00eb p\u00ebrmbajtje imunoglobulinash prej 50 g\/l ose m\u00eb shum\u00eb konsiderohet kolostrum me cil\u00ebsi t\u00eb mir\u00eb, dhe rregulli i p\u00ebrgjithsh\u00ebm &#8220;t\u00eb pakt\u00ebn 3 litra n\u00eb 3 or\u00ebt e para&#8221; mund t\u00eb p\u00ebrdoret p\u00ebr t\u00eb siguruar ushqimin optimal p\u00ebr vi\u00e7in. N\u00ebse p\u00ebrmbajtja e imunoglobulinave \u00ebsht\u00eb duksh\u00ebm n\u00ebn 50 g\/l, kjo nuk mund t\u00eb kompensohet duke rritur sasin\u00eb e qum\u00ebshtit t\u00eb ushqyer.\n<\/p>\n<h4>Tabela 3: Ndikimi i Sasis\u00eb s\u00eb Kolostrumit n\u00eb P\u00ebrmbajtjen e Proteinave Totale n\u00eb Serumin e Gjakut t\u00eb Vi\u00e7it.<\/h4>\n<\/div>\n\n\n\n<figure class=\"wp-block-image size-full is-resized\"><img loading=\"lazy\" decoding=\"async\" width=\"490\" height=\"164\" src=\"https:\/\/ap.com.al\/wp-content\/uploads\/2025\/09\/image-3.png\" alt=\"\" class=\"wp-image-9634\" style=\"width:592px;height:auto\" srcset=\"https:\/\/ap.com.al\/wp-content\/uploads\/2025\/09\/image-3.png 490w, https:\/\/ap.com.al\/wp-content\/uploads\/2025\/09\/image-3-300x100.png 300w, https:\/\/ap.com.al\/wp-content\/uploads\/2025\/09\/image-3-450x151.png 450w\" sizes=\"auto, (max-width: 490px) 100vw, 490px\" \/><\/figure>\n\n\n\n<div class=\"blue_marker_list\">\n<h4>Faktor\u00ebt q\u00eb ndikojn\u00eb n\u00eb cil\u00ebsin\u00eb e kolostrumit:<\/h4>\n<ul>\n<li>Numri i Laktacionit: Lop\u00ebt n\u00eb laktacione m\u00eb t\u00eb larta n\u00eb p\u00ebrgjith\u00ebsi prodhojn\u00eb kolostrum m\u00eb t\u00eb mir\u00eb.\n<li>Koh\u00ebzgjatja e Periudh\u00ebs s\u00eb That\u00eb: Imunoglobulinat grumbullohen n\u00eb gj\u00ebndr\u00ebn qum\u00ebshtore gjat\u00eb periudh\u00ebs s\u00eb that\u00eb. Ky proces zgjat 5-6 jav\u00eb.\n<li>Prodhimi: Nj\u00eb studim tregoi se cil\u00ebsia e kolostrumit t\u00eb lop\u00ebve me prodhim qum\u00ebshti m\u00eb shum\u00eb se 8 litra ishte duksh\u00ebm m\u00eb e dob\u00ebt n\u00eb mjeljen e par\u00eb (efekti i hollimit).\n<li>Rrjedhja e Qum\u00ebshtit Para Pjelljes: N\u00ebse lop\u00ebt l\u00ebn\u00eb qum\u00ebshtin e tyre t\u00eb rrjedh\u00eb para pjelljes, kjo ka nj\u00eb efekt negativ n\u00eb cil\u00ebsin\u00eb e kolostrumit t\u00eb mjel\u00eb pas pjelljes.\n<li>Kafsh\u00ebt e Blera: N\u00ebse blihen, kafsh\u00ebt shtatz\u00ebna kan\u00eb qen\u00eb n\u00eb ferm\u00eb vet\u00ebm p\u00ebr disa jav\u00eb, sistemi i tyre imunitar nuk ka pasur ende koh\u00eb t\u00eb mjaftueshme p\u00ebr t&#8217;u p\u00ebrshtatur me spektrin e ri t\u00eb mikrobeve.\n<\/li><ul\/>\n<h4>Kontrolli i cil\u00ebsis\u00eb s\u00eb kolostrumit:<\/h4>\n<p align=\"justify\">Prandaj, cil\u00ebsia e kolostrumit t\u00eb ushqyer duhet t\u00eb kontrollohet n\u00eb m\u00ebnyr\u00eb rutinore. N\u00eb praktik\u00eb, ekzistojn\u00eb metoda t\u00eb ndryshme p\u00ebr k\u00ebt\u00eb q\u00ebllim. P\u00ebrcaktimi i cil\u00ebsis\u00eb duke p\u00ebrdorur nj\u00eb bosht kolostrumi \u00ebsht\u00eb provuar dhe testuar p\u00ebr nj\u00eb koh\u00eb t\u00eb gjat\u00eb dhe \u00ebsht\u00eb mjaft i sakt\u00eb p\u00ebr p\u00ebrdorim praktik. Thjesht derdhni pak kolostrum t\u00eb ngroht\u00eb n\u00eb nj\u00eb cilind\u00ebr mat\u00ebs dhe zhytni boshtin. Sa m\u00eb thell\u00eb t\u00eb zhytet, aq m\u00eb e ul\u00ebt \u00ebsht\u00eb dend\u00ebsia e kolostrumit dhe aq m\u00eb e keqe \u00ebsht\u00eb cil\u00ebsia e tij. Nj\u00eb metod\u00eb tjet\u00ebr m\u00eb e re p\u00ebr p\u00ebrcaktimin e cil\u00ebsis\u00eb jan\u00eb refraktometrat. Nj\u00eb pik\u00eb kolostrum \u00ebsht\u00eb e mjaftueshme p\u00ebr k\u00ebt\u00eb. N\u00eb var\u00ebsi t\u00eb shkall\u00ebs s\u00eb refraktometrit, nj\u00eb vler\u00eb prej 22 grad\u00eb Brix ose 92 grad\u00eb Oechsle konsiderohet kolostrum me cil\u00ebsi t\u00eb mir\u00eb.\n<\/p>\n<h4>Krijimi i nj\u00eb rezerve kolostrumi:<\/h4>\n<p align=\"justify\">N\u00ebse zbulohet cil\u00ebsi e dob\u00ebt e kolostrumit pas lindjes s\u00eb nj\u00eb vi\u00e7i, duhet t\u00eb jet\u00eb e mundur t\u00eb p\u00ebrdoret kolostrum i rezervuar.\n<\/p>\n<\/div>\n<\/div>\n<\/div>\n\n\n\n<p><\/p>\n","protected":false},"excerpt":{"rendered":"<p>RRITJA E VI\u00c7AVE: OR\u00cbT E PARA JAN\u00cb VENDIMTARE P\u00ebrpunuar nga Klevis Xhardja Furnizimi me kolostrum gjat\u00eb or\u00ebve t\u00eb para t\u00eb jet\u00ebs s\u00eb vi\u00e7it \u00ebsht\u00eb me r\u00ebnd\u00ebsi vendimtare. K\u00ebtu vendoset baza p\u00ebr rritjen optimale t\u00eb vi\u00e7ave dhe nj\u00eb lop\u00eb qum\u00ebshtore t\u00eb sh\u00ebndetshme e jet\u00ebgjat\u00eb. \u00c7far\u00eb e b\u00ebn kolostrumin kaq t\u00eb ve\u00e7ant\u00eb dhe \u00e7far\u00eb duhet t\u00eb kemi [&hellip;]<\/p>\n","protected":false},"author":2,"featured_media":0,"parent":0,"menu_order":0,"comment_status":"closed","ping_status":"closed","template":"","meta":{"inline_featured_image":false,"footnotes":""},"class_list":["post-9630","page","type-page","status-publish","hentry"],"yoast_head":"<!-- This site is optimized with the Yoast SEO plugin v18.9 - https:\/\/yoast.com\/wordpress\/plugins\/seo\/ -->\n<title>RRITJA E VI\u00c7AVE: OR\u00cbT E PARA JAN\u00cb VENDIMTARE - Austria Praemix<\/title>\n<meta name=\"robots\" content=\"index, follow, max-snippet:-1, max-image-preview:large, max-video-preview:-1\" \/>\n<link rel=\"canonical\" href=\"https:\/\/ap.com.al\/?page_id=9630\" \/>\n<meta property=\"og:locale\" content=\"en_US\" \/>\n<meta property=\"og:type\" content=\"article\" \/>\n<meta property=\"og:title\" content=\"RRITJA E VI\u00c7AVE: OR\u00cbT E PARA JAN\u00cb VENDIMTARE - Austria Praemix\" \/>\n<meta property=\"og:description\" content=\"RRITJA E VI\u00c7AVE: OR\u00cbT E PARA JAN\u00cb VENDIMTARE P\u00ebrpunuar nga Klevis Xhardja Furnizimi me kolostrum gjat\u00eb or\u00ebve t\u00eb para t\u00eb jet\u00ebs s\u00eb vi\u00e7it \u00ebsht\u00eb me r\u00ebnd\u00ebsi vendimtare. K\u00ebtu vendoset baza p\u00ebr rritjen optimale t\u00eb vi\u00e7ave dhe nj\u00eb lop\u00eb qum\u00ebshtore t\u00eb sh\u00ebndetshme e jet\u00ebgjat\u00eb. \u00c7far\u00eb e b\u00ebn kolostrumin kaq t\u00eb ve\u00e7ant\u00eb dhe \u00e7far\u00eb duhet t\u00eb kemi [&hellip;]\" \/>\n<meta property=\"og:url\" content=\"https:\/\/ap.com.al\/?page_id=9630\" \/>\n<meta property=\"og:site_name\" content=\"Austria Praemix\" \/>\n<meta property=\"article:publisher\" content=\"https:\/\/www.facebook.com\/austriapraemiks\/\" \/>\n<meta property=\"article:modified_time\" content=\"2025-09-02T10:56:05+00:00\" \/>\n<meta property=\"og:image\" content=\"https:\/\/ap.com.al\/wp-content\/uploads\/2022\/03\/Asset-51-1.png\" \/>\n<meta name=\"twitter:card\" content=\"summary_large_image\" \/>\n<meta name=\"twitter:label1\" content=\"Est. reading time\" \/>\n\t<meta name=\"twitter:data1\" content=\"1 minute\" \/>\n<script type=\"application\/ld+json\" class=\"yoast-schema-graph\">{\"@context\":\"https:\/\/schema.org\",\"@graph\":[{\"@type\":\"Organization\",\"@id\":\"https:\/\/ap.com.al\/#organization\",\"name\":\"Austria Preamix\",\"url\":\"https:\/\/ap.com.al\/\",\"sameAs\":[\"https:\/\/www.instagram.com\/austriapraemix\/\",\"https:\/\/www.facebook.com\/austriapraemiks\/\"],\"logo\":{\"@type\":\"ImageObject\",\"inLanguage\":\"en-US\",\"@id\":\"https:\/\/ap.com.al\/#\/schema\/logo\/image\/\",\"url\":\"https:\/\/ap.com.al\/wp-content\/uploads\/2022\/02\/AP-logo.png\",\"contentUrl\":\"https:\/\/ap.com.al\/wp-content\/uploads\/2022\/02\/AP-logo.png\",\"width\":3358,\"height\":1616,\"caption\":\"Austria Preamix\"},\"image\":{\"@id\":\"https:\/\/ap.com.al\/#\/schema\/logo\/image\/\"}},{\"@type\":\"WebSite\",\"@id\":\"https:\/\/ap.com.al\/#website\",\"url\":\"https:\/\/ap.com.al\/\",\"name\":\"Austria Praemix\",\"description\":\"\",\"publisher\":{\"@id\":\"https:\/\/ap.com.al\/#organization\"},\"potentialAction\":[{\"@type\":\"SearchAction\",\"target\":{\"@type\":\"EntryPoint\",\"urlTemplate\":\"https:\/\/ap.com.al\/?s={search_term_string}\"},\"query-input\":\"required name=search_term_string\"}],\"inLanguage\":\"en-US\"},{\"@type\":\"ImageObject\",\"inLanguage\":\"en-US\",\"@id\":\"https:\/\/ap.com.al\/?page_id=9630#primaryimage\",\"url\":\"https:\/\/ap.com.al\/wp-content\/uploads\/2022\/03\/Asset-51-1.png\",\"contentUrl\":\"https:\/\/ap.com.al\/wp-content\/uploads\/2022\/03\/Asset-51-1.png\",\"width\":355,\"height\":354},{\"@type\":\"WebPage\",\"@id\":\"https:\/\/ap.com.al\/?page_id=9630#webpage\",\"url\":\"https:\/\/ap.com.al\/?page_id=9630\",\"name\":\"RRITJA E VI\u00c7AVE: OR\u00cbT E PARA JAN\u00cb VENDIMTARE - Austria Praemix\",\"isPartOf\":{\"@id\":\"https:\/\/ap.com.al\/#website\"},\"primaryImageOfPage\":{\"@id\":\"https:\/\/ap.com.al\/?page_id=9630#primaryimage\"},\"datePublished\":\"2025-09-02T10:51:34+00:00\",\"dateModified\":\"2025-09-02T10:56:05+00:00\",\"breadcrumb\":{\"@id\":\"https:\/\/ap.com.al\/?page_id=9630#breadcrumb\"},\"inLanguage\":\"en-US\",\"potentialAction\":[{\"@type\":\"ReadAction\",\"target\":[\"https:\/\/ap.com.al\/?page_id=9630\"]}]},{\"@type\":\"BreadcrumbList\",\"@id\":\"https:\/\/ap.com.al\/?page_id=9630#breadcrumb\",\"itemListElement\":[{\"@type\":\"ListItem\",\"position\":1,\"name\":\"Home\",\"item\":\"https:\/\/ap.com.al\/\"},{\"@type\":\"ListItem\",\"position\":2,\"name\":\"RRITJA E VI\u00c7AVE: OR\u00cbT E PARA JAN\u00cb VENDIMTARE\"}]}]}<\/script>\n<!-- \/ Yoast SEO plugin. -->","yoast_head_json":{"title":"RRITJA E VI\u00c7AVE: OR\u00cbT E PARA JAN\u00cb VENDIMTARE - Austria Praemix","robots":{"index":"index","follow":"follow","max-snippet":"max-snippet:-1","max-image-preview":"max-image-preview:large","max-video-preview":"max-video-preview:-1"},"canonical":"https:\/\/ap.com.al\/?page_id=9630","og_locale":"en_US","og_type":"article","og_title":"RRITJA E VI\u00c7AVE: OR\u00cbT E PARA JAN\u00cb VENDIMTARE - Austria Praemix","og_description":"RRITJA E VI\u00c7AVE: OR\u00cbT E PARA JAN\u00cb VENDIMTARE P\u00ebrpunuar nga Klevis Xhardja Furnizimi me kolostrum gjat\u00eb or\u00ebve t\u00eb para t\u00eb jet\u00ebs s\u00eb vi\u00e7it \u00ebsht\u00eb me r\u00ebnd\u00ebsi vendimtare. K\u00ebtu vendoset baza p\u00ebr rritjen optimale t\u00eb vi\u00e7ave dhe nj\u00eb lop\u00eb qum\u00ebshtore t\u00eb sh\u00ebndetshme e jet\u00ebgjat\u00eb. \u00c7far\u00eb e b\u00ebn kolostrumin kaq t\u00eb ve\u00e7ant\u00eb dhe \u00e7far\u00eb duhet t\u00eb kemi [&hellip;]","og_url":"https:\/\/ap.com.al\/?page_id=9630","og_site_name":"Austria Praemix","article_publisher":"https:\/\/www.facebook.com\/austriapraemiks\/","article_modified_time":"2025-09-02T10:56:05+00:00","og_image":[{"url":"https:\/\/ap.com.al\/wp-content\/uploads\/2022\/03\/Asset-51-1.png"}],"twitter_card":"summary_large_image","twitter_misc":{"Est. reading time":"1 minute"},"schema":{"@context":"https:\/\/schema.org","@graph":[{"@type":"Organization","@id":"https:\/\/ap.com.al\/#organization","name":"Austria Preamix","url":"https:\/\/ap.com.al\/","sameAs":["https:\/\/www.instagram.com\/austriapraemix\/","https:\/\/www.facebook.com\/austriapraemiks\/"],"logo":{"@type":"ImageObject","inLanguage":"en-US","@id":"https:\/\/ap.com.al\/#\/schema\/logo\/image\/","url":"https:\/\/ap.com.al\/wp-content\/uploads\/2022\/02\/AP-logo.png","contentUrl":"https:\/\/ap.com.al\/wp-content\/uploads\/2022\/02\/AP-logo.png","width":3358,"height":1616,"caption":"Austria Preamix"},"image":{"@id":"https:\/\/ap.com.al\/#\/schema\/logo\/image\/"}},{"@type":"WebSite","@id":"https:\/\/ap.com.al\/#website","url":"https:\/\/ap.com.al\/","name":"Austria Praemix","description":"","publisher":{"@id":"https:\/\/ap.com.al\/#organization"},"potentialAction":[{"@type":"SearchAction","target":{"@type":"EntryPoint","urlTemplate":"https:\/\/ap.com.al\/?s={search_term_string}"},"query-input":"required name=search_term_string"}],"inLanguage":"en-US"},{"@type":"ImageObject","inLanguage":"en-US","@id":"https:\/\/ap.com.al\/?page_id=9630#primaryimage","url":"https:\/\/ap.com.al\/wp-content\/uploads\/2022\/03\/Asset-51-1.png","contentUrl":"https:\/\/ap.com.al\/wp-content\/uploads\/2022\/03\/Asset-51-1.png","width":355,"height":354},{"@type":"WebPage","@id":"https:\/\/ap.com.al\/?page_id=9630#webpage","url":"https:\/\/ap.com.al\/?page_id=9630","name":"RRITJA E VI\u00c7AVE: OR\u00cbT E PARA JAN\u00cb VENDIMTARE - Austria Praemix","isPartOf":{"@id":"https:\/\/ap.com.al\/#website"},"primaryImageOfPage":{"@id":"https:\/\/ap.com.al\/?page_id=9630#primaryimage"},"datePublished":"2025-09-02T10:51:34+00:00","dateModified":"2025-09-02T10:56:05+00:00","breadcrumb":{"@id":"https:\/\/ap.com.al\/?page_id=9630#breadcrumb"},"inLanguage":"en-US","potentialAction":[{"@type":"ReadAction","target":["https:\/\/ap.com.al\/?page_id=9630"]}]},{"@type":"BreadcrumbList","@id":"https:\/\/ap.com.al\/?page_id=9630#breadcrumb","itemListElement":[{"@type":"ListItem","position":1,"name":"Home","item":"https:\/\/ap.com.al\/"},{"@type":"ListItem","position":2,"name":"RRITJA E VI\u00c7AVE: OR\u00cbT E PARA JAN\u00cb VENDIMTARE"}]}]}},"_links":{"self":[{"href":"https:\/\/ap.com.al\/index.php?rest_route=\/wp\/v2\/pages\/9630","targetHints":{"allow":["GET"]}}],"collection":[{"href":"https:\/\/ap.com.al\/index.php?rest_route=\/wp\/v2\/pages"}],"about":[{"href":"https:\/\/ap.com.al\/index.php?rest_route=\/wp\/v2\/types\/page"}],"author":[{"embeddable":true,"href":"https:\/\/ap.com.al\/index.php?rest_route=\/wp\/v2\/users\/2"}],"replies":[{"embeddable":true,"href":"https:\/\/ap.com.al\/index.php?rest_route=%2Fwp%2Fv2%2Fcomments&post=9630"}],"version-history":[{"count":4,"href":"https:\/\/ap.com.al\/index.php?rest_route=\/wp\/v2\/pages\/9630\/revisions"}],"predecessor-version":[{"id":9642,"href":"https:\/\/ap.com.al\/index.php?rest_route=\/wp\/v2\/pages\/9630\/revisions\/9642"}],"wp:attachment":[{"href":"https:\/\/ap.com.al\/index.php?rest_route=%2Fwp%2Fv2%2Fmedia&parent=9630"}],"curies":[{"name":"wp","href":"https:\/\/api.w.org\/{rel}","templated":true}]}}