{"id":9660,"date":"2025-09-19T11:33:23","date_gmt":"2025-09-19T11:33:23","guid":{"rendered":"https:\/\/ap.com.al\/?page_id=9660"},"modified":"2025-09-19T11:33:24","modified_gmt":"2025-09-19T11:33:24","slug":"kulloshtra-cilesia-eshte-vendimtare","status":"publish","type":"page","link":"https:\/\/ap.com.al\/?page_id=9660","title":{"rendered":"Kulloshtra &#8211; Cil\u00ebsia \u00ebsht\u00eb vendimtare"},"content":{"rendered":"\n<style>\n  #oniiii{\n    background-image:url(\"https:\/\/ap.com.al\/wp-content\/uploads\/2025\/09\/Artikull-banner-9.png\");\n    padding-bottom: 32%;\n    background-position:center center;\n    background-repeat: no-repeat;\n    background-size:cover;\n  }\n  <\/style>\n  <script src=\"https:\/\/code.jquery.com\/jquery-3.5.0.js\">\n<\/script>\n\n<div id=\"oniiii\"><\/div>\n \n<script>\n$( \"#oniiii\" ).insertBefore( \".container_wrap_first\" );\n<\/script>\n\n\n\n<div class=\"wp-block-columns\" id=\"containerr\">\n<div class=\"wp-block-column\">\n<div class=\"avia_textblock\" itemprop=\"text\"><h4 style=\"color:#005a8c;\n\">Kulloshtra &#8211; Cil\u00ebsia \u00ebsht\u00eb vendimtare<\/h4>\n<p align=\"right\">\n   P\u00ebrpunuar nga Klevis Xhardja<\/p>\n<\/div>\n<\/div>\n<\/div>\n\n\n\n<div class=\"wp-block-columns\" id=\"containerr\">\n<div class=\"wp-block-column\">\n<div class=\"detail__certificates-item-icon\">\n<img decoding=\"async\" alt=\"Icon RINDAMAST UNI\" src=\"https:\/\/ap.com.al\/wp-content\/uploads\/2022\/03\/Asset-51-1.png\">\n<\/div>\n<\/div>\n<\/div>\n\n\n\n<div class=\"wp-block-columns\" id=\"containerr\">\n<div class=\"wp-block-column\">\n<div class=\"blue_marker_list\">\n<p align=\"justify\">Kolostrumi \u00ebsht\u00eb jetik p\u00ebr vi\u00e7in e porsalindur. Administrimi i hersh\u00ebm ka r\u00ebnd\u00ebsi t\u00eb madhe. Cil\u00ebsia e kolostrumit mund t\u00eb ndikohet nga ushqimi, mbar\u00ebshtimi dhe sh\u00ebndeti i lop\u00ebs.\n\nAdministrimi duhet t\u00eb b\u00ebhet sa m\u00eb shpejt t\u00eb jet\u00eb e mundur, pasi cil\u00ebsia e kolostrumit dhe p\u00ebrthithja e tij p\u00ebrmes zorr\u00ebve ulen shpejt n\u00eb or\u00ebt e para pas lindjes. Brenda tre or\u00ebve t\u00eb jet\u00ebs, vi\u00e7i duhet t\u00eb marr\u00eb 1.5 deri n\u00eb 2 litra kolostrum; pas tre or\u00ebsh t\u00eb tjera, p\u00ebrs\u00ebri po aq. Vet\u00ebm n\u00ebse, pavar\u00ebsisht nga t\u00eb gjitha p\u00ebrpjekjet, vi\u00e7i nuk ka g\u00eblltitur kolostrum rreth 12 or\u00eb pas lindjes, sasia totale prej rreth 4 litrash mund t\u00eb administrohet n\u00eb dy pjes\u00eb duke p\u00ebrdorur tubin. N\u00eb or\u00ebn e par\u00eb t\u00eb jet\u00ebs, kapaciteti i abomasumit \u00ebsht\u00eb af\u00ebrsisht 1.5 deri n\u00eb 2 litra. K\u00ebrkesa ditore p\u00ebr qum\u00ebsht gjat\u00eb k\u00ebsaj kohe \u00ebsht\u00eb 10 deri n\u00eb 12% e pesh\u00ebs trupore. Prandaj, gjat\u00eb k\u00ebsaj kohe, ushqimi tre her\u00eb \u00ebsht\u00eb m\u00eb i mir\u00eb se ushqimi dy her\u00eb. Kjo duhet t\u00eb aplikohet ve\u00e7an\u00ebrisht n\u00eb fermat me shfaqje t\u00eb shpeshta t\u00eb diarres\u00eb.\n<\/p>\n<\/div>\n\n\n\n<figure class=\"wp-block-image size-full is-resized\"><img loading=\"lazy\" decoding=\"async\" width=\"258\" height=\"190\" src=\"https:\/\/ap.com.al\/wp-content\/uploads\/2025\/09\/image-6.png\" alt=\"\" class=\"wp-image-9661\" style=\"width:353px;height:auto\"\/><\/figure>\n\n\n\n<div class=\"blue_marker_list\">\n<h4>Mbrojtje kund\u00ebr patogjen\u00ebve<\/h4>\n<p align=\"justify\">Vi\u00e7i i porsalindur nuk \u00ebsht\u00eb n\u00eb gjendje t\u00eb mbrohet n\u00eb m\u00ebnyr\u00eb aktive kund\u00ebr patogjen\u00ebve infektues. Prandaj, vi\u00e7i \u00ebsht\u00eb absolutisht i varur nga substancat mbrojt\u00ebse t\u00eb p\u00ebrfshira n\u00eb kolostrum. P\u00ebrmbajtja e substancave mbrojt\u00ebse n\u00eb qum\u00ebsht \u00ebsht\u00eb m\u00eb e lart\u00eb pas lindjes dhe zvog\u00eblohet relativisht shpejt. P\u00ebrve\u00e7 k\u00ebsaj, vet\u00ebm n\u00eb or\u00ebt e para pas lindjes, gama globulinat dep\u00ebrtojn\u00eb n\u00eb murin e zorr\u00ebve t\u00eb vi\u00e7it, hyjn\u00eb n\u00eb gjak dhe mbrojn\u00eb vi\u00e7in nga patogjen\u00ebt.<\/p>\n<h4>Faktor\u00ebt q\u00eb ndikojn\u00eb n\u00eb cil\u00ebsi<\/h4>\n<p align=\"justify\">Gjat\u00eb periudh\u00ebs s\u00eb that\u00eb, antitrupat dhe p\u00ebrb\u00ebr\u00ebs t\u00eb tjer\u00eb t\u00eb gjakut grumbullohen n\u00eb gj\u00ebndr\u00ebn qum\u00ebshtore t\u00eb lop\u00ebs. K\u00ebto merren n\u00eb kat\u00ebr deri n\u00eb gjasht\u00eb mjeljet e para pas pjelljes. P\u00ebrb\u00ebrja e k\u00ebtij kolostrumi ndryshon duksh\u00ebm nga qum\u00ebshti tregtar (tabela).\n\nShpesh, kolostrumi i lop\u00ebve q\u00eb prodhojn\u00eb m\u00eb pak se 8.5 litra qum\u00ebsht t\u00eb par\u00eb ka nj\u00eb p\u00ebrqendrim m\u00eb t\u00eb lart\u00eb t\u00eb antitrupave se ai i kafsh\u00ebve q\u00eb prodhojn\u00eb m\u00eb shum\u00eb qum\u00ebsht t\u00eb par\u00eb. N\u00eb p\u00ebrgjith\u00ebsi, lop\u00ebt e vjetra kan\u00eb kolostrum m\u00eb t\u00eb mir\u00eb se ato m\u00eb t\u00eb rejat. P\u00ebrve\u00e7 k\u00ebsaj, kolostrumi i lop\u00ebve q\u00eb kan\u00eb qen\u00eb n\u00eb tuf\u00eb p\u00ebr nj\u00eb periudh\u00eb m\u00eb t\u00eb gjat\u00eb kohore \u00ebsht\u00eb i preferuesh\u00ebm sepse ato kan\u00eb antitrupa specifik\u00eb t\u00eb q\u00ebndruesh\u00ebm. Prandaj, bag\u00ebti barse duhet t\u00eb futen n\u00eb tuf\u00eb gjasht\u00eb deri n\u00eb nj\u00eb jav\u00eb para pjelljes n\u00eb m\u00ebnyr\u00eb q\u00eb t\u00eb p\u00ebrshtaten.\n\nPeriudha e that\u00eb duhet t\u00eb jet\u00eb gjasht\u00eb deri n\u00eb tet\u00eb jav\u00eb. N\u00ebse periudha \u00ebsht\u00eb m\u00eb e shkurt\u00ebr ose m\u00eb e gjat\u00eb, kjo rezulton n\u00eb cil\u00ebsi m\u00eb t\u00eb dob\u00ebt t\u00eb kolostrumit. \u00cbsht\u00eb gjithashtu e r\u00ebnd\u00ebsishme q\u00eb thimthat t\u00eb jen\u00eb t\u00eb mbyllura mir\u00eb gjat\u00eb periudh\u00ebs s\u00eb that\u00eb. P\u00ebrndryshe, kolostrumi sekretohet para lindjes dhe i humbet vi\u00e7it. Lop\u00ebt me mastit dhe ato q\u00eb jan\u00eb mjel\u00eb para kohe kan\u00eb gjithashtu cil\u00ebsi t\u00eb dob\u00ebt t\u00eb kolostrumit.\n<\/p>\n<\/div>\n\n\n\n<figure class=\"wp-block-image size-full\"><img loading=\"lazy\" decoding=\"async\" width=\"621\" height=\"200\" src=\"https:\/\/ap.com.al\/wp-content\/uploads\/2025\/09\/image-7.png\" alt=\"\" class=\"wp-image-9662\" srcset=\"https:\/\/ap.com.al\/wp-content\/uploads\/2025\/09\/image-7.png 621w, https:\/\/ap.com.al\/wp-content\/uploads\/2025\/09\/image-7-300x97.png 300w, https:\/\/ap.com.al\/wp-content\/uploads\/2025\/09\/image-7-450x145.png 450w\" sizes=\"auto, (max-width: 621px) 100vw, 621px\" \/><\/figure>\n\n\n\n<div class=\"blue_marker_list\">\n<h4>Shmangni stresin<\/h4>\n<p align=\"justify\">\nQ\u00ebndrimi dhe sh\u00ebndeti i lop\u00ebs ndikojn\u00eb n\u00eb vi\u00e7in e palindur dhe n\u00eb cil\u00ebsin\u00eb e kolostrumit. Prandaj duhen shmangur situatat stresuese, ve\u00e7an\u00ebrisht gjat\u00eb periudh\u00ebs s\u00eb that\u00eb. N\u00ebse nj\u00eb lop\u00eb vuan nga stresi i temperaturave t\u00eb larta gjat\u00eb k\u00ebsaj kohe, p\u00ebr shembull, ajo do t\u00eb konsumoj\u00eb m\u00eb pak ushqim. Edhe n\u00ebse racioni i ushqimit \u00ebsht\u00eb i balancuar, kjo mund t\u00eb \u00e7oj\u00eb n\u00eb probleme dhe p\u00ebrfundimisht n\u00eb cil\u00ebsi t\u00eb dob\u00ebt t\u00eb kolostrumit.\n<\/p>\n<h4>Krijoni rezerva<\/h4>\n<p align=\"justify\">Kolostrum cil\u00ebsor me cil\u00ebsi t\u00eb lart\u00eb &#8211; zakonisht ai i lop\u00ebve t\u00eb vjetra nga laktacioni i tret\u00eb e tutje &#8211; duhet t\u00eb ngrihet si rezerv\u00eb. Kjo do t\u00eb thot\u00eb q\u00eb kolostrumi \u00ebsht\u00eb gjithmon\u00eb i disponuesh\u00ebm n\u00eb rast urgjence. Megjithat\u00eb, nuk duhet t\u00eb ruhet p\u00ebr m\u00eb shum\u00eb se nj\u00eb vit. Kolostrumi duhet t\u00eb shkrihet n\u00eb nj\u00eb banj\u00eb uji n\u00eb nj\u00eb temperatur\u00eb maksimale prej 40\u00b0C, p\u00ebrndryshe imunoglobulinat mund t\u00eb d\u00ebmtohen dhe efekti mbrojt\u00ebs i kolostrumit humbet.\n<\/p>\n<\/div>\n\n\n\n<div class=\"blue_marker_list\">\n<h4>Funksionet e kolostrumit:<\/h4>\n<ul>\n<li>P\u00ebr shkak t\u00eb konsistenc\u00ebs s\u00eb trash\u00eb, ka nj\u00eb efekt t\u00eb leht\u00eb laksativ dhe stimulon largimin e toksinave t\u00eb zorr\u00ebve. \n<li>Imuniteti pasiv p\u00ebr shkak t\u00eb p\u00ebrmbajtjes s\u00eb lart\u00eb t\u00eb gama globulinave (substancave mbrojt\u00ebse). \n<li>Furnizimi me l\u00ebnd\u00eb ushqyese jetike n\u00ebp\u00ebrmjet p\u00ebrmbajtjes s\u00eb lart\u00eb t\u00eb proteinave, ve\u00e7an\u00ebrisht gama globulinave, yndyrave, mineraleve dhe vitaminave. \n<li>Efekti lokal kund\u00ebr patogjen\u00ebve t\u00eb ndrysh\u00ebm t\u00eb diarres\u00eb n\u00eb zorr\u00eb. \n<li>Mbrojtja pasive e kolostrumit zvog\u00eblohet vazhdimisht, nd\u00ebrsa mbrojtja imune aktive s\u00eb pari duhet t\u00eb nd\u00ebrtohet ngadal\u00eb. Prandaj, vi\u00e7i nuk zhvillon sistemin e tij imunitar deri rreth kat\u00ebr jav\u00eb m\u00eb von\u00eb.\n<\/li><ul\/>\n<\/div>\n<\/div>\n<\/div>\n\n\n\n<p><\/p>\n","protected":false},"excerpt":{"rendered":"<p>Kulloshtra &#8211; Cil\u00ebsia \u00ebsht\u00eb vendimtare P\u00ebrpunuar nga Klevis Xhardja Kolostrumi \u00ebsht\u00eb jetik p\u00ebr vi\u00e7in e porsalindur. Administrimi i hersh\u00ebm ka r\u00ebnd\u00ebsi t\u00eb madhe. Cil\u00ebsia e kolostrumit mund t\u00eb ndikohet nga ushqimi, mbar\u00ebshtimi dhe sh\u00ebndeti i lop\u00ebs. Administrimi duhet t\u00eb b\u00ebhet sa m\u00eb shpejt t\u00eb jet\u00eb e mundur, pasi cil\u00ebsia e kolostrumit dhe p\u00ebrthithja e tij [&hellip;]<\/p>\n","protected":false},"author":2,"featured_media":0,"parent":0,"menu_order":0,"comment_status":"closed","ping_status":"closed","template":"","meta":{"inline_featured_image":false,"footnotes":""},"class_list":["post-9660","page","type-page","status-publish","hentry"],"yoast_head":"<!-- This site is optimized with the Yoast SEO plugin v18.9 - https:\/\/yoast.com\/wordpress\/plugins\/seo\/ -->\n<title>Kulloshtra - Cil\u00ebsia \u00ebsht\u00eb vendimtare - Austria Praemix<\/title>\n<meta name=\"robots\" content=\"index, follow, max-snippet:-1, max-image-preview:large, max-video-preview:-1\" \/>\n<link rel=\"canonical\" href=\"https:\/\/ap.com.al\/?page_id=9660\" \/>\n<meta property=\"og:locale\" content=\"en_US\" \/>\n<meta property=\"og:type\" content=\"article\" \/>\n<meta property=\"og:title\" content=\"Kulloshtra - Cil\u00ebsia \u00ebsht\u00eb vendimtare - Austria Praemix\" \/>\n<meta property=\"og:description\" content=\"Kulloshtra &#8211; Cil\u00ebsia \u00ebsht\u00eb vendimtare P\u00ebrpunuar nga Klevis Xhardja Kolostrumi \u00ebsht\u00eb jetik p\u00ebr vi\u00e7in e porsalindur. Administrimi i hersh\u00ebm ka r\u00ebnd\u00ebsi t\u00eb madhe. Cil\u00ebsia e kolostrumit mund t\u00eb ndikohet nga ushqimi, mbar\u00ebshtimi dhe sh\u00ebndeti i lop\u00ebs. Administrimi duhet t\u00eb b\u00ebhet sa m\u00eb shpejt t\u00eb jet\u00eb e mundur, pasi cil\u00ebsia e kolostrumit dhe p\u00ebrthithja e tij [&hellip;]\" \/>\n<meta property=\"og:url\" content=\"https:\/\/ap.com.al\/?page_id=9660\" \/>\n<meta property=\"og:site_name\" content=\"Austria Praemix\" \/>\n<meta property=\"article:publisher\" content=\"https:\/\/www.facebook.com\/austriapraemiks\/\" \/>\n<meta property=\"article:modified_time\" content=\"2025-09-19T11:33:24+00:00\" \/>\n<meta property=\"og:image\" content=\"https:\/\/ap.com.al\/wp-content\/uploads\/2022\/03\/Asset-51-1.png\" \/>\n<meta name=\"twitter:card\" content=\"summary_large_image\" \/>\n<meta name=\"twitter:label1\" content=\"Est. reading time\" \/>\n\t<meta name=\"twitter:data1\" content=\"1 minute\" \/>\n<script type=\"application\/ld+json\" class=\"yoast-schema-graph\">{\"@context\":\"https:\/\/schema.org\",\"@graph\":[{\"@type\":\"Organization\",\"@id\":\"https:\/\/ap.com.al\/#organization\",\"name\":\"Austria Preamix\",\"url\":\"https:\/\/ap.com.al\/\",\"sameAs\":[\"https:\/\/www.instagram.com\/austriapraemix\/\",\"https:\/\/www.facebook.com\/austriapraemiks\/\"],\"logo\":{\"@type\":\"ImageObject\",\"inLanguage\":\"en-US\",\"@id\":\"https:\/\/ap.com.al\/#\/schema\/logo\/image\/\",\"url\":\"https:\/\/ap.com.al\/wp-content\/uploads\/2022\/02\/AP-logo.png\",\"contentUrl\":\"https:\/\/ap.com.al\/wp-content\/uploads\/2022\/02\/AP-logo.png\",\"width\":3358,\"height\":1616,\"caption\":\"Austria Preamix\"},\"image\":{\"@id\":\"https:\/\/ap.com.al\/#\/schema\/logo\/image\/\"}},{\"@type\":\"WebSite\",\"@id\":\"https:\/\/ap.com.al\/#website\",\"url\":\"https:\/\/ap.com.al\/\",\"name\":\"Austria Praemix\",\"description\":\"\",\"publisher\":{\"@id\":\"https:\/\/ap.com.al\/#organization\"},\"potentialAction\":[{\"@type\":\"SearchAction\",\"target\":{\"@type\":\"EntryPoint\",\"urlTemplate\":\"https:\/\/ap.com.al\/?s={search_term_string}\"},\"query-input\":\"required name=search_term_string\"}],\"inLanguage\":\"en-US\"},{\"@type\":\"ImageObject\",\"inLanguage\":\"en-US\",\"@id\":\"https:\/\/ap.com.al\/?page_id=9660#primaryimage\",\"url\":\"https:\/\/ap.com.al\/wp-content\/uploads\/2022\/03\/Asset-51-1.png\",\"contentUrl\":\"https:\/\/ap.com.al\/wp-content\/uploads\/2022\/03\/Asset-51-1.png\",\"width\":355,\"height\":354},{\"@type\":\"WebPage\",\"@id\":\"https:\/\/ap.com.al\/?page_id=9660#webpage\",\"url\":\"https:\/\/ap.com.al\/?page_id=9660\",\"name\":\"Kulloshtra - Cil\u00ebsia \u00ebsht\u00eb vendimtare - Austria Praemix\",\"isPartOf\":{\"@id\":\"https:\/\/ap.com.al\/#website\"},\"primaryImageOfPage\":{\"@id\":\"https:\/\/ap.com.al\/?page_id=9660#primaryimage\"},\"datePublished\":\"2025-09-19T11:33:23+00:00\",\"dateModified\":\"2025-09-19T11:33:24+00:00\",\"breadcrumb\":{\"@id\":\"https:\/\/ap.com.al\/?page_id=9660#breadcrumb\"},\"inLanguage\":\"en-US\",\"potentialAction\":[{\"@type\":\"ReadAction\",\"target\":[\"https:\/\/ap.com.al\/?page_id=9660\"]}]},{\"@type\":\"BreadcrumbList\",\"@id\":\"https:\/\/ap.com.al\/?page_id=9660#breadcrumb\",\"itemListElement\":[{\"@type\":\"ListItem\",\"position\":1,\"name\":\"Home\",\"item\":\"https:\/\/ap.com.al\/\"},{\"@type\":\"ListItem\",\"position\":2,\"name\":\"Kulloshtra &#8211; Cil\u00ebsia \u00ebsht\u00eb vendimtare\"}]}]}<\/script>\n<!-- \/ Yoast SEO plugin. -->","yoast_head_json":{"title":"Kulloshtra - Cil\u00ebsia \u00ebsht\u00eb vendimtare - Austria Praemix","robots":{"index":"index","follow":"follow","max-snippet":"max-snippet:-1","max-image-preview":"max-image-preview:large","max-video-preview":"max-video-preview:-1"},"canonical":"https:\/\/ap.com.al\/?page_id=9660","og_locale":"en_US","og_type":"article","og_title":"Kulloshtra - Cil\u00ebsia \u00ebsht\u00eb vendimtare - Austria Praemix","og_description":"Kulloshtra &#8211; Cil\u00ebsia \u00ebsht\u00eb vendimtare P\u00ebrpunuar nga Klevis Xhardja Kolostrumi \u00ebsht\u00eb jetik p\u00ebr vi\u00e7in e porsalindur. Administrimi i hersh\u00ebm ka r\u00ebnd\u00ebsi t\u00eb madhe. Cil\u00ebsia e kolostrumit mund t\u00eb ndikohet nga ushqimi, mbar\u00ebshtimi dhe sh\u00ebndeti i lop\u00ebs. Administrimi duhet t\u00eb b\u00ebhet sa m\u00eb shpejt t\u00eb jet\u00eb e mundur, pasi cil\u00ebsia e kolostrumit dhe p\u00ebrthithja e tij [&hellip;]","og_url":"https:\/\/ap.com.al\/?page_id=9660","og_site_name":"Austria Praemix","article_publisher":"https:\/\/www.facebook.com\/austriapraemiks\/","article_modified_time":"2025-09-19T11:33:24+00:00","og_image":[{"url":"https:\/\/ap.com.al\/wp-content\/uploads\/2022\/03\/Asset-51-1.png"}],"twitter_card":"summary_large_image","twitter_misc":{"Est. reading time":"1 minute"},"schema":{"@context":"https:\/\/schema.org","@graph":[{"@type":"Organization","@id":"https:\/\/ap.com.al\/#organization","name":"Austria Preamix","url":"https:\/\/ap.com.al\/","sameAs":["https:\/\/www.instagram.com\/austriapraemix\/","https:\/\/www.facebook.com\/austriapraemiks\/"],"logo":{"@type":"ImageObject","inLanguage":"en-US","@id":"https:\/\/ap.com.al\/#\/schema\/logo\/image\/","url":"https:\/\/ap.com.al\/wp-content\/uploads\/2022\/02\/AP-logo.png","contentUrl":"https:\/\/ap.com.al\/wp-content\/uploads\/2022\/02\/AP-logo.png","width":3358,"height":1616,"caption":"Austria Preamix"},"image":{"@id":"https:\/\/ap.com.al\/#\/schema\/logo\/image\/"}},{"@type":"WebSite","@id":"https:\/\/ap.com.al\/#website","url":"https:\/\/ap.com.al\/","name":"Austria Praemix","description":"","publisher":{"@id":"https:\/\/ap.com.al\/#organization"},"potentialAction":[{"@type":"SearchAction","target":{"@type":"EntryPoint","urlTemplate":"https:\/\/ap.com.al\/?s={search_term_string}"},"query-input":"required name=search_term_string"}],"inLanguage":"en-US"},{"@type":"ImageObject","inLanguage":"en-US","@id":"https:\/\/ap.com.al\/?page_id=9660#primaryimage","url":"https:\/\/ap.com.al\/wp-content\/uploads\/2022\/03\/Asset-51-1.png","contentUrl":"https:\/\/ap.com.al\/wp-content\/uploads\/2022\/03\/Asset-51-1.png","width":355,"height":354},{"@type":"WebPage","@id":"https:\/\/ap.com.al\/?page_id=9660#webpage","url":"https:\/\/ap.com.al\/?page_id=9660","name":"Kulloshtra - Cil\u00ebsia \u00ebsht\u00eb vendimtare - Austria Praemix","isPartOf":{"@id":"https:\/\/ap.com.al\/#website"},"primaryImageOfPage":{"@id":"https:\/\/ap.com.al\/?page_id=9660#primaryimage"},"datePublished":"2025-09-19T11:33:23+00:00","dateModified":"2025-09-19T11:33:24+00:00","breadcrumb":{"@id":"https:\/\/ap.com.al\/?page_id=9660#breadcrumb"},"inLanguage":"en-US","potentialAction":[{"@type":"ReadAction","target":["https:\/\/ap.com.al\/?page_id=9660"]}]},{"@type":"BreadcrumbList","@id":"https:\/\/ap.com.al\/?page_id=9660#breadcrumb","itemListElement":[{"@type":"ListItem","position":1,"name":"Home","item":"https:\/\/ap.com.al\/"},{"@type":"ListItem","position":2,"name":"Kulloshtra &#8211; Cil\u00ebsia \u00ebsht\u00eb vendimtare"}]}]}},"_links":{"self":[{"href":"https:\/\/ap.com.al\/index.php?rest_route=\/wp\/v2\/pages\/9660","targetHints":{"allow":["GET"]}}],"collection":[{"href":"https:\/\/ap.com.al\/index.php?rest_route=\/wp\/v2\/pages"}],"about":[{"href":"https:\/\/ap.com.al\/index.php?rest_route=\/wp\/v2\/types\/page"}],"author":[{"embeddable":true,"href":"https:\/\/ap.com.al\/index.php?rest_route=\/wp\/v2\/users\/2"}],"replies":[{"embeddable":true,"href":"https:\/\/ap.com.al\/index.php?rest_route=%2Fwp%2Fv2%2Fcomments&post=9660"}],"version-history":[{"count":1,"href":"https:\/\/ap.com.al\/index.php?rest_route=\/wp\/v2\/pages\/9660\/revisions"}],"predecessor-version":[{"id":9663,"href":"https:\/\/ap.com.al\/index.php?rest_route=\/wp\/v2\/pages\/9660\/revisions\/9663"}],"wp:attachment":[{"href":"https:\/\/ap.com.al\/index.php?rest_route=%2Fwp%2Fv2%2Fmedia&parent=9660"}],"curies":[{"name":"wp","href":"https:\/\/api.w.org\/{rel}","templated":true}]}}