{"id":9668,"date":"2025-09-24T09:49:55","date_gmt":"2025-09-24T09:49:55","guid":{"rendered":"https:\/\/ap.com.al\/?page_id=9668"},"modified":"2025-09-24T09:49:55","modified_gmt":"2025-09-24T09:49:55","slug":"perfitimet-e-qarta-ne-rritjen-e-gicave","status":"publish","type":"page","link":"https:\/\/ap.com.al\/?page_id=9668","title":{"rendered":"P\u00ebrfitimet e qarta n\u00eb rritjen e gicave"},"content":{"rendered":"\n<p><\/p>\n\n\n\n<p><\/p>\n\n\n\n<style>\n  #oniiii{\n    background-image:url(\"https:\/\/ap.com.al\/wp-content\/uploads\/2025\/09\/Artikull-banner-11.png\");\n    padding-bottom: 32%;\n    background-position:center left;\n    background-repeat: no-repeat;\n    background-size:cover;\n  }\n  <\/style>\n  <script src=\"https:\/\/code.jquery.com\/jquery-3.5.0.js\">\n<\/script>\n\n<div id=\"oniiii\"><\/div>\n \n<script>\n$( \"#oniiii\" ).insertBefore( \".container_wrap_first\" );\n<\/script>\n\n\n\n<div class=\"wp-block-columns\" id=\"containerr\">\n<div class=\"wp-block-column\">\n<div class=\"avia_textblock\" itemprop=\"text\"><h4 style=\"color:#005a8c;\n\">P\u00ebrfitimet e qarta n\u00eb rritjen e gicave<\/h4>\n<p align=\"right\">\n   P\u00ebrpunuar nga Klevis Xhardja\n<\/p>\n<\/div>\n<\/div>\n<\/div>\n\n\n\n<div class=\"wp-block-columns\" id=\"containerr\">\n<div class=\"wp-block-column\">\n<div class=\"detail__certificates-item-icon\">\n<img decoding=\"async\" alt=\"SCHAUMALAC M 70 \" src=\"https:\/\/ap.com.al\/wp-content\/uploads\/2022\/03\/Asset-54-1.png\">\n<\/div>\n<\/div>\n<\/div>\n\n\n\n<div class=\"wp-block-columns\" id=\"containerr\">\n<div class=\"wp-block-column\">\n<div class=\"blue_marker_list\">\n<p align=\"justify\" style=\"margin-bottom: 0;\">P\u00ebrdorimi i kombinimeve t\u00eb studiuara t\u00eb acideve \u00ebsht\u00eb nj\u00eb zgjidhje me orientim t\u00eb qart\u00eb drejt s\u00eb ardhmes dhe me kosto t\u00eb ul\u00ebt p\u00ebr stabilizimin e ushqimeve me performanc\u00eb t\u00eb lart\u00eb p\u00ebr gicat. Q\u00ebllimi kryesor \u00ebsht\u00eb frenimi dhe rregullimi i baktereve gram-pozitive dhe gram-negative n\u00eb traktin tret\u00ebs t\u00eb derrave. Ushqimi i ri mineral SchaumaLac Protect F 100 dhe ushqimi plot\u00ebsues i ri SchaumaCid Protect jan\u00eb t\u00eb pasuruara me MCFA (acide yndyrore me zinxhir t\u00eb mes\u00ebm).\nVe\u00e7an\u00ebrisht n\u00eb rritjen e gicave, klient\u00ebt e Schaumann-it kan\u00eb konfirmuar p\u00ebrmir\u00ebsimin dhe stabilizimin e sh\u00ebndetit dhe performanc\u00ebs s\u00eb tyre. K\u00ebto p\u00ebrvoja pozitive nga praktika sh\u00ebrbyen si baz\u00eb p\u00ebr zhvillimin e nj\u00eb prove t\u00eb sakt\u00eb me gicat e saposhk\u00ebputur nga n\u00ebna n\u00eb Qendr\u00ebn M\u00ebsimore dhe Eksperimentale Futterkamp. Synimi ishte t\u00eb studiohej efekti i MCFA-ve mbi parametrat e performanc\u00ebs n\u00eb rritjen e gicave, kur p\u00ebrziheshin ushqime t\u00eb pajisura plot\u00ebsisht (me acid, Bonvital, enzima, etj.) me dhe pa MCFA.\n<\/p>\n<h4 style=\"padding-top: 20px;\">Organizimi i Prov\u00ebs<\/h4>\n<p align=\"justify\" style=\"margin-bottom: 0;\">N\u00eb prov\u00eb u p\u00ebrfshin\u00eb 240 gica hibride, t\u00eb vendosur n\u00eb dysheme plastike n\u00eb grupe prej 12 kafsh\u00ebsh p\u00ebr \u00e7do ndarje, me ndarje t\u00eb p\u00ebrziera gjinore. \u00c7do grup ushqimor kishte nga 120 gica \u2013 p\u00ebrkat\u00ebsisht 10 ndarje. Mosha mesatare ishte 24.1 dit\u00eb, me nj\u00eb pesh\u00eb trupore mesatare prej 8.1 kg.\nUshqyerja u krye n\u00eb dy faza, me nj\u00eb ushqim Faza I p\u00ebr 15 dit\u00ebt e para dhe Faza II p\u00ebr 25 dit\u00ebt pasuese, pothuajse ad libitum, p\u00ebrmes nj\u00eb sistemi Spotmix. Ushqimi kontrollues p\u00ebrmbante nj\u00eb p\u00ebrzierje tradicionale acidesh nga programi Schaumann, nd\u00ebrsa ushqimi eksperimental kishte shtes\u00eb 1% SchaumaCid Protect Granulat. P\u00ebrve\u00e7 p\u00ebrmbajtjes s\u00eb MCFA-ve n\u00eb SchaumaCid Protect, t\u00eb dyja p\u00ebrzierjet e acideve ishin t\u00eb nj\u00ebjta.\nParametrat e v\u00ebzhguar n\u00eb prov\u00eb ishin: zhvillimi i pesh\u00ebs trupore, marrja e ushqimit, koeficienti i konvertimit t\u00eb ushqimit dhe gjendja subjektive sh\u00ebndet\u00ebsore e gicave.\n<\/p>\n<\/div>\n\n\n\n<figure class=\"wp-block-image size-full\"><img loading=\"lazy\" decoding=\"async\" width=\"393\" height=\"272\" src=\"https:\/\/ap.com.al\/wp-content\/uploads\/2025\/09\/image-9.png\" alt=\"\" class=\"wp-image-9670\" srcset=\"https:\/\/ap.com.al\/wp-content\/uploads\/2025\/09\/image-9.png 393w, https:\/\/ap.com.al\/wp-content\/uploads\/2025\/09\/image-9-300x208.png 300w\" sizes=\"auto, (max-width: 393px) 100vw, 393px\" \/><\/figure>\n\n\n\n<div class=\"blue_marker_list\">\n<h4 style=\"padding-top: 20px;\">Rezultatet<\/h4>\n<p align=\"justify\" style=\"margin-bottom: 0;\">Rritja e pesh\u00ebs s\u00eb gjall\u00eb, duke marr\u00eb parasysh nj\u00eb koh\u00ebzgjatje prove prej 40 dit\u00ebsh dhe nj\u00eb pesh\u00eb fillestare prej 8.1 kg, ishte n\u00eb nj\u00eb nivel t\u00eb lart\u00eb me mbi 450 g n\u00eb dit\u00eb, duke arritur k\u00ebshtu nj\u00eb pesh\u00eb mesatare p\u00ebrfundimtare prej 26 kg.\nN\u00eb faz\u00ebn e par\u00eb t\u00eb eksperimentit, rritja e pesh\u00ebs s\u00eb gjall\u00eb u p\u00ebrmir\u00ebsua ndjesh\u00ebm me gati 20 g n\u00eb dit\u00eb (+8%) fal\u00eb SchaumaCid Protect. Kjo ep\u00ebrsi nuk mundi t\u00eb mbahej gjat\u00eb gjith\u00eb periudh\u00ebs s\u00eb prov\u00ebs. Megjithat\u00eb, grupi me SchaumaCid Protect pati nj\u00eb rritje ditore t\u00eb pesh\u00ebs s\u00eb gjall\u00eb me 6 g m\u00eb shum\u00eb (+1.3%) krahasuar me grupin kontroll.\n<\/p>\n<\/div>\n\n\n\n<figure class=\"wp-block-image size-full\"><img loading=\"lazy\" decoding=\"async\" width=\"344\" height=\"314\" src=\"https:\/\/ap.com.al\/wp-content\/uploads\/2025\/09\/image-10.png\" alt=\"\" class=\"wp-image-9671\" srcset=\"https:\/\/ap.com.al\/wp-content\/uploads\/2025\/09\/image-10.png 344w, https:\/\/ap.com.al\/wp-content\/uploads\/2025\/09\/image-10-300x274.png 300w\" sizes=\"auto, (max-width: 344px) 100vw, 344px\" \/><\/figure>\n\n\n\n<div class=\"blue_marker_list\">\n<p align=\"justify\" style=\"margin-bottom: 0;\">Me nj\u00eb shpenzim mesatar prej 1.6 kg ushqim p\u00ebr 1 kg shtes\u00eb n\u00eb pesh\u00ebn e gjall\u00eb, koeficienti i konvertimit t\u00eb ushqimit ishte n\u00eb kufijt\u00eb normal\u00eb p\u00ebr periudhat p\u00ebrkat\u00ebse t\u00eb rritjes. Fal\u00eb p\u00ebrdorimit t\u00eb SchaumaCid Protect, konsumi i ushqimit n\u00eb faz\u00ebn e par\u00eb t\u00eb rritjes u zvog\u00eblua me 6%, dhe n\u00eb t\u00eb gjith\u00eb periudh\u00ebn e rritjes me 5% krahasuar me grupin kontroll, q\u00eb do t\u00eb thot\u00eb se u kursyen 80 g ushqim p\u00ebr \u00e7do kg shtes\u00eb n\u00eb pesh\u00ebn e gjall\u00eb.\n<\/p>\n<\/div>\n\n\n\n<figure class=\"wp-block-image size-full\"><img loading=\"lazy\" decoding=\"async\" width=\"322\" height=\"294\" src=\"https:\/\/ap.com.al\/wp-content\/uploads\/2025\/09\/image-11.png\" alt=\"\" class=\"wp-image-9672\" srcset=\"https:\/\/ap.com.al\/wp-content\/uploads\/2025\/09\/image-11.png 322w, https:\/\/ap.com.al\/wp-content\/uploads\/2025\/09\/image-11-300x274.png 300w\" sizes=\"auto, (max-width: 322px) 100vw, 322px\" \/><\/figure>\n\n\n\n<div class=\"blue_marker_list\">\n<h4 style=\"padding-top: 20px;\">P\u00ebrfundimet<\/h4>\n<p align=\"justify\" style=\"margin-bottom: 0;\">Rezultatet konfirmojn\u00eb potencialin e SchaumaCid Protect. Edhe nj\u00eb nivel i lart\u00eb i performanc\u00ebs mund t\u00eb p\u00ebrmir\u00ebsohet m\u00eb tej. P\u00ebrve\u00e7 rritjes dometh\u00ebn\u00ebse t\u00eb pesh\u00ebs s\u00eb gjall\u00eb n\u00eb faz\u00ebn e par\u00eb t\u00eb rritjes s\u00eb gicave (FAZA I), acidet yndyrore me zinxhir t\u00eb mes\u00ebm (MCFA) t\u00eb SchaumaCid Protect ndikojn\u00eb pozitivisht n\u00eb shfryt\u00ebzimin e l\u00ebnd\u00ebve ushqyese, \u00e7ka reflektohet n\u00eb p\u00ebrmir\u00ebsimin e ndjesh\u00ebm t\u00eb shpenzimit t\u00eb ushqimit.\nP\u00ebr nj\u00eb shtes\u00eb prej 18 kg pesh\u00eb e gjall\u00eb, nevojiten rreth 30 kg ushqim p\u00ebr rritjen e gicave. P\u00ebrdorimi i SchaumaCid Protect Granulat e ul shpenzimin e ushqimit me 5%, q\u00eb do t\u00eb thot\u00eb se kursehen rreth 1.5 kg ushqim p\u00ebr \u00e7do gic.\n<\/p>\n<\/div>\n<\/div>\n<\/div>\n\n\n\n<p><\/p>\n","protected":false},"excerpt":{"rendered":"<p>P\u00ebrfitimet e qarta n\u00eb rritjen e gicave P\u00ebrpunuar nga Klevis Xhardja P\u00ebrdorimi i kombinimeve t\u00eb studiuara t\u00eb acideve \u00ebsht\u00eb nj\u00eb zgjidhje me orientim t\u00eb qart\u00eb drejt s\u00eb ardhmes dhe me kosto t\u00eb ul\u00ebt p\u00ebr stabilizimin e ushqimeve me performanc\u00eb t\u00eb lart\u00eb p\u00ebr gicat. Q\u00ebllimi kryesor \u00ebsht\u00eb frenimi dhe rregullimi i baktereve gram-pozitive dhe gram-negative n\u00eb [&hellip;]<\/p>\n","protected":false},"author":2,"featured_media":0,"parent":0,"menu_order":0,"comment_status":"closed","ping_status":"closed","template":"","meta":{"inline_featured_image":false,"footnotes":""},"class_list":["post-9668","page","type-page","status-publish","hentry"],"yoast_head":"<!-- This site is optimized with the Yoast SEO plugin v18.9 - https:\/\/yoast.com\/wordpress\/plugins\/seo\/ -->\n<title>P\u00ebrfitimet e qarta n\u00eb rritjen e gicave - Austria Praemix<\/title>\n<meta name=\"robots\" content=\"index, follow, max-snippet:-1, max-image-preview:large, max-video-preview:-1\" \/>\n<link rel=\"canonical\" href=\"https:\/\/ap.com.al\/?page_id=9668\" \/>\n<meta property=\"og:locale\" content=\"en_US\" \/>\n<meta property=\"og:type\" content=\"article\" \/>\n<meta property=\"og:title\" content=\"P\u00ebrfitimet e qarta n\u00eb rritjen e gicave - Austria Praemix\" \/>\n<meta property=\"og:description\" content=\"P\u00ebrfitimet e qarta n\u00eb rritjen e gicave P\u00ebrpunuar nga Klevis Xhardja P\u00ebrdorimi i kombinimeve t\u00eb studiuara t\u00eb acideve \u00ebsht\u00eb nj\u00eb zgjidhje me orientim t\u00eb qart\u00eb drejt s\u00eb ardhmes dhe me kosto t\u00eb ul\u00ebt p\u00ebr stabilizimin e ushqimeve me performanc\u00eb t\u00eb lart\u00eb p\u00ebr gicat. Q\u00ebllimi kryesor \u00ebsht\u00eb frenimi dhe rregullimi i baktereve gram-pozitive dhe gram-negative n\u00eb [&hellip;]\" \/>\n<meta property=\"og:url\" content=\"https:\/\/ap.com.al\/?page_id=9668\" \/>\n<meta property=\"og:site_name\" content=\"Austria Praemix\" \/>\n<meta property=\"article:publisher\" content=\"https:\/\/www.facebook.com\/austriapraemiks\/\" \/>\n<meta property=\"og:image\" content=\"https:\/\/ap.com.al\/wp-content\/uploads\/2022\/03\/Asset-54-1.png\" \/>\n<meta name=\"twitter:card\" content=\"summary_large_image\" \/>\n<meta name=\"twitter:label1\" content=\"Est. reading time\" \/>\n\t<meta name=\"twitter:data1\" content=\"1 minute\" \/>\n<script type=\"application\/ld+json\" class=\"yoast-schema-graph\">{\"@context\":\"https:\/\/schema.org\",\"@graph\":[{\"@type\":\"Organization\",\"@id\":\"https:\/\/ap.com.al\/#organization\",\"name\":\"Austria Preamix\",\"url\":\"https:\/\/ap.com.al\/\",\"sameAs\":[\"https:\/\/www.instagram.com\/austriapraemix\/\",\"https:\/\/www.facebook.com\/austriapraemiks\/\"],\"logo\":{\"@type\":\"ImageObject\",\"inLanguage\":\"en-US\",\"@id\":\"https:\/\/ap.com.al\/#\/schema\/logo\/image\/\",\"url\":\"https:\/\/ap.com.al\/wp-content\/uploads\/2022\/02\/AP-logo.png\",\"contentUrl\":\"https:\/\/ap.com.al\/wp-content\/uploads\/2022\/02\/AP-logo.png\",\"width\":3358,\"height\":1616,\"caption\":\"Austria Preamix\"},\"image\":{\"@id\":\"https:\/\/ap.com.al\/#\/schema\/logo\/image\/\"}},{\"@type\":\"WebSite\",\"@id\":\"https:\/\/ap.com.al\/#website\",\"url\":\"https:\/\/ap.com.al\/\",\"name\":\"Austria Praemix\",\"description\":\"\",\"publisher\":{\"@id\":\"https:\/\/ap.com.al\/#organization\"},\"potentialAction\":[{\"@type\":\"SearchAction\",\"target\":{\"@type\":\"EntryPoint\",\"urlTemplate\":\"https:\/\/ap.com.al\/?s={search_term_string}\"},\"query-input\":\"required name=search_term_string\"}],\"inLanguage\":\"en-US\"},{\"@type\":\"ImageObject\",\"inLanguage\":\"en-US\",\"@id\":\"https:\/\/ap.com.al\/?page_id=9668#primaryimage\",\"url\":\"https:\/\/ap.com.al\/wp-content\/uploads\/2022\/03\/Asset-54-1.png\",\"contentUrl\":\"https:\/\/ap.com.al\/wp-content\/uploads\/2022\/03\/Asset-54-1.png\",\"width\":355,\"height\":354},{\"@type\":\"WebPage\",\"@id\":\"https:\/\/ap.com.al\/?page_id=9668#webpage\",\"url\":\"https:\/\/ap.com.al\/?page_id=9668\",\"name\":\"P\u00ebrfitimet e qarta n\u00eb rritjen e gicave - Austria Praemix\",\"isPartOf\":{\"@id\":\"https:\/\/ap.com.al\/#website\"},\"primaryImageOfPage\":{\"@id\":\"https:\/\/ap.com.al\/?page_id=9668#primaryimage\"},\"datePublished\":\"2025-09-24T09:49:55+00:00\",\"dateModified\":\"2025-09-24T09:49:55+00:00\",\"breadcrumb\":{\"@id\":\"https:\/\/ap.com.al\/?page_id=9668#breadcrumb\"},\"inLanguage\":\"en-US\",\"potentialAction\":[{\"@type\":\"ReadAction\",\"target\":[\"https:\/\/ap.com.al\/?page_id=9668\"]}]},{\"@type\":\"BreadcrumbList\",\"@id\":\"https:\/\/ap.com.al\/?page_id=9668#breadcrumb\",\"itemListElement\":[{\"@type\":\"ListItem\",\"position\":1,\"name\":\"Home\",\"item\":\"https:\/\/ap.com.al\/\"},{\"@type\":\"ListItem\",\"position\":2,\"name\":\"P\u00ebrfitimet e qarta n\u00eb rritjen e gicave\"}]}]}<\/script>\n<!-- \/ Yoast SEO plugin. -->","yoast_head_json":{"title":"P\u00ebrfitimet e qarta n\u00eb rritjen e gicave - Austria Praemix","robots":{"index":"index","follow":"follow","max-snippet":"max-snippet:-1","max-image-preview":"max-image-preview:large","max-video-preview":"max-video-preview:-1"},"canonical":"https:\/\/ap.com.al\/?page_id=9668","og_locale":"en_US","og_type":"article","og_title":"P\u00ebrfitimet e qarta n\u00eb rritjen e gicave - Austria Praemix","og_description":"P\u00ebrfitimet e qarta n\u00eb rritjen e gicave P\u00ebrpunuar nga Klevis Xhardja P\u00ebrdorimi i kombinimeve t\u00eb studiuara t\u00eb acideve \u00ebsht\u00eb nj\u00eb zgjidhje me orientim t\u00eb qart\u00eb drejt s\u00eb ardhmes dhe me kosto t\u00eb ul\u00ebt p\u00ebr stabilizimin e ushqimeve me performanc\u00eb t\u00eb lart\u00eb p\u00ebr gicat. Q\u00ebllimi kryesor \u00ebsht\u00eb frenimi dhe rregullimi i baktereve gram-pozitive dhe gram-negative n\u00eb [&hellip;]","og_url":"https:\/\/ap.com.al\/?page_id=9668","og_site_name":"Austria Praemix","article_publisher":"https:\/\/www.facebook.com\/austriapraemiks\/","og_image":[{"url":"https:\/\/ap.com.al\/wp-content\/uploads\/2022\/03\/Asset-54-1.png"}],"twitter_card":"summary_large_image","twitter_misc":{"Est. reading time":"1 minute"},"schema":{"@context":"https:\/\/schema.org","@graph":[{"@type":"Organization","@id":"https:\/\/ap.com.al\/#organization","name":"Austria Preamix","url":"https:\/\/ap.com.al\/","sameAs":["https:\/\/www.instagram.com\/austriapraemix\/","https:\/\/www.facebook.com\/austriapraemiks\/"],"logo":{"@type":"ImageObject","inLanguage":"en-US","@id":"https:\/\/ap.com.al\/#\/schema\/logo\/image\/","url":"https:\/\/ap.com.al\/wp-content\/uploads\/2022\/02\/AP-logo.png","contentUrl":"https:\/\/ap.com.al\/wp-content\/uploads\/2022\/02\/AP-logo.png","width":3358,"height":1616,"caption":"Austria Preamix"},"image":{"@id":"https:\/\/ap.com.al\/#\/schema\/logo\/image\/"}},{"@type":"WebSite","@id":"https:\/\/ap.com.al\/#website","url":"https:\/\/ap.com.al\/","name":"Austria Praemix","description":"","publisher":{"@id":"https:\/\/ap.com.al\/#organization"},"potentialAction":[{"@type":"SearchAction","target":{"@type":"EntryPoint","urlTemplate":"https:\/\/ap.com.al\/?s={search_term_string}"},"query-input":"required name=search_term_string"}],"inLanguage":"en-US"},{"@type":"ImageObject","inLanguage":"en-US","@id":"https:\/\/ap.com.al\/?page_id=9668#primaryimage","url":"https:\/\/ap.com.al\/wp-content\/uploads\/2022\/03\/Asset-54-1.png","contentUrl":"https:\/\/ap.com.al\/wp-content\/uploads\/2022\/03\/Asset-54-1.png","width":355,"height":354},{"@type":"WebPage","@id":"https:\/\/ap.com.al\/?page_id=9668#webpage","url":"https:\/\/ap.com.al\/?page_id=9668","name":"P\u00ebrfitimet e qarta n\u00eb rritjen e gicave - Austria Praemix","isPartOf":{"@id":"https:\/\/ap.com.al\/#website"},"primaryImageOfPage":{"@id":"https:\/\/ap.com.al\/?page_id=9668#primaryimage"},"datePublished":"2025-09-24T09:49:55+00:00","dateModified":"2025-09-24T09:49:55+00:00","breadcrumb":{"@id":"https:\/\/ap.com.al\/?page_id=9668#breadcrumb"},"inLanguage":"en-US","potentialAction":[{"@type":"ReadAction","target":["https:\/\/ap.com.al\/?page_id=9668"]}]},{"@type":"BreadcrumbList","@id":"https:\/\/ap.com.al\/?page_id=9668#breadcrumb","itemListElement":[{"@type":"ListItem","position":1,"name":"Home","item":"https:\/\/ap.com.al\/"},{"@type":"ListItem","position":2,"name":"P\u00ebrfitimet e qarta n\u00eb rritjen e gicave"}]}]}},"_links":{"self":[{"href":"https:\/\/ap.com.al\/index.php?rest_route=\/wp\/v2\/pages\/9668","targetHints":{"allow":["GET"]}}],"collection":[{"href":"https:\/\/ap.com.al\/index.php?rest_route=\/wp\/v2\/pages"}],"about":[{"href":"https:\/\/ap.com.al\/index.php?rest_route=\/wp\/v2\/types\/page"}],"author":[{"embeddable":true,"href":"https:\/\/ap.com.al\/index.php?rest_route=\/wp\/v2\/users\/2"}],"replies":[{"embeddable":true,"href":"https:\/\/ap.com.al\/index.php?rest_route=%2Fwp%2Fv2%2Fcomments&post=9668"}],"version-history":[{"count":1,"href":"https:\/\/ap.com.al\/index.php?rest_route=\/wp\/v2\/pages\/9668\/revisions"}],"predecessor-version":[{"id":9674,"href":"https:\/\/ap.com.al\/index.php?rest_route=\/wp\/v2\/pages\/9668\/revisions\/9674"}],"wp:attachment":[{"href":"https:\/\/ap.com.al\/index.php?rest_route=%2Fwp%2Fv2%2Fmedia&parent=9668"}],"curies":[{"name":"wp","href":"https:\/\/api.w.org\/{rel}","templated":true}]}}