{"id":9679,"date":"2025-09-26T09:41:23","date_gmt":"2025-09-26T09:41:23","guid":{"rendered":"https:\/\/ap.com.al\/?page_id=9679"},"modified":"2025-09-26T09:48:49","modified_gmt":"2025-09-26T09:48:49","slug":"silazhimi-i-duhur-i-misrit-keshilla-per-cilesi-te-larte-foragjere","status":"publish","type":"page","link":"https:\/\/ap.com.al\/?page_id=9679","title":{"rendered":"SILAZHIMI I DUHUR I MISRIT \u2013 K\u00cbSHILLA P\u00cbR CIL\u00cbSI T\u00cb LART\u00cb FORAGJERE"},"content":{"rendered":"\n<style>\n  #oniiii{\n    background-image:url(\"https:\/\/ap.com.al\/wp-content\/uploads\/2025\/09\/Artikull-banner-12.png\");\n    padding-bottom: 32%;\n    background-position:center center;\n    background-repeat: no-repeat;\n    background-size:cover;\n  }\n  <\/style>\n  <script src=\"https:\/\/code.jquery.com\/jquery-3.5.0.js\">\n<\/script>\n\n<div id=\"oniiii\"><\/div>\n \n<script>\n$( \"#oniiii\" ).insertBefore( \".container_wrap_first\" );\n<\/script>\n\n\n\n<div class=\"wp-block-columns\" id=\"containerr\">\n<div class=\"wp-block-column\">\n<div class=\"avia_textblock\" itemprop=\"text\"><h4 style=\"color:#005a8c;\n\">SILAZHIMI I DUHUR I MISRIT \u2013 K\u00cbSHILLA P\u00cbR CIL\u00cbSI T\u00cb LART\u00cb FORAGJERE<\/h4>\n<p align=\"right\">\n   P\u00ebrpunuar nga Klevis Xhardja\n<\/p>\n<\/div>\n<\/div>\n<\/div>\n\n\n\n<div class=\"wp-block-columns\" id=\"containerr\">\n<div class=\"wp-block-column\">\n<div class=\"detail__certificates-item-icon\">\n<img decoding=\"async\" alt=\"Icon RINDAMAST UNI\" src=\"https:\/\/ap.com.al\/wp-content\/uploads\/2022\/03\/Asset-51-1.png\">\n<\/div>\n<\/div>\n<\/div>\n\n\n\n<div class=\"wp-block-columns\" id=\"containerr\">\n<div class=\"wp-block-column\">\n<div class=\"blue_marker_list\">\n<h4 style=\"padding-top: 20px;\">Silazhi cil\u00ebsor i misrit \u00ebsht\u00eb baza p\u00ebr bujq\u00ebsi t\u00eb suksesshme t\u00eb qum\u00ebshtit<\/h4>\n<p align=\"justify\">Cil\u00ebsia e lart\u00eb e ushqimit \u00ebsht\u00eb baza e suksesit ekonomik n\u00eb bujq\u00ebsin\u00eb e qum\u00ebshtit. Q\u00ebllimet jan\u00eb cil\u00ebsia e lart\u00eb e silazhit dhe p\u00ebrmbajtja e lart\u00eb e energjis\u00eb. T\u00eb kombinuara me marrjen e mir\u00eb t\u00eb foragjereve, ato rrisin prodhimin e tuf\u00ebs. Gjat\u00eb vler\u00ebsimit t\u00eb silazhit t\u00eb misrit, faktor\u00ebt e m\u00ebposht\u00ebm jan\u00eb ve\u00e7an\u00ebrisht t\u00eb r\u00ebnd\u00ebsish\u00ebm: dend\u00ebsia e lart\u00eb e energjis\u00eb, p\u00ebrmbajtja e nisesht\u00ebs dhe tretshm\u00ebria e mir\u00eb e mas\u00ebs bimore. Nj\u00eb konsum i lart\u00eb foragjer\u00ebsh mund t\u00eb zvog\u00ebloj\u00eb rrezikun e acidoz\u00ebs, sepse furnizimi me fibra t\u00eb pap\u00ebrpunuara dhe struktura p\u00ebrmir\u00ebsohen.\n<\/p>\n<h4 style=\"padding-top: 20px;\">N\u00eb cil\u00ebn faz\u00eb duhet t\u00eb korret misri p\u00ebr silazh? <\/h4>\n<p align=\"justify\">P\u00ebr cil\u00ebsin\u00eb e silazhit, \u00ebsht\u00eb e r\u00ebnd\u00ebsishme t\u00eb zgjidhet data optimale e vjeljes. Koha e duhur p\u00ebr korrjen e misrit t\u00eb silazhit \u00ebsht\u00eb kur bima ka nj\u00eb p\u00ebrmbajtje t\u00eb l\u00ebnd\u00ebs s\u00eb that\u00eb prej 32-35%. N\u00eb var\u00ebsi t\u00eb varietetit, koh\u00ebs s\u00eb mbjelljes, motit dhe vendndodhjes, kjo koh\u00eb do t\u00eb arrihet her\u00ebt ose von\u00eb. Kalimi midis pjekuris\u00eb s\u00eb qum\u00ebshtit dhe pjekuris\u00eb s\u00eb brumit sh\u00ebrben si udh\u00ebzues p\u00ebr p\u00ebrcaktimin e shkall\u00ebs s\u00eb pjekuris\u00eb. N\u00eb faz\u00ebn e pjekuris\u00eb s\u00eb qum\u00ebshtit, kokrrat jan\u00eb ende qum\u00ebshtore, nd\u00ebrsa n\u00eb faz\u00ebn e pjekuris\u00eb s\u00eb brumit, formohet endosperma e kokrr\u00ebs. Kushtojini v\u00ebmendje matjeve aktuale t\u00eb l\u00ebnd\u00ebs s\u00eb that\u00eb n\u00eb rajonin tuaj dhe kontrolloni parcelat tuaja p\u00ebr t\u00eb p\u00ebrcaktuar koh\u00ebn e duhur p\u00ebr korrje.\n<\/p>\n<h4 style=\"padding-top: 20px;\">Kushtojini v\u00ebmendje cil\u00ebsimeve t\u00eb sakta t\u00eb grir\u00ebsit t\u00eb misrit gjat\u00eb korrjes<\/h4>\n<p align=\"justify\">N\u00eb m\u00ebnyr\u00eb q\u00eb misri i korrur t\u00eb jet\u00eb optimal p\u00ebr silazhim dhe silazhi i misrit t\u00eb tretet leht\u00ebsisht nga kafsh\u00ebt m\u00eb von\u00eb, duhet t\u00eb b\u00ebhen cil\u00ebsimet e sakta n\u00eb grir\u00ebsin e misrit gjat\u00eb korrjes. Gjat\u00ebsia optimale e prerjes varet nga p\u00ebrmbajtja e l\u00ebnd\u00ebs s\u00eb that\u00eb t\u00eb kultur\u00ebs. Rekomandime p\u00ebr praktik\u00eb: N\u00eb p\u00ebrmbajtjen e l\u00ebnd\u00ebs s\u00eb that\u00eb 40% (DM), gjat\u00ebsia e prerjes duhet t\u00eb jet\u00eb 5.0 mm. N\u00eb 35% DM, p\u00ebraf\u00ebrsisht 6.0 deri n\u00eb 7.0 mm, dhe n\u00eb 30% DM, p\u00ebraf\u00ebrsisht 7.0 deri n\u00eb 8.0 mm gjat\u00ebsi. P\u00ebr m\u00eb tep\u00ebr, duhet pasur kujdes q\u00eb kokrrat e misrit t\u00eb jen\u00eb cop\u00ebtuar mir\u00eb. \u00c7do kok\u00ebrr duhet t\u00eb plasaritet. Thyerja e kokrrave \u00ebsht\u00eb ve\u00e7an\u00ebrisht e r\u00ebnd\u00ebsishme n\u00eb m\u00ebnyr\u00eb q\u00eb kafsh\u00ebt t\u00eb mund t&#8217;i tresin kokrrat si duhet. E r\u00ebnd\u00ebsishme: Sa m\u00eb e fort\u00eb dhe m\u00eb e that\u00eb t\u00eb jet\u00eb kokrra, aq m\u00eb shum\u00eb duhet t\u00eb shtypet.\n<\/p>\n<h4 style=\"padding-top: 20px;\">Si mbushet silosi sakt\u00eb p\u00ebr t\u00eb siguruar silazh t\u00eb mir\u00eb?<\/h4>\n<p align=\"justify\">Cil\u00ebsia e silazhit p\u00ebrcaktohet n\u00eb pirgun e silazhit. P\u00ebrjashtimi i oksigjenit n\u00eb pirgun e silazhit \u00ebsht\u00eb ve\u00e7an\u00ebrisht i r\u00ebnd\u00ebsish\u00ebm p\u00ebr procesin e silazhimit. Ngjeshja efektive e misrit t\u00eb cop\u00ebtuar \u00ebsht\u00eb thelb\u00ebsore, sepse redukton oksigjenin e mbetur. Nj\u00eb nivel i lart\u00eb ngjeshjeje \u00ebsht\u00eb gjithashtu i r\u00ebnd\u00ebsish\u00ebm p\u00ebr faz\u00ebn e m\u00ebvonshme t\u00eb heqjes, n\u00eb m\u00ebnyr\u00eb q\u00eb oksigjeni q\u00eb dep\u00ebrton nga buza e prerjes gjat\u00eb prerjes t\u00eb mos dep\u00ebrtoj\u00eb thell\u00eb n\u00eb pirgun e silazhit.\n<\/p>\n<h4 style=\"padding-top: 20px;\">Sa duhet t\u00eb ngjeshet materiali i cop\u00ebtuar?<\/h4>\n<p align=\"justify\">Me pak fjal\u00eb: Ngjeshja e duhur mbron ushqimin nga prishja. N\u00eb fakt, \u00e7do fermer e di k\u00ebt\u00eb. Megjithat\u00eb, natyra e ethshme e korrjes dhe p\u00ebrqendrimi n\u00eb p\u00ebrdorimin e plot\u00eb t\u00eb grir\u00ebs s\u00eb misrit shpesh \u00e7ojn\u00eb n\u00eb gabime n\u00eb zinxhirin e silazhimit. Q\u00ebllimi i ngjeshjes \u00ebsht\u00eb i qart\u00eb: me nj\u00eb p\u00ebrmbajtje t\u00eb l\u00ebnd\u00ebs s\u00eb that\u00eb prej 30%, synohet t\u00eb arrihet nj\u00eb dend\u00ebsi prej 230 kg l\u00ebnd\u00eb e that\u00eb p\u00ebr m\u00b3, dhe me nj\u00eb p\u00ebrmbajtje t\u00eb l\u00ebnd\u00ebs s\u00eb that\u00eb prej 35%, synohet t\u00eb arrihet 270 kg l\u00ebnd\u00eb e that\u00eb p\u00ebr m\u00b3 silazh.\n<\/p>\n<h4 style=\"padding-top: 20px;\">Grykat e ngushta n\u00eb shp\u00ebrndarje dhe ngjeshje rrezikojn\u00eb cil\u00ebsin\u00eb e silazhit<\/h4>\n<p align=\"justify\">Gjat\u00eb mbushjes s\u00eb silosit, \u00ebsht\u00eb e r\u00ebnd\u00ebsishme q\u00eb trash\u00ebsia e shtres\u00ebs t\u00eb mos kaloj\u00eb 30 cm. Problemi n\u00eb praktik\u00eb: N\u00ebse zinxhiri i pun\u00ebs \u00ebsht\u00eb shum\u00eb i shkurt\u00ebr, shum\u00eb mis\u00ebr dor\u00ebzohet n\u00eb pirgun e silazhit nga nj\u00eb grir\u00ebs me performanc\u00eb t\u00eb lart\u00eb dhe nj\u00eb zinxhir transporti i p\u00ebrshtatur. At\u00ebher\u00eb teknologjia e shp\u00ebrndarjes nuk \u00ebsht\u00eb n\u00eb gjendje t\u00eb prodhoj\u00eb nj\u00eb trash\u00ebsi uniforme t\u00eb shtres\u00ebs, dhe n\u00eb hapin tjet\u00ebr teknologjia e ngjeshjes nuk mund t\u00eb vazhdoj\u00eb.\nK\u00ebshill\u00eb praktike: Sigurohuni q\u00eb teknologjia e shp\u00ebrndarjes dhe ngjeshjes n\u00eb pirgun e silazhit t\u00eb ket\u00eb fuqi t\u00eb mjaftueshme. Sigurohuni q\u00eb ta koordinoni mir\u00eb teknologjin\u00eb tuaj, p\u00ebrndryshe rrezikoni humbje t\u00eb panevojshme t\u00eb cil\u00ebsis\u00eb n\u00eb silazhin tuaj t\u00eb misrit, edhe n\u00ebse keni materialin m\u00eb t\u00eb mir\u00eb t\u00eb cop\u00ebtuar.\n<\/p>\n<h4 style=\"padding-top: 20px;\">Minimizoni humbjet n\u00eb silosin e misrit &#8211; k\u00ebshtu funksionon<\/h4>\n<p align=\"justify\">Cil\u00ebsit\u00eb optimale t\u00eb silazhit k\u00ebrkojn\u00eb procedura t\u00eb p\u00ebrsosura pune. Prandaj, hapi i par\u00eb duhet t\u00eb jet\u00eb shmangia e humbjeve t\u00eb lidhura me procesin. N\u00ebse misri korret kur \u00ebsht\u00eb shum\u00eb i lag\u00ebsht, ndodhin humbje t\u00eb shtuara t\u00eb l\u00ebnd\u00ebs ushqyese. Humbjet mund t\u00eb minimizohen n\u00ebse koha e korrjes \u00ebsht\u00eb e duhur. Prishja aerobike \u00ebsht\u00eb problemi m\u00eb i zakonsh\u00ebm n\u00eb silazhin e misrit. Kur oksigjeni arrin n\u00eb silos, majat\u00eb b\u00ebhen aktive dhe shp\u00ebrb\u00ebjn\u00eb acidet e fermentimit. Bakteret e acidit acetik gjithashtu mund t\u00eb zb\u00ebrthejn\u00eb alkoolin e pranish\u00ebm n\u00eb silazhin e misrit n\u00eb acid acetik kur oksigjeni arrin n\u00eb silo. Ky proces rezulton n\u00eb nj\u00eb rritje t\u00eb vler\u00ebs s\u00eb pH, e cila m\u00eb pas shkakton rritjen e mikroorganizmave t\u00eb pad\u00ebshiruar. Vlera e pH e synuar p\u00ebr silazhin e misrit \u00ebsht\u00eb n\u00ebn 4.5.\n<\/p>\n<h4 style=\"padding-top: 20px;\">E r\u00ebnd\u00ebsishme: Shmangni rinxehjen pas hapjes s\u00eb silosit<\/h4>\n<p align=\"justify\">\u00cbsht\u00eb shum\u00eb e r\u00ebnd\u00ebsishme t\u00eb shmangni rinxehjen pas hapjes s\u00eb silosit. Skajet dhe shtresat e sip\u00ebrme zakonisht preken ve\u00e7an\u00ebrisht. Problemi: Rinxehja \u00e7on n\u00eb prishjen e ushqimit baz\u00eb t\u00eb vlefsh\u00ebm.\nKjo ndihmon kund\u00ebr rinxehjes:\n<\/p>\n<ul>\n<li>Ngjeshje e mir\u00eb n\u00eb t\u00eb gjith\u00eb silosin \u2013 mos neglizhoni zonat e skajit, ngjeshje e gjer\u00eb pas silazhimit.\n<li>Kur ruani materialin e cop\u00ebtuar, mos e kaloni trash\u00ebsin\u00eb e shtres\u00ebs 30 cm.\n<li>Gjat\u00ebsia e silosit prej 50 m optimale.\n<li>P\u00ebrdorni aditiv\u00eb t\u00eb silazhit.\n<li>Pastroni prerjen p\u00ebr t\u00eb kufizuar zon\u00ebn e prerjes dhe p\u00ebr t\u00eb siguruar heqjen e shpejt\u00eb nga silo p\u00ebr t\u00eb mbajtur ngrohjen e zon\u00ebs s\u00eb prerjes n\u00eb minimum.<\/li><\/ul>\n<h4 style=\"padding-top: 20px;\">Cil\u00ebsia e furnizimit ka p\u00ebrpar\u00ebsi ndaj p\u00ebrfundimit t\u00eb shpejt\u00eb t\u00eb pun\u00ebs<\/h4>\n<p align=\"justify\">Ruajtja e cil\u00ebsis\u00eb s\u00eb ushqimit duhet t\u00eb ket\u00eb p\u00ebrpar\u00ebsi ndaj p\u00ebrfundimit t\u00eb pun\u00ebs sa m\u00eb shpejt q\u00eb t\u00eb jet\u00eb e mundur: P\u00ebr t\u00eb shmangur rinxehjen n\u00eb lug, ushqimi duhet t\u00eb p\u00ebrzihet gjithmon\u00eb dhe t\u00eb paraqitet sa m\u00eb i fresk\u00ebt q\u00eb t\u00eb jet\u00eb e mundur. Kur p\u00ebrzihet n\u00eb mikserin e ushqimit, mund t\u00eb shtohet acid propionik ose sorbat kaliumi p\u00ebr t\u00eb p\u00ebrmir\u00ebsuar stabilitetin e silazhit.\n<\/p>\n<h4 style=\"padding-top: 20px;\">Madh\u00ebsia e silosit duhet t\u00eb p\u00ebrputhet me madh\u00ebsin\u00eb e tuf\u00ebs<\/h4>\n<p align=\"justify\">P\u00ebrve\u00e7 k\u00ebsaj, madh\u00ebsia e silosit duhet t\u00eb p\u00ebrshtatet me madh\u00ebsin\u00eb e tuf\u00ebs. N\u00eb dim\u00ebr, avancimi duhet t\u00eb jet\u00eb s\u00eb paku 1.5 m n\u00eb jav\u00eb dhe n\u00eb ver\u00eb 2.5 m n\u00eb jav\u00eb. Kujdes: Vendet e t\u00eb ushqyerit me myk nuk duhet t\u00eb ofrohen p\u00ebr ushqim n\u00eb asnj\u00eb rrethan\u00eb p\u00ebr t\u00eb mos rrezikuar sh\u00ebndetin e kafsh\u00ebs.\n<\/p>\n<h4 style=\"padding-top: 20px;\">Analizoni dhe vler\u00ebsoni cil\u00ebsin\u00eb e silazhit tuaj t\u00eb misrit<\/h4>\n<p align=\"justify\"T\u00eb gjitha shqisat mund t\u00eb p\u00ebrdoren p\u00ebr t\u00eb vler\u00ebsuar cil\u00ebsin\u00eb e silazhit. Era duhet t\u00eb jet\u00eb e thart\u00eb e k\u00ebndshme. P\u00ebrve\u00e7 k\u00ebsaj, silazhi nuk duhet t\u00eb nuhas\u00eb acid acetik, alkool, maja ose myk. N\u00eb var\u00ebsi t\u00eb varietetit, ngjyra varion nga e verdha e art\u00eb n\u00eb t\u00eb verdh\u00eb-ulliri.\nMegjithat\u00eb, p\u00ebr t\u00eb siguruar ushqimin optimal t\u00eb tufave me prodhim t\u00eb lart\u00eb, vler\u00ebsimi shqisor nuk mjafton. Nj\u00eb analiz\u00eb laboratorike \u00ebsht\u00eb e nevojshme p\u00ebr t\u00eb p\u00ebrcaktuar me sakt\u00ebsi vler\u00ebn ushqyese t\u00eb silazhit. Sa m\u00eb shum\u00eb parametra t\u00eb analizohen, aq m\u00eb sakt\u00eb mund t\u00eb b\u00ebhet llogaritja e racionit. N\u00ebse keni krijuar disa pirgje silazhi, duhet t\u00eb vler\u00ebsoni secil\u00ebn ve\u00e7mas.\n<\/p>\n<\/div>\n<\/div>\n<\/div>\n\n\n\n<p><\/p>\n","protected":false},"excerpt":{"rendered":"<p>SILAZHIMI I DUHUR I MISRIT \u2013 K\u00cbSHILLA P\u00cbR CIL\u00cbSI T\u00cb LART\u00cb FORAGJERE P\u00ebrpunuar nga Klevis Xhardja Silazhi cil\u00ebsor i misrit \u00ebsht\u00eb baza p\u00ebr bujq\u00ebsi t\u00eb suksesshme t\u00eb qum\u00ebshtit Cil\u00ebsia e lart\u00eb e ushqimit \u00ebsht\u00eb baza e suksesit ekonomik n\u00eb bujq\u00ebsin\u00eb e qum\u00ebshtit. Q\u00ebllimet jan\u00eb cil\u00ebsia e lart\u00eb e silazhit dhe p\u00ebrmbajtja e lart\u00eb e energjis\u00eb. [&hellip;]<\/p>\n","protected":false},"author":2,"featured_media":0,"parent":0,"menu_order":0,"comment_status":"closed","ping_status":"closed","template":"","meta":{"inline_featured_image":false,"footnotes":""},"class_list":["post-9679","page","type-page","status-publish","hentry"],"yoast_head":"<!-- This site is optimized with the Yoast SEO plugin v18.9 - https:\/\/yoast.com\/wordpress\/plugins\/seo\/ -->\n<title>SILAZHIMI I DUHUR I MISRIT \u2013 K\u00cbSHILLA P\u00cbR CIL\u00cbSI T\u00cb LART\u00cb FORAGJERE - Austria Praemix<\/title>\n<meta name=\"robots\" content=\"index, follow, max-snippet:-1, max-image-preview:large, max-video-preview:-1\" \/>\n<link rel=\"canonical\" href=\"https:\/\/ap.com.al\/?page_id=9679\" \/>\n<meta property=\"og:locale\" content=\"en_US\" \/>\n<meta property=\"og:type\" content=\"article\" \/>\n<meta property=\"og:title\" content=\"SILAZHIMI I DUHUR I MISRIT \u2013 K\u00cbSHILLA P\u00cbR CIL\u00cbSI T\u00cb LART\u00cb FORAGJERE - Austria Praemix\" \/>\n<meta property=\"og:description\" content=\"SILAZHIMI I DUHUR I MISRIT \u2013 K\u00cbSHILLA P\u00cbR CIL\u00cbSI T\u00cb LART\u00cb FORAGJERE P\u00ebrpunuar nga Klevis Xhardja Silazhi cil\u00ebsor i misrit \u00ebsht\u00eb baza p\u00ebr bujq\u00ebsi t\u00eb suksesshme t\u00eb qum\u00ebshtit Cil\u00ebsia e lart\u00eb e ushqimit \u00ebsht\u00eb baza e suksesit ekonomik n\u00eb bujq\u00ebsin\u00eb e qum\u00ebshtit. Q\u00ebllimet jan\u00eb cil\u00ebsia e lart\u00eb e silazhit dhe p\u00ebrmbajtja e lart\u00eb e energjis\u00eb. [&hellip;]\" \/>\n<meta property=\"og:url\" content=\"https:\/\/ap.com.al\/?page_id=9679\" \/>\n<meta property=\"og:site_name\" content=\"Austria Praemix\" \/>\n<meta property=\"article:publisher\" content=\"https:\/\/www.facebook.com\/austriapraemiks\/\" \/>\n<meta property=\"article:modified_time\" content=\"2025-09-26T09:48:49+00:00\" \/>\n<meta property=\"og:image\" content=\"https:\/\/ap.com.al\/wp-content\/uploads\/2022\/03\/Asset-51-1.png\" \/>\n<meta name=\"twitter:card\" content=\"summary_large_image\" \/>\n<meta name=\"twitter:label1\" content=\"Est. reading time\" \/>\n\t<meta name=\"twitter:data1\" content=\"1 minute\" \/>\n<script type=\"application\/ld+json\" class=\"yoast-schema-graph\">{\"@context\":\"https:\/\/schema.org\",\"@graph\":[{\"@type\":\"Organization\",\"@id\":\"https:\/\/ap.com.al\/#organization\",\"name\":\"Austria Preamix\",\"url\":\"https:\/\/ap.com.al\/\",\"sameAs\":[\"https:\/\/www.instagram.com\/austriapraemix\/\",\"https:\/\/www.facebook.com\/austriapraemiks\/\"],\"logo\":{\"@type\":\"ImageObject\",\"inLanguage\":\"en-US\",\"@id\":\"https:\/\/ap.com.al\/#\/schema\/logo\/image\/\",\"url\":\"https:\/\/ap.com.al\/wp-content\/uploads\/2022\/02\/AP-logo.png\",\"contentUrl\":\"https:\/\/ap.com.al\/wp-content\/uploads\/2022\/02\/AP-logo.png\",\"width\":3358,\"height\":1616,\"caption\":\"Austria Preamix\"},\"image\":{\"@id\":\"https:\/\/ap.com.al\/#\/schema\/logo\/image\/\"}},{\"@type\":\"WebSite\",\"@id\":\"https:\/\/ap.com.al\/#website\",\"url\":\"https:\/\/ap.com.al\/\",\"name\":\"Austria Praemix\",\"description\":\"\",\"publisher\":{\"@id\":\"https:\/\/ap.com.al\/#organization\"},\"potentialAction\":[{\"@type\":\"SearchAction\",\"target\":{\"@type\":\"EntryPoint\",\"urlTemplate\":\"https:\/\/ap.com.al\/?s={search_term_string}\"},\"query-input\":\"required name=search_term_string\"}],\"inLanguage\":\"en-US\"},{\"@type\":\"ImageObject\",\"inLanguage\":\"en-US\",\"@id\":\"https:\/\/ap.com.al\/?page_id=9679#primaryimage\",\"url\":\"https:\/\/ap.com.al\/wp-content\/uploads\/2022\/03\/Asset-51-1.png\",\"contentUrl\":\"https:\/\/ap.com.al\/wp-content\/uploads\/2022\/03\/Asset-51-1.png\",\"width\":355,\"height\":354},{\"@type\":\"WebPage\",\"@id\":\"https:\/\/ap.com.al\/?page_id=9679#webpage\",\"url\":\"https:\/\/ap.com.al\/?page_id=9679\",\"name\":\"SILAZHIMI I DUHUR I MISRIT \u2013 K\u00cbSHILLA P\u00cbR CIL\u00cbSI T\u00cb LART\u00cb FORAGJERE - Austria Praemix\",\"isPartOf\":{\"@id\":\"https:\/\/ap.com.al\/#website\"},\"primaryImageOfPage\":{\"@id\":\"https:\/\/ap.com.al\/?page_id=9679#primaryimage\"},\"datePublished\":\"2025-09-26T09:41:23+00:00\",\"dateModified\":\"2025-09-26T09:48:49+00:00\",\"breadcrumb\":{\"@id\":\"https:\/\/ap.com.al\/?page_id=9679#breadcrumb\"},\"inLanguage\":\"en-US\",\"potentialAction\":[{\"@type\":\"ReadAction\",\"target\":[\"https:\/\/ap.com.al\/?page_id=9679\"]}]},{\"@type\":\"BreadcrumbList\",\"@id\":\"https:\/\/ap.com.al\/?page_id=9679#breadcrumb\",\"itemListElement\":[{\"@type\":\"ListItem\",\"position\":1,\"name\":\"Home\",\"item\":\"https:\/\/ap.com.al\/\"},{\"@type\":\"ListItem\",\"position\":2,\"name\":\"SILAZHIMI I DUHUR I MISRIT \u2013 K\u00cbSHILLA P\u00cbR CIL\u00cbSI T\u00cb LART\u00cb FORAGJERE\"}]}]}<\/script>\n<!-- \/ Yoast SEO plugin. -->","yoast_head_json":{"title":"SILAZHIMI I DUHUR I MISRIT \u2013 K\u00cbSHILLA P\u00cbR CIL\u00cbSI T\u00cb LART\u00cb FORAGJERE - Austria Praemix","robots":{"index":"index","follow":"follow","max-snippet":"max-snippet:-1","max-image-preview":"max-image-preview:large","max-video-preview":"max-video-preview:-1"},"canonical":"https:\/\/ap.com.al\/?page_id=9679","og_locale":"en_US","og_type":"article","og_title":"SILAZHIMI I DUHUR I MISRIT \u2013 K\u00cbSHILLA P\u00cbR CIL\u00cbSI T\u00cb LART\u00cb FORAGJERE - Austria Praemix","og_description":"SILAZHIMI I DUHUR I MISRIT \u2013 K\u00cbSHILLA P\u00cbR CIL\u00cbSI T\u00cb LART\u00cb FORAGJERE P\u00ebrpunuar nga Klevis Xhardja Silazhi cil\u00ebsor i misrit \u00ebsht\u00eb baza p\u00ebr bujq\u00ebsi t\u00eb suksesshme t\u00eb qum\u00ebshtit Cil\u00ebsia e lart\u00eb e ushqimit \u00ebsht\u00eb baza e suksesit ekonomik n\u00eb bujq\u00ebsin\u00eb e qum\u00ebshtit. Q\u00ebllimet jan\u00eb cil\u00ebsia e lart\u00eb e silazhit dhe p\u00ebrmbajtja e lart\u00eb e energjis\u00eb. [&hellip;]","og_url":"https:\/\/ap.com.al\/?page_id=9679","og_site_name":"Austria Praemix","article_publisher":"https:\/\/www.facebook.com\/austriapraemiks\/","article_modified_time":"2025-09-26T09:48:49+00:00","og_image":[{"url":"https:\/\/ap.com.al\/wp-content\/uploads\/2022\/03\/Asset-51-1.png"}],"twitter_card":"summary_large_image","twitter_misc":{"Est. reading time":"1 minute"},"schema":{"@context":"https:\/\/schema.org","@graph":[{"@type":"Organization","@id":"https:\/\/ap.com.al\/#organization","name":"Austria Preamix","url":"https:\/\/ap.com.al\/","sameAs":["https:\/\/www.instagram.com\/austriapraemix\/","https:\/\/www.facebook.com\/austriapraemiks\/"],"logo":{"@type":"ImageObject","inLanguage":"en-US","@id":"https:\/\/ap.com.al\/#\/schema\/logo\/image\/","url":"https:\/\/ap.com.al\/wp-content\/uploads\/2022\/02\/AP-logo.png","contentUrl":"https:\/\/ap.com.al\/wp-content\/uploads\/2022\/02\/AP-logo.png","width":3358,"height":1616,"caption":"Austria Preamix"},"image":{"@id":"https:\/\/ap.com.al\/#\/schema\/logo\/image\/"}},{"@type":"WebSite","@id":"https:\/\/ap.com.al\/#website","url":"https:\/\/ap.com.al\/","name":"Austria Praemix","description":"","publisher":{"@id":"https:\/\/ap.com.al\/#organization"},"potentialAction":[{"@type":"SearchAction","target":{"@type":"EntryPoint","urlTemplate":"https:\/\/ap.com.al\/?s={search_term_string}"},"query-input":"required name=search_term_string"}],"inLanguage":"en-US"},{"@type":"ImageObject","inLanguage":"en-US","@id":"https:\/\/ap.com.al\/?page_id=9679#primaryimage","url":"https:\/\/ap.com.al\/wp-content\/uploads\/2022\/03\/Asset-51-1.png","contentUrl":"https:\/\/ap.com.al\/wp-content\/uploads\/2022\/03\/Asset-51-1.png","width":355,"height":354},{"@type":"WebPage","@id":"https:\/\/ap.com.al\/?page_id=9679#webpage","url":"https:\/\/ap.com.al\/?page_id=9679","name":"SILAZHIMI I DUHUR I MISRIT \u2013 K\u00cbSHILLA P\u00cbR CIL\u00cbSI T\u00cb LART\u00cb FORAGJERE - Austria Praemix","isPartOf":{"@id":"https:\/\/ap.com.al\/#website"},"primaryImageOfPage":{"@id":"https:\/\/ap.com.al\/?page_id=9679#primaryimage"},"datePublished":"2025-09-26T09:41:23+00:00","dateModified":"2025-09-26T09:48:49+00:00","breadcrumb":{"@id":"https:\/\/ap.com.al\/?page_id=9679#breadcrumb"},"inLanguage":"en-US","potentialAction":[{"@type":"ReadAction","target":["https:\/\/ap.com.al\/?page_id=9679"]}]},{"@type":"BreadcrumbList","@id":"https:\/\/ap.com.al\/?page_id=9679#breadcrumb","itemListElement":[{"@type":"ListItem","position":1,"name":"Home","item":"https:\/\/ap.com.al\/"},{"@type":"ListItem","position":2,"name":"SILAZHIMI I DUHUR I MISRIT \u2013 K\u00cbSHILLA P\u00cbR CIL\u00cbSI T\u00cb LART\u00cb FORAGJERE"}]}]}},"_links":{"self":[{"href":"https:\/\/ap.com.al\/index.php?rest_route=\/wp\/v2\/pages\/9679","targetHints":{"allow":["GET"]}}],"collection":[{"href":"https:\/\/ap.com.al\/index.php?rest_route=\/wp\/v2\/pages"}],"about":[{"href":"https:\/\/ap.com.al\/index.php?rest_route=\/wp\/v2\/types\/page"}],"author":[{"embeddable":true,"href":"https:\/\/ap.com.al\/index.php?rest_route=\/wp\/v2\/users\/2"}],"replies":[{"embeddable":true,"href":"https:\/\/ap.com.al\/index.php?rest_route=%2Fwp%2Fv2%2Fcomments&post=9679"}],"version-history":[{"count":4,"href":"https:\/\/ap.com.al\/index.php?rest_route=\/wp\/v2\/pages\/9679\/revisions"}],"predecessor-version":[{"id":9684,"href":"https:\/\/ap.com.al\/index.php?rest_route=\/wp\/v2\/pages\/9679\/revisions\/9684"}],"wp:attachment":[{"href":"https:\/\/ap.com.al\/index.php?rest_route=%2Fwp%2Fv2%2Fmedia&parent=9679"}],"curies":[{"name":"wp","href":"https:\/\/api.w.org\/{rel}","templated":true}]}}