{"id":9704,"date":"2025-10-03T09:07:38","date_gmt":"2025-10-03T09:07:38","guid":{"rendered":"https:\/\/ap.com.al\/?page_id=9704"},"modified":"2025-10-03T09:10:54","modified_gmt":"2025-10-03T09:10:54","slug":"optimizimi-i-densitetit-te-mbjelljes","status":"publish","type":"page","link":"https:\/\/ap.com.al\/?page_id=9704","title":{"rendered":"Optimizimi i densitetit t\u00eb mbjelljes"},"content":{"rendered":"\n<style>\n  #oniiii{\n    background-image:url(\"https:\/\/ap.com.al\/wp-content\/uploads\/2025\/10\/Artikull-banner-14.png\");\n    padding-bottom: 32%;\n    background-position:center center;\n    background-repeat: no-repeat;\n    background-size:cover;\n  }\n  <\/style>\n  <script src=\"https:\/\/code.jquery.com\/jquery-3.5.0.js\">\n<\/script>\n\n<div id=\"oniiii\"><\/div>\n \n<script>\n$( \"#oniiii\" ).insertBefore( \".container_wrap_first\" );\n<\/script>\n\n\n\n<div class=\"wp-block-columns\" id=\"containerr\">\n<div class=\"wp-block-column\">\n<div class=\"avia_textblock\" itemprop=\"text\"><h4 style=\"color:#005a8c;\n\">Optimizimi i densitetit t\u00eb mbjelljes<\/h4>\n<p align=\"right\">\n   P\u00ebrpunuar nga Klevis Xhardja\n<\/p>\n<\/div>\n<\/div>\n<\/div>\n\n\n\n<div class=\"wp-block-columns\" id=\"containerr\">\n<div class=\"wp-block-column\">\n<div class=\"detail__certificates-item-icon\">\n<img decoding=\"async\" alt=\"Icon RINDAMAST UNI\" src=\"https:\/\/ap.com.al\/wp-content\/uploads\/2022\/03\/Asset-51-1.png\">\n<\/div>\n<\/div>\n<\/div>\n\n\n\n<div class=\"wp-block-columns\" id=\"containerr\">\n<div class=\"wp-block-column\">\n<div class=\"blue_marker_list\">\n<p align=\"justify\">Me rezerva t\u00eb kufizuara toke t\u00eb disponueshme dhe pa lidhje me uj\u00ebrat n\u00ebntok\u00ebsore, misri vuan shpejt nga stresi i that\u00ebsir\u00ebs. P\u00ebrve\u00e7 karakteristikave t\u00eb varieteteve, gjat\u00eb p\u00ebrcaktimit t\u00eb densitetit t\u00eb k\u00ebrcellit duhet t\u00eb merret parasysh vendndodhja dhe ve\u00e7an\u00ebrisht p\u00ebrvoja nga vitet ve\u00e7an\u00ebrisht t\u00eb thata.\n<\/p>\n<\/div>\n\n\n\n<figure class=\"wp-block-image size-full\"><img loading=\"lazy\" decoding=\"async\" width=\"874\" height=\"759\" src=\"https:\/\/ap.com.al\/wp-content\/uploads\/2025\/10\/image-7.png\" alt=\"\" class=\"wp-image-9705\" srcset=\"https:\/\/ap.com.al\/wp-content\/uploads\/2025\/10\/image-7.png 874w, https:\/\/ap.com.al\/wp-content\/uploads\/2025\/10\/image-7-300x261.png 300w, https:\/\/ap.com.al\/wp-content\/uploads\/2025\/10\/image-7-768x667.png 768w, https:\/\/ap.com.al\/wp-content\/uploads\/2025\/10\/image-7-705x612.png 705w, https:\/\/ap.com.al\/wp-content\/uploads\/2025\/10\/image-7-450x391.png 450w\" sizes=\"auto, (max-width: 874px) 100vw, 874px\" \/><\/figure>\n\n\n\n<div class=\"blue_marker_list\">\n<h4 style=\"padding-top: 20px;\">Misri i silazhit \u2013 sasi apo cil\u00ebsi?<\/h4>\n<p align=\"justify\">N\u00eb praktik\u00eb, misri i silazhit shpesh mbillet disi m\u00eb dendur. Megjith\u00ebse rendimentet e l\u00ebnd\u00ebs s\u00eb that\u00eb (TS), energjis\u00eb dhe nisesht\u00ebs rriten ndjesh\u00ebm me rritjen e densitetit t\u00eb mbjelljes, kjo rritje e rendimentit shum\u00eb shpesh vjen n\u00eb kurriz t\u00eb cil\u00ebsis\u00eb s\u00eb ushqimit. P\u00ebr t\u00eb arritur performanc\u00eb t\u00eb lart\u00eb t\u00eb kafsh\u00ebve, prodhimi i silazhit nuk duhet t\u00eb fokusohet n\u00eb rendimentin maksimal absolut t\u00eb energjis\u00eb dhe l\u00ebnd\u00ebs s\u00eb that\u00eb, por m\u00eb tep\u00ebr n\u00eb prodhimin e silazhit cil\u00ebsor, k\u00ebshtu q\u00eb zvog\u00ebloni densitetin e mbjelljes, edhe n\u00eb kultivimin e misrit t\u00eb silazhit! N\u00eb vende t\u00eb lehta, ku d\u00ebmtimi nga that\u00ebsira ka ndodhur n\u00eb m\u00ebnyr\u00eb t\u00eb p\u00ebrs\u00ebritur n\u00eb t\u00eb kaluar\u00ebn, densiteti optimal i mbjelljes p\u00ebr varietetet me korniz\u00eb t\u00eb madhe dhe me rritje t\u00eb madhe mund t\u00eb arrihet me vet\u00ebm 6 bim\u00eb p\u00ebr m\u00b2. N\u00ebse n\u00eb vitet e thata ose p\u00ebr shkak t\u00eb densitetit shum\u00eb t\u00eb lart\u00eb t\u00eb mbjelljes ka formim jo t\u00eb plot\u00eb t\u00eb kallirit ose edhe n\u00ebse ka shum\u00eb bim\u00eb pa kallinj n\u00eb fush\u00eb, mund t\u00eb prodhohet vet\u00ebm silazh q\u00eb \u00ebsht\u00eb i pap\u00ebrshtatsh\u00ebm p\u00ebr t\u00eb ushqyer kafsh\u00ebt me performanc\u00eb t\u00eb lart\u00eb. Nuk kishte uj\u00eb t\u00eb mjaftuesh\u00ebm p\u00ebr misrin kudo. P\u00ebr t\u00eb prodhuar 1 kg l\u00ebnd\u00eb t\u00eb that\u00eb (TS), misri k\u00ebrkon 300 deri n\u00eb 400 litra uj\u00eb \u2013 n\u00eb krahasim me kulturat e tjera, ai e p\u00ebrdor ujin n\u00eb m\u00ebnyr\u00eb jasht\u00ebzakonisht efikase. P\u00ebr t\u00eb nj\u00ebjtin prodhim t\u00eb l\u00ebnd\u00ebs s\u00eb that\u00eb (DM), p\u00ebr shembull, thekra k\u00ebrkon 400 deri n\u00eb 500 litra uj\u00eb, madje edhe gruri k\u00ebrkon 500 deri n\u00eb 600 litra. N\u00eb ndryshim nga drith\u00ebrat e dimrit, sezoni i rritjes s\u00eb misrit \u00ebsht\u00eb shum\u00eb m\u00eb i shkurt\u00ebr.\nShumica e formimit t\u00eb l\u00ebnd\u00ebs s\u00eb that\u00eb ndodh n\u00eb vet\u00ebm 6 deri n\u00eb 7 jav\u00eb nga lul\u00ebzimi, n\u00eb muajt e ngroht\u00eb t\u00eb korrikut dhe gushtit. K\u00ebrkesa shum\u00eb e lart\u00eb p\u00ebr uj\u00eb gjat\u00eb k\u00ebsaj faze t\u00eb rritjes zakonisht nuk mund t\u00eb mbulohet vet\u00ebm nga reshjet e shiut, dhe m\u00eb pas misri vuan shpejt nga that\u00ebsira, fillon t&#8217;i p\u00ebrdredh\u00eb gjethet dhe ndalon s\u00eb zhvilluari. Kjo zakonisht v\u00ebrehet n\u00eb tokat me r\u00ebr\u00eb ve\u00e7an\u00ebrisht t\u00eb lehta pa lidhje me uj\u00ebrat n\u00ebntok\u00ebsore ose n\u00eb tokat argjilore q\u00eb ruajn\u00eb pak uj\u00eb t\u00eb disponuesh\u00ebm p\u00ebr bim\u00ebt \u2013 por edhe aty ku toka nuk mund t\u00eb dep\u00ebrtohet nga rr\u00ebnj\u00ebt p\u00ebr shkak t\u00eb ngjeshjes. T\u00eb korrat e misrit preken gjithashtu n\u00eb m\u00ebnyr\u00eb t\u00eb p\u00ebrs\u00ebritur aty ku bim\u00ebt kan\u00eb vet\u00ebm rr\u00ebnj\u00eb t\u00eb cek\u00ebta p\u00ebr shkak t\u00eb nj\u00eb furnizimi fillimisht shum\u00eb t\u00eb mir\u00eb me uj\u00eb dhe azot, por m\u00eb pas nuk mund t\u00eb arrijn\u00eb shtresat e lag\u00ebshta t\u00eb tok\u00ebs gjat\u00eb periudhave t\u00eb thata, ose ku k\u00ebrkesa p\u00ebr uj\u00eb tejkalon furnizimin p\u00ebr shkak t\u00eb nj\u00eb densiteti shum\u00eb t\u00eb lart\u00eb t\u00eb mbjelljes. Stresi i that\u00ebsir\u00ebs ndikon ve\u00e7an\u00ebrisht n\u00eb formimin e kallirit dhe ruajtjen e nisesht\u00ebs, pasi zakonisht ka ende mjaft uj\u00eb t\u00eb disponuesh\u00ebm p\u00ebr bim\u00ebt e misrit deri n\u00eb lul\u00ebzim.\nPasi kushtet jan\u00eb t\u00eb favorshme p\u00ebr mbirje, bim\u00ebt e reja t\u00eb misrit dep\u00ebrtojn\u00eb shpejt n\u00eb shtresat m\u00eb t\u00eb thella t\u00eb tok\u00ebs me rr\u00ebnj\u00ebt e tyre. Misri ka nevoj\u00eb p\u00ebr m\u00eb shum\u00eb uj\u00eb n\u00eb korrik dhe gusht. Nj\u00eb shp\u00ebrndarje e vazhdueshme e reshjeve \u00ebsht\u00eb sigurisht shum\u00eb e dobishme p\u00ebr rritjen.\nNj\u00eb gj\u00eb \u00ebsht\u00eb e sigurt: farat e misrit jan\u00eb t\u00eb shtrenjta, dhe dend\u00ebsia m\u00eb e lart\u00eb e mbjelljes sjell si rrjedhoj\u00eb kosto t\u00eb konsiderueshme shtes\u00eb. N\u00eb var\u00ebsi t\u00eb varietetit dhe furnizimit me uj\u00eb t\u00eb vendndodhjes, dend\u00ebsia e bim\u00ebve midis 6 dhe, n\u00eb raste ekstreme, 11 bim\u00eb\/m\u00b2 jan\u00eb t\u00eb k\u00ebshillueshme. Me r\u00ebnd\u00ebsi t\u00eb ve\u00e7ant\u00eb p\u00ebr kultivimin e misrit n\u00eb zona m\u00eb t\u00eb lehta \u00ebsht\u00eb reagimi i rendimentit n\u00eb vitet jasht\u00ebzakonisht t\u00eb thata. Testet e densitetit t\u00eb mbjelljes kan\u00eb treguar se edhe n\u00eb 9 bim\u00eb p\u00ebr m\u00b2, bim\u00ebt e misrit reduktojn\u00eb numrin e kallinjve n\u00eb var\u00ebsi t\u00eb varietetit si pasoj\u00eb e munges\u00ebs s\u00eb ujit \u2013 n\u00eb disa raste nuk formohen fare kokrra. Sigurisht, disa varietete reagojn\u00eb m\u00eb pak ndaj stresit t\u00eb that\u00ebsir\u00ebs sesa t\u00eb tjer\u00ebt.\nProvat afatgjata t\u00eb misrit t\u00eb grurit n\u00eb Gjermanin\u00eb veriore kan\u00eb treguar se rendimentet e grurit priren t\u00eb rriten me rritjen e numrit t\u00eb bim\u00ebve\/m\u00b2. Megjithat\u00eb, ky rendiment shtes\u00eb n\u00eb p\u00ebrgjith\u00ebsi mund t\u00eb sigurohet vet\u00ebm statistikisht, pavar\u00ebsisht nga varieteti n\u00eb vende t\u00eb ndryshme, kur ndodh rritja nga 7.2 n\u00eb nj\u00eb mesatare prej 9.2 bim\u00eb\/m\u00b2. P\u00ebrve\u00e7 k\u00ebsaj, k\u00ebto eksperimente treguan se rreziku i d\u00ebshtimit t\u00eb t\u00eb korrave rritet me nj\u00eb num\u00ebr n\u00eb rritje t\u00eb bim\u00ebve, ve\u00e7an\u00ebrisht n\u00eb mesin e varieteteve t\u00eb p\u00ebrdorura gjer\u00ebsisht me korniz\u00eb t\u00eb madhe dhe me rritje t\u00eb madhe. Prandaj, kur vendosni dend\u00ebsin\u00eb e sakt\u00eb t\u00eb mbjelljes, duhet t\u00eb merret parasysh lloji i varietetit.\nU zbulua gjithashtu se n\u00eb densitete m\u00eb t\u00eb larta t\u00eb mbjelljes, p\u00ebrmbajtja e lag\u00ebshtis\u00eb s\u00eb kokrrave gjithashtu priret t\u00eb rritet. Prandaj, q\u00ebndrueshm\u00ebria ekonomike e densiteteve t\u00eb ndryshme t\u00eb mbjelljes duhet t\u00eb merret parasysh edhe n\u00eb sfondin e kostove m\u00eb t\u00eb larta t\u00eb far\u00ebs dhe ndoshta m\u00eb t\u00eb larta t\u00eb tharjes. Prandaj, nuk duhet t\u00eb krahasohen rendimentet, por performancat e tregut t\u00eb p\u00ebrshtatura p\u00ebr kostot e far\u00ebs dhe tharjes. Dhe meqen\u00ebse bim\u00ebt priren t\u00eb rriten m\u00eb gjat\u00eb dhe k\u00ebrcelli m\u00eb i holl\u00eb n\u00eb mbjelljet m\u00eb t\u00eb dendura, misri \u00ebsht\u00eb shpesh n\u00eb rrezik shum\u00eb m\u00eb t\u00eb madh t\u00eb kalbjes s\u00eb k\u00ebrcellit dhe rr\u00ebzimit kur ka nj\u00eb num\u00ebr t\u00eb madh bim\u00ebsh.\n<\/p>\n\n<h4 style=\"padding-top: 20px;\">P\u00ebrfundim p\u00ebr praktik\u00eb<\/h4>\n<p align=\"justify\">Synimi p\u00ebr densitete m\u00eb t\u00eb ul\u00ebta t\u00eb mbjelljes n\u00eb kultivimin e misrit jo vet\u00ebm q\u00eb ndihmon n\u00eb kursimin e kostove t\u00eb far\u00ebs, por gjithashtu rrit besueshm\u00ebrin\u00eb e rendimentit dhe cil\u00ebsin\u00eb e silazhit. Gjat\u00eb p\u00ebrcaktimit t\u00eb norm\u00ebs s\u00eb mbjelljes, duhet t\u00eb merren parasysh karakteristikat e varietetit, kushtet e vendit dhe p\u00ebrvoja juaj. Meqen\u00ebse ka pak p\u00ebrvoj\u00eb me varietetet m\u00eb t\u00eb reja n\u00eb vitet e thata, \u00ebsht\u00eb m\u00eb mir\u00eb t&#8217;i p\u00ebrmbahemi kufirit t\u00eb posht\u00ebm t\u00eb rekomandimit p\u00ebr sa i p\u00ebrket densitetit t\u00eb mbjelljes p\u00ebr t\u00eb mos rrezikuar sigurin\u00eb e rendimentit dhe cil\u00ebsin\u00eb e silazhit. Dend\u00ebsi t\u00eb ndryshme mbjelljeje p\u00ebr korrjen e drith\u00ebrave ose prodhimin e silazhit nuk rekomandohen.\nGjat\u00eb mbjelljes, duhet pasur parasysh se numri i farave t\u00eb mbjella zakonisht nuk \u00ebsht\u00eb identik me numrin p\u00ebrfundimtar t\u00eb bim\u00ebve. Edhe me far\u00eb misri me cil\u00ebsi t\u00eb lart\u00eb me nj\u00eb shkall\u00eb mbirjeje prej gati 100%, shtesat e far\u00ebs prej 5% jan\u00eb t\u00eb nevojshme, pasi q\u00eb d\u00ebshtimet e bim\u00ebve mund t\u00eb ndodhin ende pas mbirjes, p\u00ebr shembull p\u00ebr shkak t\u00eb infektimit nga mizat e fidan\u00ebve.\nMbjell\u00ebsit modern\u00eb me nj\u00eb far\u00eb b\u00ebjn\u00eb t\u00eb mundur rregullimin e vazhduesh\u00ebm t\u00eb norm\u00ebs s\u00eb mbjelljes n\u00eb m\u00ebnyr\u00eb elektronike gjat\u00eb pun\u00ebs. Kjo teknik\u00eb duhet patjet\u00ebr t\u00eb p\u00ebrdoret p\u00ebr t\u00eb kontrolluar norm\u00ebn e mbjelljes n\u00eb var\u00ebsi t\u00eb kushteve t\u00eb vendit. N\u00eb rastet e tokave shum\u00eb t\u00eb ndryshme, kjo mund t\u00eb jet\u00eb e dobishme edhe brenda nj\u00eb parcele. Dend\u00ebsia aktuale e bim\u00ebve duhet t\u00eb kontrollohet n\u00eb disa pika n\u00eb fush\u00eb gjat\u00eb sezonit t\u00eb rritjes, por jo n\u00eb rreshtat buz\u00eb ose n\u00eb pjes\u00ebt e pjerr\u00ebta. Edhe pse asnj\u00eb korrigjim nuk \u00ebsht\u00eb i mundur p\u00ebr vitin aktual, mund t\u00eb fitohet p\u00ebrvoj\u00eb e r\u00ebnd\u00ebsishme n\u00eb lidhje me normat e mbjelljes p\u00ebr vitet e m\u00ebvonshme.\n<\/p>\n<\/div>\n<\/div>\n<\/div>\n\n\n\n<p><\/p>\n","protected":false},"excerpt":{"rendered":"<p>Optimizimi i densitetit t\u00eb mbjelljes P\u00ebrpunuar nga Klevis Xhardja Me rezerva t\u00eb kufizuara toke t\u00eb disponueshme dhe pa lidhje me uj\u00ebrat n\u00ebntok\u00ebsore, misri vuan shpejt nga stresi i that\u00ebsir\u00ebs. P\u00ebrve\u00e7 karakteristikave t\u00eb varieteteve, gjat\u00eb p\u00ebrcaktimit t\u00eb densitetit t\u00eb k\u00ebrcellit duhet t\u00eb merret parasysh vendndodhja dhe ve\u00e7an\u00ebrisht p\u00ebrvoja nga vitet ve\u00e7an\u00ebrisht t\u00eb thata. Misri i silazhit [&hellip;]<\/p>\n","protected":false},"author":2,"featured_media":0,"parent":0,"menu_order":0,"comment_status":"closed","ping_status":"closed","template":"","meta":{"inline_featured_image":false,"footnotes":""},"class_list":["post-9704","page","type-page","status-publish","hentry"],"yoast_head":"<!-- This site is optimized with the Yoast SEO plugin v18.9 - https:\/\/yoast.com\/wordpress\/plugins\/seo\/ -->\n<title>Optimizimi i densitetit t\u00eb mbjelljes - Austria Praemix<\/title>\n<meta name=\"robots\" content=\"index, follow, max-snippet:-1, max-image-preview:large, max-video-preview:-1\" \/>\n<link rel=\"canonical\" href=\"https:\/\/ap.com.al\/?page_id=9704\" \/>\n<meta property=\"og:locale\" content=\"en_US\" \/>\n<meta property=\"og:type\" content=\"article\" \/>\n<meta property=\"og:title\" content=\"Optimizimi i densitetit t\u00eb mbjelljes - Austria Praemix\" \/>\n<meta property=\"og:description\" content=\"Optimizimi i densitetit t\u00eb mbjelljes P\u00ebrpunuar nga Klevis Xhardja Me rezerva t\u00eb kufizuara toke t\u00eb disponueshme dhe pa lidhje me uj\u00ebrat n\u00ebntok\u00ebsore, misri vuan shpejt nga stresi i that\u00ebsir\u00ebs. P\u00ebrve\u00e7 karakteristikave t\u00eb varieteteve, gjat\u00eb p\u00ebrcaktimit t\u00eb densitetit t\u00eb k\u00ebrcellit duhet t\u00eb merret parasysh vendndodhja dhe ve\u00e7an\u00ebrisht p\u00ebrvoja nga vitet ve\u00e7an\u00ebrisht t\u00eb thata. Misri i silazhit [&hellip;]\" \/>\n<meta property=\"og:url\" content=\"https:\/\/ap.com.al\/?page_id=9704\" \/>\n<meta property=\"og:site_name\" content=\"Austria Praemix\" \/>\n<meta property=\"article:publisher\" content=\"https:\/\/www.facebook.com\/austriapraemiks\/\" \/>\n<meta property=\"article:modified_time\" content=\"2025-10-03T09:10:54+00:00\" \/>\n<meta property=\"og:image\" content=\"https:\/\/ap.com.al\/wp-content\/uploads\/2022\/03\/Asset-51-1.png\" \/>\n<meta name=\"twitter:card\" content=\"summary_large_image\" \/>\n<meta name=\"twitter:label1\" content=\"Est. reading time\" \/>\n\t<meta name=\"twitter:data1\" content=\"1 minute\" \/>\n<script type=\"application\/ld+json\" class=\"yoast-schema-graph\">{\"@context\":\"https:\/\/schema.org\",\"@graph\":[{\"@type\":\"Organization\",\"@id\":\"https:\/\/ap.com.al\/#organization\",\"name\":\"Austria Preamix\",\"url\":\"https:\/\/ap.com.al\/\",\"sameAs\":[\"https:\/\/www.instagram.com\/austriapraemix\/\",\"https:\/\/www.facebook.com\/austriapraemiks\/\"],\"logo\":{\"@type\":\"ImageObject\",\"inLanguage\":\"en-US\",\"@id\":\"https:\/\/ap.com.al\/#\/schema\/logo\/image\/\",\"url\":\"https:\/\/ap.com.al\/wp-content\/uploads\/2022\/02\/AP-logo.png\",\"contentUrl\":\"https:\/\/ap.com.al\/wp-content\/uploads\/2022\/02\/AP-logo.png\",\"width\":3358,\"height\":1616,\"caption\":\"Austria Preamix\"},\"image\":{\"@id\":\"https:\/\/ap.com.al\/#\/schema\/logo\/image\/\"}},{\"@type\":\"WebSite\",\"@id\":\"https:\/\/ap.com.al\/#website\",\"url\":\"https:\/\/ap.com.al\/\",\"name\":\"Austria Praemix\",\"description\":\"\",\"publisher\":{\"@id\":\"https:\/\/ap.com.al\/#organization\"},\"potentialAction\":[{\"@type\":\"SearchAction\",\"target\":{\"@type\":\"EntryPoint\",\"urlTemplate\":\"https:\/\/ap.com.al\/?s={search_term_string}\"},\"query-input\":\"required name=search_term_string\"}],\"inLanguage\":\"en-US\"},{\"@type\":\"ImageObject\",\"inLanguage\":\"en-US\",\"@id\":\"https:\/\/ap.com.al\/?page_id=9704#primaryimage\",\"url\":\"https:\/\/ap.com.al\/wp-content\/uploads\/2022\/03\/Asset-51-1.png\",\"contentUrl\":\"https:\/\/ap.com.al\/wp-content\/uploads\/2022\/03\/Asset-51-1.png\",\"width\":355,\"height\":354},{\"@type\":\"WebPage\",\"@id\":\"https:\/\/ap.com.al\/?page_id=9704#webpage\",\"url\":\"https:\/\/ap.com.al\/?page_id=9704\",\"name\":\"Optimizimi i densitetit t\u00eb mbjelljes - Austria Praemix\",\"isPartOf\":{\"@id\":\"https:\/\/ap.com.al\/#website\"},\"primaryImageOfPage\":{\"@id\":\"https:\/\/ap.com.al\/?page_id=9704#primaryimage\"},\"datePublished\":\"2025-10-03T09:07:38+00:00\",\"dateModified\":\"2025-10-03T09:10:54+00:00\",\"breadcrumb\":{\"@id\":\"https:\/\/ap.com.al\/?page_id=9704#breadcrumb\"},\"inLanguage\":\"en-US\",\"potentialAction\":[{\"@type\":\"ReadAction\",\"target\":[\"https:\/\/ap.com.al\/?page_id=9704\"]}]},{\"@type\":\"BreadcrumbList\",\"@id\":\"https:\/\/ap.com.al\/?page_id=9704#breadcrumb\",\"itemListElement\":[{\"@type\":\"ListItem\",\"position\":1,\"name\":\"Home\",\"item\":\"https:\/\/ap.com.al\/\"},{\"@type\":\"ListItem\",\"position\":2,\"name\":\"Optimizimi i densitetit t\u00eb mbjelljes\"}]}]}<\/script>\n<!-- \/ Yoast SEO plugin. -->","yoast_head_json":{"title":"Optimizimi i densitetit t\u00eb mbjelljes - Austria Praemix","robots":{"index":"index","follow":"follow","max-snippet":"max-snippet:-1","max-image-preview":"max-image-preview:large","max-video-preview":"max-video-preview:-1"},"canonical":"https:\/\/ap.com.al\/?page_id=9704","og_locale":"en_US","og_type":"article","og_title":"Optimizimi i densitetit t\u00eb mbjelljes - Austria Praemix","og_description":"Optimizimi i densitetit t\u00eb mbjelljes P\u00ebrpunuar nga Klevis Xhardja Me rezerva t\u00eb kufizuara toke t\u00eb disponueshme dhe pa lidhje me uj\u00ebrat n\u00ebntok\u00ebsore, misri vuan shpejt nga stresi i that\u00ebsir\u00ebs. P\u00ebrve\u00e7 karakteristikave t\u00eb varieteteve, gjat\u00eb p\u00ebrcaktimit t\u00eb densitetit t\u00eb k\u00ebrcellit duhet t\u00eb merret parasysh vendndodhja dhe ve\u00e7an\u00ebrisht p\u00ebrvoja nga vitet ve\u00e7an\u00ebrisht t\u00eb thata. Misri i silazhit [&hellip;]","og_url":"https:\/\/ap.com.al\/?page_id=9704","og_site_name":"Austria Praemix","article_publisher":"https:\/\/www.facebook.com\/austriapraemiks\/","article_modified_time":"2025-10-03T09:10:54+00:00","og_image":[{"url":"https:\/\/ap.com.al\/wp-content\/uploads\/2022\/03\/Asset-51-1.png"}],"twitter_card":"summary_large_image","twitter_misc":{"Est. reading time":"1 minute"},"schema":{"@context":"https:\/\/schema.org","@graph":[{"@type":"Organization","@id":"https:\/\/ap.com.al\/#organization","name":"Austria Preamix","url":"https:\/\/ap.com.al\/","sameAs":["https:\/\/www.instagram.com\/austriapraemix\/","https:\/\/www.facebook.com\/austriapraemiks\/"],"logo":{"@type":"ImageObject","inLanguage":"en-US","@id":"https:\/\/ap.com.al\/#\/schema\/logo\/image\/","url":"https:\/\/ap.com.al\/wp-content\/uploads\/2022\/02\/AP-logo.png","contentUrl":"https:\/\/ap.com.al\/wp-content\/uploads\/2022\/02\/AP-logo.png","width":3358,"height":1616,"caption":"Austria Preamix"},"image":{"@id":"https:\/\/ap.com.al\/#\/schema\/logo\/image\/"}},{"@type":"WebSite","@id":"https:\/\/ap.com.al\/#website","url":"https:\/\/ap.com.al\/","name":"Austria Praemix","description":"","publisher":{"@id":"https:\/\/ap.com.al\/#organization"},"potentialAction":[{"@type":"SearchAction","target":{"@type":"EntryPoint","urlTemplate":"https:\/\/ap.com.al\/?s={search_term_string}"},"query-input":"required name=search_term_string"}],"inLanguage":"en-US"},{"@type":"ImageObject","inLanguage":"en-US","@id":"https:\/\/ap.com.al\/?page_id=9704#primaryimage","url":"https:\/\/ap.com.al\/wp-content\/uploads\/2022\/03\/Asset-51-1.png","contentUrl":"https:\/\/ap.com.al\/wp-content\/uploads\/2022\/03\/Asset-51-1.png","width":355,"height":354},{"@type":"WebPage","@id":"https:\/\/ap.com.al\/?page_id=9704#webpage","url":"https:\/\/ap.com.al\/?page_id=9704","name":"Optimizimi i densitetit t\u00eb mbjelljes - Austria Praemix","isPartOf":{"@id":"https:\/\/ap.com.al\/#website"},"primaryImageOfPage":{"@id":"https:\/\/ap.com.al\/?page_id=9704#primaryimage"},"datePublished":"2025-10-03T09:07:38+00:00","dateModified":"2025-10-03T09:10:54+00:00","breadcrumb":{"@id":"https:\/\/ap.com.al\/?page_id=9704#breadcrumb"},"inLanguage":"en-US","potentialAction":[{"@type":"ReadAction","target":["https:\/\/ap.com.al\/?page_id=9704"]}]},{"@type":"BreadcrumbList","@id":"https:\/\/ap.com.al\/?page_id=9704#breadcrumb","itemListElement":[{"@type":"ListItem","position":1,"name":"Home","item":"https:\/\/ap.com.al\/"},{"@type":"ListItem","position":2,"name":"Optimizimi i densitetit t\u00eb mbjelljes"}]}]}},"_links":{"self":[{"href":"https:\/\/ap.com.al\/index.php?rest_route=\/wp\/v2\/pages\/9704","targetHints":{"allow":["GET"]}}],"collection":[{"href":"https:\/\/ap.com.al\/index.php?rest_route=\/wp\/v2\/pages"}],"about":[{"href":"https:\/\/ap.com.al\/index.php?rest_route=\/wp\/v2\/types\/page"}],"author":[{"embeddable":true,"href":"https:\/\/ap.com.al\/index.php?rest_route=\/wp\/v2\/users\/2"}],"replies":[{"embeddable":true,"href":"https:\/\/ap.com.al\/index.php?rest_route=%2Fwp%2Fv2%2Fcomments&post=9704"}],"version-history":[{"count":2,"href":"https:\/\/ap.com.al\/index.php?rest_route=\/wp\/v2\/pages\/9704\/revisions"}],"predecessor-version":[{"id":9711,"href":"https:\/\/ap.com.al\/index.php?rest_route=\/wp\/v2\/pages\/9704\/revisions\/9711"}],"wp:attachment":[{"href":"https:\/\/ap.com.al\/index.php?rest_route=%2Fwp%2Fv2%2Fmedia&parent=9704"}],"curies":[{"name":"wp","href":"https:\/\/api.w.org\/{rel}","templated":true}]}}