{"id":9713,"date":"2025-10-16T08:38:46","date_gmt":"2025-10-16T08:38:46","guid":{"rendered":"https:\/\/ap.com.al\/?page_id=9713"},"modified":"2025-10-16T08:38:47","modified_gmt":"2025-10-16T08:38:47","slug":"fosfori-i-tretshem","status":"publish","type":"page","link":"https:\/\/ap.com.al\/?page_id=9713","title":{"rendered":"Fosfori i tretsh\u00ebm"},"content":{"rendered":"\n<p><\/p>\n\n\n\n<p><\/p>\n\n\n\n<style>\n  #oniiii{\n    background-image:url(\"https:\/\/ap.com.al\/wp-content\/uploads\/2025\/10\/Artikull-banner-13.png\");\n    padding-bottom: 32%;\n    background-position:center left;\n    background-repeat: no-repeat;\n    background-size:cover;\n  }\n  <\/style>\n  <script src=\"https:\/\/code.jquery.com\/jquery-3.5.0.js\">\n<\/script>\n\n<div id=\"oniiii\"><\/div>\n \n<script>\n$( \"#oniiii\" ).insertBefore( \".container_wrap_first\" );\n<\/script>\n\n\n\n<div class=\"wp-block-columns\" id=\"containerr\">\n<div class=\"wp-block-column\">\n<div class=\"avia_textblock\" itemprop=\"text\"><h4 style=\"color:#005a8c;\n\">Fosfori i tretsh\u00ebm<\/h4>\n<p align=\"right\">\n   P\u00ebrpunuar nga Klevis Xhardja\n<\/p>\n<\/div>\n<\/div>\n<\/div>\n\n\n\n<div class=\"wp-block-columns\" id=\"containerr\">\n<div class=\"wp-block-column\">\n<div class=\"detail__certificates-item-icon\">\n<img decoding=\"async\" alt=\"SCHAUMALAC M 70 \" src=\"https:\/\/ap.com.al\/wp-content\/uploads\/2022\/03\/Asset-54-1.png\">\n<\/div>\n<\/div>\n<\/div>\n\n\n\n<div class=\"wp-block-columns\" id=\"containerr\">\n<div class=\"wp-block-column\">\n<figure class=\"wp-block-image size-full\"><img loading=\"lazy\" decoding=\"async\" width=\"722\" height=\"481\" src=\"https:\/\/ap.com.al\/wp-content\/uploads\/2025\/10\/image-8.png\" alt=\"\" class=\"wp-image-9714\" srcset=\"https:\/\/ap.com.al\/wp-content\/uploads\/2025\/10\/image-8.png 722w, https:\/\/ap.com.al\/wp-content\/uploads\/2025\/10\/image-8-300x200.png 300w, https:\/\/ap.com.al\/wp-content\/uploads\/2025\/10\/image-8-705x470.png 705w, https:\/\/ap.com.al\/wp-content\/uploads\/2025\/10\/image-8-450x300.png 450w\" sizes=\"auto, (max-width: 722px) 100vw, 722px\" \/><\/figure>\n\n\n\n<div class=\"blue_marker_list\">\n<p align=\"justify\" style=\"margin-bottom: 0;\">P\u00ebrzierjet e ushqimit t\u00eb prodhuara n\u00eb ferm\u00eb p\u00ebr dosa, gica dhe derra majm\u00ebrie mbi baz\u00ebn e drith\u00ebrave, soj\u00ebs dhe premikseve minerale nga Schaumann dallohen p\u00ebr performanc\u00ebn e lart\u00eb. Nj\u00eb tjet\u00ebr avantazh: ato mund t\u00eb p\u00ebrshtaten individualisht p\u00ebr \u00e7do ferm\u00eb.\nFurnizimi i p\u00ebrshtatsh\u00ebm me makroelemente planifikohet n\u00eb m\u00ebnyr\u00eb q\u00eb mbi 80% e kalciumit dhe natriumit t\u00eb vijn\u00eb nga p\u00ebrb\u00ebr\u00ebs mineral\u00eb me cil\u00ebsi t\u00eb lart\u00eb, t\u00eb siguruar nga premiksi. Edhe p\u00ebr magnezin jan\u00eb b\u00ebr\u00eb p\u00ebrmir\u00ebsime minerale t\u00eb lehta me cil\u00ebsi t\u00eb lart\u00eb vitet e fundit.\nSituata me fosforin \u00ebsht\u00eb m\u00eb komplekse. Duke pasur parasysh r\u00ebnd\u00ebsin\u00eb qendrore t\u00eb k\u00ebtij elementi n\u00eb metaboliz\u00ebm, fraksionet e fosforit n\u00eb ushqim duhen analizuar me kujdes, si nga sasia ashtu edhe nga cil\u00ebsia. Kjo vlen sidomos p\u00ebr tretshm\u00ebrin\u00eb e fosforit.\n<\/p>\n<h4 style=\"padding-top: 20px;\">Sistemi i vler\u00ebsimit i p\u00ebrmir\u00ebsuar<\/h4>\n<p align=\"justify\" style=\"margin-bottom: 0;\">Nj\u00eb p\u00ebrzierje tipike e ushqimit p\u00ebr derrat n\u00eb ferm\u00eb, e p\u00ebrb\u00ebr\u00eb nga drith\u00ebra, soj\u00eb dhe premiks\/ushqim mineral, p\u00ebrmban 5,5 g fosfor total p\u00ebr kg. Rreth 70\u201375% e tij vjen nga burime bimore, pra nga drith\u00ebrat dhe soja.\nFosfori bimor tretet dob\u00ebt, sepse p\u00ebrb\u00ebhet kryesisht nga fosfori i fitin\u00ebs (rreth 2\/3), dhe derri \u2014 nj\u00ebsoj si shpend\u00ebt \u2014 nuk prodhon enzim\u00eb endogjene (fitaz\u00eb) n\u00eb traktin gastrointestinal p\u00ebr ta \u00e7liruar at\u00eb. Fitaza natyrale e pranishme n\u00eb p\u00ebrb\u00ebr\u00ebsit e ushqimit nuk \u00ebsht\u00eb e mjaftueshme. Prandaj, \u00ebsht\u00eb e r\u00ebnd\u00ebsishme t\u00eb plot\u00ebsohen drith\u00ebrat dhe soja me p\u00ebrb\u00ebr\u00ebs fosfori me tretshm\u00ebri t\u00eb lart\u00eb p\u00ebrmes premiksit. Produktet e Schaumann e p\u00ebrmbushin k\u00ebt\u00eb k\u00ebrkes\u00eb me cil\u00ebsi t\u00eb provuar prej dekadash.\nKomiteti p\u00ebr standardet ushqimore i Shoqat\u00ebs Gjermane t\u00eb Fiziologjis\u00eb s\u00eb Ushqyerjes ka p\u00ebrdit\u00ebsuar s\u00eb fundi sistemin e vler\u00ebsimit t\u00eb fosforit te derrat. Vler\u00ebsimi b\u00ebhet tashm\u00eb mbi baz\u00ebn e fosforit t\u00eb tretsh\u00ebm (vP), i cili k\u00ebrkon p\u00ebrshtatje t\u00eb rekomandimeve p\u00ebr ushqimin dhe vler\u00ebsimin e p\u00ebrb\u00ebr\u00ebsve ushqimor\u00eb. Ky sistem mund\u00ebson nj\u00eb klasifikim m\u00eb t\u00eb sakt\u00eb t\u00eb p\u00ebrb\u00ebr\u00ebsve ushqimor\u00eb sesa m\u00eb par\u00eb.\n<\/p>\n<h4 style=\"padding-top: 20px;\">Gruri kryeson<\/h4>\n<p align=\"justify\" style=\"margin-bottom: 0;\">N\u00eb tabel\u00ebn e m\u00ebposhtme jan\u00eb paraqitur t\u00eb dh\u00ebnat e tretshm\u00ebris\u00eb s\u00eb fosforit t\u00eb matura n\u00eb Gjermani dhe Holand\u00eb n\u00eb eksperimente me kafsh\u00eb. Vlerat e tjera jan\u00eb t\u00eb vler\u00ebsuara. Tretshm\u00ebria e fosforit ndryshon ndjesh\u00ebm. Te drith\u00ebrat, misri ka tretshm\u00ebrin\u00eb m\u00eb t\u00eb ul\u00ebt (15%), nd\u00ebrsa gruri ka m\u00eb t\u00eb lart\u00ebn (65%). Drith\u00ebrat e tjera dhe burimet e proteinave si soj\u00eb, kolz\u00eb, fasule dhe bizele renditen n\u00eb mesataren e poshtme. Tretshm\u00ebria m\u00eb e lart\u00eb, si\u00e7 pritej, u gjet te fosfatet minerale t\u00eb kalciumit, ku monokalciumfosfati dhe mononatriumfosfati arrijn\u00eb 90\u201395%.\nKy vler\u00ebsim i holl\u00ebsish\u00ebm leht\u00ebson planifikimin dhe llogaritjen e racionit, por gjithashtu ka kufizime: fosfori i tretsh\u00ebm nuk mund t\u00eb analizohet n\u00eb m\u00ebnyr\u00eb rutin\u00eb laboratorike. Gjithashtu, baza e t\u00eb dh\u00ebnave duhet t\u00eb plot\u00ebsohet e p\u00ebrdit\u00ebsohet vazhdimisht.\nPasoja praktike \u00ebsht\u00eb se p\u00ebr shkak t\u00eb k\u00ebtyre ndryshimeve n\u00eb tretshm\u00ebrin\u00eb e fosforit, racionet me baz\u00eb misri kan\u00eb nevoj\u00eb p\u00ebr sasi m\u00eb t\u00eb lart\u00eb fosfori n\u00eb premiks sesa racionet me baz\u00eb gruri. Racionet me elb dhe thek\u00ebr q\u00ebndrojn\u00eb n\u00eb nj\u00eb pozicion t\u00eb mes\u00ebm. Megjithat\u00eb, ndryshimet jan\u00eb relativisht t\u00eb vogla, prandaj nuk ka nevoj\u00eb p\u00ebr ndryshime t\u00eb premikseve minerale t\u00eb Schaumann. Te dosat n\u00eb laktacion dhe ato me barr\u00ebse, si dhe te gicat, p\u00ebrqindja e fosforit n\u00eb premiks mbetet n\u00eb nivelin q\u00eb produktet e Schaumann ofrojn\u00eb aktualisht. \n<\/p>\n<h4 style=\"padding-top: 20px;\">Cili \u00ebsht\u00eb p\u00ebrfitimi i fitaz\u00ebs?<\/h4>\n<p align=\"justify\" style=\"margin-bottom: 0;\">Mbetet p\u00ebr t\u2019u testuar p\u00ebrmes provave afatgjata n\u00eb ferm\u00eb dhe laborator n\u00ebse dosat barr\u00ebve mund t\u00eb mbijetojn\u00eb pa suplementim t\u00eb fosforit. Ulja e ndjeshme e niveleve t\u00eb fosforit n\u00eb racionet e majm\u00ebris\u00eb s\u00eb derrave, e cila \u00ebsht\u00eb zbatuar n\u00eb disa ferma, ngre p\u00ebrs\u00ebri pyetje: a mbeten t\u00eb pandikuara t\u00eb gjitha treguesit e r\u00ebnd\u00ebsish\u00ebm ekonomik\u00eb dhe sh\u00ebndet\u00ebsor\u00eb kur kafsh\u00ebt marrin vet\u00ebm fosfor bimor nga drith\u00ebrat dhe proteinat? Deri tani, p\u00ebrvojat kan\u00eb qen\u00eb negative.\nVlen t\u00eb p\u00ebrmendet se, p\u00ebrmes p\u00ebrdorimit t\u00eb fitaz\u00ebs mikrobike, arrihet nj\u00eb rritje e ndjeshme e tretshm\u00ebris\u00eb s\u00eb fosforit n\u00eb p\u00ebrb\u00ebr\u00ebsit e ushqimit me baz\u00eb bimore. Ndryshe nga vlerat e tabel\u00ebs p\u00ebr drith\u00ebra dhe soj\u00eb, kur p\u00ebrdoret fitaza llogaritet nj\u00eb tretshm\u00ebri e fosforit rreth 65%. Derrat marrin m\u00eb shum\u00eb fosfor t\u00eb tretsh\u00ebm bimor, prandaj premikset minerale me fitaz\u00eb t\u00eb Schaumann p\u00ebrmbajn\u00eb m\u00eb pak fosfor. Kjo leht\u00ebson balanc\u00ebn e fosforit n\u00eb organizmin e kafsh\u00ebve dhe ndikon pozitivisht n\u00eb mbrojtjen e mjedisit.\nMe rishikimin e vler\u00ebsimit t\u00eb fosforit shoq\u00ebrohet dhe nj\u00eb p\u00ebrdit\u00ebsim i rekomandimeve p\u00ebr kalciumin (Ca). Raporti i kalciumit ndaj fosforit t\u00eb tretsh\u00ebm duhet t\u00eb jet\u00eb midis 2,5:1 dhe 3,0:1. Megjithat\u00eb, nj\u00eb rekomandim p\u00ebrfundimtar i diferencuar do t\u00eb jet\u00eb i mundur vet\u00ebm pasi t\u00eb analizohen p\u00ebrvoja dhe t\u00eb dh\u00ebna t\u00eb tjera praktike. \n<\/p>\n<\/div>\n\n\n\n<figure class=\"wp-block-image size-full\"><img loading=\"lazy\" decoding=\"async\" width=\"626\" height=\"351\" src=\"https:\/\/ap.com.al\/wp-content\/uploads\/2025\/10\/image-9.png\" alt=\"\" class=\"wp-image-9715\" srcset=\"https:\/\/ap.com.al\/wp-content\/uploads\/2025\/10\/image-9.png 626w, https:\/\/ap.com.al\/wp-content\/uploads\/2025\/10\/image-9-300x168.png 300w, https:\/\/ap.com.al\/wp-content\/uploads\/2025\/10\/image-9-450x252.png 450w\" sizes=\"auto, (max-width: 626px) 100vw, 626px\" \/><\/figure>\n<\/div>\n<\/div>\n\n\n\n<p><\/p>\n","protected":false},"excerpt":{"rendered":"<p>Fosfori i tretsh\u00ebm P\u00ebrpunuar nga Klevis Xhardja P\u00ebrzierjet e ushqimit t\u00eb prodhuara n\u00eb ferm\u00eb p\u00ebr dosa, gica dhe derra majm\u00ebrie mbi baz\u00ebn e drith\u00ebrave, soj\u00ebs dhe premikseve minerale nga Schaumann dallohen p\u00ebr performanc\u00ebn e lart\u00eb. Nj\u00eb tjet\u00ebr avantazh: ato mund t\u00eb p\u00ebrshtaten individualisht p\u00ebr \u00e7do ferm\u00eb. Furnizimi i p\u00ebrshtatsh\u00ebm me makroelemente planifikohet n\u00eb m\u00ebnyr\u00eb q\u00eb [&hellip;]<\/p>\n","protected":false},"author":2,"featured_media":0,"parent":0,"menu_order":0,"comment_status":"closed","ping_status":"closed","template":"","meta":{"inline_featured_image":false,"footnotes":""},"class_list":["post-9713","page","type-page","status-publish","hentry"],"yoast_head":"<!-- This site is optimized with the Yoast SEO plugin v18.9 - https:\/\/yoast.com\/wordpress\/plugins\/seo\/ -->\n<title>Fosfori i tretsh\u00ebm - Austria Praemix<\/title>\n<meta name=\"robots\" content=\"index, follow, max-snippet:-1, max-image-preview:large, max-video-preview:-1\" \/>\n<link rel=\"canonical\" href=\"https:\/\/ap.com.al\/?page_id=9713\" \/>\n<meta property=\"og:locale\" content=\"en_US\" \/>\n<meta property=\"og:type\" content=\"article\" \/>\n<meta property=\"og:title\" content=\"Fosfori i tretsh\u00ebm - Austria Praemix\" \/>\n<meta property=\"og:description\" content=\"Fosfori i tretsh\u00ebm P\u00ebrpunuar nga Klevis Xhardja P\u00ebrzierjet e ushqimit t\u00eb prodhuara n\u00eb ferm\u00eb p\u00ebr dosa, gica dhe derra majm\u00ebrie mbi baz\u00ebn e drith\u00ebrave, soj\u00ebs dhe premikseve minerale nga Schaumann dallohen p\u00ebr performanc\u00ebn e lart\u00eb. Nj\u00eb tjet\u00ebr avantazh: ato mund t\u00eb p\u00ebrshtaten individualisht p\u00ebr \u00e7do ferm\u00eb. Furnizimi i p\u00ebrshtatsh\u00ebm me makroelemente planifikohet n\u00eb m\u00ebnyr\u00eb q\u00eb [&hellip;]\" \/>\n<meta property=\"og:url\" content=\"https:\/\/ap.com.al\/?page_id=9713\" \/>\n<meta property=\"og:site_name\" content=\"Austria Praemix\" \/>\n<meta property=\"article:publisher\" content=\"https:\/\/www.facebook.com\/austriapraemiks\/\" \/>\n<meta property=\"article:modified_time\" content=\"2025-10-16T08:38:47+00:00\" \/>\n<meta property=\"og:image\" content=\"https:\/\/ap.com.al\/wp-content\/uploads\/2022\/03\/Asset-54-1.png\" \/>\n<meta name=\"twitter:card\" content=\"summary_large_image\" \/>\n<meta name=\"twitter:label1\" content=\"Est. reading time\" \/>\n\t<meta name=\"twitter:data1\" content=\"1 minute\" \/>\n<script type=\"application\/ld+json\" class=\"yoast-schema-graph\">{\"@context\":\"https:\/\/schema.org\",\"@graph\":[{\"@type\":\"Organization\",\"@id\":\"https:\/\/ap.com.al\/#organization\",\"name\":\"Austria Preamix\",\"url\":\"https:\/\/ap.com.al\/\",\"sameAs\":[\"https:\/\/www.instagram.com\/austriapraemix\/\",\"https:\/\/www.facebook.com\/austriapraemiks\/\"],\"logo\":{\"@type\":\"ImageObject\",\"inLanguage\":\"en-US\",\"@id\":\"https:\/\/ap.com.al\/#\/schema\/logo\/image\/\",\"url\":\"https:\/\/ap.com.al\/wp-content\/uploads\/2022\/02\/AP-logo.png\",\"contentUrl\":\"https:\/\/ap.com.al\/wp-content\/uploads\/2022\/02\/AP-logo.png\",\"width\":3358,\"height\":1616,\"caption\":\"Austria Preamix\"},\"image\":{\"@id\":\"https:\/\/ap.com.al\/#\/schema\/logo\/image\/\"}},{\"@type\":\"WebSite\",\"@id\":\"https:\/\/ap.com.al\/#website\",\"url\":\"https:\/\/ap.com.al\/\",\"name\":\"Austria Praemix\",\"description\":\"\",\"publisher\":{\"@id\":\"https:\/\/ap.com.al\/#organization\"},\"potentialAction\":[{\"@type\":\"SearchAction\",\"target\":{\"@type\":\"EntryPoint\",\"urlTemplate\":\"https:\/\/ap.com.al\/?s={search_term_string}\"},\"query-input\":\"required name=search_term_string\"}],\"inLanguage\":\"en-US\"},{\"@type\":\"ImageObject\",\"inLanguage\":\"en-US\",\"@id\":\"https:\/\/ap.com.al\/?page_id=9713#primaryimage\",\"url\":\"https:\/\/ap.com.al\/wp-content\/uploads\/2022\/03\/Asset-54-1.png\",\"contentUrl\":\"https:\/\/ap.com.al\/wp-content\/uploads\/2022\/03\/Asset-54-1.png\",\"width\":355,\"height\":354},{\"@type\":\"WebPage\",\"@id\":\"https:\/\/ap.com.al\/?page_id=9713#webpage\",\"url\":\"https:\/\/ap.com.al\/?page_id=9713\",\"name\":\"Fosfori i tretsh\u00ebm - Austria Praemix\",\"isPartOf\":{\"@id\":\"https:\/\/ap.com.al\/#website\"},\"primaryImageOfPage\":{\"@id\":\"https:\/\/ap.com.al\/?page_id=9713#primaryimage\"},\"datePublished\":\"2025-10-16T08:38:46+00:00\",\"dateModified\":\"2025-10-16T08:38:47+00:00\",\"breadcrumb\":{\"@id\":\"https:\/\/ap.com.al\/?page_id=9713#breadcrumb\"},\"inLanguage\":\"en-US\",\"potentialAction\":[{\"@type\":\"ReadAction\",\"target\":[\"https:\/\/ap.com.al\/?page_id=9713\"]}]},{\"@type\":\"BreadcrumbList\",\"@id\":\"https:\/\/ap.com.al\/?page_id=9713#breadcrumb\",\"itemListElement\":[{\"@type\":\"ListItem\",\"position\":1,\"name\":\"Home\",\"item\":\"https:\/\/ap.com.al\/\"},{\"@type\":\"ListItem\",\"position\":2,\"name\":\"Fosfori i tretsh\u00ebm\"}]}]}<\/script>\n<!-- \/ Yoast SEO plugin. -->","yoast_head_json":{"title":"Fosfori i tretsh\u00ebm - Austria Praemix","robots":{"index":"index","follow":"follow","max-snippet":"max-snippet:-1","max-image-preview":"max-image-preview:large","max-video-preview":"max-video-preview:-1"},"canonical":"https:\/\/ap.com.al\/?page_id=9713","og_locale":"en_US","og_type":"article","og_title":"Fosfori i tretsh\u00ebm - Austria Praemix","og_description":"Fosfori i tretsh\u00ebm P\u00ebrpunuar nga Klevis Xhardja P\u00ebrzierjet e ushqimit t\u00eb prodhuara n\u00eb ferm\u00eb p\u00ebr dosa, gica dhe derra majm\u00ebrie mbi baz\u00ebn e drith\u00ebrave, soj\u00ebs dhe premikseve minerale nga Schaumann dallohen p\u00ebr performanc\u00ebn e lart\u00eb. Nj\u00eb tjet\u00ebr avantazh: ato mund t\u00eb p\u00ebrshtaten individualisht p\u00ebr \u00e7do ferm\u00eb. Furnizimi i p\u00ebrshtatsh\u00ebm me makroelemente planifikohet n\u00eb m\u00ebnyr\u00eb q\u00eb [&hellip;]","og_url":"https:\/\/ap.com.al\/?page_id=9713","og_site_name":"Austria Praemix","article_publisher":"https:\/\/www.facebook.com\/austriapraemiks\/","article_modified_time":"2025-10-16T08:38:47+00:00","og_image":[{"url":"https:\/\/ap.com.al\/wp-content\/uploads\/2022\/03\/Asset-54-1.png"}],"twitter_card":"summary_large_image","twitter_misc":{"Est. reading time":"1 minute"},"schema":{"@context":"https:\/\/schema.org","@graph":[{"@type":"Organization","@id":"https:\/\/ap.com.al\/#organization","name":"Austria Preamix","url":"https:\/\/ap.com.al\/","sameAs":["https:\/\/www.instagram.com\/austriapraemix\/","https:\/\/www.facebook.com\/austriapraemiks\/"],"logo":{"@type":"ImageObject","inLanguage":"en-US","@id":"https:\/\/ap.com.al\/#\/schema\/logo\/image\/","url":"https:\/\/ap.com.al\/wp-content\/uploads\/2022\/02\/AP-logo.png","contentUrl":"https:\/\/ap.com.al\/wp-content\/uploads\/2022\/02\/AP-logo.png","width":3358,"height":1616,"caption":"Austria Preamix"},"image":{"@id":"https:\/\/ap.com.al\/#\/schema\/logo\/image\/"}},{"@type":"WebSite","@id":"https:\/\/ap.com.al\/#website","url":"https:\/\/ap.com.al\/","name":"Austria Praemix","description":"","publisher":{"@id":"https:\/\/ap.com.al\/#organization"},"potentialAction":[{"@type":"SearchAction","target":{"@type":"EntryPoint","urlTemplate":"https:\/\/ap.com.al\/?s={search_term_string}"},"query-input":"required name=search_term_string"}],"inLanguage":"en-US"},{"@type":"ImageObject","inLanguage":"en-US","@id":"https:\/\/ap.com.al\/?page_id=9713#primaryimage","url":"https:\/\/ap.com.al\/wp-content\/uploads\/2022\/03\/Asset-54-1.png","contentUrl":"https:\/\/ap.com.al\/wp-content\/uploads\/2022\/03\/Asset-54-1.png","width":355,"height":354},{"@type":"WebPage","@id":"https:\/\/ap.com.al\/?page_id=9713#webpage","url":"https:\/\/ap.com.al\/?page_id=9713","name":"Fosfori i tretsh\u00ebm - Austria Praemix","isPartOf":{"@id":"https:\/\/ap.com.al\/#website"},"primaryImageOfPage":{"@id":"https:\/\/ap.com.al\/?page_id=9713#primaryimage"},"datePublished":"2025-10-16T08:38:46+00:00","dateModified":"2025-10-16T08:38:47+00:00","breadcrumb":{"@id":"https:\/\/ap.com.al\/?page_id=9713#breadcrumb"},"inLanguage":"en-US","potentialAction":[{"@type":"ReadAction","target":["https:\/\/ap.com.al\/?page_id=9713"]}]},{"@type":"BreadcrumbList","@id":"https:\/\/ap.com.al\/?page_id=9713#breadcrumb","itemListElement":[{"@type":"ListItem","position":1,"name":"Home","item":"https:\/\/ap.com.al\/"},{"@type":"ListItem","position":2,"name":"Fosfori i tretsh\u00ebm"}]}]}},"_links":{"self":[{"href":"https:\/\/ap.com.al\/index.php?rest_route=\/wp\/v2\/pages\/9713","targetHints":{"allow":["GET"]}}],"collection":[{"href":"https:\/\/ap.com.al\/index.php?rest_route=\/wp\/v2\/pages"}],"about":[{"href":"https:\/\/ap.com.al\/index.php?rest_route=\/wp\/v2\/types\/page"}],"author":[{"embeddable":true,"href":"https:\/\/ap.com.al\/index.php?rest_route=\/wp\/v2\/users\/2"}],"replies":[{"embeddable":true,"href":"https:\/\/ap.com.al\/index.php?rest_route=%2Fwp%2Fv2%2Fcomments&post=9713"}],"version-history":[{"count":1,"href":"https:\/\/ap.com.al\/index.php?rest_route=\/wp\/v2\/pages\/9713\/revisions"}],"predecessor-version":[{"id":9716,"href":"https:\/\/ap.com.al\/index.php?rest_route=\/wp\/v2\/pages\/9713\/revisions\/9716"}],"wp:attachment":[{"href":"https:\/\/ap.com.al\/index.php?rest_route=%2Fwp%2Fv2%2Fmedia&parent=9713"}],"curies":[{"name":"wp","href":"https:\/\/api.w.org\/{rel}","templated":true}]}}