{"id":9720,"date":"2025-10-16T08:53:26","date_gmt":"2025-10-16T08:53:26","guid":{"rendered":"https:\/\/ap.com.al\/?page_id=9720"},"modified":"2025-10-16T08:53:27","modified_gmt":"2025-10-16T08:53:27","slug":"keshilla-per-silazh-te-suksesshem-te-misrit","status":"publish","type":"page","link":"https:\/\/ap.com.al\/?page_id=9720","title":{"rendered":"K\u00ebshilla p\u00ebr silazh t\u00eb suksessh\u00ebm t\u00eb misrit"},"content":{"rendered":"\n<style>\n  #oniiii{\n    background-image:url(\"https:\/\/ap.com.al\/wp-content\/uploads\/2025\/10\/Artikull-banner-14.png\");\n    padding-bottom: 32%;\n    background-position:center center;\n    background-repeat: no-repeat;\n    background-size:cover;\n  }\n  <\/style>\n  <script src=\"https:\/\/code.jquery.com\/jquery-3.5.0.js\">\n<\/script>\n\n<div id=\"oniiii\"><\/div>\n \n<script>\n$( \"#oniiii\" ).insertBefore( \".container_wrap_first\" );\n<\/script>\n\n\n\n<div class=\"wp-block-columns\" id=\"containerr\">\n<div class=\"wp-block-column\">\n<div class=\"avia_textblock\" itemprop=\"text\"><h4 style=\"color:#005a8c;\n\">K\u00ebshilla p\u00ebr silazh t\u00eb suksessh\u00ebm t\u00eb misrit<\/h4>\n<p align=\"right\">\n   P\u00ebrpunuar nga Klevis Xhardja\n<\/p>\n<\/div>\n<\/div>\n<\/div>\n\n\n\n<div class=\"wp-block-columns\" id=\"containerr\">\n<div class=\"wp-block-column\">\n<div class=\"detail__certificates-item-icon\">\n<img decoding=\"async\" alt=\"Icon RINDAMAST UNI\" src=\"https:\/\/ap.com.al\/wp-content\/uploads\/2022\/03\/Asset-51-1.png\">\n<\/div>\n<\/div>\n<\/div>\n\n\n\n<div class=\"wp-block-columns\" id=\"containerr\">\n<div class=\"wp-block-column\">\n<div class=\"blue_marker_list\">\n<p align=\"justify\">Faktor\u00eb t\u00eb ndrysh\u00ebm t\u00eb menaxhimit luajn\u00eb nj\u00eb rol ky\u00e7 n\u00eb suksesin e silazhit t\u00eb misrit. P\u00ebrve\u00e7 zgjedhjes s\u00eb aditivit t\u00eb duhur t\u00eb silazhit, ka aspekte t\u00eb tjera t\u00eb r\u00ebnd\u00ebsishme si koha e vjeljes, lart\u00ebsia e prerjes dhe gjat\u00ebsia e prerjes q\u00eb ia vlen t\u00eb merren parasysh.\n<\/p>\n<h4 style=\"padding-top: 20px;\">Koha e korrjes<\/h4>\n<p align=\"justify\">Koha optimale p\u00ebr vjelje \u00ebsht\u00eb kur ka p\u00ebrfunduar ruajtja e nisesht\u00ebs n\u00eb kok\u00ebrr. P\u00ebrmbajtja e l\u00ebnd\u00ebs s\u00eb that\u00eb (DM) e t\u00eb gjith\u00eb bim\u00ebs duhet t\u00eb jet\u00eb midis 28 dhe 35%, dhe p\u00ebrmbajtja e DM n\u00eb kok\u00ebrr midis 56 dhe 60% (shih Figur\u00ebn 1). Modeli i shum\u00ebs s\u00eb nxeht\u00ebsis\u00eb ofron nj\u00eb m\u00ebnyr\u00eb t\u00eb mir\u00eb p\u00ebr t\u00eb vler\u00ebsuar maturimin e kulturave t\u00eb misrit. P\u00ebr t\u00eb parashikuar pjekjen, p\u00ebrdoren faktor\u00eb t\u00eb r\u00ebnd\u00ebsish\u00ebm si varieteti, data e mbjelljes, lloji i tok\u00ebs, furnizimi me uj\u00eb t\u00eb disponuesh\u00ebm n\u00eb tok\u00eb dhe t\u00eb dh\u00ebnat klimatike si temperatura, reshjet dhe rrezatimi global. Sjellja e pjekjes s\u00eb varieteteve aktuale t\u00eb misrit \u00ebsht\u00eb marr\u00eb parasysh n\u00eb parashikim. \n<\/p>\n<\/div>\n\n\n\n<figure class=\"wp-block-image size-full\"><img loading=\"lazy\" decoding=\"async\" width=\"633\" height=\"409\" src=\"https:\/\/ap.com.al\/wp-content\/uploads\/2025\/10\/image-10.png\" alt=\"\" class=\"wp-image-9722\" srcset=\"https:\/\/ap.com.al\/wp-content\/uploads\/2025\/10\/image-10.png 633w, https:\/\/ap.com.al\/wp-content\/uploads\/2025\/10\/image-10-300x194.png 300w, https:\/\/ap.com.al\/wp-content\/uploads\/2025\/10\/image-10-450x291.png 450w\" sizes=\"auto, (max-width: 633px) 100vw, 633px\" \/><\/figure>\n\n\n\n<div class=\"blue_marker_list\">\n<h4 style=\"padding-top: 20px;\">Lart\u00ebsia e prerjes<\/h4>\n<p align=\"justify\">Lart\u00ebsia optimale e prerjes p\u00ebr silazhin higjienik \u00ebsht\u00eb t\u00eb pakt\u00ebn 30 cm. Ka nj\u00eb ndikim vendimtar n\u00eb ndotjen e silazhit t\u00eb misrit me maja dhe myk. N\u00eb pjes\u00ebt e poshtme t\u00eb k\u00ebrcellit ka shum\u00eb m\u00eb tep\u00ebr d\u00ebmtues fermentues (shih Figur\u00ebn 2). P\u00ebrve\u00e7 k\u00ebsaj, p\u00ebrmbajtja e fibrave t\u00eb pap\u00ebrpunuara dhe hirit rritet n\u00eb zonat m\u00eb t\u00eb ul\u00ebta dhe p\u00ebrmbajtja e energjis\u00eb zvog\u00eblohet (shih Figur\u00ebn 3).\n<\/p>\n<\/div>\n\n\n\n<figure class=\"wp-block-image size-full\"><img loading=\"lazy\" decoding=\"async\" width=\"532\" height=\"342\" src=\"https:\/\/ap.com.al\/wp-content\/uploads\/2025\/10\/image-11.png\" alt=\"\" class=\"wp-image-9723\" srcset=\"https:\/\/ap.com.al\/wp-content\/uploads\/2025\/10\/image-11.png 532w, https:\/\/ap.com.al\/wp-content\/uploads\/2025\/10\/image-11-300x193.png 300w, https:\/\/ap.com.al\/wp-content\/uploads\/2025\/10\/image-11-450x289.png 450w\" sizes=\"auto, (max-width: 532px) 100vw, 532px\" \/><\/figure>\n\n\n\n<figure class=\"wp-block-image size-full\"><img loading=\"lazy\" decoding=\"async\" width=\"531\" height=\"366\" src=\"https:\/\/ap.com.al\/wp-content\/uploads\/2025\/10\/image-12.png\" alt=\"\" class=\"wp-image-9724\" srcset=\"https:\/\/ap.com.al\/wp-content\/uploads\/2025\/10\/image-12.png 531w, https:\/\/ap.com.al\/wp-content\/uploads\/2025\/10\/image-12-300x207.png 300w, https:\/\/ap.com.al\/wp-content\/uploads\/2025\/10\/image-12-450x310.png 450w\" sizes=\"auto, (max-width: 531px) 100vw, 531px\" \/><\/figure>\n\n\n\n<div class=\"blue_marker_list\">\n<h4 style=\"padding-top: 20px;\">Gjat\u00ebsia e prerjes<\/h4>\n<p align=\"justify\">Gjat\u00ebsia optimale e prerjes \u00ebsht\u00eb 4 deri n\u00eb 8 mm. \u00cbsht\u00eb nj\u00eb parakusht p\u00ebr ngjeshje t\u00eb sakt\u00eb, shfryt\u00ebzim m\u00eb t\u00eb mir\u00eb t\u00eb hap\u00ebsir\u00ebs s\u00eb silosit dhe humbje t\u00eb ul\u00ebta. N\u00eb thelb, sa m\u00eb i that\u00eb t\u00eb jet\u00eb silazhi, aq m\u00eb e shkurt\u00ebr \u00ebsht\u00eb gjat\u00ebsia e prerjes.\n<\/p>\n<h4 style=\"padding-top: 20px;\">Shtesa e duhur e silazhit<\/h4>\n<p align=\"justify\">P\u00ebrve\u00e7 rregullave baz\u00eb t\u00eb silazhit, aditiv\u00ebt e silazhit t\u00eb bonsilazhit me efektet e tyre t\u00eb ndryshme mb\u00ebshtesin procesin e fermentimit (shih Figur\u00ebn 4). Zgjedhja varet nga k\u00ebrkesat individuale operative.\n<\/p>\n<\/div>\n\n\n\n<figure class=\"wp-block-image size-full\"><img loading=\"lazy\" decoding=\"async\" width=\"643\" height=\"266\" src=\"https:\/\/ap.com.al\/wp-content\/uploads\/2025\/10\/image-13.png\" alt=\"\" class=\"wp-image-9725\" srcset=\"https:\/\/ap.com.al\/wp-content\/uploads\/2025\/10\/image-13.png 643w, https:\/\/ap.com.al\/wp-content\/uploads\/2025\/10\/image-13-300x124.png 300w, https:\/\/ap.com.al\/wp-content\/uploads\/2025\/10\/image-13-450x186.png 450w\" sizes=\"auto, (max-width: 643px) 100vw, 643px\" \/><\/figure>\n\n\n\n<div class=\"blue_marker_list\">\n<h4 style=\"padding-top: 20px;\">Ngjeshja dhe mbulimi<\/h4>\n<p align=\"justify\">Hyrja e oksigjenit shkakton rritje t\u00eb temperatur\u00ebs (rinxehje) dhe rrjedhimisht humbje t\u00eb energjis\u00eb dhe l\u00ebnd\u00ebs s\u00eb that\u00eb (DM). Sa m\u00eb mir\u00eb t\u00eb jet\u00eb i ngjeshur silazhi, aq m\u00eb pak oksigjen atmosferik mund t\u00eb dep\u00ebrtoj\u00eb gjat\u00eb nxjerrjes s\u00eb tij. Nga nj\u00eb shkall\u00eb rikuperimi prej 21 ton\u00eb DM n\u00eb or\u00eb (p.sh., 70 ton\u00eb mas\u00eb e fresk\u00ebt me 30% DM), ngjeshja optimale nuk mund t\u00eb arrihet as me rrotullim t\u00eb vazhduesh\u00ebm me nj\u00eb automjet t\u00eb vet\u00ebm.\nK\u00ebshill\u00eb: P\u00ebr sasi m\u00eb t\u00eb m\u00ebdha t\u00eb t\u00eb korrave dhe pirgje silazhi m\u00eb t\u00eb vogla, rekomandohet t\u00eb punohet paralelisht n\u00eb dy kapanone me disa mjete rrotulluese.\nMenj\u00ebher\u00eb pas p\u00ebrfundimit t\u00eb rrotullimit, kapanoni duhet t\u00eb mbulohet n\u00eb m\u00ebnyr\u00eb korrekte: shtres\u00eb e poshtme, film plastik kryesor i pap\u00ebrshkuesh\u00ebm nga gazi, rrjet\u00eb mbrojt\u00ebse e silazhit p\u00ebr ta r\u00ebnduar dhe mbrojtur nga d\u00ebmtimet, \u00e7anta silazhi si barrier\u00eb peshore dhe hermetike, film plastik an\u00ebsor p\u00ebr muret an\u00ebsore (shih Figur\u00ebn 5).\nK\u00ebshill\u00eb: P\u00ebrve\u00e7 forc\u00ebs s\u00eb film plastik t\u00eb silazhit, karakteristika t\u00eb r\u00ebnd\u00ebsishme t\u00eb cil\u00ebsis\u00eb jan\u00eb edhe ngusht\u00ebsia ndaj gazit, elasticiteti, rezistenca ndaj rrezeve ultraviolet dhe aciditetit.\n<\/p>\n<\/div>\n\n\n\n<figure class=\"wp-block-image size-full\"><img loading=\"lazy\" decoding=\"async\" width=\"477\" height=\"370\" src=\"https:\/\/ap.com.al\/wp-content\/uploads\/2025\/10\/image-14.png\" alt=\"\" class=\"wp-image-9726\" srcset=\"https:\/\/ap.com.al\/wp-content\/uploads\/2025\/10\/image-14.png 477w, https:\/\/ap.com.al\/wp-content\/uploads\/2025\/10\/image-14-300x233.png 300w, https:\/\/ap.com.al\/wp-content\/uploads\/2025\/10\/image-14-450x349.png 450w\" sizes=\"auto, (max-width: 477px) 100vw, 477px\" \/><\/figure>\n\n\n\n<div class=\"blue_marker_list\">\n<p align=\"justify\">P\u00ebr t\u00eb shmangur rinxehjen, norma minimale e ushqimit duhet t\u00eb jet\u00eb 2 m n\u00eb jav\u00eb. N\u00eb thelb, duhet t\u00eb p\u00ebrdoret nj\u00eb teknik\u00eb nxjerrjeje q\u00eb l\u00eb nj\u00eb sip\u00ebrfaqe prer\u00ebse t\u00eb l\u00ebmuar dhe, mbi t\u00eb gjitha, sa m\u00eb pak t\u00eb liruar, n\u00eb m\u00ebnyr\u00eb q\u00eb vet\u00ebm nj\u00eb sasi e vog\u00ebl oksigjeni t\u00eb dep\u00ebrtoj\u00eb n\u00eb stokun e silazhit dhe t\u00eb parandalohet procesi i ringrohjes. P\u00ebr ta b\u00ebr\u00eb k\u00ebt\u00eb, filmi plastik i silazhit duhet t\u00eb r\u00ebndohet n\u00eb sip\u00ebrfaqen e prer\u00eb me nj\u00eb shuf\u00ebr gjat\u00ebsore shtes\u00eb (teknika sardele) e b\u00ebr\u00eb nga thas\u00eb silazhi p\u00ebr t\u00eb parandaluar hyrjen e oksigjenit (shih Figur\u00ebn 6).\n<\/p>\n<\/div>\n\n\n\n<figure class=\"wp-block-image size-full\"><img loading=\"lazy\" decoding=\"async\" width=\"463\" height=\"291\" src=\"https:\/\/ap.com.al\/wp-content\/uploads\/2025\/10\/image-15.png\" alt=\"\" class=\"wp-image-9727\" srcset=\"https:\/\/ap.com.al\/wp-content\/uploads\/2025\/10\/image-15.png 463w, https:\/\/ap.com.al\/wp-content\/uploads\/2025\/10\/image-15-300x189.png 300w, https:\/\/ap.com.al\/wp-content\/uploads\/2025\/10\/image-15-450x283.png 450w\" sizes=\"auto, (max-width: 463px) 100vw, 463px\" \/><\/figure>\n<\/div>\n<\/div>\n\n\n\n<p><\/p>\n","protected":false},"excerpt":{"rendered":"<p>K\u00ebshilla p\u00ebr silazh t\u00eb suksessh\u00ebm t\u00eb misrit P\u00ebrpunuar nga Klevis Xhardja Faktor\u00eb t\u00eb ndrysh\u00ebm t\u00eb menaxhimit luajn\u00eb nj\u00eb rol ky\u00e7 n\u00eb suksesin e silazhit t\u00eb misrit. P\u00ebrve\u00e7 zgjedhjes s\u00eb aditivit t\u00eb duhur t\u00eb silazhit, ka aspekte t\u00eb tjera t\u00eb r\u00ebnd\u00ebsishme si koha e vjeljes, lart\u00ebsia e prerjes dhe gjat\u00ebsia e prerjes q\u00eb ia vlen t\u00eb [&hellip;]<\/p>\n","protected":false},"author":2,"featured_media":0,"parent":0,"menu_order":0,"comment_status":"closed","ping_status":"closed","template":"","meta":{"inline_featured_image":false,"footnotes":""},"class_list":["post-9720","page","type-page","status-publish","hentry"],"yoast_head":"<!-- This site is optimized with the Yoast SEO plugin v18.9 - https:\/\/yoast.com\/wordpress\/plugins\/seo\/ -->\n<title>K\u00ebshilla p\u00ebr silazh t\u00eb suksessh\u00ebm t\u00eb misrit - Austria Praemix<\/title>\n<meta name=\"robots\" content=\"index, follow, max-snippet:-1, max-image-preview:large, max-video-preview:-1\" \/>\n<link rel=\"canonical\" href=\"https:\/\/ap.com.al\/?page_id=9720\" \/>\n<meta property=\"og:locale\" content=\"en_US\" \/>\n<meta property=\"og:type\" content=\"article\" \/>\n<meta property=\"og:title\" content=\"K\u00ebshilla p\u00ebr silazh t\u00eb suksessh\u00ebm t\u00eb misrit - Austria Praemix\" \/>\n<meta property=\"og:description\" content=\"K\u00ebshilla p\u00ebr silazh t\u00eb suksessh\u00ebm t\u00eb misrit P\u00ebrpunuar nga Klevis Xhardja Faktor\u00eb t\u00eb ndrysh\u00ebm t\u00eb menaxhimit luajn\u00eb nj\u00eb rol ky\u00e7 n\u00eb suksesin e silazhit t\u00eb misrit. P\u00ebrve\u00e7 zgjedhjes s\u00eb aditivit t\u00eb duhur t\u00eb silazhit, ka aspekte t\u00eb tjera t\u00eb r\u00ebnd\u00ebsishme si koha e vjeljes, lart\u00ebsia e prerjes dhe gjat\u00ebsia e prerjes q\u00eb ia vlen t\u00eb [&hellip;]\" \/>\n<meta property=\"og:url\" content=\"https:\/\/ap.com.al\/?page_id=9720\" \/>\n<meta property=\"og:site_name\" content=\"Austria Praemix\" \/>\n<meta property=\"article:publisher\" content=\"https:\/\/www.facebook.com\/austriapraemiks\/\" \/>\n<meta property=\"article:modified_time\" content=\"2025-10-16T08:53:27+00:00\" \/>\n<meta property=\"og:image\" content=\"https:\/\/ap.com.al\/wp-content\/uploads\/2022\/03\/Asset-51-1.png\" \/>\n<meta name=\"twitter:card\" content=\"summary_large_image\" \/>\n<meta name=\"twitter:label1\" content=\"Est. reading time\" \/>\n\t<meta name=\"twitter:data1\" content=\"1 minute\" \/>\n<script type=\"application\/ld+json\" class=\"yoast-schema-graph\">{\"@context\":\"https:\/\/schema.org\",\"@graph\":[{\"@type\":\"Organization\",\"@id\":\"https:\/\/ap.com.al\/#organization\",\"name\":\"Austria Preamix\",\"url\":\"https:\/\/ap.com.al\/\",\"sameAs\":[\"https:\/\/www.instagram.com\/austriapraemix\/\",\"https:\/\/www.facebook.com\/austriapraemiks\/\"],\"logo\":{\"@type\":\"ImageObject\",\"inLanguage\":\"en-US\",\"@id\":\"https:\/\/ap.com.al\/#\/schema\/logo\/image\/\",\"url\":\"https:\/\/ap.com.al\/wp-content\/uploads\/2022\/02\/AP-logo.png\",\"contentUrl\":\"https:\/\/ap.com.al\/wp-content\/uploads\/2022\/02\/AP-logo.png\",\"width\":3358,\"height\":1616,\"caption\":\"Austria Preamix\"},\"image\":{\"@id\":\"https:\/\/ap.com.al\/#\/schema\/logo\/image\/\"}},{\"@type\":\"WebSite\",\"@id\":\"https:\/\/ap.com.al\/#website\",\"url\":\"https:\/\/ap.com.al\/\",\"name\":\"Austria Praemix\",\"description\":\"\",\"publisher\":{\"@id\":\"https:\/\/ap.com.al\/#organization\"},\"potentialAction\":[{\"@type\":\"SearchAction\",\"target\":{\"@type\":\"EntryPoint\",\"urlTemplate\":\"https:\/\/ap.com.al\/?s={search_term_string}\"},\"query-input\":\"required name=search_term_string\"}],\"inLanguage\":\"en-US\"},{\"@type\":\"ImageObject\",\"inLanguage\":\"en-US\",\"@id\":\"https:\/\/ap.com.al\/?page_id=9720#primaryimage\",\"url\":\"https:\/\/ap.com.al\/wp-content\/uploads\/2022\/03\/Asset-51-1.png\",\"contentUrl\":\"https:\/\/ap.com.al\/wp-content\/uploads\/2022\/03\/Asset-51-1.png\",\"width\":355,\"height\":354},{\"@type\":\"WebPage\",\"@id\":\"https:\/\/ap.com.al\/?page_id=9720#webpage\",\"url\":\"https:\/\/ap.com.al\/?page_id=9720\",\"name\":\"K\u00ebshilla p\u00ebr silazh t\u00eb suksessh\u00ebm t\u00eb misrit - Austria Praemix\",\"isPartOf\":{\"@id\":\"https:\/\/ap.com.al\/#website\"},\"primaryImageOfPage\":{\"@id\":\"https:\/\/ap.com.al\/?page_id=9720#primaryimage\"},\"datePublished\":\"2025-10-16T08:53:26+00:00\",\"dateModified\":\"2025-10-16T08:53:27+00:00\",\"breadcrumb\":{\"@id\":\"https:\/\/ap.com.al\/?page_id=9720#breadcrumb\"},\"inLanguage\":\"en-US\",\"potentialAction\":[{\"@type\":\"ReadAction\",\"target\":[\"https:\/\/ap.com.al\/?page_id=9720\"]}]},{\"@type\":\"BreadcrumbList\",\"@id\":\"https:\/\/ap.com.al\/?page_id=9720#breadcrumb\",\"itemListElement\":[{\"@type\":\"ListItem\",\"position\":1,\"name\":\"Home\",\"item\":\"https:\/\/ap.com.al\/\"},{\"@type\":\"ListItem\",\"position\":2,\"name\":\"K\u00ebshilla p\u00ebr silazh t\u00eb suksessh\u00ebm t\u00eb misrit\"}]}]}<\/script>\n<!-- \/ Yoast SEO plugin. -->","yoast_head_json":{"title":"K\u00ebshilla p\u00ebr silazh t\u00eb suksessh\u00ebm t\u00eb misrit - Austria Praemix","robots":{"index":"index","follow":"follow","max-snippet":"max-snippet:-1","max-image-preview":"max-image-preview:large","max-video-preview":"max-video-preview:-1"},"canonical":"https:\/\/ap.com.al\/?page_id=9720","og_locale":"en_US","og_type":"article","og_title":"K\u00ebshilla p\u00ebr silazh t\u00eb suksessh\u00ebm t\u00eb misrit - Austria Praemix","og_description":"K\u00ebshilla p\u00ebr silazh t\u00eb suksessh\u00ebm t\u00eb misrit P\u00ebrpunuar nga Klevis Xhardja Faktor\u00eb t\u00eb ndrysh\u00ebm t\u00eb menaxhimit luajn\u00eb nj\u00eb rol ky\u00e7 n\u00eb suksesin e silazhit t\u00eb misrit. P\u00ebrve\u00e7 zgjedhjes s\u00eb aditivit t\u00eb duhur t\u00eb silazhit, ka aspekte t\u00eb tjera t\u00eb r\u00ebnd\u00ebsishme si koha e vjeljes, lart\u00ebsia e prerjes dhe gjat\u00ebsia e prerjes q\u00eb ia vlen t\u00eb [&hellip;]","og_url":"https:\/\/ap.com.al\/?page_id=9720","og_site_name":"Austria Praemix","article_publisher":"https:\/\/www.facebook.com\/austriapraemiks\/","article_modified_time":"2025-10-16T08:53:27+00:00","og_image":[{"url":"https:\/\/ap.com.al\/wp-content\/uploads\/2022\/03\/Asset-51-1.png"}],"twitter_card":"summary_large_image","twitter_misc":{"Est. reading time":"1 minute"},"schema":{"@context":"https:\/\/schema.org","@graph":[{"@type":"Organization","@id":"https:\/\/ap.com.al\/#organization","name":"Austria Preamix","url":"https:\/\/ap.com.al\/","sameAs":["https:\/\/www.instagram.com\/austriapraemix\/","https:\/\/www.facebook.com\/austriapraemiks\/"],"logo":{"@type":"ImageObject","inLanguage":"en-US","@id":"https:\/\/ap.com.al\/#\/schema\/logo\/image\/","url":"https:\/\/ap.com.al\/wp-content\/uploads\/2022\/02\/AP-logo.png","contentUrl":"https:\/\/ap.com.al\/wp-content\/uploads\/2022\/02\/AP-logo.png","width":3358,"height":1616,"caption":"Austria Preamix"},"image":{"@id":"https:\/\/ap.com.al\/#\/schema\/logo\/image\/"}},{"@type":"WebSite","@id":"https:\/\/ap.com.al\/#website","url":"https:\/\/ap.com.al\/","name":"Austria Praemix","description":"","publisher":{"@id":"https:\/\/ap.com.al\/#organization"},"potentialAction":[{"@type":"SearchAction","target":{"@type":"EntryPoint","urlTemplate":"https:\/\/ap.com.al\/?s={search_term_string}"},"query-input":"required name=search_term_string"}],"inLanguage":"en-US"},{"@type":"ImageObject","inLanguage":"en-US","@id":"https:\/\/ap.com.al\/?page_id=9720#primaryimage","url":"https:\/\/ap.com.al\/wp-content\/uploads\/2022\/03\/Asset-51-1.png","contentUrl":"https:\/\/ap.com.al\/wp-content\/uploads\/2022\/03\/Asset-51-1.png","width":355,"height":354},{"@type":"WebPage","@id":"https:\/\/ap.com.al\/?page_id=9720#webpage","url":"https:\/\/ap.com.al\/?page_id=9720","name":"K\u00ebshilla p\u00ebr silazh t\u00eb suksessh\u00ebm t\u00eb misrit - Austria Praemix","isPartOf":{"@id":"https:\/\/ap.com.al\/#website"},"primaryImageOfPage":{"@id":"https:\/\/ap.com.al\/?page_id=9720#primaryimage"},"datePublished":"2025-10-16T08:53:26+00:00","dateModified":"2025-10-16T08:53:27+00:00","breadcrumb":{"@id":"https:\/\/ap.com.al\/?page_id=9720#breadcrumb"},"inLanguage":"en-US","potentialAction":[{"@type":"ReadAction","target":["https:\/\/ap.com.al\/?page_id=9720"]}]},{"@type":"BreadcrumbList","@id":"https:\/\/ap.com.al\/?page_id=9720#breadcrumb","itemListElement":[{"@type":"ListItem","position":1,"name":"Home","item":"https:\/\/ap.com.al\/"},{"@type":"ListItem","position":2,"name":"K\u00ebshilla p\u00ebr silazh t\u00eb suksessh\u00ebm t\u00eb misrit"}]}]}},"_links":{"self":[{"href":"https:\/\/ap.com.al\/index.php?rest_route=\/wp\/v2\/pages\/9720","targetHints":{"allow":["GET"]}}],"collection":[{"href":"https:\/\/ap.com.al\/index.php?rest_route=\/wp\/v2\/pages"}],"about":[{"href":"https:\/\/ap.com.al\/index.php?rest_route=\/wp\/v2\/types\/page"}],"author":[{"embeddable":true,"href":"https:\/\/ap.com.al\/index.php?rest_route=\/wp\/v2\/users\/2"}],"replies":[{"embeddable":true,"href":"https:\/\/ap.com.al\/index.php?rest_route=%2Fwp%2Fv2%2Fcomments&post=9720"}],"version-history":[{"count":1,"href":"https:\/\/ap.com.al\/index.php?rest_route=\/wp\/v2\/pages\/9720\/revisions"}],"predecessor-version":[{"id":9728,"href":"https:\/\/ap.com.al\/index.php?rest_route=\/wp\/v2\/pages\/9720\/revisions\/9728"}],"wp:attachment":[{"href":"https:\/\/ap.com.al\/index.php?rest_route=%2Fwp%2Fv2%2Fmedia&parent=9720"}],"curies":[{"name":"wp","href":"https:\/\/api.w.org\/{rel}","templated":true}]}}