{"id":9731,"date":"2025-10-16T09:09:45","date_gmt":"2025-10-16T09:09:45","guid":{"rendered":"https:\/\/ap.com.al\/?page_id=9731"},"modified":"2025-10-16T09:13:47","modified_gmt":"2025-10-16T09:13:47","slug":"schaumalac-per-perfitim-maksimal-ne-prodhimin-e-gicave","status":"publish","type":"page","link":"https:\/\/ap.com.al\/?page_id=9731","title":{"rendered":"SchaumaLac p\u00ebr p\u00ebrfitim maksimal n\u00eb prodhimin e gicave"},"content":{"rendered":"\n<p><\/p>\n\n\n\n<p><\/p>\n\n\n\n<style>\n  #oniiii{\n    background-image:url(\"https:\/\/ap.com.al\/wp-content\/uploads\/2025\/09\/Artikull-banner-10.png\");\n    padding-bottom: 32%;\n    background-position:center left;\n    background-repeat: no-repeat;\n    background-size:cover;\n  }\n  <\/style>\n  <script src=\"https:\/\/code.jquery.com\/jquery-3.5.0.js\">\n<\/script>\n\n<div id=\"oniiii\"><\/div>\n \n<script>\n$( \"#oniiii\" ).insertBefore( \".container_wrap_first\" );\n<\/script>\n\n\n\n<div class=\"wp-block-columns\" id=\"containerr\">\n<div class=\"wp-block-column\">\n<div class=\"avia_textblock\" itemprop=\"text\"><h4 style=\"color:#005a8c;\n\">SchaumaLac p\u00ebr p\u00ebrfitim maksimal n\u00eb prodhimin e gicave<\/h4>\n<p align=\"right\">\n   P\u00ebrpunuar nga Klevis Xhardja\n<\/p>\n<\/div>\n<\/div>\n<\/div>\n\n\n\n<div class=\"wp-block-columns\" id=\"containerr\">\n<div class=\"wp-block-column\">\n<div class=\"detail__certificates-item-icon\">\n<img decoding=\"async\" alt=\"SCHAUMALAC M 70 \" src=\"https:\/\/ap.com.al\/wp-content\/uploads\/2022\/03\/Asset-54-1.png\">\n<\/div>\n<\/div>\n<\/div>\n\n\n\n<div class=\"wp-block-columns\" id=\"containerr\">\n<div class=\"wp-block-column\">\n<div class=\"blue_marker_list\">\n<p align=\"justify\" style=\"margin-bottom: 0;\">Niveli i performanc\u00ebs n\u00eb ferm\u00eb ende p\u00ebrcakton p\u00ebrfitimin e prodhimit t\u00eb gicave. N\u00eb fermat q\u00eb jan\u00eb rritur ndjesh\u00ebm me ndryshimin strukturor, \u00ebsht\u00eb e r\u00ebnd\u00ebsishme t&#8217;i kushtohet v\u00ebmendje e ve\u00e7ant\u00eb p\u00ebrfitimit p\u00ebr t\u00eb mbuluar financimin e jasht\u00ebm dhe kostot e pun\u00ebs (kostot e huaja t\u00eb pun\u00ebs). T\u00eb gjitha mund\u00ebsit\u00eb p\u00ebr t\u00eb rritur p\u00ebrfitimin duhet t\u00eb rishikohen dhe shfryt\u00ebzohen vazhdimisht. P\u00ebrve\u00e7 strehimit dhe menaxhimit t\u00eb pjelloris\u00eb, ushqimi i dosave luan nj\u00eb rol t\u00eb r\u00ebnd\u00ebsish\u00ebm.\nPerformanca e lart\u00eb e pjelljes dhe rritjes duhet gjithashtu t\u00eb &#8220;ushqehet&#8221;.\n<\/p>\n<h4 style=\"padding-top: 20px;\">SchaumaLac p\u00ebr dosat pjellore<\/h4>\n<p align=\"justify\" style=\"margin-bottom: 0;\">Ushqimi mineral SchaumaLac i sapo zhvilluar p\u00ebr dosat, me t\u00eb gjith\u00eb komponent\u00ebt e tyre t\u00eb performanc\u00ebs, \u00ebsht\u00eb p\u00ebrshtatur plot\u00ebsisht me k\u00ebrkesat e rritura n\u00eb fazat individuale t\u00eb prodhimit.\n&#8220;Inseminimi i suksessh\u00ebm \u00ebsht\u00eb ai q\u00eb ka r\u00ebnd\u00ebsi.&#8221; Gjat\u00eb sezonit t\u00eb \u00e7ift\u00ebzimit, \u00ebsht\u00eb e r\u00ebnd\u00ebsishme t\u00eb kalohet sa m\u00eb shpejt t\u00eb jet\u00eb e mundur nga &#8220;balanca e l\u00ebnd\u00ebve ushqyese dhe substancave aktive&#8221;, e cila \u00ebsht\u00eb mbingarkuar nga periudha e laktacionit, n\u00eb fekondim dhe implantim t\u00eb suksessh\u00ebm n\u00eb mit\u00ebr.\nP\u00ebrmbajtja e duhur  e vitaminave t\u00eb produkteve SchaumaLac me vitamin\u00eb A, vitamina B, vitamin\u00eb C, acid folik, niacin, etj. mbush shpejt boshll\u00ebqet n\u00eb rezervat e trupit dhe furnizon n\u00eb m\u00ebnyr\u00eb optimale t\u00eb gjitha organet e fertilitetit. Ashtu si suplementet e koordinuara t\u00eb mikroelementeve dhe aminoacideve.\n<\/p>\n<h4 style=\"padding-top: 20px;\">SchaumaLac gjat\u00eb barsm\u00ebris\u00eb<\/h4>\n<p align=\"justify\" style=\"margin-bottom: 0;\">N\u00eb faz\u00ebn pasuese t\u00eb barsm\u00ebris\u00eb, \u00ebsht\u00eb e r\u00ebnd\u00ebsishme q\u00eb zhvillimi optimal i fetusit t\u00eb mb\u00ebshtetet p\u00ebrmes nj\u00eb furnizimi t\u00eb duhur t\u00eb t\u00eb gjith\u00eb l\u00ebnd\u00ebve ushqyese dhe p\u00ebrb\u00ebr\u00ebsve aktiv\u00eb. Me konceptet e t\u00eb ushqyerit nga e kaluara, nuk mund t\u00eb arrihen rezultate t\u00eb pjelljes s\u00eb 11 ose m\u00eb shum\u00eb gicave t\u00eb lindur gjall\u00eb. K\u00ebto performanca mund t\u00eb arrihen p\u00ebrmes nj\u00eb furnizimi m\u00eb intensiv t\u00eb energjis\u00eb, ve\u00e7an\u00ebrisht kur jeni shtatz\u00ebn\u00eb, dhe nj\u00eb furnizim t\u00eb duhur t\u00eb p\u00ebrb\u00ebr\u00ebsve aktiv\u00eb n\u00ebp\u00ebrmjet ushqimit mineral SchaumaLac p\u00ebr dosat. Paketa e p\u00ebrb\u00ebr\u00ebsve aktiv\u00eb Aktiphos gjithashtu mb\u00ebshtet metabolizmin e energjis\u00eb.\nProbiotiku i ri Bonvital gjithashtu forcon metabolizmin e dos\u00ebs n\u00eb faz\u00ebn e fundit t\u00eb barsm\u00ebris\u00eb dhe stabilizon proceset e zorr\u00ebve &#8211; nj\u00eb faktor p\u00ebr nj\u00eb pjellje pa probleme dhe rrjedhimisht performanc\u00eb m\u00eb t\u00eb lart\u00eb t\u00eb rritjes. \n<\/p>\n<h4 style=\"padding-top: 20px;\">SchaumaLac gjat\u00eb laktacionit<\/h4>\n<p align=\"justify\" style=\"margin-bottom: 0;\">Gjat\u00eb periudh\u00ebs s\u00eb laktacionit, komponent\u00ebt e performanc\u00ebs s\u00eb produkteve SchaumaLac nd\u00ebrhyjn\u00eb n\u00eb proceset metabolike n\u00eb fushat e furnizimit me aminoacide, vitaminat dhe furnizimin me p\u00ebrb\u00ebr\u00ebs aktiv\u00eb.\nPlot\u00ebsimi i koordinuar i aminoacideve (me shtimin e lizin\u00ebs, metionin\u00ebs dhe treonin\u00ebs), vitaminizimi i synuar (me vitaminat A, D, E dhe kombinimin e vitaminave Aktiphos) dhe p\u00ebrb\u00ebr\u00ebsit aktiv\u00eb n\u00eb produktet SchaumaLac mb\u00ebshtesin n\u00eb m\u00ebnyr\u00eb t\u00eb q\u00ebndrueshme prodhimin e qum\u00ebshtit dhe n\u00eb k\u00ebt\u00eb m\u00ebnyr\u00eb rritjen e performanc\u00ebs .\nBonvital mb\u00ebshtet metabolizmin, p\u00ebrmir\u00ebson konvertimin e l\u00ebnd\u00ebve ushqyese dhe n\u00eb k\u00ebt\u00eb m\u00ebnyr\u00eb edhe prodhimin e qum\u00ebshtit. Rezultatet m\u00eb t\u00eb larta t\u00eb rritjes jan\u00eb rezultati. Por \u201cfaktori i sh\u00ebndetit\u201d i Bonvital gjithashtu luan nj\u00eb rol t\u00eb madh k\u00ebtu. Dosa t\u00eb sh\u00ebndetshme do t\u00eb thot\u00eb m\u00eb pak pun\u00eb veterinare dhe m\u00eb pak humbje gjat\u00eb rritjes.\nNj\u00eb diet\u00eb e &#8220;sh\u00ebndetshme&#8221; gjat\u00eb periudh\u00ebs s\u00eb laktacionit jo vet\u00ebm q\u00eb mb\u00ebshtet prodhimin e qum\u00ebshtit, por siguron q\u00eb gjendja e dos\u00ebs dhe rezervat e trupit t\u00eb mos mbingarkohen.\nMe SchaumaLac ZT 40 (p\u00ebr barsm\u00ebrin\u00eb) dhe SchaumaLac ZL 6o (p\u00ebr periudh\u00ebn e laktacionit) dosa kujdeset n\u00eb m\u00ebnyr\u00eb optimale n\u00eb t\u00eb gjitha fazat e prodhimit. Me produktet Schaumalac, p\u00ebrzierjet e p\u00ebrshtatura individualisht mund t\u00eb prodhohen p\u00ebr \u00e7do ferm\u00eb. Kjo krijon kushtet m\u00eb t\u00eb mira p\u00ebr performanc\u00eb t\u00eb lart\u00eb dhe rentabilitet n\u00eb prodhimin e derrave.\n<\/p>\n<\/div>\n<\/div>\n<\/div>\n\n\n\n<p><\/p>\n","protected":false},"excerpt":{"rendered":"<p>SchaumaLac p\u00ebr p\u00ebrfitim maksimal n\u00eb prodhimin e gicave P\u00ebrpunuar nga Klevis Xhardja Niveli i performanc\u00ebs n\u00eb ferm\u00eb ende p\u00ebrcakton p\u00ebrfitimin e prodhimit t\u00eb gicave. N\u00eb fermat q\u00eb jan\u00eb rritur ndjesh\u00ebm me ndryshimin strukturor, \u00ebsht\u00eb e r\u00ebnd\u00ebsishme t&#8217;i kushtohet v\u00ebmendje e ve\u00e7ant\u00eb p\u00ebrfitimit p\u00ebr t\u00eb mbuluar financimin e jasht\u00ebm dhe kostot e pun\u00ebs (kostot e huaja [&hellip;]<\/p>\n","protected":false},"author":2,"featured_media":0,"parent":0,"menu_order":0,"comment_status":"closed","ping_status":"closed","template":"","meta":{"inline_featured_image":false,"footnotes":""},"class_list":["post-9731","page","type-page","status-publish","hentry"],"yoast_head":"<!-- This site is optimized with the Yoast SEO plugin v18.9 - https:\/\/yoast.com\/wordpress\/plugins\/seo\/ -->\n<title>SchaumaLac p\u00ebr p\u00ebrfitim maksimal n\u00eb prodhimin e gicave - Austria Praemix<\/title>\n<meta name=\"robots\" content=\"index, follow, max-snippet:-1, max-image-preview:large, max-video-preview:-1\" \/>\n<link rel=\"canonical\" href=\"https:\/\/ap.com.al\/?page_id=9731\" \/>\n<meta property=\"og:locale\" content=\"en_US\" \/>\n<meta property=\"og:type\" content=\"article\" \/>\n<meta property=\"og:title\" content=\"SchaumaLac p\u00ebr p\u00ebrfitim maksimal n\u00eb prodhimin e gicave - Austria Praemix\" \/>\n<meta property=\"og:description\" content=\"SchaumaLac p\u00ebr p\u00ebrfitim maksimal n\u00eb prodhimin e gicave P\u00ebrpunuar nga Klevis Xhardja Niveli i performanc\u00ebs n\u00eb ferm\u00eb ende p\u00ebrcakton p\u00ebrfitimin e prodhimit t\u00eb gicave. N\u00eb fermat q\u00eb jan\u00eb rritur ndjesh\u00ebm me ndryshimin strukturor, \u00ebsht\u00eb e r\u00ebnd\u00ebsishme t&#8217;i kushtohet v\u00ebmendje e ve\u00e7ant\u00eb p\u00ebrfitimit p\u00ebr t\u00eb mbuluar financimin e jasht\u00ebm dhe kostot e pun\u00ebs (kostot e huaja [&hellip;]\" \/>\n<meta property=\"og:url\" content=\"https:\/\/ap.com.al\/?page_id=9731\" \/>\n<meta property=\"og:site_name\" content=\"Austria Praemix\" \/>\n<meta property=\"article:publisher\" content=\"https:\/\/www.facebook.com\/austriapraemiks\/\" \/>\n<meta property=\"article:modified_time\" content=\"2025-10-16T09:13:47+00:00\" \/>\n<meta property=\"og:image\" content=\"https:\/\/ap.com.al\/wp-content\/uploads\/2022\/03\/Asset-54-1.png\" \/>\n<meta name=\"twitter:card\" content=\"summary_large_image\" \/>\n<meta name=\"twitter:label1\" content=\"Est. reading time\" \/>\n\t<meta name=\"twitter:data1\" content=\"1 minute\" \/>\n<script type=\"application\/ld+json\" class=\"yoast-schema-graph\">{\"@context\":\"https:\/\/schema.org\",\"@graph\":[{\"@type\":\"Organization\",\"@id\":\"https:\/\/ap.com.al\/#organization\",\"name\":\"Austria Preamix\",\"url\":\"https:\/\/ap.com.al\/\",\"sameAs\":[\"https:\/\/www.instagram.com\/austriapraemix\/\",\"https:\/\/www.facebook.com\/austriapraemiks\/\"],\"logo\":{\"@type\":\"ImageObject\",\"inLanguage\":\"en-US\",\"@id\":\"https:\/\/ap.com.al\/#\/schema\/logo\/image\/\",\"url\":\"https:\/\/ap.com.al\/wp-content\/uploads\/2022\/02\/AP-logo.png\",\"contentUrl\":\"https:\/\/ap.com.al\/wp-content\/uploads\/2022\/02\/AP-logo.png\",\"width\":3358,\"height\":1616,\"caption\":\"Austria Preamix\"},\"image\":{\"@id\":\"https:\/\/ap.com.al\/#\/schema\/logo\/image\/\"}},{\"@type\":\"WebSite\",\"@id\":\"https:\/\/ap.com.al\/#website\",\"url\":\"https:\/\/ap.com.al\/\",\"name\":\"Austria Praemix\",\"description\":\"\",\"publisher\":{\"@id\":\"https:\/\/ap.com.al\/#organization\"},\"potentialAction\":[{\"@type\":\"SearchAction\",\"target\":{\"@type\":\"EntryPoint\",\"urlTemplate\":\"https:\/\/ap.com.al\/?s={search_term_string}\"},\"query-input\":\"required name=search_term_string\"}],\"inLanguage\":\"en-US\"},{\"@type\":\"ImageObject\",\"inLanguage\":\"en-US\",\"@id\":\"https:\/\/ap.com.al\/?page_id=9731#primaryimage\",\"url\":\"https:\/\/ap.com.al\/wp-content\/uploads\/2022\/03\/Asset-54-1.png\",\"contentUrl\":\"https:\/\/ap.com.al\/wp-content\/uploads\/2022\/03\/Asset-54-1.png\",\"width\":355,\"height\":354},{\"@type\":\"WebPage\",\"@id\":\"https:\/\/ap.com.al\/?page_id=9731#webpage\",\"url\":\"https:\/\/ap.com.al\/?page_id=9731\",\"name\":\"SchaumaLac p\u00ebr p\u00ebrfitim maksimal n\u00eb prodhimin e gicave - Austria Praemix\",\"isPartOf\":{\"@id\":\"https:\/\/ap.com.al\/#website\"},\"primaryImageOfPage\":{\"@id\":\"https:\/\/ap.com.al\/?page_id=9731#primaryimage\"},\"datePublished\":\"2025-10-16T09:09:45+00:00\",\"dateModified\":\"2025-10-16T09:13:47+00:00\",\"breadcrumb\":{\"@id\":\"https:\/\/ap.com.al\/?page_id=9731#breadcrumb\"},\"inLanguage\":\"en-US\",\"potentialAction\":[{\"@type\":\"ReadAction\",\"target\":[\"https:\/\/ap.com.al\/?page_id=9731\"]}]},{\"@type\":\"BreadcrumbList\",\"@id\":\"https:\/\/ap.com.al\/?page_id=9731#breadcrumb\",\"itemListElement\":[{\"@type\":\"ListItem\",\"position\":1,\"name\":\"Home\",\"item\":\"https:\/\/ap.com.al\/\"},{\"@type\":\"ListItem\",\"position\":2,\"name\":\"SchaumaLac p\u00ebr p\u00ebrfitim maksimal n\u00eb prodhimin e gicave\"}]}]}<\/script>\n<!-- \/ Yoast SEO plugin. -->","yoast_head_json":{"title":"SchaumaLac p\u00ebr p\u00ebrfitim maksimal n\u00eb prodhimin e gicave - Austria Praemix","robots":{"index":"index","follow":"follow","max-snippet":"max-snippet:-1","max-image-preview":"max-image-preview:large","max-video-preview":"max-video-preview:-1"},"canonical":"https:\/\/ap.com.al\/?page_id=9731","og_locale":"en_US","og_type":"article","og_title":"SchaumaLac p\u00ebr p\u00ebrfitim maksimal n\u00eb prodhimin e gicave - Austria Praemix","og_description":"SchaumaLac p\u00ebr p\u00ebrfitim maksimal n\u00eb prodhimin e gicave P\u00ebrpunuar nga Klevis Xhardja Niveli i performanc\u00ebs n\u00eb ferm\u00eb ende p\u00ebrcakton p\u00ebrfitimin e prodhimit t\u00eb gicave. N\u00eb fermat q\u00eb jan\u00eb rritur ndjesh\u00ebm me ndryshimin strukturor, \u00ebsht\u00eb e r\u00ebnd\u00ebsishme t&#8217;i kushtohet v\u00ebmendje e ve\u00e7ant\u00eb p\u00ebrfitimit p\u00ebr t\u00eb mbuluar financimin e jasht\u00ebm dhe kostot e pun\u00ebs (kostot e huaja [&hellip;]","og_url":"https:\/\/ap.com.al\/?page_id=9731","og_site_name":"Austria Praemix","article_publisher":"https:\/\/www.facebook.com\/austriapraemiks\/","article_modified_time":"2025-10-16T09:13:47+00:00","og_image":[{"url":"https:\/\/ap.com.al\/wp-content\/uploads\/2022\/03\/Asset-54-1.png"}],"twitter_card":"summary_large_image","twitter_misc":{"Est. reading time":"1 minute"},"schema":{"@context":"https:\/\/schema.org","@graph":[{"@type":"Organization","@id":"https:\/\/ap.com.al\/#organization","name":"Austria Preamix","url":"https:\/\/ap.com.al\/","sameAs":["https:\/\/www.instagram.com\/austriapraemix\/","https:\/\/www.facebook.com\/austriapraemiks\/"],"logo":{"@type":"ImageObject","inLanguage":"en-US","@id":"https:\/\/ap.com.al\/#\/schema\/logo\/image\/","url":"https:\/\/ap.com.al\/wp-content\/uploads\/2022\/02\/AP-logo.png","contentUrl":"https:\/\/ap.com.al\/wp-content\/uploads\/2022\/02\/AP-logo.png","width":3358,"height":1616,"caption":"Austria Preamix"},"image":{"@id":"https:\/\/ap.com.al\/#\/schema\/logo\/image\/"}},{"@type":"WebSite","@id":"https:\/\/ap.com.al\/#website","url":"https:\/\/ap.com.al\/","name":"Austria Praemix","description":"","publisher":{"@id":"https:\/\/ap.com.al\/#organization"},"potentialAction":[{"@type":"SearchAction","target":{"@type":"EntryPoint","urlTemplate":"https:\/\/ap.com.al\/?s={search_term_string}"},"query-input":"required name=search_term_string"}],"inLanguage":"en-US"},{"@type":"ImageObject","inLanguage":"en-US","@id":"https:\/\/ap.com.al\/?page_id=9731#primaryimage","url":"https:\/\/ap.com.al\/wp-content\/uploads\/2022\/03\/Asset-54-1.png","contentUrl":"https:\/\/ap.com.al\/wp-content\/uploads\/2022\/03\/Asset-54-1.png","width":355,"height":354},{"@type":"WebPage","@id":"https:\/\/ap.com.al\/?page_id=9731#webpage","url":"https:\/\/ap.com.al\/?page_id=9731","name":"SchaumaLac p\u00ebr p\u00ebrfitim maksimal n\u00eb prodhimin e gicave - Austria Praemix","isPartOf":{"@id":"https:\/\/ap.com.al\/#website"},"primaryImageOfPage":{"@id":"https:\/\/ap.com.al\/?page_id=9731#primaryimage"},"datePublished":"2025-10-16T09:09:45+00:00","dateModified":"2025-10-16T09:13:47+00:00","breadcrumb":{"@id":"https:\/\/ap.com.al\/?page_id=9731#breadcrumb"},"inLanguage":"en-US","potentialAction":[{"@type":"ReadAction","target":["https:\/\/ap.com.al\/?page_id=9731"]}]},{"@type":"BreadcrumbList","@id":"https:\/\/ap.com.al\/?page_id=9731#breadcrumb","itemListElement":[{"@type":"ListItem","position":1,"name":"Home","item":"https:\/\/ap.com.al\/"},{"@type":"ListItem","position":2,"name":"SchaumaLac p\u00ebr p\u00ebrfitim maksimal n\u00eb prodhimin e gicave"}]}]}},"_links":{"self":[{"href":"https:\/\/ap.com.al\/index.php?rest_route=\/wp\/v2\/pages\/9731","targetHints":{"allow":["GET"]}}],"collection":[{"href":"https:\/\/ap.com.al\/index.php?rest_route=\/wp\/v2\/pages"}],"about":[{"href":"https:\/\/ap.com.al\/index.php?rest_route=\/wp\/v2\/types\/page"}],"author":[{"embeddable":true,"href":"https:\/\/ap.com.al\/index.php?rest_route=\/wp\/v2\/users\/2"}],"replies":[{"embeddable":true,"href":"https:\/\/ap.com.al\/index.php?rest_route=%2Fwp%2Fv2%2Fcomments&post=9731"}],"version-history":[{"count":1,"href":"https:\/\/ap.com.al\/index.php?rest_route=\/wp\/v2\/pages\/9731\/revisions"}],"predecessor-version":[{"id":9732,"href":"https:\/\/ap.com.al\/index.php?rest_route=\/wp\/v2\/pages\/9731\/revisions\/9732"}],"wp:attachment":[{"href":"https:\/\/ap.com.al\/index.php?rest_route=%2Fwp%2Fv2%2Fmedia&parent=9731"}],"curies":[{"name":"wp","href":"https:\/\/api.w.org\/{rel}","templated":true}]}}