{"id":9735,"date":"2025-10-30T08:36:02","date_gmt":"2025-10-30T08:36:02","guid":{"rendered":"https:\/\/ap.com.al\/?page_id=9735"},"modified":"2025-10-30T08:36:03","modified_gmt":"2025-10-30T08:36:03","slug":"silazh-shume-me-i-shpejte-me-bonsilage-speed-m","status":"publish","type":"page","link":"https:\/\/ap.com.al\/?page_id=9735","title":{"rendered":"Silazh shum\u00eb m\u00eb i shpejt\u00eb me BONSILAGE SPEED M"},"content":{"rendered":"\n<style>\n  #oniiii{\n    background-image:url(\"https:\/\/ap.com.al\/wp-content\/uploads\/2025\/10\/Artikull-banner-14.png\");\n    padding-bottom: 32%;\n    background-position:center center;\n    background-repeat: no-repeat;\n    background-size:cover;\n  }\n  <\/style>\n  <script src=\"https:\/\/code.jquery.com\/jquery-3.5.0.js\">\n<\/script>\n\n<div id=\"oniiii\"><\/div>\n \n<script>\n$( \"#oniiii\" ).insertBefore( \".container_wrap_first\" );\n<\/script>\n\n\n\n<div class=\"wp-block-columns\" id=\"containerr\">\n<div class=\"wp-block-column\">\n<div class=\"avia_textblock\" itemprop=\"text\"><h4 style=\"color:#005a8c;\n\">Silazh shum\u00eb m\u00eb i shpejt\u00eb me BONSILAGE SPEED M<\/h4>\n<p align=\"right\">\n   P\u00ebrpunuar nga Klevis Xhardja\n<\/p>\n<\/div>\n<\/div>\n<\/div>\n\n\n\n<div class=\"wp-block-columns\" id=\"containerr\">\n<div class=\"wp-block-column\">\n<div class=\"detail__certificates-item-icon\">\n<img decoding=\"async\" alt=\"Icon RINDAMAST UNI\" src=\"https:\/\/ap.com.al\/wp-content\/uploads\/2022\/03\/Asset-51-1.png\">\n<\/div>\n<\/div>\n<\/div>\n\n\n\n<div class=\"wp-block-columns\" id=\"containerr\">\n<div class=\"wp-block-column\">\n<figure class=\"wp-block-image size-full\"><img loading=\"lazy\" decoding=\"async\" width=\"450\" height=\"338\" src=\"https:\/\/ap.com.al\/wp-content\/uploads\/2025\/10\/image-16.png\" alt=\"\" class=\"wp-image-9736\" srcset=\"https:\/\/ap.com.al\/wp-content\/uploads\/2025\/10\/image-16.png 450w, https:\/\/ap.com.al\/wp-content\/uploads\/2025\/10\/image-16-300x225.png 300w\" sizes=\"auto, (max-width: 450px) 100vw, 450px\" \/><\/figure>\n\n\n\n<div class=\"blue_marker_list\">\n<p align=\"justify\">Val\u00ebt e nxehta t\u00eb viteve t\u00eb fundit kan\u00eb nxitur fuqish\u00ebm rritjen e pakontrolluar t\u00eb majave dhe mykut, ve\u00e7an\u00ebrisht n\u00eb silazhin e misrit t\u00eb patrajtuar. Kjo u b\u00eb e qart\u00eb n\u00eb vler\u00ebsimin e Konkurrenc\u00ebs s\u00eb Silazhit (SWB) 2020 t\u00eb Dhom\u00ebs s\u00eb Bujq\u00ebsis\u00eb s\u00eb Saksonis\u00eb s\u00eb Ul\u00ebt. M\u00eb shum\u00eb se dy t\u00eb tretat e silazheve t\u00eb misrit pjes\u00ebmarr\u00ebs treguan vlera n\u00eb intervalin kritik prej m\u00eb shum\u00eb se 100,000 nj\u00ebsi formuese kolonish (CFU)\/g mas\u00eb e fresk\u00ebt (FM) dhe k\u00ebshtu shenja t\u00eb qarta t\u00eb prishjes. Vitet e m\u00ebparshme t\u00eb vler\u00ebsimit tregojn\u00eb gjithashtu k\u00ebt\u00eb rritje t\u00eb ndotjes s\u00eb majave dhe sugjerojn\u00eb nj\u00eb kontaminim duksh\u00ebm m\u00eb t\u00eb lart\u00eb n\u00eb bim\u00ebn e misrit (shih Figur\u00ebn 1).\n<\/p>\n<\/div>\n\n\n\n<figure class=\"wp-block-image size-full\"><img loading=\"lazy\" decoding=\"async\" width=\"631\" height=\"367\" src=\"https:\/\/ap.com.al\/wp-content\/uploads\/2025\/10\/image-17.png\" alt=\"\" class=\"wp-image-9737\" srcset=\"https:\/\/ap.com.al\/wp-content\/uploads\/2025\/10\/image-17.png 631w, https:\/\/ap.com.al\/wp-content\/uploads\/2025\/10\/image-17-300x174.png 300w, https:\/\/ap.com.al\/wp-content\/uploads\/2025\/10\/image-17-450x262.png 450w\" sizes=\"auto, (max-width: 631px) 100vw, 631px\" \/><\/figure>\n\n\n\n<div class=\"blue_marker_list\">\n<h4 style=\"padding-top: 20px;\">BONSILAGE SPEED M frenon majat q\u00eb n\u00eb fillim<\/h4>\n<p align=\"justify\">Lloji i baktereve t\u00eb acidit laktik Lactobacillus diolivorans q\u00eb p\u00ebrmbahet n\u00eb BONSILAGE SPEED M prodhon acid acetik shum\u00eb shpejt dhe k\u00ebshtu pengon p\u00ebrhapjen e majave dhe mykut brenda 14 dit\u00ebve t\u00eb para t\u00eb periudh\u00ebs s\u00eb fermentimit t\u00eb silazhit (shih Figur\u00ebn 2). Kjo do t\u00eb thot\u00eb q\u00eb silazhi i misrit t\u00eb trajtuar mund t\u00eb hapet pas vet\u00ebm 14 dit\u00ebsh. P\u00ebrve\u00e7 k\u00ebsaj, sasi m\u00eb t\u00eb m\u00ebdha t\u00eb acidit propionik formohen me rritjen e koh\u00ebs s\u00eb fermentimit t\u00eb silazhit. Acidi propionik ka nj\u00eb efekt ruajt\u00ebs dhe mb\u00ebshtet stabilitetin aerobik t\u00eb silazhit t\u00eb misrit t\u00eb hapur.\n<\/p>\n<\/div>\n\n\n\n<figure class=\"wp-block-image size-full\"><img loading=\"lazy\" decoding=\"async\" width=\"635\" height=\"352\" src=\"https:\/\/ap.com.al\/wp-content\/uploads\/2025\/10\/image-18.png\" alt=\"\" class=\"wp-image-9738\" srcset=\"https:\/\/ap.com.al\/wp-content\/uploads\/2025\/10\/image-18.png 635w, https:\/\/ap.com.al\/wp-content\/uploads\/2025\/10\/image-18-300x166.png 300w, https:\/\/ap.com.al\/wp-content\/uploads\/2025\/10\/image-18-450x249.png 450w\" sizes=\"auto, (max-width: 635px) 100vw, 635px\" \/><\/figure>\n\n\n\n<div class=\"blue_marker_list\">\n<h4 style=\"padding-top: 20px;\">Marrje m\u00eb e lart\u00eb e ushqimit p\u00ebrmes silazhit m\u00eb t\u00eb q\u00ebndruesh\u00ebm<\/h4>\n<p align=\"justify\">Majat dhe myku ulin cil\u00ebsin\u00eb higjienike t\u00eb silazhit t\u00eb misrit, zvog\u00eblojn\u00eb vler\u00ebn ushqyese p\u00ebr shkak t\u00eb humbjeve t\u00eb energjis\u00eb dhe l\u00ebnd\u00ebve ushqyese, dhe shkaktojn\u00eb rinxehje. Kjo \u00e7on n\u00eb zvog\u00eblimin e marrjes s\u00eb ushqimit me t\u00eb gjitha pasojat e lidhura, si ushqimi joadekuat p\u00ebr lop\u00ebt dhe reduktimi i performanc\u00ebs, t\u00eb cilat ndikojn\u00eb n\u00eb t\u00eb gjith\u00eb vitin e ardhsh\u00ebm t\u00eb ushqimit.\n<\/p>\n<h4 style=\"padding-top: 20px;\">Humbjet e silazhit kushtojn\u00eb para dhe r\u00ebndojn\u00eb bilancin e rrjedh\u00ebs s\u00eb materialit<\/h4>\n<p align=\"justify\">Humbjet prej 10-15% t\u00eb silazhit rrisin koston e nj\u00eb toni mesatar t\u00eb silazhit t\u00eb misrit me 4-6 \u20ac. Shpenzimet p\u00ebr trajtimin me aditiv\u00eb t\u00eb silazhit jan\u00eb maksimumi 1\/3 e k\u00ebsaj shume. T\u00eb gjitha humbjet e energjis\u00eb duhet t\u00eb kompensohen p\u00ebrmes ushqimit t\u00eb bler\u00eb. Kjo shpesh shoq\u00ebrohet me kosto m\u00eb t\u00eb larta dhe vendos nj\u00eb barr\u00eb shtes\u00eb n\u00eb bilancin e rrjedh\u00ebs materiale t\u00eb kompanis\u00eb. Prandaj, siguroni cil\u00ebsin\u00eb e silazhit tuaj t\u00eb misrit duke p\u00ebrdorur BONSILAGE SPEED M.\n<\/p>\n<\/div>\n<\/div>\n<\/div>\n\n\n\n<p><\/p>\n","protected":false},"excerpt":{"rendered":"<p>Silazh shum\u00eb m\u00eb i shpejt\u00eb me BONSILAGE SPEED M P\u00ebrpunuar nga Klevis Xhardja Val\u00ebt e nxehta t\u00eb viteve t\u00eb fundit kan\u00eb nxitur fuqish\u00ebm rritjen e pakontrolluar t\u00eb majave dhe mykut, ve\u00e7an\u00ebrisht n\u00eb silazhin e misrit t\u00eb patrajtuar. Kjo u b\u00eb e qart\u00eb n\u00eb vler\u00ebsimin e Konkurrenc\u00ebs s\u00eb Silazhit (SWB) 2020 t\u00eb Dhom\u00ebs s\u00eb Bujq\u00ebsis\u00eb s\u00eb [&hellip;]<\/p>\n","protected":false},"author":2,"featured_media":0,"parent":0,"menu_order":0,"comment_status":"closed","ping_status":"closed","template":"","meta":{"inline_featured_image":false,"footnotes":""},"class_list":["post-9735","page","type-page","status-publish","hentry"],"yoast_head":"<!-- This site is optimized with the Yoast SEO plugin v18.9 - https:\/\/yoast.com\/wordpress\/plugins\/seo\/ -->\n<title>Silazh shum\u00eb m\u00eb i shpejt\u00eb me BONSILAGE SPEED M - Austria Praemix<\/title>\n<meta name=\"robots\" content=\"index, follow, max-snippet:-1, max-image-preview:large, max-video-preview:-1\" \/>\n<link rel=\"canonical\" href=\"https:\/\/ap.com.al\/?page_id=9735\" \/>\n<meta property=\"og:locale\" content=\"en_US\" \/>\n<meta property=\"og:type\" content=\"article\" \/>\n<meta property=\"og:title\" content=\"Silazh shum\u00eb m\u00eb i shpejt\u00eb me BONSILAGE SPEED M - Austria Praemix\" \/>\n<meta property=\"og:description\" content=\"Silazh shum\u00eb m\u00eb i shpejt\u00eb me BONSILAGE SPEED M P\u00ebrpunuar nga Klevis Xhardja Val\u00ebt e nxehta t\u00eb viteve t\u00eb fundit kan\u00eb nxitur fuqish\u00ebm rritjen e pakontrolluar t\u00eb majave dhe mykut, ve\u00e7an\u00ebrisht n\u00eb silazhin e misrit t\u00eb patrajtuar. Kjo u b\u00eb e qart\u00eb n\u00eb vler\u00ebsimin e Konkurrenc\u00ebs s\u00eb Silazhit (SWB) 2020 t\u00eb Dhom\u00ebs s\u00eb Bujq\u00ebsis\u00eb s\u00eb [&hellip;]\" \/>\n<meta property=\"og:url\" content=\"https:\/\/ap.com.al\/?page_id=9735\" \/>\n<meta property=\"og:site_name\" content=\"Austria Praemix\" \/>\n<meta property=\"article:publisher\" content=\"https:\/\/www.facebook.com\/austriapraemiks\/\" \/>\n<meta property=\"article:modified_time\" content=\"2025-10-30T08:36:03+00:00\" \/>\n<meta property=\"og:image\" content=\"https:\/\/ap.com.al\/wp-content\/uploads\/2022\/03\/Asset-51-1.png\" \/>\n<meta name=\"twitter:card\" content=\"summary_large_image\" \/>\n<meta name=\"twitter:label1\" content=\"Est. reading time\" \/>\n\t<meta name=\"twitter:data1\" content=\"1 minute\" \/>\n<script type=\"application\/ld+json\" class=\"yoast-schema-graph\">{\"@context\":\"https:\/\/schema.org\",\"@graph\":[{\"@type\":\"Organization\",\"@id\":\"https:\/\/ap.com.al\/#organization\",\"name\":\"Austria Preamix\",\"url\":\"https:\/\/ap.com.al\/\",\"sameAs\":[\"https:\/\/www.instagram.com\/austriapraemix\/\",\"https:\/\/www.facebook.com\/austriapraemiks\/\"],\"logo\":{\"@type\":\"ImageObject\",\"inLanguage\":\"en-US\",\"@id\":\"https:\/\/ap.com.al\/#\/schema\/logo\/image\/\",\"url\":\"https:\/\/ap.com.al\/wp-content\/uploads\/2022\/02\/AP-logo.png\",\"contentUrl\":\"https:\/\/ap.com.al\/wp-content\/uploads\/2022\/02\/AP-logo.png\",\"width\":3358,\"height\":1616,\"caption\":\"Austria Preamix\"},\"image\":{\"@id\":\"https:\/\/ap.com.al\/#\/schema\/logo\/image\/\"}},{\"@type\":\"WebSite\",\"@id\":\"https:\/\/ap.com.al\/#website\",\"url\":\"https:\/\/ap.com.al\/\",\"name\":\"Austria Praemix\",\"description\":\"\",\"publisher\":{\"@id\":\"https:\/\/ap.com.al\/#organization\"},\"potentialAction\":[{\"@type\":\"SearchAction\",\"target\":{\"@type\":\"EntryPoint\",\"urlTemplate\":\"https:\/\/ap.com.al\/?s={search_term_string}\"},\"query-input\":\"required name=search_term_string\"}],\"inLanguage\":\"en-US\"},{\"@type\":\"ImageObject\",\"inLanguage\":\"en-US\",\"@id\":\"https:\/\/ap.com.al\/?page_id=9735#primaryimage\",\"url\":\"https:\/\/ap.com.al\/wp-content\/uploads\/2022\/03\/Asset-51-1.png\",\"contentUrl\":\"https:\/\/ap.com.al\/wp-content\/uploads\/2022\/03\/Asset-51-1.png\",\"width\":355,\"height\":354},{\"@type\":\"WebPage\",\"@id\":\"https:\/\/ap.com.al\/?page_id=9735#webpage\",\"url\":\"https:\/\/ap.com.al\/?page_id=9735\",\"name\":\"Silazh shum\u00eb m\u00eb i shpejt\u00eb me BONSILAGE SPEED M - Austria Praemix\",\"isPartOf\":{\"@id\":\"https:\/\/ap.com.al\/#website\"},\"primaryImageOfPage\":{\"@id\":\"https:\/\/ap.com.al\/?page_id=9735#primaryimage\"},\"datePublished\":\"2025-10-30T08:36:02+00:00\",\"dateModified\":\"2025-10-30T08:36:03+00:00\",\"breadcrumb\":{\"@id\":\"https:\/\/ap.com.al\/?page_id=9735#breadcrumb\"},\"inLanguage\":\"en-US\",\"potentialAction\":[{\"@type\":\"ReadAction\",\"target\":[\"https:\/\/ap.com.al\/?page_id=9735\"]}]},{\"@type\":\"BreadcrumbList\",\"@id\":\"https:\/\/ap.com.al\/?page_id=9735#breadcrumb\",\"itemListElement\":[{\"@type\":\"ListItem\",\"position\":1,\"name\":\"Home\",\"item\":\"https:\/\/ap.com.al\/\"},{\"@type\":\"ListItem\",\"position\":2,\"name\":\"Silazh shum\u00eb m\u00eb i shpejt\u00eb me BONSILAGE SPEED M\"}]}]}<\/script>\n<!-- \/ Yoast SEO plugin. -->","yoast_head_json":{"title":"Silazh shum\u00eb m\u00eb i shpejt\u00eb me BONSILAGE SPEED M - Austria Praemix","robots":{"index":"index","follow":"follow","max-snippet":"max-snippet:-1","max-image-preview":"max-image-preview:large","max-video-preview":"max-video-preview:-1"},"canonical":"https:\/\/ap.com.al\/?page_id=9735","og_locale":"en_US","og_type":"article","og_title":"Silazh shum\u00eb m\u00eb i shpejt\u00eb me BONSILAGE SPEED M - Austria Praemix","og_description":"Silazh shum\u00eb m\u00eb i shpejt\u00eb me BONSILAGE SPEED M P\u00ebrpunuar nga Klevis Xhardja Val\u00ebt e nxehta t\u00eb viteve t\u00eb fundit kan\u00eb nxitur fuqish\u00ebm rritjen e pakontrolluar t\u00eb majave dhe mykut, ve\u00e7an\u00ebrisht n\u00eb silazhin e misrit t\u00eb patrajtuar. Kjo u b\u00eb e qart\u00eb n\u00eb vler\u00ebsimin e Konkurrenc\u00ebs s\u00eb Silazhit (SWB) 2020 t\u00eb Dhom\u00ebs s\u00eb Bujq\u00ebsis\u00eb s\u00eb [&hellip;]","og_url":"https:\/\/ap.com.al\/?page_id=9735","og_site_name":"Austria Praemix","article_publisher":"https:\/\/www.facebook.com\/austriapraemiks\/","article_modified_time":"2025-10-30T08:36:03+00:00","og_image":[{"url":"https:\/\/ap.com.al\/wp-content\/uploads\/2022\/03\/Asset-51-1.png"}],"twitter_card":"summary_large_image","twitter_misc":{"Est. reading time":"1 minute"},"schema":{"@context":"https:\/\/schema.org","@graph":[{"@type":"Organization","@id":"https:\/\/ap.com.al\/#organization","name":"Austria Preamix","url":"https:\/\/ap.com.al\/","sameAs":["https:\/\/www.instagram.com\/austriapraemix\/","https:\/\/www.facebook.com\/austriapraemiks\/"],"logo":{"@type":"ImageObject","inLanguage":"en-US","@id":"https:\/\/ap.com.al\/#\/schema\/logo\/image\/","url":"https:\/\/ap.com.al\/wp-content\/uploads\/2022\/02\/AP-logo.png","contentUrl":"https:\/\/ap.com.al\/wp-content\/uploads\/2022\/02\/AP-logo.png","width":3358,"height":1616,"caption":"Austria Preamix"},"image":{"@id":"https:\/\/ap.com.al\/#\/schema\/logo\/image\/"}},{"@type":"WebSite","@id":"https:\/\/ap.com.al\/#website","url":"https:\/\/ap.com.al\/","name":"Austria Praemix","description":"","publisher":{"@id":"https:\/\/ap.com.al\/#organization"},"potentialAction":[{"@type":"SearchAction","target":{"@type":"EntryPoint","urlTemplate":"https:\/\/ap.com.al\/?s={search_term_string}"},"query-input":"required name=search_term_string"}],"inLanguage":"en-US"},{"@type":"ImageObject","inLanguage":"en-US","@id":"https:\/\/ap.com.al\/?page_id=9735#primaryimage","url":"https:\/\/ap.com.al\/wp-content\/uploads\/2022\/03\/Asset-51-1.png","contentUrl":"https:\/\/ap.com.al\/wp-content\/uploads\/2022\/03\/Asset-51-1.png","width":355,"height":354},{"@type":"WebPage","@id":"https:\/\/ap.com.al\/?page_id=9735#webpage","url":"https:\/\/ap.com.al\/?page_id=9735","name":"Silazh shum\u00eb m\u00eb i shpejt\u00eb me BONSILAGE SPEED M - Austria Praemix","isPartOf":{"@id":"https:\/\/ap.com.al\/#website"},"primaryImageOfPage":{"@id":"https:\/\/ap.com.al\/?page_id=9735#primaryimage"},"datePublished":"2025-10-30T08:36:02+00:00","dateModified":"2025-10-30T08:36:03+00:00","breadcrumb":{"@id":"https:\/\/ap.com.al\/?page_id=9735#breadcrumb"},"inLanguage":"en-US","potentialAction":[{"@type":"ReadAction","target":["https:\/\/ap.com.al\/?page_id=9735"]}]},{"@type":"BreadcrumbList","@id":"https:\/\/ap.com.al\/?page_id=9735#breadcrumb","itemListElement":[{"@type":"ListItem","position":1,"name":"Home","item":"https:\/\/ap.com.al\/"},{"@type":"ListItem","position":2,"name":"Silazh shum\u00eb m\u00eb i shpejt\u00eb me BONSILAGE SPEED M"}]}]}},"_links":{"self":[{"href":"https:\/\/ap.com.al\/index.php?rest_route=\/wp\/v2\/pages\/9735","targetHints":{"allow":["GET"]}}],"collection":[{"href":"https:\/\/ap.com.al\/index.php?rest_route=\/wp\/v2\/pages"}],"about":[{"href":"https:\/\/ap.com.al\/index.php?rest_route=\/wp\/v2\/types\/page"}],"author":[{"embeddable":true,"href":"https:\/\/ap.com.al\/index.php?rest_route=\/wp\/v2\/users\/2"}],"replies":[{"embeddable":true,"href":"https:\/\/ap.com.al\/index.php?rest_route=%2Fwp%2Fv2%2Fcomments&post=9735"}],"version-history":[{"count":1,"href":"https:\/\/ap.com.al\/index.php?rest_route=\/wp\/v2\/pages\/9735\/revisions"}],"predecessor-version":[{"id":9739,"href":"https:\/\/ap.com.al\/index.php?rest_route=\/wp\/v2\/pages\/9735\/revisions\/9739"}],"wp:attachment":[{"href":"https:\/\/ap.com.al\/index.php?rest_route=%2Fwp%2Fv2%2Fmedia&parent=9735"}],"curies":[{"name":"wp","href":"https:\/\/api.w.org\/{rel}","templated":true}]}}