{"id":9749,"date":"2025-11-11T09:05:09","date_gmt":"2025-11-11T09:05:09","guid":{"rendered":"https:\/\/ap.com.al\/?page_id=9749"},"modified":"2025-11-14T13:51:41","modified_gmt":"2025-11-14T13:51:41","slug":"menaxhimi-i-problemeve-riprodhuese-te-dosat","status":"publish","type":"page","link":"https:\/\/ap.com.al\/?page_id=9749","title":{"rendered":"Menaxhimi i problemeve riprodhuese te dosat"},"content":{"rendered":"\n<p><\/p>\n\n\n\n<p><\/p>\n\n\n\n<style>\n  #oniiii{\n    background-image:url(\"https:\/\/ap.com.al\/wp-content\/uploads\/2025\/11\/Artikull-banner-14.png\");\n    padding-bottom: 32%;\n    background-position:center left;\n    background-repeat: no-repeat;\n    background-size:cover;\n  }\n  <\/style>\n  <script src=\"https:\/\/code.jquery.com\/jquery-3.5.0.js\">\n<\/script>\n\n<div id=\"oniiii\"><\/div>\n \n<script>\n$( \"#oniiii\" ).insertBefore( \".container_wrap_first\" );\n<\/script>\n\n\n\n<div class=\"wp-block-columns\" id=\"containerr\">\n<div class=\"wp-block-column\">\n<div class=\"avia_textblock\" itemprop=\"text\"><h4 style=\"color:#005a8c;\n\">Menaxhimi i problemeve riprodhuese te dosat<\/h4>\n<p align=\"right\">\n   P\u00ebrpunuar nga Klevis Xhardja\n<\/p>\n<\/div>\n<\/div>\n<\/div>\n\n\n\n<div class=\"wp-block-columns\" id=\"containerr\">\n<div class=\"wp-block-column\">\n<div class=\"detail__certificates-item-icon\">\n<img decoding=\"async\" alt=\"SCHAUMALAC M 70 \" src=\"https:\/\/ap.com.al\/wp-content\/uploads\/2022\/03\/Asset-54-1.png\">\n<\/div>\n<\/div>\n<\/div>\n\n\n\n<div class=\"wp-block-columns\" id=\"containerr\">\n<div class=\"wp-block-column\">\n<figure class=\"wp-block-image size-full\"><img loading=\"lazy\" decoding=\"async\" width=\"669\" height=\"373\" src=\"https:\/\/ap.com.al\/wp-content\/uploads\/2025\/11\/image.png\" alt=\"\" class=\"wp-image-9750\" srcset=\"https:\/\/ap.com.al\/wp-content\/uploads\/2025\/11\/image.png 669w, https:\/\/ap.com.al\/wp-content\/uploads\/2025\/11\/image-300x167.png 300w, https:\/\/ap.com.al\/wp-content\/uploads\/2025\/11\/image-450x251.png 450w\" sizes=\"auto, (max-width: 669px) 100vw, 669px\" \/><\/figure>\n\n\n\n<div class=\"blue_marker_list\">\n<p align=\"justify\" style=\"margin-bottom: 0;\">Problemet riprodhuese n\u00eb tufat e dosave jan\u00eb t\u00eb shumta dhe shpesh t\u00eb nd\u00ebrlidhura me menaxhimin ushqimor, higjienik dhe riprodhues. Edhe n\u00eb kushtet kur ciklet e afshit jan\u00eb t\u00eb rregullta (\u00e7do 3 jav\u00eb, nga dita e 18-t\u00eb deri n\u00eb t\u00eb 23-t\u00ebn pas \u00e7ift\u00ebzimit), mund t\u00eb shfaqet rrjedhje purulente. Po ashtu, edhe n\u00eb rastet e cikleve t\u00eb parregullta \u2014 kur dosa hyn p\u00ebrs\u00ebri n\u00eb estrus pas 4\u20135 jav\u00ebsh ose m\u00eb von\u00eb \u2014 rrjedhja purulente mbetet e mundshme.\n\nDosat me afshe t\u00eb vona ose ato q\u00eb nuk hyjn\u00eb n\u00eb estrus 21 dit\u00eb pas \u00e7ift\u00ebzimit, pavar\u00ebsisht se ekzaminimi me ultratinguj konfirmon shtatz\u00ebnin\u00eb, shpesh humbasin shtatz\u00ebnin\u00eb mes jav\u00ebs s\u00eb 5-t\u00eb dhe t\u00eb 9-t\u00eb p\u00ebrmes abortit. N\u00eb k\u00ebto raste, rrjedhjet purulente jan\u00eb nj\u00eb shenj\u00eb e shpesht\u00eb. Probleme t\u00eb tjera t\u00eb lidhura p\u00ebrfshijn\u00eb lindje t\u00eb parakohshme apo t\u00eb vonuara dhe pjellje me komplikime obstetrike.\nDosat e reja preken ve\u00e7an\u00ebrisht nga mungesa e nxeht\u00ebsis\u00eb seksuale, madje q\u00eb para \u00e7ift\u00ebzimit t\u00eb par\u00eb, duke u shoq\u00ebruar shpesh me sekrecione purulente.\nK\u00ebto probleme, megjithat\u00eb, mund t\u00eb shmangen p\u00ebrmes menaxhimit t\u00eb kujdessh\u00ebm dhe praktikave t\u00eb rregullta higjieno-veterinare.\n<\/p>\n<h4 style=\"padding-top: 20px;\">Rekomandimet veterinare<\/h4>\n<p align=\"justify\" style=\"margin-bottom: 0;\">Nj\u00eb plan i q\u00ebndruesh\u00ebm vaksinimi \u00ebsht\u00eb baza p\u00ebr sh\u00ebndetin riprodhues t\u00eb tuf\u00ebs. Ai duhet hartuar n\u00eb bashk\u00ebpunim t\u00eb ngusht\u00eb me veterinerin dhe duhet t\u00eb shmang\u00eb \u00e7do boshll\u00ebk n\u00eb vaksinim.\nDosat dhe derrat duhet t\u00eb vaksinohen rregullisht kund\u00ebr Parvovirusit dhe Erizipel\u00ebs.\nDosat e reja nuk duhen harruar: imunizimi fillestar p\u00ebrfshin dy vaksinime ndaj Parvos dhe Erizipel\u00ebs, me nj\u00eb interval prej 4\u20136 jav\u00ebsh. Rivaksinimi duhet t\u00eb kryhet t\u00eb pakt\u00ebn dy her\u00eb n\u00eb vit.\n\nNj\u00eb tjet\u00ebr aspekt shpesh i neglizhuar \u00ebsht\u00eb kontrolli i parazit\u00ebve (krimba dhe marimanga e zgjeb\u00ebs). T\u00eb gjitha dosat dhe derrat duhet t\u00eb pastrohen nga parazit\u00ebt sa m\u00eb shpejt pas vendosjes n\u00eb ferm\u00eb dhe t\u00eb dehelmohen t\u00eb pakt\u00ebn tre her\u00eb n\u00eb vit.\n\nTrajtimi gjenital pas pjelljes nuk duhet t\u00eb kryhet rutin\u00eb, por vet\u00ebm n\u00eb rastet me:\n<\/p>\n<ul style=\"list-style-type: square; padding-left: 1em; margin-bottom: 0;\">\n<li>Nd\u00ebrhyrje obstetrike t\u00eb gjera<\/li>\n<li>Lindje t\u00eb vonuara me gica t\u00eb ngordhur ose t\u00eb infektuar<\/li>\n<li>Rritje t\u00eb dukshme t\u00eb rrjedhjes purulente (nj\u00eb lug\u00eb gjelle e plot\u00eb ose m\u00eb shum\u00eb)<\/li>\n<\/ul>\n<h4 style=\"padding-top: 20px;\">Rekomandimet ushqimore<\/h4>\n<p align=\"justify\" style=\"margin-bottom: 0;\">Ushqimi i mykur apo i prishur nuk ka vend n\u00eb grazhd \u2014 dosat jan\u00eb nd\u00ebr kafsh\u00ebt m\u00eb t\u00eb ndjeshme ndaj mikotoksinave.\n\nBalanca trupore gjat\u00eb barr\u00ebs \u00ebsht\u00eb thelb\u00ebsore:<\/p>\n<ul style=\"list-style-type: square; padding-left: 1em; margin-bottom: 0;\">\n<li>Dosat shum\u00eb t\u00eb sh\u00ebndosha ose shum\u00eb t\u00eb dob\u00ebta jan\u00eb n\u00eb rrezik t\u00eb lart\u00eb p\u00ebr komplikime.<\/li>\n<li>Ushqimi gjat\u00eb barr\u00ebs duhet t\u00eb jet\u00eb i maturuar (deri n\u00eb 180 kg pesh\u00eb trupore mjaftojn\u00eb 25 MJ\/dit\u00eb = 2\u20132,5 kg ushqim).<\/li>\n<li>Nga dita e 85-t\u00eb e barr\u00ebs: shtes\u00eb ushqimore prej 0,5 kg\/dit\u00eb.<\/li>\n<li>Gjat\u00eb laktacionit, ushqimi duhet t\u00eb ofrohet sipas numrit t\u00eb gicave \u2013 deri n\u00eb ngopje.<\/li>\n<li>Pas ndarjes nga pjella, vazhdohet me t\u00eb nj\u00ebjtin regjim si p\u00ebr dosat n\u00eb barr\u00eb t\u00eb vonshme.<\/li>\n<\/ul>\n<h4 style=\"padding-top: 20px;\">Tretshm\u00ebria e ushqimit \u00ebsht\u00eb nj\u00eb faktor ky\u00e7:<\/h4>\n<ul style=\"list-style-type: square; padding-left: 1em; margin-bottom: 0;\">\n<li>Te dosat me barr\u00eb: 60\u201370%,<\/li>\n<li>Te dosat n\u00eb laktacion: rreth 80%.<\/li>\n<\/ul>\n<h4 style=\"padding-top: 20px;\">P\u00ebr t\u00eb ruajtur kondicionin optimal:<\/h4>\n<ul style=\"list-style-type: square; padding-left: 1em; margin-bottom: 0;\">\n<li>Dosat gjat\u00eb barr\u00ebs duhet t\u00eb shtojn\u00eb pesh\u00eb: dosat e reja 50\u201360 kg, dosat e vjetra 35\u201340 kg.<\/li>\n<li>Humbja n\u00eb pesh\u00eb gjat\u00eb laktacionit nuk duhet t\u00eb kaloj\u00eb 15\u201320 kg.<\/li>\n<\/ul>\n<p align=\"justify\" style=\"margin-bottom: 0;\">Rekomandohet ushqimi me dy faza:\n<\/p>\n<ul style=\"list-style-type: square; padding-left: 1em; margin-bottom: 0;\">\n<li>Gjat\u00eb barr\u00ebs: ushqim me p\u00ebrmbajtje t\u00eb ul\u00ebt energjie (11 MJ),<\/li>\n<li>Gjat\u00eb laktacionit: ushqim me p\u00ebrmbajtje t\u00eb lart\u00eb energjie (13 MJ), mund\u00ebsisht me shtes\u00eb yndyre.\nDosat e reja duhet t\u00eb mbarsen vet\u00ebm pas arritjes s\u00eb 120 kg pesh\u00eb trupore dhe mosh\u00ebs 220\u2013240 dit\u00eb.\nKoh\u00ebzgjatja e laktacionit nuk duhet t\u00eb kaloj\u00eb 28 dit\u00eb.<\/li>\n<\/ul>\n<h4 style=\"padding-top: 20px;\">Rekomandimet e ekspertit t\u00eb fertilitetit<\/h4>\n<p align=\"justify\" style=\"margin-bottom: 0;\">Kontrollet e nxeht\u00ebsis\u00eb duhet t\u00eb kryhen dy her\u00eb n\u00eb dit\u00eb gjat\u00eb periudh\u00ebs s\u00eb pushimit n\u00eb stall\u00eb. Aktiviteti i tepruar shtyp refleksin e toleranc\u00ebs, ndaj dosat duhen v\u00ebzhguar n\u00eb qet\u00ebsi dhe ekspozuar pran\u00eb derrit p\u00ebr t\u00eb identifikuar sakt\u00eb fillimin e estrusit.\n\nGjat\u00eb estrusit kryesor v\u00ebzhgoni:\n<\/p>\n<ul style=\"list-style-type: square; padding-left: 1em; margin-bottom: 0;\">\n<li>Uljen e skuqjes dhe \u00ebnjtjes s\u00eb vulv\u00ebs,<\/li>\n<li>Mukusin pak t\u00eb turbullt dhe t\u00eb trash\u00eb.<\/li>\n<\/ul>\n<p align=\"justify\" style=\"margin-bottom: 0;\">Koha e \u00e7ift\u00ebzimit duhet t\u00eb planifikohet n\u00eb baz\u00eb t\u00eb k\u00ebtyre shenjave, pasi ovulacioni ndodh n\u00eb t\u00eb tret\u00ebn e fundit t\u00eb estrusit. \u00c7ift\u00ebzimi duhet t\u00eb kryhet 12 or\u00eb para dhe deri n\u00eb 4 or\u00eb pas ovulacionit.\n\nKujdes ndaj cil\u00ebsis\u00eb s\u00eb sperm\u00ebs: ajo d\u00ebmtohet nga temperaturat e larta (ethe), prania e parazit\u00ebve, ushqimi i prishur, kushtet e k\u00ebqija t\u00eb strehimit dhe p\u00ebrdorimi i tepruar i derrit (maksimumi 3 dosa\/jav\u00eb p\u00ebr derrat e rinj dhe 4 p\u00ebr t\u00eb vjetrit).\n\nGjat\u00eb inseminimit artificial, ndiqni k\u00ebto rregulla:\n<\/p>\n<ul style=\"list-style-type: square; padding-left: 1em; margin-bottom: 0;\">\n<li>Inseminoni vet\u00ebm gjat\u00eb periudh\u00ebs s\u00eb pushimit, me stimulim aktiv t\u00eb dos\u00ebs.<\/li>\n<li>P\u00ebrdorni pipet\u00eb funksionale, pa pluhur, dhe pastroni mir\u00eb qaf\u00ebn e mitr\u00ebs.<\/li>\n<li>Inseminimi duhet t\u00eb zgjas\u00eb t\u00eb pakt\u00ebn 3 minuta, duke stimuluar dos\u00ebn gjat\u00eb gjith\u00eb procesit.<\/li>\n<li>Mos e t\u00ebrhiqni menj\u00ebher\u00eb pipet\u00ebn<\/li>\n<\/ul>\n<p align=\"justify\" style=\"margin-bottom: 0;\">Semeni duhet t\u00eb ruhet n\u00eb 16\u201318\u00b0C, n\u00eb err\u00ebsir\u00eb, n\u00eb kuti polisteroli me monitorim t\u00eb temperatur\u00ebs. Me ruajtje optimale, ajo \u00ebsht\u00eb e p\u00ebrdorshme deri n\u00eb 3 dit\u00eb.\n<\/p>\n<h4 style=\"padding-top: 20px;\">Rekomandimet e ekspertit t\u00eb blegtoris\u00eb<\/h4>\n<p align=\"justify\" style=\"margin-bottom: 0;\">N\u00eb shum\u00eb ferma, dosat q\u00ebndrojn\u00eb n\u00eb temperatura shum\u00eb t\u00eb ul\u00ebta, \u00e7ka nxit infeksione t\u00eb traktit urinar dhe rrit shkall\u00ebn e rikthimit n\u00eb nxeht\u00ebsi. Stallat pa kasht\u00eb duhet t\u00eb ken\u00eb temperatur\u00eb minimale 20\u00b0C dhe t\u00eb jen\u00eb t\u00eb izoluara mir\u00eb.\n\nPas nd\u00ebrprerjes s\u00eb gjidh\u00ebnies, dosat duhet t\u00eb ken\u00eb mund\u00ebsi p\u00ebr l\u00ebvizje, pasi kjo stimulon estrusin. Qendrat e mbarsjes duhet t\u00eb jen\u00eb t\u00eb ndri\u00e7uara mir\u00eb, me intensitet minimal drite 250 luks (ose 100 luks gjat\u00eb dit\u00ebs me dritare q\u00eb z\u00ebn\u00eb t\u00eb pakt\u00ebn 1\/12 e dyshemes\u00eb s\u00eb stall\u00ebs).\n\nKontakti me derrin \u00ebsht\u00eb thelb\u00ebsor p\u00ebr nxitjen e afshit. Dosat duhet t\u00eb vendosen pran\u00eb derrave dhe t\u00eb zhvendosen n\u00eb qendr\u00ebn e mbarsjes menj\u00ebher\u00eb pas hyrjes n\u00eb estrus. Dosat e reja ose me origjin\u00eb t\u00eb panjohur duhet t\u00eb kalojn\u00eb fillimisht n\u00eb stall\u00eb karantine p\u00ebr monitorim.\n\nPast\u00ebrtia, masat e higjien\u00ebs dhe dezinfektimi sistematik jan\u00eb faktor\u00eb ky\u00e7 p\u00ebr ruajtjen e sh\u00ebndetit t\u00eb tuf\u00ebs dhe suksesin e prodhimit.\n<\/p>\n<\/div>\n<\/div>\n<\/div>\n\n\n\n<p><\/p>\n","protected":false},"excerpt":{"rendered":"<p>Menaxhimi i problemeve riprodhuese te dosat P\u00ebrpunuar nga Klevis Xhardja Problemet riprodhuese n\u00eb tufat e dosave jan\u00eb t\u00eb shumta dhe shpesh t\u00eb nd\u00ebrlidhura me menaxhimin ushqimor, higjienik dhe riprodhues. Edhe n\u00eb kushtet kur ciklet e afshit jan\u00eb t\u00eb rregullta (\u00e7do 3 jav\u00eb, nga dita e 18-t\u00eb deri n\u00eb t\u00eb 23-t\u00ebn pas \u00e7ift\u00ebzimit), mund t\u00eb shfaqet [&hellip;]<\/p>\n","protected":false},"author":2,"featured_media":0,"parent":0,"menu_order":0,"comment_status":"closed","ping_status":"closed","template":"","meta":{"inline_featured_image":false,"footnotes":""},"class_list":["post-9749","page","type-page","status-publish","hentry"],"yoast_head":"<!-- This site is optimized with the Yoast SEO plugin v18.9 - https:\/\/yoast.com\/wordpress\/plugins\/seo\/ -->\n<title>Menaxhimi i problemeve riprodhuese te dosat - Austria Praemix<\/title>\n<meta name=\"robots\" content=\"index, follow, max-snippet:-1, max-image-preview:large, max-video-preview:-1\" \/>\n<link rel=\"canonical\" href=\"https:\/\/ap.com.al\/?page_id=9749\" \/>\n<meta property=\"og:locale\" content=\"en_US\" \/>\n<meta property=\"og:type\" content=\"article\" \/>\n<meta property=\"og:title\" content=\"Menaxhimi i problemeve riprodhuese te dosat - Austria Praemix\" \/>\n<meta property=\"og:description\" content=\"Menaxhimi i problemeve riprodhuese te dosat P\u00ebrpunuar nga Klevis Xhardja Problemet riprodhuese n\u00eb tufat e dosave jan\u00eb t\u00eb shumta dhe shpesh t\u00eb nd\u00ebrlidhura me menaxhimin ushqimor, higjienik dhe riprodhues. Edhe n\u00eb kushtet kur ciklet e afshit jan\u00eb t\u00eb rregullta (\u00e7do 3 jav\u00eb, nga dita e 18-t\u00eb deri n\u00eb t\u00eb 23-t\u00ebn pas \u00e7ift\u00ebzimit), mund t\u00eb shfaqet [&hellip;]\" \/>\n<meta property=\"og:url\" content=\"https:\/\/ap.com.al\/?page_id=9749\" \/>\n<meta property=\"og:site_name\" content=\"Austria Praemix\" \/>\n<meta property=\"article:publisher\" content=\"https:\/\/www.facebook.com\/austriapraemiks\/\" \/>\n<meta property=\"article:modified_time\" content=\"2025-11-14T13:51:41+00:00\" \/>\n<meta property=\"og:image\" content=\"https:\/\/ap.com.al\/wp-content\/uploads\/2022\/03\/Asset-54-1.png\" \/>\n<meta name=\"twitter:card\" content=\"summary_large_image\" \/>\n<meta name=\"twitter:label1\" content=\"Est. reading time\" \/>\n\t<meta name=\"twitter:data1\" content=\"1 minute\" \/>\n<script type=\"application\/ld+json\" class=\"yoast-schema-graph\">{\"@context\":\"https:\/\/schema.org\",\"@graph\":[{\"@type\":\"Organization\",\"@id\":\"https:\/\/ap.com.al\/#organization\",\"name\":\"Austria Preamix\",\"url\":\"https:\/\/ap.com.al\/\",\"sameAs\":[\"https:\/\/www.instagram.com\/austriapraemix\/\",\"https:\/\/www.facebook.com\/austriapraemiks\/\"],\"logo\":{\"@type\":\"ImageObject\",\"inLanguage\":\"en-US\",\"@id\":\"https:\/\/ap.com.al\/#\/schema\/logo\/image\/\",\"url\":\"https:\/\/ap.com.al\/wp-content\/uploads\/2022\/02\/AP-logo.png\",\"contentUrl\":\"https:\/\/ap.com.al\/wp-content\/uploads\/2022\/02\/AP-logo.png\",\"width\":3358,\"height\":1616,\"caption\":\"Austria Preamix\"},\"image\":{\"@id\":\"https:\/\/ap.com.al\/#\/schema\/logo\/image\/\"}},{\"@type\":\"WebSite\",\"@id\":\"https:\/\/ap.com.al\/#website\",\"url\":\"https:\/\/ap.com.al\/\",\"name\":\"Austria Praemix\",\"description\":\"\",\"publisher\":{\"@id\":\"https:\/\/ap.com.al\/#organization\"},\"potentialAction\":[{\"@type\":\"SearchAction\",\"target\":{\"@type\":\"EntryPoint\",\"urlTemplate\":\"https:\/\/ap.com.al\/?s={search_term_string}\"},\"query-input\":\"required name=search_term_string\"}],\"inLanguage\":\"en-US\"},{\"@type\":\"ImageObject\",\"inLanguage\":\"en-US\",\"@id\":\"https:\/\/ap.com.al\/?page_id=9749#primaryimage\",\"url\":\"https:\/\/ap.com.al\/wp-content\/uploads\/2022\/03\/Asset-54-1.png\",\"contentUrl\":\"https:\/\/ap.com.al\/wp-content\/uploads\/2022\/03\/Asset-54-1.png\",\"width\":355,\"height\":354},{\"@type\":\"WebPage\",\"@id\":\"https:\/\/ap.com.al\/?page_id=9749#webpage\",\"url\":\"https:\/\/ap.com.al\/?page_id=9749\",\"name\":\"Menaxhimi i problemeve riprodhuese te dosat - Austria Praemix\",\"isPartOf\":{\"@id\":\"https:\/\/ap.com.al\/#website\"},\"primaryImageOfPage\":{\"@id\":\"https:\/\/ap.com.al\/?page_id=9749#primaryimage\"},\"datePublished\":\"2025-11-11T09:05:09+00:00\",\"dateModified\":\"2025-11-14T13:51:41+00:00\",\"breadcrumb\":{\"@id\":\"https:\/\/ap.com.al\/?page_id=9749#breadcrumb\"},\"inLanguage\":\"en-US\",\"potentialAction\":[{\"@type\":\"ReadAction\",\"target\":[\"https:\/\/ap.com.al\/?page_id=9749\"]}]},{\"@type\":\"BreadcrumbList\",\"@id\":\"https:\/\/ap.com.al\/?page_id=9749#breadcrumb\",\"itemListElement\":[{\"@type\":\"ListItem\",\"position\":1,\"name\":\"Home\",\"item\":\"https:\/\/ap.com.al\/\"},{\"@type\":\"ListItem\",\"position\":2,\"name\":\"Menaxhimi i problemeve riprodhuese te dosat\"}]}]}<\/script>\n<!-- \/ Yoast SEO plugin. -->","yoast_head_json":{"title":"Menaxhimi i problemeve riprodhuese te dosat - Austria Praemix","robots":{"index":"index","follow":"follow","max-snippet":"max-snippet:-1","max-image-preview":"max-image-preview:large","max-video-preview":"max-video-preview:-1"},"canonical":"https:\/\/ap.com.al\/?page_id=9749","og_locale":"en_US","og_type":"article","og_title":"Menaxhimi i problemeve riprodhuese te dosat - Austria Praemix","og_description":"Menaxhimi i problemeve riprodhuese te dosat P\u00ebrpunuar nga Klevis Xhardja Problemet riprodhuese n\u00eb tufat e dosave jan\u00eb t\u00eb shumta dhe shpesh t\u00eb nd\u00ebrlidhura me menaxhimin ushqimor, higjienik dhe riprodhues. Edhe n\u00eb kushtet kur ciklet e afshit jan\u00eb t\u00eb rregullta (\u00e7do 3 jav\u00eb, nga dita e 18-t\u00eb deri n\u00eb t\u00eb 23-t\u00ebn pas \u00e7ift\u00ebzimit), mund t\u00eb shfaqet [&hellip;]","og_url":"https:\/\/ap.com.al\/?page_id=9749","og_site_name":"Austria Praemix","article_publisher":"https:\/\/www.facebook.com\/austriapraemiks\/","article_modified_time":"2025-11-14T13:51:41+00:00","og_image":[{"url":"https:\/\/ap.com.al\/wp-content\/uploads\/2022\/03\/Asset-54-1.png"}],"twitter_card":"summary_large_image","twitter_misc":{"Est. reading time":"1 minute"},"schema":{"@context":"https:\/\/schema.org","@graph":[{"@type":"Organization","@id":"https:\/\/ap.com.al\/#organization","name":"Austria Preamix","url":"https:\/\/ap.com.al\/","sameAs":["https:\/\/www.instagram.com\/austriapraemix\/","https:\/\/www.facebook.com\/austriapraemiks\/"],"logo":{"@type":"ImageObject","inLanguage":"en-US","@id":"https:\/\/ap.com.al\/#\/schema\/logo\/image\/","url":"https:\/\/ap.com.al\/wp-content\/uploads\/2022\/02\/AP-logo.png","contentUrl":"https:\/\/ap.com.al\/wp-content\/uploads\/2022\/02\/AP-logo.png","width":3358,"height":1616,"caption":"Austria Preamix"},"image":{"@id":"https:\/\/ap.com.al\/#\/schema\/logo\/image\/"}},{"@type":"WebSite","@id":"https:\/\/ap.com.al\/#website","url":"https:\/\/ap.com.al\/","name":"Austria Praemix","description":"","publisher":{"@id":"https:\/\/ap.com.al\/#organization"},"potentialAction":[{"@type":"SearchAction","target":{"@type":"EntryPoint","urlTemplate":"https:\/\/ap.com.al\/?s={search_term_string}"},"query-input":"required name=search_term_string"}],"inLanguage":"en-US"},{"@type":"ImageObject","inLanguage":"en-US","@id":"https:\/\/ap.com.al\/?page_id=9749#primaryimage","url":"https:\/\/ap.com.al\/wp-content\/uploads\/2022\/03\/Asset-54-1.png","contentUrl":"https:\/\/ap.com.al\/wp-content\/uploads\/2022\/03\/Asset-54-1.png","width":355,"height":354},{"@type":"WebPage","@id":"https:\/\/ap.com.al\/?page_id=9749#webpage","url":"https:\/\/ap.com.al\/?page_id=9749","name":"Menaxhimi i problemeve riprodhuese te dosat - Austria Praemix","isPartOf":{"@id":"https:\/\/ap.com.al\/#website"},"primaryImageOfPage":{"@id":"https:\/\/ap.com.al\/?page_id=9749#primaryimage"},"datePublished":"2025-11-11T09:05:09+00:00","dateModified":"2025-11-14T13:51:41+00:00","breadcrumb":{"@id":"https:\/\/ap.com.al\/?page_id=9749#breadcrumb"},"inLanguage":"en-US","potentialAction":[{"@type":"ReadAction","target":["https:\/\/ap.com.al\/?page_id=9749"]}]},{"@type":"BreadcrumbList","@id":"https:\/\/ap.com.al\/?page_id=9749#breadcrumb","itemListElement":[{"@type":"ListItem","position":1,"name":"Home","item":"https:\/\/ap.com.al\/"},{"@type":"ListItem","position":2,"name":"Menaxhimi i problemeve riprodhuese te dosat"}]}]}},"_links":{"self":[{"href":"https:\/\/ap.com.al\/index.php?rest_route=\/wp\/v2\/pages\/9749","targetHints":{"allow":["GET"]}}],"collection":[{"href":"https:\/\/ap.com.al\/index.php?rest_route=\/wp\/v2\/pages"}],"about":[{"href":"https:\/\/ap.com.al\/index.php?rest_route=\/wp\/v2\/types\/page"}],"author":[{"embeddable":true,"href":"https:\/\/ap.com.al\/index.php?rest_route=\/wp\/v2\/users\/2"}],"replies":[{"embeddable":true,"href":"https:\/\/ap.com.al\/index.php?rest_route=%2Fwp%2Fv2%2Fcomments&post=9749"}],"version-history":[{"count":2,"href":"https:\/\/ap.com.al\/index.php?rest_route=\/wp\/v2\/pages\/9749\/revisions"}],"predecessor-version":[{"id":9790,"href":"https:\/\/ap.com.al\/index.php?rest_route=\/wp\/v2\/pages\/9749\/revisions\/9790"}],"wp:attachment":[{"href":"https:\/\/ap.com.al\/index.php?rest_route=%2Fwp%2Fv2%2Fmedia&parent=9749"}],"curies":[{"name":"wp","href":"https:\/\/api.w.org\/{rel}","templated":true}]}}