{"id":9752,"date":"2025-11-11T09:26:37","date_gmt":"2025-11-11T09:26:37","guid":{"rendered":"https:\/\/ap.com.al\/?page_id=9752"},"modified":"2025-11-14T13:52:03","modified_gmt":"2025-11-14T13:52:03","slug":"treonina-ne-majmerine-e-derrave","status":"publish","type":"page","link":"https:\/\/ap.com.al\/?page_id=9752","title":{"rendered":"Treonina n\u00eb majm\u00ebrin\u00eb e derrave"},"content":{"rendered":"\n<p><\/p>\n\n\n\n<p><\/p>\n\n\n\n<style>\n  #oniiii{\n    background-image:url(\"https:\/\/ap.com.al\/wp-content\/uploads\/2025\/11\/Artikull-banner-14.png\");\n    padding-bottom: 32%;\n    background-position:center left;\n    background-repeat: no-repeat;\n    background-size:cover;\n  }\n  <\/style>\n  <script src=\"https:\/\/code.jquery.com\/jquery-3.5.0.js\">\n<\/script>\n\n<div id=\"oniiii\"><\/div>\n \n<script>\n$( \"#oniiii\" ).insertBefore( \".container_wrap_first\" );\n<\/script>\n\n\n\n<div class=\"wp-block-columns\" id=\"containerr\">\n<div class=\"wp-block-column\">\n<div class=\"avia_textblock\" itemprop=\"text\"><h4 style=\"color:#005a8c;\n\">Treonina n\u00eb majm\u00ebrin\u00eb e derrave<\/h4>\n<p align=\"right\">\n   P\u00ebrpunuar nga Klevis Xhardja\n<\/p>\n<\/div>\n<\/div>\n<\/div>\n\n\n\n<div class=\"wp-block-columns\" id=\"containerr\">\n<div class=\"wp-block-column\">\n<div class=\"detail__certificates-item-icon\">\n<img decoding=\"async\" alt=\"SCHAUMALAC M 70 \" src=\"https:\/\/ap.com.al\/wp-content\/uploads\/2022\/03\/Asset-54-1.png\">\n<\/div>\n<\/div>\n<\/div>\n\n\n\n<div class=\"wp-block-columns\" id=\"containerr\">\n<div class=\"wp-block-column\">\n<div class=\"blue_marker_list\">\n<p align=\"justify\" style=\"margin-bottom: 0;\">Sot p\u00ebr krijimin e racionit n\u00eb ushqimin e derrave, shtohen aminoacidet lizina, metionina, treonina dhe triptofani si p\u00ebrb\u00ebr\u00ebs individual\u00eb n\u00eb nivele t\u00eb ndryshme. Nd\u00ebrsa t\u00eb 4 aminoacidet plot\u00ebsohen n\u00eb rritjen e derrave, vet\u00ebm shtimi i lizin\u00ebs \u00ebsht\u00eb i zakonsh\u00ebm n\u00eb ushqimin e dosave dhe majm\u00ebrin\u00eb e derrave. \u00c7far\u00eb roli luan treonina? \n<\/p>\n<p align=\"justify\" style=\"margin-bottom: 0;\">Me nivele t\u00eb reduktuara t\u00eb proteinave n\u00eb racionin e ushqimit dhe plot\u00ebsimin e lart\u00eb t\u00eb lizin\u00ebs n\u00eb t\u00eb nj\u00ebjt\u00ebn koh\u00eb, aminoacidet metionin\u00eb dhe treonin\u00eb mund t\u00eb b\u00ebhen nj\u00eb faktor i pak\u00ebt. Sipas &#8220;Liebig&#8217;sches Fass&#8221;, pavar\u00ebsisht furnizimit t\u00eb lart\u00eb t\u00eb lizin\u00ebs, lindin edhe boshll\u00ebqe t\u00eb l\u00ebnd\u00ebve ushqyese n\u00eb metabolizmin e proteinave me performanc\u00ebn p\u00ebrkat\u00ebse t\u00eb reduktuar.\nKjo k\u00ebrkese \u00ebsht\u00eb marr\u00eb tashm\u00eb n\u00eb konsiderat\u00eb n\u00eb gam\u00ebn e produkteve Schaumann p\u00ebr dosat dhe derrat e majm\u00ebris\u00eb. P\u00ebr shembull, kur dosat ushqehen me produktin kryesor foslaktina, p\u00ebrve\u00e7 lizin\u00ebs, plot\u00ebsohen n\u00eb nj\u00eb nivel t\u00eb lart\u00eb edhe metionina dhe treonina.\nP\u00ebrve\u00e7 lizin\u00ebs, edhe metionina p\u00ebrdoret p\u00ebrgjith\u00ebsisht n\u00eb majm\u00ebrin\u00eb e derrave N\u00eb zon\u00ebn e para-majm\u00ebris\u00eb, treonina plot\u00ebsohet gjithashtu n\u00ebp\u00ebrmjet ushqimit mineral Schaumann. Kjo merr parasysh plot\u00ebsisht r\u00ebnd\u00ebsin\u00eb e treonin\u00ebs, ve\u00e7an\u00ebrisht n\u00eb ushqimin e kafsh\u00ebve t\u00eb reja.\n<\/p>\n<h4 style=\"padding-top: 20px;\">Treonina n\u00eb faz\u00ebn e fundit t\u00eb majm\u00ebris\u00eb<\/h4>\n<p align=\"justify\" style=\"margin-bottom: 0;\">Koh\u00ebt e fundit \u00ebsht\u00eb diskutuar shum\u00eb p\u00ebr rolin e treonines, edhe n\u00eb faz\u00ebn e fundit t\u00eb majm\u00ebris\u00eb. R\u00ebnd\u00ebsia diskutohet shpesh p\u00ebr sa i p\u00ebrket p\u00ebrmbajtjes s\u00eb treonin\u00ebs n\u00eb raport me p\u00ebrmbajtjen e lizin\u00ebs. N\u00eb ushqimin m\u00eb t\u00eb p\u00ebrdorur p\u00ebr kafsh\u00ebt, kjo vler\u00eb \u00ebsht\u00eb midis 52 dhe 115% t\u00eb lizin\u00ebs (shih figur\u00ebn 1). Me nj\u00eb p\u00ebrpipilim racioni pa shtimin e lizin\u00ebs s\u00eb lir\u00eb, raporti ideal i d\u00ebshiruar prej 60 deri n\u00eb 70% do t\u00eb arrihej pothuajse gjithmon\u00eb.\nMe p\u00ebrmbajtjen e reduktuar t\u00eb proteinave n\u00eb ushqimin p\u00ebr majm\u00ebri q\u00eb \u00ebsht\u00eb e zakonshme sot (ekskretim i reduktuar i N, leht\u00ebsim metabolik, etj.), lizina duhet t\u00eb shtohet gjithmon\u00eb e para p\u00ebr furnizim optimal t\u00eb proteinave. Rezultati \u00ebsht\u00eb nj\u00eb raport kaq i pafavorsh\u00ebm i aminoacideve metionin\u00eb dhe treonin\u00eb, saq\u00eb me plot\u00ebsimin e lizin\u00ebs n\u00eb nj\u00eb nivel t\u00eb lart\u00eb, t\u00eb dy aminoacidet duhet t\u00eb plot\u00ebsohen gjithashtu n\u00eb faz\u00ebn e fundit t\u00eb majm\u00ebris\u00eb (krh. suksesi n\u00eb stall\u00eb 4\/2002).\nN\u00ebse treonina duhet t\u00eb plot\u00ebsohet n\u00eb nj\u00eb nivel prej 70% ose m\u00eb shum\u00eb nga lizina, kjo n\u00eb m\u00ebnyr\u00eb t\u00eb pashmangshme \u00e7on n\u00eb kosto m\u00eb t\u00eb larta t\u00eb ushqimit.\n<\/p>\n<h4 style=\"padding-top: 20px;\">Rezultatet me CCM<\/h4>\n<p align=\"justify\" style=\"margin-bottom: 0;\">P\u00ebr t\u00eb sqaruar \u00e7\u00ebshtjen e furnizimit optimal t\u00eb aminoacideve, p.sh. eksperimente t\u00eb ndryshme n\u00eb qendr\u00ebn k\u00ebrkimore Schaumann n\u00eb Huelsenberg. N\u00eb disa nga k\u00ebto eksperimente, shqyrtohet edhe \u00e7\u00ebshtja e furnizimit t\u00eb p\u00ebrshtatur t\u00eb treonin\u00ebs. Eksperimenti \u00ebsht\u00eb p\u00ebrshkruar n\u00eb figur\u00ebn 2.\nCCM-ja e p\u00ebrdorur vjen nga Saksonia e Poshtme dhe u sillua p\u00ebr nj\u00eb eksperiment silazhi n\u00eb Huelsenberg. N\u00eb eksperiment, racionet CCM p\u00ebrb\u00ebheshin nga nivele t\u00eb ndryshme t\u00eb furnizimit me treonin\u00eb. Me produktet standarde Bi-Phosforal VM-Special dhe Bi-Fosforal M-Special, u arrit nj\u00eb raport i lizin\u00ebs me treonin\u00ebn prej 100:64 si n\u00eb paramajm\u00ebri ashtu edhe n\u00eb faz\u00ebn e fundit t\u00eb majm\u00ebris\u00eb. N\u00eb grupin e 2-t\u00eb u punua me p\u00ebrmbajtje t\u00eb reduktuar t\u00eb treonin\u00ebs (60% e lizin\u00ebs).\nN\u00eb performanc\u00ebn e arritur t\u00eb majm\u00ebris\u00eb vihet re tendenca drejt nj\u00eb niveli pak m\u00eb t\u00eb lart\u00eb fitimi n\u00eb paramajm\u00ebrin\u00eb e grupit 1. Kjo gjithashtu mund t\u00eb shpjegoj\u00eb performanc\u00ebn disi m\u00eb t\u00eb mir\u00eb t\u00eb therjes s\u00eb k\u00ebtij grupi me 57.7% MPJ (shih Figur\u00ebn 3). \n<\/p>\n<\/div>\n\n\n\n<figure class=\"wp-block-image size-full\"><img loading=\"lazy\" decoding=\"async\" width=\"479\" height=\"240\" src=\"https:\/\/ap.com.al\/wp-content\/uploads\/2025\/11\/image-1.png\" alt=\"\" class=\"wp-image-9753\" srcset=\"https:\/\/ap.com.al\/wp-content\/uploads\/2025\/11\/image-1.png 479w, https:\/\/ap.com.al\/wp-content\/uploads\/2025\/11\/image-1-300x150.png 300w, https:\/\/ap.com.al\/wp-content\/uploads\/2025\/11\/image-1-450x225.png 450w\" sizes=\"auto, (max-width: 479px) 100vw, 479px\" \/><\/figure>\n\n\n\n<figure class=\"wp-block-image size-full\"><img loading=\"lazy\" decoding=\"async\" width=\"529\" height=\"134\" src=\"https:\/\/ap.com.al\/wp-content\/uploads\/2025\/11\/image-2.png\" alt=\"\" class=\"wp-image-9754\" srcset=\"https:\/\/ap.com.al\/wp-content\/uploads\/2025\/11\/image-2.png 529w, https:\/\/ap.com.al\/wp-content\/uploads\/2025\/11\/image-2-300x76.png 300w, https:\/\/ap.com.al\/wp-content\/uploads\/2025\/11\/image-2-450x114.png 450w\" sizes=\"auto, (max-width: 529px) 100vw, 529px\" \/><\/figure>\n\n\n\n<div class=\"blue_marker_list\">\n<h4 style=\"padding-top: 20px;\">Shfryt\u00ebzojeni potencialin e performanc\u00ebs<\/h4>\n<p align=\"justify\" style=\"margin-bottom: 0;\">N\u00eb p\u00ebrgjith\u00ebsi u arrit nj\u00eb rezultat optimal i majm\u00ebris\u00eb me nj\u00eb rritje prej gati 1000 g dhe nj\u00eb raport mesatar t\u00eb konvertimit t\u00eb ushqimit prej 1:2.67 (bazuar n\u00eb 88% DM) &#8211; me shfryt\u00ebzim t\u00eb lart\u00eb t\u00eb potencialit t\u00eb rritjes s\u00eb produkteve p\u00ebrfundimtare Euroc, gjithashtu n\u00eb faz\u00ebn e fundit t\u00eb majm\u00ebris\u00eb.\nKy ka rezultat ka konfirmuar se raporti lizin\u00eb-treonin\u00eb prej 6 deri n\u00eb 65% q\u00eb \u00ebsht\u00eb i njohur n\u00eb produktet Schaumann \u00ebsht\u00eb gjithashtu i mjaftuesh\u00ebm p\u00ebr performanc\u00ebn t\u00eb lart\u00eb n\u00eb praktike.  Me sa duket, furnizimi absolut i treonin\u00ebs \u00ebsht\u00eb m\u00eb i r\u00ebnd\u00ebsish\u00ebm.\nP\u00ebr t\u00eb p\u00ebrcaktuar standardet e reja t\u00eb k\u00ebrkesave t\u00eb DLG, minerali p\u00ebr majm\u00ebri u z\u00ebvend\u00ebsua n\u00eb t\u00eb dy racionet nga ushqimi mineral i faz\u00ebs s\u00eb fundit t\u00eb majm\u00ebris\u00eb Bi-Phosforal M-Special.\n<\/p>\n<h4 style=\"padding-top: 20px;\">Rezultatet e eksperimentit<\/h4>\n<p align=\"justify\" style=\"margin-bottom: 0;\">Rezultatet e eksperimentit n\u00eb Figur\u00ebn 4 konfirmojn\u00eb k\u00ebrkimet e m\u00ebparshme mbi performanc\u00ebn e p\u00ebrdorimit t\u00eb bizeleve. Grupi i ushqyer me bizele arriti nj\u00eb nivel t\u00eb mir\u00eb fitimi me nj\u00eb fitim ditor prej 891 g. Grupi i kontrollit ishte 23 g m\u00eb i lart\u00eb me nj\u00eb rritje ditore prej 914 g. P\u00ebrqindja e mishit pa dhjam\u00eb n\u00eb grupin e eksperimentit arriti nj\u00eb nivel shum\u00eb t\u00eb mir\u00eb prej 57.3% krahasuar me 56.0% n\u00eb grupin e kontrollit. Raporti i konvertimit t\u00eb ushqimit t\u00eb grupit t\u00eb bizeleve me 1:2.90 dhe grupit t\u00eb kontrollit me 1:2.87 ishin n\u00eb t\u00eb nj\u00ebjtin nivel.\n<\/p>\n<h4 style=\"padding-top: 20px;\">Shuma e lart\u00eb e mbulimit<\/h4>\n<p align=\"justify\" style=\"margin-bottom: 0;\">N\u00ebse shikoni p\u00ebrllogaritjen e marzhit t\u00eb kontributit, mund t\u00eb shihen rezultate t\u00eb mira p\u00ebr t\u00eb dy grupet n\u00eb situatat e dh\u00ebna t\u00eb \u00e7mimeve. N\u00eb fund t\u00eb testit, grupi i bizeles kishte nj\u00eb marzh kontributi q\u00eb ishte 3.72 \u20ac m\u00eb i lart\u00eb se ai i grupit t\u00eb kontrollit. \u00c7mimi maksimal q\u00eb mund t\u00eb shpenzohet p\u00ebr bizelet mund t\u00eb llogaritet leht\u00ebsisht nga analiza e t\u00eb ardhurave dhe kostos. Me 18,26 \u20ac\/100 kg, \u00e7mimi maksimal i llogaritur i bizeles \u00ebsht\u00eb shum\u00eb m\u00eb i lart\u00eb se \u00e7mimet aktuale t\u00eb tregut.\nKy test tashm\u00eb d\u00ebshmon nivelin e lart\u00eb t\u00eb performanc\u00ebs s\u00eb t\u00eb dy grupeve kur p\u00ebrdorin nj\u00eb ushqim mineral Schaumann p\u00ebr paramajm\u00ebrin\u00eb dhe faz\u00ebn e fundit t\u00eb majm\u00ebris\u00eb.  Megjithat\u00eb, p\u00ebr t\u00eb arritur performanc\u00ebn maksimale absolute me p\u00ebrdorimin edhe m\u00eb intensiv t\u00eb bizeleve n\u00eb ushqimin e derrave p\u00ebr majm\u00ebri, k\u00ebrkohet nj\u00eb ushqim i ve\u00e7ant\u00eb mineral p\u00ebr bishtajoret me drith\u00ebra q\u00eb mbyll n\u00eb m\u00ebnyr\u00eb optimale boshll\u00ebqet e vogla n\u00eb furnizimin me aminoacide. Nj\u00eb num\u00ebr produktesh speciale Schaummann jan\u00eb n\u00eb dispozicion p\u00ebr k\u00ebt\u00eb q\u00ebllim. Megjithat\u00eb, rezultatet e eksperimentit t\u00eb t\u00eb ushqyerit tregojn\u00eb se nj\u00eb p\u00ebrqindje e moderuar e bizeleve n\u00eb majm\u00ebrin\u00eb e derrit mund t\u00eb \u00e7oj\u00eb n\u00eb nj\u00eb nivel t\u00eb mir\u00eb t\u00eb performanc\u00ebs.\n<\/p>\n<\/div>\n\n\n\n<figure class=\"wp-block-image size-full\"><img loading=\"lazy\" decoding=\"async\" width=\"365\" height=\"224\" src=\"https:\/\/ap.com.al\/wp-content\/uploads\/2025\/11\/image-3.png\" alt=\"\" class=\"wp-image-9755\" srcset=\"https:\/\/ap.com.al\/wp-content\/uploads\/2025\/11\/image-3.png 365w, https:\/\/ap.com.al\/wp-content\/uploads\/2025\/11\/image-3-300x184.png 300w\" sizes=\"auto, (max-width: 365px) 100vw, 365px\" \/><\/figure>\n<\/div>\n<\/div>\n\n\n\n<p><\/p>\n","protected":false},"excerpt":{"rendered":"<p>Treonina n\u00eb majm\u00ebrin\u00eb e derrave P\u00ebrpunuar nga Klevis Xhardja Sot p\u00ebr krijimin e racionit n\u00eb ushqimin e derrave, shtohen aminoacidet lizina, metionina, treonina dhe triptofani si p\u00ebrb\u00ebr\u00ebs individual\u00eb n\u00eb nivele t\u00eb ndryshme. Nd\u00ebrsa t\u00eb 4 aminoacidet plot\u00ebsohen n\u00eb rritjen e derrave, vet\u00ebm shtimi i lizin\u00ebs \u00ebsht\u00eb i zakonsh\u00ebm n\u00eb ushqimin e dosave dhe majm\u00ebrin\u00eb e [&hellip;]<\/p>\n","protected":false},"author":2,"featured_media":0,"parent":0,"menu_order":0,"comment_status":"closed","ping_status":"closed","template":"","meta":{"inline_featured_image":false,"footnotes":""},"class_list":["post-9752","page","type-page","status-publish","hentry"],"yoast_head":"<!-- This site is optimized with the Yoast SEO plugin v18.9 - https:\/\/yoast.com\/wordpress\/plugins\/seo\/ -->\n<title>Treonina n\u00eb majm\u00ebrin\u00eb e derrave - Austria Praemix<\/title>\n<meta name=\"robots\" content=\"index, follow, max-snippet:-1, max-image-preview:large, max-video-preview:-1\" \/>\n<link rel=\"canonical\" href=\"https:\/\/ap.com.al\/?page_id=9752\" \/>\n<meta property=\"og:locale\" content=\"en_US\" \/>\n<meta property=\"og:type\" content=\"article\" \/>\n<meta property=\"og:title\" content=\"Treonina n\u00eb majm\u00ebrin\u00eb e derrave - Austria Praemix\" \/>\n<meta property=\"og:description\" content=\"Treonina n\u00eb majm\u00ebrin\u00eb e derrave P\u00ebrpunuar nga Klevis Xhardja Sot p\u00ebr krijimin e racionit n\u00eb ushqimin e derrave, shtohen aminoacidet lizina, metionina, treonina dhe triptofani si p\u00ebrb\u00ebr\u00ebs individual\u00eb n\u00eb nivele t\u00eb ndryshme. Nd\u00ebrsa t\u00eb 4 aminoacidet plot\u00ebsohen n\u00eb rritjen e derrave, vet\u00ebm shtimi i lizin\u00ebs \u00ebsht\u00eb i zakonsh\u00ebm n\u00eb ushqimin e dosave dhe majm\u00ebrin\u00eb e [&hellip;]\" \/>\n<meta property=\"og:url\" content=\"https:\/\/ap.com.al\/?page_id=9752\" \/>\n<meta property=\"og:site_name\" content=\"Austria Praemix\" \/>\n<meta property=\"article:publisher\" content=\"https:\/\/www.facebook.com\/austriapraemiks\/\" \/>\n<meta property=\"article:modified_time\" content=\"2025-11-14T13:52:03+00:00\" \/>\n<meta property=\"og:image\" content=\"https:\/\/ap.com.al\/wp-content\/uploads\/2022\/03\/Asset-54-1.png\" \/>\n<meta name=\"twitter:card\" content=\"summary_large_image\" \/>\n<meta name=\"twitter:label1\" content=\"Est. reading time\" \/>\n\t<meta name=\"twitter:data1\" content=\"1 minute\" \/>\n<script type=\"application\/ld+json\" class=\"yoast-schema-graph\">{\"@context\":\"https:\/\/schema.org\",\"@graph\":[{\"@type\":\"Organization\",\"@id\":\"https:\/\/ap.com.al\/#organization\",\"name\":\"Austria Preamix\",\"url\":\"https:\/\/ap.com.al\/\",\"sameAs\":[\"https:\/\/www.instagram.com\/austriapraemix\/\",\"https:\/\/www.facebook.com\/austriapraemiks\/\"],\"logo\":{\"@type\":\"ImageObject\",\"inLanguage\":\"en-US\",\"@id\":\"https:\/\/ap.com.al\/#\/schema\/logo\/image\/\",\"url\":\"https:\/\/ap.com.al\/wp-content\/uploads\/2022\/02\/AP-logo.png\",\"contentUrl\":\"https:\/\/ap.com.al\/wp-content\/uploads\/2022\/02\/AP-logo.png\",\"width\":3358,\"height\":1616,\"caption\":\"Austria Preamix\"},\"image\":{\"@id\":\"https:\/\/ap.com.al\/#\/schema\/logo\/image\/\"}},{\"@type\":\"WebSite\",\"@id\":\"https:\/\/ap.com.al\/#website\",\"url\":\"https:\/\/ap.com.al\/\",\"name\":\"Austria Praemix\",\"description\":\"\",\"publisher\":{\"@id\":\"https:\/\/ap.com.al\/#organization\"},\"potentialAction\":[{\"@type\":\"SearchAction\",\"target\":{\"@type\":\"EntryPoint\",\"urlTemplate\":\"https:\/\/ap.com.al\/?s={search_term_string}\"},\"query-input\":\"required name=search_term_string\"}],\"inLanguage\":\"en-US\"},{\"@type\":\"ImageObject\",\"inLanguage\":\"en-US\",\"@id\":\"https:\/\/ap.com.al\/?page_id=9752#primaryimage\",\"url\":\"https:\/\/ap.com.al\/wp-content\/uploads\/2022\/03\/Asset-54-1.png\",\"contentUrl\":\"https:\/\/ap.com.al\/wp-content\/uploads\/2022\/03\/Asset-54-1.png\",\"width\":355,\"height\":354},{\"@type\":\"WebPage\",\"@id\":\"https:\/\/ap.com.al\/?page_id=9752#webpage\",\"url\":\"https:\/\/ap.com.al\/?page_id=9752\",\"name\":\"Treonina n\u00eb majm\u00ebrin\u00eb e derrave - Austria Praemix\",\"isPartOf\":{\"@id\":\"https:\/\/ap.com.al\/#website\"},\"primaryImageOfPage\":{\"@id\":\"https:\/\/ap.com.al\/?page_id=9752#primaryimage\"},\"datePublished\":\"2025-11-11T09:26:37+00:00\",\"dateModified\":\"2025-11-14T13:52:03+00:00\",\"breadcrumb\":{\"@id\":\"https:\/\/ap.com.al\/?page_id=9752#breadcrumb\"},\"inLanguage\":\"en-US\",\"potentialAction\":[{\"@type\":\"ReadAction\",\"target\":[\"https:\/\/ap.com.al\/?page_id=9752\"]}]},{\"@type\":\"BreadcrumbList\",\"@id\":\"https:\/\/ap.com.al\/?page_id=9752#breadcrumb\",\"itemListElement\":[{\"@type\":\"ListItem\",\"position\":1,\"name\":\"Home\",\"item\":\"https:\/\/ap.com.al\/\"},{\"@type\":\"ListItem\",\"position\":2,\"name\":\"Treonina n\u00eb majm\u00ebrin\u00eb e derrave\"}]}]}<\/script>\n<!-- \/ Yoast SEO plugin. -->","yoast_head_json":{"title":"Treonina n\u00eb majm\u00ebrin\u00eb e derrave - Austria Praemix","robots":{"index":"index","follow":"follow","max-snippet":"max-snippet:-1","max-image-preview":"max-image-preview:large","max-video-preview":"max-video-preview:-1"},"canonical":"https:\/\/ap.com.al\/?page_id=9752","og_locale":"en_US","og_type":"article","og_title":"Treonina n\u00eb majm\u00ebrin\u00eb e derrave - Austria Praemix","og_description":"Treonina n\u00eb majm\u00ebrin\u00eb e derrave P\u00ebrpunuar nga Klevis Xhardja Sot p\u00ebr krijimin e racionit n\u00eb ushqimin e derrave, shtohen aminoacidet lizina, metionina, treonina dhe triptofani si p\u00ebrb\u00ebr\u00ebs individual\u00eb n\u00eb nivele t\u00eb ndryshme. Nd\u00ebrsa t\u00eb 4 aminoacidet plot\u00ebsohen n\u00eb rritjen e derrave, vet\u00ebm shtimi i lizin\u00ebs \u00ebsht\u00eb i zakonsh\u00ebm n\u00eb ushqimin e dosave dhe majm\u00ebrin\u00eb e [&hellip;]","og_url":"https:\/\/ap.com.al\/?page_id=9752","og_site_name":"Austria Praemix","article_publisher":"https:\/\/www.facebook.com\/austriapraemiks\/","article_modified_time":"2025-11-14T13:52:03+00:00","og_image":[{"url":"https:\/\/ap.com.al\/wp-content\/uploads\/2022\/03\/Asset-54-1.png"}],"twitter_card":"summary_large_image","twitter_misc":{"Est. reading time":"1 minute"},"schema":{"@context":"https:\/\/schema.org","@graph":[{"@type":"Organization","@id":"https:\/\/ap.com.al\/#organization","name":"Austria Preamix","url":"https:\/\/ap.com.al\/","sameAs":["https:\/\/www.instagram.com\/austriapraemix\/","https:\/\/www.facebook.com\/austriapraemiks\/"],"logo":{"@type":"ImageObject","inLanguage":"en-US","@id":"https:\/\/ap.com.al\/#\/schema\/logo\/image\/","url":"https:\/\/ap.com.al\/wp-content\/uploads\/2022\/02\/AP-logo.png","contentUrl":"https:\/\/ap.com.al\/wp-content\/uploads\/2022\/02\/AP-logo.png","width":3358,"height":1616,"caption":"Austria Preamix"},"image":{"@id":"https:\/\/ap.com.al\/#\/schema\/logo\/image\/"}},{"@type":"WebSite","@id":"https:\/\/ap.com.al\/#website","url":"https:\/\/ap.com.al\/","name":"Austria Praemix","description":"","publisher":{"@id":"https:\/\/ap.com.al\/#organization"},"potentialAction":[{"@type":"SearchAction","target":{"@type":"EntryPoint","urlTemplate":"https:\/\/ap.com.al\/?s={search_term_string}"},"query-input":"required name=search_term_string"}],"inLanguage":"en-US"},{"@type":"ImageObject","inLanguage":"en-US","@id":"https:\/\/ap.com.al\/?page_id=9752#primaryimage","url":"https:\/\/ap.com.al\/wp-content\/uploads\/2022\/03\/Asset-54-1.png","contentUrl":"https:\/\/ap.com.al\/wp-content\/uploads\/2022\/03\/Asset-54-1.png","width":355,"height":354},{"@type":"WebPage","@id":"https:\/\/ap.com.al\/?page_id=9752#webpage","url":"https:\/\/ap.com.al\/?page_id=9752","name":"Treonina n\u00eb majm\u00ebrin\u00eb e derrave - Austria Praemix","isPartOf":{"@id":"https:\/\/ap.com.al\/#website"},"primaryImageOfPage":{"@id":"https:\/\/ap.com.al\/?page_id=9752#primaryimage"},"datePublished":"2025-11-11T09:26:37+00:00","dateModified":"2025-11-14T13:52:03+00:00","breadcrumb":{"@id":"https:\/\/ap.com.al\/?page_id=9752#breadcrumb"},"inLanguage":"en-US","potentialAction":[{"@type":"ReadAction","target":["https:\/\/ap.com.al\/?page_id=9752"]}]},{"@type":"BreadcrumbList","@id":"https:\/\/ap.com.al\/?page_id=9752#breadcrumb","itemListElement":[{"@type":"ListItem","position":1,"name":"Home","item":"https:\/\/ap.com.al\/"},{"@type":"ListItem","position":2,"name":"Treonina n\u00eb majm\u00ebrin\u00eb e derrave"}]}]}},"_links":{"self":[{"href":"https:\/\/ap.com.al\/index.php?rest_route=\/wp\/v2\/pages\/9752","targetHints":{"allow":["GET"]}}],"collection":[{"href":"https:\/\/ap.com.al\/index.php?rest_route=\/wp\/v2\/pages"}],"about":[{"href":"https:\/\/ap.com.al\/index.php?rest_route=\/wp\/v2\/types\/page"}],"author":[{"embeddable":true,"href":"https:\/\/ap.com.al\/index.php?rest_route=\/wp\/v2\/users\/2"}],"replies":[{"embeddable":true,"href":"https:\/\/ap.com.al\/index.php?rest_route=%2Fwp%2Fv2%2Fcomments&post=9752"}],"version-history":[{"count":2,"href":"https:\/\/ap.com.al\/index.php?rest_route=\/wp\/v2\/pages\/9752\/revisions"}],"predecessor-version":[{"id":9791,"href":"https:\/\/ap.com.al\/index.php?rest_route=\/wp\/v2\/pages\/9752\/revisions\/9791"}],"wp:attachment":[{"href":"https:\/\/ap.com.al\/index.php?rest_route=%2Fwp%2Fv2%2Fmedia&parent=9752"}],"curies":[{"name":"wp","href":"https:\/\/api.w.org\/{rel}","templated":true}]}}