{"id":9757,"date":"2025-11-11T09:39:14","date_gmt":"2025-11-11T09:39:14","guid":{"rendered":"https:\/\/ap.com.al\/?page_id=9757"},"modified":"2025-11-14T13:52:23","modified_gmt":"2025-11-14T13:52:23","slug":"nese-pireset-e-ujit-nuk-mjaftojne","status":"publish","type":"page","link":"https:\/\/ap.com.al\/?page_id=9757","title":{"rendered":"N\u00ebse pir\u00ebset e ujit nuk mjaftojn\u00eb"},"content":{"rendered":"\n<p><\/p>\n\n\n\n<p><\/p>\n\n\n\n<style>\n  #oniiii{\n    background-image:url(\"https:\/\/ap.com.al\/wp-content\/uploads\/2025\/11\/Artikull-banner-14.png\");\n    padding-bottom: 32%;\n    background-position:center left;\n    background-repeat: no-repeat;\n    background-size:cover;\n  }\n  <\/style>\n  <script src=\"https:\/\/code.jquery.com\/jquery-3.5.0.js\">\n<\/script>\n\n<div id=\"oniiii\"><\/div>\n \n<script>\n$( \"#oniiii\" ).insertBefore( \".container_wrap_first\" );\n<\/script>\n\n\n\n<div class=\"wp-block-columns\" id=\"containerr\">\n<div class=\"wp-block-column\">\n<div class=\"avia_textblock\" itemprop=\"text\"><h4 style=\"color:#005a8c;\n\">N\u00ebse pir\u00ebset e ujit nuk mjaftojn\u00eb<\/h4>\n<p align=\"right\">\n   P\u00ebrpunuar nga Klevis Xhardja\n<\/p>\n<\/div>\n<\/div>\n<\/div>\n\n\n\n<div class=\"wp-block-columns\" id=\"containerr\">\n<div class=\"wp-block-column\">\n<div class=\"detail__certificates-item-icon\">\n<img decoding=\"async\" alt=\"SCHAUMALAC M 70 \" src=\"https:\/\/ap.com.al\/wp-content\/uploads\/2022\/03\/Asset-54-1.png\">\n<\/div>\n<\/div>\n<\/div>\n\n\n\n<div class=\"wp-block-columns\" id=\"containerr\">\n<div class=\"wp-block-column\">\n<div class=\"blue_marker_list\">\n<p align=\"justify\" style=\"margin-bottom: 0;\">Cil\u00ebsia e ujit t\u00eb pijsh\u00ebm: Gjat\u00eb analizave p\u00ebr cil\u00ebsin\u00eb e ujit t\u00eb pijsh\u00ebm, zakonisht merret n\u00eb konsiderat\u00eb vet\u00ebm cil\u00ebsia e ujit q\u00eb hyn n\u00eb ferm\u00eb. Por m\u00eb e r\u00ebnd\u00ebsishme \u00ebsht\u00eb t\u00eb p\u00ebrcaktohet cil\u00ebsia e ujit atje ku ka ndikim t\u00eb drejtp\u00ebrdrejt\u00eb n\u00eb performanc\u00ebn biologjike t\u00eb kafsh\u00ebve: n\u00eb pik\u00ebn e pirjes.\nMeqen\u00ebse n\u00eb studimet e m\u00ebparshme praktike \u00ebsht\u00eb konstatuar nj\u00eb dallim shpeshher\u00eb i madh nd\u00ebrmjet cil\u00ebsis\u00eb s\u00eb ujit t\u00eb pijsh\u00ebm q\u00eb \u00ebsht\u00eb dhe atij q\u00eb del n\u00eb pik\u00ebn e konsumimit, Departamenti i Bujq\u00ebsis\u00eb n\u00eb Soest zhvilloi nj\u00eb studim p\u00ebr t\u00eb matur cil\u00ebsin\u00eb e ujit n\u00eb disa pika p\u00ebr \u00e7do stall\u00eb. Ata dhan\u00eb gjithashtu rekomandime praktike p\u00ebr p\u00ebrmir\u00ebsimin e higjien\u00ebs s\u00eb ujit t\u00eb pijsh\u00ebm. N\u00eb total u analizuan mbi 190 mostra nga 23 ferma derrash. \nE r\u00ebnd\u00ebsishme ishte q\u00eb pir\u00ebset\/ lugjet e ujit t\u00eb p\u00ebrgatiteshin p\u00ebr marrjen e mostrave n\u00eb t\u00eb nj\u00ebjt\u00ebn m\u00ebnyr\u00eb si m\u00eb par\u00eb \u2014 Kjo do t\u00eb thot\u00eb q\u00eb mostrat u mor\u00ebn pak para se t\u00eb vendosej grupi i ri i kafsh\u00ebve. Studimi p\u00ebrfshiu si ferma p\u00ebr rritjen e derrave, ashtu edhe ferma p\u00ebr majm\u00ebri, t\u00eb cilat kan\u00eb k\u00ebrkesa t\u00eb ndryshme p\u00ebr cil\u00ebsin\u00eb e ujit t\u00eb pijsh\u00ebm. Kishte gjithashtu dallime n\u00eb teknologjin\u00eb e p\u00ebrdorur p\u00ebr pirje (gota p\u00ebr pirje, nipple t\u00eb kafshimit, nipple klasike), si dhe n\u00eb p\u00ebrdorimin e sistemeve me dioksid klori p\u00ebr reduktimin e mikrobeve n\u00eb tubacione. \nQ\u00ebllimi kryesor n\u00eb higjien\u00ebn e ujit t\u00eb pijsh\u00ebm duhet t\u00eb jet\u00eb: ruajtja e cil\u00ebsis\u00eb s\u00eb ujit q\u00eb hyn, deri n\u00eb pik\u00ebn e konsumit nga kafsha. Po si mund t\u00eb zbatohet kjo n\u00eb praktik\u00eb?\nSistemet m\u00eb t\u00eb p\u00ebrshtatshme t\u00eb pirjes jan\u00eb ato n\u00eb form\u00eb nipple  \u2014 ato treguan n\u00eb t\u00eb gjitha fermat ngarkesa shum\u00eb m\u00eb t\u00eb ul\u00ebta mikrobiale krahasuar me gotat e pirjes (rreth 1\/6 e ngarkes\u00ebs mesatare bakteriale).\nRezultatet mikrobiologjike p\u00ebr derrat p\u00ebr majm\u00ebri dhe gicat e sapo ndar\u00eb nga n\u00ebna treguan se, n\u00ebse zbatohen rrept\u00ebsisht vlerat e rekomanduara, afro 80% e pikave t\u00eb pijes n\u00eb sektorin e gicave kishin ngarkesa mikrobiale t\u00eb tepruara. \nKufiti mikrobiologjik p\u00ebr ujin p\u00ebr kafsh\u00ebt e reja p\u00ebrputhet me k\u00ebrkesat e rregullores p\u00ebr ujin e pijsh\u00ebm p\u00ebr njer\u00ebzit. Duhet theksuar q\u00eb p\u00ebr kafsh\u00ebt e rritura lejohen deri n\u00eb 10 her\u00eb m\u00eb shum\u00eb mikrobe, dhe madje ekziston edhe nj\u00eb zon\u00eb kalimtare ku lejohet deri n\u00eb 100 her\u00eb ngarkes\u00eb krahasuar me vler\u00ebn p\u00ebr t\u00eb rinjt\u00eb\/njer\u00ebzit. Por edhe ky diapazon u tejkalua n\u00eb 17% t\u00eb mostrave. \n\nDuhet theksuar se k\u00ebto vlera jan\u00eb t\u00eb p\u00ebraf\u00ebrta,\u2014 dometh\u00ebn\u00eb n\u00ebse pastrimi i pikave t\u00eb ujit neglizhohet, ngarkesa mikrobiale rritet p\u00ebrs\u00ebri. Por fatmir\u00ebsisht, kjo do t\u00eb thot\u00eb se me menaxhim t\u00eb mir\u00eb t\u00eb ujit t\u00eb pijsh\u00ebm, ngarkesat mund t\u00eb ulen! \nNd\u00ebrtimi i sistemit t\u00eb ujit ka gjithashtu ndikim n\u00eb cil\u00ebsi: p\u00ebr stalla t\u00eb reja ose t\u00eb rinovuara rekomandohen sistemet n\u00eb unaz\u00eb, q\u00eb pastrohen m\u00eb leht\u00eb. N\u00eb sistemet ekzistuese me linja t\u00eb thjeshta duhet siguruar q\u00eb t\u00eb mos ket\u00eb linja deg\u00ebzuese, pasi ato jan\u00eb ideale p\u00ebr shumim t\u00eb mikrobeve dhe formimin e biofilmit.\n\nA \u00ebsht\u00eb m\u00eb i mir\u00eb uji i rrjetit qytetar sesa ai i pusit? Fatmir\u00ebsisht, cil\u00ebsia e ujit q\u00eb hyn n\u00eb ferm\u00eb ishte shum\u00eb e mir\u00eb n\u00eb t\u00eb gjitha rastet, pavar\u00ebsisht nga burimi. Megjithat\u00eb, n\u00eb disa ferma cil\u00ebsia u p\u00ebrkeq\u00ebsua ndjesh\u00ebm deri n\u00eb pik\u00ebn e pirjen. N\u00eb m\u00ebnyr\u00eb interesante, uji q\u00eb arrinte te pir\u00ebset \u2014 kur p\u00ebrdorej uji i qytetit \u2014 kishte rreth 25% m\u00eb shum\u00eb mikrobe se uji nga pusi. Kjo ndoshta p\u00ebr shkak t\u00eb besimit t\u00eb pavet\u00ebdijsh\u00ebm se uji i qytetit \u00ebsht\u00eb &#8220;i mir\u00eb&#8221;, dhe rrjedhimisht kujdesi p\u00ebr linjat brenda stall\u00ebs \u00ebsht\u00eb m\u00eb i vog\u00ebl. Nd\u00ebrsa me ujin nga pusi, fermer\u00ebt supozojn\u00eb se cil\u00ebsia \u00ebsht\u00eb m\u00eb e ul\u00ebt dhe p\u00ebr k\u00ebt\u00eb arsye kujdesen m\u00eb shum\u00eb p\u00ebr higjien\u00ebn e brendshme.\n<\/p>\n<h4 style=\"padding-top: 20px;\">Si t\u00eb sigurojm\u00eb nj\u00eb cil\u00ebsi t\u00eb mir\u00eb t\u00eb ujit n\u00eb praktik\u00eb? <\/h4>\n<p align=\"justify\" style=\"margin-bottom: 0;\">Past\u00ebrti e dukshme nga jasht\u00eb: Pijet duhet t\u00eb jen\u00eb t\u00eb pastra n\u00eb pamje, ve\u00e7an\u00ebrisht para vendosjes s\u00eb nj\u00eb grupi t\u00eb ri kafsh\u00ebsh, q\u00eb t\u00eb shmanget kontakti me mikrobet e grupit t\u00eb m\u00ebparsh\u00ebm.\nShp\u00eblarje dyminut\u00ebshe e pik\u00ebs s\u00eb pijes u ul ndjesh\u00ebm ngarkes\u00ebn mikrobiale. Kjo do t\u00eb thot\u00eb rreth 3\u20135 litra p\u00ebr pike, dhe ve\u00e7an\u00ebrisht p\u00ebr ato linja q\u00eb kan\u00eb q\u00ebndruar t\u00eb pap\u00ebrdorura p\u00ebr m\u00eb shum\u00eb se 10 dit\u00eb, ku ngarkesa mund t\u00eb arrij\u00eb deri n\u00eb 1.000-fishin e kufirit t\u00eb lejuar!\nK\u00ebshill\u00eb praktike: Gjat\u00eb \u00e7do ndarjeje t\u00eb kafsh\u00ebve n\u00eb grupe, shp\u00eblani p\u00ebr 1\u20132 minuta pir\u00ebset q\u00eb nuk p\u00ebrdoren m\u00eb, p\u00ebr t\u00eb reduktuar formimin e biofilmit dhe t\u00eb ujit t\u00eb ndenjur. Mos harroni: shp\u00eblani t\u00eb gjitha pir\u00ebset para \u00e7do installimi t\u00eb ri!\n\nEdhe linjat q\u00eb ende nuk jan\u00eb n\u00eb p\u00ebrdorim (p.sh. kur vendoset fillimisht nj\u00eb gjysm\u00eb e stall\u00ebs) duhet t\u00eb shp\u00eblahen para vendosjes s\u00eb grupit tjet\u00ebr.\nGjithashtu, \u00ebsht\u00eb shum\u00eb e r\u00ebnd\u00ebsishme t\u00eb kontrollohet sasia e rrjedhjes s\u00eb ujit: rreth 2\/3 e pikave kishin rrjedhje shum\u00eb t\u00eb fort\u00eb, t\u00eb pap\u00ebrshtatshme p\u00ebr faz\u00ebn e zhvillimit t\u00eb derrave. Kjo shkakton: Rritje t\u00eb kot\u00eb t\u00eb sasis\u00eb s\u00eb plehut organik dhe konsum t\u00eb panevojsh\u00ebm t\u00eb lart\u00eb ujit\nV\u00ebshtir\u00ebsi n\u00eb konsum p\u00ebr kafsh\u00ebt e vogla, p\u00ebr shkak t\u00eb presionit t\u00eb lart\u00eb t\u00eb ujit, duke e b\u00ebr\u00eb g\u00eblltitjen t\u00eb v\u00ebshtir\u00eb (uji del nga goja)\nGjithashtu, kjo nxit loj\u00ebrat me uj\u00eb, duke e shp\u00ebrdoruar at\u00eb edhe m\u00eb shum\u00eb.\n\nPor \u00e7far\u00eb do t\u00eb thot\u00eb p\u00ebr kafsh\u00ebt numri i lart\u00eb i baktereve n\u00eb ujin e pijsh\u00ebm? Gj\u00ebja e fsheht\u00eb n\u00eb lidhje me kontaminimin e lart\u00eb bakterial \u00ebsht\u00eb se kafsh\u00ebt nuk shfaqin menj\u00ebher\u00eb simptoma t\u00eb dukshme t\u00eb s\u00ebmundjes (ose as nuk ngordhin). N\u00ebse do t\u00eb ishte k\u00ebshtu, higjiena e ujit t\u00eb pijsh\u00ebm do t\u00eb ishte b\u00ebr\u00eb prej koh\u00ebsh nj\u00eb pjes\u00eb integrale e operacioneve t\u00eb \u00e7do ferme. Fatkeq\u00ebsisht, simptomat e kontaminimit  zakonisht manifestohen n\u00eb vlera m\u00eb t\u00eb dob\u00ebta zhvillimore (p.sh., shtim n\u00eb pesh\u00eb \u00e7do dit\u00eb), rritje t\u00eb ndjeshm\u00ebris\u00eb ndaj s\u00ebmundjeve, pjellori m\u00eb t\u00eb ul\u00ebt dhe, n\u00eb p\u00ebrgjith\u00ebsi, simptoma shum\u00eb jo specifike. Megjithat\u00eb, k\u00ebta faktor\u00eb nuk i atribuohen ujit, por shkaqeve t\u00eb tjera (cil\u00ebsia e ushqimit, gjenetika, sezoni, etj.). P\u00ebr m\u00eb tep\u00ebr, k\u00ebto shkaqe t\u00eb dyshuara mb\u00ebshteten nga fakti se k\u00ebto vlera zhvillimore jan\u00eb t\u00eb q\u00ebndrueshme n\u00eb t\u00eb gjith\u00eb ferm\u00ebn (n\u00ebse nj\u00eb lug uji tregon num\u00ebr tep\u00ebr t\u00eb lart\u00eb bakteresh, kjo zakonisht vlen edhe p\u00ebr lugjet e tjera t\u00eb ujit). Mos harroni: Grupi i ri i kafsh\u00ebve tashm\u00eb ka mjaftuesh\u00ebm stres p\u00ebr shkak t\u00eb transportit, kafsh\u00ebve t\u00eb reja, mjedisit t\u00eb ri, etj., gj\u00eb q\u00eb \u00ebsht\u00eb e favorshme p\u00ebr infeksionet; prandaj, k\u00ebto kafsh\u00eb kan\u00eb nevoj\u00eb p\u00ebr uj\u00eb t\u00eb pijsh\u00ebm dhe ushqim me cil\u00ebsi t\u00eb lart\u00eb!\n Si mund t\u00eb kontrolloni vet\u00eb cil\u00ebsin\u00eb e ujit t\u00eb pijsh\u00ebm? Nj\u00eb metod\u00eb e thjesht\u00eb:\nMerrni nj\u00eb most\u00ebr uji nga nj\u00eb pik\u00eb e duksh\u00ebm e past\u00ebr n\u00eb nj\u00eb shishe qelqi ose transparente dhe kontrolloni p\u00ebr pastrin\u00eb me ndri\u00e7im (drit\u00eb dore).\n<\/p>\n<ul>\n<li>N\u00ebse uji \u00ebsht\u00eb i turbullt, shp\u00eblani linj\u00ebn p\u00ebrs\u00ebri me t\u00eb pakt\u00ebn 5 litra uj\u00eb (rreth 2 minuta), m\u00eb pas merrni nj\u00eb most\u00ebr t\u00eb re.<\/li>\n<li>Uji nuk duhet t\u00eb ket\u00eb turbullira apo grimca t\u00eb ngurta t\u00eb dukshme.<\/li>\n<li>Ky inspektim vizual nuk garanton nivele t\u00eb ul\u00ebta mikrobesh, por ndihmon n\u00eb shmangien e rasteve ekstreme.<\/li>\n<p align=\"justify\" style=\"margin-bottom: 0;\">P\u00ebr matje m\u00eb t\u00eb sakta, sidomos p\u00ebr kafsh\u00ebt e vogla, rekomandohet analiza laboratorike e disa mostrave nj\u00eb her\u00eb n\u00eb vit, pasi k\u00ebta jan\u00eb m\u00eb t\u00eb ndjesh\u00ebm dhe kan\u00eb kufij shum\u00eb m\u00eb t\u00eb ul\u00ebt.\nK\u00ebshill\u00eb praktike: N\u00ebse nuk do ta pinit vet\u00eb at\u00eb uj\u00eb \u2014 mos ia ofroni as kafsh\u00ebve!<\/p>\n<h4 style=\"padding-top: 20px;\">A duhet t\u00eb p\u00ebrdorim patjet\u00ebr nj\u00eb sistem me dioksid klori? <\/h4>\n<p align=\"justify\" style=\"margin-bottom: 0;\">N\u00eb fermat me k\u00ebt\u00eb sistem, ngarkesa mikrobiale ishte vet\u00ebm \u00bc e asaj n\u00eb fermat pa t\u00eb.\nPor, n\u00eb fermat pa sistem, pas shp\u00eblarjes 3-minut\u00ebshe, niveli ishte po aq i mir\u00eb sa n\u00eb fermat me dioksid klori.\nV\u00ebzhgim interesant: jo gjithmon\u00eb nj\u00eb sistem i instaluar do t\u00eb thot\u00eb q\u00eb p\u00ebrdoret n\u00eb praktik\u00eb!\nN\u00ebse gjat\u00eb shp\u00eblarjes uji del shum\u00eb i ndotur, duhet t\u00eb pastrohen linjat me solucion alkaline, ndjekur (n\u00ebse nevojitet) nga pastrues acid \u2014 kurr\u00eb t\u00eb dy nj\u00ebher\u00ebsh!\nKujdes! Pir\u00ebset duhet patjet\u00ebr t\u00eb shp\u00eblahen mir\u00eb, p\u00ebrndryshe mund t\u00eb d\u00ebmtohen kafsh\u00ebt!\n<\/p>\n<\/div>\n\n\n\n<figure class=\"wp-block-image size-full\"><img loading=\"lazy\" decoding=\"async\" width=\"542\" height=\"188\" src=\"https:\/\/ap.com.al\/wp-content\/uploads\/2025\/11\/image-4.png\" alt=\"\" class=\"wp-image-9758\" srcset=\"https:\/\/ap.com.al\/wp-content\/uploads\/2025\/11\/image-4.png 542w, https:\/\/ap.com.al\/wp-content\/uploads\/2025\/11\/image-4-300x104.png 300w, https:\/\/ap.com.al\/wp-content\/uploads\/2025\/11\/image-4-450x156.png 450w\" sizes=\"auto, (max-width: 542px) 100vw, 542px\" \/><\/figure>\n\n\n\n<div class=\"blue_marker_list\">\n<p align=\"justify\" style=\"margin-bottom: 0;\">Shp\u00ebrndarja e sasis\u00eb s\u00eb rrjedh\u00ebs s\u00eb ujit t\u00eb matur. P\u00ebr derrat p\u00ebr majm\u00ebri, jan\u00eb marr\u00eb n\u00eb konsiderat\u00eb vlerat e rekomanduara p\u00ebr faz\u00ebn e fundit t\u00eb majm\u00ebris\u00eb.\nN\u00ebse matjet do t\u00eb ishin kryer n\u00eb faz\u00ebn e mesme t\u00eb majm\u00ebris\u00eb, edhe m\u00eb shum\u00eb ferma do t\u00eb kishin rezultuar me shkall\u00eb rrjedhjeje t\u00eb ujit m\u00eb t\u00eb lart\u00eb se e rekomanduara.\n<\/p>\n<\/div>\n<\/div>\n<\/div>\n\n\n\n<p><\/p>\n","protected":false},"excerpt":{"rendered":"<p>N\u00ebse pir\u00ebset e ujit nuk mjaftojn\u00eb P\u00ebrpunuar nga Klevis Xhardja Cil\u00ebsia e ujit t\u00eb pijsh\u00ebm: Gjat\u00eb analizave p\u00ebr cil\u00ebsin\u00eb e ujit t\u00eb pijsh\u00ebm, zakonisht merret n\u00eb konsiderat\u00eb vet\u00ebm cil\u00ebsia e ujit q\u00eb hyn n\u00eb ferm\u00eb. Por m\u00eb e r\u00ebnd\u00ebsishme \u00ebsht\u00eb t\u00eb p\u00ebrcaktohet cil\u00ebsia e ujit atje ku ka ndikim t\u00eb drejtp\u00ebrdrejt\u00eb n\u00eb performanc\u00ebn biologjike t\u00eb [&hellip;]<\/p>\n","protected":false},"author":2,"featured_media":0,"parent":0,"menu_order":0,"comment_status":"closed","ping_status":"closed","template":"","meta":{"inline_featured_image":false,"footnotes":""},"class_list":["post-9757","page","type-page","status-publish","hentry"],"yoast_head":"<!-- This site is optimized with the Yoast SEO plugin v18.9 - https:\/\/yoast.com\/wordpress\/plugins\/seo\/ -->\n<title>N\u00ebse pir\u00ebset e ujit nuk mjaftojn\u00eb - Austria Praemix<\/title>\n<meta name=\"robots\" content=\"index, follow, max-snippet:-1, max-image-preview:large, max-video-preview:-1\" \/>\n<link rel=\"canonical\" href=\"https:\/\/ap.com.al\/?page_id=9757\" \/>\n<meta property=\"og:locale\" content=\"en_US\" \/>\n<meta property=\"og:type\" content=\"article\" \/>\n<meta property=\"og:title\" content=\"N\u00ebse pir\u00ebset e ujit nuk mjaftojn\u00eb - Austria Praemix\" \/>\n<meta property=\"og:description\" content=\"N\u00ebse pir\u00ebset e ujit nuk mjaftojn\u00eb P\u00ebrpunuar nga Klevis Xhardja Cil\u00ebsia e ujit t\u00eb pijsh\u00ebm: Gjat\u00eb analizave p\u00ebr cil\u00ebsin\u00eb e ujit t\u00eb pijsh\u00ebm, zakonisht merret n\u00eb konsiderat\u00eb vet\u00ebm cil\u00ebsia e ujit q\u00eb hyn n\u00eb ferm\u00eb. Por m\u00eb e r\u00ebnd\u00ebsishme \u00ebsht\u00eb t\u00eb p\u00ebrcaktohet cil\u00ebsia e ujit atje ku ka ndikim t\u00eb drejtp\u00ebrdrejt\u00eb n\u00eb performanc\u00ebn biologjike t\u00eb [&hellip;]\" \/>\n<meta property=\"og:url\" content=\"https:\/\/ap.com.al\/?page_id=9757\" \/>\n<meta property=\"og:site_name\" content=\"Austria Praemix\" \/>\n<meta property=\"article:publisher\" content=\"https:\/\/www.facebook.com\/austriapraemiks\/\" \/>\n<meta property=\"article:modified_time\" content=\"2025-11-14T13:52:23+00:00\" \/>\n<meta property=\"og:image\" content=\"https:\/\/ap.com.al\/wp-content\/uploads\/2022\/03\/Asset-54-1.png\" \/>\n<meta name=\"twitter:card\" content=\"summary_large_image\" \/>\n<meta name=\"twitter:label1\" content=\"Est. reading time\" \/>\n\t<meta name=\"twitter:data1\" content=\"1 minute\" \/>\n<script type=\"application\/ld+json\" class=\"yoast-schema-graph\">{\"@context\":\"https:\/\/schema.org\",\"@graph\":[{\"@type\":\"Organization\",\"@id\":\"https:\/\/ap.com.al\/#organization\",\"name\":\"Austria Preamix\",\"url\":\"https:\/\/ap.com.al\/\",\"sameAs\":[\"https:\/\/www.instagram.com\/austriapraemix\/\",\"https:\/\/www.facebook.com\/austriapraemiks\/\"],\"logo\":{\"@type\":\"ImageObject\",\"inLanguage\":\"en-US\",\"@id\":\"https:\/\/ap.com.al\/#\/schema\/logo\/image\/\",\"url\":\"https:\/\/ap.com.al\/wp-content\/uploads\/2022\/02\/AP-logo.png\",\"contentUrl\":\"https:\/\/ap.com.al\/wp-content\/uploads\/2022\/02\/AP-logo.png\",\"width\":3358,\"height\":1616,\"caption\":\"Austria Preamix\"},\"image\":{\"@id\":\"https:\/\/ap.com.al\/#\/schema\/logo\/image\/\"}},{\"@type\":\"WebSite\",\"@id\":\"https:\/\/ap.com.al\/#website\",\"url\":\"https:\/\/ap.com.al\/\",\"name\":\"Austria Praemix\",\"description\":\"\",\"publisher\":{\"@id\":\"https:\/\/ap.com.al\/#organization\"},\"potentialAction\":[{\"@type\":\"SearchAction\",\"target\":{\"@type\":\"EntryPoint\",\"urlTemplate\":\"https:\/\/ap.com.al\/?s={search_term_string}\"},\"query-input\":\"required name=search_term_string\"}],\"inLanguage\":\"en-US\"},{\"@type\":\"ImageObject\",\"inLanguage\":\"en-US\",\"@id\":\"https:\/\/ap.com.al\/?page_id=9757#primaryimage\",\"url\":\"https:\/\/ap.com.al\/wp-content\/uploads\/2022\/03\/Asset-54-1.png\",\"contentUrl\":\"https:\/\/ap.com.al\/wp-content\/uploads\/2022\/03\/Asset-54-1.png\",\"width\":355,\"height\":354},{\"@type\":\"WebPage\",\"@id\":\"https:\/\/ap.com.al\/?page_id=9757#webpage\",\"url\":\"https:\/\/ap.com.al\/?page_id=9757\",\"name\":\"N\u00ebse pir\u00ebset e ujit nuk mjaftojn\u00eb - Austria Praemix\",\"isPartOf\":{\"@id\":\"https:\/\/ap.com.al\/#website\"},\"primaryImageOfPage\":{\"@id\":\"https:\/\/ap.com.al\/?page_id=9757#primaryimage\"},\"datePublished\":\"2025-11-11T09:39:14+00:00\",\"dateModified\":\"2025-11-14T13:52:23+00:00\",\"breadcrumb\":{\"@id\":\"https:\/\/ap.com.al\/?page_id=9757#breadcrumb\"},\"inLanguage\":\"en-US\",\"potentialAction\":[{\"@type\":\"ReadAction\",\"target\":[\"https:\/\/ap.com.al\/?page_id=9757\"]}]},{\"@type\":\"BreadcrumbList\",\"@id\":\"https:\/\/ap.com.al\/?page_id=9757#breadcrumb\",\"itemListElement\":[{\"@type\":\"ListItem\",\"position\":1,\"name\":\"Home\",\"item\":\"https:\/\/ap.com.al\/\"},{\"@type\":\"ListItem\",\"position\":2,\"name\":\"N\u00ebse pir\u00ebset e ujit nuk mjaftojn\u00eb\"}]}]}<\/script>\n<!-- \/ Yoast SEO plugin. -->","yoast_head_json":{"title":"N\u00ebse pir\u00ebset e ujit nuk mjaftojn\u00eb - Austria Praemix","robots":{"index":"index","follow":"follow","max-snippet":"max-snippet:-1","max-image-preview":"max-image-preview:large","max-video-preview":"max-video-preview:-1"},"canonical":"https:\/\/ap.com.al\/?page_id=9757","og_locale":"en_US","og_type":"article","og_title":"N\u00ebse pir\u00ebset e ujit nuk mjaftojn\u00eb - Austria Praemix","og_description":"N\u00ebse pir\u00ebset e ujit nuk mjaftojn\u00eb P\u00ebrpunuar nga Klevis Xhardja Cil\u00ebsia e ujit t\u00eb pijsh\u00ebm: Gjat\u00eb analizave p\u00ebr cil\u00ebsin\u00eb e ujit t\u00eb pijsh\u00ebm, zakonisht merret n\u00eb konsiderat\u00eb vet\u00ebm cil\u00ebsia e ujit q\u00eb hyn n\u00eb ferm\u00eb. Por m\u00eb e r\u00ebnd\u00ebsishme \u00ebsht\u00eb t\u00eb p\u00ebrcaktohet cil\u00ebsia e ujit atje ku ka ndikim t\u00eb drejtp\u00ebrdrejt\u00eb n\u00eb performanc\u00ebn biologjike t\u00eb [&hellip;]","og_url":"https:\/\/ap.com.al\/?page_id=9757","og_site_name":"Austria Praemix","article_publisher":"https:\/\/www.facebook.com\/austriapraemiks\/","article_modified_time":"2025-11-14T13:52:23+00:00","og_image":[{"url":"https:\/\/ap.com.al\/wp-content\/uploads\/2022\/03\/Asset-54-1.png"}],"twitter_card":"summary_large_image","twitter_misc":{"Est. reading time":"1 minute"},"schema":{"@context":"https:\/\/schema.org","@graph":[{"@type":"Organization","@id":"https:\/\/ap.com.al\/#organization","name":"Austria Preamix","url":"https:\/\/ap.com.al\/","sameAs":["https:\/\/www.instagram.com\/austriapraemix\/","https:\/\/www.facebook.com\/austriapraemiks\/"],"logo":{"@type":"ImageObject","inLanguage":"en-US","@id":"https:\/\/ap.com.al\/#\/schema\/logo\/image\/","url":"https:\/\/ap.com.al\/wp-content\/uploads\/2022\/02\/AP-logo.png","contentUrl":"https:\/\/ap.com.al\/wp-content\/uploads\/2022\/02\/AP-logo.png","width":3358,"height":1616,"caption":"Austria Preamix"},"image":{"@id":"https:\/\/ap.com.al\/#\/schema\/logo\/image\/"}},{"@type":"WebSite","@id":"https:\/\/ap.com.al\/#website","url":"https:\/\/ap.com.al\/","name":"Austria Praemix","description":"","publisher":{"@id":"https:\/\/ap.com.al\/#organization"},"potentialAction":[{"@type":"SearchAction","target":{"@type":"EntryPoint","urlTemplate":"https:\/\/ap.com.al\/?s={search_term_string}"},"query-input":"required name=search_term_string"}],"inLanguage":"en-US"},{"@type":"ImageObject","inLanguage":"en-US","@id":"https:\/\/ap.com.al\/?page_id=9757#primaryimage","url":"https:\/\/ap.com.al\/wp-content\/uploads\/2022\/03\/Asset-54-1.png","contentUrl":"https:\/\/ap.com.al\/wp-content\/uploads\/2022\/03\/Asset-54-1.png","width":355,"height":354},{"@type":"WebPage","@id":"https:\/\/ap.com.al\/?page_id=9757#webpage","url":"https:\/\/ap.com.al\/?page_id=9757","name":"N\u00ebse pir\u00ebset e ujit nuk mjaftojn\u00eb - Austria Praemix","isPartOf":{"@id":"https:\/\/ap.com.al\/#website"},"primaryImageOfPage":{"@id":"https:\/\/ap.com.al\/?page_id=9757#primaryimage"},"datePublished":"2025-11-11T09:39:14+00:00","dateModified":"2025-11-14T13:52:23+00:00","breadcrumb":{"@id":"https:\/\/ap.com.al\/?page_id=9757#breadcrumb"},"inLanguage":"en-US","potentialAction":[{"@type":"ReadAction","target":["https:\/\/ap.com.al\/?page_id=9757"]}]},{"@type":"BreadcrumbList","@id":"https:\/\/ap.com.al\/?page_id=9757#breadcrumb","itemListElement":[{"@type":"ListItem","position":1,"name":"Home","item":"https:\/\/ap.com.al\/"},{"@type":"ListItem","position":2,"name":"N\u00ebse pir\u00ebset e ujit nuk mjaftojn\u00eb"}]}]}},"_links":{"self":[{"href":"https:\/\/ap.com.al\/index.php?rest_route=\/wp\/v2\/pages\/9757","targetHints":{"allow":["GET"]}}],"collection":[{"href":"https:\/\/ap.com.al\/index.php?rest_route=\/wp\/v2\/pages"}],"about":[{"href":"https:\/\/ap.com.al\/index.php?rest_route=\/wp\/v2\/types\/page"}],"author":[{"embeddable":true,"href":"https:\/\/ap.com.al\/index.php?rest_route=\/wp\/v2\/users\/2"}],"replies":[{"embeddable":true,"href":"https:\/\/ap.com.al\/index.php?rest_route=%2Fwp%2Fv2%2Fcomments&post=9757"}],"version-history":[{"count":2,"href":"https:\/\/ap.com.al\/index.php?rest_route=\/wp\/v2\/pages\/9757\/revisions"}],"predecessor-version":[{"id":9792,"href":"https:\/\/ap.com.al\/index.php?rest_route=\/wp\/v2\/pages\/9757\/revisions\/9792"}],"wp:attachment":[{"href":"https:\/\/ap.com.al\/index.php?rest_route=%2Fwp%2Fv2%2Fmedia&parent=9757"}],"curies":[{"name":"wp","href":"https:\/\/api.w.org\/{rel}","templated":true}]}}