{"id":9760,"date":"2025-11-11T09:48:51","date_gmt":"2025-11-11T09:48:51","guid":{"rendered":"https:\/\/ap.com.al\/?page_id=9760"},"modified":"2025-11-14T13:53:18","modified_gmt":"2025-11-14T13:53:18","slug":"problemet-me-bazen-e-thundrave-te-dosat","status":"publish","type":"page","link":"https:\/\/ap.com.al\/?page_id=9760","title":{"rendered":"Problemet me baz\u00ebn e thundrave te dosat"},"content":{"rendered":"\n<p><\/p>\n\n\n\n<p><\/p>\n\n\n\n<style>\n  #oniiii{\n    background-image:url(\"https:\/\/ap.com.al\/wp-content\/uploads\/2025\/11\/Artikull-banner-14.png\");\n    padding-bottom: 32%;\n    background-position:center left;\n    background-repeat: no-repeat;\n    background-size:cover;\n  }\n  <\/style>\n  <script src=\"https:\/\/code.jquery.com\/jquery-3.5.0.js\">\n<\/script>\n\n<div id=\"oniiii\"><\/div>\n \n<script>\n$( \"#oniiii\" ).insertBefore( \".container_wrap_first\" );\n<\/script>\n\n\n\n<div class=\"wp-block-columns\" id=\"containerr\">\n<div class=\"wp-block-column\">\n<div class=\"avia_textblock\" itemprop=\"text\"><h4 style=\"color:#005a8c;\n\">Problemet me baz\u00ebn e thundrave te dosat<\/h4>\n<p align=\"right\">\n   P\u00ebrpunuar nga Klevis Xhardja\n<\/p>\n<\/div>\n<\/div>\n<\/div>\n\n\n\n<div class=\"wp-block-columns\" id=\"containerr\">\n<div class=\"wp-block-column\">\n<div class=\"detail__certificates-item-icon\">\n<img decoding=\"async\" alt=\"SCHAUMALAC M 70 \" src=\"https:\/\/ap.com.al\/wp-content\/uploads\/2022\/03\/Asset-54-1.png\">\n<\/div>\n<\/div>\n<\/div>\n\n\n\n<div class=\"wp-block-columns\" id=\"containerr\">\n<div class=\"wp-block-column\">\n<div class=\"blue_marker_list\">\n<h4 style=\"padding-top: 20px;\">\u00c7far\u00eb ndihmon kur asgj\u00eb nuk funksionon?<\/h4>\n<p align=\"justify\" style=\"margin-bottom: 0;\">N\u00ebse 10 deri n\u00eb 20 % e dosave hiqen \u00e7do vit p\u00ebr shkak t\u00eb problemeve me baz\u00ebn e thundrave, \u00ebsht\u00eb e qart\u00eb se nj\u00eb baz\u00eb e q\u00ebndrueshme nuk sjell vet\u00ebm p\u00ebrfitime p\u00ebr kafsh\u00ebn, por edhe p\u00ebr situat\u00ebn financiare t\u00eb pronarit. Fermeri me p\u00ebrvoj\u00eb duhet t\u2019i vler\u00ebsoj\u00eb dosat n\u00eb m\u00ebnyr\u00eb kritike, ve\u00e7an\u00ebrisht ato t\u00eb sapoardhura, p\u00ebr t\u00eb identifikuar her\u00ebt problematikat e mundshme.\n\nSipas parimit ortopedik \u201cpozicionimi i gabuar \u00e7on n\u00eb ngarkes\u00eb t\u00eb gabuar\u201d, treguesit e par\u00eb t\u00eb jet\u00ebgjat\u00ebsis\u00eb s\u00eb kafsh\u00ebs mund t\u00eb v\u00ebrehen q\u00eb n\u00eb q\u00ebndrimin dhe l\u00ebvizjen e saj.\n\nGjat\u00eb rritjes s\u00eb dosave t\u00eb reja, \u00ebsht\u00eb e r\u00ebnd\u00ebsishme respektimi i racionit ushqimor dhe kurb\u00ebs s\u00eb rritjes. Kur derrat e majm\u00ebris\u00eb arrijn\u00eb pesh\u00ebn e synuar p\u00ebr therje, jeta e dos\u00ebs mbar\u00ebshtuese sapo fillon. N\u00eb mosh\u00ebn mesatare prej 180 dit\u00ebsh, pesha optimale duhet t\u00eb jet\u00eb rreth 105 kg, me nj\u00eb shtim ditor prej rreth 580 g. Rritjet m\u00eb t\u00eb larta rrisin rrezikun e d\u00ebmtimit t\u00eb p\u00ebrhersh\u00ebm t\u00eb k\u00ebrcit artikular dhe t\u00eb zonave t\u00eb rritjes s\u00eb kockave p\u00ebr shkak t\u00eb mbingarkes\u00ebs. Skeleti piqet plot\u00ebsisht vet\u00ebm n\u00eb vitin e kat\u00ebrt t\u00eb jet\u00ebs, pra tre vjet pas arritjes s\u00eb pjekuris\u00eb riprodhuese.\n<\/p>\n<h4 style=\"padding-top: 20px;\">Kontrolli i kushteve mjedisore dhe blegtorale<\/h4>\n<p align=\"justify\" style=\"margin-bottom: 0;\">Mbar\u00ebshtuesit duhet t\u00eb sigurojn\u00eb nj\u00eb mjedis optimal p\u00ebr kafsh\u00ebt. Dyshemet\u00eb me vrima t\u00eb p\u00ebrshtatshme dhe dimensione t\u00eb lidhura me pesh\u00ebn parandalojn\u00eb zhytjen e kthetrave dhe d\u00ebmtimin e shtres\u00ebs s\u00eb ndjeshme t\u00eb kuror\u00ebs. Sip\u00ebrfaqet e thata dhe jo t\u00eb rr\u00ebshqitshme ndihmojn\u00eb n\u00eb konsumimin natyral t\u00eb bririt t\u00eb thundrave, nd\u00ebrsa dyshemet\u00eb e lag\u00ebshta dhe t\u00eb rr\u00ebshqitshme nxisin zbutjen dhe dekompozimin e tij, duke shkaktuar rr\u00ebshqitje dhe d\u00ebmtime n\u00eb nyje, ligamente dhe tendina.\n\nPasiguria dhe dhimbja i shtyjn\u00eb kafsh\u00ebt t\u00eb q\u00ebndrojn\u00eb ulur p\u00ebr periudha t\u00eb gjata, duke shkaktuar zmadhim t\u00eb bursave sinoviale, sidomos n\u00eb zon\u00ebn e ky\u00e7it t\u00eb k\u00ebmb\u00ebs. Ventilimi i mir\u00eb dhe mikroklima e q\u00ebndrueshme ndikojn\u00eb pozitivisht n\u00eb uljen e k\u00ebtyre problemeve.\n<\/p>\n<h4 style=\"padding-top: 20px;\">Minimizimi i stresit<\/h4>\n<p align=\"justify\" style=\"margin-bottom: 0;\">Sigurimi i hap\u00ebsir\u00ebs s\u00eb mjaftueshme gjat\u00eb ushqyerjes dhe p\u00ebrdorimi i sistemeve automatike redukton stresin. Mbajtja e kafsh\u00ebve n\u00eb grupe fikse ndihmon n\u00eb shmangien e konflikteve p\u00ebr rend hierarkik, duke ulur ngarkesat e d\u00ebmshme n\u00eb nyje. Studime holandeze kan\u00eb v\u00ebrtetuar se \u00e7alimi paraqitet duksh\u00ebm m\u00eb rrall\u00eb te derrat e majm\u00ebris\u00eb n\u00eb kushte strehimi me stres t\u00eb ul\u00ebt.\n<\/p>\n<h4 style=\"padding-top: 20px;\">R\u00ebnd\u00ebsia e gjenetik\u00ebs<\/h4>\n<p align=\"justify\" style=\"margin-bottom: 0;\">Gjenetisti ka nj\u00eb rol ky\u00e7 n\u00eb sigurimin e q\u00ebndrueshm\u00ebris\u00eb s\u00eb sistemit muskuloskeletal. Objektivat ekonomike p\u00ebr rritjen e shpejt\u00eb dhe p\u00ebrqindjen e mishit shpesh p\u00ebrplasen me k\u00ebrkes\u00ebn p\u00ebr q\u00ebndrueshm\u00ebri fizike. P\u00ebr k\u00ebt\u00eb arsye, nevojiten kompromise t\u00eb kujdesshme n\u00eb p\u00ebrzgjedhjen e mbar\u00ebshtimit.\n\nP\u00ebrshkrimi linear i karakteristikave t\u00eb k\u00ebmb\u00ebve \u00ebsht\u00eb nj\u00eb mjet i vlefsh\u00ebm p\u00ebr vler\u00ebsimin gjenetik. Trash\u00ebgimia e lart\u00eb e disa karakteristikave mund\u00ebson p\u00ebrdorimin e metod\u00ebs BLUP n\u00eb vler\u00ebsimin e vler\u00ebs s\u00eb mbar\u00ebshtimit, duke krijuar balanc\u00eb midis performanc\u00ebs ekonomike dhe q\u00ebndrueshm\u00ebris\u00eb biologjike.\n<\/p>\n<h4 style=\"padding-top: 20px;\">Diagnostikimi dhe trajtimi efektiv<\/h4>\n<p align=\"justify\" style=\"margin-bottom: 0;\">Veterineri p\u00ebrballet shpesh me raste t\u00eb \u00e7alimit dhe dob\u00ebsis\u00eb s\u00eb k\u00ebmb\u00ebve, ve\u00e7an\u00ebrisht te dosat shtatz\u00ebna ose ato pas pjelljes. P\u00ebrdorimi i barnave analgjezike dhe anti-inflamatore mund t\u00eb ndihmoj\u00eb p\u00ebrkoh\u00ebsisht gjat\u00eb faz\u00ebs s\u00eb par\u00eb t\u00eb laktacionit. Megjith\u00ebse trajtimi simptomatik \u00ebsht\u00eb i kufizuar, ai mund t\u00eb sh\u00ebrbej\u00eb si mjet diagnostikues i vlefsh\u00ebm.\n\nKur p\u00ebrjashtohen faktor\u00ebt mjedisor\u00eb, rekomandohet ekzaminim patologjiko-anatomik dhe mikrobiologjik i gjymtyr\u00ebve p\u00ebr t\u00eb p\u00ebrcaktuar shkakun baz\u00eb. Parametrat e gjakut, si fosfataza alkaline, ndihmojn\u00eb n\u00eb diagnostikim. Rezultatet pozitive mikrobiologjike k\u00ebrkojn\u00eb qasje terapeutike specifike me antibiotik\u00eb ose vaksina.\n\n\u00c7arjet e thella n\u00eb thundra tregojn\u00eb kushte jo t\u00eb p\u00ebrshtatshme t\u00eb dyshemes\u00eb, nd\u00ebrsa lezionet n\u00eb kocka dhe k\u00ebr\u00e7 (osteokondroza, epifizeoliza) lidhen me dob\u00ebsi konstitucionale.\n\nEdhe pse patologjit\u00eb rrall\u00eb shfaqen t\u00eb izoluara, vler\u00ebsimi i shpesht\u00ebsis\u00eb dhe ashp\u00ebrsis\u00eb s\u00eb tyre ndihmon n\u00eb p\u00ebrcaktimin e p\u00ebrpar\u00ebsive n\u00eb menaxhim. Bashk\u00ebpunimi midis specialist\u00ebve t\u00eb ushqyerjes, blegtoris\u00eb, gjenetik\u00ebs dhe veterinar\u00ebve \u00ebsht\u00eb thelb\u00ebsor p\u00ebr t\u00eb parandaluar dhe trajtuar n\u00eb m\u00ebnyr\u00eb efektive problemet me baz\u00ebn e thundrave.\n<\/p>\n<\/div>\n<\/div>\n<\/div>\n\n\n\n<p><\/p>\n","protected":false},"excerpt":{"rendered":"<p>Problemet me baz\u00ebn e thundrave te dosat P\u00ebrpunuar nga Klevis Xhardja \u00c7far\u00eb ndihmon kur asgj\u00eb nuk funksionon? N\u00ebse 10 deri n\u00eb 20 % e dosave hiqen \u00e7do vit p\u00ebr shkak t\u00eb problemeve me baz\u00ebn e thundrave, \u00ebsht\u00eb e qart\u00eb se nj\u00eb baz\u00eb e q\u00ebndrueshme nuk sjell vet\u00ebm p\u00ebrfitime p\u00ebr kafsh\u00ebn, por edhe p\u00ebr situat\u00ebn financiare [&hellip;]<\/p>\n","protected":false},"author":2,"featured_media":0,"parent":0,"menu_order":0,"comment_status":"closed","ping_status":"closed","template":"","meta":{"inline_featured_image":false,"footnotes":""},"class_list":["post-9760","page","type-page","status-publish","hentry"],"yoast_head":"<!-- This site is optimized with the Yoast SEO plugin v18.9 - https:\/\/yoast.com\/wordpress\/plugins\/seo\/ -->\n<title>Problemet me baz\u00ebn e thundrave te dosat - Austria Praemix<\/title>\n<meta name=\"robots\" content=\"index, follow, max-snippet:-1, max-image-preview:large, max-video-preview:-1\" \/>\n<link rel=\"canonical\" href=\"https:\/\/ap.com.al\/?page_id=9760\" \/>\n<meta property=\"og:locale\" content=\"en_US\" \/>\n<meta property=\"og:type\" content=\"article\" \/>\n<meta property=\"og:title\" content=\"Problemet me baz\u00ebn e thundrave te dosat - Austria Praemix\" \/>\n<meta property=\"og:description\" content=\"Problemet me baz\u00ebn e thundrave te dosat P\u00ebrpunuar nga Klevis Xhardja \u00c7far\u00eb ndihmon kur asgj\u00eb nuk funksionon? N\u00ebse 10 deri n\u00eb 20 % e dosave hiqen \u00e7do vit p\u00ebr shkak t\u00eb problemeve me baz\u00ebn e thundrave, \u00ebsht\u00eb e qart\u00eb se nj\u00eb baz\u00eb e q\u00ebndrueshme nuk sjell vet\u00ebm p\u00ebrfitime p\u00ebr kafsh\u00ebn, por edhe p\u00ebr situat\u00ebn financiare [&hellip;]\" \/>\n<meta property=\"og:url\" content=\"https:\/\/ap.com.al\/?page_id=9760\" \/>\n<meta property=\"og:site_name\" content=\"Austria Praemix\" \/>\n<meta property=\"article:publisher\" content=\"https:\/\/www.facebook.com\/austriapraemiks\/\" \/>\n<meta property=\"article:modified_time\" content=\"2025-11-14T13:53:18+00:00\" \/>\n<meta property=\"og:image\" content=\"https:\/\/ap.com.al\/wp-content\/uploads\/2022\/03\/Asset-54-1.png\" \/>\n<meta name=\"twitter:card\" content=\"summary_large_image\" \/>\n<meta name=\"twitter:label1\" content=\"Est. reading time\" \/>\n\t<meta name=\"twitter:data1\" content=\"1 minute\" \/>\n<script type=\"application\/ld+json\" class=\"yoast-schema-graph\">{\"@context\":\"https:\/\/schema.org\",\"@graph\":[{\"@type\":\"Organization\",\"@id\":\"https:\/\/ap.com.al\/#organization\",\"name\":\"Austria Preamix\",\"url\":\"https:\/\/ap.com.al\/\",\"sameAs\":[\"https:\/\/www.instagram.com\/austriapraemix\/\",\"https:\/\/www.facebook.com\/austriapraemiks\/\"],\"logo\":{\"@type\":\"ImageObject\",\"inLanguage\":\"en-US\",\"@id\":\"https:\/\/ap.com.al\/#\/schema\/logo\/image\/\",\"url\":\"https:\/\/ap.com.al\/wp-content\/uploads\/2022\/02\/AP-logo.png\",\"contentUrl\":\"https:\/\/ap.com.al\/wp-content\/uploads\/2022\/02\/AP-logo.png\",\"width\":3358,\"height\":1616,\"caption\":\"Austria Preamix\"},\"image\":{\"@id\":\"https:\/\/ap.com.al\/#\/schema\/logo\/image\/\"}},{\"@type\":\"WebSite\",\"@id\":\"https:\/\/ap.com.al\/#website\",\"url\":\"https:\/\/ap.com.al\/\",\"name\":\"Austria Praemix\",\"description\":\"\",\"publisher\":{\"@id\":\"https:\/\/ap.com.al\/#organization\"},\"potentialAction\":[{\"@type\":\"SearchAction\",\"target\":{\"@type\":\"EntryPoint\",\"urlTemplate\":\"https:\/\/ap.com.al\/?s={search_term_string}\"},\"query-input\":\"required name=search_term_string\"}],\"inLanguage\":\"en-US\"},{\"@type\":\"ImageObject\",\"inLanguage\":\"en-US\",\"@id\":\"https:\/\/ap.com.al\/?page_id=9760#primaryimage\",\"url\":\"https:\/\/ap.com.al\/wp-content\/uploads\/2022\/03\/Asset-54-1.png\",\"contentUrl\":\"https:\/\/ap.com.al\/wp-content\/uploads\/2022\/03\/Asset-54-1.png\",\"width\":355,\"height\":354},{\"@type\":\"WebPage\",\"@id\":\"https:\/\/ap.com.al\/?page_id=9760#webpage\",\"url\":\"https:\/\/ap.com.al\/?page_id=9760\",\"name\":\"Problemet me baz\u00ebn e thundrave te dosat - Austria Praemix\",\"isPartOf\":{\"@id\":\"https:\/\/ap.com.al\/#website\"},\"primaryImageOfPage\":{\"@id\":\"https:\/\/ap.com.al\/?page_id=9760#primaryimage\"},\"datePublished\":\"2025-11-11T09:48:51+00:00\",\"dateModified\":\"2025-11-14T13:53:18+00:00\",\"breadcrumb\":{\"@id\":\"https:\/\/ap.com.al\/?page_id=9760#breadcrumb\"},\"inLanguage\":\"en-US\",\"potentialAction\":[{\"@type\":\"ReadAction\",\"target\":[\"https:\/\/ap.com.al\/?page_id=9760\"]}]},{\"@type\":\"BreadcrumbList\",\"@id\":\"https:\/\/ap.com.al\/?page_id=9760#breadcrumb\",\"itemListElement\":[{\"@type\":\"ListItem\",\"position\":1,\"name\":\"Home\",\"item\":\"https:\/\/ap.com.al\/\"},{\"@type\":\"ListItem\",\"position\":2,\"name\":\"Problemet me baz\u00ebn e thundrave te dosat\"}]}]}<\/script>\n<!-- \/ Yoast SEO plugin. -->","yoast_head_json":{"title":"Problemet me baz\u00ebn e thundrave te dosat - Austria Praemix","robots":{"index":"index","follow":"follow","max-snippet":"max-snippet:-1","max-image-preview":"max-image-preview:large","max-video-preview":"max-video-preview:-1"},"canonical":"https:\/\/ap.com.al\/?page_id=9760","og_locale":"en_US","og_type":"article","og_title":"Problemet me baz\u00ebn e thundrave te dosat - Austria Praemix","og_description":"Problemet me baz\u00ebn e thundrave te dosat P\u00ebrpunuar nga Klevis Xhardja \u00c7far\u00eb ndihmon kur asgj\u00eb nuk funksionon? N\u00ebse 10 deri n\u00eb 20 % e dosave hiqen \u00e7do vit p\u00ebr shkak t\u00eb problemeve me baz\u00ebn e thundrave, \u00ebsht\u00eb e qart\u00eb se nj\u00eb baz\u00eb e q\u00ebndrueshme nuk sjell vet\u00ebm p\u00ebrfitime p\u00ebr kafsh\u00ebn, por edhe p\u00ebr situat\u00ebn financiare [&hellip;]","og_url":"https:\/\/ap.com.al\/?page_id=9760","og_site_name":"Austria Praemix","article_publisher":"https:\/\/www.facebook.com\/austriapraemiks\/","article_modified_time":"2025-11-14T13:53:18+00:00","og_image":[{"url":"https:\/\/ap.com.al\/wp-content\/uploads\/2022\/03\/Asset-54-1.png"}],"twitter_card":"summary_large_image","twitter_misc":{"Est. reading time":"1 minute"},"schema":{"@context":"https:\/\/schema.org","@graph":[{"@type":"Organization","@id":"https:\/\/ap.com.al\/#organization","name":"Austria Preamix","url":"https:\/\/ap.com.al\/","sameAs":["https:\/\/www.instagram.com\/austriapraemix\/","https:\/\/www.facebook.com\/austriapraemiks\/"],"logo":{"@type":"ImageObject","inLanguage":"en-US","@id":"https:\/\/ap.com.al\/#\/schema\/logo\/image\/","url":"https:\/\/ap.com.al\/wp-content\/uploads\/2022\/02\/AP-logo.png","contentUrl":"https:\/\/ap.com.al\/wp-content\/uploads\/2022\/02\/AP-logo.png","width":3358,"height":1616,"caption":"Austria Preamix"},"image":{"@id":"https:\/\/ap.com.al\/#\/schema\/logo\/image\/"}},{"@type":"WebSite","@id":"https:\/\/ap.com.al\/#website","url":"https:\/\/ap.com.al\/","name":"Austria Praemix","description":"","publisher":{"@id":"https:\/\/ap.com.al\/#organization"},"potentialAction":[{"@type":"SearchAction","target":{"@type":"EntryPoint","urlTemplate":"https:\/\/ap.com.al\/?s={search_term_string}"},"query-input":"required name=search_term_string"}],"inLanguage":"en-US"},{"@type":"ImageObject","inLanguage":"en-US","@id":"https:\/\/ap.com.al\/?page_id=9760#primaryimage","url":"https:\/\/ap.com.al\/wp-content\/uploads\/2022\/03\/Asset-54-1.png","contentUrl":"https:\/\/ap.com.al\/wp-content\/uploads\/2022\/03\/Asset-54-1.png","width":355,"height":354},{"@type":"WebPage","@id":"https:\/\/ap.com.al\/?page_id=9760#webpage","url":"https:\/\/ap.com.al\/?page_id=9760","name":"Problemet me baz\u00ebn e thundrave te dosat - Austria Praemix","isPartOf":{"@id":"https:\/\/ap.com.al\/#website"},"primaryImageOfPage":{"@id":"https:\/\/ap.com.al\/?page_id=9760#primaryimage"},"datePublished":"2025-11-11T09:48:51+00:00","dateModified":"2025-11-14T13:53:18+00:00","breadcrumb":{"@id":"https:\/\/ap.com.al\/?page_id=9760#breadcrumb"},"inLanguage":"en-US","potentialAction":[{"@type":"ReadAction","target":["https:\/\/ap.com.al\/?page_id=9760"]}]},{"@type":"BreadcrumbList","@id":"https:\/\/ap.com.al\/?page_id=9760#breadcrumb","itemListElement":[{"@type":"ListItem","position":1,"name":"Home","item":"https:\/\/ap.com.al\/"},{"@type":"ListItem","position":2,"name":"Problemet me baz\u00ebn e thundrave te dosat"}]}]}},"_links":{"self":[{"href":"https:\/\/ap.com.al\/index.php?rest_route=\/wp\/v2\/pages\/9760","targetHints":{"allow":["GET"]}}],"collection":[{"href":"https:\/\/ap.com.al\/index.php?rest_route=\/wp\/v2\/pages"}],"about":[{"href":"https:\/\/ap.com.al\/index.php?rest_route=\/wp\/v2\/types\/page"}],"author":[{"embeddable":true,"href":"https:\/\/ap.com.al\/index.php?rest_route=\/wp\/v2\/users\/2"}],"replies":[{"embeddable":true,"href":"https:\/\/ap.com.al\/index.php?rest_route=%2Fwp%2Fv2%2Fcomments&post=9760"}],"version-history":[{"count":2,"href":"https:\/\/ap.com.al\/index.php?rest_route=\/wp\/v2\/pages\/9760\/revisions"}],"predecessor-version":[{"id":9793,"href":"https:\/\/ap.com.al\/index.php?rest_route=\/wp\/v2\/pages\/9760\/revisions\/9793"}],"wp:attachment":[{"href":"https:\/\/ap.com.al\/index.php?rest_route=%2Fwp%2Fv2%2Fmedia&parent=9760"}],"curies":[{"name":"wp","href":"https:\/\/api.w.org\/{rel}","templated":true}]}}