{"id":9762,"date":"2025-11-11T09:55:14","date_gmt":"2025-11-11T09:55:14","guid":{"rendered":"https:\/\/ap.com.al\/?page_id=9762"},"modified":"2025-11-14T13:53:35","modified_gmt":"2025-11-14T13:53:35","slug":"menaxhimi-i-higjienes","status":"publish","type":"page","link":"https:\/\/ap.com.al\/?page_id=9762","title":{"rendered":"Menaxhimi i higjien\u00ebs"},"content":{"rendered":"\n<p><\/p>\n\n\n\n<p><\/p>\n\n\n\n<style>\n  #oniiii{\n    background-image:url(\"https:\/\/ap.com.al\/wp-content\/uploads\/2025\/11\/Artikull-banner-14.png\");\n    padding-bottom: 32%;\n    background-position:center left;\n    background-repeat: no-repeat;\n    background-size:cover;\n  }\n  <\/style>\n  <script src=\"https:\/\/code.jquery.com\/jquery-3.5.0.js\">\n<\/script>\n\n<div id=\"oniiii\"><\/div>\n \n<script>\n$( \"#oniiii\" ).insertBefore( \".container_wrap_first\" );\n<\/script>\n\n\n\n<div class=\"wp-block-columns\" id=\"containerr\">\n<div class=\"wp-block-column\">\n<div class=\"avia_textblock\" itemprop=\"text\"><h4 style=\"color:#005a8c;\n\">Menaxhimi i higjien\u00ebs<\/h4>\n<p align=\"right\">\n   P\u00ebrpunuar nga Klevis Xhardja\n<\/p>\n<\/div>\n<\/div>\n<\/div>\n\n\n\n<div class=\"wp-block-columns\" id=\"containerr\">\n<div class=\"wp-block-column\">\n<div class=\"detail__certificates-item-icon\">\n<img decoding=\"async\" alt=\"SCHAUMALAC M 70 \" src=\"https:\/\/ap.com.al\/wp-content\/uploads\/2022\/03\/Asset-54-1.png\">\n<\/div>\n<\/div>\n<\/div>\n\n\n\n<div class=\"wp-block-columns\" id=\"containerr\">\n<div class=\"wp-block-column\">\n<div class=\"blue_marker_list\">\n<p align=\"justify\" style=\"margin-bottom: 0;\">Thelbi \u00ebsht\u00eb i thjesht\u00eb: Parandalim n\u00eb vend t\u00eb trajtimit! Q\u00ebllimi duhet t\u00eb jet\u00eb mbajtja e kafsh\u00ebve t\u00eb sh\u00ebndetshme p\u00ebrmes menaxhimit t\u00eb mir\u00eb dhe masave t\u00eb q\u00ebndrueshme higjienike.\n<\/p>\n<h4 style=\"padding-top: 20px;\">Pastrimi i bokseve p\u00ebr l\u00ebvizje<\/h4>\n<p align=\"justify\" style=\"margin-bottom: 0;\">Nj\u00eb sfid\u00eb e madhe p\u00ebr menaxhimin e parazit\u00ebve n\u00eb blegtorin\u00eb e derrave jan\u00eb bokset e ngurt\u00ebsuara q\u00eb p\u00ebrdoren p\u00ebr l\u00ebvizje. Fe\u00e7et ngelen n\u00eb sip\u00ebrfaqet e ngurt\u00ebsuara. Aty mund t\u00eb krijohet nj\u00eb terren i p\u00ebrsosur p\u00ebr mbar\u00ebshtimin e baktereve, mikrobeve dhe parazit\u00ebve, i cili favorizohet edhe nga lag\u00ebshtia. Derrat zhyten n\u00eb fe\u00e7et e tyre &#8211; sidomos n\u00eb mot t\u00eb nxeht\u00eb &#8211; dhe g\u00eblltisin parazit\u00eb dhe mikrobe. Prandaj, \u00ebsht\u00eb e r\u00ebnd\u00ebsishme t\u00eb hiqni dhe pastroni rregullisht bokset.\n<\/p>\n<h4 style=\"padding-top: 20px;\">Pastrimi i stall\u00ebs<\/h4>\n<p align=\"justify\" style=\"margin-bottom: 0;\">N\u00ebse stalla \u00ebsht\u00eb p\u00ebrkoh\u00ebsisht bosh, rekomandohet pastrimi i that\u00eb dhe i lag\u00ebsht.. M\u00eb pas, stalla duhet t\u00eb thahet. P\u00ebrve\u00e7 k\u00ebsaj, mund t\u00eb p\u00ebrdoren acide dhe pluhur guri, si dhe sip\u00ebrfaqet mund t\u00eb trajtohen me g\u00eblqere ose mikroorganizma efektiv\u00eb. Pajisjet dhe aksesor\u00ebt duhet gjithashtu t\u00eb pastrohen.\n<\/p>\n<h4 style=\"padding-top: 20px;\">T\u00eb ket\u00eb mjaftuesh\u00ebm kasht\u00eb<\/h4>\n<p align=\"justify\" style=\"margin-bottom: 0;\">Derrat q\u00ebndrojn\u00eb t\u00eb past\u00ebr n\u00ebse kan\u00eb sip\u00ebrfaqe t\u00eb thata dhe t\u00eb nd\u00ebrthurura mir\u00eb.\n<\/p>\n<h4 style=\"padding-top: 20px;\">Sigurimi i mir\u00eb i bokseve<\/h4>\n<p align=\"justify\" style=\"margin-bottom: 0;\">Bokset duhet t\u00eb sigurohen n\u00eb m\u00ebnyr\u00eb t\u00eb till\u00eb q\u00eb derri i eg\u00ebr t\u00eb mos ket\u00eb kontakt t\u00eb drejtp\u00ebrdrejt\u00eb me derrat e but\u00eb. Ata sigurohen m\u00eb s\u00eb miri me gardh t\u00eb dyfisht\u00eb.\n<\/p>\n<\/div>\n<\/div>\n<\/div>\n\n\n\n<p><\/p>\n","protected":false},"excerpt":{"rendered":"<p>Menaxhimi i higjien\u00ebs P\u00ebrpunuar nga Klevis Xhardja Thelbi \u00ebsht\u00eb i thjesht\u00eb: Parandalim n\u00eb vend t\u00eb trajtimit! Q\u00ebllimi duhet t\u00eb jet\u00eb mbajtja e kafsh\u00ebve t\u00eb sh\u00ebndetshme p\u00ebrmes menaxhimit t\u00eb mir\u00eb dhe masave t\u00eb q\u00ebndrueshme higjienike. Pastrimi i bokseve p\u00ebr l\u00ebvizje Nj\u00eb sfid\u00eb e madhe p\u00ebr menaxhimin e parazit\u00ebve n\u00eb blegtorin\u00eb e derrave jan\u00eb bokset e ngurt\u00ebsuara [&hellip;]<\/p>\n","protected":false},"author":2,"featured_media":0,"parent":0,"menu_order":0,"comment_status":"closed","ping_status":"closed","template":"","meta":{"inline_featured_image":false,"footnotes":""},"class_list":["post-9762","page","type-page","status-publish","hentry"],"yoast_head":"<!-- This site is optimized with the Yoast SEO plugin v18.9 - https:\/\/yoast.com\/wordpress\/plugins\/seo\/ -->\n<title>Menaxhimi i higjien\u00ebs - Austria Praemix<\/title>\n<meta name=\"robots\" content=\"index, follow, max-snippet:-1, max-image-preview:large, max-video-preview:-1\" \/>\n<link rel=\"canonical\" href=\"https:\/\/ap.com.al\/?page_id=9762\" \/>\n<meta property=\"og:locale\" content=\"en_US\" \/>\n<meta property=\"og:type\" content=\"article\" \/>\n<meta property=\"og:title\" content=\"Menaxhimi i higjien\u00ebs - Austria Praemix\" \/>\n<meta property=\"og:description\" content=\"Menaxhimi i higjien\u00ebs P\u00ebrpunuar nga Klevis Xhardja Thelbi \u00ebsht\u00eb i thjesht\u00eb: Parandalim n\u00eb vend t\u00eb trajtimit! Q\u00ebllimi duhet t\u00eb jet\u00eb mbajtja e kafsh\u00ebve t\u00eb sh\u00ebndetshme p\u00ebrmes menaxhimit t\u00eb mir\u00eb dhe masave t\u00eb q\u00ebndrueshme higjienike. Pastrimi i bokseve p\u00ebr l\u00ebvizje Nj\u00eb sfid\u00eb e madhe p\u00ebr menaxhimin e parazit\u00ebve n\u00eb blegtorin\u00eb e derrave jan\u00eb bokset e ngurt\u00ebsuara [&hellip;]\" \/>\n<meta property=\"og:url\" content=\"https:\/\/ap.com.al\/?page_id=9762\" \/>\n<meta property=\"og:site_name\" content=\"Austria Praemix\" \/>\n<meta property=\"article:publisher\" content=\"https:\/\/www.facebook.com\/austriapraemiks\/\" \/>\n<meta property=\"article:modified_time\" content=\"2025-11-14T13:53:35+00:00\" \/>\n<meta property=\"og:image\" content=\"https:\/\/ap.com.al\/wp-content\/uploads\/2022\/03\/Asset-54-1.png\" \/>\n<meta name=\"twitter:card\" content=\"summary_large_image\" \/>\n<meta name=\"twitter:label1\" content=\"Est. reading time\" \/>\n\t<meta name=\"twitter:data1\" content=\"1 minute\" \/>\n<script type=\"application\/ld+json\" class=\"yoast-schema-graph\">{\"@context\":\"https:\/\/schema.org\",\"@graph\":[{\"@type\":\"Organization\",\"@id\":\"https:\/\/ap.com.al\/#organization\",\"name\":\"Austria Preamix\",\"url\":\"https:\/\/ap.com.al\/\",\"sameAs\":[\"https:\/\/www.instagram.com\/austriapraemix\/\",\"https:\/\/www.facebook.com\/austriapraemiks\/\"],\"logo\":{\"@type\":\"ImageObject\",\"inLanguage\":\"en-US\",\"@id\":\"https:\/\/ap.com.al\/#\/schema\/logo\/image\/\",\"url\":\"https:\/\/ap.com.al\/wp-content\/uploads\/2022\/02\/AP-logo.png\",\"contentUrl\":\"https:\/\/ap.com.al\/wp-content\/uploads\/2022\/02\/AP-logo.png\",\"width\":3358,\"height\":1616,\"caption\":\"Austria Preamix\"},\"image\":{\"@id\":\"https:\/\/ap.com.al\/#\/schema\/logo\/image\/\"}},{\"@type\":\"WebSite\",\"@id\":\"https:\/\/ap.com.al\/#website\",\"url\":\"https:\/\/ap.com.al\/\",\"name\":\"Austria Praemix\",\"description\":\"\",\"publisher\":{\"@id\":\"https:\/\/ap.com.al\/#organization\"},\"potentialAction\":[{\"@type\":\"SearchAction\",\"target\":{\"@type\":\"EntryPoint\",\"urlTemplate\":\"https:\/\/ap.com.al\/?s={search_term_string}\"},\"query-input\":\"required name=search_term_string\"}],\"inLanguage\":\"en-US\"},{\"@type\":\"ImageObject\",\"inLanguage\":\"en-US\",\"@id\":\"https:\/\/ap.com.al\/?page_id=9762#primaryimage\",\"url\":\"https:\/\/ap.com.al\/wp-content\/uploads\/2022\/03\/Asset-54-1.png\",\"contentUrl\":\"https:\/\/ap.com.al\/wp-content\/uploads\/2022\/03\/Asset-54-1.png\",\"width\":355,\"height\":354},{\"@type\":\"WebPage\",\"@id\":\"https:\/\/ap.com.al\/?page_id=9762#webpage\",\"url\":\"https:\/\/ap.com.al\/?page_id=9762\",\"name\":\"Menaxhimi i higjien\u00ebs - Austria Praemix\",\"isPartOf\":{\"@id\":\"https:\/\/ap.com.al\/#website\"},\"primaryImageOfPage\":{\"@id\":\"https:\/\/ap.com.al\/?page_id=9762#primaryimage\"},\"datePublished\":\"2025-11-11T09:55:14+00:00\",\"dateModified\":\"2025-11-14T13:53:35+00:00\",\"breadcrumb\":{\"@id\":\"https:\/\/ap.com.al\/?page_id=9762#breadcrumb\"},\"inLanguage\":\"en-US\",\"potentialAction\":[{\"@type\":\"ReadAction\",\"target\":[\"https:\/\/ap.com.al\/?page_id=9762\"]}]},{\"@type\":\"BreadcrumbList\",\"@id\":\"https:\/\/ap.com.al\/?page_id=9762#breadcrumb\",\"itemListElement\":[{\"@type\":\"ListItem\",\"position\":1,\"name\":\"Home\",\"item\":\"https:\/\/ap.com.al\/\"},{\"@type\":\"ListItem\",\"position\":2,\"name\":\"Menaxhimi i higjien\u00ebs\"}]}]}<\/script>\n<!-- \/ Yoast SEO plugin. -->","yoast_head_json":{"title":"Menaxhimi i higjien\u00ebs - Austria Praemix","robots":{"index":"index","follow":"follow","max-snippet":"max-snippet:-1","max-image-preview":"max-image-preview:large","max-video-preview":"max-video-preview:-1"},"canonical":"https:\/\/ap.com.al\/?page_id=9762","og_locale":"en_US","og_type":"article","og_title":"Menaxhimi i higjien\u00ebs - Austria Praemix","og_description":"Menaxhimi i higjien\u00ebs P\u00ebrpunuar nga Klevis Xhardja Thelbi \u00ebsht\u00eb i thjesht\u00eb: Parandalim n\u00eb vend t\u00eb trajtimit! Q\u00ebllimi duhet t\u00eb jet\u00eb mbajtja e kafsh\u00ebve t\u00eb sh\u00ebndetshme p\u00ebrmes menaxhimit t\u00eb mir\u00eb dhe masave t\u00eb q\u00ebndrueshme higjienike. Pastrimi i bokseve p\u00ebr l\u00ebvizje Nj\u00eb sfid\u00eb e madhe p\u00ebr menaxhimin e parazit\u00ebve n\u00eb blegtorin\u00eb e derrave jan\u00eb bokset e ngurt\u00ebsuara [&hellip;]","og_url":"https:\/\/ap.com.al\/?page_id=9762","og_site_name":"Austria Praemix","article_publisher":"https:\/\/www.facebook.com\/austriapraemiks\/","article_modified_time":"2025-11-14T13:53:35+00:00","og_image":[{"url":"https:\/\/ap.com.al\/wp-content\/uploads\/2022\/03\/Asset-54-1.png"}],"twitter_card":"summary_large_image","twitter_misc":{"Est. reading time":"1 minute"},"schema":{"@context":"https:\/\/schema.org","@graph":[{"@type":"Organization","@id":"https:\/\/ap.com.al\/#organization","name":"Austria Preamix","url":"https:\/\/ap.com.al\/","sameAs":["https:\/\/www.instagram.com\/austriapraemix\/","https:\/\/www.facebook.com\/austriapraemiks\/"],"logo":{"@type":"ImageObject","inLanguage":"en-US","@id":"https:\/\/ap.com.al\/#\/schema\/logo\/image\/","url":"https:\/\/ap.com.al\/wp-content\/uploads\/2022\/02\/AP-logo.png","contentUrl":"https:\/\/ap.com.al\/wp-content\/uploads\/2022\/02\/AP-logo.png","width":3358,"height":1616,"caption":"Austria Preamix"},"image":{"@id":"https:\/\/ap.com.al\/#\/schema\/logo\/image\/"}},{"@type":"WebSite","@id":"https:\/\/ap.com.al\/#website","url":"https:\/\/ap.com.al\/","name":"Austria Praemix","description":"","publisher":{"@id":"https:\/\/ap.com.al\/#organization"},"potentialAction":[{"@type":"SearchAction","target":{"@type":"EntryPoint","urlTemplate":"https:\/\/ap.com.al\/?s={search_term_string}"},"query-input":"required name=search_term_string"}],"inLanguage":"en-US"},{"@type":"ImageObject","inLanguage":"en-US","@id":"https:\/\/ap.com.al\/?page_id=9762#primaryimage","url":"https:\/\/ap.com.al\/wp-content\/uploads\/2022\/03\/Asset-54-1.png","contentUrl":"https:\/\/ap.com.al\/wp-content\/uploads\/2022\/03\/Asset-54-1.png","width":355,"height":354},{"@type":"WebPage","@id":"https:\/\/ap.com.al\/?page_id=9762#webpage","url":"https:\/\/ap.com.al\/?page_id=9762","name":"Menaxhimi i higjien\u00ebs - Austria Praemix","isPartOf":{"@id":"https:\/\/ap.com.al\/#website"},"primaryImageOfPage":{"@id":"https:\/\/ap.com.al\/?page_id=9762#primaryimage"},"datePublished":"2025-11-11T09:55:14+00:00","dateModified":"2025-11-14T13:53:35+00:00","breadcrumb":{"@id":"https:\/\/ap.com.al\/?page_id=9762#breadcrumb"},"inLanguage":"en-US","potentialAction":[{"@type":"ReadAction","target":["https:\/\/ap.com.al\/?page_id=9762"]}]},{"@type":"BreadcrumbList","@id":"https:\/\/ap.com.al\/?page_id=9762#breadcrumb","itemListElement":[{"@type":"ListItem","position":1,"name":"Home","item":"https:\/\/ap.com.al\/"},{"@type":"ListItem","position":2,"name":"Menaxhimi i higjien\u00ebs"}]}]}},"_links":{"self":[{"href":"https:\/\/ap.com.al\/index.php?rest_route=\/wp\/v2\/pages\/9762","targetHints":{"allow":["GET"]}}],"collection":[{"href":"https:\/\/ap.com.al\/index.php?rest_route=\/wp\/v2\/pages"}],"about":[{"href":"https:\/\/ap.com.al\/index.php?rest_route=\/wp\/v2\/types\/page"}],"author":[{"embeddable":true,"href":"https:\/\/ap.com.al\/index.php?rest_route=\/wp\/v2\/users\/2"}],"replies":[{"embeddable":true,"href":"https:\/\/ap.com.al\/index.php?rest_route=%2Fwp%2Fv2%2Fcomments&post=9762"}],"version-history":[{"count":2,"href":"https:\/\/ap.com.al\/index.php?rest_route=\/wp\/v2\/pages\/9762\/revisions"}],"predecessor-version":[{"id":9794,"href":"https:\/\/ap.com.al\/index.php?rest_route=\/wp\/v2\/pages\/9762\/revisions\/9794"}],"wp:attachment":[{"href":"https:\/\/ap.com.al\/index.php?rest_route=%2Fwp%2Fv2%2Fmedia&parent=9762"}],"curies":[{"name":"wp","href":"https:\/\/api.w.org\/{rel}","templated":true}]}}