{"id":9764,"date":"2025-11-14T12:09:32","date_gmt":"2025-11-14T12:09:32","guid":{"rendered":"https:\/\/ap.com.al\/?page_id=9764"},"modified":"2025-11-14T13:54:58","modified_gmt":"2025-11-14T13:54:58","slug":"kulloshtra-siguron-nje-fillim-te-suksesshem-ne-jete","status":"publish","type":"page","link":"https:\/\/ap.com.al\/?page_id=9764","title":{"rendered":"Kulloshtra siguron nj\u00eb fillim t\u00eb suksessh\u00ebm n\u00eb jet\u00eb"},"content":{"rendered":"\n<style>\n  #oniiii{\n    background-image:url(\"https:\/\/ap.com.al\/wp-content\/uploads\/2025\/11\/Artikull-banner-15.png\");\n    padding-bottom: 32%;\n    background-position:center center;\n    background-repeat: no-repeat;\n    background-size:cover;\n  }\n  <\/style>\n  <script src=\"https:\/\/code.jquery.com\/jquery-3.5.0.js\">\n<\/script>\n\n<div id=\"oniiii\"><\/div>\n \n<script>\n$( \"#oniiii\" ).insertBefore( \".container_wrap_first\" );\n<\/script>\n\n\n\n<div class=\"wp-block-columns\" id=\"containerr\">\n<div class=\"wp-block-column\">\n<div class=\"avia_textblock\" itemprop=\"text\"><h4 style=\"color:#005a8c;\n\">Kulloshtra siguron nj\u00eb fillim t\u00eb suksessh\u00ebm n\u00eb jet\u00eb<\/h4>\n<p align=\"right\">\n   P\u00ebrpunuar nga Klevis Xhardja\n<\/p>\n<\/div>\n<\/div>\n<\/div>\n\n\n\n<div class=\"wp-block-columns\" id=\"containerr\">\n<div class=\"wp-block-column\">\n<div class=\"detail__certificates-item-icon\">\n<img decoding=\"async\" alt=\"Icon RINDAMAST UNI\" src=\"https:\/\/ap.com.al\/wp-content\/uploads\/2022\/03\/Asset-51-1.png\">\n<\/div>\n<\/div>\n<\/div>\n\n\n\n<div class=\"wp-block-columns\" id=\"containerr\">\n<div class=\"wp-block-column\">\n<div class=\"blue_marker_list\">\n<p align=\"justify\">Furnizimi i vi\u00e7it me antitrupa n\u00ebp\u00ebrmjet kolostrumit n\u00eb or\u00ebt e para t\u00eb jet\u00ebs p\u00ebrcakton se sa i suksessh\u00ebm dhe i sh\u00ebndetsh\u00ebm do t\u00eb jet\u00eb zhvillimi dhe pjesa tjet\u00ebr e jet\u00ebs s\u00eb tij. \n<\/p>\n<h4>Or\u00ebt e para jan\u00eb vendimtare!<\/h4>\n<p align=\"justify\">Nj\u00eb vi\u00e7 duhet t\u00eb marr\u00eb rreth 200 g antitrupa n\u00eb or\u00ebt e para t\u00eb jet\u00ebs p\u00ebrmes kolostrumit. Kjo paraqet nj\u00eb sfid\u00eb t\u00eb madhe menaxhimi nga nj\u00ebra an\u00eb, p\u00ebrmbajtja e antitrupave n\u00eb kolostrum bie me shpejt\u00ebsi n\u00eb or\u00ebt pas pjelljes. Nga ana tjet\u00ebr, aft\u00ebsia e zorr\u00ebve p\u00ebr t\u00eb absorbuar antitrupat zvog\u00eblohet nga ora n\u00eb or\u00eb (shih Figur\u00ebn 1). Prandaj \u00ebsht\u00eb e r\u00ebnd\u00ebsishme q\u00eb t\u00eb veprohet shpejt dhe t\u00eb vler\u00ebsohet sa m\u00eb mir\u00eb cil\u00ebsia e kolostrumit.\n<\/p>\n<\/div>\n\n\n\n<figure class=\"wp-block-image size-full\"><img loading=\"lazy\" decoding=\"async\" width=\"436\" height=\"246\" src=\"https:\/\/ap.com.al\/wp-content\/uploads\/2025\/11\/image-5.png\" alt=\"\" class=\"wp-image-9765\" srcset=\"https:\/\/ap.com.al\/wp-content\/uploads\/2025\/11\/image-5.png 436w, https:\/\/ap.com.al\/wp-content\/uploads\/2025\/11\/image-5-300x169.png 300w\" sizes=\"auto, (max-width: 436px) 100vw, 436px\" \/><\/figure>\n\n\n\n<div class=\"blue_marker_list\">\n<p align=\"justify\">1. P\u00ebrdorimi i nj\u00eb refraktometri \u00ebsht\u00eb m\u00ebnyra m\u00eb e shpejt\u00eb dhe m\u00eb e thjesht\u00eb p\u00ebr t\u00eb vler\u00ebsuar cil\u00ebsin\u00eb e kolostrumit. Para p\u00ebrdorimit t\u00eb par\u00eb, pajisja duhet patjet\u00ebr t\u00eb kalibrohet sipas udh\u00ebzimeve t\u00eb prodhuesit. M\u00eb pas, vendosen nj\u00eb deri n\u00eb dy pika kolostrum n\u00eb prizmin e refraktometrit dhe kapaku mbyllet n\u00eb m\u00ebnyr\u00eb q\u00eb l\u00ebngu t\u00eb shp\u00ebrndahet nj\u00ebtrajtsh\u00ebm n\u00eb sip\u00ebrfaqe. Pasi t\u00eb jet\u00eb b\u00ebr\u00eb shp\u00ebrndarja, vlera Brix lexohet n\u00eb pik\u00ebn ku zona e bardh\u00eb kalon n\u00eb zon\u00ebn blu, duke dh\u00ebn\u00eb k\u00ebshtu nj\u00eb tregues t\u00eb qart\u00eb p\u00ebr cil\u00ebsin\u00eb e kolostrumit.<\/p>\n<p align=\"justify\">2. Nj\u00eb kullosht\u00ebr e mir\u00eb duhet t\u00eb ket\u00eb t\u00eb pakt\u00ebn 22% Brix. Kjo korrespondon me nj\u00eb p\u00ebrmbajtje antitrupash prej rreth 75 gram\u00eb p\u00ebr lit\u00ebr kullosht\u00ebr. Megjithat\u00eb, nj\u00eb vler\u00eb e lart\u00eb Brix \u00ebsht\u00eb e dobishme vet\u00ebm n\u00ebse kulloshtra i jepet vi\u00e7it brenda or\u00ebve t\u00eb para t\u00eb jet\u00ebs. Vet\u00ebm at\u00ebher\u00eb vi\u00e7i mund t&#8217;i absorboj\u00eb n\u00eb m\u00ebnyr\u00eb efektive antitrupat.<\/p>\n<\/div>\n\n\n\n<figure class=\"wp-block-image size-full\"><img loading=\"lazy\" decoding=\"async\" width=\"386\" height=\"444\" src=\"https:\/\/ap.com.al\/wp-content\/uploads\/2025\/11\/image-6.png\" alt=\"\" class=\"wp-image-9766\" srcset=\"https:\/\/ap.com.al\/wp-content\/uploads\/2025\/11\/image-6.png 386w, https:\/\/ap.com.al\/wp-content\/uploads\/2025\/11\/image-6-261x300.png 261w\" sizes=\"auto, (max-width: 386px) 100vw, 386px\" \/><\/figure>\n\n\n\n<div class=\"blue_marker_list\">\n<h4 style=\"padding-top: 20px;\">V\u00ebshtrim i p\u00ebrgjithsh\u00ebm p\u00ebr vler\u00ebsimin e cil\u00ebsis\u00eb s\u00eb kolostrumit<\/h4>\n<p align=\"justify\">N\u00ebse vlera e Brix-it rezulton e ul\u00ebt, duhet t\u00eb merren parasysh disa faktor\u00eb q\u00eb ndikojn\u00eb drejtp\u00ebrdrejt n\u00eb cil\u00ebsin\u00eb e kolostrumit. Ushqimi i that\u00eb i lop\u00ebs luan nj\u00eb rol thelb\u00ebsor, pasi vet\u00ebm lop\u00ebt q\u00eb furnizohen n\u00eb m\u00ebnyr\u00eb t\u00eb mjaftueshme me l\u00ebnd\u00eb ushqyese, vitamina dhe element\u00eb gjurm\u00eb gjat\u00eb k\u00ebsaj periudhe jan\u00eb n\u00eb gjendje t\u00eb prodhojn\u00eb kolostrum cil\u00ebsor dhe n\u00eb sasi t\u00eb mjaftueshme. Edhe mosha e lop\u00ebs \u00ebsht\u00eb nj\u00eb element ndikues, sepse vlerat e Brix-it rriten me kalimin e viteve, p\u00ebr shkak t\u00eb ekspozimit t\u00eb saj gradual ndaj patogjen\u00ebve dhe formimit t\u00eb antitrupave p\u00ebrkat\u00ebs. Po ashtu, koha e mjeljes s\u00eb par\u00eb pas pjelljes \u00ebsht\u00eb vendimtare: kolostrumi duhet t\u00eb mblidhet dhe t\u2019i jepet vi\u00e7it brenda 3\u20134 or\u00ebve t\u00eb para p\u00ebr t\u00eb siguruar p\u00ebrfitimin maksimal. N\u00eb raste kur nevojitet mb\u00ebshtetje shtes\u00eb, p\u00ebrdorimi i p\u00ebrmir\u00ebsuesve t\u00eb posa\u00e7\u00ebm t\u00eb kolostrumit mund t\u00eb rris\u00eb furnizimin me imunoglobulina.<\/p>\n\n<\/div>\n<\/div>\n<\/div>\n\n\n\n<p><\/p>\n","protected":false},"excerpt":{"rendered":"<p>Kulloshtra siguron nj\u00eb fillim t\u00eb suksessh\u00ebm n\u00eb jet\u00eb P\u00ebrpunuar nga Klevis Xhardja Furnizimi i vi\u00e7it me antitrupa n\u00ebp\u00ebrmjet kolostrumit n\u00eb or\u00ebt e para t\u00eb jet\u00ebs p\u00ebrcakton se sa i suksessh\u00ebm dhe i sh\u00ebndetsh\u00ebm do t\u00eb jet\u00eb zhvillimi dhe pjesa tjet\u00ebr e jet\u00ebs s\u00eb tij. Or\u00ebt e para jan\u00eb vendimtare! Nj\u00eb vi\u00e7 duhet t\u00eb marr\u00eb rreth [&hellip;]<\/p>\n","protected":false},"author":2,"featured_media":0,"parent":0,"menu_order":0,"comment_status":"closed","ping_status":"closed","template":"","meta":{"inline_featured_image":false,"footnotes":""},"class_list":["post-9764","page","type-page","status-publish","hentry"],"yoast_head":"<!-- This site is optimized with the Yoast SEO plugin v18.9 - https:\/\/yoast.com\/wordpress\/plugins\/seo\/ -->\n<title>Kulloshtra siguron nj\u00eb fillim t\u00eb suksessh\u00ebm n\u00eb jet\u00eb - Austria Praemix<\/title>\n<meta name=\"robots\" content=\"index, follow, max-snippet:-1, max-image-preview:large, max-video-preview:-1\" \/>\n<link rel=\"canonical\" href=\"https:\/\/ap.com.al\/?page_id=9764\" \/>\n<meta property=\"og:locale\" content=\"en_US\" \/>\n<meta property=\"og:type\" content=\"article\" \/>\n<meta property=\"og:title\" content=\"Kulloshtra siguron nj\u00eb fillim t\u00eb suksessh\u00ebm n\u00eb jet\u00eb - Austria Praemix\" \/>\n<meta property=\"og:description\" content=\"Kulloshtra siguron nj\u00eb fillim t\u00eb suksessh\u00ebm n\u00eb jet\u00eb P\u00ebrpunuar nga Klevis Xhardja Furnizimi i vi\u00e7it me antitrupa n\u00ebp\u00ebrmjet kolostrumit n\u00eb or\u00ebt e para t\u00eb jet\u00ebs p\u00ebrcakton se sa i suksessh\u00ebm dhe i sh\u00ebndetsh\u00ebm do t\u00eb jet\u00eb zhvillimi dhe pjesa tjet\u00ebr e jet\u00ebs s\u00eb tij. Or\u00ebt e para jan\u00eb vendimtare! Nj\u00eb vi\u00e7 duhet t\u00eb marr\u00eb rreth [&hellip;]\" \/>\n<meta property=\"og:url\" content=\"https:\/\/ap.com.al\/?page_id=9764\" \/>\n<meta property=\"og:site_name\" content=\"Austria Praemix\" \/>\n<meta property=\"article:publisher\" content=\"https:\/\/www.facebook.com\/austriapraemiks\/\" \/>\n<meta property=\"article:modified_time\" content=\"2025-11-14T13:54:58+00:00\" \/>\n<meta property=\"og:image\" content=\"https:\/\/ap.com.al\/wp-content\/uploads\/2022\/03\/Asset-51-1.png\" \/>\n<meta name=\"twitter:card\" content=\"summary_large_image\" \/>\n<meta name=\"twitter:label1\" content=\"Est. reading time\" \/>\n\t<meta name=\"twitter:data1\" content=\"1 minute\" \/>\n<script type=\"application\/ld+json\" class=\"yoast-schema-graph\">{\"@context\":\"https:\/\/schema.org\",\"@graph\":[{\"@type\":\"Organization\",\"@id\":\"https:\/\/ap.com.al\/#organization\",\"name\":\"Austria Preamix\",\"url\":\"https:\/\/ap.com.al\/\",\"sameAs\":[\"https:\/\/www.instagram.com\/austriapraemix\/\",\"https:\/\/www.facebook.com\/austriapraemiks\/\"],\"logo\":{\"@type\":\"ImageObject\",\"inLanguage\":\"en-US\",\"@id\":\"https:\/\/ap.com.al\/#\/schema\/logo\/image\/\",\"url\":\"https:\/\/ap.com.al\/wp-content\/uploads\/2022\/02\/AP-logo.png\",\"contentUrl\":\"https:\/\/ap.com.al\/wp-content\/uploads\/2022\/02\/AP-logo.png\",\"width\":3358,\"height\":1616,\"caption\":\"Austria Preamix\"},\"image\":{\"@id\":\"https:\/\/ap.com.al\/#\/schema\/logo\/image\/\"}},{\"@type\":\"WebSite\",\"@id\":\"https:\/\/ap.com.al\/#website\",\"url\":\"https:\/\/ap.com.al\/\",\"name\":\"Austria Praemix\",\"description\":\"\",\"publisher\":{\"@id\":\"https:\/\/ap.com.al\/#organization\"},\"potentialAction\":[{\"@type\":\"SearchAction\",\"target\":{\"@type\":\"EntryPoint\",\"urlTemplate\":\"https:\/\/ap.com.al\/?s={search_term_string}\"},\"query-input\":\"required name=search_term_string\"}],\"inLanguage\":\"en-US\"},{\"@type\":\"ImageObject\",\"inLanguage\":\"en-US\",\"@id\":\"https:\/\/ap.com.al\/?page_id=9764#primaryimage\",\"url\":\"https:\/\/ap.com.al\/wp-content\/uploads\/2022\/03\/Asset-51-1.png\",\"contentUrl\":\"https:\/\/ap.com.al\/wp-content\/uploads\/2022\/03\/Asset-51-1.png\",\"width\":355,\"height\":354},{\"@type\":\"WebPage\",\"@id\":\"https:\/\/ap.com.al\/?page_id=9764#webpage\",\"url\":\"https:\/\/ap.com.al\/?page_id=9764\",\"name\":\"Kulloshtra siguron nj\u00eb fillim t\u00eb suksessh\u00ebm n\u00eb jet\u00eb - Austria Praemix\",\"isPartOf\":{\"@id\":\"https:\/\/ap.com.al\/#website\"},\"primaryImageOfPage\":{\"@id\":\"https:\/\/ap.com.al\/?page_id=9764#primaryimage\"},\"datePublished\":\"2025-11-14T12:09:32+00:00\",\"dateModified\":\"2025-11-14T13:54:58+00:00\",\"breadcrumb\":{\"@id\":\"https:\/\/ap.com.al\/?page_id=9764#breadcrumb\"},\"inLanguage\":\"en-US\",\"potentialAction\":[{\"@type\":\"ReadAction\",\"target\":[\"https:\/\/ap.com.al\/?page_id=9764\"]}]},{\"@type\":\"BreadcrumbList\",\"@id\":\"https:\/\/ap.com.al\/?page_id=9764#breadcrumb\",\"itemListElement\":[{\"@type\":\"ListItem\",\"position\":1,\"name\":\"Home\",\"item\":\"https:\/\/ap.com.al\/\"},{\"@type\":\"ListItem\",\"position\":2,\"name\":\"Kulloshtra siguron nj\u00eb fillim t\u00eb suksessh\u00ebm n\u00eb jet\u00eb\"}]}]}<\/script>\n<!-- \/ Yoast SEO plugin. -->","yoast_head_json":{"title":"Kulloshtra siguron nj\u00eb fillim t\u00eb suksessh\u00ebm n\u00eb jet\u00eb - Austria Praemix","robots":{"index":"index","follow":"follow","max-snippet":"max-snippet:-1","max-image-preview":"max-image-preview:large","max-video-preview":"max-video-preview:-1"},"canonical":"https:\/\/ap.com.al\/?page_id=9764","og_locale":"en_US","og_type":"article","og_title":"Kulloshtra siguron nj\u00eb fillim t\u00eb suksessh\u00ebm n\u00eb jet\u00eb - Austria Praemix","og_description":"Kulloshtra siguron nj\u00eb fillim t\u00eb suksessh\u00ebm n\u00eb jet\u00eb P\u00ebrpunuar nga Klevis Xhardja Furnizimi i vi\u00e7it me antitrupa n\u00ebp\u00ebrmjet kolostrumit n\u00eb or\u00ebt e para t\u00eb jet\u00ebs p\u00ebrcakton se sa i suksessh\u00ebm dhe i sh\u00ebndetsh\u00ebm do t\u00eb jet\u00eb zhvillimi dhe pjesa tjet\u00ebr e jet\u00ebs s\u00eb tij. Or\u00ebt e para jan\u00eb vendimtare! Nj\u00eb vi\u00e7 duhet t\u00eb marr\u00eb rreth [&hellip;]","og_url":"https:\/\/ap.com.al\/?page_id=9764","og_site_name":"Austria Praemix","article_publisher":"https:\/\/www.facebook.com\/austriapraemiks\/","article_modified_time":"2025-11-14T13:54:58+00:00","og_image":[{"url":"https:\/\/ap.com.al\/wp-content\/uploads\/2022\/03\/Asset-51-1.png"}],"twitter_card":"summary_large_image","twitter_misc":{"Est. reading time":"1 minute"},"schema":{"@context":"https:\/\/schema.org","@graph":[{"@type":"Organization","@id":"https:\/\/ap.com.al\/#organization","name":"Austria Preamix","url":"https:\/\/ap.com.al\/","sameAs":["https:\/\/www.instagram.com\/austriapraemix\/","https:\/\/www.facebook.com\/austriapraemiks\/"],"logo":{"@type":"ImageObject","inLanguage":"en-US","@id":"https:\/\/ap.com.al\/#\/schema\/logo\/image\/","url":"https:\/\/ap.com.al\/wp-content\/uploads\/2022\/02\/AP-logo.png","contentUrl":"https:\/\/ap.com.al\/wp-content\/uploads\/2022\/02\/AP-logo.png","width":3358,"height":1616,"caption":"Austria Preamix"},"image":{"@id":"https:\/\/ap.com.al\/#\/schema\/logo\/image\/"}},{"@type":"WebSite","@id":"https:\/\/ap.com.al\/#website","url":"https:\/\/ap.com.al\/","name":"Austria Praemix","description":"","publisher":{"@id":"https:\/\/ap.com.al\/#organization"},"potentialAction":[{"@type":"SearchAction","target":{"@type":"EntryPoint","urlTemplate":"https:\/\/ap.com.al\/?s={search_term_string}"},"query-input":"required name=search_term_string"}],"inLanguage":"en-US"},{"@type":"ImageObject","inLanguage":"en-US","@id":"https:\/\/ap.com.al\/?page_id=9764#primaryimage","url":"https:\/\/ap.com.al\/wp-content\/uploads\/2022\/03\/Asset-51-1.png","contentUrl":"https:\/\/ap.com.al\/wp-content\/uploads\/2022\/03\/Asset-51-1.png","width":355,"height":354},{"@type":"WebPage","@id":"https:\/\/ap.com.al\/?page_id=9764#webpage","url":"https:\/\/ap.com.al\/?page_id=9764","name":"Kulloshtra siguron nj\u00eb fillim t\u00eb suksessh\u00ebm n\u00eb jet\u00eb - Austria Praemix","isPartOf":{"@id":"https:\/\/ap.com.al\/#website"},"primaryImageOfPage":{"@id":"https:\/\/ap.com.al\/?page_id=9764#primaryimage"},"datePublished":"2025-11-14T12:09:32+00:00","dateModified":"2025-11-14T13:54:58+00:00","breadcrumb":{"@id":"https:\/\/ap.com.al\/?page_id=9764#breadcrumb"},"inLanguage":"en-US","potentialAction":[{"@type":"ReadAction","target":["https:\/\/ap.com.al\/?page_id=9764"]}]},{"@type":"BreadcrumbList","@id":"https:\/\/ap.com.al\/?page_id=9764#breadcrumb","itemListElement":[{"@type":"ListItem","position":1,"name":"Home","item":"https:\/\/ap.com.al\/"},{"@type":"ListItem","position":2,"name":"Kulloshtra siguron nj\u00eb fillim t\u00eb suksessh\u00ebm n\u00eb jet\u00eb"}]}]}},"_links":{"self":[{"href":"https:\/\/ap.com.al\/index.php?rest_route=\/wp\/v2\/pages\/9764","targetHints":{"allow":["GET"]}}],"collection":[{"href":"https:\/\/ap.com.al\/index.php?rest_route=\/wp\/v2\/pages"}],"about":[{"href":"https:\/\/ap.com.al\/index.php?rest_route=\/wp\/v2\/types\/page"}],"author":[{"embeddable":true,"href":"https:\/\/ap.com.al\/index.php?rest_route=\/wp\/v2\/users\/2"}],"replies":[{"embeddable":true,"href":"https:\/\/ap.com.al\/index.php?rest_route=%2Fwp%2Fv2%2Fcomments&post=9764"}],"version-history":[{"count":2,"href":"https:\/\/ap.com.al\/index.php?rest_route=\/wp\/v2\/pages\/9764\/revisions"}],"predecessor-version":[{"id":9796,"href":"https:\/\/ap.com.al\/index.php?rest_route=\/wp\/v2\/pages\/9764\/revisions\/9796"}],"wp:attachment":[{"href":"https:\/\/ap.com.al\/index.php?rest_route=%2Fwp%2Fv2%2Fmedia&parent=9764"}],"curies":[{"name":"wp","href":"https:\/\/api.w.org\/{rel}","templated":true}]}}