{"id":9768,"date":"2025-11-14T12:19:37","date_gmt":"2025-11-14T12:19:37","guid":{"rendered":"https:\/\/ap.com.al\/?page_id=9768"},"modified":"2025-11-14T13:55:18","modified_gmt":"2025-11-14T13:55:18","slug":"igloo-individuale-strehimi-ideal-per-vicat-e-porsalindur","status":"publish","type":"page","link":"https:\/\/ap.com.al\/?page_id=9768","title":{"rendered":"Igloo individuale \u2013 strehimi ideal p\u00ebr vi\u00e7at e porsalindur"},"content":{"rendered":"\n<style>\n  #oniiii{\n    background-image:url(\"https:\/\/ap.com.al\/wp-content\/uploads\/2025\/11\/Artikull-banner-15.png\");\n    padding-bottom: 32%;\n    background-position:center center;\n    background-repeat: no-repeat;\n    background-size:cover;\n  }\n  <\/style>\n  <script src=\"https:\/\/code.jquery.com\/jquery-3.5.0.js\">\n<\/script>\n\n<div id=\"oniiii\"><\/div>\n \n<script>\n$( \"#oniiii\" ).insertBefore( \".container_wrap_first\" );\n<\/script>\n\n\n\n<div class=\"wp-block-columns\" id=\"containerr\">\n<div class=\"wp-block-column\">\n<div class=\"avia_textblock\" itemprop=\"text\"><h4 style=\"color:#005a8c;\n\">Igloo individuale \u2013 strehimi ideal p\u00ebr vi\u00e7at e porsalindur<\/h4>\n<p align=\"right\">\n   P\u00ebrpunuar nga Klevis Xhardja\n<\/p>\n<\/div>\n<\/div>\n<\/div>\n\n\n\n<div class=\"wp-block-columns\" id=\"containerr\">\n<div class=\"wp-block-column\">\n<div class=\"detail__certificates-item-icon\">\n<img decoding=\"async\" alt=\"Icon RINDAMAST UNI\" src=\"https:\/\/ap.com.al\/wp-content\/uploads\/2022\/03\/Asset-51-1.png\">\n<\/div>\n<\/div>\n<\/div>\n\n\n\n<div class=\"wp-block-columns\" id=\"containerr\">\n<div class=\"wp-block-column\">\n<div class=\"blue_marker_list\">\n<p align=\"justify\">Igloot individuale p\u00ebrb\u00ebjn\u00eb nj\u00eb nga sistemet m\u00eb t\u00eb sigurta dhe m\u00eb efektive t\u00eb strehimit p\u00ebr vi\u00e7at e porsalindur, pasi ofrojn\u00eb nj\u00eb klim\u00eb t\u00eb q\u00ebndrueshme, ajrim t\u00eb mir\u00eb dhe presion shum\u00eb t\u00eb ul\u00ebt mikrobik. Shum\u00eb probleme sh\u00ebndet\u00ebsore t\u00eb vi\u00e7ave, si diarreja, inflamacioni i k\u00ebrthiz\u00ebs apo infeksionet respiratore, jan\u00eb multifaktoriale dhe lidhen me kombinimin e gabimeve n\u00eb ushqyerje, higjien\u00eb dhe strehim. P\u00ebr k\u00ebt\u00eb arsye, zhvendosja e vi\u00e7it menj\u00ebher\u00eb pas tharjes n\u00eb nj\u00eb sip\u00ebrfaqe t\u00eb past\u00ebr dhe t\u00eb that\u00eb \u00ebsht\u00eb thelb\u00ebsore, duke shmangur kontaktin me lop\u00ebt dhe vi\u00e7at e tjer\u00eb gjat\u00eb dy jav\u00ebve t\u00eb para t\u00eb jet\u00ebs. N\u00eb k\u00ebt\u00eb faz\u00eb, presioni i mikrobeve duhet t\u00eb jet\u00eb sa m\u00eb i ul\u00ebt, dhe \u00e7do mjedis i ngroht\u00eb, i lag\u00ebsht apo i ndotur rrit menj\u00ebher\u00eb rrezikun e s\u00ebmundjeve.\n<\/p>\n<p align=\"justify\">Igloot individuale konsiderohen formati m\u00eb i p\u00ebrshtatsh\u00ebm i strehimit, pasi sigurimi i ajrit t\u00eb past\u00ebr dhe rrezatimi UV ndikon pozitivisht n\u00eb reduktimin e patogjen\u00ebve. Megjithat\u00eb, shum\u00eb gabime t\u00eb zakonshme i prishin p\u00ebrfitimet e k\u00ebtij sistemi, si p\u00ebrdorimi i igloove t\u00eb pap\u00ebrshtatshme, vendosja e tyre n\u00eb nd\u00ebrtesa t\u00eb mbyllura, mungesa e higjien\u00ebs nd\u00ebrmjet p\u00ebrdorimeve, vendosja e shum\u00eb vi\u00e7ave n\u00eb nj\u00eb igloo apo futja e vonuar e vi\u00e7it n\u00eb streh\u00eb. \u00c7do igloo duhet t\u00eb pastrohet plot\u00ebsisht, t\u00eb ket\u00eb shtrat t\u00eb bollsh\u00ebm prej kashte dhe t\u00eb sigurohet q\u00eb vi\u00e7i t\u00eb futet menj\u00ebher\u00eb pas lindjes, edhe n\u00eb temperaturat e ul\u00ebta t\u00eb dimrit, pasi ajri i ftoht\u00eb nuk p\u00ebrb\u00ebn rrezik p\u00ebr nj\u00eb vi\u00e7 t\u00eb sh\u00ebndetsh\u00ebm.\n<\/p>\n<p align=\"justify\">Vendosja e igloove duhet b\u00ebr\u00eb n\u00eb ambiente t\u00eb jashtme, n\u00eb nj\u00eb vend t\u00eb that\u00eb dhe me hije gjat\u00eb ver\u00ebs, duke shmangur q\u00ebndrimin n\u00ebn diell t\u00eb fort\u00eb apo n\u00eb sip\u00ebrfaqe t\u00eb kontaminuara. Igloot duhet t\u00eb ken\u00eb distanca t\u00eb mjaftueshme mes tyre p\u00ebr t\u00eb shmangur l\u00ebpirjen midis vi\u00e7ave dhe p\u00ebr t\u00eb reduktuar p\u00ebrhapjen e mikrobeve. Gjithmon\u00eb duhet strehuar vet\u00ebm nj\u00eb vi\u00e7 p\u00ebr igloo, pasi strehimi n\u00eb dysh apo n\u00eb grupe rrit shum\u00eb rrezikun e infeksioneve. Ky sistem k\u00ebrkon gjithashtu q\u00eb vi\u00e7at t\u00eb marrin mjaftuesh\u00ebm energji n\u00ebp\u00ebrmjet qum\u00ebshtit, pasi q\u00ebndrimi jasht\u00eb rrit nevojat energjetike.\n<\/p>\n<p align=\"justify\">Shifrat tregojn\u00eb qart\u00eb avantazhin e igloove individuale: vet\u00ebm 17% e vi\u00e7ave p\u00ebsojn\u00eb diarre n\u00eb dy jav\u00ebt e para t\u00eb jet\u00ebs n\u00eb krahasim me 61.5% kur q\u00ebndrojn\u00eb me lop\u00ebt. Megjithat\u00eb, duhet kuptuar se iglooja nuk \u00ebsht\u00eb zgjidhje magjike; suksesi varet nga kombinimi i higjien\u00ebs, ushqyerjes, menaxhimit t\u00eb kolostrumit dhe kushteve optimale t\u00eb strehimit. P\u00ebrmir\u00ebsimi i vet\u00ebm nj\u00ebrit prej faktor\u00ebve nuk \u00ebsht\u00eb i mjaftuesh\u00ebm \u2014 menaxhimi i mir\u00eb k\u00ebrkon qasje t\u00eb plot\u00eb dhe t\u00eb koordinuar n\u00eb t\u00eb gjitha hallkat e kujdesit ndaj vi\u00e7it.\n<\/p>\n<\/div>\n<\/div>\n<\/div>\n\n\n\n<p><\/p>\n","protected":false},"excerpt":{"rendered":"<p>Igloo individuale \u2013 strehimi ideal p\u00ebr vi\u00e7at e porsalindur P\u00ebrpunuar nga Klevis Xhardja Igloot individuale p\u00ebrb\u00ebjn\u00eb nj\u00eb nga sistemet m\u00eb t\u00eb sigurta dhe m\u00eb efektive t\u00eb strehimit p\u00ebr vi\u00e7at e porsalindur, pasi ofrojn\u00eb nj\u00eb klim\u00eb t\u00eb q\u00ebndrueshme, ajrim t\u00eb mir\u00eb dhe presion shum\u00eb t\u00eb ul\u00ebt mikrobik. Shum\u00eb probleme sh\u00ebndet\u00ebsore t\u00eb vi\u00e7ave, si diarreja, inflamacioni i [&hellip;]<\/p>\n","protected":false},"author":2,"featured_media":0,"parent":0,"menu_order":0,"comment_status":"closed","ping_status":"closed","template":"","meta":{"inline_featured_image":false,"footnotes":""},"class_list":["post-9768","page","type-page","status-publish","hentry"],"yoast_head":"<!-- This site is optimized with the Yoast SEO plugin v18.9 - https:\/\/yoast.com\/wordpress\/plugins\/seo\/ -->\n<title>Igloo individuale \u2013 strehimi ideal p\u00ebr vi\u00e7at e porsalindur - Austria Praemix<\/title>\n<meta name=\"robots\" content=\"index, follow, max-snippet:-1, max-image-preview:large, max-video-preview:-1\" \/>\n<link rel=\"canonical\" href=\"https:\/\/ap.com.al\/?page_id=9768\" \/>\n<meta property=\"og:locale\" content=\"en_US\" \/>\n<meta property=\"og:type\" content=\"article\" \/>\n<meta property=\"og:title\" content=\"Igloo individuale \u2013 strehimi ideal p\u00ebr vi\u00e7at e porsalindur - Austria Praemix\" \/>\n<meta property=\"og:description\" content=\"Igloo individuale \u2013 strehimi ideal p\u00ebr vi\u00e7at e porsalindur P\u00ebrpunuar nga Klevis Xhardja Igloot individuale p\u00ebrb\u00ebjn\u00eb nj\u00eb nga sistemet m\u00eb t\u00eb sigurta dhe m\u00eb efektive t\u00eb strehimit p\u00ebr vi\u00e7at e porsalindur, pasi ofrojn\u00eb nj\u00eb klim\u00eb t\u00eb q\u00ebndrueshme, ajrim t\u00eb mir\u00eb dhe presion shum\u00eb t\u00eb ul\u00ebt mikrobik. Shum\u00eb probleme sh\u00ebndet\u00ebsore t\u00eb vi\u00e7ave, si diarreja, inflamacioni i [&hellip;]\" \/>\n<meta property=\"og:url\" content=\"https:\/\/ap.com.al\/?page_id=9768\" \/>\n<meta property=\"og:site_name\" content=\"Austria Praemix\" \/>\n<meta property=\"article:publisher\" content=\"https:\/\/www.facebook.com\/austriapraemiks\/\" \/>\n<meta property=\"article:modified_time\" content=\"2025-11-14T13:55:18+00:00\" \/>\n<meta property=\"og:image\" content=\"https:\/\/ap.com.al\/wp-content\/uploads\/2022\/03\/Asset-51-1.png\" \/>\n<meta name=\"twitter:card\" content=\"summary_large_image\" \/>\n<meta name=\"twitter:label1\" content=\"Est. reading time\" \/>\n\t<meta name=\"twitter:data1\" content=\"1 minute\" \/>\n<script type=\"application\/ld+json\" class=\"yoast-schema-graph\">{\"@context\":\"https:\/\/schema.org\",\"@graph\":[{\"@type\":\"Organization\",\"@id\":\"https:\/\/ap.com.al\/#organization\",\"name\":\"Austria Preamix\",\"url\":\"https:\/\/ap.com.al\/\",\"sameAs\":[\"https:\/\/www.instagram.com\/austriapraemix\/\",\"https:\/\/www.facebook.com\/austriapraemiks\/\"],\"logo\":{\"@type\":\"ImageObject\",\"inLanguage\":\"en-US\",\"@id\":\"https:\/\/ap.com.al\/#\/schema\/logo\/image\/\",\"url\":\"https:\/\/ap.com.al\/wp-content\/uploads\/2022\/02\/AP-logo.png\",\"contentUrl\":\"https:\/\/ap.com.al\/wp-content\/uploads\/2022\/02\/AP-logo.png\",\"width\":3358,\"height\":1616,\"caption\":\"Austria Preamix\"},\"image\":{\"@id\":\"https:\/\/ap.com.al\/#\/schema\/logo\/image\/\"}},{\"@type\":\"WebSite\",\"@id\":\"https:\/\/ap.com.al\/#website\",\"url\":\"https:\/\/ap.com.al\/\",\"name\":\"Austria Praemix\",\"description\":\"\",\"publisher\":{\"@id\":\"https:\/\/ap.com.al\/#organization\"},\"potentialAction\":[{\"@type\":\"SearchAction\",\"target\":{\"@type\":\"EntryPoint\",\"urlTemplate\":\"https:\/\/ap.com.al\/?s={search_term_string}\"},\"query-input\":\"required name=search_term_string\"}],\"inLanguage\":\"en-US\"},{\"@type\":\"ImageObject\",\"inLanguage\":\"en-US\",\"@id\":\"https:\/\/ap.com.al\/?page_id=9768#primaryimage\",\"url\":\"https:\/\/ap.com.al\/wp-content\/uploads\/2022\/03\/Asset-51-1.png\",\"contentUrl\":\"https:\/\/ap.com.al\/wp-content\/uploads\/2022\/03\/Asset-51-1.png\",\"width\":355,\"height\":354},{\"@type\":\"WebPage\",\"@id\":\"https:\/\/ap.com.al\/?page_id=9768#webpage\",\"url\":\"https:\/\/ap.com.al\/?page_id=9768\",\"name\":\"Igloo individuale \u2013 strehimi ideal p\u00ebr vi\u00e7at e porsalindur - Austria Praemix\",\"isPartOf\":{\"@id\":\"https:\/\/ap.com.al\/#website\"},\"primaryImageOfPage\":{\"@id\":\"https:\/\/ap.com.al\/?page_id=9768#primaryimage\"},\"datePublished\":\"2025-11-14T12:19:37+00:00\",\"dateModified\":\"2025-11-14T13:55:18+00:00\",\"breadcrumb\":{\"@id\":\"https:\/\/ap.com.al\/?page_id=9768#breadcrumb\"},\"inLanguage\":\"en-US\",\"potentialAction\":[{\"@type\":\"ReadAction\",\"target\":[\"https:\/\/ap.com.al\/?page_id=9768\"]}]},{\"@type\":\"BreadcrumbList\",\"@id\":\"https:\/\/ap.com.al\/?page_id=9768#breadcrumb\",\"itemListElement\":[{\"@type\":\"ListItem\",\"position\":1,\"name\":\"Home\",\"item\":\"https:\/\/ap.com.al\/\"},{\"@type\":\"ListItem\",\"position\":2,\"name\":\"Igloo individuale \u2013 strehimi ideal p\u00ebr vi\u00e7at e porsalindur\"}]}]}<\/script>\n<!-- \/ Yoast SEO plugin. -->","yoast_head_json":{"title":"Igloo individuale \u2013 strehimi ideal p\u00ebr vi\u00e7at e porsalindur - Austria Praemix","robots":{"index":"index","follow":"follow","max-snippet":"max-snippet:-1","max-image-preview":"max-image-preview:large","max-video-preview":"max-video-preview:-1"},"canonical":"https:\/\/ap.com.al\/?page_id=9768","og_locale":"en_US","og_type":"article","og_title":"Igloo individuale \u2013 strehimi ideal p\u00ebr vi\u00e7at e porsalindur - Austria Praemix","og_description":"Igloo individuale \u2013 strehimi ideal p\u00ebr vi\u00e7at e porsalindur P\u00ebrpunuar nga Klevis Xhardja Igloot individuale p\u00ebrb\u00ebjn\u00eb nj\u00eb nga sistemet m\u00eb t\u00eb sigurta dhe m\u00eb efektive t\u00eb strehimit p\u00ebr vi\u00e7at e porsalindur, pasi ofrojn\u00eb nj\u00eb klim\u00eb t\u00eb q\u00ebndrueshme, ajrim t\u00eb mir\u00eb dhe presion shum\u00eb t\u00eb ul\u00ebt mikrobik. Shum\u00eb probleme sh\u00ebndet\u00ebsore t\u00eb vi\u00e7ave, si diarreja, inflamacioni i [&hellip;]","og_url":"https:\/\/ap.com.al\/?page_id=9768","og_site_name":"Austria Praemix","article_publisher":"https:\/\/www.facebook.com\/austriapraemiks\/","article_modified_time":"2025-11-14T13:55:18+00:00","og_image":[{"url":"https:\/\/ap.com.al\/wp-content\/uploads\/2022\/03\/Asset-51-1.png"}],"twitter_card":"summary_large_image","twitter_misc":{"Est. reading time":"1 minute"},"schema":{"@context":"https:\/\/schema.org","@graph":[{"@type":"Organization","@id":"https:\/\/ap.com.al\/#organization","name":"Austria Preamix","url":"https:\/\/ap.com.al\/","sameAs":["https:\/\/www.instagram.com\/austriapraemix\/","https:\/\/www.facebook.com\/austriapraemiks\/"],"logo":{"@type":"ImageObject","inLanguage":"en-US","@id":"https:\/\/ap.com.al\/#\/schema\/logo\/image\/","url":"https:\/\/ap.com.al\/wp-content\/uploads\/2022\/02\/AP-logo.png","contentUrl":"https:\/\/ap.com.al\/wp-content\/uploads\/2022\/02\/AP-logo.png","width":3358,"height":1616,"caption":"Austria Preamix"},"image":{"@id":"https:\/\/ap.com.al\/#\/schema\/logo\/image\/"}},{"@type":"WebSite","@id":"https:\/\/ap.com.al\/#website","url":"https:\/\/ap.com.al\/","name":"Austria Praemix","description":"","publisher":{"@id":"https:\/\/ap.com.al\/#organization"},"potentialAction":[{"@type":"SearchAction","target":{"@type":"EntryPoint","urlTemplate":"https:\/\/ap.com.al\/?s={search_term_string}"},"query-input":"required name=search_term_string"}],"inLanguage":"en-US"},{"@type":"ImageObject","inLanguage":"en-US","@id":"https:\/\/ap.com.al\/?page_id=9768#primaryimage","url":"https:\/\/ap.com.al\/wp-content\/uploads\/2022\/03\/Asset-51-1.png","contentUrl":"https:\/\/ap.com.al\/wp-content\/uploads\/2022\/03\/Asset-51-1.png","width":355,"height":354},{"@type":"WebPage","@id":"https:\/\/ap.com.al\/?page_id=9768#webpage","url":"https:\/\/ap.com.al\/?page_id=9768","name":"Igloo individuale \u2013 strehimi ideal p\u00ebr vi\u00e7at e porsalindur - Austria Praemix","isPartOf":{"@id":"https:\/\/ap.com.al\/#website"},"primaryImageOfPage":{"@id":"https:\/\/ap.com.al\/?page_id=9768#primaryimage"},"datePublished":"2025-11-14T12:19:37+00:00","dateModified":"2025-11-14T13:55:18+00:00","breadcrumb":{"@id":"https:\/\/ap.com.al\/?page_id=9768#breadcrumb"},"inLanguage":"en-US","potentialAction":[{"@type":"ReadAction","target":["https:\/\/ap.com.al\/?page_id=9768"]}]},{"@type":"BreadcrumbList","@id":"https:\/\/ap.com.al\/?page_id=9768#breadcrumb","itemListElement":[{"@type":"ListItem","position":1,"name":"Home","item":"https:\/\/ap.com.al\/"},{"@type":"ListItem","position":2,"name":"Igloo individuale \u2013 strehimi ideal p\u00ebr vi\u00e7at e porsalindur"}]}]}},"_links":{"self":[{"href":"https:\/\/ap.com.al\/index.php?rest_route=\/wp\/v2\/pages\/9768","targetHints":{"allow":["GET"]}}],"collection":[{"href":"https:\/\/ap.com.al\/index.php?rest_route=\/wp\/v2\/pages"}],"about":[{"href":"https:\/\/ap.com.al\/index.php?rest_route=\/wp\/v2\/types\/page"}],"author":[{"embeddable":true,"href":"https:\/\/ap.com.al\/index.php?rest_route=\/wp\/v2\/users\/2"}],"replies":[{"embeddable":true,"href":"https:\/\/ap.com.al\/index.php?rest_route=%2Fwp%2Fv2%2Fcomments&post=9768"}],"version-history":[{"count":2,"href":"https:\/\/ap.com.al\/index.php?rest_route=\/wp\/v2\/pages\/9768\/revisions"}],"predecessor-version":[{"id":9798,"href":"https:\/\/ap.com.al\/index.php?rest_route=\/wp\/v2\/pages\/9768\/revisions\/9798"}],"wp:attachment":[{"href":"https:\/\/ap.com.al\/index.php?rest_route=%2Fwp%2Fv2%2Fmedia&parent=9768"}],"curies":[{"name":"wp","href":"https:\/\/api.w.org\/{rel}","templated":true}]}}