{"id":9778,"date":"2025-11-14T12:54:51","date_gmt":"2025-11-14T12:54:51","guid":{"rendered":"https:\/\/ap.com.al\/?page_id=9778"},"modified":"2025-11-14T13:56:30","modified_gmt":"2025-11-14T13:56:30","slug":"vica-te-shendetshem-rritje-e-sigurt","status":"publish","type":"page","link":"https:\/\/ap.com.al\/?page_id=9778","title":{"rendered":"Vi\u00e7a t\u00eb sh\u00ebndetsh\u00ebm &#8211; rritje e sigurt"},"content":{"rendered":"\n<style>\n  #oniiii{\n    background-image:url(\"https:\/\/ap.com.al\/wp-content\/uploads\/2025\/11\/Artikull-banner-15.png\");\n    padding-bottom: 32%;\n    background-position:center center;\n    background-repeat: no-repeat;\n    background-size:cover;\n  }\n  <\/style>\n  <script src=\"https:\/\/code.jquery.com\/jquery-3.5.0.js\">\n<\/script>\n\n<div id=\"oniiii\"><\/div>\n \n<script>\n$( \"#oniiii\" ).insertBefore( \".container_wrap_first\" );\n<\/script>\n\n\n\n<div class=\"wp-block-columns\" id=\"containerr\">\n<div class=\"wp-block-column\">\n<div class=\"avia_textblock\" itemprop=\"text\"><h4 style=\"color:#005a8c;\n\">Vi\u00e7a t\u00eb sh\u00ebndetsh\u00ebm &#8211; rritje e sigurt<\/h4>\n<p align=\"right\">\n   P\u00ebrpunuar nga Klevis Xhardja\n<\/p>\n<\/div>\n<\/div>\n<\/div>\n\n\n\n<div class=\"wp-block-columns\" id=\"containerr\">\n<div class=\"wp-block-column\">\n<div class=\"detail__certificates-item-icon\">\n<img decoding=\"async\" alt=\"Icon RINDAMAST UNI\" src=\"https:\/\/ap.com.al\/wp-content\/uploads\/2022\/03\/Asset-51-1.png\">\n<\/div>\n<\/div>\n<\/div>\n\n\n\n<div class=\"wp-block-columns\" id=\"containerr\">\n<div class=\"wp-block-column\">\n<div class=\"blue_marker_list\">\n<p align=\"justify\">Humbjet gjat\u00eb kat\u00ebr jav\u00ebve t\u00eb para t\u00eb jet\u00ebs vendosin nj\u00eb barr\u00eb t\u00eb madhe p\u00ebr rritjen e vi\u00e7ave. Kjo vlen edhe p\u00ebr fermat q\u00eb rrisin ekskluzivisht vi\u00e7at e tyre. Pasiguria m\u00eb e madhe n\u00eb vler\u00ebsimin e diarres\u00eb, koll\u00ebs, gripit dhe vi\u00e7ave t\u00eb dob\u00ebta \u00ebsht\u00eb p\u00ebr faktin se procesi i past\u00ebr i infeksionit konsiderohet t\u00eb jet\u00eb shkaku i vet\u00ebm p\u00ebr shkaktimin e s\u00ebmundjes. Nj\u00eb diet\u00eb e ekuilibruar me minerale dhe p\u00ebrb\u00ebr\u00ebs aktiv\u00eb t\u00eb p\u00ebrshtatur sipas nevojave promovon sh\u00ebndetin e vi\u00e7ave. Nuk duhet t\u00eb ket\u00eb nj\u00eb tuf\u00eb qum\u00ebshtore q\u00eb \u00ebsht\u00eb absolutisht e lir\u00eb nga t\u00eb ashtuquajturat viruse numerike (grip) ose pa shtame bakteriale patogjene fakultative (E. coli, streptokok\u00eb, stafilokok\u00eb). N\u00eb shumic\u00ebn e rasteve, patogjeni gjendet kur k\u00ebrkohet &#8211; por sanimi nuk \u00ebsht\u00eb gjithmon\u00eb i leht\u00eb. N\u00eb parim, procesi i s\u00ebmundjes brenda tufave t\u00eb vi\u00e7ave \u00ebsht\u00eb nj\u00eb nd\u00ebrveprim midis imunitetit dhe situat\u00ebs s\u00eb rezistenc\u00ebs.\nNiveli i rezistenc\u00ebs p\u00ebrshkruan gjendjen e sistemit imunitar, i cili reagon n\u00eb m\u00ebnyr\u00eb jo specifike ndaj ekspozimit ndaj patogjenit. Imuniteti, nga ana tjet\u00ebr, \u00ebsht\u00eb i fituar dhe \u00ebsht\u00eb specifik n\u00eb reagimin e tij ndaj patogjen\u00ebve.\n<\/p>\n<h4 style=\"padding-top: 20px;\">Parandalimin e s\u00ebmundjeve<\/h4>\n<p align=\"justify\">Stresi i t\u00eb gjitha llojeve dob\u00ebson mekanizmat e rezistenc\u00ebs dhe, n\u00eb var\u00ebsi t\u00eb shkall\u00ebs, rezulton n\u00eb nj\u00eb reagim t\u00eb dob\u00ebsuar imunitar edhe te kafsh\u00ebt e moshuara. Meqen\u00ebse sistemi imunitar i vi\u00e7ave nuk zhvillohet derisa ata t\u00eb jen\u00eb rreth dymb\u00ebdhjet\u00eb jav\u00ebsh, nj\u00eb faz\u00eb ve\u00e7an\u00ebrisht kritike ndodh kur efekti i antitrupave t\u00eb n\u00ebn\u00ebs n\u00ebp\u00ebrmjet kolostrumit zvog\u00eblohet. N\u00eb var\u00ebsi t\u00eb nivelit t\u00eb stresit, s\u00ebmundjet q\u00eb ishin t\u00eb panjohura m\u00eb par\u00eb mund t\u00eb shp\u00ebrthejn\u00eb papritmas. N\u00eb shumic\u00ebn e rasteve, fermat luftojn\u00eb me t\u00eb ashtuquajturin spital, i njohur gjithashtu si lodhje e q\u00ebndrueshme. Faktor\u00ebt kryesor\u00eb t\u00eb stresit q\u00eb nxisin nevoj\u00ebn p\u00ebr q\u00ebndrim spitalor tek vi\u00e7at lidhen me kushtet e dob\u00ebta t\u00eb mjedisit dhe menaxhimit. Klima e paq\u00ebndrueshme, si ajri i lag\u00ebsht, rrymat e ftohta dhe mbipopullimi, krijojn\u00eb stres t\u00eb vazhduesh\u00ebm q\u00eb ul imunitetin dhe rrit ndjesh\u00ebm rrezikun e s\u00ebmundjeve. Mungesa e higjien\u00ebs \u00ebsht\u00eb nj\u00eb tjet\u00ebr faktor kritik, pasi ndotja e ambientit favorizon shumimin e patogjen\u00ebve. Po aq problematike \u00ebsht\u00eb edhe p\u00ebrdorimi i pasakt\u00eb i ila\u00e7eve, i cili mund t\u00eb \u00e7oj\u00eb n\u00eb rezistenc\u00eb bakteriale ose trajtim joefektiv. Nd\u00ebrsa mungesa e kujdesit, p\u00ebrfshir\u00eb ushqyerjen e pamjaftueshme t\u00eb lop\u00ebve n\u00ebn\u00eb, dob\u00ebson cil\u00ebsin\u00eb e kolostrumit dhe sh\u00ebndetin fillestar t\u00eb vi\u00e7ave. T\u00eb gjith\u00eb k\u00ebta faktor\u00eb kombinohen dhe e rrisin ndjesh\u00ebm rrezikun q\u00eb vi\u00e7at t\u00eb p\u00ebrfundojn\u00eb n\u00eb spital.\n<\/p>\n<\/div>\n\n\n\n<div class=\"blue_marker_list\">\n<p align=\"justify\">Pika &#8220;mang\u00ebsi n\u00eb furnizim&#8221; \u00ebsht\u00eb ve\u00e7an\u00ebrisht e r\u00ebnd\u00ebsishme. Mang\u00ebsit\u00eb n\u00eb diet\u00ebn e kafsh\u00ebve n\u00ebn\u00eb rezultojn\u00eb gjithmon\u00eb n\u00eb nj\u00eb humbje t\u00eb cil\u00ebsis\u00eb s\u00eb kolostrumit. Nj\u00eb furnizim i ekuilibruar i lop\u00ebs qum\u00ebshtore p\u00ebrmes nj\u00eb furnizimi ditor me minerale dhe substanca aktive gjat\u00eb laktacionit n\u00ebp\u00ebrmjet ushqimit mineral balancues nga programi Rindamin\/Rindavit dhe gjat\u00eb tre jav\u00ebve t\u00eb fundit n\u00ebp\u00ebrmjet Rind-avit VK ose Rindavit MF sour mund t\u00eb sjell\u00eb rezultate t\u00eb mira k\u00ebtu.<\/p>\n<\/div>\n\n\n\n<figure class=\"wp-block-image size-full\"><img loading=\"lazy\" decoding=\"async\" width=\"649\" height=\"341\" src=\"https:\/\/ap.com.al\/wp-content\/uploads\/2025\/11\/image-13.png\" alt=\"\" class=\"wp-image-9779\" srcset=\"https:\/\/ap.com.al\/wp-content\/uploads\/2025\/11\/image-13.png 649w, https:\/\/ap.com.al\/wp-content\/uploads\/2025\/11\/image-13-300x158.png 300w, https:\/\/ap.com.al\/wp-content\/uploads\/2025\/11\/image-13-450x236.png 450w\" sizes=\"auto, (max-width: 649px) 100vw, 649px\" \/><\/figure>\n\n\n\n<div class=\"blue_marker_list\">\n<h4 style=\"padding-top: 20px;\">P\u00ebrb\u00ebr\u00ebsit aktiv\u00eb t\u00eb synuar n\u00eb ushqimin e vi\u00e7ave<\/h4>\n<p align=\"justify\">N\u00ebse vi\u00e7at shfaqin probleme sh\u00ebndet\u00ebsore, kontrolli i par\u00eb duhet t\u00eb jet\u00eb dieta e tyre. Nj\u00eb investim i hersh\u00ebm dhe i synuar n\u00eb p\u00ebrb\u00ebr\u00ebsit aktiv\u00eb mund t\u00eb sjell\u00eb kursime t\u00eb konsiderueshme n\u00eb rritjen e vi\u00e7ave. Pas administrimit fillestar t\u00eb kolostrumit &#8211; idealisht brenda tre or\u00ebve pas lindjes, dhe i pasuruar me Kalbi-Ferm &#8211; Kalbi-Start Spezial mund t\u00eb p\u00ebrdoret n\u00eb rastet e munges\u00ebs s\u00eb imunitetit.\nKalbi-Start Spezial \u00ebsht\u00eb i pasur me p\u00ebrb\u00ebr\u00ebs aktiv\u00eb dhe p\u00ebrmir\u00ebson shpejt gjendjen e p\u00ebrgjithshme t\u00eb vi\u00e7ave. P\u00ebrve\u00e7 nj\u00eb furnizimi optimal me vitamina dhe element\u00eb gjurm\u00eb, vi\u00e7i merr imunoglobulina &#8211; antitrupa specifik\u00eb &#8211; kund\u00ebr viruseve t\u00eb grupeve Rota dhe Corona (tipet I dhe II), t\u00eb cilat shpesh jan\u00eb shkaktar\u00eb t\u00eb diarres\u00eb s\u00eb hershme. Gjithashtu, Kalbi-Start Spezial p\u00ebrmban antitrupa kund\u00ebr mikrobeve Escherichia coli, q\u00eb shkaktojn\u00eb diarre dhe d\u00ebmtojn\u00eb r\u00ebnd\u00eb vilozitetin intestinal. K\u00ebta antitrupa veprojn\u00eb n\u00eb zorr\u00ebt e vi\u00e7it, duke neutralizuar patogjen\u00ebt n\u00eb traktin tret\u00ebs.\n<\/p>\n<h4 style=\"padding-top: 20px;\">P\u00ebr nj\u00eb fillim t\u00eb sh\u00ebndetsh\u00ebm<\/h4>\n<p align=\"justify\">Kombinimi i p\u00ebrmbajtjes s\u00eb lart\u00eb t\u00eb p\u00ebrb\u00ebr\u00ebsve aktiv\u00eb me probiotikun Provita-LE e b\u00ebn Kalbi-Start Spezial shum\u00eb efektiv. Ky produkt rekomandohet t\u00eb p\u00ebrdoret n\u00eb doz\u00ebn 50 g p\u00ebr vi\u00e7 n\u00eb dit\u00eb, p\u00ebr nj\u00eb periudh\u00eb pes\u00eb-ditore. Opsionet e p\u00ebrdorimit variojn\u00eb n\u00eb var\u00ebsi t\u00eb q\u00ebllimit (shih Figur\u00ebn 1).\nNj\u00eb mas\u00eb e suksesshme kund\u00ebr diarres\u00eb \u00ebsht\u00eb p\u00ebrdorimi i pijeve elektrolitike me baz\u00eb uji, si Kalbi-Lyt; pas k\u00ebsaj, Kalbi-Start Spezial administrohet n\u00ebp\u00ebrmjet qum\u00ebshtit p\u00ebr pes\u00eb dit\u00eb, p\u00ebr t\u00eb nxitur rigjenerimin. N\u00eb m\u00ebnyr\u00eb t\u00eb ngjashme, vi\u00e7ave t\u00eb sapobler\u00eb p\u00ebr strehim duhet t&#8217;u jepet nj\u00eb mas\u00eb profilaktike.\n\u00cbsht\u00eb e njohur se ushqimi &#8211; si p\u00ebr vi\u00e7at, ashtu edhe p\u00ebr lop\u00ebt &#8211; ofron mund\u00ebsi t\u00eb m\u00ebdha p\u00ebr t\u00eb parandaluar problemet n\u00eb rritje. \n<\/p>\n<\/div>\n<\/div>\n<\/div>\n\n\n\n<p><\/p>\n","protected":false},"excerpt":{"rendered":"<p>Vi\u00e7a t\u00eb sh\u00ebndetsh\u00ebm &#8211; rritje e sigurt P\u00ebrpunuar nga Klevis Xhardja Humbjet gjat\u00eb kat\u00ebr jav\u00ebve t\u00eb para t\u00eb jet\u00ebs vendosin nj\u00eb barr\u00eb t\u00eb madhe p\u00ebr rritjen e vi\u00e7ave. Kjo vlen edhe p\u00ebr fermat q\u00eb rrisin ekskluzivisht vi\u00e7at e tyre. Pasiguria m\u00eb e madhe n\u00eb vler\u00ebsimin e diarres\u00eb, koll\u00ebs, gripit dhe vi\u00e7ave t\u00eb dob\u00ebta \u00ebsht\u00eb p\u00ebr [&hellip;]<\/p>\n","protected":false},"author":2,"featured_media":0,"parent":0,"menu_order":0,"comment_status":"closed","ping_status":"closed","template":"","meta":{"inline_featured_image":false,"footnotes":""},"class_list":["post-9778","page","type-page","status-publish","hentry"],"yoast_head":"<!-- This site is optimized with the Yoast SEO plugin v18.9 - https:\/\/yoast.com\/wordpress\/plugins\/seo\/ -->\n<title>Vi\u00e7a t\u00eb sh\u00ebndetsh\u00ebm - rritje e sigurt - Austria Praemix<\/title>\n<meta name=\"robots\" content=\"index, follow, max-snippet:-1, max-image-preview:large, max-video-preview:-1\" \/>\n<link rel=\"canonical\" href=\"https:\/\/ap.com.al\/?page_id=9778\" \/>\n<meta property=\"og:locale\" content=\"en_US\" \/>\n<meta property=\"og:type\" content=\"article\" \/>\n<meta property=\"og:title\" content=\"Vi\u00e7a t\u00eb sh\u00ebndetsh\u00ebm - rritje e sigurt - Austria Praemix\" \/>\n<meta property=\"og:description\" content=\"Vi\u00e7a t\u00eb sh\u00ebndetsh\u00ebm &#8211; rritje e sigurt P\u00ebrpunuar nga Klevis Xhardja Humbjet gjat\u00eb kat\u00ebr jav\u00ebve t\u00eb para t\u00eb jet\u00ebs vendosin nj\u00eb barr\u00eb t\u00eb madhe p\u00ebr rritjen e vi\u00e7ave. Kjo vlen edhe p\u00ebr fermat q\u00eb rrisin ekskluzivisht vi\u00e7at e tyre. Pasiguria m\u00eb e madhe n\u00eb vler\u00ebsimin e diarres\u00eb, koll\u00ebs, gripit dhe vi\u00e7ave t\u00eb dob\u00ebta \u00ebsht\u00eb p\u00ebr [&hellip;]\" \/>\n<meta property=\"og:url\" content=\"https:\/\/ap.com.al\/?page_id=9778\" \/>\n<meta property=\"og:site_name\" content=\"Austria Praemix\" \/>\n<meta property=\"article:publisher\" content=\"https:\/\/www.facebook.com\/austriapraemiks\/\" \/>\n<meta property=\"article:modified_time\" content=\"2025-11-14T13:56:30+00:00\" \/>\n<meta property=\"og:image\" content=\"https:\/\/ap.com.al\/wp-content\/uploads\/2022\/03\/Asset-51-1.png\" \/>\n<meta name=\"twitter:card\" content=\"summary_large_image\" \/>\n<meta name=\"twitter:label1\" content=\"Est. reading time\" \/>\n\t<meta name=\"twitter:data1\" content=\"1 minute\" \/>\n<script type=\"application\/ld+json\" class=\"yoast-schema-graph\">{\"@context\":\"https:\/\/schema.org\",\"@graph\":[{\"@type\":\"Organization\",\"@id\":\"https:\/\/ap.com.al\/#organization\",\"name\":\"Austria Preamix\",\"url\":\"https:\/\/ap.com.al\/\",\"sameAs\":[\"https:\/\/www.instagram.com\/austriapraemix\/\",\"https:\/\/www.facebook.com\/austriapraemiks\/\"],\"logo\":{\"@type\":\"ImageObject\",\"inLanguage\":\"en-US\",\"@id\":\"https:\/\/ap.com.al\/#\/schema\/logo\/image\/\",\"url\":\"https:\/\/ap.com.al\/wp-content\/uploads\/2022\/02\/AP-logo.png\",\"contentUrl\":\"https:\/\/ap.com.al\/wp-content\/uploads\/2022\/02\/AP-logo.png\",\"width\":3358,\"height\":1616,\"caption\":\"Austria Preamix\"},\"image\":{\"@id\":\"https:\/\/ap.com.al\/#\/schema\/logo\/image\/\"}},{\"@type\":\"WebSite\",\"@id\":\"https:\/\/ap.com.al\/#website\",\"url\":\"https:\/\/ap.com.al\/\",\"name\":\"Austria Praemix\",\"description\":\"\",\"publisher\":{\"@id\":\"https:\/\/ap.com.al\/#organization\"},\"potentialAction\":[{\"@type\":\"SearchAction\",\"target\":{\"@type\":\"EntryPoint\",\"urlTemplate\":\"https:\/\/ap.com.al\/?s={search_term_string}\"},\"query-input\":\"required name=search_term_string\"}],\"inLanguage\":\"en-US\"},{\"@type\":\"ImageObject\",\"inLanguage\":\"en-US\",\"@id\":\"https:\/\/ap.com.al\/?page_id=9778#primaryimage\",\"url\":\"https:\/\/ap.com.al\/wp-content\/uploads\/2022\/03\/Asset-51-1.png\",\"contentUrl\":\"https:\/\/ap.com.al\/wp-content\/uploads\/2022\/03\/Asset-51-1.png\",\"width\":355,\"height\":354},{\"@type\":\"WebPage\",\"@id\":\"https:\/\/ap.com.al\/?page_id=9778#webpage\",\"url\":\"https:\/\/ap.com.al\/?page_id=9778\",\"name\":\"Vi\u00e7a t\u00eb sh\u00ebndetsh\u00ebm - rritje e sigurt - Austria Praemix\",\"isPartOf\":{\"@id\":\"https:\/\/ap.com.al\/#website\"},\"primaryImageOfPage\":{\"@id\":\"https:\/\/ap.com.al\/?page_id=9778#primaryimage\"},\"datePublished\":\"2025-11-14T12:54:51+00:00\",\"dateModified\":\"2025-11-14T13:56:30+00:00\",\"breadcrumb\":{\"@id\":\"https:\/\/ap.com.al\/?page_id=9778#breadcrumb\"},\"inLanguage\":\"en-US\",\"potentialAction\":[{\"@type\":\"ReadAction\",\"target\":[\"https:\/\/ap.com.al\/?page_id=9778\"]}]},{\"@type\":\"BreadcrumbList\",\"@id\":\"https:\/\/ap.com.al\/?page_id=9778#breadcrumb\",\"itemListElement\":[{\"@type\":\"ListItem\",\"position\":1,\"name\":\"Home\",\"item\":\"https:\/\/ap.com.al\/\"},{\"@type\":\"ListItem\",\"position\":2,\"name\":\"Vi\u00e7a t\u00eb sh\u00ebndetsh\u00ebm &#8211; rritje e sigurt\"}]}]}<\/script>\n<!-- \/ Yoast SEO plugin. -->","yoast_head_json":{"title":"Vi\u00e7a t\u00eb sh\u00ebndetsh\u00ebm - rritje e sigurt - Austria Praemix","robots":{"index":"index","follow":"follow","max-snippet":"max-snippet:-1","max-image-preview":"max-image-preview:large","max-video-preview":"max-video-preview:-1"},"canonical":"https:\/\/ap.com.al\/?page_id=9778","og_locale":"en_US","og_type":"article","og_title":"Vi\u00e7a t\u00eb sh\u00ebndetsh\u00ebm - rritje e sigurt - Austria Praemix","og_description":"Vi\u00e7a t\u00eb sh\u00ebndetsh\u00ebm &#8211; rritje e sigurt P\u00ebrpunuar nga Klevis Xhardja Humbjet gjat\u00eb kat\u00ebr jav\u00ebve t\u00eb para t\u00eb jet\u00ebs vendosin nj\u00eb barr\u00eb t\u00eb madhe p\u00ebr rritjen e vi\u00e7ave. Kjo vlen edhe p\u00ebr fermat q\u00eb rrisin ekskluzivisht vi\u00e7at e tyre. Pasiguria m\u00eb e madhe n\u00eb vler\u00ebsimin e diarres\u00eb, koll\u00ebs, gripit dhe vi\u00e7ave t\u00eb dob\u00ebta \u00ebsht\u00eb p\u00ebr [&hellip;]","og_url":"https:\/\/ap.com.al\/?page_id=9778","og_site_name":"Austria Praemix","article_publisher":"https:\/\/www.facebook.com\/austriapraemiks\/","article_modified_time":"2025-11-14T13:56:30+00:00","og_image":[{"url":"https:\/\/ap.com.al\/wp-content\/uploads\/2022\/03\/Asset-51-1.png"}],"twitter_card":"summary_large_image","twitter_misc":{"Est. reading time":"1 minute"},"schema":{"@context":"https:\/\/schema.org","@graph":[{"@type":"Organization","@id":"https:\/\/ap.com.al\/#organization","name":"Austria Preamix","url":"https:\/\/ap.com.al\/","sameAs":["https:\/\/www.instagram.com\/austriapraemix\/","https:\/\/www.facebook.com\/austriapraemiks\/"],"logo":{"@type":"ImageObject","inLanguage":"en-US","@id":"https:\/\/ap.com.al\/#\/schema\/logo\/image\/","url":"https:\/\/ap.com.al\/wp-content\/uploads\/2022\/02\/AP-logo.png","contentUrl":"https:\/\/ap.com.al\/wp-content\/uploads\/2022\/02\/AP-logo.png","width":3358,"height":1616,"caption":"Austria Preamix"},"image":{"@id":"https:\/\/ap.com.al\/#\/schema\/logo\/image\/"}},{"@type":"WebSite","@id":"https:\/\/ap.com.al\/#website","url":"https:\/\/ap.com.al\/","name":"Austria Praemix","description":"","publisher":{"@id":"https:\/\/ap.com.al\/#organization"},"potentialAction":[{"@type":"SearchAction","target":{"@type":"EntryPoint","urlTemplate":"https:\/\/ap.com.al\/?s={search_term_string}"},"query-input":"required name=search_term_string"}],"inLanguage":"en-US"},{"@type":"ImageObject","inLanguage":"en-US","@id":"https:\/\/ap.com.al\/?page_id=9778#primaryimage","url":"https:\/\/ap.com.al\/wp-content\/uploads\/2022\/03\/Asset-51-1.png","contentUrl":"https:\/\/ap.com.al\/wp-content\/uploads\/2022\/03\/Asset-51-1.png","width":355,"height":354},{"@type":"WebPage","@id":"https:\/\/ap.com.al\/?page_id=9778#webpage","url":"https:\/\/ap.com.al\/?page_id=9778","name":"Vi\u00e7a t\u00eb sh\u00ebndetsh\u00ebm - rritje e sigurt - Austria Praemix","isPartOf":{"@id":"https:\/\/ap.com.al\/#website"},"primaryImageOfPage":{"@id":"https:\/\/ap.com.al\/?page_id=9778#primaryimage"},"datePublished":"2025-11-14T12:54:51+00:00","dateModified":"2025-11-14T13:56:30+00:00","breadcrumb":{"@id":"https:\/\/ap.com.al\/?page_id=9778#breadcrumb"},"inLanguage":"en-US","potentialAction":[{"@type":"ReadAction","target":["https:\/\/ap.com.al\/?page_id=9778"]}]},{"@type":"BreadcrumbList","@id":"https:\/\/ap.com.al\/?page_id=9778#breadcrumb","itemListElement":[{"@type":"ListItem","position":1,"name":"Home","item":"https:\/\/ap.com.al\/"},{"@type":"ListItem","position":2,"name":"Vi\u00e7a t\u00eb sh\u00ebndetsh\u00ebm &#8211; rritje e sigurt"}]}]}},"_links":{"self":[{"href":"https:\/\/ap.com.al\/index.php?rest_route=\/wp\/v2\/pages\/9778","targetHints":{"allow":["GET"]}}],"collection":[{"href":"https:\/\/ap.com.al\/index.php?rest_route=\/wp\/v2\/pages"}],"about":[{"href":"https:\/\/ap.com.al\/index.php?rest_route=\/wp\/v2\/types\/page"}],"author":[{"embeddable":true,"href":"https:\/\/ap.com.al\/index.php?rest_route=\/wp\/v2\/users\/2"}],"replies":[{"embeddable":true,"href":"https:\/\/ap.com.al\/index.php?rest_route=%2Fwp%2Fv2%2Fcomments&post=9778"}],"version-history":[{"count":2,"href":"https:\/\/ap.com.al\/index.php?rest_route=\/wp\/v2\/pages\/9778\/revisions"}],"predecessor-version":[{"id":9800,"href":"https:\/\/ap.com.al\/index.php?rest_route=\/wp\/v2\/pages\/9778\/revisions\/9800"}],"wp:attachment":[{"href":"https:\/\/ap.com.al\/index.php?rest_route=%2Fwp%2Fv2%2Fmedia&parent=9778"}],"curies":[{"name":"wp","href":"https:\/\/api.w.org\/{rel}","templated":true}]}}