{"id":9781,"date":"2025-11-14T13:02:46","date_gmt":"2025-11-14T13:02:46","guid":{"rendered":"https:\/\/ap.com.al\/?page_id=9781"},"modified":"2025-11-14T13:56:44","modified_gmt":"2025-11-14T13:56:44","slug":"furnizimi-me-hekur-te-vicat","status":"publish","type":"page","link":"https:\/\/ap.com.al\/?page_id=9781","title":{"rendered":"Furnizimi me hekur te vi\u00e7at"},"content":{"rendered":"\n<style>\n  #oniiii{\n    background-image:url(\"https:\/\/ap.com.al\/wp-content\/uploads\/2025\/11\/Artikull-banner-15.png\");\n    padding-bottom: 32%;\n    background-position:center center;\n    background-repeat: no-repeat;\n    background-size:cover;\n  }\n  <\/style>\n  <script src=\"https:\/\/code.jquery.com\/jquery-3.5.0.js\">\n<\/script>\n\n<div id=\"oniiii\"><\/div>\n \n<script>\n$( \"#oniiii\" ).insertBefore( \".container_wrap_first\" );\n<\/script>\n\n\n\n<div class=\"wp-block-columns\" id=\"containerr\">\n<div class=\"wp-block-column\">\n<div class=\"avia_textblock\" itemprop=\"text\"><h4 style=\"color:#005a8c;\n\">Furnizimi me hekur te vi\u00e7at<\/h4>\n<p align=\"right\">\n   P\u00ebrpunuar nga Klevis Xhardja\n<\/p>\n<\/div>\n<\/div>\n<\/div>\n\n\n\n<div class=\"wp-block-columns\" id=\"containerr\">\n<div class=\"wp-block-column\">\n<div class=\"detail__certificates-item-icon\">\n<img decoding=\"async\" alt=\"Icon RINDAMAST UNI\" src=\"https:\/\/ap.com.al\/wp-content\/uploads\/2022\/03\/Asset-51-1.png\">\n<\/div>\n<\/div>\n<\/div>\n\n\n\n<div class=\"wp-block-columns\" id=\"containerr\">\n<div class=\"wp-block-column\">\n<div class=\"blue_marker_list\">\n<p align=\"justify\">Hekuri \u00ebsht\u00eb nj\u00eb element gjurm\u00eb thelb\u00ebsor, m\u00eb i bollshmi n\u00eb organizmin e kafsh\u00ebve. Ai luan nj\u00eb rol ky\u00e7 n\u00eb transferimin e oksigjenit (p\u00ebrb\u00ebr\u00ebs kryesor i hemoglobin\u00ebs n\u00eb gjak, rreth 75%) dhe n\u00eb prodhimin e energjis\u00eb p\u00ebrmes oksidimit qelizor (i r\u00ebnd\u00ebsish\u00ebm p\u00ebr funksionin e mioglobin\u00ebs n\u00eb muskuj, rreth 20%). P\u00ebrve\u00e7 k\u00ebsaj, hekuri \u00ebsht\u00eb jetik p\u00ebr sistemin imunitar, luftimin e infeksioneve dhe si p\u00ebrb\u00ebr\u00ebs i hormoneve dhe enzimave t\u00eb ndryshme.\n<\/p>\n<h4 style=\"padding-top: 20px;\">Mungesa e hekurit: nga e leht\u00eb n\u00eb t\u00eb r\u00ebnd\u00eb<\/h4>\n<p align=\"justify\">Mungesa e hekurit (sideropenia) zhvillohet n\u00eb faza t\u00eb ndryshme. Mungesa e leht\u00eb karakterizohet nga ulja e proteinave lidh\u00ebse t\u00eb hekurit (si feritina). Mungesa e moderuar shfaqet me uljen e hekurit n\u00eb gjak, nd\u00ebrsa mungesa afatgjat\u00eb dhe e r\u00ebnd\u00eb \u00e7on n\u00eb anemi (ulje t\u00eb hemoglobin\u00ebs), duke shkaktuar dob\u00ebsi t\u00eb theksuar fizike, zbehje t\u00eb mukozave, ulje t\u00eb temperatur\u00ebs trupore dhe mbingarkes\u00eb kardiovaskulare. Edhe n\u00eb rastet e lehta, simptomat mund t\u00eb jen\u00eb subklinike, por mund t\u00eb rezultojn\u00eb n\u00eb vonesa n\u00eb rritje dhe dob\u00ebsim t\u00eb sistemit imunitar, duke rritur ndjeshm\u00ebrin\u00eb ndaj infeksioneve.\n<\/p>\n<h4 style=\"padding-top: 20px;\">Nevojat e vi\u00e7ave p\u00ebr hekur<\/h4>\n<p align=\"justify\">Metabolizmi i hekurit te vi\u00e7at paraqet sfida t\u00eb ve\u00e7anta n\u00eb dit\u00ebt e para pas lindjes p\u00ebr shkak t\u00eb rritjes s\u00eb shpejt\u00eb dhe ristrukturimit t\u00eb hemoglobin\u00ebs, duke rritur k\u00ebrkes\u00ebn p\u00ebr hekur. T\u00eb porsalindurit kan\u00eb rezerva t\u00eb vogla hekuri, t\u00eb cilat variojn\u00eb. Qum\u00ebshti p\u00ebrmban pak hekur (rreth 0,5 mg\/l), nd\u00ebrkoh\u00eb q\u00eb k\u00ebrkesat e vi\u00e7it vler\u00ebsohen rreth 70-100 mg\/kg l\u00ebnd\u00eb t\u00eb that\u00eb. K\u00ebshtu, ushqyerja vet\u00ebm me qum\u00ebsht p\u00ebr nj\u00eb koh\u00eb t\u00eb gjat\u00eb nuk mbulon nevojat p\u00ebr hekur. Z\u00ebvend\u00ebsuesit e qum\u00ebshtit (ZM) p\u00ebrgjith\u00ebsisht kan\u00eb m\u00eb shum\u00eb hekur dhe mund t\u00eb plot\u00ebsojn\u00eb k\u00ebto nevoja, megjith\u00ebse nivelet e hekurit variojn\u00eb midis produkteve. Ushqimet e forta dhe koncentratet p\u00ebrmbajn\u00eb sasi t\u00eb konsiderueshme hekuri, dhe me rritjen e konsumit t\u00eb tyre, anemia nga mungesa e hekurit n\u00eb diet\u00eb b\u00ebhet m\u00eb pak e zakonshme.\n<\/p>\n<h4 style=\"padding-top: 20px;\">Ndikimi i ushqyerjes<\/h4>\n<p align=\"justify\">Furnizimi me hekur ndikon n\u00eb ngjyr\u00ebn e mishit p\u00ebrmes p\u00ebrmbajtjes s\u00eb mioglobin\u00ebs. Te vi\u00e7at p\u00ebr majm\u00ebri, sasia e madhe e qum\u00ebshtit ose ZM (ndonj\u00ebher\u00eb deri n\u00eb fund t\u00eb majm\u00ebris\u00eb) kufizon marrjen e ushqimit suplementar, duke rezultuar n\u00eb mish t\u00eb \u00e7el\u00ebt, i cili preferohet nga konsumator\u00ebt dhe shpesh ka \u00e7mim m\u00eb t\u00eb lart\u00eb. Megjithat\u00eb, kjo ngjyr\u00eb e bardh\u00eb shpesh tregon munges\u00eb hekuri.\nUshqyerja e vi\u00e7ave femra p\u00ebr rritje synon zhvillimin e hersh\u00ebm t\u00eb nj\u00eb sistemi tret\u00ebs funksional. Ushqyerja me qum\u00ebsht ose ZM nd\u00ebrpritet deri n\u00eb fund t\u00eb muajit t\u00eb tret\u00eb, duke u z\u00ebvend\u00ebsuar me ushqime suplementare si bari i that\u00eb, silazhi dhe koncentratet, t\u00eb cilat nxisin zhvillimin e parastomak\u00ebve dhe sigurojn\u00eb m\u00eb shum\u00eb hekur.\n<\/p>\n<h4 style=\"padding-top: 20px;\">Studime n\u00eb Austri<\/h4>\n<p align=\"justify\">Furnizimi me hekur ndikon n\u00eb ngjyr\u00ebn e mishit p\u00ebrmes p\u00ebrmbajtjes s\u00eb mioglobin\u00ebs. Te vi\u00e7at p\u00ebr majm\u00ebri, sasia e madhe e qum\u00ebshtit ose ZM (ndonj\u00ebher\u00eb deri n\u00eb fund t\u00eb majm\u00ebris\u00eb) kufizon marrjen e ushqimit suplementar, duke rezultuar n\u00eb mish t\u00eb \u00e7el\u00ebt, i cili preferohet nga konsumator\u00ebt dhe shpesh ka \u00e7mim m\u00eb t\u00eb lart\u00eb. Megjithat\u00eb, kjo ngjyr\u00eb e bardh\u00eb shpesh tregon munges\u00eb hekuri.\nUshqyerja e vi\u00e7ave femra p\u00ebr rritje synon zhvillimin e hersh\u00ebm t\u00eb nj\u00eb sistemi tret\u00ebs funksional. Ushqyerja me qum\u00ebsht ose ZM nd\u00ebrpritet deri n\u00eb fund t\u00eb muajit t\u00eb tret\u00eb, duke u z\u00ebvend\u00ebsuar me ushqime suplementare si bari i that\u00eb, silazhi dhe koncentratet, t\u00eb cilat nxisin zhvillimin e parastomak\u00ebve dhe sigurojn\u00eb m\u00eb shum\u00eb hekur.\n<\/p>\n<h4 style=\"padding-top: 20px;\">Ndikimi i ushqyerjes<\/h4>\n<p align=\"justify\">Dy studime diplome n\u00eb Austri (Tirol dhe Austria e Sip\u00ebrme) hetuan furnizimin me hekur te vi\u00e7at. Edhe pse nuk ishin plot\u00ebsisht p\u00ebrfaq\u00ebsuese, rezultatet sugjerojn\u00eb ngjashm\u00ebri n\u00eb t\u00eb gjith\u00eb Austrin\u00eb p\u00ebr shkak t\u00eb praktikave t\u00eb ngjashme t\u00eb blegtoris\u00eb dhe ushqimit. Vlerat normale t\u00eb hemoglobin\u00ebs ishin > 6,0 \u00b5mol\/l, nd\u00ebrsa p\u00ebrqendrimi i hekurit n\u00eb gjak ishte 21-40 \u00b5mol\/l. Vlera minimale e hemoglobin\u00ebs e lejuar nga rregulloret (4,5 \u00b5mol\/l) konsiderohet shum\u00eb e ul\u00ebt.\nStudimet zbuluan dallime t\u00eb m\u00ebdha midis fermave. 54% e 107 vi\u00e7ave t\u00eb majm\u00ebris\u00eb kishin munges\u00eb hekuri n\u00eb therje, dhe 20% kishin hemoglobin\u00eb n\u00ebn kufirin fiziologjik. Ushqimi i vi\u00e7it u identifikua si faktori kryesor. Ushqyerja me qum\u00ebsht t\u00eb plot\u00eb u lidh me rrezik m\u00eb t\u00eb lart\u00eb t\u00eb munges\u00ebs s\u00eb hekurit krahasuar me ZM (pavar\u00ebsisht variabilitetit t\u00eb hekurit n\u00eb ZM). Faktor\u00eb t\u00eb tjer\u00eb rreziku ishin raporti i lart\u00eb i ujit me ushqimin e ngurt\u00eb dhe furnizimi i lart\u00eb me kasht\u00eb me pak bar dhe koncentrat.\nEdhe te 118 vi\u00e7at femra p\u00ebr rritje, 17,8% kishin hemoglobin\u00eb dhe 44,9% hekur n\u00eb plazm\u00eb n\u00ebn kufijt\u00eb e referenc\u00ebs, me prevalenc\u00eb m\u00eb t\u00eb lart\u00eb midis jav\u00ebs s\u00eb pest\u00eb dhe t\u00eb tet\u00eb t\u00eb jet\u00ebs.\n<\/p>\n<h4 style=\"padding-top: 20px;\">Parandalimi i munges\u00ebs s\u00eb hekurit<\/h4>\n<p align=\"justify\">Ushqimi \u00ebsht\u00eb arsyeja kryesore e munges\u00ebs s\u00eb hekurit. P\u00ebrdorimi i ZM n\u00eb vend t\u00eb qum\u00ebshtit t\u00eb plot\u00eb dhe fillimi i hersh\u00ebm i ushqimit suplementar kan\u00eb efekt pozitiv. Parandalimi me preparate hekuri (pasta orale, tret\u00ebsira n\u00eb qum\u00ebsht\/ZM, injeksione) uli ndjesh\u00ebm anemin\u00eb dhe munges\u00ebn e hekurit n\u00eb plazm\u00eb. Te vi\u00e7at e shk\u00ebputur nga qum\u00ebshti, mungesa e hekurit ishte e rrall\u00eb p\u00ebr shkak t\u00eb marrjes s\u00eb ushqimeve t\u00eb forta.\n<\/p>\n<h4 style=\"padding-top: 20px;\">P\u00ebrmbledhje<\/h4>\n<p align=\"justify\">Mungesa e hekurit \u00ebsht\u00eb e r\u00ebnd\u00ebsishme jo vet\u00ebm te vi\u00e7at e majm\u00ebris\u00eb, por edhe te ata t\u00eb rinj p\u00ebr rritje. Ushqimi me munges\u00eb hekuri d\u00ebmton zhvillimin, rritjen dhe sistemin imunitar. Nd\u00ebrsa pritshm\u00ebrit\u00eb e konsumator\u00ebve p\u00ebr vi\u00e7at e majm\u00ebris\u00eb mund t\u00eb k\u00ebrkojn\u00eb rishikim, nuk ka arsye objektive p\u00ebr t\u00eb kufizuar hekurin te vi\u00e7at e rritjes. V\u00ebmendje e ve\u00e7ant\u00eb duhet t&#8217;u kushtohet vi\u00e7ave t\u00eb pa shk\u00ebputur nga qum\u00ebshti, t\u00eb cil\u00ebt jan\u00eb ve\u00e7an\u00ebrisht t\u00eb rrezikuar kur ushqehen vet\u00ebm me qum\u00ebsht. Preparate t\u00eb ndryshme hekuri jan\u00eb t\u00eb disponueshme p\u00ebr parandalim. Gjat\u00eb p\u00ebrdorimit t\u00eb ZM, niveli i hekurit duhet t\u00eb jet\u00eb mbi 30 mg\/kg l\u00ebnd\u00eb t\u00eb that\u00eb (rreth 5-6 mg\/l pas p\u00ebrzierjes), me rekomandime p\u00ebr nivele m\u00eb t\u00eb larta deri n\u00eb 100 mg\/kg l\u00ebnd\u00eb t\u00eb that\u00eb.<\/p>\n<\/div>\n<\/div>\n<\/div>\n\n\n\n<p><\/p>\n","protected":false},"excerpt":{"rendered":"<p>Furnizimi me hekur te vi\u00e7at P\u00ebrpunuar nga Klevis Xhardja Hekuri \u00ebsht\u00eb nj\u00eb element gjurm\u00eb thelb\u00ebsor, m\u00eb i bollshmi n\u00eb organizmin e kafsh\u00ebve. Ai luan nj\u00eb rol ky\u00e7 n\u00eb transferimin e oksigjenit (p\u00ebrb\u00ebr\u00ebs kryesor i hemoglobin\u00ebs n\u00eb gjak, rreth 75%) dhe n\u00eb prodhimin e energjis\u00eb p\u00ebrmes oksidimit qelizor (i r\u00ebnd\u00ebsish\u00ebm p\u00ebr funksionin e mioglobin\u00ebs n\u00eb muskuj, [&hellip;]<\/p>\n","protected":false},"author":2,"featured_media":0,"parent":0,"menu_order":0,"comment_status":"closed","ping_status":"closed","template":"","meta":{"inline_featured_image":false,"footnotes":""},"class_list":["post-9781","page","type-page","status-publish","hentry"],"yoast_head":"<!-- This site is optimized with the Yoast SEO plugin v18.9 - https:\/\/yoast.com\/wordpress\/plugins\/seo\/ -->\n<title>Furnizimi me hekur te vi\u00e7at - Austria Praemix<\/title>\n<meta name=\"robots\" content=\"index, follow, max-snippet:-1, max-image-preview:large, max-video-preview:-1\" \/>\n<link rel=\"canonical\" href=\"https:\/\/ap.com.al\/?page_id=9781\" \/>\n<meta property=\"og:locale\" content=\"en_US\" \/>\n<meta property=\"og:type\" content=\"article\" \/>\n<meta property=\"og:title\" content=\"Furnizimi me hekur te vi\u00e7at - Austria Praemix\" \/>\n<meta property=\"og:description\" content=\"Furnizimi me hekur te vi\u00e7at P\u00ebrpunuar nga Klevis Xhardja Hekuri \u00ebsht\u00eb nj\u00eb element gjurm\u00eb thelb\u00ebsor, m\u00eb i bollshmi n\u00eb organizmin e kafsh\u00ebve. Ai luan nj\u00eb rol ky\u00e7 n\u00eb transferimin e oksigjenit (p\u00ebrb\u00ebr\u00ebs kryesor i hemoglobin\u00ebs n\u00eb gjak, rreth 75%) dhe n\u00eb prodhimin e energjis\u00eb p\u00ebrmes oksidimit qelizor (i r\u00ebnd\u00ebsish\u00ebm p\u00ebr funksionin e mioglobin\u00ebs n\u00eb muskuj, [&hellip;]\" \/>\n<meta property=\"og:url\" content=\"https:\/\/ap.com.al\/?page_id=9781\" \/>\n<meta property=\"og:site_name\" content=\"Austria Praemix\" \/>\n<meta property=\"article:publisher\" content=\"https:\/\/www.facebook.com\/austriapraemiks\/\" \/>\n<meta property=\"article:modified_time\" content=\"2025-11-14T13:56:44+00:00\" \/>\n<meta property=\"og:image\" content=\"https:\/\/ap.com.al\/wp-content\/uploads\/2022\/03\/Asset-51-1.png\" \/>\n<meta name=\"twitter:card\" content=\"summary_large_image\" \/>\n<meta name=\"twitter:label1\" content=\"Est. reading time\" \/>\n\t<meta name=\"twitter:data1\" content=\"1 minute\" \/>\n<script type=\"application\/ld+json\" class=\"yoast-schema-graph\">{\"@context\":\"https:\/\/schema.org\",\"@graph\":[{\"@type\":\"Organization\",\"@id\":\"https:\/\/ap.com.al\/#organization\",\"name\":\"Austria Preamix\",\"url\":\"https:\/\/ap.com.al\/\",\"sameAs\":[\"https:\/\/www.instagram.com\/austriapraemix\/\",\"https:\/\/www.facebook.com\/austriapraemiks\/\"],\"logo\":{\"@type\":\"ImageObject\",\"inLanguage\":\"en-US\",\"@id\":\"https:\/\/ap.com.al\/#\/schema\/logo\/image\/\",\"url\":\"https:\/\/ap.com.al\/wp-content\/uploads\/2022\/02\/AP-logo.png\",\"contentUrl\":\"https:\/\/ap.com.al\/wp-content\/uploads\/2022\/02\/AP-logo.png\",\"width\":3358,\"height\":1616,\"caption\":\"Austria Preamix\"},\"image\":{\"@id\":\"https:\/\/ap.com.al\/#\/schema\/logo\/image\/\"}},{\"@type\":\"WebSite\",\"@id\":\"https:\/\/ap.com.al\/#website\",\"url\":\"https:\/\/ap.com.al\/\",\"name\":\"Austria Praemix\",\"description\":\"\",\"publisher\":{\"@id\":\"https:\/\/ap.com.al\/#organization\"},\"potentialAction\":[{\"@type\":\"SearchAction\",\"target\":{\"@type\":\"EntryPoint\",\"urlTemplate\":\"https:\/\/ap.com.al\/?s={search_term_string}\"},\"query-input\":\"required name=search_term_string\"}],\"inLanguage\":\"en-US\"},{\"@type\":\"ImageObject\",\"inLanguage\":\"en-US\",\"@id\":\"https:\/\/ap.com.al\/?page_id=9781#primaryimage\",\"url\":\"https:\/\/ap.com.al\/wp-content\/uploads\/2022\/03\/Asset-51-1.png\",\"contentUrl\":\"https:\/\/ap.com.al\/wp-content\/uploads\/2022\/03\/Asset-51-1.png\",\"width\":355,\"height\":354},{\"@type\":\"WebPage\",\"@id\":\"https:\/\/ap.com.al\/?page_id=9781#webpage\",\"url\":\"https:\/\/ap.com.al\/?page_id=9781\",\"name\":\"Furnizimi me hekur te vi\u00e7at - Austria Praemix\",\"isPartOf\":{\"@id\":\"https:\/\/ap.com.al\/#website\"},\"primaryImageOfPage\":{\"@id\":\"https:\/\/ap.com.al\/?page_id=9781#primaryimage\"},\"datePublished\":\"2025-11-14T13:02:46+00:00\",\"dateModified\":\"2025-11-14T13:56:44+00:00\",\"breadcrumb\":{\"@id\":\"https:\/\/ap.com.al\/?page_id=9781#breadcrumb\"},\"inLanguage\":\"en-US\",\"potentialAction\":[{\"@type\":\"ReadAction\",\"target\":[\"https:\/\/ap.com.al\/?page_id=9781\"]}]},{\"@type\":\"BreadcrumbList\",\"@id\":\"https:\/\/ap.com.al\/?page_id=9781#breadcrumb\",\"itemListElement\":[{\"@type\":\"ListItem\",\"position\":1,\"name\":\"Home\",\"item\":\"https:\/\/ap.com.al\/\"},{\"@type\":\"ListItem\",\"position\":2,\"name\":\"Furnizimi me hekur te vi\u00e7at\"}]}]}<\/script>\n<!-- \/ Yoast SEO plugin. -->","yoast_head_json":{"title":"Furnizimi me hekur te vi\u00e7at - Austria Praemix","robots":{"index":"index","follow":"follow","max-snippet":"max-snippet:-1","max-image-preview":"max-image-preview:large","max-video-preview":"max-video-preview:-1"},"canonical":"https:\/\/ap.com.al\/?page_id=9781","og_locale":"en_US","og_type":"article","og_title":"Furnizimi me hekur te vi\u00e7at - Austria Praemix","og_description":"Furnizimi me hekur te vi\u00e7at P\u00ebrpunuar nga Klevis Xhardja Hekuri \u00ebsht\u00eb nj\u00eb element gjurm\u00eb thelb\u00ebsor, m\u00eb i bollshmi n\u00eb organizmin e kafsh\u00ebve. Ai luan nj\u00eb rol ky\u00e7 n\u00eb transferimin e oksigjenit (p\u00ebrb\u00ebr\u00ebs kryesor i hemoglobin\u00ebs n\u00eb gjak, rreth 75%) dhe n\u00eb prodhimin e energjis\u00eb p\u00ebrmes oksidimit qelizor (i r\u00ebnd\u00ebsish\u00ebm p\u00ebr funksionin e mioglobin\u00ebs n\u00eb muskuj, [&hellip;]","og_url":"https:\/\/ap.com.al\/?page_id=9781","og_site_name":"Austria Praemix","article_publisher":"https:\/\/www.facebook.com\/austriapraemiks\/","article_modified_time":"2025-11-14T13:56:44+00:00","og_image":[{"url":"https:\/\/ap.com.al\/wp-content\/uploads\/2022\/03\/Asset-51-1.png"}],"twitter_card":"summary_large_image","twitter_misc":{"Est. reading time":"1 minute"},"schema":{"@context":"https:\/\/schema.org","@graph":[{"@type":"Organization","@id":"https:\/\/ap.com.al\/#organization","name":"Austria Preamix","url":"https:\/\/ap.com.al\/","sameAs":["https:\/\/www.instagram.com\/austriapraemix\/","https:\/\/www.facebook.com\/austriapraemiks\/"],"logo":{"@type":"ImageObject","inLanguage":"en-US","@id":"https:\/\/ap.com.al\/#\/schema\/logo\/image\/","url":"https:\/\/ap.com.al\/wp-content\/uploads\/2022\/02\/AP-logo.png","contentUrl":"https:\/\/ap.com.al\/wp-content\/uploads\/2022\/02\/AP-logo.png","width":3358,"height":1616,"caption":"Austria Preamix"},"image":{"@id":"https:\/\/ap.com.al\/#\/schema\/logo\/image\/"}},{"@type":"WebSite","@id":"https:\/\/ap.com.al\/#website","url":"https:\/\/ap.com.al\/","name":"Austria Praemix","description":"","publisher":{"@id":"https:\/\/ap.com.al\/#organization"},"potentialAction":[{"@type":"SearchAction","target":{"@type":"EntryPoint","urlTemplate":"https:\/\/ap.com.al\/?s={search_term_string}"},"query-input":"required name=search_term_string"}],"inLanguage":"en-US"},{"@type":"ImageObject","inLanguage":"en-US","@id":"https:\/\/ap.com.al\/?page_id=9781#primaryimage","url":"https:\/\/ap.com.al\/wp-content\/uploads\/2022\/03\/Asset-51-1.png","contentUrl":"https:\/\/ap.com.al\/wp-content\/uploads\/2022\/03\/Asset-51-1.png","width":355,"height":354},{"@type":"WebPage","@id":"https:\/\/ap.com.al\/?page_id=9781#webpage","url":"https:\/\/ap.com.al\/?page_id=9781","name":"Furnizimi me hekur te vi\u00e7at - Austria Praemix","isPartOf":{"@id":"https:\/\/ap.com.al\/#website"},"primaryImageOfPage":{"@id":"https:\/\/ap.com.al\/?page_id=9781#primaryimage"},"datePublished":"2025-11-14T13:02:46+00:00","dateModified":"2025-11-14T13:56:44+00:00","breadcrumb":{"@id":"https:\/\/ap.com.al\/?page_id=9781#breadcrumb"},"inLanguage":"en-US","potentialAction":[{"@type":"ReadAction","target":["https:\/\/ap.com.al\/?page_id=9781"]}]},{"@type":"BreadcrumbList","@id":"https:\/\/ap.com.al\/?page_id=9781#breadcrumb","itemListElement":[{"@type":"ListItem","position":1,"name":"Home","item":"https:\/\/ap.com.al\/"},{"@type":"ListItem","position":2,"name":"Furnizimi me hekur te vi\u00e7at"}]}]}},"_links":{"self":[{"href":"https:\/\/ap.com.al\/index.php?rest_route=\/wp\/v2\/pages\/9781","targetHints":{"allow":["GET"]}}],"collection":[{"href":"https:\/\/ap.com.al\/index.php?rest_route=\/wp\/v2\/pages"}],"about":[{"href":"https:\/\/ap.com.al\/index.php?rest_route=\/wp\/v2\/types\/page"}],"author":[{"embeddable":true,"href":"https:\/\/ap.com.al\/index.php?rest_route=\/wp\/v2\/users\/2"}],"replies":[{"embeddable":true,"href":"https:\/\/ap.com.al\/index.php?rest_route=%2Fwp%2Fv2%2Fcomments&post=9781"}],"version-history":[{"count":2,"href":"https:\/\/ap.com.al\/index.php?rest_route=\/wp\/v2\/pages\/9781\/revisions"}],"predecessor-version":[{"id":9801,"href":"https:\/\/ap.com.al\/index.php?rest_route=\/wp\/v2\/pages\/9781\/revisions\/9801"}],"wp:attachment":[{"href":"https:\/\/ap.com.al\/index.php?rest_route=%2Fwp%2Fv2%2Fmedia&parent=9781"}],"curies":[{"name":"wp","href":"https:\/\/api.w.org\/{rel}","templated":true}]}}