{"id":9804,"date":"2025-12-08T15:01:19","date_gmt":"2025-12-08T15:01:19","guid":{"rendered":"https:\/\/ap.com.al\/?page_id=9804"},"modified":"2025-12-08T15:01:20","modified_gmt":"2025-12-08T15:01:20","slug":"mbajtja-ne-grup-e-dosave-behet-e-detyrueshme","status":"publish","type":"page","link":"https:\/\/ap.com.al\/?page_id=9804","title":{"rendered":"Mbajtja n\u00eb grup e dosave b\u00ebhet e detyrueshme!"},"content":{"rendered":"\n<p><\/p>\n\n\n\n<p><\/p>\n\n\n\n<style>\n  #oniiii{\n    background-image:url(\"https:\/\/ap.com.al\/wp-content\/uploads\/2025\/11\/Artikull-banner-14.png\");\n    padding-bottom: 32%;\n    background-position:center left;\n    background-repeat: no-repeat;\n    background-size:cover;\n  }\n  <\/style>\n  <script src=\"https:\/\/code.jquery.com\/jquery-3.5.0.js\">\n<\/script>\n\n<div id=\"oniiii\"><\/div>\n \n<script>\n$( \"#oniiii\" ).insertBefore( \".container_wrap_first\" );\n<\/script>\n\n\n\n<div class=\"wp-block-columns\" id=\"containerr\">\n<div class=\"wp-block-column\">\n<div class=\"avia_textblock\" itemprop=\"text\"><h4 style=\"color:#005a8c;\n\">Mbajtja n\u00eb grup e dosave b\u00ebhet e detyrueshme!<\/h4>\n<p align=\"right\">\n   P\u00ebrpunuar nga Klevis Xhardja\n<\/p>\n<\/div>\n<\/div>\n<\/div>\n\n\n\n<div class=\"wp-block-columns\" id=\"containerr\">\n<div class=\"wp-block-column\">\n<div class=\"detail__certificates-item-icon\">\n<img decoding=\"async\" alt=\"SCHAUMALAC M 70 \" src=\"https:\/\/ap.com.al\/wp-content\/uploads\/2022\/03\/Asset-54-1.png\">\n<\/div>\n<\/div>\n<\/div>\n\n\n\n<div class=\"wp-block-columns\" id=\"containerr\">\n<div class=\"wp-block-column\">\n<div class=\"blue_marker_list\">\n<p align=\"justify\" style=\"margin-bottom: 0;\">K\u00ebrkesat e BE-s\u00eb p\u00ebr rritjen e derrave jan\u00eb p\u00ebrshtatur n\u00eb legjislacionin austriak. Me p\u00ebrdit\u00ebsimin e rregullave t\u00eb mir\u00ebmbajtjes synohet t\u00eb promovohen dhe zbatohen metoda m\u00eb t\u00eb p\u00ebrshtatshme p\u00ebr mir\u00ebqenien e derrave.\nNgarkesat q\u00eb lidhen me rritjen gicave n\u00eb kuad\u00ebr t\u00eb rregullores s\u00eb re vler\u00ebsohen m\u00eb t\u00eb larta sesa p\u00ebr sektorin e majm\u00ebris\u00eb.\nQ\u00eb prej 1 janarit 2013, objektet ekzistuese me t\u00eb pakt\u00ebn 10 dosa jan\u00eb t\u00eb detyruara t\u00eb garantojn\u00eb mbajtjen n\u00eb grup t\u00eb dosave nga java e pest\u00eb e shtatz\u00ebnis\u00eb deri nj\u00eb jav\u00eb para pjelljes. P\u00ebr nd\u00ebrtimet e reja kjo rregullore \u00ebsht\u00eb tashm\u00eb n\u00eb fuqi. P\u00ebrve\u00e7 k\u00ebsaj, jan\u00eb vendosur k\u00ebrkesa shtes\u00eb p\u00ebr sip\u00ebrfaqen minimale t\u00eb bokseve, si dhe udh\u00ebzime t\u00eb specifikuara p\u00ebr nd\u00ebrtimin e dyshemeve. P\u00ebr t\u00eb gjitha sistemet e mbajtjes n\u00eb grup, n\u00eb p\u00ebrputhje me t\u00eb drejt\u00ebn e BE-s\u00eb, \u00ebsht\u00eb p\u00ebrcaktuar q\u00eb zona e shtrirjes (t\u00eb pakt\u00ebn 50% e sip\u00ebrfaqes minimale) t\u00eb ket\u00eb nj\u00eb shkall\u00eb maksimale perforimi prej 15% (shih fig. 1). K\u00ebrkesa p\u00ebr mbajtje n\u00eb grup ka si synim ve\u00e7an\u00ebrisht respektimin e mir\u00ebqenies s\u00eb kafsh\u00ebve.\n<\/p>\n<h4 style=\"padding-top: 20px;\">Mbajtja n\u00eb grup<\/h4>\n<p align=\"justify\" style=\"margin-bottom: 0;\">N\u00eb rastin e kalimit n\u00eb mbajtje n\u00eb grup, p\u00ebr fermat q\u00eb po rriten, nd\u00ebrtimet e reja jan\u00eb zgjidhja m\u00eb e p\u00ebrshtatshme. T\u00eb tjerat realizojn\u00eb kalimin n\u00eb nd\u00ebrtesat ekzistuese, edhe n\u00ebp\u00ebrmjet reduktimit t\u00eb numrit t\u00eb kafsh\u00ebve.\nRritja n\u00eb grup k\u00ebrkon n\u00eb \u00e7do rast investime, t\u00eb cilat duhet t\u00eb planifikohen n\u00eb koh\u00ebn m\u00eb t\u00eb p\u00ebrshtatshme.\n<\/p>\n<h4 style=\"padding-top: 20px;\">Rezultatet e studimeve mbi rritjen n\u00eb grup treguan: <\/h4>\n<ul style=\"list-style-type: square; padding-left: 1em; margin-bottom: 0;\">\n<li>Kur procedura zbatohet n\u00eb m\u00ebnyr\u00eb optimale, mbajtja n\u00eb grup e dosave shtatz\u00ebna ndikon pozitivisht n\u00eb sh\u00ebndetin e kafsh\u00ebve. Sipas Hoy dhe Kurth (2001), fermat me mbajtje n\u00eb grup arrijn\u00eb rezultate biologjike t\u00eb krahasueshme me ato t\u00eb mbajtjes individuale.<\/li>\n<li>Gicat e dosave t\u00eb mbajtura n\u00eb grup kishin nj\u00eb pesh\u00eb lindjeje mesatarisht 60 g m\u00eb t\u00eb lart\u00eb sesa gicat nga dosa t\u00eb mbajtura individualisht, sipas nj\u00eb studimi holandez n\u00eb 59 ferma.<\/li>\n<li>Nj\u00eb nga faktor\u00ebt m\u00eb t\u00eb r\u00ebnd\u00ebsish\u00ebm \u00ebsht\u00eb menaxhimi gjat\u00eb p\u00ebrb\u00ebrjes s\u00eb grupeve. Sa t\u00eb jet\u00eb e mundur, duhet synuar krijimi i grupeve stabile. Ndryshimi i shpesht\u00eb i p\u00ebrb\u00ebrjes sjell stres dhe mund t\u00eb \u00e7oj\u00eb deri n\u00eb vdekjen e embrionit (Olsson dhe Svendsen 1997).<\/li>\n<li>P\u00ebr ushqyerjen \u00ebsht\u00eb e dobishme t\u00eb grupohen kafsh\u00eb me t\u00eb nj\u00ebjt\u00ebn gjendje trupore. N\u00eb mbajtjen n\u00eb grup ka kufizime n\u00eb k\u00ebt\u00eb drejtim. Tek kafsh\u00ebt e nj\u00ebvlerta, lufta p\u00ebr hierarki zgjat m\u00eb shum\u00eb. Humbja e dosave t\u00eb reja n\u00eb grup mund t\u00eb shmanget duke i mbajtur sa m\u00eb gjat\u00eb si grupe t\u00eb ve\u00e7uara (Bauer 2010).<\/li>\n<li>Mbajtja e t\u00eb gjitha dosave gjat\u00eb shtatz\u00ebnis\u00eb n\u00eb grup k\u00ebrkon kushte t\u00eb reja p\u00ebr nd\u00ebrtimin e dyshemeve. Sidomos dyshemet\u00eb me beton t\u00eb \u00e7ar\u00eb mund t\u00eb shkaktojn\u00eb probleme p\u00ebr sh\u00ebndetin e thundrave, p\u00ebr shkak t\u00eb aktivitetit m\u00eb t\u00eb lart\u00eb t\u00eb kafsh\u00ebve (Dr. Stephanie Knoop, Instituti Shtet\u00ebror p\u00ebr Zhvillimin e Derrave, Baden-W\u00fcrttemberg).<\/li>\n<li>L\u00ebndimet e thundrave dhe t\u00eb l\u00ebkur\u00ebs, kafshimet n\u00eb pjes\u00ebn e vagin\u00ebs dhe sjellje t\u00eb tjera t\u00eb gabuara t\u00eb dosave pritet t\u00eb shtohen t\u00eb pakt\u00ebn gjat\u00eb faz\u00ebs s\u00eb kalimit. Pasoja: m\u00eb shum\u00eb dalje t\u00eb dosave nga prodhimi, derisa operatori i ferm\u00ebs t\u00eb fitoj\u00eb p\u00ebrvoj\u00ebn e nevojshme p\u00ebr krijimin dhe menaxhimin e grupeve t\u00eb dosave (BWL 2010, i p\u00ebrshtatur).<\/li>\n<\/ul>\n<h4 style=\"padding-top: 20px;\">Derrat e rac\u00ebs H\u00fclsenberg<\/h4>\n<p align=\"justify\" style=\"margin-bottom: 0;\">Kompania e shumimit ADN, partner gjenetik i rac\u00ebs H\u00fclsenberger, ka kryer k\u00ebrkime t\u00eb veta mbi sisteme t\u00eb ndryshme ushqyerjeje dhe mbajtjeje t\u00eb dosave.\nN\u00eb test ishin: mbajtja n\u00eb grup e dosave shtatz\u00ebna nga dita e 28-t\u00eb e shtatz\u00ebnis\u00eb n\u00eb grupe t\u00eb vogla me ushqyerje n\u00eb grazhd, mbajtja individuale e vazhdueshme, dhe mbajtja n\u00eb grup e dosave shtatz\u00ebna nga dita e 28-t\u00eb e shtatz\u00ebnis\u00eb n\u00eb grupe t\u00eb m\u00ebdha me ushqyerje me transponder. \nFig. 1: N\u00eb rritjen n\u00eb grup, n\u00eb var\u00ebsi t\u00eb madh\u00ebsis\u00eb s\u00eb grupit, duhet t\u00eb jet\u00eb e disponueshme nj\u00eb sip\u00ebrfaqe e dyshemes\u00eb plot\u00ebsisht e p\u00ebrdorshme n\u00eb mas\u00ebn minimale si vijon: \n<\/p>\n<\/div>\n\n\n\n<figure class=\"wp-block-image size-full\"><img loading=\"lazy\" decoding=\"async\" width=\"635\" height=\"89\" src=\"https:\/\/ap.com.al\/wp-content\/uploads\/2025\/12\/image.png\" alt=\"\" class=\"wp-image-9805\" srcset=\"https:\/\/ap.com.al\/wp-content\/uploads\/2025\/12\/image.png 635w, https:\/\/ap.com.al\/wp-content\/uploads\/2025\/12\/image-300x42.png 300w, https:\/\/ap.com.al\/wp-content\/uploads\/2025\/12\/image-450x63.png 450w\" sizes=\"auto, (max-width: 635px) 100vw, 635px\" \/><\/figure>\n\n\n\n<div class=\"blue_marker_list\">\n<p align=\"justify\" style=\"margin-bottom: 0;\">Rezultatet tregohen n\u00eb Fig. 2 deri n\u00eb 4. Rritja e dosave n\u00eb grupe t\u00eb m\u00ebdha, n\u00eb krahasim me grupe t\u00eb vogla ose me mbajtjen e vazhdueshme n\u00eb bokse individuale, nuk \u00ebsht\u00eb automatikisht e lidhur me rezultate m\u00eb t\u00eb dob\u00ebta n\u00eb performanc\u00ebn e kafsh\u00ebve. \nNuk ka dallime t\u00eb r\u00ebnd\u00ebsishme p\u00ebr sa i p\u00ebrket numrit t\u00eb gicave t\u00eb shk\u00ebputur p\u00ebr dos\u00eb n\u00eb vit (28,1 n\u00eb grupe t\u00eb vogla, 27,2 n\u00eb rritje individuale, 28,2 n\u00eb grupe t\u00eb m\u00ebdha).\nFermer\u00ebt q\u00eb mbjellin dosa me siguri do t\u00eb duhet t\u00eb p\u00ebrgatiten p\u00ebr nj\u00eb shkall\u00eb m\u00eb t\u00eb lart\u00eb z\u00ebvend\u00ebsimi kur t\u00eb kalojn\u00eb n\u00eb strehim n\u00eb grup. Humbjet e dosave jan\u00eb m\u00eb t\u00eb larta, 4.7% n\u00eb grupe t\u00eb vogla dhe 4.1% n\u00eb grupe t\u00eb m\u00ebdha sesa n\u00eb strehimin e vazhduesh\u00ebm n\u00eb arka.\nK\u00ebshtu, normat e z\u00ebvend\u00ebsimit n\u00eb strehimin n\u00eb grup jan\u00eb 5 deri n\u00eb 10% m\u00eb t\u00eb larta se n\u00eb strehimin individual. Dosat n\u00eb pjelljen e tyre t\u00eb par\u00eb n\u00eb strehimin n\u00eb grup t\u00eb madh kan\u00eb norma vdekshm\u00ebrie af\u00ebrsisht 6% m\u00eb t\u00eb larta. Norma e \u201cnon-return\u201d \u00ebsht\u00eb m\u00eb e ul\u00ebt tek dosat n\u00eb pjell\u00ebn e dyt\u00eb t\u00eb strehuara n\u00eb grupe t\u00eb m\u00ebdha, n\u00eb krahasim me t\u00eb dy variantet e tjera \u2013 nj\u00eb sfid\u00eb e ve\u00e7ant\u00eb p\u00ebr fermerin dhe menaxhimin e tij. \nN\u00eb analiza t\u00eb m\u00ebtejshme, n\u00ebp\u00ebrmjet ADN \u00ebsht\u00eb b\u00ebr\u00eb krahasimi midis: dosave t\u00eb strehuara n\u00eb grup n\u00eb p\u00ebrgjith\u00ebsi, dosave t\u00eb rritura n\u00eb grup q\u00eb nga momenti i shk\u00ebputjes dhe dosave t\u00eb rrituran\u00eb grup q\u00eb nga dita e 28-t\u00eb e shtatz\u00ebnis\u00eb.\nRezultatet paraqiten n\u00eb figur\u00ebn 5. Dosat e mbajtura n\u00eb grup q\u00eb nga dita e 28-t\u00eb e shtatz\u00ebnis\u00eb tregohen m\u00eb superiore ndaj formave t\u00eb tjera t\u00eb rritjes.\nDeri n\u00eb hyrjen n\u00eb fuqi me ligj t\u00eb rritjes n\u00eb grup p\u00ebr dosat shtatz\u00ebna mbeten edhe 25 muaj. K\u00ebshilluesit e kompanis\u00eb Schaumann ofrojn\u00eb mb\u00ebshtetje t\u00eb gjer\u00eb p\u00ebr zbatimin e rregullores s\u00eb re.\n<\/p>\n<\/div>\n\n\n\n<figure class=\"wp-block-image size-full\"><img loading=\"lazy\" decoding=\"async\" width=\"650\" height=\"365\" src=\"https:\/\/ap.com.al\/wp-content\/uploads\/2025\/12\/image-1.png\" alt=\"\" class=\"wp-image-9806\" srcset=\"https:\/\/ap.com.al\/wp-content\/uploads\/2025\/12\/image-1.png 650w, https:\/\/ap.com.al\/wp-content\/uploads\/2025\/12\/image-1-300x168.png 300w, https:\/\/ap.com.al\/wp-content\/uploads\/2025\/12\/image-1-450x253.png 450w\" sizes=\"auto, (max-width: 650px) 100vw, 650px\" \/><\/figure>\n\n\n\n<figure class=\"wp-block-image size-full\"><img loading=\"lazy\" decoding=\"async\" width=\"631\" height=\"425\" src=\"https:\/\/ap.com.al\/wp-content\/uploads\/2025\/12\/image-2.png\" alt=\"\" class=\"wp-image-9807\" srcset=\"https:\/\/ap.com.al\/wp-content\/uploads\/2025\/12\/image-2.png 631w, https:\/\/ap.com.al\/wp-content\/uploads\/2025\/12\/image-2-300x202.png 300w, https:\/\/ap.com.al\/wp-content\/uploads\/2025\/12\/image-2-450x303.png 450w\" sizes=\"auto, (max-width: 631px) 100vw, 631px\" \/><\/figure>\n\n\n\n<figure class=\"wp-block-image size-full\"><img loading=\"lazy\" decoding=\"async\" width=\"615\" height=\"432\" src=\"https:\/\/ap.com.al\/wp-content\/uploads\/2025\/12\/image-3.png\" alt=\"\" class=\"wp-image-9808\" srcset=\"https:\/\/ap.com.al\/wp-content\/uploads\/2025\/12\/image-3.png 615w, https:\/\/ap.com.al\/wp-content\/uploads\/2025\/12\/image-3-300x211.png 300w, https:\/\/ap.com.al\/wp-content\/uploads\/2025\/12\/image-3-450x316.png 450w\" sizes=\"auto, (max-width: 615px) 100vw, 615px\" \/><\/figure>\n\n\n\n<figure class=\"wp-block-image size-full\"><img loading=\"lazy\" decoding=\"async\" width=\"609\" height=\"301\" src=\"https:\/\/ap.com.al\/wp-content\/uploads\/2025\/12\/image-4.png\" alt=\"\" class=\"wp-image-9809\" srcset=\"https:\/\/ap.com.al\/wp-content\/uploads\/2025\/12\/image-4.png 609w, https:\/\/ap.com.al\/wp-content\/uploads\/2025\/12\/image-4-300x148.png 300w, https:\/\/ap.com.al\/wp-content\/uploads\/2025\/12\/image-4-450x222.png 450w\" sizes=\"auto, (max-width: 609px) 100vw, 609px\" \/><\/figure>\n<\/div>\n<\/div>\n\n\n\n<p><\/p>\n","protected":false},"excerpt":{"rendered":"<p>Mbajtja n\u00eb grup e dosave b\u00ebhet e detyrueshme! P\u00ebrpunuar nga Klevis Xhardja K\u00ebrkesat e BE-s\u00eb p\u00ebr rritjen e derrave jan\u00eb p\u00ebrshtatur n\u00eb legjislacionin austriak. Me p\u00ebrdit\u00ebsimin e rregullave t\u00eb mir\u00ebmbajtjes synohet t\u00eb promovohen dhe zbatohen metoda m\u00eb t\u00eb p\u00ebrshtatshme p\u00ebr mir\u00ebqenien e derrave. Ngarkesat q\u00eb lidhen me rritjen gicave n\u00eb kuad\u00ebr t\u00eb rregullores s\u00eb re [&hellip;]<\/p>\n","protected":false},"author":2,"featured_media":0,"parent":0,"menu_order":0,"comment_status":"closed","ping_status":"closed","template":"","meta":{"inline_featured_image":false,"footnotes":""},"class_list":["post-9804","page","type-page","status-publish","hentry"],"yoast_head":"<!-- This site is optimized with the Yoast SEO plugin v18.9 - https:\/\/yoast.com\/wordpress\/plugins\/seo\/ -->\n<title>Mbajtja n\u00eb grup e dosave b\u00ebhet e detyrueshme! - Austria Praemix<\/title>\n<meta name=\"robots\" content=\"index, follow, max-snippet:-1, max-image-preview:large, max-video-preview:-1\" \/>\n<link rel=\"canonical\" href=\"https:\/\/ap.com.al\/?page_id=9804\" \/>\n<meta property=\"og:locale\" content=\"en_US\" \/>\n<meta property=\"og:type\" content=\"article\" \/>\n<meta property=\"og:title\" content=\"Mbajtja n\u00eb grup e dosave b\u00ebhet e detyrueshme! - Austria Praemix\" \/>\n<meta property=\"og:description\" content=\"Mbajtja n\u00eb grup e dosave b\u00ebhet e detyrueshme! P\u00ebrpunuar nga Klevis Xhardja K\u00ebrkesat e BE-s\u00eb p\u00ebr rritjen e derrave jan\u00eb p\u00ebrshtatur n\u00eb legjislacionin austriak. Me p\u00ebrdit\u00ebsimin e rregullave t\u00eb mir\u00ebmbajtjes synohet t\u00eb promovohen dhe zbatohen metoda m\u00eb t\u00eb p\u00ebrshtatshme p\u00ebr mir\u00ebqenien e derrave. Ngarkesat q\u00eb lidhen me rritjen gicave n\u00eb kuad\u00ebr t\u00eb rregullores s\u00eb re [&hellip;]\" \/>\n<meta property=\"og:url\" content=\"https:\/\/ap.com.al\/?page_id=9804\" \/>\n<meta property=\"og:site_name\" content=\"Austria Praemix\" \/>\n<meta property=\"article:publisher\" content=\"https:\/\/www.facebook.com\/austriapraemiks\/\" \/>\n<meta property=\"article:modified_time\" content=\"2025-12-08T15:01:20+00:00\" \/>\n<meta property=\"og:image\" content=\"https:\/\/ap.com.al\/wp-content\/uploads\/2022\/03\/Asset-54-1.png\" \/>\n<meta name=\"twitter:card\" content=\"summary_large_image\" \/>\n<meta name=\"twitter:label1\" content=\"Est. reading time\" \/>\n\t<meta name=\"twitter:data1\" content=\"1 minute\" \/>\n<script type=\"application\/ld+json\" class=\"yoast-schema-graph\">{\"@context\":\"https:\/\/schema.org\",\"@graph\":[{\"@type\":\"Organization\",\"@id\":\"https:\/\/ap.com.al\/#organization\",\"name\":\"Austria Preamix\",\"url\":\"https:\/\/ap.com.al\/\",\"sameAs\":[\"https:\/\/www.instagram.com\/austriapraemix\/\",\"https:\/\/www.facebook.com\/austriapraemiks\/\"],\"logo\":{\"@type\":\"ImageObject\",\"inLanguage\":\"en-US\",\"@id\":\"https:\/\/ap.com.al\/#\/schema\/logo\/image\/\",\"url\":\"https:\/\/ap.com.al\/wp-content\/uploads\/2022\/02\/AP-logo.png\",\"contentUrl\":\"https:\/\/ap.com.al\/wp-content\/uploads\/2022\/02\/AP-logo.png\",\"width\":3358,\"height\":1616,\"caption\":\"Austria Preamix\"},\"image\":{\"@id\":\"https:\/\/ap.com.al\/#\/schema\/logo\/image\/\"}},{\"@type\":\"WebSite\",\"@id\":\"https:\/\/ap.com.al\/#website\",\"url\":\"https:\/\/ap.com.al\/\",\"name\":\"Austria Praemix\",\"description\":\"\",\"publisher\":{\"@id\":\"https:\/\/ap.com.al\/#organization\"},\"potentialAction\":[{\"@type\":\"SearchAction\",\"target\":{\"@type\":\"EntryPoint\",\"urlTemplate\":\"https:\/\/ap.com.al\/?s={search_term_string}\"},\"query-input\":\"required name=search_term_string\"}],\"inLanguage\":\"en-US\"},{\"@type\":\"ImageObject\",\"inLanguage\":\"en-US\",\"@id\":\"https:\/\/ap.com.al\/?page_id=9804#primaryimage\",\"url\":\"https:\/\/ap.com.al\/wp-content\/uploads\/2022\/03\/Asset-54-1.png\",\"contentUrl\":\"https:\/\/ap.com.al\/wp-content\/uploads\/2022\/03\/Asset-54-1.png\",\"width\":355,\"height\":354},{\"@type\":\"WebPage\",\"@id\":\"https:\/\/ap.com.al\/?page_id=9804#webpage\",\"url\":\"https:\/\/ap.com.al\/?page_id=9804\",\"name\":\"Mbajtja n\u00eb grup e dosave b\u00ebhet e detyrueshme! - Austria Praemix\",\"isPartOf\":{\"@id\":\"https:\/\/ap.com.al\/#website\"},\"primaryImageOfPage\":{\"@id\":\"https:\/\/ap.com.al\/?page_id=9804#primaryimage\"},\"datePublished\":\"2025-12-08T15:01:19+00:00\",\"dateModified\":\"2025-12-08T15:01:20+00:00\",\"breadcrumb\":{\"@id\":\"https:\/\/ap.com.al\/?page_id=9804#breadcrumb\"},\"inLanguage\":\"en-US\",\"potentialAction\":[{\"@type\":\"ReadAction\",\"target\":[\"https:\/\/ap.com.al\/?page_id=9804\"]}]},{\"@type\":\"BreadcrumbList\",\"@id\":\"https:\/\/ap.com.al\/?page_id=9804#breadcrumb\",\"itemListElement\":[{\"@type\":\"ListItem\",\"position\":1,\"name\":\"Home\",\"item\":\"https:\/\/ap.com.al\/\"},{\"@type\":\"ListItem\",\"position\":2,\"name\":\"Mbajtja n\u00eb grup e dosave b\u00ebhet e detyrueshme!\"}]}]}<\/script>\n<!-- \/ Yoast SEO plugin. -->","yoast_head_json":{"title":"Mbajtja n\u00eb grup e dosave b\u00ebhet e detyrueshme! - Austria Praemix","robots":{"index":"index","follow":"follow","max-snippet":"max-snippet:-1","max-image-preview":"max-image-preview:large","max-video-preview":"max-video-preview:-1"},"canonical":"https:\/\/ap.com.al\/?page_id=9804","og_locale":"en_US","og_type":"article","og_title":"Mbajtja n\u00eb grup e dosave b\u00ebhet e detyrueshme! - Austria Praemix","og_description":"Mbajtja n\u00eb grup e dosave b\u00ebhet e detyrueshme! P\u00ebrpunuar nga Klevis Xhardja K\u00ebrkesat e BE-s\u00eb p\u00ebr rritjen e derrave jan\u00eb p\u00ebrshtatur n\u00eb legjislacionin austriak. Me p\u00ebrdit\u00ebsimin e rregullave t\u00eb mir\u00ebmbajtjes synohet t\u00eb promovohen dhe zbatohen metoda m\u00eb t\u00eb p\u00ebrshtatshme p\u00ebr mir\u00ebqenien e derrave. Ngarkesat q\u00eb lidhen me rritjen gicave n\u00eb kuad\u00ebr t\u00eb rregullores s\u00eb re [&hellip;]","og_url":"https:\/\/ap.com.al\/?page_id=9804","og_site_name":"Austria Praemix","article_publisher":"https:\/\/www.facebook.com\/austriapraemiks\/","article_modified_time":"2025-12-08T15:01:20+00:00","og_image":[{"url":"https:\/\/ap.com.al\/wp-content\/uploads\/2022\/03\/Asset-54-1.png"}],"twitter_card":"summary_large_image","twitter_misc":{"Est. reading time":"1 minute"},"schema":{"@context":"https:\/\/schema.org","@graph":[{"@type":"Organization","@id":"https:\/\/ap.com.al\/#organization","name":"Austria Preamix","url":"https:\/\/ap.com.al\/","sameAs":["https:\/\/www.instagram.com\/austriapraemix\/","https:\/\/www.facebook.com\/austriapraemiks\/"],"logo":{"@type":"ImageObject","inLanguage":"en-US","@id":"https:\/\/ap.com.al\/#\/schema\/logo\/image\/","url":"https:\/\/ap.com.al\/wp-content\/uploads\/2022\/02\/AP-logo.png","contentUrl":"https:\/\/ap.com.al\/wp-content\/uploads\/2022\/02\/AP-logo.png","width":3358,"height":1616,"caption":"Austria Preamix"},"image":{"@id":"https:\/\/ap.com.al\/#\/schema\/logo\/image\/"}},{"@type":"WebSite","@id":"https:\/\/ap.com.al\/#website","url":"https:\/\/ap.com.al\/","name":"Austria Praemix","description":"","publisher":{"@id":"https:\/\/ap.com.al\/#organization"},"potentialAction":[{"@type":"SearchAction","target":{"@type":"EntryPoint","urlTemplate":"https:\/\/ap.com.al\/?s={search_term_string}"},"query-input":"required name=search_term_string"}],"inLanguage":"en-US"},{"@type":"ImageObject","inLanguage":"en-US","@id":"https:\/\/ap.com.al\/?page_id=9804#primaryimage","url":"https:\/\/ap.com.al\/wp-content\/uploads\/2022\/03\/Asset-54-1.png","contentUrl":"https:\/\/ap.com.al\/wp-content\/uploads\/2022\/03\/Asset-54-1.png","width":355,"height":354},{"@type":"WebPage","@id":"https:\/\/ap.com.al\/?page_id=9804#webpage","url":"https:\/\/ap.com.al\/?page_id=9804","name":"Mbajtja n\u00eb grup e dosave b\u00ebhet e detyrueshme! - Austria Praemix","isPartOf":{"@id":"https:\/\/ap.com.al\/#website"},"primaryImageOfPage":{"@id":"https:\/\/ap.com.al\/?page_id=9804#primaryimage"},"datePublished":"2025-12-08T15:01:19+00:00","dateModified":"2025-12-08T15:01:20+00:00","breadcrumb":{"@id":"https:\/\/ap.com.al\/?page_id=9804#breadcrumb"},"inLanguage":"en-US","potentialAction":[{"@type":"ReadAction","target":["https:\/\/ap.com.al\/?page_id=9804"]}]},{"@type":"BreadcrumbList","@id":"https:\/\/ap.com.al\/?page_id=9804#breadcrumb","itemListElement":[{"@type":"ListItem","position":1,"name":"Home","item":"https:\/\/ap.com.al\/"},{"@type":"ListItem","position":2,"name":"Mbajtja n\u00eb grup e dosave b\u00ebhet e detyrueshme!"}]}]}},"_links":{"self":[{"href":"https:\/\/ap.com.al\/index.php?rest_route=\/wp\/v2\/pages\/9804","targetHints":{"allow":["GET"]}}],"collection":[{"href":"https:\/\/ap.com.al\/index.php?rest_route=\/wp\/v2\/pages"}],"about":[{"href":"https:\/\/ap.com.al\/index.php?rest_route=\/wp\/v2\/types\/page"}],"author":[{"embeddable":true,"href":"https:\/\/ap.com.al\/index.php?rest_route=\/wp\/v2\/users\/2"}],"replies":[{"embeddable":true,"href":"https:\/\/ap.com.al\/index.php?rest_route=%2Fwp%2Fv2%2Fcomments&post=9804"}],"version-history":[{"count":1,"href":"https:\/\/ap.com.al\/index.php?rest_route=\/wp\/v2\/pages\/9804\/revisions"}],"predecessor-version":[{"id":9810,"href":"https:\/\/ap.com.al\/index.php?rest_route=\/wp\/v2\/pages\/9804\/revisions\/9810"}],"wp:attachment":[{"href":"https:\/\/ap.com.al\/index.php?rest_route=%2Fwp%2Fv2%2Fmedia&parent=9804"}],"curies":[{"name":"wp","href":"https:\/\/api.w.org\/{rel}","templated":true}]}}