{"id":9812,"date":"2025-12-08T15:08:51","date_gmt":"2025-12-08T15:08:51","guid":{"rendered":"https:\/\/ap.com.al\/?page_id=9812"},"modified":"2025-12-08T15:08:51","modified_gmt":"2025-12-08T15:08:51","slug":"bazat-e-shendetit-te-vicit","status":"publish","type":"page","link":"https:\/\/ap.com.al\/?page_id=9812","title":{"rendered":"Bazat e sh\u00ebndetit t\u00eb vi\u00e7it"},"content":{"rendered":"\n<style>\n  #oniiii{\n    background-image:url(\"https:\/\/ap.com.al\/wp-content\/uploads\/2025\/11\/Artikull-banner-15.png\");\n    padding-bottom: 32%;\n    background-position:center center;\n    background-repeat: no-repeat;\n    background-size:cover;\n  }\n  <\/style>\n  <script src=\"https:\/\/code.jquery.com\/jquery-3.5.0.js\">\n<\/script>\n\n<div id=\"oniiii\"><\/div>\n \n<script>\n$( \"#oniiii\" ).insertBefore( \".container_wrap_first\" );\n<\/script>\n\n\n\n<div class=\"wp-block-columns\" id=\"containerr\">\n<div class=\"wp-block-column\">\n<div class=\"avia_textblock\" itemprop=\"text\"><h4 style=\"color:#005a8c;\n\">Bazat e sh\u00ebndetit t\u00eb vi\u00e7it<\/h4>\n<p align=\"right\">\n   P\u00ebrpunuar nga Klevis Xhardja\n<\/p>\n<\/div>\n<\/div>\n<\/div>\n\n\n\n<div class=\"wp-block-columns\" id=\"containerr\">\n<div class=\"wp-block-column\">\n<div class=\"detail__certificates-item-icon\">\n<img decoding=\"async\" alt=\"Icon RINDAMAST UNI\" src=\"https:\/\/ap.com.al\/wp-content\/uploads\/2022\/03\/Asset-51-1.png\">\n<\/div>\n<\/div>\n<\/div>\n\n\n\n<div class=\"wp-block-columns\" id=\"containerr\">\n<div class=\"wp-block-column\">\n<figure class=\"wp-block-image size-full\"><img loading=\"lazy\" decoding=\"async\" width=\"975\" height=\"582\" src=\"https:\/\/ap.com.al\/wp-content\/uploads\/2025\/12\/image-5.png\" alt=\"\" class=\"wp-image-9813\" srcset=\"https:\/\/ap.com.al\/wp-content\/uploads\/2025\/12\/image-5.png 975w, https:\/\/ap.com.al\/wp-content\/uploads\/2025\/12\/image-5-300x179.png 300w, https:\/\/ap.com.al\/wp-content\/uploads\/2025\/12\/image-5-768x458.png 768w, https:\/\/ap.com.al\/wp-content\/uploads\/2025\/12\/image-5-705x421.png 705w, https:\/\/ap.com.al\/wp-content\/uploads\/2025\/12\/image-5-450x269.png 450w\" sizes=\"auto, (max-width: 975px) 100vw, 975px\" \/><\/figure>\n\n\n\n<div class=\"blue_marker_list\">\n<h4 style=\"padding-top: 20px;\">Parandalimi i S\u00ebmundjeve te Vi\u00e7at: Nj\u00eb Prioritet n\u00eb Ferm\u00ebn e Gjedh\u00ebve<\/h4>\n<p align=\"justify\">S\u00ebmundjet e vi\u00e7it jan\u00eb nj\u00eb realitet i p\u00ebrditsh\u00ebm n\u00eb fermat e gjedh\u00ebve. Infeksionet e k\u00ebrthiz\u00ebs, problemet respiratore dhe ve\u00e7an\u00ebrisht diarreja mund t\u00eb shkaktojn\u00eb komplikime serioze dhe madje edhe vdekje te vi\u00e7at e rinj. N\u00eb nj\u00eb ferm\u00eb mesatare, mund t\u00eb priten deri n\u00eb 10% humbje vi\u00e7ash \u00e7do vit. Duke qen\u00eb se t\u00eb porsalindurit kan\u00eb rezerva t\u00eb kufizuara dhe aft\u00ebsi t\u00eb vogla kompensimi, edhe nj\u00eb s\u00ebmundje e leht\u00eb mund t\u00eb evoluoj\u00eb shpejt n\u00eb \u00e7rregullime metabolike k\u00ebrc\u00ebnuese p\u00ebr jet\u00ebn. P\u00ebr m\u00eb tep\u00ebr, sistemi i tyre imunitar ende i pazhvilluar nuk mund ta mbroj\u00eb efektivisht organizmin e tyre t\u00eb brisht\u00eb nga infeksionet.\nMegjithat\u00eb, me nj\u00eb strategji t\u00eb mir\u00eb parandaluese, incidenca e s\u00ebmundjeve te vi\u00e7at, sidomos diarreja, mund t\u00eb ulet ndjesh\u00ebm me pak p\u00ebrpjekje. Masat parandaluese nisin q\u00eb gjat\u00eb periudh\u00ebs s\u00eb gestacionit t\u00eb lop\u00ebs.\n<\/p>\n<h4 style=\"padding-top: 20px;\">Periudha e Gestacionit dhe Pjellja: Themeli i Sh\u00ebndetit t\u00eb Vi\u00e7it<\/h4>\n<p align=\"justify\">Nj\u00eb lop\u00eb e sh\u00ebndetshme ka m\u00eb shum\u00eb gjasa t\u00eb lind\u00eb nj\u00eb vi\u00e7 t\u00eb fort\u00eb. \u00cbsht\u00eb e r\u00ebnd\u00ebsishme t\u00eb shmanget zhvendosja e lop\u00ebve n\u00eb stalla t\u00eb tjera ose shitja e tyre pak para pjelljes, pasi kjo mund t\u00eb stresoj\u00eb sistemin imunitar t\u00eb tyre dhe at\u00eb t\u00eb vi\u00e7it, duke i b\u00ebr\u00eb m\u00eb t\u00eb ndjesh\u00ebm ndaj kushteve infektive t\u00eb stall\u00ebs s\u00eb re. \u00c7do stres i panevojsh\u00ebm duhet minimizuar. Ushqimi dhe furnizimi i lop\u00ebve duhet t\u00eb jet\u00eb i q\u00ebndruesh\u00ebm, me theks t\u00eb ve\u00e7ant\u00eb n\u00eb furnizimin me selen, pasi vi\u00e7at e dob\u00ebt shpesh kan\u00eb v\u00ebshtir\u00ebsi n\u00eb thithje.\nHigjiena e pjelljes \u00ebsht\u00eb kritike. Pjellja duhet t\u00eb ndodh\u00eb n\u00eb nj\u00eb shtrat t\u00eb past\u00ebr me kasht\u00eb, duke shmangur nd\u00ebrhyrjet obstetrike t\u00eb panevojshme. N\u00eb stallat e lira ose me zinxhir, boksi i pjelljes duhet p\u00ebrgatitur paraprakisht dhe pjellja duhet t\u00eb zhvillohet ve\u00e7mas nga kafsh\u00ebt e tjera. Dezinfektimi i k\u00ebrthiz\u00ebs me tret\u00ebsira jodi \u00ebsht\u00eb i preferuar ndaj alkoolit ose tret\u00ebsirave blu.\n<\/p>\n<\/div>\n\n\n\n<div class=\"blue_marker_list\">\n<h4 style=\"padding-top: 20px;\">Pas Lindjes: Ushqyerja dhe Mjedisi si Faktor\u00eb Mbrojt\u00ebs<\/h4>\n<p align=\"justify\">Pas lindjes, disa masa t\u00eb thjeshta ndihmojn\u00eb n\u00eb parandalimin e s\u00ebmundjeve infektive. P\u00ebrve\u00e7 nj\u00eb mjedisi t\u00eb past\u00ebr, regjimi i duhur i t\u00eb ushqyerit \u00ebsht\u00eb thelb\u00ebsor. Kolostrumi i lop\u00ebs \u00ebsht\u00eb tep\u00ebr i vlefsh\u00ebm p\u00ebr vi\u00e7in e porsalindur p\u00ebr shkak t\u00eb nivelit t\u00eb lart\u00eb t\u00eb antitrupave. Sistemi imunitar i vi\u00e7it maturohet plot\u00ebsisht brenda 5 deri n\u00eb 8 jav\u00ebsh. Brenda 4 or\u00ebve t\u00eb para t\u00eb jet\u00ebs, vi\u00e7it duhet t&#8217;i ofrohet sa m\u00eb shum\u00eb kolostrum (disa racione t\u00eb vogla n\u00eb 24 or\u00ebt e ardhshme, p\u00ebr shembull, tre vakte shtes\u00eb prej rreth 1,5 litrash secili).\nGjat\u00eb tre jav\u00ebve t\u00eb para t\u00eb jet\u00ebs, vi\u00e7i duhet t\u00eb ambientohet optimalisht me mjedisin e ri. Rritja e shpejt\u00eb nuk \u00ebsht\u00eb prioritare n\u00eb k\u00ebt\u00eb faz\u00eb. Habitati i tij duhet t\u00eb jet\u00eb nj\u00eb boks i past\u00ebr, i dezinfektuar dhe i shtruar mir\u00eb, ose nj\u00eb streh\u00eb e vog\u00ebl me vi\u00e7a t\u00eb s\u00eb nj\u00ebjt\u00ebs mosh\u00eb. Gjat\u00eb jav\u00ebs s\u00eb par\u00eb, dy vaktet ditore me qum\u00ebsht t\u00eb n\u00ebn\u00ebs (n\u00ebse \u00ebsht\u00eb e mundur) nuk duhet t\u00eb kalojn\u00eb 2 litra p\u00ebr vakt. Sasia e rekomanduar p\u00ebr tre jav\u00ebt e para \u00ebsht\u00eb 10% e pesh\u00ebs trupore n\u00eb dit\u00eb, shpesh duke k\u00ebrkuar nj\u00eb vakt t\u00eb tret\u00eb. Temperatura e l\u00ebngut p\u00ebr t&#8217;u pir\u00eb duhet monitoruar me kujdes ekstrem, duke qen\u00eb 38\u00b0C-40\u00b0C (temperatura e trupit) dhe asnj\u00ebher\u00eb mbi 45\u00b0C. Kjo \u00ebsht\u00eb ve\u00e7an\u00ebrisht e r\u00ebnd\u00ebsishme n\u00eb stallat e ftohta moderne, ku ena e t\u00eb pirit mund t\u00eb k\u00ebrkoj\u00eb ngrohje paraprake n\u00eb stin\u00ebn e ftoht\u00eb. L\u00ebngu nuk duhet holluar kurr\u00eb me uj\u00eb ose l\u00ebngje t\u00eb tjera, sidomos n\u00eb 3-5 jav\u00ebt e para. Ushqyerja duhet b\u00ebr\u00eb vet\u00ebm me biberon, dhe vrima e tij nuk duhet zmadhuar artificialisht p\u00ebr t\u00eb siguruar thithjen e duhur dhe p\u00ebrgatitjen e aparatit tret\u00ebs. Ena e t\u00eb pirit duhet pastruar mir\u00eb pas \u00e7do vakti me uj\u00eb t\u00eb nxeht\u00eb dhe fur\u00e7\u00eb.\nN\u00eb fermat me rrezik t\u00eb lart\u00eb t\u00eb s\u00ebmundjeve te vi\u00e7at, optimizimi i higjien\u00ebs dhe menaxhimit duhet t\u00eb jet\u00eb prioritet, i ndjekur nga p\u00ebrmir\u00ebsimi i furnizimit baz\u00eb (vitamina, selen) p\u00ebrpara se t\u00eb konsiderohen programet e vaksinimit ose antibiotik\u00ebt profilaktik\u00eb.\n<\/p>\n<\/div>\n<\/div>\n<\/div>\n\n\n\n<p><\/p>\n","protected":false},"excerpt":{"rendered":"<p>Bazat e sh\u00ebndetit t\u00eb vi\u00e7it P\u00ebrpunuar nga Klevis Xhardja Parandalimi i S\u00ebmundjeve te Vi\u00e7at: Nj\u00eb Prioritet n\u00eb Ferm\u00ebn e Gjedh\u00ebve S\u00ebmundjet e vi\u00e7it jan\u00eb nj\u00eb realitet i p\u00ebrditsh\u00ebm n\u00eb fermat e gjedh\u00ebve. Infeksionet e k\u00ebrthiz\u00ebs, problemet respiratore dhe ve\u00e7an\u00ebrisht diarreja mund t\u00eb shkaktojn\u00eb komplikime serioze dhe madje edhe vdekje te vi\u00e7at e rinj. N\u00eb nj\u00eb [&hellip;]<\/p>\n","protected":false},"author":2,"featured_media":0,"parent":0,"menu_order":0,"comment_status":"closed","ping_status":"closed","template":"","meta":{"inline_featured_image":false,"footnotes":""},"class_list":["post-9812","page","type-page","status-publish","hentry"],"yoast_head":"<!-- This site is optimized with the Yoast SEO plugin v18.9 - https:\/\/yoast.com\/wordpress\/plugins\/seo\/ -->\n<title>Bazat e sh\u00ebndetit t\u00eb vi\u00e7it - Austria Praemix<\/title>\n<meta name=\"robots\" content=\"index, follow, max-snippet:-1, max-image-preview:large, max-video-preview:-1\" \/>\n<link rel=\"canonical\" href=\"https:\/\/ap.com.al\/?page_id=9812\" \/>\n<meta property=\"og:locale\" content=\"en_US\" \/>\n<meta property=\"og:type\" content=\"article\" \/>\n<meta property=\"og:title\" content=\"Bazat e sh\u00ebndetit t\u00eb vi\u00e7it - Austria Praemix\" \/>\n<meta property=\"og:description\" content=\"Bazat e sh\u00ebndetit t\u00eb vi\u00e7it P\u00ebrpunuar nga Klevis Xhardja Parandalimi i S\u00ebmundjeve te Vi\u00e7at: Nj\u00eb Prioritet n\u00eb Ferm\u00ebn e Gjedh\u00ebve S\u00ebmundjet e vi\u00e7it jan\u00eb nj\u00eb realitet i p\u00ebrditsh\u00ebm n\u00eb fermat e gjedh\u00ebve. Infeksionet e k\u00ebrthiz\u00ebs, problemet respiratore dhe ve\u00e7an\u00ebrisht diarreja mund t\u00eb shkaktojn\u00eb komplikime serioze dhe madje edhe vdekje te vi\u00e7at e rinj. N\u00eb nj\u00eb [&hellip;]\" \/>\n<meta property=\"og:url\" content=\"https:\/\/ap.com.al\/?page_id=9812\" \/>\n<meta property=\"og:site_name\" content=\"Austria Praemix\" \/>\n<meta property=\"article:publisher\" content=\"https:\/\/www.facebook.com\/austriapraemiks\/\" \/>\n<meta property=\"og:image\" content=\"https:\/\/ap.com.al\/wp-content\/uploads\/2022\/03\/Asset-51-1.png\" \/>\n<meta name=\"twitter:card\" content=\"summary_large_image\" \/>\n<meta name=\"twitter:label1\" content=\"Est. reading time\" \/>\n\t<meta name=\"twitter:data1\" content=\"1 minute\" \/>\n<script type=\"application\/ld+json\" class=\"yoast-schema-graph\">{\"@context\":\"https:\/\/schema.org\",\"@graph\":[{\"@type\":\"Organization\",\"@id\":\"https:\/\/ap.com.al\/#organization\",\"name\":\"Austria Preamix\",\"url\":\"https:\/\/ap.com.al\/\",\"sameAs\":[\"https:\/\/www.instagram.com\/austriapraemix\/\",\"https:\/\/www.facebook.com\/austriapraemiks\/\"],\"logo\":{\"@type\":\"ImageObject\",\"inLanguage\":\"en-US\",\"@id\":\"https:\/\/ap.com.al\/#\/schema\/logo\/image\/\",\"url\":\"https:\/\/ap.com.al\/wp-content\/uploads\/2022\/02\/AP-logo.png\",\"contentUrl\":\"https:\/\/ap.com.al\/wp-content\/uploads\/2022\/02\/AP-logo.png\",\"width\":3358,\"height\":1616,\"caption\":\"Austria Preamix\"},\"image\":{\"@id\":\"https:\/\/ap.com.al\/#\/schema\/logo\/image\/\"}},{\"@type\":\"WebSite\",\"@id\":\"https:\/\/ap.com.al\/#website\",\"url\":\"https:\/\/ap.com.al\/\",\"name\":\"Austria Praemix\",\"description\":\"\",\"publisher\":{\"@id\":\"https:\/\/ap.com.al\/#organization\"},\"potentialAction\":[{\"@type\":\"SearchAction\",\"target\":{\"@type\":\"EntryPoint\",\"urlTemplate\":\"https:\/\/ap.com.al\/?s={search_term_string}\"},\"query-input\":\"required name=search_term_string\"}],\"inLanguage\":\"en-US\"},{\"@type\":\"ImageObject\",\"inLanguage\":\"en-US\",\"@id\":\"https:\/\/ap.com.al\/?page_id=9812#primaryimage\",\"url\":\"https:\/\/ap.com.al\/wp-content\/uploads\/2022\/03\/Asset-51-1.png\",\"contentUrl\":\"https:\/\/ap.com.al\/wp-content\/uploads\/2022\/03\/Asset-51-1.png\",\"width\":355,\"height\":354},{\"@type\":\"WebPage\",\"@id\":\"https:\/\/ap.com.al\/?page_id=9812#webpage\",\"url\":\"https:\/\/ap.com.al\/?page_id=9812\",\"name\":\"Bazat e sh\u00ebndetit t\u00eb vi\u00e7it - Austria Praemix\",\"isPartOf\":{\"@id\":\"https:\/\/ap.com.al\/#website\"},\"primaryImageOfPage\":{\"@id\":\"https:\/\/ap.com.al\/?page_id=9812#primaryimage\"},\"datePublished\":\"2025-12-08T15:08:51+00:00\",\"dateModified\":\"2025-12-08T15:08:51+00:00\",\"breadcrumb\":{\"@id\":\"https:\/\/ap.com.al\/?page_id=9812#breadcrumb\"},\"inLanguage\":\"en-US\",\"potentialAction\":[{\"@type\":\"ReadAction\",\"target\":[\"https:\/\/ap.com.al\/?page_id=9812\"]}]},{\"@type\":\"BreadcrumbList\",\"@id\":\"https:\/\/ap.com.al\/?page_id=9812#breadcrumb\",\"itemListElement\":[{\"@type\":\"ListItem\",\"position\":1,\"name\":\"Home\",\"item\":\"https:\/\/ap.com.al\/\"},{\"@type\":\"ListItem\",\"position\":2,\"name\":\"Bazat e sh\u00ebndetit t\u00eb vi\u00e7it\"}]}]}<\/script>\n<!-- \/ Yoast SEO plugin. -->","yoast_head_json":{"title":"Bazat e sh\u00ebndetit t\u00eb vi\u00e7it - Austria Praemix","robots":{"index":"index","follow":"follow","max-snippet":"max-snippet:-1","max-image-preview":"max-image-preview:large","max-video-preview":"max-video-preview:-1"},"canonical":"https:\/\/ap.com.al\/?page_id=9812","og_locale":"en_US","og_type":"article","og_title":"Bazat e sh\u00ebndetit t\u00eb vi\u00e7it - Austria Praemix","og_description":"Bazat e sh\u00ebndetit t\u00eb vi\u00e7it P\u00ebrpunuar nga Klevis Xhardja Parandalimi i S\u00ebmundjeve te Vi\u00e7at: Nj\u00eb Prioritet n\u00eb Ferm\u00ebn e Gjedh\u00ebve S\u00ebmundjet e vi\u00e7it jan\u00eb nj\u00eb realitet i p\u00ebrditsh\u00ebm n\u00eb fermat e gjedh\u00ebve. Infeksionet e k\u00ebrthiz\u00ebs, problemet respiratore dhe ve\u00e7an\u00ebrisht diarreja mund t\u00eb shkaktojn\u00eb komplikime serioze dhe madje edhe vdekje te vi\u00e7at e rinj. N\u00eb nj\u00eb [&hellip;]","og_url":"https:\/\/ap.com.al\/?page_id=9812","og_site_name":"Austria Praemix","article_publisher":"https:\/\/www.facebook.com\/austriapraemiks\/","og_image":[{"url":"https:\/\/ap.com.al\/wp-content\/uploads\/2022\/03\/Asset-51-1.png"}],"twitter_card":"summary_large_image","twitter_misc":{"Est. reading time":"1 minute"},"schema":{"@context":"https:\/\/schema.org","@graph":[{"@type":"Organization","@id":"https:\/\/ap.com.al\/#organization","name":"Austria Preamix","url":"https:\/\/ap.com.al\/","sameAs":["https:\/\/www.instagram.com\/austriapraemix\/","https:\/\/www.facebook.com\/austriapraemiks\/"],"logo":{"@type":"ImageObject","inLanguage":"en-US","@id":"https:\/\/ap.com.al\/#\/schema\/logo\/image\/","url":"https:\/\/ap.com.al\/wp-content\/uploads\/2022\/02\/AP-logo.png","contentUrl":"https:\/\/ap.com.al\/wp-content\/uploads\/2022\/02\/AP-logo.png","width":3358,"height":1616,"caption":"Austria Preamix"},"image":{"@id":"https:\/\/ap.com.al\/#\/schema\/logo\/image\/"}},{"@type":"WebSite","@id":"https:\/\/ap.com.al\/#website","url":"https:\/\/ap.com.al\/","name":"Austria Praemix","description":"","publisher":{"@id":"https:\/\/ap.com.al\/#organization"},"potentialAction":[{"@type":"SearchAction","target":{"@type":"EntryPoint","urlTemplate":"https:\/\/ap.com.al\/?s={search_term_string}"},"query-input":"required name=search_term_string"}],"inLanguage":"en-US"},{"@type":"ImageObject","inLanguage":"en-US","@id":"https:\/\/ap.com.al\/?page_id=9812#primaryimage","url":"https:\/\/ap.com.al\/wp-content\/uploads\/2022\/03\/Asset-51-1.png","contentUrl":"https:\/\/ap.com.al\/wp-content\/uploads\/2022\/03\/Asset-51-1.png","width":355,"height":354},{"@type":"WebPage","@id":"https:\/\/ap.com.al\/?page_id=9812#webpage","url":"https:\/\/ap.com.al\/?page_id=9812","name":"Bazat e sh\u00ebndetit t\u00eb vi\u00e7it - Austria Praemix","isPartOf":{"@id":"https:\/\/ap.com.al\/#website"},"primaryImageOfPage":{"@id":"https:\/\/ap.com.al\/?page_id=9812#primaryimage"},"datePublished":"2025-12-08T15:08:51+00:00","dateModified":"2025-12-08T15:08:51+00:00","breadcrumb":{"@id":"https:\/\/ap.com.al\/?page_id=9812#breadcrumb"},"inLanguage":"en-US","potentialAction":[{"@type":"ReadAction","target":["https:\/\/ap.com.al\/?page_id=9812"]}]},{"@type":"BreadcrumbList","@id":"https:\/\/ap.com.al\/?page_id=9812#breadcrumb","itemListElement":[{"@type":"ListItem","position":1,"name":"Home","item":"https:\/\/ap.com.al\/"},{"@type":"ListItem","position":2,"name":"Bazat e sh\u00ebndetit t\u00eb vi\u00e7it"}]}]}},"_links":{"self":[{"href":"https:\/\/ap.com.al\/index.php?rest_route=\/wp\/v2\/pages\/9812","targetHints":{"allow":["GET"]}}],"collection":[{"href":"https:\/\/ap.com.al\/index.php?rest_route=\/wp\/v2\/pages"}],"about":[{"href":"https:\/\/ap.com.al\/index.php?rest_route=\/wp\/v2\/types\/page"}],"author":[{"embeddable":true,"href":"https:\/\/ap.com.al\/index.php?rest_route=\/wp\/v2\/users\/2"}],"replies":[{"embeddable":true,"href":"https:\/\/ap.com.al\/index.php?rest_route=%2Fwp%2Fv2%2Fcomments&post=9812"}],"version-history":[{"count":1,"href":"https:\/\/ap.com.al\/index.php?rest_route=\/wp\/v2\/pages\/9812\/revisions"}],"predecessor-version":[{"id":9814,"href":"https:\/\/ap.com.al\/index.php?rest_route=\/wp\/v2\/pages\/9812\/revisions\/9814"}],"wp:attachment":[{"href":"https:\/\/ap.com.al\/index.php?rest_route=%2Fwp%2Fv2%2Fmedia&parent=9812"}],"curies":[{"name":"wp","href":"https:\/\/api.w.org\/{rel}","templated":true}]}}