{"id":9816,"date":"2025-12-08T15:19:31","date_gmt":"2025-12-08T15:19:31","guid":{"rendered":"https:\/\/ap.com.al\/?page_id=9816"},"modified":"2025-12-08T15:19:32","modified_gmt":"2025-12-08T15:19:32","slug":"rekomandime-te-reja-per-ushqyerjen-e-derrave-per-majmeri","status":"publish","type":"page","link":"https:\/\/ap.com.al\/?page_id=9816","title":{"rendered":"Rekomandime t\u00eb reja p\u00ebr ushqyerjen e derrave p\u00ebr majm\u00ebri"},"content":{"rendered":"\n<p><\/p>\n\n\n\n<p><\/p>\n\n\n\n<style>\n  #oniiii{\n    background-image:url(\"https:\/\/ap.com.al\/wp-content\/uploads\/2025\/09\/Artikull-banner-11.png\");\n    padding-bottom: 32%;\n    background-position:center left;\n    background-repeat: no-repeat;\n    background-size:cover;\n  }\n  <\/style>\n  <script src=\"https:\/\/code.jquery.com\/jquery-3.5.0.js\">\n<\/script>\n\n<div id=\"oniiii\"><\/div>\n \n<script>\n$( \"#oniiii\" ).insertBefore( \".container_wrap_first\" );\n<\/script>\n\n\n\n<div class=\"wp-block-columns\" id=\"containerr\">\n<div class=\"wp-block-column\">\n<div class=\"avia_textblock\" itemprop=\"text\"><h4 style=\"color:#005a8c;\n\">Rekomandime t\u00eb reja p\u00ebr ushqyerjen e derrave p\u00ebr majm\u00ebri <\/h4>\n<p align=\"right\">\n   P\u00ebrpunuar nga Klevis Xhardja\n<\/p>\n<\/div>\n<\/div>\n<\/div>\n\n\n\n<div class=\"wp-block-columns\" id=\"containerr\">\n<div class=\"wp-block-column\">\n<div class=\"detail__certificates-item-icon\">\n<img decoding=\"async\" alt=\"SCHAUMALAC M 70 \" src=\"https:\/\/ap.com.al\/wp-content\/uploads\/2022\/03\/Asset-54-1.png\">\n<\/div>\n<\/div>\n<\/div>\n\n\n\n<div class=\"wp-block-columns\" id=\"containerr\">\n<div class=\"wp-block-column\">\n<div class=\"blue_marker_list\">\n<h4 style=\"padding-top: 20px;\">Niveli i performanc\u00ebs s\u00eb derrave \u00ebsht\u00eb rritur ndjesh\u00ebm vitet e fundit. Kjo zhvillim duhet t\u00eb merret parasysh n\u00eb ushqyerje.<\/h4>\n<p align=\"justify\" style=\"margin-bottom: 0;\">Shoqata p\u00ebr Fiziologjin\u00eb e Ushqyerjes (GfE) ka publikuar rekomandime t\u00eb reja p\u00ebr furnizimin me energji dhe l\u00ebnd\u00eb ushqyese t\u00eb derrave p\u00ebr majm\u00ebri. Energjia e p\u00ebrdorshme (ME) mbetet si standard p\u00ebr vler\u00ebsimin energjetik t\u00eb ushqimit. N\u00eb formul\u00ebn e rishikuar t\u00eb llogaritjes s\u00eb ME jan\u00eb hequr korrigjimet p\u00ebr p\u00ebrmbajtjen e substancave t\u00eb fermentueshme bakteriale (BFS) dhe sheqerit.\n<\/p>\n<h4 style=\"padding-top: 20px;\">Ndryshimi<\/h4>\n<p align=\"justify\" style=\"margin-bottom: 0;\">Formula e re e llogaritjes e vler\u00ebson p\u00ebrmbajtjen e yndyr\u00ebs me nj\u00eb nivel energjie m\u00eb t\u00eb lart\u00eb se m\u00eb par\u00eb. P\u00ebr vler\u00ebsimin e proteinave dhe aminoacideve, GfE ka ndryshuar t\u00eb gjitha rekomandimet e furnizimit n\u00eb baz\u00eb t\u00eb protein\u00ebs s\u00eb pap\u00ebrpunuar dhe aminoacideve t\u00eb tretshme n\u00eb zorr\u00ebn e holl\u00eb, nd\u00ebrsa m\u00eb par\u00eb t\u00eb gjitha vlerat jepeshin mbi baz\u00ebn e t\u00eb dh\u00ebnave bruto.\nKjo mund\u00ebson parashikim m\u00eb t\u00eb sakt\u00eb t\u00eb ushqyerjes dhe performanc\u00ebs. Ushqimet me kosto efektive me tretje t\u00eb ul\u00ebt t\u00eb aminoacideve mund t\u00eb vler\u00ebsohen k\u00ebshtu shum\u00eb m\u00eb sakt\u00eb (shih Figur\u00ebn 1).\n<\/p>\n<\/div>\n\n\n\n<figure class=\"wp-block-image size-full\"><img loading=\"lazy\" decoding=\"async\" width=\"624\" height=\"381\" src=\"https:\/\/ap.com.al\/wp-content\/uploads\/2025\/12\/image-6.png\" alt=\"\" class=\"wp-image-9817\" srcset=\"https:\/\/ap.com.al\/wp-content\/uploads\/2025\/12\/image-6.png 624w, https:\/\/ap.com.al\/wp-content\/uploads\/2025\/12\/image-6-300x183.png 300w, https:\/\/ap.com.al\/wp-content\/uploads\/2025\/12\/image-6-450x275.png 450w\" sizes=\"auto, (max-width: 624px) 100vw, 624px\" \/><\/figure>\n\n\n\n<div class=\"blue_marker_list\">\n<h4 style=\"padding-top: 20px;\">Ushqyerje e p\u00ebrmir\u00ebsuar<\/h4>\n<p align=\"justify\" style=\"margin-bottom: 0;\">Me rritjen e pesh\u00ebs dhe mosh\u00ebs, p\u00ebrmbajtja e proteinave n\u00eb shtimin e mas\u00ebs trupore t\u00eb derrave pak\u00ebsohet, nd\u00ebrsa p\u00ebrmbajtja e yndyr\u00ebs rritet nga rreth 20 % deri n\u00eb mbi 40 %.\nSidomos n\u00eb faz\u00ebn e fundit t\u00eb majm\u00ebris\u00eb shfaqen dallime gjinore n\u00eb p\u00ebrmbajtjen e yndyr\u00ebs. P\u00ebrve\u00e7 k\u00ebsaj, disa gjenotipe moderne, pavar\u00ebsisht rritjeve t\u00eb larta t\u00eb mas\u00ebs trupore, ende mund t\u00eb arrijn\u00eb nj\u00eb p\u00ebrqindje shum\u00eb t\u00eb lart\u00eb t\u00eb mishit pa dhjam\u00eb.\nNdikimi mbi nevojat p\u00ebr aminoacide dhe energji n\u00eb grupmosha t\u00eb ndryshme \u00ebsht\u00eb marr\u00eb parasysh n\u00eb rekomandimet e reja t\u00eb GfE, p\u00ebr nj\u00eb ushqyerje t\u00eb p\u00ebrmir\u00ebsuar, individuale dhe t\u00eb p\u00ebrshtatur me performanc\u00ebn.\n<\/p>\n<\/div>\n\n\n\n<figure class=\"wp-block-image size-full\"><img loading=\"lazy\" decoding=\"async\" width=\"694\" height=\"399\" src=\"https:\/\/ap.com.al\/wp-content\/uploads\/2025\/12\/image-7.png\" alt=\"\" class=\"wp-image-9818\" srcset=\"https:\/\/ap.com.al\/wp-content\/uploads\/2025\/12\/image-7.png 694w, https:\/\/ap.com.al\/wp-content\/uploads\/2025\/12\/image-7-300x172.png 300w, https:\/\/ap.com.al\/wp-content\/uploads\/2025\/12\/image-7-450x259.png 450w\" sizes=\"auto, (max-width: 694px) 100vw, 694px\" \/><\/figure>\n\n\n\n<figure class=\"wp-block-image size-full\"><img loading=\"lazy\" decoding=\"async\" width=\"656\" height=\"294\" src=\"https:\/\/ap.com.al\/wp-content\/uploads\/2025\/12\/image-8.png\" alt=\"\" class=\"wp-image-9819\" srcset=\"https:\/\/ap.com.al\/wp-content\/uploads\/2025\/12\/image-8.png 656w, https:\/\/ap.com.al\/wp-content\/uploads\/2025\/12\/image-8-300x134.png 300w, https:\/\/ap.com.al\/wp-content\/uploads\/2025\/12\/image-8-450x202.png 450w\" sizes=\"auto, (max-width: 656px) 100vw, 656px\" \/><\/figure>\n\n\n\n<figure class=\"wp-block-image size-full\"><img loading=\"lazy\" decoding=\"async\" width=\"650\" height=\"231\" src=\"https:\/\/ap.com.al\/wp-content\/uploads\/2025\/12\/image-9.png\" alt=\"\" class=\"wp-image-9820\" srcset=\"https:\/\/ap.com.al\/wp-content\/uploads\/2025\/12\/image-9.png 650w, https:\/\/ap.com.al\/wp-content\/uploads\/2025\/12\/image-9-300x107.png 300w, https:\/\/ap.com.al\/wp-content\/uploads\/2025\/12\/image-9-450x160.png 450w\" sizes=\"auto, (max-width: 650px) 100vw, 650px\" \/><\/figure>\n\n\n\n<div class=\"blue_marker_list\">\n<p align=\"justify\" style=\"margin-bottom: 0;\">GfE e ka ndar\u00eb intervalin e mas\u00ebs trupore prej 30 deri n\u00eb 120 kg n\u00eb rritje nga 10 kg mas\u00eb trupore dhe n\u00eb nivele performance prej 500 deri n\u00eb 1.100 g shtim n\u00eb pesh\u00eb t\u00eb gjall\u00eb \u00e7do dit\u00eb.\nN\u00ebse shtimi ditor i mas\u00ebs trupore brenda nj\u00eb faze t\u00eb mas\u00ebs trupore rritet me 100 g, at\u00ebher\u00eb te derrat p\u00ebr majm\u00ebri me nj\u00eb p\u00ebrqindje normale t\u00eb mishit pa dhjam\u00eb duhet t\u00eb shtohen \u00e7do dit\u00eb rreth 1,8 g lizin\u00eb e tretshme shtes\u00eb. Te derrat me p\u00ebrqindje t\u00eb lart\u00eb mishi pa dhjam\u00eb kjo rritje \u00ebsht\u00eb edhe m\u00eb e lart\u00eb me af\u00ebrsisht 2.0 g lizin\u00eb t\u00eb tretshme n\u00eb dit\u00eb. Edhe raporti i aminoacideve kryesore ndaj lizin\u00ebs \u00ebsht\u00eb p\u00ebrshtatur. N\u00eb baz\u00eb t\u00eb aminoacideve t\u00eb tretshme, raporti i metionin\u00ebs+cistin\u00ebs ndaj lizin\u00ebs \u00ebsht\u00eb ulur, nd\u00ebrsa ai i treonin\u00ebs \u00ebsht\u00eb rritur.\nK\u00ebrkesa p\u00ebr energji rritet vazhdimisht me rritjen e performanc\u00ebs s\u00eb majm\u00ebris\u00eb. N\u00eb faz\u00ebn e par\u00eb t\u00eb majm\u00ebris\u00eb (30\u201360 kg LM) jan\u00eb 2 MJ ME n\u00eb dit\u00eb dhe n\u00eb faz\u00ebn e mesme\/finale t\u00eb majm\u00ebris\u00eb (60\u2013120 kg LM) jan\u00eb 3 MJ ME n\u00eb dit\u00eb, t\u00eb cilat duhet t\u00eb shtohen kur shtimi ditor i mas\u00ebs trupore rritet me 100 g. P\u00ebr shpenzimin e energjis\u00eb p\u00ebr kg shtim n\u00eb mas\u00eb trupore, shihet nj\u00eb efikasitet m\u00eb i mir\u00eb me rritje m\u00eb t\u00eb larta.\nP\u00ebr nj\u00eb shtim mesatar ditor t\u00eb mas\u00ebs trupore prej 850 g, duhet parashikuar nj\u00eb shpenzim energjie prej rreth 37 MJ\/kg shtim gjat\u00eb gjith\u00eb periudh\u00ebs s\u00eb majm\u00ebris\u00eb (shih Fig. 2).\n<\/p>\n<\/div>\n\n\n\n<div class=\"blue_marker_list\">\n<h4 style=\"padding-top: 20px;\">P\u00ebrzierjet e Ushqimit<\/h4>\n<p align=\"justify\" style=\"margin-bottom: 0;\">P\u00ebrqendrimet e l\u00ebnd\u00ebve ushqyese dhe p\u00ebrb\u00ebr\u00ebsve aktiv\u00eb t\u00eb programit Schaumann bazuar n\u00eb nevojat konfirmojn\u00eb se performanca optimale e majm\u00ebris\u00eb dhe therjes arrihet me llogaritjet e racioneve t\u00eb rekomanduara.\nDerrat p\u00ebr majm\u00ebri marrin sasi t\u00eb m\u00ebdha t\u00eb aminoacideve esenciale p\u00ebrmes ushqimit mineral Schaumann. Ato plot\u00ebsojn\u00eb boshll\u00ebqet n\u00eb k\u00ebrkesat p\u00ebr proteina t\u00eb ushqimit dhe treten plot\u00ebsisht. Si\u00e7 tregojn\u00eb p\u00ebrzierjet e mostrave n\u00eb Figur\u00ebn 3, rekomandimet m\u00eb t\u00eb fundit t\u00eb Shoq\u00ebris\u00eb p\u00ebr Fiziologjin\u00eb e Ushqyerjes merren n\u00eb konsiderat\u00eb n\u00eb m\u00ebnyr\u00eb gjith\u00ebp\u00ebrfshir\u00ebse.\n<\/p>\n<\/div>\n<\/div>\n<\/div>\n\n\n\n<p><\/p>\n","protected":false},"excerpt":{"rendered":"<p>Rekomandime t\u00eb reja p\u00ebr ushqyerjen e derrave p\u00ebr majm\u00ebri P\u00ebrpunuar nga Klevis Xhardja Niveli i performanc\u00ebs s\u00eb derrave \u00ebsht\u00eb rritur ndjesh\u00ebm vitet e fundit. Kjo zhvillim duhet t\u00eb merret parasysh n\u00eb ushqyerje. Shoqata p\u00ebr Fiziologjin\u00eb e Ushqyerjes (GfE) ka publikuar rekomandime t\u00eb reja p\u00ebr furnizimin me energji dhe l\u00ebnd\u00eb ushqyese t\u00eb derrave p\u00ebr majm\u00ebri. Energjia [&hellip;]<\/p>\n","protected":false},"author":2,"featured_media":0,"parent":0,"menu_order":0,"comment_status":"closed","ping_status":"closed","template":"","meta":{"inline_featured_image":false,"footnotes":""},"class_list":["post-9816","page","type-page","status-publish","hentry"],"yoast_head":"<!-- This site is optimized with the Yoast SEO plugin v18.9 - https:\/\/yoast.com\/wordpress\/plugins\/seo\/ -->\n<title>Rekomandime t\u00eb reja p\u00ebr ushqyerjen e derrave p\u00ebr majm\u00ebri - Austria Praemix<\/title>\n<meta name=\"robots\" content=\"index, follow, max-snippet:-1, max-image-preview:large, max-video-preview:-1\" \/>\n<link rel=\"canonical\" href=\"https:\/\/ap.com.al\/?page_id=9816\" \/>\n<meta property=\"og:locale\" content=\"en_US\" \/>\n<meta property=\"og:type\" content=\"article\" \/>\n<meta property=\"og:title\" content=\"Rekomandime t\u00eb reja p\u00ebr ushqyerjen e derrave p\u00ebr majm\u00ebri - Austria Praemix\" \/>\n<meta property=\"og:description\" content=\"Rekomandime t\u00eb reja p\u00ebr ushqyerjen e derrave p\u00ebr majm\u00ebri P\u00ebrpunuar nga Klevis Xhardja Niveli i performanc\u00ebs s\u00eb derrave \u00ebsht\u00eb rritur ndjesh\u00ebm vitet e fundit. Kjo zhvillim duhet t\u00eb merret parasysh n\u00eb ushqyerje. Shoqata p\u00ebr Fiziologjin\u00eb e Ushqyerjes (GfE) ka publikuar rekomandime t\u00eb reja p\u00ebr furnizimin me energji dhe l\u00ebnd\u00eb ushqyese t\u00eb derrave p\u00ebr majm\u00ebri. Energjia [&hellip;]\" \/>\n<meta property=\"og:url\" content=\"https:\/\/ap.com.al\/?page_id=9816\" \/>\n<meta property=\"og:site_name\" content=\"Austria Praemix\" \/>\n<meta property=\"article:publisher\" content=\"https:\/\/www.facebook.com\/austriapraemiks\/\" \/>\n<meta property=\"article:modified_time\" content=\"2025-12-08T15:19:32+00:00\" \/>\n<meta property=\"og:image\" content=\"https:\/\/ap.com.al\/wp-content\/uploads\/2022\/03\/Asset-54-1.png\" \/>\n<meta name=\"twitter:card\" content=\"summary_large_image\" \/>\n<meta name=\"twitter:label1\" content=\"Est. reading time\" \/>\n\t<meta name=\"twitter:data1\" content=\"1 minute\" \/>\n<script type=\"application\/ld+json\" class=\"yoast-schema-graph\">{\"@context\":\"https:\/\/schema.org\",\"@graph\":[{\"@type\":\"Organization\",\"@id\":\"https:\/\/ap.com.al\/#organization\",\"name\":\"Austria Preamix\",\"url\":\"https:\/\/ap.com.al\/\",\"sameAs\":[\"https:\/\/www.instagram.com\/austriapraemix\/\",\"https:\/\/www.facebook.com\/austriapraemiks\/\"],\"logo\":{\"@type\":\"ImageObject\",\"inLanguage\":\"en-US\",\"@id\":\"https:\/\/ap.com.al\/#\/schema\/logo\/image\/\",\"url\":\"https:\/\/ap.com.al\/wp-content\/uploads\/2022\/02\/AP-logo.png\",\"contentUrl\":\"https:\/\/ap.com.al\/wp-content\/uploads\/2022\/02\/AP-logo.png\",\"width\":3358,\"height\":1616,\"caption\":\"Austria Preamix\"},\"image\":{\"@id\":\"https:\/\/ap.com.al\/#\/schema\/logo\/image\/\"}},{\"@type\":\"WebSite\",\"@id\":\"https:\/\/ap.com.al\/#website\",\"url\":\"https:\/\/ap.com.al\/\",\"name\":\"Austria Praemix\",\"description\":\"\",\"publisher\":{\"@id\":\"https:\/\/ap.com.al\/#organization\"},\"potentialAction\":[{\"@type\":\"SearchAction\",\"target\":{\"@type\":\"EntryPoint\",\"urlTemplate\":\"https:\/\/ap.com.al\/?s={search_term_string}\"},\"query-input\":\"required name=search_term_string\"}],\"inLanguage\":\"en-US\"},{\"@type\":\"ImageObject\",\"inLanguage\":\"en-US\",\"@id\":\"https:\/\/ap.com.al\/?page_id=9816#primaryimage\",\"url\":\"https:\/\/ap.com.al\/wp-content\/uploads\/2022\/03\/Asset-54-1.png\",\"contentUrl\":\"https:\/\/ap.com.al\/wp-content\/uploads\/2022\/03\/Asset-54-1.png\",\"width\":355,\"height\":354},{\"@type\":\"WebPage\",\"@id\":\"https:\/\/ap.com.al\/?page_id=9816#webpage\",\"url\":\"https:\/\/ap.com.al\/?page_id=9816\",\"name\":\"Rekomandime t\u00eb reja p\u00ebr ushqyerjen e derrave p\u00ebr majm\u00ebri - Austria Praemix\",\"isPartOf\":{\"@id\":\"https:\/\/ap.com.al\/#website\"},\"primaryImageOfPage\":{\"@id\":\"https:\/\/ap.com.al\/?page_id=9816#primaryimage\"},\"datePublished\":\"2025-12-08T15:19:31+00:00\",\"dateModified\":\"2025-12-08T15:19:32+00:00\",\"breadcrumb\":{\"@id\":\"https:\/\/ap.com.al\/?page_id=9816#breadcrumb\"},\"inLanguage\":\"en-US\",\"potentialAction\":[{\"@type\":\"ReadAction\",\"target\":[\"https:\/\/ap.com.al\/?page_id=9816\"]}]},{\"@type\":\"BreadcrumbList\",\"@id\":\"https:\/\/ap.com.al\/?page_id=9816#breadcrumb\",\"itemListElement\":[{\"@type\":\"ListItem\",\"position\":1,\"name\":\"Home\",\"item\":\"https:\/\/ap.com.al\/\"},{\"@type\":\"ListItem\",\"position\":2,\"name\":\"Rekomandime t\u00eb reja p\u00ebr ushqyerjen e derrave p\u00ebr majm\u00ebri\"}]}]}<\/script>\n<!-- \/ Yoast SEO plugin. -->","yoast_head_json":{"title":"Rekomandime t\u00eb reja p\u00ebr ushqyerjen e derrave p\u00ebr majm\u00ebri - Austria Praemix","robots":{"index":"index","follow":"follow","max-snippet":"max-snippet:-1","max-image-preview":"max-image-preview:large","max-video-preview":"max-video-preview:-1"},"canonical":"https:\/\/ap.com.al\/?page_id=9816","og_locale":"en_US","og_type":"article","og_title":"Rekomandime t\u00eb reja p\u00ebr ushqyerjen e derrave p\u00ebr majm\u00ebri - Austria Praemix","og_description":"Rekomandime t\u00eb reja p\u00ebr ushqyerjen e derrave p\u00ebr majm\u00ebri P\u00ebrpunuar nga Klevis Xhardja Niveli i performanc\u00ebs s\u00eb derrave \u00ebsht\u00eb rritur ndjesh\u00ebm vitet e fundit. Kjo zhvillim duhet t\u00eb merret parasysh n\u00eb ushqyerje. Shoqata p\u00ebr Fiziologjin\u00eb e Ushqyerjes (GfE) ka publikuar rekomandime t\u00eb reja p\u00ebr furnizimin me energji dhe l\u00ebnd\u00eb ushqyese t\u00eb derrave p\u00ebr majm\u00ebri. Energjia [&hellip;]","og_url":"https:\/\/ap.com.al\/?page_id=9816","og_site_name":"Austria Praemix","article_publisher":"https:\/\/www.facebook.com\/austriapraemiks\/","article_modified_time":"2025-12-08T15:19:32+00:00","og_image":[{"url":"https:\/\/ap.com.al\/wp-content\/uploads\/2022\/03\/Asset-54-1.png"}],"twitter_card":"summary_large_image","twitter_misc":{"Est. reading time":"1 minute"},"schema":{"@context":"https:\/\/schema.org","@graph":[{"@type":"Organization","@id":"https:\/\/ap.com.al\/#organization","name":"Austria Preamix","url":"https:\/\/ap.com.al\/","sameAs":["https:\/\/www.instagram.com\/austriapraemix\/","https:\/\/www.facebook.com\/austriapraemiks\/"],"logo":{"@type":"ImageObject","inLanguage":"en-US","@id":"https:\/\/ap.com.al\/#\/schema\/logo\/image\/","url":"https:\/\/ap.com.al\/wp-content\/uploads\/2022\/02\/AP-logo.png","contentUrl":"https:\/\/ap.com.al\/wp-content\/uploads\/2022\/02\/AP-logo.png","width":3358,"height":1616,"caption":"Austria Preamix"},"image":{"@id":"https:\/\/ap.com.al\/#\/schema\/logo\/image\/"}},{"@type":"WebSite","@id":"https:\/\/ap.com.al\/#website","url":"https:\/\/ap.com.al\/","name":"Austria Praemix","description":"","publisher":{"@id":"https:\/\/ap.com.al\/#organization"},"potentialAction":[{"@type":"SearchAction","target":{"@type":"EntryPoint","urlTemplate":"https:\/\/ap.com.al\/?s={search_term_string}"},"query-input":"required name=search_term_string"}],"inLanguage":"en-US"},{"@type":"ImageObject","inLanguage":"en-US","@id":"https:\/\/ap.com.al\/?page_id=9816#primaryimage","url":"https:\/\/ap.com.al\/wp-content\/uploads\/2022\/03\/Asset-54-1.png","contentUrl":"https:\/\/ap.com.al\/wp-content\/uploads\/2022\/03\/Asset-54-1.png","width":355,"height":354},{"@type":"WebPage","@id":"https:\/\/ap.com.al\/?page_id=9816#webpage","url":"https:\/\/ap.com.al\/?page_id=9816","name":"Rekomandime t\u00eb reja p\u00ebr ushqyerjen e derrave p\u00ebr majm\u00ebri - Austria Praemix","isPartOf":{"@id":"https:\/\/ap.com.al\/#website"},"primaryImageOfPage":{"@id":"https:\/\/ap.com.al\/?page_id=9816#primaryimage"},"datePublished":"2025-12-08T15:19:31+00:00","dateModified":"2025-12-08T15:19:32+00:00","breadcrumb":{"@id":"https:\/\/ap.com.al\/?page_id=9816#breadcrumb"},"inLanguage":"en-US","potentialAction":[{"@type":"ReadAction","target":["https:\/\/ap.com.al\/?page_id=9816"]}]},{"@type":"BreadcrumbList","@id":"https:\/\/ap.com.al\/?page_id=9816#breadcrumb","itemListElement":[{"@type":"ListItem","position":1,"name":"Home","item":"https:\/\/ap.com.al\/"},{"@type":"ListItem","position":2,"name":"Rekomandime t\u00eb reja p\u00ebr ushqyerjen e derrave p\u00ebr majm\u00ebri"}]}]}},"_links":{"self":[{"href":"https:\/\/ap.com.al\/index.php?rest_route=\/wp\/v2\/pages\/9816","targetHints":{"allow":["GET"]}}],"collection":[{"href":"https:\/\/ap.com.al\/index.php?rest_route=\/wp\/v2\/pages"}],"about":[{"href":"https:\/\/ap.com.al\/index.php?rest_route=\/wp\/v2\/types\/page"}],"author":[{"embeddable":true,"href":"https:\/\/ap.com.al\/index.php?rest_route=\/wp\/v2\/users\/2"}],"replies":[{"embeddable":true,"href":"https:\/\/ap.com.al\/index.php?rest_route=%2Fwp%2Fv2%2Fcomments&post=9816"}],"version-history":[{"count":1,"href":"https:\/\/ap.com.al\/index.php?rest_route=\/wp\/v2\/pages\/9816\/revisions"}],"predecessor-version":[{"id":9821,"href":"https:\/\/ap.com.al\/index.php?rest_route=\/wp\/v2\/pages\/9816\/revisions\/9821"}],"wp:attachment":[{"href":"https:\/\/ap.com.al\/index.php?rest_route=%2Fwp%2Fv2%2Fmedia&parent=9816"}],"curies":[{"name":"wp","href":"https:\/\/api.w.org\/{rel}","templated":true}]}}