{"id":9825,"date":"2025-12-08T15:42:38","date_gmt":"2025-12-08T15:42:38","guid":{"rendered":"https:\/\/ap.com.al\/?page_id=9825"},"modified":"2025-12-08T15:42:39","modified_gmt":"2025-12-08T15:42:39","slug":"themelet-e-nje-jete-produktive-rritja-optimale-e-vicave-dhe-meshqerrave","status":"publish","type":"page","link":"https:\/\/ap.com.al\/?page_id=9825","title":{"rendered":"Themelet e nj\u00eb jete produktive: Rritja optimale e vi\u00e7ave dhe meshqerrave"},"content":{"rendered":"\n<style>\n  #oniiii{\n    background-image:url(\"https:\/\/ap.com.al\/wp-content\/uploads\/2025\/11\/Artikull-banner-15.png\");\n    padding-bottom: 32%;\n    background-position:center center;\n    background-repeat: no-repeat;\n    background-size:cover;\n  }\n  <\/style>\n  <script src=\"https:\/\/code.jquery.com\/jquery-3.5.0.js\">\n<\/script>\n\n<div id=\"oniiii\"><\/div>\n \n<script>\n$( \"#oniiii\" ).insertBefore( \".container_wrap_first\" );\n<\/script>\n\n\n\n<div class=\"wp-block-columns\" id=\"containerr\">\n<div class=\"wp-block-column\">\n<div class=\"avia_textblock\" itemprop=\"text\"><h4 style=\"color:#005a8c;\n\">Themelet e nj\u00eb jete produktive: Rritja optimale e vi\u00e7ave dhe meshqerrave<\/h4>\n<p align=\"right\">\n   P\u00ebrpunuar nga Klevis Xhardja\n<\/p>\n<\/div>\n<\/div>\n<\/div>\n\n\n\n<div class=\"wp-block-columns\" id=\"containerr\">\n<div class=\"wp-block-column\">\n<div class=\"detail__certificates-item-icon\">\n<img decoding=\"async\" alt=\"Icon RINDAMAST UNI\" src=\"https:\/\/ap.com.al\/wp-content\/uploads\/2022\/03\/Asset-51-1.png\">\n<\/div>\n<\/div>\n<\/div>\n\n\n\n<div class=\"wp-block-columns\" id=\"containerr\">\n<div class=\"wp-block-column\">\n<figure class=\"wp-block-image size-full\"><img loading=\"lazy\" decoding=\"async\" width=\"975\" height=\"533\" src=\"https:\/\/ap.com.al\/wp-content\/uploads\/2025\/12\/image-10.png\" alt=\"\" class=\"wp-image-9826\" srcset=\"https:\/\/ap.com.al\/wp-content\/uploads\/2025\/12\/image-10.png 975w, https:\/\/ap.com.al\/wp-content\/uploads\/2025\/12\/image-10-300x164.png 300w, https:\/\/ap.com.al\/wp-content\/uploads\/2025\/12\/image-10-768x420.png 768w, https:\/\/ap.com.al\/wp-content\/uploads\/2025\/12\/image-10-705x385.png 705w, https:\/\/ap.com.al\/wp-content\/uploads\/2025\/12\/image-10-450x246.png 450w\" sizes=\"auto, (max-width: 975px) 100vw, 975px\" \/><\/figure>\n\n\n\n<div class=\"blue_marker_list\">\n<p align=\"justify\">Rritja e sh\u00ebndetshme dhe optimale e vi\u00e7ave dhe gjedh\u00ebve t\u00eb reja \u00ebsht\u00eb thelb\u00ebsore p\u00ebr zhvillimin e lop\u00ebve t\u00eb forta dhe produktive. Ky artikull trajton aspektet ky\u00e7e t\u00eb rritjes s\u00eb suksesshme dhe identifikon zonat ku shpesh ndodhin gabime.\n<\/p>\n<h4 style=\"padding-top: 20px;\">Faza Para Pjelljes: Fillimi i Mbar\u00eb i Jet\u00ebs<\/h4>\n<p align=\"justify\">Suksesi i jet\u00ebs s\u00eb vi\u00e7it fillon disa jav\u00eb para lindjes, madje q\u00eb n\u00eb laktacionin e von\u00eb t\u00eb lop\u00ebs. Nj\u00eb objektiv i r\u00ebnd\u00ebsish\u00ebm \u00ebsht\u00eb tharja e lop\u00ebs me nj\u00eb rezultat t\u00eb gjendjes trupore (BCS) midis 3.25 dhe 3.75. Kjo k\u00ebrkon menaxhim t\u00eb kujdessh\u00ebm p\u00ebr t\u00eb shmangur dhjamosjen e lop\u00ebve t\u00eb vjetra (p\u00ebrmbajtja e proteinave t\u00eb qum\u00ebshtit >3.8%). Furnizimi adekuat me minerale (zakonisht 6-8 dekagram\u00eb p\u00ebrzierje minerale dhe 2 dekagram\u00eb g\u00eblqere ushqimore) \u00ebsht\u00eb gjithashtu vendimtar p\u00ebr sh\u00ebndetin e lop\u00ebs dhe fetusit.\nIdealisht, lop\u00ebt e thata duhet t\u00eb mbahen dhe ushqehen ve\u00e7mas, duke leht\u00ebsuar v\u00ebzhgimin, monitorimin dhe rregullimin e suplementimit mineral. P\u00ebr t\u00eb parandaluar ethet e qum\u00ebshtit, g\u00eblqerja ushqimore duhet t\u00eb nd\u00ebrpritet 3-4 jav\u00eb para pjelljes, dhe p\u00ebrzierja minerale duhet t\u00eb jet\u00eb e reduktuar n\u00eb kalcium dhe fosfor.\nN\u00eb shenjat e para t\u00eb afrimit t\u00eb pjelljes (l\u00ebshimi i ligamenteve t\u00eb legenit, \u00ebnjtja e vulv\u00ebs, edema e gj\u00ebndr\u00ebs qum\u00ebshtore, shkarkimi i mukusit, r\u00ebnia e temperatur\u00ebs trupore), lopa duhet zhvendosur n\u00eb nj\u00eb boksi pjelljeje t\u00eb past\u00ebr, t\u00eb that\u00eb, t\u00eb ndri\u00e7uar dhe t\u00eb rehatsh\u00ebm. Monitorimi ditor i temperatur\u00ebs trupore mund t\u00eb parashikoj\u00eb pjelljen: nj\u00eb r\u00ebnie prej m\u00eb shum\u00eb se 0.5 \u00b0C brenda dy matjeve sugjeron pjellje brenda 12-24 or\u00ebve, duke siguruar lindjen e vi\u00e7it n\u00eb boksin e duhur.\n<\/p>\n<\/div>\n\n\n\n<div class=\"blue_marker_list\">\n<h4 style=\"padding-top: 20px;\">Or\u00ebt Vendimtare Pas Lindjes: Kolostrumi Si Mburoj\u00eb e Par\u00eb<\/h4>\n<p align=\"justify\">Menj\u00ebher\u00eb pas pjelljes, lopa duhet mjel\u00eb dhe vi\u00e7i duhet ushqyer me kolostrum. Imunoglobulinat n\u00eb kolostrum ofrojn\u00eb informacion jetik p\u00ebr sistemin imunitar t\u00eb vi\u00e7it, duke e mbrojtur nga mikrobet e mjedisit. P\u00ebrqendrimi i imunoglobulinave \u00ebsht\u00eb m\u00eb i lart\u00eb n\u00eb mjeljen e par\u00eb dhe zvog\u00eblohet shpejt pas 24 or\u00ebve (vet\u00ebm 25% e p\u00ebrqendrimit fillestar mbetet).\nP\u00ebrthithja e antitrupave nga kolostrumi ndodh n\u00eb zorr\u00ebn e holl\u00eb t\u00eb vi\u00e7it, por p\u00ebrshkueshm\u00ebria e murit t\u00eb zorr\u00ebve p\u00ebr k\u00ebto molekula t\u00eb m\u00ebdha proteinike ulet shpejt brenda 24 or\u00ebve t\u00eb para. Prandaj, vi\u00e7i duhet t\u00eb konsumoj\u00eb t\u00eb pakt\u00ebn tre litra kolostrum brenda tre or\u00ebve t\u00eb para. Higjiena e lart\u00eb \u00ebsht\u00eb thelb\u00ebsore p\u00ebr t\u00eb minimizuar ngarkes\u00ebn mikrobike n\u00eb kolostrum p\u00ebr vi\u00e7in me sistem imunitar ende t\u00eb papjekur.\n<\/p>\n<h4 style=\"padding-top: 20px;\">Cil\u00ebsia e Kolostrumit: Faktor Ky\u00e7 p\u00ebr Mbrojtjen Imunitare<\/h4>\n<p align=\"justify\">P\u00ebrve\u00e7 sasis\u00eb, cil\u00ebsia e kolostrumit ndikon ndjesh\u00ebm n\u00eb imunitetin e vi\u00e7it. Faktor\u00ebt q\u00eb ndikojn\u00eb n\u00eb cil\u00ebsi p\u00ebrfshijn\u00eb: Rritet me numrin e laktacioneve. Rritet me gjat\u00ebsin\u00eb e periudh\u00ebs s\u00eb that\u00eb. Zvog\u00eblohet me rendiment t\u00eb lart\u00eb qum\u00ebshti. Zvog\u00eblohet me rrjedhjen e qum\u00ebshtit para pjelljes. \u00cbsht\u00eb m\u00eb e ul\u00ebt te kafsh\u00ebt e blera.\n<\/p>\n<p align=\"justify\">Kontrolli i rregullt i cil\u00ebsis\u00eb s\u00eb kolostrumit \u00ebsht\u00eb i domosdosh\u00ebm. P\u00ebrdorimi i hidrometrit t\u00eb kolostrumit \u00ebsht\u00eb nj\u00eb metod\u00eb e provuar dhe mjaft e sakt\u00eb. Refraktometrat jan\u00eb nj\u00eb alternativ\u00eb m\u00eb e re, duke k\u00ebrkuar vet\u00ebm nj\u00eb pik\u00eb kolostrum. Nj\u00eb vler\u00eb prej 22 grad\u00eb Brix ose 92 grad\u00eb Oechsle tregon kolostrum me cil\u00ebsi t\u00eb mir\u00eb.\nN\u00ebse pas lindjes zbulohet kolostrum me cil\u00ebsi t\u00eb dob\u00ebt, duhet siguruar kolostrum me cil\u00ebsi t\u00eb lart\u00eb. Kolostrumi i tep\u00ebrt me cil\u00ebsi t\u00eb mir\u00eb duhet ruajtur i ngrir\u00eb (n\u00eb porcione 1-2 litra) deri n\u00eb nj\u00eb vit. Shkrirja dhe ngrohja e but\u00eb (n\u00eb banj\u00eb uji jo m\u00eb t\u00eb nxeht\u00eb se 45 \u00b0C) jan\u00eb t\u00eb r\u00ebnd\u00ebsishme p\u00ebr t\u00eb ruajtur cil\u00ebsin\u00eb.\n<\/p>\n<\/div>\n\n\n\n<figure class=\"wp-block-image size-full\"><img loading=\"lazy\" decoding=\"async\" width=\"532\" height=\"344\" src=\"https:\/\/ap.com.al\/wp-content\/uploads\/2025\/12\/image-11.png\" alt=\"\" class=\"wp-image-9827\" srcset=\"https:\/\/ap.com.al\/wp-content\/uploads\/2025\/12\/image-11.png 532w, https:\/\/ap.com.al\/wp-content\/uploads\/2025\/12\/image-11-300x194.png 300w, https:\/\/ap.com.al\/wp-content\/uploads\/2025\/12\/image-11-450x291.png 450w\" sizes=\"auto, (max-width: 532px) 100vw, 532px\" \/><\/figure>\n\n\n\n<div class=\"blue_marker_list\">\n<h4 style=\"padding-top: 20px;\">\u00c7far\u00eb duhet t\u00eb b\u00ebni n\u00ebse vi\u00e7at kan\u00eb aft\u00ebsi t\u00eb dob\u00ebta t\u00eb thithjes?<\/h4>\n<p align=\"justify\">N\u00ebse nj\u00eb vi\u00e7 nuk d\u00ebshiron t\u00eb pij\u00eb, mund t\u00eb ket\u00eb disa arsye p\u00ebr k\u00ebt\u00eb. N\u00eb p\u00ebrgjith\u00ebsi, refleksi i thithjes \u00ebsht\u00eb m\u00eb i fort\u00eb menj\u00ebher\u00eb pas lindjes, prandaj \u00ebsht\u00eb e r\u00ebnd\u00ebsishme t\u00eb jepni kolostrum shpejt. Lindjet e v\u00ebshtira gjithashtu kan\u00eb nj\u00eb efekt negativ n\u00eb marrjen e kolostrumit. N\u00ebse k\u00ebto ndodhin shpesh, duhet t\u00eb rishikohet n\u00eb m\u00ebnyr\u00eb kritike ose t\u00eb ushqyerit gjat\u00eb laktacionit t\u00eb von\u00eb dhe periudh\u00ebs s\u00eb that\u00eb ose kujdesi obstetrik. Furnizimi me minerale i kafsh\u00ebs n\u00ebn\u00eb nuk duhet t\u00eb neglizhohet. N\u00ebse n\u00ebna \u00ebsht\u00eb e kequshqyer, vi\u00e7i gjithashtu lind me nj\u00eb munges\u00eb minerali. \u00cbsht\u00eb e r\u00ebnd\u00ebsishme q\u00eb nj\u00eb person i ditur t\u00eb shpjegoj\u00eb dhe demonstroj\u00eb m\u00eb par\u00eb procesin e kullimit dhe t\u00eb siguroj\u00eb nivelin m\u00eb t\u00eb lart\u00eb t\u00eb higjien\u00ebs dhe kujdesit. N\u00ebse vi\u00e7at me zakone t\u00eb dob\u00ebta t\u00eb thithjes ndodhin shpesh, pikat e m\u00ebsip\u00ebrme duhet t\u00eb shqyrtohen n\u00eb m\u00ebnyr\u00eb kritike.\n<\/p>\n<h4 style=\"padding-top: 20px;\">Pirja ad libitum ka rezultuar e suksesshme<\/h4>\n<p align=\"justify\">Pirja ad libitum me qum\u00ebsht t\u00eb acidifikuar \u00ebsht\u00eb b\u00ebr\u00eb praktik\u00eb e zakonshme n\u00eb shum\u00eb hambar\u00eb vi\u00e7ash vitet e fundit. Vi\u00e7at pajisen me qum\u00ebsht p\u00ebr konsum t\u00eb lir\u00eb gjat\u00eb tre jav\u00ebve t\u00eb para t\u00eb jet\u00ebs, p\u00ebr arsye higjienike, k\u00ebshillohet acidifikimi i qum\u00ebshtit. N\u00eb m\u00ebnyr\u00eb q\u00eb vi\u00e7at t\u00eb m\u00ebsohen me qum\u00ebshtin e acidifikuar, qum\u00ebshti i acidifikuar duhet t\u00eb fillohet nga vakti i dyt\u00eb. Megjithat\u00eb, doza e acidit mund t\u00eb ulet n\u00eb dit\u00ebt e para dhe m\u00eb pas t\u00eb rritet ngadal\u00eb.\nP\u00ebr tre jav\u00ebt e para, kova e gjirit mbetet me vi\u00e7in dhe mbushet me qum\u00ebsht t\u00eb sapo acidifikuar dy her\u00eb n\u00eb dit\u00eb. Kova nuk duhet t\u00eb jet\u00eb kurr\u00eb bosh sepse m\u00eb pas vi\u00e7at pin\u00eb m\u00eb pak shpejt dhe p\u00ebr k\u00ebt\u00eb arsye kan\u00eb m\u00eb pak probleme me tretjen. Qum\u00ebshti i acidifikuar \u00ebsht\u00eb gjithashtu m\u00eb i leht\u00eb p\u00ebr t&#8217;u tretur, gj\u00eb q\u00eb \u00e7on n\u00eb m\u00eb pak diarre t\u00eb lidhura me pijen. N\u00eb jav\u00ebn e tret\u00eb, nuk \u00ebsht\u00eb e pazakont\u00eb q\u00eb vi\u00e7at t\u00eb ushqehen deri n\u00eb 16 litra n\u00eb dit\u00eb, q\u00eb do t\u00eb thot\u00eb se ata jo vet\u00ebm zhvillohen mir\u00eb, por jan\u00eb edhe shum\u00eb rezistent ndaj infeksioneve dhe kan\u00eb shum\u00eb m\u00eb pak gjasa t\u00eb s\u00ebmuren sesa vi\u00e7at q\u00eb ushqehen me uj\u00eb t\u00eb racionuar. Nga java e kat\u00ebrt e tutje, sasia e qum\u00ebshtit zvog\u00eblohet gradualisht dhe vi\u00e7at nxiten t\u00eb han\u00eb ushqim t\u00eb ngurt\u00eb plot\u00ebsues si: Bari i that\u00eb, Ushqim i koncentruar, Racion Total i P\u00ebrzier (TMR) i that\u00eb.\nP\u00ebrvoja praktike tregon se vi\u00e7at e ushqyer ad libitum konsumojn\u00eb duksh\u00ebm m\u00eb shum\u00eb san\u00eb dhe ushqim t\u00eb koncentruar sesa vi\u00e7at e ushqyer me ushqim t\u00eb racionuar p\u00ebr shkak t\u00eb zhvillimit t\u00eb tyre fizik m\u00eb t\u00eb mir\u00eb dhe vitalitetit m\u00eb t\u00eb lart\u00eb.\n<\/p>\n<h4 style=\"padding-top: 20px;\">Projektim racioni p\u00ebr vi\u00e7at<\/h4>\n<p align=\"justify\">Nga java e dyt\u00eb e jet\u00ebs, vi\u00e7ave, p\u00ebrve\u00e7 qum\u00ebshtit, duhet t&#8217;u ofrohet san\u00eb, ushqim i koncentruar dhe uj\u00eb. Vi\u00e7at e ushqyer ad libitum fillimisht marrin pak uj\u00eb, por sapo sasia e qum\u00ebshtit zvog\u00eblohet, uji nxit marrjen e qum\u00ebshtit t\u00eb ngurt\u00eb. Nj\u00eb prirje e re n\u00eb t\u00eb ushqyerit e vi\u00e7ave \u00ebsht\u00eb TMR e that\u00eb. Ajo hahet me shum\u00eb d\u00ebshir\u00eb dhe vi\u00e7at nuk mund t\u00eb zgjedhin mes san\u00ebs dhe ushqimit t\u00eb koncentruar. Calf TMR ofron gjithashtu avantazhe ekonomike-pune, pasi mund t\u00eb p\u00ebrzihet paraprakisht dhe furnizimi me ushqim \u00ebsht\u00eb shum\u00eb i thjesht\u00eb dhe q\u00eb kursen koh\u00eb. Vlerat e synuara p\u00ebr TMR-n\u00eb e vi\u00e7it jan\u00eb t\u00eb pakt\u00ebn 16 jav\u00eb proteina t\u00eb pap\u00ebrpunuara, 10 MJ ME dhe 10 jav\u00eb fib\u00ebr bruto p\u00ebr kg DM. Sana ose kashta e p\u00ebrzier nuk duhet t\u00eb jet\u00eb m\u00eb e gjat\u00eb se 3 cm. Gjat\u00eb shk\u00ebputjes nga gjiri, vi\u00e7at duhet t\u00eb konsumojn\u00eb t\u00eb pakt\u00ebn 2 kg ushqim t\u00eb ngurt\u00eb.\n<\/p>\n<\/div>\n\n\n\n<figure class=\"wp-block-image size-full\"><img loading=\"lazy\" decoding=\"async\" width=\"275\" height=\"481\" src=\"https:\/\/ap.com.al\/wp-content\/uploads\/2025\/12\/image-12.png\" alt=\"\" class=\"wp-image-9828\" srcset=\"https:\/\/ap.com.al\/wp-content\/uploads\/2025\/12\/image-12.png 275w, https:\/\/ap.com.al\/wp-content\/uploads\/2025\/12\/image-12-172x300.png 172w\" sizes=\"auto, (max-width: 275px) 100vw, 275px\" \/><\/figure>\n\n\n\n<div class=\"blue_marker_list\">\n<h4 style=\"padding-top: 20px;\">Sh\u00ebndeti i Vi\u00e7ave: R\u00ebnd\u00ebsia e Drit\u00ebs dhe Ajrit t\u00eb Past\u00ebr<\/h4>\n<p align=\"justify\">Mjaftueshm\u00ebria e drit\u00ebs dhe ajrit t\u00eb past\u00ebr n\u00eb stall\u00ebn e vi\u00e7ave nuk \u00ebsht\u00eb vet\u00ebm \u00e7\u00ebshtje mir\u00ebqenieje, por ndihmon ndjesh\u00ebm n\u00eb reduktimin e presionit mikrobik p\u00ebr vi\u00e7at. N\u00ebse zona e q\u00ebndrimit \u00ebsht\u00eb e shtruar mir\u00eb, e that\u00eb dhe pa rryma ajri, temperatura b\u00ebhet nj\u00eb faktor m\u00eb pak kritik. Praktika ka treguar se ndarja e vi\u00e7ave nga stalla e lop\u00ebve ose gjedh\u00ebve t\u00eb reja \u00ebsht\u00eb e dobishme. Megjithat\u00eb, p\u00ebr arsye praktike, vi\u00e7at q\u00eb ushqehen duhet t\u00eb jen\u00eb leht\u00ebsisht t\u00eb arritsh\u00ebm nga vendi i mjeljes ose dhoma e qum\u00ebshtit.\nStrehat ose bokset individuale me nj\u00eb &#8220;fole&#8221; vi\u00e7i ofrojn\u00eb nj\u00eb mikroklim\u00eb t\u00eb mbrojtur p\u00ebr vi\u00e7at kur \u00ebsht\u00eb e nevojshme. Nj\u00eb \u00e7ati mbi k\u00ebto struktura p\u00ebrmir\u00ebson kushtet e pun\u00ebs dhe mbron vi\u00e7at nga nxeht\u00ebsia gjat\u00eb ver\u00ebs. Materiali i p\u00ebrdorur p\u00ebr k\u00ebto struktura \u00ebsht\u00eb gjithashtu i r\u00ebnd\u00ebsish\u00ebm: druri duhet shmangur pran\u00eb vi\u00e7ave, pasi bokset prej druri jan\u00eb duksh\u00ebm m\u00eb t\u00eb v\u00ebshtira p\u00ebr t&#8217;u dezinfektuar krahasuar me ato plastike dhe mund t\u00eb sh\u00ebrbejn\u00eb si rezervuar\u00eb t\u00eb vazhduesh\u00ebm p\u00ebr patogjen\u00ebt e diarres\u00eb, si Kriptosporidiumi. Strehat dhe bokset individuale duhet t\u00eb pastrohen pas \u00e7do vi\u00e7i dhe t\u00eb lihen bosh jasht\u00eb p\u00ebr t\u00eb pakt\u00ebn nj\u00eb jav\u00eb. N\u00ebse n\u00eb ferm\u00eb ka probleme me diarren\u00eb, dezinfektimi duhet t\u00eb kryhet pas larjes.\n<\/p>\n<h4 style=\"padding-top: 20px;\">Kartela Monitoruese e Vi\u00e7it: Nj\u00eb Mjet i Thjesht\u00eb p\u00ebr Monitorim<\/h4>\n<p align=\"justify\">Nj\u00eb kartel\u00eb monitoruese e vi\u00e7it \u00ebsht\u00eb nj\u00eb metod\u00eb e thjesht\u00eb dhe ekonomike p\u00ebr t\u00eb dokumentuar zhvillimin e vi\u00e7ave. Aty mund t\u00eb sh\u00ebnohen hapat m\u00eb t\u00eb r\u00ebnd\u00ebsish\u00ebm t\u00eb pun\u00ebs, duke siguruar q\u00eb t\u00eb gjith\u00eb punonj\u00ebsit t\u00eb ken\u00eb informacionin ky\u00e7 p\u00ebr \u00e7do vi\u00e7 n\u00eb nj\u00eb vend t\u00eb vet\u00ebm. Kartela mund t\u00eb printohet, futet n\u00eb nj\u00eb mbrojt\u00ebse plastike ose, idealisht, t\u00eb laminohet dhe t\u00eb varet pran\u00eb boksit individual ose streh\u00ebs. Kur vi\u00e7i transferohet n\u00eb boksin e grupit, kartela e etiketuar mund t\u00eb fshihet me alkool dhe t\u00eb rip\u00ebrdoret p\u00ebr vi\u00e7in tjet\u00ebr.\n<\/p>\n<\/div>\n<\/div>\n<\/div>\n\n\n\n<p><\/p>\n","protected":false},"excerpt":{"rendered":"<p>Themelet e nj\u00eb jete produktive: Rritja optimale e vi\u00e7ave dhe meshqerrave P\u00ebrpunuar nga Klevis Xhardja Rritja e sh\u00ebndetshme dhe optimale e vi\u00e7ave dhe gjedh\u00ebve t\u00eb reja \u00ebsht\u00eb thelb\u00ebsore p\u00ebr zhvillimin e lop\u00ebve t\u00eb forta dhe produktive. Ky artikull trajton aspektet ky\u00e7e t\u00eb rritjes s\u00eb suksesshme dhe identifikon zonat ku shpesh ndodhin gabime. Faza Para Pjelljes: [&hellip;]<\/p>\n","protected":false},"author":2,"featured_media":0,"parent":0,"menu_order":0,"comment_status":"closed","ping_status":"closed","template":"","meta":{"inline_featured_image":false,"footnotes":""},"class_list":["post-9825","page","type-page","status-publish","hentry"],"yoast_head":"<!-- This site is optimized with the Yoast SEO plugin v18.9 - https:\/\/yoast.com\/wordpress\/plugins\/seo\/ -->\n<title>Themelet e nj\u00eb jete produktive: Rritja optimale e vi\u00e7ave dhe meshqerrave - Austria Praemix<\/title>\n<meta name=\"robots\" content=\"index, follow, max-snippet:-1, max-image-preview:large, max-video-preview:-1\" \/>\n<link rel=\"canonical\" href=\"https:\/\/ap.com.al\/?page_id=9825\" \/>\n<meta property=\"og:locale\" content=\"en_US\" \/>\n<meta property=\"og:type\" content=\"article\" \/>\n<meta property=\"og:title\" content=\"Themelet e nj\u00eb jete produktive: Rritja optimale e vi\u00e7ave dhe meshqerrave - Austria Praemix\" \/>\n<meta property=\"og:description\" content=\"Themelet e nj\u00eb jete produktive: Rritja optimale e vi\u00e7ave dhe meshqerrave P\u00ebrpunuar nga Klevis Xhardja Rritja e sh\u00ebndetshme dhe optimale e vi\u00e7ave dhe gjedh\u00ebve t\u00eb reja \u00ebsht\u00eb thelb\u00ebsore p\u00ebr zhvillimin e lop\u00ebve t\u00eb forta dhe produktive. Ky artikull trajton aspektet ky\u00e7e t\u00eb rritjes s\u00eb suksesshme dhe identifikon zonat ku shpesh ndodhin gabime. Faza Para Pjelljes: [&hellip;]\" \/>\n<meta property=\"og:url\" content=\"https:\/\/ap.com.al\/?page_id=9825\" \/>\n<meta property=\"og:site_name\" content=\"Austria Praemix\" \/>\n<meta property=\"article:publisher\" content=\"https:\/\/www.facebook.com\/austriapraemiks\/\" \/>\n<meta property=\"article:modified_time\" content=\"2025-12-08T15:42:39+00:00\" \/>\n<meta property=\"og:image\" content=\"https:\/\/ap.com.al\/wp-content\/uploads\/2022\/03\/Asset-51-1.png\" \/>\n<meta name=\"twitter:card\" content=\"summary_large_image\" \/>\n<meta name=\"twitter:label1\" content=\"Est. reading time\" \/>\n\t<meta name=\"twitter:data1\" content=\"1 minute\" \/>\n<script type=\"application\/ld+json\" class=\"yoast-schema-graph\">{\"@context\":\"https:\/\/schema.org\",\"@graph\":[{\"@type\":\"Organization\",\"@id\":\"https:\/\/ap.com.al\/#organization\",\"name\":\"Austria Preamix\",\"url\":\"https:\/\/ap.com.al\/\",\"sameAs\":[\"https:\/\/www.instagram.com\/austriapraemix\/\",\"https:\/\/www.facebook.com\/austriapraemiks\/\"],\"logo\":{\"@type\":\"ImageObject\",\"inLanguage\":\"en-US\",\"@id\":\"https:\/\/ap.com.al\/#\/schema\/logo\/image\/\",\"url\":\"https:\/\/ap.com.al\/wp-content\/uploads\/2022\/02\/AP-logo.png\",\"contentUrl\":\"https:\/\/ap.com.al\/wp-content\/uploads\/2022\/02\/AP-logo.png\",\"width\":3358,\"height\":1616,\"caption\":\"Austria Preamix\"},\"image\":{\"@id\":\"https:\/\/ap.com.al\/#\/schema\/logo\/image\/\"}},{\"@type\":\"WebSite\",\"@id\":\"https:\/\/ap.com.al\/#website\",\"url\":\"https:\/\/ap.com.al\/\",\"name\":\"Austria Praemix\",\"description\":\"\",\"publisher\":{\"@id\":\"https:\/\/ap.com.al\/#organization\"},\"potentialAction\":[{\"@type\":\"SearchAction\",\"target\":{\"@type\":\"EntryPoint\",\"urlTemplate\":\"https:\/\/ap.com.al\/?s={search_term_string}\"},\"query-input\":\"required name=search_term_string\"}],\"inLanguage\":\"en-US\"},{\"@type\":\"ImageObject\",\"inLanguage\":\"en-US\",\"@id\":\"https:\/\/ap.com.al\/?page_id=9825#primaryimage\",\"url\":\"https:\/\/ap.com.al\/wp-content\/uploads\/2022\/03\/Asset-51-1.png\",\"contentUrl\":\"https:\/\/ap.com.al\/wp-content\/uploads\/2022\/03\/Asset-51-1.png\",\"width\":355,\"height\":354},{\"@type\":\"WebPage\",\"@id\":\"https:\/\/ap.com.al\/?page_id=9825#webpage\",\"url\":\"https:\/\/ap.com.al\/?page_id=9825\",\"name\":\"Themelet e nj\u00eb jete produktive: Rritja optimale e vi\u00e7ave dhe meshqerrave - Austria Praemix\",\"isPartOf\":{\"@id\":\"https:\/\/ap.com.al\/#website\"},\"primaryImageOfPage\":{\"@id\":\"https:\/\/ap.com.al\/?page_id=9825#primaryimage\"},\"datePublished\":\"2025-12-08T15:42:38+00:00\",\"dateModified\":\"2025-12-08T15:42:39+00:00\",\"breadcrumb\":{\"@id\":\"https:\/\/ap.com.al\/?page_id=9825#breadcrumb\"},\"inLanguage\":\"en-US\",\"potentialAction\":[{\"@type\":\"ReadAction\",\"target\":[\"https:\/\/ap.com.al\/?page_id=9825\"]}]},{\"@type\":\"BreadcrumbList\",\"@id\":\"https:\/\/ap.com.al\/?page_id=9825#breadcrumb\",\"itemListElement\":[{\"@type\":\"ListItem\",\"position\":1,\"name\":\"Home\",\"item\":\"https:\/\/ap.com.al\/\"},{\"@type\":\"ListItem\",\"position\":2,\"name\":\"Themelet e nj\u00eb jete produktive: Rritja optimale e vi\u00e7ave dhe meshqerrave\"}]}]}<\/script>\n<!-- \/ Yoast SEO plugin. -->","yoast_head_json":{"title":"Themelet e nj\u00eb jete produktive: Rritja optimale e vi\u00e7ave dhe meshqerrave - Austria Praemix","robots":{"index":"index","follow":"follow","max-snippet":"max-snippet:-1","max-image-preview":"max-image-preview:large","max-video-preview":"max-video-preview:-1"},"canonical":"https:\/\/ap.com.al\/?page_id=9825","og_locale":"en_US","og_type":"article","og_title":"Themelet e nj\u00eb jete produktive: Rritja optimale e vi\u00e7ave dhe meshqerrave - Austria Praemix","og_description":"Themelet e nj\u00eb jete produktive: Rritja optimale e vi\u00e7ave dhe meshqerrave P\u00ebrpunuar nga Klevis Xhardja Rritja e sh\u00ebndetshme dhe optimale e vi\u00e7ave dhe gjedh\u00ebve t\u00eb reja \u00ebsht\u00eb thelb\u00ebsore p\u00ebr zhvillimin e lop\u00ebve t\u00eb forta dhe produktive. Ky artikull trajton aspektet ky\u00e7e t\u00eb rritjes s\u00eb suksesshme dhe identifikon zonat ku shpesh ndodhin gabime. Faza Para Pjelljes: [&hellip;]","og_url":"https:\/\/ap.com.al\/?page_id=9825","og_site_name":"Austria Praemix","article_publisher":"https:\/\/www.facebook.com\/austriapraemiks\/","article_modified_time":"2025-12-08T15:42:39+00:00","og_image":[{"url":"https:\/\/ap.com.al\/wp-content\/uploads\/2022\/03\/Asset-51-1.png"}],"twitter_card":"summary_large_image","twitter_misc":{"Est. reading time":"1 minute"},"schema":{"@context":"https:\/\/schema.org","@graph":[{"@type":"Organization","@id":"https:\/\/ap.com.al\/#organization","name":"Austria Preamix","url":"https:\/\/ap.com.al\/","sameAs":["https:\/\/www.instagram.com\/austriapraemix\/","https:\/\/www.facebook.com\/austriapraemiks\/"],"logo":{"@type":"ImageObject","inLanguage":"en-US","@id":"https:\/\/ap.com.al\/#\/schema\/logo\/image\/","url":"https:\/\/ap.com.al\/wp-content\/uploads\/2022\/02\/AP-logo.png","contentUrl":"https:\/\/ap.com.al\/wp-content\/uploads\/2022\/02\/AP-logo.png","width":3358,"height":1616,"caption":"Austria Preamix"},"image":{"@id":"https:\/\/ap.com.al\/#\/schema\/logo\/image\/"}},{"@type":"WebSite","@id":"https:\/\/ap.com.al\/#website","url":"https:\/\/ap.com.al\/","name":"Austria Praemix","description":"","publisher":{"@id":"https:\/\/ap.com.al\/#organization"},"potentialAction":[{"@type":"SearchAction","target":{"@type":"EntryPoint","urlTemplate":"https:\/\/ap.com.al\/?s={search_term_string}"},"query-input":"required name=search_term_string"}],"inLanguage":"en-US"},{"@type":"ImageObject","inLanguage":"en-US","@id":"https:\/\/ap.com.al\/?page_id=9825#primaryimage","url":"https:\/\/ap.com.al\/wp-content\/uploads\/2022\/03\/Asset-51-1.png","contentUrl":"https:\/\/ap.com.al\/wp-content\/uploads\/2022\/03\/Asset-51-1.png","width":355,"height":354},{"@type":"WebPage","@id":"https:\/\/ap.com.al\/?page_id=9825#webpage","url":"https:\/\/ap.com.al\/?page_id=9825","name":"Themelet e nj\u00eb jete produktive: Rritja optimale e vi\u00e7ave dhe meshqerrave - Austria Praemix","isPartOf":{"@id":"https:\/\/ap.com.al\/#website"},"primaryImageOfPage":{"@id":"https:\/\/ap.com.al\/?page_id=9825#primaryimage"},"datePublished":"2025-12-08T15:42:38+00:00","dateModified":"2025-12-08T15:42:39+00:00","breadcrumb":{"@id":"https:\/\/ap.com.al\/?page_id=9825#breadcrumb"},"inLanguage":"en-US","potentialAction":[{"@type":"ReadAction","target":["https:\/\/ap.com.al\/?page_id=9825"]}]},{"@type":"BreadcrumbList","@id":"https:\/\/ap.com.al\/?page_id=9825#breadcrumb","itemListElement":[{"@type":"ListItem","position":1,"name":"Home","item":"https:\/\/ap.com.al\/"},{"@type":"ListItem","position":2,"name":"Themelet e nj\u00eb jete produktive: Rritja optimale e vi\u00e7ave dhe meshqerrave"}]}]}},"_links":{"self":[{"href":"https:\/\/ap.com.al\/index.php?rest_route=\/wp\/v2\/pages\/9825","targetHints":{"allow":["GET"]}}],"collection":[{"href":"https:\/\/ap.com.al\/index.php?rest_route=\/wp\/v2\/pages"}],"about":[{"href":"https:\/\/ap.com.al\/index.php?rest_route=\/wp\/v2\/types\/page"}],"author":[{"embeddable":true,"href":"https:\/\/ap.com.al\/index.php?rest_route=\/wp\/v2\/users\/2"}],"replies":[{"embeddable":true,"href":"https:\/\/ap.com.al\/index.php?rest_route=%2Fwp%2Fv2%2Fcomments&post=9825"}],"version-history":[{"count":1,"href":"https:\/\/ap.com.al\/index.php?rest_route=\/wp\/v2\/pages\/9825\/revisions"}],"predecessor-version":[{"id":9829,"href":"https:\/\/ap.com.al\/index.php?rest_route=\/wp\/v2\/pages\/9825\/revisions\/9829"}],"wp:attachment":[{"href":"https:\/\/ap.com.al\/index.php?rest_route=%2Fwp%2Fv2%2Fmedia&parent=9825"}],"curies":[{"name":"wp","href":"https:\/\/api.w.org\/{rel}","templated":true}]}}