{"id":9837,"date":"2025-12-08T16:00:27","date_gmt":"2025-12-08T16:00:27","guid":{"rendered":"https:\/\/ap.com.al\/?page_id=9837"},"modified":"2025-12-08T16:00:27","modified_gmt":"2025-12-08T16:00:27","slug":"dosat-ne-forme-optimale-permes-te-ushqyerit-sipas-gjendjes-trupore","status":"publish","type":"page","link":"https:\/\/ap.com.al\/?page_id=9837","title":{"rendered":"Dosat n\u00eb form\u00eb optimale p\u00ebrmes t\u00eb ushqyerit sipas gjendjes trupore"},"content":{"rendered":"\n<p><\/p>\n\n\n\n<p><\/p>\n\n\n\n<style>\n  #oniiii{\n    background-image:url(\"https:\/\/ap.com.al\/wp-content\/uploads\/2025\/09\/Artikull-banner-10.png\");\n    padding-bottom: 32%;\n    background-position:center left;\n    background-repeat: no-repeat;\n    background-size:cover;\n  }\n  <\/style>\n  <script src=\"https:\/\/code.jquery.com\/jquery-3.5.0.js\">\n<\/script>\n\n<div id=\"oniiii\"><\/div>\n \n<script>\n$( \"#oniiii\" ).insertBefore( \".container_wrap_first\" );\n<\/script>\n\n\n\n<div class=\"wp-block-columns\" id=\"containerr\">\n<div class=\"wp-block-column\">\n<div class=\"avia_textblock\" itemprop=\"text\"><h4 style=\"color:#005a8c;\n\">Dosat n\u00eb form\u00eb optimale p\u00ebrmes t\u00eb ushqyerit sipas gjendjes trupore <\/h4>\n<p align=\"right\">\n   P\u00ebrpunuar nga Klevis Xhardja\n<\/p>\n<\/div>\n<\/div>\n<\/div>\n\n\n\n<div class=\"wp-block-columns\" id=\"containerr\">\n<div class=\"wp-block-column\">\n<div class=\"detail__certificates-item-icon\">\n<img decoding=\"async\" alt=\"SCHAUMALAC M 70 \" src=\"https:\/\/ap.com.al\/wp-content\/uploads\/2022\/03\/Asset-54-1.png\">\n<\/div>\n<\/div>\n<\/div>\n\n\n\n<div class=\"wp-block-columns\" id=\"containerr\">\n<div class=\"wp-block-column\">\n<div class=\"blue_marker_list\">\n<p align=\"justify\" style=\"margin-bottom: 0;\">Prodhimi i qum\u00ebshtit mbi 10 kg n\u00eb dit\u00eb gjat\u00eb periudh\u00ebs s\u00eb laktacionit nuk paraqet asnj\u00eb problem gjenetik p\u00ebr linjat aktuale t\u00eb dosave. Megjithat\u00eb, ato duhet t\u00eb ken\u00eb mund\u00ebsin\u00eb t\u00eb prodhojn\u00eb k\u00ebto sasi qum\u00ebshti.\nMe ushqim t\u00eb p\u00ebrshtatur sipas gjendjes trupore, sipas konceptit Schaumann, dosat gjat\u00eb shtatz\u00ebnis\u00eb dhe laktacionit arrijn\u00eb n\u00eb form\u00ebn e duhur.\nQ\u00eb gjat\u00eb shtatz\u00ebnis\u00eb vendosen bazat kryesore p\u00ebr kapacitetin prodhues t\u00eb dosave gjat\u00eb periudh\u00ebs s\u00eb laktacionit. Nj\u00eb furnizim i synuar me l\u00ebnd\u00eb ushqyese dhe energji n\u00eb fazat e ndryshme t\u00eb prodhimit p\u00ebrcakton rrjedh\u00ebn. Formula e suksesit \u00ebsht\u00eb: nj\u00eb ushqim i ve\u00e7ant\u00eb p\u00ebr periudh\u00ebn e shtatz\u00ebnis\u00eb dhe nj\u00eb tjet\u00ebr p\u00ebr laktacionin.\nNj\u00eb ushqyerje e p\u00ebrshtatshme sipas gjendjes trupore do t\u00eb thot\u00eb: dosat e reja n\u00eb momentin e lindjes duhet t\u00eb ken\u00eb arritur shkall\u00ebn e kondicionit rreth 4, nd\u00ebrsa dosat e vjetra 3,5 deri 4,0.\nPas shk\u00ebputjes, sasia ditore e energjis\u00eb nga ushqimi i laktacionit duhet t\u00eb ulet p\u00ebr nj\u00eb dit\u00eb n\u00eb 20 MJ ME dhe m\u00eb pas, deri n\u00eb mbarsjen e suksesshme, t\u00eb rritet n\u00eb 40 MJ ME n\u00eb dit\u00eb. Dosat e reja, n\u00eb momentin e futjes n\u00eb qendr\u00ebn e \u00e7ift\u00ebzimit, marrin menj\u00ebher\u00eb 40 MJ ME n\u00eb dit\u00eb. M\u00eb pas ato kalohen n\u00eb ushqim p\u00ebr shtatz\u00ebni me nj\u00eb sasi energjie prej 30 MJ ME n\u00eb dit\u00eb. Kjo sasi ruhet p\u00ebr t\u00eb pakt\u00ebn 7 dit\u00eb, n\u00eb m\u00ebnyr\u00eb q\u00eb niveli i progesteronit t\u00eb mbetet n\u00eb ekuilib\u00ebr. \nN\u00eb var\u00ebsi t\u00eb gjendjes trupore t\u00eb dosave, deri m\u00eb s\u00eb voni n\u00eb dit\u00ebn e 84-t\u00eb t\u00eb shtatz\u00ebnis\u00eb aplikohet ushqyerja sipas kondicionit. Dosat me shkall\u00eb kondicioni 2,5 marrin nj\u00eb shtes\u00eb prej 10 MJ ME, nd\u00ebrsa ato me shkall\u00eb 3 nj\u00eb shtes\u00eb prej 5 MJ ME n\u00eb dit\u00eb, derisa t\u00eb arrihet gjendja e d\u00ebshiruar trupore 3,5\u20134. Gjendja trupore kontrollohet \u00e7do dy jav\u00eb dhe sasia e energjis\u00eb p\u00ebrshtatet sipas nevoj\u00ebs. \nQ\u00eb nga dita e 85-t\u00eb e shtatz\u00ebnis\u00eb e tutje, sasia e energjis\u00eb caktohet n\u00eb m\u00ebnyr\u00eb konstante n\u00eb 40 MJ ME n\u00eb dit\u00eb p\u00ebr t\u00eb gjitha dosat, duke u siguruar nj\u00ebkoh\u00ebsisht q\u00eb deri n\u00eb dit\u00ebn e fundit t\u00eb shtatz\u00ebnis\u00eb furnizimi me l\u00ebnd\u00eb ushqyese i fetus\u00ebve t\u00eb jet\u00eb i garantuar. Kjo do t\u00eb ndikoj\u00eb pozitivisht n\u00eb rezervat e l\u00ebnd\u00ebve ushqyese t\u00eb dosave dhe n\u00eb pesh\u00ebn e lindjes s\u00eb gicave.\n<\/p>\n<h4 style=\"padding-top: 20px;\">Lindje e leht\u00eb<\/h4>\n<p align=\"justify\" style=\"margin-bottom: 0;\">P\u00ebr nj\u00eb lindje pa probleme \u00ebsht\u00eb e r\u00ebnd\u00ebsishme t\u00eb parandalohet kapsll\u00ebku q\u00eb provokon MMA-n\u00eb dhe t\u00eb trajnohet mobilizimi i kalciumit. P\u00ebr k\u00ebt\u00eb arsye, q\u00eb nga dita e 110-t\u00eb e shtatz\u00ebnis\u00eb duhet t\u00eb p\u00ebrdoret nj\u00eb ushqim i ve\u00e7ant\u00eb p\u00ebr p\u00ebrgatitjen e lindjes me densitet t\u00eb lart\u00eb ushqyes, me substanca laksative dhe stabilizuese t\u00eb zorr\u00ebve, si dhe me bilanc t\u00eb ul\u00ebt kation-anion.\nQ\u00eb nga dita e 113-t\u00eb e shtatz\u00ebnis\u00eb, sasia e ushqimit ulet gradualisht deri n\u00eb 2 kg n\u00eb dit\u00ebn e lindjes. Meqen\u00ebse data e lindjes nuk mund t\u00eb parashikohet sakt\u00ebsisht, kjo ulje e ushqimit nuk duhet t\u00eb b\u00ebhet shum\u00eb her\u00ebt, pasi p\u00ebrndryshe dosa do t\u00eb kishte rezerva t\u00eb pamjaftueshme energjie p\u00ebr zhvillim optimal t\u00eb fetus\u00ebve, nj\u00eb proces t\u00eb shpejt\u00eb lindjeje dhe formimin e nevojsh\u00ebm t\u00eb qum\u00ebshtit t\u00eb par\u00eb (kolostrumit). Fermat me sinkronizim t\u00eb lindjes kan\u00eb avantazh n\u00eb k\u00ebt\u00eb pik\u00eb.\n<\/p>\n<h4 style=\"padding-top: 20px;\">Prodhim i lart\u00eb qum\u00ebshti me humbje t\u00eb moderuara t\u00eb kondicionit<\/h4>\n<p align=\"justify\" style=\"margin-bottom: 0;\">N\u00eb asnj\u00eb rast nuk duhet t\u00eb kryhet nj\u00eb nd\u00ebrrim ushqimi n\u00eb t\u00eb nj\u00ebjt\u00ebn koh\u00eb me stresin e lindjes. Kafsh\u00ebt duhet t\u00eb ushqehen me kujdes dhe n\u00eb m\u00ebnyr\u00eb t\u00eb balancuar. P\u00ebrndryshe, mund t\u00eb ndodh\u00eb refuzim i plot\u00eb i ushqimit, \u00e7rregullime metabolike dhe humbje m\u00eb t\u00eb larta t\u00eb gicave.\nSasia e ushqimit, e cila ulet para lindjes, pas lindjes rritet gradualisht me shtesa ditore prej rreth 0,5 kg deri n\u00eb nivelin e nevojsh\u00ebm, n\u00eb fakt deri n\u00eb ushqim t\u00eb plot\u00eb. Te dosat ve\u00e7an\u00ebrisht n\u00eb form\u00eb t\u00eb mir\u00eb, deri n\u00eb dit\u00ebn e 7\u20139 t\u00eb laktacionit duhet t\u00eb arrihet nj\u00eb konsum ditor ushqimi mbi 7 kg. Te dosat q\u00eb kan\u00eb pasur m\u00eb shum\u00eb stres gjat\u00eb lindjes (p.sh. dosat e reja, lindjet e v\u00ebshtira, kompleksi MMA, etj.), ky proces mund t\u00eb zgjas\u00eb 11 deri n\u00eb 13 dit\u00eb.\nRritje ditore t\u00eb pjell\u00ebs mbi 2,5 kg, q\u00eb do t\u00eb thot\u00eb prodhim qum\u00ebshti mbi 10 kg n\u00eb dit\u00eb, mund t\u00eb realizohen pa humbje t\u00eb mas\u00ebs trupore t\u00eb dosave mbi 20 kg. Parakusht p\u00ebr k\u00ebt\u00eb \u00ebsht\u00eb q\u00eb t\u00eb sigurohet nj\u00eb konsum ditor energjie mbi 90 MJ ME.\nSasi t\u00eb larta ushqimi mund t\u00eb arrihen vet\u00ebm n\u00ebse dosat n\u00eb periudh\u00ebn e laktacionit e marrin ushqimin gjithmon\u00eb t\u00eb fresk\u00ebt n\u00eb grazhd dhe n\u00eb disa racione. Dosave n\u00eb repartin e lindjes duhet t\u2019u vihet gjithmon\u00eb n\u00eb dispozicion uj\u00eb i pijsh\u00ebm me cil\u00ebsi higjienike t\u00eb p\u00ebrsosur. Furnizimi i mjaftuesh\u00ebm me uj\u00eb gjat\u00eb laktacionit \u00ebsht\u00eb parakusht baz\u00eb p\u00ebr nj\u00eb marrje ushqimi t\u00eb balancuar dhe pa d\u00ebmtim t\u00eb kondicionit.\n<\/p>\n<\/div>\n\n\n\n<figure class=\"wp-block-image size-full\"><img loading=\"lazy\" decoding=\"async\" width=\"464\" height=\"445\" src=\"https:\/\/ap.com.al\/wp-content\/uploads\/2025\/12\/image-15.png\" alt=\"\" class=\"wp-image-9838\" srcset=\"https:\/\/ap.com.al\/wp-content\/uploads\/2025\/12\/image-15.png 464w, https:\/\/ap.com.al\/wp-content\/uploads\/2025\/12\/image-15-300x288.png 300w, https:\/\/ap.com.al\/wp-content\/uploads\/2025\/12\/image-15-36x36.png 36w, https:\/\/ap.com.al\/wp-content\/uploads\/2025\/12\/image-15-450x432.png 450w\" sizes=\"auto, (max-width: 464px) 100vw, 464px\" \/><\/figure>\n<\/div>\n<\/div>\n\n\n\n<p><\/p>\n","protected":false},"excerpt":{"rendered":"<p>Dosat n\u00eb form\u00eb optimale p\u00ebrmes t\u00eb ushqyerit sipas gjendjes trupore P\u00ebrpunuar nga Klevis Xhardja Prodhimi i qum\u00ebshtit mbi 10 kg n\u00eb dit\u00eb gjat\u00eb periudh\u00ebs s\u00eb laktacionit nuk paraqet asnj\u00eb problem gjenetik p\u00ebr linjat aktuale t\u00eb dosave. Megjithat\u00eb, ato duhet t\u00eb ken\u00eb mund\u00ebsin\u00eb t\u00eb prodhojn\u00eb k\u00ebto sasi qum\u00ebshti. Me ushqim t\u00eb p\u00ebrshtatur sipas gjendjes trupore, sipas [&hellip;]<\/p>\n","protected":false},"author":2,"featured_media":0,"parent":0,"menu_order":0,"comment_status":"closed","ping_status":"closed","template":"","meta":{"inline_featured_image":false,"footnotes":""},"class_list":["post-9837","page","type-page","status-publish","hentry"],"yoast_head":"<!-- This site is optimized with the Yoast SEO plugin v18.9 - https:\/\/yoast.com\/wordpress\/plugins\/seo\/ -->\n<title>Dosat n\u00eb form\u00eb optimale p\u00ebrmes t\u00eb ushqyerit sipas gjendjes trupore - Austria Praemix<\/title>\n<meta name=\"robots\" content=\"index, follow, max-snippet:-1, max-image-preview:large, max-video-preview:-1\" \/>\n<link rel=\"canonical\" href=\"https:\/\/ap.com.al\/?page_id=9837\" \/>\n<meta property=\"og:locale\" content=\"en_US\" \/>\n<meta property=\"og:type\" content=\"article\" \/>\n<meta property=\"og:title\" content=\"Dosat n\u00eb form\u00eb optimale p\u00ebrmes t\u00eb ushqyerit sipas gjendjes trupore - Austria Praemix\" \/>\n<meta property=\"og:description\" content=\"Dosat n\u00eb form\u00eb optimale p\u00ebrmes t\u00eb ushqyerit sipas gjendjes trupore P\u00ebrpunuar nga Klevis Xhardja Prodhimi i qum\u00ebshtit mbi 10 kg n\u00eb dit\u00eb gjat\u00eb periudh\u00ebs s\u00eb laktacionit nuk paraqet asnj\u00eb problem gjenetik p\u00ebr linjat aktuale t\u00eb dosave. Megjithat\u00eb, ato duhet t\u00eb ken\u00eb mund\u00ebsin\u00eb t\u00eb prodhojn\u00eb k\u00ebto sasi qum\u00ebshti. Me ushqim t\u00eb p\u00ebrshtatur sipas gjendjes trupore, sipas [&hellip;]\" \/>\n<meta property=\"og:url\" content=\"https:\/\/ap.com.al\/?page_id=9837\" \/>\n<meta property=\"og:site_name\" content=\"Austria Praemix\" \/>\n<meta property=\"article:publisher\" content=\"https:\/\/www.facebook.com\/austriapraemiks\/\" \/>\n<meta property=\"og:image\" content=\"https:\/\/ap.com.al\/wp-content\/uploads\/2022\/03\/Asset-54-1.png\" \/>\n<meta name=\"twitter:card\" content=\"summary_large_image\" \/>\n<meta name=\"twitter:label1\" content=\"Est. reading time\" \/>\n\t<meta name=\"twitter:data1\" content=\"1 minute\" \/>\n<script type=\"application\/ld+json\" class=\"yoast-schema-graph\">{\"@context\":\"https:\/\/schema.org\",\"@graph\":[{\"@type\":\"Organization\",\"@id\":\"https:\/\/ap.com.al\/#organization\",\"name\":\"Austria Preamix\",\"url\":\"https:\/\/ap.com.al\/\",\"sameAs\":[\"https:\/\/www.instagram.com\/austriapraemix\/\",\"https:\/\/www.facebook.com\/austriapraemiks\/\"],\"logo\":{\"@type\":\"ImageObject\",\"inLanguage\":\"en-US\",\"@id\":\"https:\/\/ap.com.al\/#\/schema\/logo\/image\/\",\"url\":\"https:\/\/ap.com.al\/wp-content\/uploads\/2022\/02\/AP-logo.png\",\"contentUrl\":\"https:\/\/ap.com.al\/wp-content\/uploads\/2022\/02\/AP-logo.png\",\"width\":3358,\"height\":1616,\"caption\":\"Austria Preamix\"},\"image\":{\"@id\":\"https:\/\/ap.com.al\/#\/schema\/logo\/image\/\"}},{\"@type\":\"WebSite\",\"@id\":\"https:\/\/ap.com.al\/#website\",\"url\":\"https:\/\/ap.com.al\/\",\"name\":\"Austria Praemix\",\"description\":\"\",\"publisher\":{\"@id\":\"https:\/\/ap.com.al\/#organization\"},\"potentialAction\":[{\"@type\":\"SearchAction\",\"target\":{\"@type\":\"EntryPoint\",\"urlTemplate\":\"https:\/\/ap.com.al\/?s={search_term_string}\"},\"query-input\":\"required name=search_term_string\"}],\"inLanguage\":\"en-US\"},{\"@type\":\"ImageObject\",\"inLanguage\":\"en-US\",\"@id\":\"https:\/\/ap.com.al\/?page_id=9837#primaryimage\",\"url\":\"https:\/\/ap.com.al\/wp-content\/uploads\/2022\/03\/Asset-54-1.png\",\"contentUrl\":\"https:\/\/ap.com.al\/wp-content\/uploads\/2022\/03\/Asset-54-1.png\",\"width\":355,\"height\":354},{\"@type\":\"WebPage\",\"@id\":\"https:\/\/ap.com.al\/?page_id=9837#webpage\",\"url\":\"https:\/\/ap.com.al\/?page_id=9837\",\"name\":\"Dosat n\u00eb form\u00eb optimale p\u00ebrmes t\u00eb ushqyerit sipas gjendjes trupore - Austria Praemix\",\"isPartOf\":{\"@id\":\"https:\/\/ap.com.al\/#website\"},\"primaryImageOfPage\":{\"@id\":\"https:\/\/ap.com.al\/?page_id=9837#primaryimage\"},\"datePublished\":\"2025-12-08T16:00:27+00:00\",\"dateModified\":\"2025-12-08T16:00:27+00:00\",\"breadcrumb\":{\"@id\":\"https:\/\/ap.com.al\/?page_id=9837#breadcrumb\"},\"inLanguage\":\"en-US\",\"potentialAction\":[{\"@type\":\"ReadAction\",\"target\":[\"https:\/\/ap.com.al\/?page_id=9837\"]}]},{\"@type\":\"BreadcrumbList\",\"@id\":\"https:\/\/ap.com.al\/?page_id=9837#breadcrumb\",\"itemListElement\":[{\"@type\":\"ListItem\",\"position\":1,\"name\":\"Home\",\"item\":\"https:\/\/ap.com.al\/\"},{\"@type\":\"ListItem\",\"position\":2,\"name\":\"Dosat n\u00eb form\u00eb optimale p\u00ebrmes t\u00eb ushqyerit sipas gjendjes trupore\"}]}]}<\/script>\n<!-- \/ Yoast SEO plugin. -->","yoast_head_json":{"title":"Dosat n\u00eb form\u00eb optimale p\u00ebrmes t\u00eb ushqyerit sipas gjendjes trupore - Austria Praemix","robots":{"index":"index","follow":"follow","max-snippet":"max-snippet:-1","max-image-preview":"max-image-preview:large","max-video-preview":"max-video-preview:-1"},"canonical":"https:\/\/ap.com.al\/?page_id=9837","og_locale":"en_US","og_type":"article","og_title":"Dosat n\u00eb form\u00eb optimale p\u00ebrmes t\u00eb ushqyerit sipas gjendjes trupore - Austria Praemix","og_description":"Dosat n\u00eb form\u00eb optimale p\u00ebrmes t\u00eb ushqyerit sipas gjendjes trupore P\u00ebrpunuar nga Klevis Xhardja Prodhimi i qum\u00ebshtit mbi 10 kg n\u00eb dit\u00eb gjat\u00eb periudh\u00ebs s\u00eb laktacionit nuk paraqet asnj\u00eb problem gjenetik p\u00ebr linjat aktuale t\u00eb dosave. Megjithat\u00eb, ato duhet t\u00eb ken\u00eb mund\u00ebsin\u00eb t\u00eb prodhojn\u00eb k\u00ebto sasi qum\u00ebshti. Me ushqim t\u00eb p\u00ebrshtatur sipas gjendjes trupore, sipas [&hellip;]","og_url":"https:\/\/ap.com.al\/?page_id=9837","og_site_name":"Austria Praemix","article_publisher":"https:\/\/www.facebook.com\/austriapraemiks\/","og_image":[{"url":"https:\/\/ap.com.al\/wp-content\/uploads\/2022\/03\/Asset-54-1.png"}],"twitter_card":"summary_large_image","twitter_misc":{"Est. reading time":"1 minute"},"schema":{"@context":"https:\/\/schema.org","@graph":[{"@type":"Organization","@id":"https:\/\/ap.com.al\/#organization","name":"Austria Preamix","url":"https:\/\/ap.com.al\/","sameAs":["https:\/\/www.instagram.com\/austriapraemix\/","https:\/\/www.facebook.com\/austriapraemiks\/"],"logo":{"@type":"ImageObject","inLanguage":"en-US","@id":"https:\/\/ap.com.al\/#\/schema\/logo\/image\/","url":"https:\/\/ap.com.al\/wp-content\/uploads\/2022\/02\/AP-logo.png","contentUrl":"https:\/\/ap.com.al\/wp-content\/uploads\/2022\/02\/AP-logo.png","width":3358,"height":1616,"caption":"Austria Preamix"},"image":{"@id":"https:\/\/ap.com.al\/#\/schema\/logo\/image\/"}},{"@type":"WebSite","@id":"https:\/\/ap.com.al\/#website","url":"https:\/\/ap.com.al\/","name":"Austria Praemix","description":"","publisher":{"@id":"https:\/\/ap.com.al\/#organization"},"potentialAction":[{"@type":"SearchAction","target":{"@type":"EntryPoint","urlTemplate":"https:\/\/ap.com.al\/?s={search_term_string}"},"query-input":"required name=search_term_string"}],"inLanguage":"en-US"},{"@type":"ImageObject","inLanguage":"en-US","@id":"https:\/\/ap.com.al\/?page_id=9837#primaryimage","url":"https:\/\/ap.com.al\/wp-content\/uploads\/2022\/03\/Asset-54-1.png","contentUrl":"https:\/\/ap.com.al\/wp-content\/uploads\/2022\/03\/Asset-54-1.png","width":355,"height":354},{"@type":"WebPage","@id":"https:\/\/ap.com.al\/?page_id=9837#webpage","url":"https:\/\/ap.com.al\/?page_id=9837","name":"Dosat n\u00eb form\u00eb optimale p\u00ebrmes t\u00eb ushqyerit sipas gjendjes trupore - Austria Praemix","isPartOf":{"@id":"https:\/\/ap.com.al\/#website"},"primaryImageOfPage":{"@id":"https:\/\/ap.com.al\/?page_id=9837#primaryimage"},"datePublished":"2025-12-08T16:00:27+00:00","dateModified":"2025-12-08T16:00:27+00:00","breadcrumb":{"@id":"https:\/\/ap.com.al\/?page_id=9837#breadcrumb"},"inLanguage":"en-US","potentialAction":[{"@type":"ReadAction","target":["https:\/\/ap.com.al\/?page_id=9837"]}]},{"@type":"BreadcrumbList","@id":"https:\/\/ap.com.al\/?page_id=9837#breadcrumb","itemListElement":[{"@type":"ListItem","position":1,"name":"Home","item":"https:\/\/ap.com.al\/"},{"@type":"ListItem","position":2,"name":"Dosat n\u00eb form\u00eb optimale p\u00ebrmes t\u00eb ushqyerit sipas gjendjes trupore"}]}]}},"_links":{"self":[{"href":"https:\/\/ap.com.al\/index.php?rest_route=\/wp\/v2\/pages\/9837","targetHints":{"allow":["GET"]}}],"collection":[{"href":"https:\/\/ap.com.al\/index.php?rest_route=\/wp\/v2\/pages"}],"about":[{"href":"https:\/\/ap.com.al\/index.php?rest_route=\/wp\/v2\/types\/page"}],"author":[{"embeddable":true,"href":"https:\/\/ap.com.al\/index.php?rest_route=\/wp\/v2\/users\/2"}],"replies":[{"embeddable":true,"href":"https:\/\/ap.com.al\/index.php?rest_route=%2Fwp%2Fv2%2Fcomments&post=9837"}],"version-history":[{"count":1,"href":"https:\/\/ap.com.al\/index.php?rest_route=\/wp\/v2\/pages\/9837\/revisions"}],"predecessor-version":[{"id":9839,"href":"https:\/\/ap.com.al\/index.php?rest_route=\/wp\/v2\/pages\/9837\/revisions\/9839"}],"wp:attachment":[{"href":"https:\/\/ap.com.al\/index.php?rest_route=%2Fwp%2Fv2%2Fmedia&parent=9837"}],"curies":[{"name":"wp","href":"https:\/\/api.w.org\/{rel}","templated":true}]}}