{"id":9840,"date":"2025-12-08T16:05:10","date_gmt":"2025-12-08T16:05:10","guid":{"rendered":"https:\/\/ap.com.al\/?page_id=9840"},"modified":"2025-12-08T16:05:10","modified_gmt":"2025-12-08T16:05:10","slug":"gripi-i-gjedhit-problem-i-perhershem-gjate-gjithe-vitit","status":"publish","type":"page","link":"https:\/\/ap.com.al\/?page_id=9840","title":{"rendered":"Gripi i gjedhit: Problem i p\u00ebrhersh\u00ebm gjat\u00eb gjith\u00eb vitit"},"content":{"rendered":"\n<style>\n  #oniiii{\n    background-image:url(\"https:\/\/ap.com.al\/wp-content\/uploads\/2025\/11\/Artikull-banner-15.png\");\n    padding-bottom: 32%;\n    background-position:center center;\n    background-repeat: no-repeat;\n    background-size:cover;\n  }\n  <\/style>\n  <script src=\"https:\/\/code.jquery.com\/jquery-3.5.0.js\">\n<\/script>\n\n<div id=\"oniiii\"><\/div>\n \n<script>\n$( \"#oniiii\" ).insertBefore( \".container_wrap_first\" );\n<\/script>\n\n\n\n<div class=\"wp-block-columns\" id=\"containerr\">\n<div class=\"wp-block-column\">\n<div class=\"avia_textblock\" itemprop=\"text\"><h4 style=\"color:#005a8c;\n\">Gripi i gjedhit: Problem i p\u00ebrhersh\u00ebm gjat\u00eb gjith\u00eb vitit<\/h4>\n<p align=\"right\">\n   P\u00ebrpunuar nga Klevis Xhardja\n<\/p>\n<\/div>\n<\/div>\n<\/div>\n\n\n\n<div class=\"wp-block-columns\" id=\"containerr\">\n<div class=\"wp-block-column\">\n<div class=\"detail__certificates-item-icon\">\n<img decoding=\"async\" alt=\"Icon RINDAMAST UNI\" src=\"https:\/\/ap.com.al\/wp-content\/uploads\/2022\/03\/Asset-51-1.png\">\n<\/div>\n<\/div>\n<\/div>\n\n\n\n<div class=\"wp-block-columns\" id=\"containerr\">\n<div class=\"wp-block-column\">\n<figure class=\"wp-block-image size-full\"><img loading=\"lazy\" decoding=\"async\" width=\"531\" height=\"356\" src=\"https:\/\/ap.com.al\/wp-content\/uploads\/2025\/12\/image-16.png\" alt=\"\" class=\"wp-image-9841\" srcset=\"https:\/\/ap.com.al\/wp-content\/uploads\/2025\/12\/image-16.png 531w, https:\/\/ap.com.al\/wp-content\/uploads\/2025\/12\/image-16-300x201.png 300w, https:\/\/ap.com.al\/wp-content\/uploads\/2025\/12\/image-16-450x302.png 450w\" sizes=\"auto, (max-width: 531px) 100vw, 531px\" \/><\/figure>\n\n\n\n<div class=\"blue_marker_list\">\n<p align=\"justify\">S\u00eb bashku me diarren\u00eb, s\u00ebmundjet e frym\u00ebmarrjes jan\u00eb nd\u00ebr problemet m\u00eb t\u00eb r\u00ebnd\u00ebsishme dhe m\u00eb t\u00eb d\u00ebmshme sh\u00ebndet\u00ebsore te gjedh\u00ebt, ve\u00e7an\u00ebrisht te vi\u00e7at, gjedh\u00ebt e reja dhe demat e majm\u00ebris\u00eb. Rreziku i prekjes nga gripi i gjedhit rritet sidomos gjat\u00eb stin\u00ebs s\u00eb ftoht\u00eb, por edhe gjat\u00eb ndryshimeve t\u00eb motit n\u00eb vjesht\u00eb ose pranver\u00eb.\nNd\u00ebrsa ftohja te njer\u00ebzit \u00ebsht\u00eb p\u00ebrgjith\u00ebsisht e pad\u00ebmshme dhe shfaqet kryesisht si inflamacion i mukoz\u00ebs s\u00eb hund\u00ebs, te gjedh\u00ebt, inflamacioni i hund\u00ebs rrall\u00eb \u00ebsht\u00eb nj\u00eb s\u00ebmundje e izoluar. Ai shfaqet m\u00eb shpesh si pjes\u00eb e infeksioneve t\u00eb frym\u00ebmarrjes ose sistemike, si infeksioni BHV-1, BVD dhe, mbi t\u00eb gjitha, kompleksi i gripit t\u00eb gjedhit.\nGripi i gjedhit, i njohur edhe si bronkopneumonia enzootike e gjedh\u00ebve, \u00ebsht\u00eb nj\u00eb infeksion shum\u00eb ngjit\u00ebs q\u00eb prek kryesisht kafsh\u00ebt e reja dhe konsiderohet si nj\u00eb s\u00ebmundje multifaktorale. Ai shfaqet n\u00eb dy forma: gripi sezonal (kryesisht te gjedh\u00ebt e reja) dhe gripi jo sezonal (te vi\u00e7at, shpesh lidhur me ardhjen e kafsh\u00ebve t\u00eb reja n\u00eb ferm\u00eb), por ecuria e s\u00ebmundjes \u00ebsht\u00eb e ngjashme.\nGripi sezonal shfaqet \u00e7do vit dhe mund t\u00eb prek\u00eb edhe kafsh\u00ebt e rritura. Humbjet ekonomike p\u00ebrfshijn\u00eb vdekjet, kostot e trajtimit dhe medikamenteve, si dhe d\u00ebmtimet afatgjata q\u00eb mund t\u00eb shkaktoj\u00eb s\u00ebmundja.\n<\/p>\n<h4 style=\"padding-top: 20px;\">Shkaqet Komplekse t\u00eb Gripit t\u00eb Gjedhit<\/h4>\n<p align=\"justify\">Shkaqet e gripit t\u00eb gjedhit jan\u00eb komplekse dhe p\u00ebrfshijn\u00eb nd\u00ebrveprimin e disa faktor\u00ebve. Mbajtja e nj\u00eb numri t\u00eb madh kafsh\u00ebsh n\u00eb hap\u00ebsira t\u00eb mbyllura, mbajtja e vazhdueshme n\u00eb stalla dhe higjiena e pamjaftueshme n\u00eb ferm\u00eb favorizojn\u00eb p\u00ebrhapjen e patogjen\u00ebve. Viruse dhe baktere t\u00eb ndryshme mund t\u00eb jen\u00eb shkaktar\u00eb; shpesh, nj\u00eb infeksion viral pasohet nga nj\u00eb infeksion bakterial, ve\u00e7an\u00ebrisht nga Pasteurella multocida, stafilokoket, klamidia, mikoplazma dhe Bordetella. K\u00ebto mikrobe kolonizojn\u00eb mukoz\u00ebn e rrug\u00ebve t\u00eb frym\u00ebmarrjes, ve\u00e7an\u00ebrisht mushk\u00ebrit\u00eb, dhe shumohen, duke \u00e7uar n\u00eb pneumoni t\u00eb r\u00ebnd\u00eb.\n<\/p>\n<\/div>\n\n\n\n<div class=\"blue_marker_list\">\n<h4 style=\"padding-top: 20px;\">Vi\u00e7at: Nj\u00eb Grup Ve\u00e7an\u00ebrisht i Rrezikuar<\/h4>\n<p align=\"justify\">Vi\u00e7at jan\u00eb ve\u00e7an\u00ebrisht t\u00eb rrezikuar nga gripi i gjedhit, kryesisht ata me sistem imunitar t\u00eb dob\u00ebsuar. Kjo ndodh sepse imuniteti i marr\u00eb nga n\u00ebna p\u00ebrmes kolostrumit fillon t\u00eb ulet rreth jav\u00ebs s\u00eb gjasht\u00eb t\u00eb jet\u00ebs, nd\u00ebrkoh\u00eb q\u00eb sistemi i tyre imunitar ende nuk \u00ebsht\u00eb zhvilluar plot\u00ebsisht. P\u00ebrve\u00e7 k\u00ebsaj, disa vi\u00e7a mund t\u00eb jen\u00eb imunokomprometuar n\u00ebse nuk kan\u00eb marr\u00eb mjaftuesh\u00ebm antitrupa nga kolostrumi.\nTe gjedh\u00ebt e rritura, faktor\u00eb t\u00eb jasht\u00ebm si transporti stresues, ndryshimet e ushqimit, rrymat e ajrit, nivelet e larta t\u00eb gazrave t\u00eb d\u00ebmsh\u00ebm ose lag\u00ebshtia e tep\u00ebrt mund t\u00eb dob\u00ebsojn\u00eb sistemin imunitar. Kequshqyerja ose mungesa e vitaminave dhe element\u00ebve gjurm\u00eb thelb\u00ebsor\u00eb n\u00eb racion gjithashtu mund t\u00eb \u00e7ojn\u00eb n\u00eb dob\u00ebsi t\u00eb p\u00ebrgjithshme. Infektimi me parazit\u00eb e ul m\u00eb tej mbrojtjen e trupit.\nGrumbullimi i kafsh\u00ebve gjat\u00eb blerjes s\u00eb t\u00eb rejave (&#8220;mbushja&#8221; e fermave), si\u00e7 ndodh shpesh n\u00eb operacionet e majm\u00ebris\u00eb s\u00eb demave, \u00ebsht\u00eb ve\u00e7an\u00ebrisht problematik, pasi \u00e7do grup ka patogjen\u00ebt e vet ndaj t\u00eb cil\u00ebve \u00ebsht\u00eb imun. Ndryshimet klimatike (ndryshimet e stin\u00ebve, ftohja, lag\u00ebshtia e lart\u00eb) gjithashtu luajn\u00eb nj\u00eb rol. Kafsh\u00ebt e sapo ardhura, t\u00eb cilat jan\u00eb m\u00eb t\u00eb stresuara, shpesh s\u00ebmuren dhe mund t\u00eb p\u00ebrhapin infeksionin te gjedh\u00ebt e tjera.\n<\/p>\n<h4 style=\"padding-top: 20px;\">Trajtimi: Luftimi i Infeksioneve Bakteriale<\/h4>\n<p align=\"justify\">Fokusi kryesor i trajtimit t\u00eb gripit t\u00eb gjedhit \u00ebsht\u00eb luftimi i patogjen\u00ebve dyt\u00ebsor\u00eb bakterial\u00eb. N\u00ebse disa kafsh\u00eb n\u00eb nj\u00eb grup jan\u00eb t\u00eb s\u00ebmura, rekomandohet trajtimi i t\u00eb gjith\u00eb grupit.\n<\/p>\n<\/div>\n<\/div>\n<\/div>\n\n\n\n<p><\/p>\n","protected":false},"excerpt":{"rendered":"<p>Gripi i gjedhit: Problem i p\u00ebrhersh\u00ebm gjat\u00eb gjith\u00eb vitit P\u00ebrpunuar nga Klevis Xhardja S\u00eb bashku me diarren\u00eb, s\u00ebmundjet e frym\u00ebmarrjes jan\u00eb nd\u00ebr problemet m\u00eb t\u00eb r\u00ebnd\u00ebsishme dhe m\u00eb t\u00eb d\u00ebmshme sh\u00ebndet\u00ebsore te gjedh\u00ebt, ve\u00e7an\u00ebrisht te vi\u00e7at, gjedh\u00ebt e reja dhe demat e majm\u00ebris\u00eb. Rreziku i prekjes nga gripi i gjedhit rritet sidomos gjat\u00eb stin\u00ebs s\u00eb [&hellip;]<\/p>\n","protected":false},"author":2,"featured_media":0,"parent":0,"menu_order":0,"comment_status":"closed","ping_status":"closed","template":"","meta":{"inline_featured_image":false,"footnotes":""},"class_list":["post-9840","page","type-page","status-publish","hentry"],"yoast_head":"<!-- This site is optimized with the Yoast SEO plugin v18.9 - https:\/\/yoast.com\/wordpress\/plugins\/seo\/ -->\n<title>Gripi i gjedhit: Problem i p\u00ebrhersh\u00ebm gjat\u00eb gjith\u00eb vitit - Austria Praemix<\/title>\n<meta name=\"robots\" content=\"index, follow, max-snippet:-1, max-image-preview:large, max-video-preview:-1\" \/>\n<link rel=\"canonical\" href=\"https:\/\/ap.com.al\/?page_id=9840\" \/>\n<meta property=\"og:locale\" content=\"en_US\" \/>\n<meta property=\"og:type\" content=\"article\" \/>\n<meta property=\"og:title\" content=\"Gripi i gjedhit: Problem i p\u00ebrhersh\u00ebm gjat\u00eb gjith\u00eb vitit - Austria Praemix\" \/>\n<meta property=\"og:description\" content=\"Gripi i gjedhit: Problem i p\u00ebrhersh\u00ebm gjat\u00eb gjith\u00eb vitit P\u00ebrpunuar nga Klevis Xhardja S\u00eb bashku me diarren\u00eb, s\u00ebmundjet e frym\u00ebmarrjes jan\u00eb nd\u00ebr problemet m\u00eb t\u00eb r\u00ebnd\u00ebsishme dhe m\u00eb t\u00eb d\u00ebmshme sh\u00ebndet\u00ebsore te gjedh\u00ebt, ve\u00e7an\u00ebrisht te vi\u00e7at, gjedh\u00ebt e reja dhe demat e majm\u00ebris\u00eb. Rreziku i prekjes nga gripi i gjedhit rritet sidomos gjat\u00eb stin\u00ebs s\u00eb [&hellip;]\" \/>\n<meta property=\"og:url\" content=\"https:\/\/ap.com.al\/?page_id=9840\" \/>\n<meta property=\"og:site_name\" content=\"Austria Praemix\" \/>\n<meta property=\"article:publisher\" content=\"https:\/\/www.facebook.com\/austriapraemiks\/\" \/>\n<meta property=\"og:image\" content=\"https:\/\/ap.com.al\/wp-content\/uploads\/2022\/03\/Asset-51-1.png\" \/>\n<meta name=\"twitter:card\" content=\"summary_large_image\" \/>\n<meta name=\"twitter:label1\" content=\"Est. reading time\" \/>\n\t<meta name=\"twitter:data1\" content=\"1 minute\" \/>\n<script type=\"application\/ld+json\" class=\"yoast-schema-graph\">{\"@context\":\"https:\/\/schema.org\",\"@graph\":[{\"@type\":\"Organization\",\"@id\":\"https:\/\/ap.com.al\/#organization\",\"name\":\"Austria Preamix\",\"url\":\"https:\/\/ap.com.al\/\",\"sameAs\":[\"https:\/\/www.instagram.com\/austriapraemix\/\",\"https:\/\/www.facebook.com\/austriapraemiks\/\"],\"logo\":{\"@type\":\"ImageObject\",\"inLanguage\":\"en-US\",\"@id\":\"https:\/\/ap.com.al\/#\/schema\/logo\/image\/\",\"url\":\"https:\/\/ap.com.al\/wp-content\/uploads\/2022\/02\/AP-logo.png\",\"contentUrl\":\"https:\/\/ap.com.al\/wp-content\/uploads\/2022\/02\/AP-logo.png\",\"width\":3358,\"height\":1616,\"caption\":\"Austria Preamix\"},\"image\":{\"@id\":\"https:\/\/ap.com.al\/#\/schema\/logo\/image\/\"}},{\"@type\":\"WebSite\",\"@id\":\"https:\/\/ap.com.al\/#website\",\"url\":\"https:\/\/ap.com.al\/\",\"name\":\"Austria Praemix\",\"description\":\"\",\"publisher\":{\"@id\":\"https:\/\/ap.com.al\/#organization\"},\"potentialAction\":[{\"@type\":\"SearchAction\",\"target\":{\"@type\":\"EntryPoint\",\"urlTemplate\":\"https:\/\/ap.com.al\/?s={search_term_string}\"},\"query-input\":\"required name=search_term_string\"}],\"inLanguage\":\"en-US\"},{\"@type\":\"ImageObject\",\"inLanguage\":\"en-US\",\"@id\":\"https:\/\/ap.com.al\/?page_id=9840#primaryimage\",\"url\":\"https:\/\/ap.com.al\/wp-content\/uploads\/2022\/03\/Asset-51-1.png\",\"contentUrl\":\"https:\/\/ap.com.al\/wp-content\/uploads\/2022\/03\/Asset-51-1.png\",\"width\":355,\"height\":354},{\"@type\":\"WebPage\",\"@id\":\"https:\/\/ap.com.al\/?page_id=9840#webpage\",\"url\":\"https:\/\/ap.com.al\/?page_id=9840\",\"name\":\"Gripi i gjedhit: Problem i p\u00ebrhersh\u00ebm gjat\u00eb gjith\u00eb vitit - Austria Praemix\",\"isPartOf\":{\"@id\":\"https:\/\/ap.com.al\/#website\"},\"primaryImageOfPage\":{\"@id\":\"https:\/\/ap.com.al\/?page_id=9840#primaryimage\"},\"datePublished\":\"2025-12-08T16:05:10+00:00\",\"dateModified\":\"2025-12-08T16:05:10+00:00\",\"breadcrumb\":{\"@id\":\"https:\/\/ap.com.al\/?page_id=9840#breadcrumb\"},\"inLanguage\":\"en-US\",\"potentialAction\":[{\"@type\":\"ReadAction\",\"target\":[\"https:\/\/ap.com.al\/?page_id=9840\"]}]},{\"@type\":\"BreadcrumbList\",\"@id\":\"https:\/\/ap.com.al\/?page_id=9840#breadcrumb\",\"itemListElement\":[{\"@type\":\"ListItem\",\"position\":1,\"name\":\"Home\",\"item\":\"https:\/\/ap.com.al\/\"},{\"@type\":\"ListItem\",\"position\":2,\"name\":\"Gripi i gjedhit: Problem i p\u00ebrhersh\u00ebm gjat\u00eb gjith\u00eb vitit\"}]}]}<\/script>\n<!-- \/ Yoast SEO plugin. -->","yoast_head_json":{"title":"Gripi i gjedhit: Problem i p\u00ebrhersh\u00ebm gjat\u00eb gjith\u00eb vitit - Austria Praemix","robots":{"index":"index","follow":"follow","max-snippet":"max-snippet:-1","max-image-preview":"max-image-preview:large","max-video-preview":"max-video-preview:-1"},"canonical":"https:\/\/ap.com.al\/?page_id=9840","og_locale":"en_US","og_type":"article","og_title":"Gripi i gjedhit: Problem i p\u00ebrhersh\u00ebm gjat\u00eb gjith\u00eb vitit - Austria Praemix","og_description":"Gripi i gjedhit: Problem i p\u00ebrhersh\u00ebm gjat\u00eb gjith\u00eb vitit P\u00ebrpunuar nga Klevis Xhardja S\u00eb bashku me diarren\u00eb, s\u00ebmundjet e frym\u00ebmarrjes jan\u00eb nd\u00ebr problemet m\u00eb t\u00eb r\u00ebnd\u00ebsishme dhe m\u00eb t\u00eb d\u00ebmshme sh\u00ebndet\u00ebsore te gjedh\u00ebt, ve\u00e7an\u00ebrisht te vi\u00e7at, gjedh\u00ebt e reja dhe demat e majm\u00ebris\u00eb. Rreziku i prekjes nga gripi i gjedhit rritet sidomos gjat\u00eb stin\u00ebs s\u00eb [&hellip;]","og_url":"https:\/\/ap.com.al\/?page_id=9840","og_site_name":"Austria Praemix","article_publisher":"https:\/\/www.facebook.com\/austriapraemiks\/","og_image":[{"url":"https:\/\/ap.com.al\/wp-content\/uploads\/2022\/03\/Asset-51-1.png"}],"twitter_card":"summary_large_image","twitter_misc":{"Est. reading time":"1 minute"},"schema":{"@context":"https:\/\/schema.org","@graph":[{"@type":"Organization","@id":"https:\/\/ap.com.al\/#organization","name":"Austria Preamix","url":"https:\/\/ap.com.al\/","sameAs":["https:\/\/www.instagram.com\/austriapraemix\/","https:\/\/www.facebook.com\/austriapraemiks\/"],"logo":{"@type":"ImageObject","inLanguage":"en-US","@id":"https:\/\/ap.com.al\/#\/schema\/logo\/image\/","url":"https:\/\/ap.com.al\/wp-content\/uploads\/2022\/02\/AP-logo.png","contentUrl":"https:\/\/ap.com.al\/wp-content\/uploads\/2022\/02\/AP-logo.png","width":3358,"height":1616,"caption":"Austria Preamix"},"image":{"@id":"https:\/\/ap.com.al\/#\/schema\/logo\/image\/"}},{"@type":"WebSite","@id":"https:\/\/ap.com.al\/#website","url":"https:\/\/ap.com.al\/","name":"Austria Praemix","description":"","publisher":{"@id":"https:\/\/ap.com.al\/#organization"},"potentialAction":[{"@type":"SearchAction","target":{"@type":"EntryPoint","urlTemplate":"https:\/\/ap.com.al\/?s={search_term_string}"},"query-input":"required name=search_term_string"}],"inLanguage":"en-US"},{"@type":"ImageObject","inLanguage":"en-US","@id":"https:\/\/ap.com.al\/?page_id=9840#primaryimage","url":"https:\/\/ap.com.al\/wp-content\/uploads\/2022\/03\/Asset-51-1.png","contentUrl":"https:\/\/ap.com.al\/wp-content\/uploads\/2022\/03\/Asset-51-1.png","width":355,"height":354},{"@type":"WebPage","@id":"https:\/\/ap.com.al\/?page_id=9840#webpage","url":"https:\/\/ap.com.al\/?page_id=9840","name":"Gripi i gjedhit: Problem i p\u00ebrhersh\u00ebm gjat\u00eb gjith\u00eb vitit - Austria Praemix","isPartOf":{"@id":"https:\/\/ap.com.al\/#website"},"primaryImageOfPage":{"@id":"https:\/\/ap.com.al\/?page_id=9840#primaryimage"},"datePublished":"2025-12-08T16:05:10+00:00","dateModified":"2025-12-08T16:05:10+00:00","breadcrumb":{"@id":"https:\/\/ap.com.al\/?page_id=9840#breadcrumb"},"inLanguage":"en-US","potentialAction":[{"@type":"ReadAction","target":["https:\/\/ap.com.al\/?page_id=9840"]}]},{"@type":"BreadcrumbList","@id":"https:\/\/ap.com.al\/?page_id=9840#breadcrumb","itemListElement":[{"@type":"ListItem","position":1,"name":"Home","item":"https:\/\/ap.com.al\/"},{"@type":"ListItem","position":2,"name":"Gripi i gjedhit: Problem i p\u00ebrhersh\u00ebm gjat\u00eb gjith\u00eb vitit"}]}]}},"_links":{"self":[{"href":"https:\/\/ap.com.al\/index.php?rest_route=\/wp\/v2\/pages\/9840","targetHints":{"allow":["GET"]}}],"collection":[{"href":"https:\/\/ap.com.al\/index.php?rest_route=\/wp\/v2\/pages"}],"about":[{"href":"https:\/\/ap.com.al\/index.php?rest_route=\/wp\/v2\/types\/page"}],"author":[{"embeddable":true,"href":"https:\/\/ap.com.al\/index.php?rest_route=\/wp\/v2\/users\/2"}],"replies":[{"embeddable":true,"href":"https:\/\/ap.com.al\/index.php?rest_route=%2Fwp%2Fv2%2Fcomments&post=9840"}],"version-history":[{"count":1,"href":"https:\/\/ap.com.al\/index.php?rest_route=\/wp\/v2\/pages\/9840\/revisions"}],"predecessor-version":[{"id":9842,"href":"https:\/\/ap.com.al\/index.php?rest_route=\/wp\/v2\/pages\/9840\/revisions\/9842"}],"wp:attachment":[{"href":"https:\/\/ap.com.al\/index.php?rest_route=%2Fwp%2Fv2%2Fmedia&parent=9840"}],"curies":[{"name":"wp","href":"https:\/\/api.w.org\/{rel}","templated":true}]}}