{"id":9844,"date":"2025-12-08T16:14:50","date_gmt":"2025-12-08T16:14:50","guid":{"rendered":"https:\/\/ap.com.al\/?page_id=9844"},"modified":"2025-12-08T16:14:50","modified_gmt":"2025-12-08T16:14:50","slug":"mundesite-per-tu-prekur-nga-ileitis-jane-zero","status":"publish","type":"page","link":"https:\/\/ap.com.al\/?page_id=9844","title":{"rendered":"Mund\u00ebsit\u00eb p\u00ebr t\u2019u prekur nga Ileitis jan\u00eb zero"},"content":{"rendered":"\n<p><\/p>\n\n\n\n<p><\/p>\n\n\n\n<style>\n  #oniiii{\n    background-image:url(\"https:\/\/ap.com.al\/wp-content\/uploads\/2025\/09\/Artikull-banner-10.png\");\n    padding-bottom: 32%;\n    background-position:center left;\n    background-repeat: no-repeat;\n    background-size:cover;\n  }\n  <\/style>\n  <script src=\"https:\/\/code.jquery.com\/jquery-3.5.0.js\">\n<\/script>\n\n<div id=\"oniiii\"><\/div>\n \n<script>\n$( \"#oniiii\" ).insertBefore( \".container_wrap_first\" );\n<\/script>\n\n\n\n<div class=\"wp-block-columns\" id=\"containerr\">\n<div class=\"wp-block-column\">\n<div class=\"avia_textblock\" itemprop=\"text\"><h4 style=\"color:#005a8c;\n\">Mund\u00ebsit\u00eb p\u00ebr t\u2019u prekur nga Ileitis jan\u00eb zero<\/h4>\n<p align=\"right\">\n   P\u00ebrpunuar nga Klevis Xhardja\n<\/p>\n<\/div>\n<\/div>\n<\/div>\n\n\n\n<div class=\"wp-block-columns\" id=\"containerr\">\n<div class=\"wp-block-column\">\n<div class=\"detail__certificates-item-icon\">\n<img decoding=\"async\" alt=\"SCHAUMALAC M 70 \" src=\"https:\/\/ap.com.al\/wp-content\/uploads\/2022\/03\/Asset-54-1.png\">\n<\/div>\n<\/div>\n<\/div>\n\n\n\n<div class=\"wp-block-columns\" id=\"containerr\">\n<div class=\"wp-block-column\">\n<div class=\"blue_marker_list\">\n<p align=\"justify\" style=\"margin-bottom: 0;\">Ileitis, i quajtur shpesh PIA, \u00ebsht\u00eb nj\u00eb nga s\u00ebmundjet m\u00eb t\u00eb zakonshme t\u00eb zorr\u00ebve n\u00eb tufat e derrave n\u00eb Gjermani  M\u00eb par\u00eb, vet\u00ebm kafsh\u00ebt q\u00eb ishin t\u00eb s\u00ebmura mund t\u00eb trajtoheshin tashm\u00eb me antibiotik\u00eb. Me nj\u00eb vaksinim t\u00eb ri oral, Ileitis mund t\u00eb parandalohet n\u00eb m\u00ebnyr\u00eb efektive n\u00eb t\u00eb ardhmen.\nIleitis, i shkaktuar nga nj\u00eb infeksion me bakterin Lawsonia intracellularis, shkakton d\u00ebme t\u00eb m\u00ebdha ekonomike n\u00eb fermat e derrave n\u00eb Gjermani. Lawsonia ekskretohet n\u00eb fe\u00e7et e kafsh\u00ebve t\u00eb infektuara dhe k\u00ebshtu mund t\u00eb transmetohet te derrat e tjer\u00eb. Rreziku i infektimit nga kafsha n\u00eb kafsh\u00eb \u00ebsht\u00eb m\u00eb i madh, por bakteret mund t\u00eb p\u00ebrhapen edhe p\u00ebrmes \u00e7izmeve ose pajisjeve t\u00eb pista.\nPas infektimit t\u00eb derrit, lawsonia dep\u00ebrton n\u00eb qelizat e mukoz\u00ebs s\u00eb zorr\u00ebve, ve\u00e7an\u00ebrisht n\u00eb pjes\u00ebn e fundit t\u00eb zorr\u00ebs s\u00eb holl\u00eb (ileum). Ato b\u00ebjn\u00eb q\u00eb qelizat e prekura t\u00eb zorr\u00ebve t\u00eb shumohen n\u00eb m\u00ebnyr\u00eb t\u00eb tepruar pa i shkat\u00ebrruar ato. Kjo \u00e7on n\u00eb nj\u00eb trashje progresive dhe masive t\u00eb seksioneve t\u00eb zorr\u00ebve. Vet\u00ebm nj\u00eb zorr\u00eb e sh\u00ebndetshme mund t\u00eb shfryt\u00ebzoj\u00eb potencialin e plot\u00eb t\u00eb ushqimit.\nTretja e p\u00ebrb\u00ebr\u00ebsve t\u00eb ushqimit (proteina, niseshte, yndyr\u00eb) dhe resorbimi pasues i k\u00ebtyre l\u00ebnd\u00ebve ushqyese t\u00eb tretura nga zorr\u00ebt n\u00eb gjakun e kafsh\u00ebs ndodh n\u00eb zorr\u00ebn e holl\u00eb. Zorra e holl\u00eb luan gjithashtu nj\u00eb rol vendimtar n\u00eb p\u00ebrthithjen e mineraleve nga ushqimi.\n<\/p>\n<h4 style=\"padding-top: 20px;\">Humbje masive p\u00ebr shkak t\u00eb Ileitisit subklinik<\/h4>\n<p align=\"justify\" style=\"margin-bottom: 0;\">Infeksioni me lawsonia mund t\u00eb \u00e7oj\u00eb n\u00eb tre forma t\u00eb ndryshme t\u00eb Ileitis (shih Diagramin 1). Humbjet m\u00eb t\u00eb m\u00ebdha ekonomike vijn\u00eb nga Ileitis subklinik. Kjo ndodh sepse nuk ka shenja t\u00eb dukshme t\u00eb s\u00ebmundjes n\u00eb k\u00ebt\u00eb form\u00eb, p.sh. Diarre. Ileitis subklinik \u00ebsht\u00eb tashm\u00eb i duksh\u00ebm n\u00eb kuvert\u00ebn e shesht\u00eb. V\u00ebshtir\u00eb e perceptueshme p\u00ebr prodhuesit konvencional t\u00eb gicave, gicat e par\u00eb tashm\u00eb kan\u00eb mbetur prapa n\u00eb zhvillimin e tyre. Fermat me nj\u00eb rit\u00ebm shum\u00ebjavor ose mbar\u00ebshtuesit q\u00eb kan\u00eb n\u00eb mendje nj\u00eb num\u00ebr m\u00eb t\u00eb madh kafsh\u00ebsh t\u00eb s\u00eb nj\u00ebjt\u00ebs mosh\u00eb e shohin k\u00ebt\u00eb depresion t\u00eb rritjes shum\u00eb m\u00eb qart\u00eb drejt fundit t\u00eb kuvert\u00ebs s\u00eb shesht\u00eb. K\u00ebto infeksione shpesh paraqiten gabimisht k\u00ebtu dhe gjithashtu n\u00eb majm\u00ebri si infeksione Circo.\nN\u00eb progresionin e dyt\u00eb, PIA, ne shohim, p\u00ebrve\u00e7 ndarjes, q\u00eb fillon s\u00ebrish n\u00eb fund t\u00eb kuvert\u00ebs s\u00eb shesht\u00eb, &#8220;derdhje&#8221; t\u00eb her\u00ebpashershme t\u00eb derrave. Kjo val\u00eb e vazhdueshme infeksioni akumulohet ndjesh\u00ebm n\u00eb ferm\u00ebn e majm\u00ebris\u00eb. Tipike jan\u00eb diarreja nga 40-60 kg LW me konsistenc\u00eb shum\u00eb t\u00eb ndryshme t\u00eb fe\u00e7eve dhe ndryshime ngjyrash, mund t\u00eb shihen edhe p\u00ebrb\u00ebr\u00ebs t\u00eb ushqimit t\u00eb patretur.\nForma e tret\u00eb e Ileitisit \u00ebsht\u00eb PHE, k\u00ebtu mund t\u00eb v\u00ebrehen diarre masive shpesh me p\u00ebrzierje gjaku (prandaj jasht\u00ebqitje me ngjyr\u00eb t\u00eb kuqe t\u00eb p\u00ebrgjakur ose t\u00eb zez\u00eb). Kjo form\u00eb progresive e Ileitisit zakonisht prek derrat e majm\u00ebris\u00eb nga 60-80 kg pesh\u00eb t\u00eb gjall\u00eb ose pak para dat\u00ebs s\u00eb therjes. Megjithat\u00eb, patogjeni i Ileitisit mund t\u00eb zbulohet edhe te dosat e reja si shkaku i humbjeve t\u00eb papritura t\u00eb dosave menj\u00ebher\u00eb pas lindjes,  madje deri n\u00eb pjelljen e par\u00eb.\nAntibiotik\u00ebt e p\u00ebrdorur zakonisht tregojn\u00eb nj\u00eb p\u00ebrmir\u00ebsim n\u00eb marrjen e ushqimit dhe nj\u00eb reduktim t\u00eb diarres\u00eb. Megjithat\u00eb, duke qen\u00eb se agjenti shkaktar i Ileitisit nuk mund t\u00eb eliminohet plot\u00ebsisht me asnj\u00eb antibiotik, presioni i patogjenit mund t\u00eb rritet p\u00ebrs\u00ebri pas nd\u00ebrprerjes s\u00eb antibiotik\u00ebve ose nd\u00ebrmjet trajtimeve me intervale &#8211; n\u00eb var\u00ebsi t\u00eb presionit t\u00eb infeksionit.\n<\/p>\n<h4 style=\"padding-top: 20px;\">Vaksinimi oral parandalon Ileitisin<\/h4>\n<p align=\"justify\" style=\"margin-bottom: 0;\">P\u00ebr t\u00eb mbrojtur derrat nga ky infeksion dhe p\u00ebr t\u00eb parandaluar ileitin, kompania Boehringer Ingelheim ka zhvilluar nj\u00eb vaksin\u00eb t\u00eb re q\u00eb p\u00ebrdoret me sukses n\u00eb SHBA, Meksik\u00eb dhe Kanada prej disa vitesh. Derrat duhet t\u00eb vaksinohen sa m\u00eb shpejt q\u00eb t\u00eb jet\u00eb e mundur pas shk\u00ebputjes nga gjiri n\u00eb m\u00ebnyr\u00eb q\u00eb t\u00eb mund t\u00eb krijoni nj\u00eb mbrojtje elastike kund\u00ebr lawsonia n\u00eb zorr\u00eb deri n\u00eb fund t\u00eb kuvert\u00ebs s\u00eb shesht\u00eb. Prodhuesi rekomandon vaksinimin sa m\u00eb par\u00eb n\u00eb dit\u00ebn e 4-t\u00eb pasi t\u00eb jen\u00eb strehuar n\u00eb stall\u00eb  n\u00eb kuvert\u00ebn e shesht\u00eb, pasi derrat fillojn\u00eb t\u00eb han\u00eb dhe pin\u00eb m\u00eb rregullisht n\u00eb k\u00ebt\u00eb pik\u00eb. N\u00ebse kafsh\u00ebt duhet t\u00eb ushqehen menj\u00ebher\u00eb pas shk\u00ebputjes nga gjiri, p.sh. trajtohen kund\u00ebr E. coli ose streptokokeve, vaksinimi kryhet n\u00eb dit\u00ebn e 4 pas nd\u00ebrprerjes s\u00eb k\u00ebsaj terapie me antibiotik\u00eb. \u00cbsht\u00eb ve\u00e7an\u00ebrisht e r\u00ebnd\u00ebsishme t\u00eb sigurohet q\u00eb kafsh\u00ebve t\u00eb mos u jepen antibiotik\u00eb tre dit\u00eb para dhe tre dit\u00eb pas vaksinimit oral.\n<\/p>\n<h4 style=\"padding-top: 20px;\">Lista kontrolluese e vaksinimit<\/h4>\n<p align=\"justify\" style=\"margin-bottom: 0;\"Nj\u00eb parakusht p\u00ebr mbrojtjen e mjaftueshme t\u00eb vaksinimit \u00ebsht\u00eb, nga nj\u00ebra an\u00eb, diagnostifikimi i sakt\u00eb p\u00ebr t\u00eb zbuluar se cili patogjen po shkakton probleme n\u00eb popullat\u00eb. Patogjeni i Ileitisit nuk mund t\u00eb zbulohet me siguri n\u00eb fe\u00e7e p\u00ebr shkak t\u00eb ekskretimit t\u00eb parregullt t\u00eb tij n\u00eb fe\u00e7e. N\u00ebse mostrat e fe\u00e7eve testohen p\u00ebr patogjenin e Ileitisit me rezultat negativ n\u00eb ferm\u00eb, kjo merret gabimisht si prov\u00eb e Ileitisit dhe shpesh shprehet nj\u00eb dyshim p\u00ebr Circo. Testet e mostrave t\u00eb gjakut p\u00ebr antitrupa kund\u00ebr patogjenit t\u00eb Ileitisit ofrojn\u00eb nj\u00eb ila\u00e7 kund\u00ebr zbulimit jo t\u00eb besuesh\u00ebm t\u00eb patogjenit n\u00ebp\u00ebrmjet mostrave t\u00eb fe\u00e7eve. P\u00ebr k\u00ebt\u00eb q\u00ebllim, mostrat e gjakut n\u00eb zon\u00ebn e majm\u00ebris\u00eb ekzaminohen n\u00eb tre jav\u00ebt m\u00eb t\u00eb hershme, mund\u00ebsisht pes\u00eb jav\u00eb pas strehimit n\u00eb stall\u00eb.\nN\u00ebse ka d\u00ebshmi diagnostikuese t\u00eb patogjenit t\u00eb Ileitisit, vaksina kryhet n\u00ebp\u00ebrmjet ujit t\u00eb pijsh\u00ebm pa stres. Prodhuesi e rekomandon aplikimin p\u00ebrmes lugut t\u00eb ushqimit. Larja n\u00eb kuvert\u00ebn e shesht\u00eb \u00ebsht\u00eb shum\u00eb m\u00eb e mundimshme p\u00ebr sa i p\u00ebrket ekonomis\u00eb s\u00eb pun\u00ebs. Kur administrohet n\u00ebp\u00ebrmjet nj\u00eb pajisje dozimi, pajisja duhet t\u00eb pastrohet me kujdes p\u00ebr t\u00eb parandaluar q\u00eb mbetjet e barit t\u00eb reduktojn\u00eb efektivitetin e vaksin\u00ebs. \n<\/p>\n<\/div>\n\n\n\n<figure class=\"wp-block-image size-full\"><img loading=\"lazy\" decoding=\"async\" width=\"456\" height=\"370\" src=\"https:\/\/ap.com.al\/wp-content\/uploads\/2025\/12\/image-17.png\" alt=\"\" class=\"wp-image-9845\" srcset=\"https:\/\/ap.com.al\/wp-content\/uploads\/2025\/12\/image-17.png 456w, https:\/\/ap.com.al\/wp-content\/uploads\/2025\/12\/image-17-300x243.png 300w, https:\/\/ap.com.al\/wp-content\/uploads\/2025\/12\/image-17-450x365.png 450w\" sizes=\"auto, (max-width: 456px) 100vw, 456px\" \/><\/figure>\n\n\n\n<figure class=\"wp-block-image size-full\"><img loading=\"lazy\" decoding=\"async\" width=\"456\" height=\"140\" src=\"https:\/\/ap.com.al\/wp-content\/uploads\/2025\/12\/image-18.png\" alt=\"\" class=\"wp-image-9846\" srcset=\"https:\/\/ap.com.al\/wp-content\/uploads\/2025\/12\/image-18.png 456w, https:\/\/ap.com.al\/wp-content\/uploads\/2025\/12\/image-18-300x92.png 300w, https:\/\/ap.com.al\/wp-content\/uploads\/2025\/12\/image-18-450x138.png 450w\" sizes=\"auto, (max-width: 456px) 100vw, 456px\" \/><\/figure>\n<\/div>\n<\/div>\n\n\n\n<p><\/p>\n","protected":false},"excerpt":{"rendered":"<p>Mund\u00ebsit\u00eb p\u00ebr t\u2019u prekur nga Ileitis jan\u00eb zero P\u00ebrpunuar nga Klevis Xhardja Ileitis, i quajtur shpesh PIA, \u00ebsht\u00eb nj\u00eb nga s\u00ebmundjet m\u00eb t\u00eb zakonshme t\u00eb zorr\u00ebve n\u00eb tufat e derrave n\u00eb Gjermani M\u00eb par\u00eb, vet\u00ebm kafsh\u00ebt q\u00eb ishin t\u00eb s\u00ebmura mund t\u00eb trajtoheshin tashm\u00eb me antibiotik\u00eb. Me nj\u00eb vaksinim t\u00eb ri oral, Ileitis mund t\u00eb [&hellip;]<\/p>\n","protected":false},"author":2,"featured_media":0,"parent":0,"menu_order":0,"comment_status":"closed","ping_status":"closed","template":"","meta":{"inline_featured_image":false,"footnotes":""},"class_list":["post-9844","page","type-page","status-publish","hentry"],"yoast_head":"<!-- This site is optimized with the Yoast SEO plugin v18.9 - https:\/\/yoast.com\/wordpress\/plugins\/seo\/ -->\n<title>Mund\u00ebsit\u00eb p\u00ebr t\u2019u prekur nga Ileitis jan\u00eb zero - Austria Praemix<\/title>\n<meta name=\"robots\" content=\"index, follow, max-snippet:-1, max-image-preview:large, max-video-preview:-1\" \/>\n<link rel=\"canonical\" href=\"https:\/\/ap.com.al\/?page_id=9844\" \/>\n<meta property=\"og:locale\" content=\"en_US\" \/>\n<meta property=\"og:type\" content=\"article\" \/>\n<meta property=\"og:title\" content=\"Mund\u00ebsit\u00eb p\u00ebr t\u2019u prekur nga Ileitis jan\u00eb zero - Austria Praemix\" \/>\n<meta property=\"og:description\" content=\"Mund\u00ebsit\u00eb p\u00ebr t\u2019u prekur nga Ileitis jan\u00eb zero P\u00ebrpunuar nga Klevis Xhardja Ileitis, i quajtur shpesh PIA, \u00ebsht\u00eb nj\u00eb nga s\u00ebmundjet m\u00eb t\u00eb zakonshme t\u00eb zorr\u00ebve n\u00eb tufat e derrave n\u00eb Gjermani M\u00eb par\u00eb, vet\u00ebm kafsh\u00ebt q\u00eb ishin t\u00eb s\u00ebmura mund t\u00eb trajtoheshin tashm\u00eb me antibiotik\u00eb. Me nj\u00eb vaksinim t\u00eb ri oral, Ileitis mund t\u00eb [&hellip;]\" \/>\n<meta property=\"og:url\" content=\"https:\/\/ap.com.al\/?page_id=9844\" \/>\n<meta property=\"og:site_name\" content=\"Austria Praemix\" \/>\n<meta property=\"article:publisher\" content=\"https:\/\/www.facebook.com\/austriapraemiks\/\" \/>\n<meta property=\"og:image\" content=\"https:\/\/ap.com.al\/wp-content\/uploads\/2022\/03\/Asset-54-1.png\" \/>\n<meta name=\"twitter:card\" content=\"summary_large_image\" \/>\n<meta name=\"twitter:label1\" content=\"Est. reading time\" \/>\n\t<meta name=\"twitter:data1\" content=\"1 minute\" \/>\n<script type=\"application\/ld+json\" class=\"yoast-schema-graph\">{\"@context\":\"https:\/\/schema.org\",\"@graph\":[{\"@type\":\"Organization\",\"@id\":\"https:\/\/ap.com.al\/#organization\",\"name\":\"Austria Preamix\",\"url\":\"https:\/\/ap.com.al\/\",\"sameAs\":[\"https:\/\/www.instagram.com\/austriapraemix\/\",\"https:\/\/www.facebook.com\/austriapraemiks\/\"],\"logo\":{\"@type\":\"ImageObject\",\"inLanguage\":\"en-US\",\"@id\":\"https:\/\/ap.com.al\/#\/schema\/logo\/image\/\",\"url\":\"https:\/\/ap.com.al\/wp-content\/uploads\/2022\/02\/AP-logo.png\",\"contentUrl\":\"https:\/\/ap.com.al\/wp-content\/uploads\/2022\/02\/AP-logo.png\",\"width\":3358,\"height\":1616,\"caption\":\"Austria Preamix\"},\"image\":{\"@id\":\"https:\/\/ap.com.al\/#\/schema\/logo\/image\/\"}},{\"@type\":\"WebSite\",\"@id\":\"https:\/\/ap.com.al\/#website\",\"url\":\"https:\/\/ap.com.al\/\",\"name\":\"Austria Praemix\",\"description\":\"\",\"publisher\":{\"@id\":\"https:\/\/ap.com.al\/#organization\"},\"potentialAction\":[{\"@type\":\"SearchAction\",\"target\":{\"@type\":\"EntryPoint\",\"urlTemplate\":\"https:\/\/ap.com.al\/?s={search_term_string}\"},\"query-input\":\"required name=search_term_string\"}],\"inLanguage\":\"en-US\"},{\"@type\":\"ImageObject\",\"inLanguage\":\"en-US\",\"@id\":\"https:\/\/ap.com.al\/?page_id=9844#primaryimage\",\"url\":\"https:\/\/ap.com.al\/wp-content\/uploads\/2022\/03\/Asset-54-1.png\",\"contentUrl\":\"https:\/\/ap.com.al\/wp-content\/uploads\/2022\/03\/Asset-54-1.png\",\"width\":355,\"height\":354},{\"@type\":\"WebPage\",\"@id\":\"https:\/\/ap.com.al\/?page_id=9844#webpage\",\"url\":\"https:\/\/ap.com.al\/?page_id=9844\",\"name\":\"Mund\u00ebsit\u00eb p\u00ebr t\u2019u prekur nga Ileitis jan\u00eb zero - Austria Praemix\",\"isPartOf\":{\"@id\":\"https:\/\/ap.com.al\/#website\"},\"primaryImageOfPage\":{\"@id\":\"https:\/\/ap.com.al\/?page_id=9844#primaryimage\"},\"datePublished\":\"2025-12-08T16:14:50+00:00\",\"dateModified\":\"2025-12-08T16:14:50+00:00\",\"breadcrumb\":{\"@id\":\"https:\/\/ap.com.al\/?page_id=9844#breadcrumb\"},\"inLanguage\":\"en-US\",\"potentialAction\":[{\"@type\":\"ReadAction\",\"target\":[\"https:\/\/ap.com.al\/?page_id=9844\"]}]},{\"@type\":\"BreadcrumbList\",\"@id\":\"https:\/\/ap.com.al\/?page_id=9844#breadcrumb\",\"itemListElement\":[{\"@type\":\"ListItem\",\"position\":1,\"name\":\"Home\",\"item\":\"https:\/\/ap.com.al\/\"},{\"@type\":\"ListItem\",\"position\":2,\"name\":\"Mund\u00ebsit\u00eb p\u00ebr t\u2019u prekur nga Ileitis jan\u00eb zero\"}]}]}<\/script>\n<!-- \/ Yoast SEO plugin. -->","yoast_head_json":{"title":"Mund\u00ebsit\u00eb p\u00ebr t\u2019u prekur nga Ileitis jan\u00eb zero - Austria Praemix","robots":{"index":"index","follow":"follow","max-snippet":"max-snippet:-1","max-image-preview":"max-image-preview:large","max-video-preview":"max-video-preview:-1"},"canonical":"https:\/\/ap.com.al\/?page_id=9844","og_locale":"en_US","og_type":"article","og_title":"Mund\u00ebsit\u00eb p\u00ebr t\u2019u prekur nga Ileitis jan\u00eb zero - Austria Praemix","og_description":"Mund\u00ebsit\u00eb p\u00ebr t\u2019u prekur nga Ileitis jan\u00eb zero P\u00ebrpunuar nga Klevis Xhardja Ileitis, i quajtur shpesh PIA, \u00ebsht\u00eb nj\u00eb nga s\u00ebmundjet m\u00eb t\u00eb zakonshme t\u00eb zorr\u00ebve n\u00eb tufat e derrave n\u00eb Gjermani M\u00eb par\u00eb, vet\u00ebm kafsh\u00ebt q\u00eb ishin t\u00eb s\u00ebmura mund t\u00eb trajtoheshin tashm\u00eb me antibiotik\u00eb. Me nj\u00eb vaksinim t\u00eb ri oral, Ileitis mund t\u00eb [&hellip;]","og_url":"https:\/\/ap.com.al\/?page_id=9844","og_site_name":"Austria Praemix","article_publisher":"https:\/\/www.facebook.com\/austriapraemiks\/","og_image":[{"url":"https:\/\/ap.com.al\/wp-content\/uploads\/2022\/03\/Asset-54-1.png"}],"twitter_card":"summary_large_image","twitter_misc":{"Est. reading time":"1 minute"},"schema":{"@context":"https:\/\/schema.org","@graph":[{"@type":"Organization","@id":"https:\/\/ap.com.al\/#organization","name":"Austria Preamix","url":"https:\/\/ap.com.al\/","sameAs":["https:\/\/www.instagram.com\/austriapraemix\/","https:\/\/www.facebook.com\/austriapraemiks\/"],"logo":{"@type":"ImageObject","inLanguage":"en-US","@id":"https:\/\/ap.com.al\/#\/schema\/logo\/image\/","url":"https:\/\/ap.com.al\/wp-content\/uploads\/2022\/02\/AP-logo.png","contentUrl":"https:\/\/ap.com.al\/wp-content\/uploads\/2022\/02\/AP-logo.png","width":3358,"height":1616,"caption":"Austria Preamix"},"image":{"@id":"https:\/\/ap.com.al\/#\/schema\/logo\/image\/"}},{"@type":"WebSite","@id":"https:\/\/ap.com.al\/#website","url":"https:\/\/ap.com.al\/","name":"Austria Praemix","description":"","publisher":{"@id":"https:\/\/ap.com.al\/#organization"},"potentialAction":[{"@type":"SearchAction","target":{"@type":"EntryPoint","urlTemplate":"https:\/\/ap.com.al\/?s={search_term_string}"},"query-input":"required name=search_term_string"}],"inLanguage":"en-US"},{"@type":"ImageObject","inLanguage":"en-US","@id":"https:\/\/ap.com.al\/?page_id=9844#primaryimage","url":"https:\/\/ap.com.al\/wp-content\/uploads\/2022\/03\/Asset-54-1.png","contentUrl":"https:\/\/ap.com.al\/wp-content\/uploads\/2022\/03\/Asset-54-1.png","width":355,"height":354},{"@type":"WebPage","@id":"https:\/\/ap.com.al\/?page_id=9844#webpage","url":"https:\/\/ap.com.al\/?page_id=9844","name":"Mund\u00ebsit\u00eb p\u00ebr t\u2019u prekur nga Ileitis jan\u00eb zero - Austria Praemix","isPartOf":{"@id":"https:\/\/ap.com.al\/#website"},"primaryImageOfPage":{"@id":"https:\/\/ap.com.al\/?page_id=9844#primaryimage"},"datePublished":"2025-12-08T16:14:50+00:00","dateModified":"2025-12-08T16:14:50+00:00","breadcrumb":{"@id":"https:\/\/ap.com.al\/?page_id=9844#breadcrumb"},"inLanguage":"en-US","potentialAction":[{"@type":"ReadAction","target":["https:\/\/ap.com.al\/?page_id=9844"]}]},{"@type":"BreadcrumbList","@id":"https:\/\/ap.com.al\/?page_id=9844#breadcrumb","itemListElement":[{"@type":"ListItem","position":1,"name":"Home","item":"https:\/\/ap.com.al\/"},{"@type":"ListItem","position":2,"name":"Mund\u00ebsit\u00eb p\u00ebr t\u2019u prekur nga Ileitis jan\u00eb zero"}]}]}},"_links":{"self":[{"href":"https:\/\/ap.com.al\/index.php?rest_route=\/wp\/v2\/pages\/9844","targetHints":{"allow":["GET"]}}],"collection":[{"href":"https:\/\/ap.com.al\/index.php?rest_route=\/wp\/v2\/pages"}],"about":[{"href":"https:\/\/ap.com.al\/index.php?rest_route=\/wp\/v2\/types\/page"}],"author":[{"embeddable":true,"href":"https:\/\/ap.com.al\/index.php?rest_route=\/wp\/v2\/users\/2"}],"replies":[{"embeddable":true,"href":"https:\/\/ap.com.al\/index.php?rest_route=%2Fwp%2Fv2%2Fcomments&post=9844"}],"version-history":[{"count":1,"href":"https:\/\/ap.com.al\/index.php?rest_route=\/wp\/v2\/pages\/9844\/revisions"}],"predecessor-version":[{"id":9847,"href":"https:\/\/ap.com.al\/index.php?rest_route=\/wp\/v2\/pages\/9844\/revisions\/9847"}],"wp:attachment":[{"href":"https:\/\/ap.com.al\/index.php?rest_route=%2Fwp%2Fv2%2Fmedia&parent=9844"}],"curies":[{"name":"wp","href":"https:\/\/api.w.org\/{rel}","templated":true}]}}