{"id":9854,"date":"2026-02-24T12:32:55","date_gmt":"2026-02-24T12:32:55","guid":{"rendered":"https:\/\/ap.com.al\/?page_id=9854"},"modified":"2026-02-24T12:32:56","modified_gmt":"2026-02-24T12:32:56","slug":"ileitis-pia-nje-patogjen-i-vjeter-godet-perseri","status":"publish","type":"page","link":"https:\/\/ap.com.al\/?page_id=9854","title":{"rendered":"Ileitis, PIA &#8211; Nj\u00eb patogjen i vjet\u00ebr godet p\u00ebrs\u00ebri"},"content":{"rendered":"\n<p><\/p>\n\n\n\n<p><\/p>\n\n\n\n<style>\n  #oniiii{\n    background-image:url(\"https:\/\/ap.com.al\/wp-content\/uploads\/2025\/09\/Artikull-banner-10.png\");\n    padding-bottom: 32%;\n    background-position:center left;\n    background-repeat: no-repeat;\n    background-size:cover;\n  }\n  <\/style>\n  <script src=\"https:\/\/code.jquery.com\/jquery-3.5.0.js\">\n<\/script>\n\n<div id=\"oniiii\"><\/div>\n \n<script>\n$( \"#oniiii\" ).insertBefore( \".container_wrap_first\" );\n<\/script>\n\n\n\n<div class=\"wp-block-columns\" id=\"containerr\">\n<div class=\"wp-block-column\">\n<div class=\"avia_textblock\" itemprop=\"text\"><h4 style=\"color:#005a8c;\n\">Ileitis, PIA &#8211; Nj\u00eb patogjen i vjet\u00ebr godet p\u00ebrs\u00ebri<\/h4>\n<p align=\"right\">\n   P\u00ebrpunuar nga Klevis Xhardja\n<\/p>\n<\/div>\n<\/div>\n<\/div>\n\n\n\n<div class=\"wp-block-columns\" id=\"containerr\">\n<div class=\"wp-block-column\">\n<div class=\"detail__certificates-item-icon\">\n<img decoding=\"async\" alt=\"SCHAUMALAC M 70 \" src=\"https:\/\/ap.com.al\/wp-content\/uploads\/2022\/03\/Asset-54-1.png\">\n<\/div>\n<\/div>\n<\/div>\n\n\n\n<div class=\"wp-block-columns\" id=\"containerr\">\n<div class=\"wp-block-column\">\n<div class=\"blue_marker_list\">\n<p align=\"justify\" style=\"margin-bottom: 0;\">Bakteri Lawsonia intracellularis, p\u00ebrgjegj\u00ebs p\u00ebr nj\u00eb s\u00ebr\u00eb s\u00ebmundjesh intestinale te derrat, \u00ebsht\u00eb p\u00ebrshkruar q\u00eb n\u00eb vitin 1931. S\u00ebmundja njihet me em\u00ebrtimet ileitis, enteropati proliferative e derrit (PIA) ose kompleks adenomatoz intestinal. Ileiti i derrit \u00ebsht\u00eb nj\u00eb patologji me p\u00ebrhapje mbar\u00ebbot\u00ebrore dhe incidenca e tij \u00ebsht\u00eb rritur ndjesh\u00ebm pas ndalimit t\u00eb p\u00ebrdorimit t\u00eb p\u00ebrmir\u00ebsuesve t\u00eb performanc\u00ebs me baz\u00eb antibiotike n\u00eb ushqim. Mendohet se k\u00ebta p\u00ebrmir\u00ebsues mbanin n\u00ebn kontroll flor\u00ebn intestinale patogjene, duke kufizuar shfaqjen klinike t\u00eb s\u00ebmundjes. R\u00ebnd\u00ebsia ekonomike e ileitit \u00ebsht\u00eb e konsiderueshme, pasi te kafsh\u00ebt e prekura v\u00ebrehet p\u00ebrkeq\u00ebsim i konvertimit ushqimor deri n\u00eb 0.3 nj\u00ebsi, ulje e shtimit ditor n\u00eb pesh\u00eb deri n\u00eb 25%, rritje e konsumit t\u00eb ushqimit dhe zgjatje e periudh\u00ebs s\u00eb majm\u00ebris\u00eb. K\u00ebto pasoja p\u00ebrkthehen n\u00eb kosto t\u00eb shtuara p\u00ebr fermerin. Studime t\u00eb realizuara n\u00eb SHBA raportojn\u00eb humbje ekonomike nga 2 deri n\u00eb 3 dollar\u00eb p\u00ebr derr n\u00eb raste t\u00eb lehta dhe deri n\u00eb 15 dollar\u00eb p\u00ebr kafsh\u00eb n\u00eb forma t\u00eb r\u00ebnda.\n<\/p>\n<h4 style=\"padding-top: 20px;\">Si infektohen kafsh\u00ebt?<\/h4>\n<p align=\"justify\" style=\"margin-bottom: 0;\">Lawsonia intracellularis \u00ebsht\u00eb nj\u00eb bakter obligativ intracelular q\u00eb shumohet n\u00eb enterocite, kryesisht n\u00eb ileum dhe n\u00eb pjes\u00ebt distale t\u00eb zorr\u00ebs s\u00eb holl\u00eb. Interesant \u00ebsht\u00eb fakti se s\u00ebmundja nuk manifestohet te derrat gnotobiotik\u00eb (pa mikroflora intestinale), nd\u00ebrsa kafsh\u00ebt e rritura n\u00eb kushte konvencionale infektohen leht\u00ebsisht dhe zhvillojn\u00eb shenja klinike. Kjo sugjeron se prania e mikroorganizmave t\u00eb tjer\u00eb intestinal\u00eb, si Escherichia coli ose patogjen\u00ebt e dizenteris\u00eb (Brachyspira spp.), luan rol bashk\u00ebveprues n\u00eb patogjenez\u00eb. Bakteri eliminohet me fe\u00e7e, ndaj fe\u00e7et e kontaminuara p\u00ebrb\u00ebjn\u00eb burimin kryesor t\u00eb infeksionit. Gicat n\u00eb periudh\u00ebn e gjidh\u00ebnies mbrohen nga antitrupat matern\u00eb t\u00eb marr\u00eb p\u00ebrmes kulloshtr\u00ebs deri rreth jav\u00ebs s\u00eb tret\u00eb t\u00eb jet\u00ebs. Mosha e infektimit ndryshon sipas ferm\u00ebs, por zakonisht ndodh nd\u00ebrmjet jav\u00ebs s\u00eb gjasht\u00eb dhe t\u00eb nj\u00ebzet\u00eb t\u00eb jet\u00ebs.\n<\/p>\n<h4 style=\"padding-top: 20px;\">Simptomat klinike t\u00eb Ileitin<\/h4>\n<p align=\"justify\" style=\"margin-bottom: 0;\">Manifestimi klinik i ileitit varet kryesisht nga mosha dhe statusi fiziologjik i kafsh\u00ebve. Forma kronike haset m\u00eb shpesh te derrat n\u00eb rritje dhe n\u00eb majm\u00ebri dhe karakterizohet nga rritje e pabarabart\u00eb brenda tuf\u00ebs, p\u00ebrkeq\u00ebsim i konvertimit ushqimor deri n\u00eb 0.3 nj\u00ebsi dhe ulje e shtimit ditor n\u00eb pesh\u00eb deri n\u00eb 80 gram\u00eb. Diarreja \u00ebsht\u00eb zakonisht intermittente, me fe\u00e7e t\u00eb buta deri ujore, me ngjyr\u00eb t\u00eb verdh\u00eb-kafe, dhe mund t\u00eb zgjas\u00eb disa jav\u00eb. Mortaliteti n\u00eb k\u00ebt\u00eb form\u00eb \u00ebsht\u00eb zakonisht i ul\u00ebt. Forma akute prek kryesisht kafsh\u00ebt m\u00eb t\u00eb rritura n\u00eb faz\u00ebn e majm\u00ebris\u00eb dhe karakterizohet nga enterit hemorragjik. Diarreja \u00ebsht\u00eb e ujshme dhe me ngjyr\u00eb t\u00eb zez\u00eb p\u00ebr shkak t\u00eb pranis\u00eb s\u00eb gjakut t\u00eb tretur, nd\u00ebrsa kafsh\u00ebt shfaqin zbehje t\u00eb mukozave dhe mund t\u00eb ngordhin brenda 24 or\u00ebve si pasoj\u00eb e dehidratimit dhe anemis\u00eb. Forma subklinike ose latente \u00ebsht\u00eb m\u00eb e v\u00ebshtir\u00eb p\u00ebr t\u2019u identifikuar, pasi shfaqet vet\u00ebm me ulje t\u00eb performanc\u00ebs prodhuese pa shenja t\u00eb dukshme klinike.\n<\/p>\n<\/div>\n\n\n\n<figure class=\"wp-block-image size-full\"><img loading=\"lazy\" decoding=\"async\" width=\"433\" height=\"259\" src=\"https:\/\/ap.com.al\/wp-content\/uploads\/2026\/02\/image.png\" alt=\"\" class=\"wp-image-9855\" srcset=\"https:\/\/ap.com.al\/wp-content\/uploads\/2026\/02\/image.png 433w, https:\/\/ap.com.al\/wp-content\/uploads\/2026\/02\/image-300x179.png 300w\" sizes=\"auto, (max-width: 433px) 100vw, 433px\" \/><\/figure>\n\n\n\n<div class=\"blue_marker_list\">\n<p align=\"justify\" style=\"margin-bottom: 0;\">\u00cbsht\u00eb e r\u00ebnd\u00ebsishme t\u00eb theksohet se jo \u00e7do rast diarreje te derrat \u00ebsht\u00eb ileitis. Infeksionet e p\u00ebrziera me patogjen\u00eb t\u00eb tjer\u00eb intestinal\u00eb, si Brachyspira spp. ose E. coli, jan\u00eb t\u00eb shpeshta. Diagnoza e sakt\u00eb vendoset p\u00ebrmes kombinimit t\u00eb anamnez\u00ebs, shenjave klinike, gjetjeve n\u00eb autopsi dhe konfirmimit laboratorik t\u00eb pranis\u00eb s\u00eb Lawsonia intracellularis. N\u00eb ekzaminimin post-mortem v\u00ebrehet trashje e murit t\u00eb zorr\u00ebve dhe palosje t\u00eb theksuara t\u00eb mukoz\u00ebs, ve\u00e7an\u00ebrisht n\u00eb ileum dhe n\u00eb kolon, me pamje karakteristike t\u00eb ngjashme me p\u00ebrdredhjet cerebrale. N\u00eb form\u00ebn akute konstatohet prani e hemorragjive dhe koagulumesh gjaku n\u00eb lumenin intestinal, nd\u00ebrsa n\u00eb form\u00ebn kronike evidentohen zona nekrotike dhe depozitime masive n\u00eb mukoz\u00eb q\u00eb reduktojn\u00eb ndjesh\u00ebm lumenin e zorr\u00ebve.\n\nKontrolli i s\u00ebmundjes bazohet n\u00eb dy parime themelore: uljen e ngarkes\u00ebs bakteriale dhe nd\u00ebrprerjen e zinxhirit t\u00eb infeksionit. N\u00eb fazat akute rekomandohet trajtimi me antibiotik\u00eb efektiv\u00eb n\u00ebp\u00ebrmjet ujit t\u00eb pijsh\u00ebm ose ushqimit, duke respektuar koh\u00ebzgjatjen dhe dozimin adekuat. Kafsh\u00ebt me shenja t\u00eb theksuara klinike duhet t\u00eb izolohen dhe, n\u00ebse refuzojn\u00eb ushqimin, t\u00eb trajtohen me injeksione. Duke qen\u00eb se diarreja shkakton humbje t\u00eb konsiderueshme t\u00eb l\u00ebngjeve dhe \u00e7rregullime t\u00eb tretjes, sigurimi i hidratimit adekuat \u00ebsht\u00eb thelb\u00ebsor. Masat e menaxhimit p\u00ebrfshijn\u00eb optimizimin e kushteve mikroklimatike n\u00eb stall\u00eb, mbajtjen e bokseve t\u00eb thata, shmangien e mbipopullimit dhe p\u00ebrzierjes s\u00eb grupeve, zbatimin e sistemit \u201call-in\/all-out\u201d, si dhe pastrimin dhe dezinfektimin rigoroz me produkte efektive.\n\nKujdes i ve\u00e7ant\u00eb duhet treguar gjat\u00eb futjes s\u00eb dosave t\u00eb reja n\u00eb ferma t\u00eb infektuara. Trajtimi i tyre para se t\u00eb ken\u00eb pasur kontakt t\u00eb mjaftuesh\u00ebm me patogjenin mund t\u00eb pengoj\u00eb zhvillimin e imunitetit natyror, duke i l\u00ebn\u00eb ato t\u00eb ndjeshme pas nd\u00ebrprerjes s\u00eb mjekimit dhe duke kontribuar n\u00eb ruajtjen e zinxhirit t\u00eb infeksionit si bart\u00ebse t\u00eb heshtura. Trajtimi duhet t\u00eb planifikohet n\u00eb m\u00ebnyr\u00eb q\u00eb t\u00eb mos pengoj\u00eb krijimin e mbrojtjes imunitare.\n\nN\u00eb aspektin parandalues, aktualisht \u00ebsht\u00eb n\u00eb dispozicion nj\u00eb vaksin\u00eb me virus t\u00eb gjall\u00eb e autorizuar p\u00ebr p\u00ebrdorim te derrat mbi tre jav\u00eb. Koha e vaksinimit \u00ebsht\u00eb faktor kritik dhe duhet t\u00eb planifikohet t\u00eb pakt\u00ebn tre jav\u00eb p\u00ebrpara periudh\u00ebs s\u00eb pritshme t\u00eb infektimit, \u00e7ka mund t\u00eb p\u00ebrcaktohet p\u00ebrmes analizave serologjike t\u00eb tuf\u00ebs. Vaksina administrohet n\u00ebp\u00ebrmjet ujit t\u00eb pijsh\u00ebm ose direkt n\u00eb goj\u00eb. P\u00ebr shkak se b\u00ebhet fjal\u00eb p\u00ebr vaksin\u00eb t\u00eb gjall\u00eb, nuk rekomandohet p\u00ebrdorimi i antibiotik\u00ebve tre dit\u00eb para dhe tre dit\u00eb pas vaksinimit. Gjithashtu, uji i p\u00ebrdorur p\u00ebr vaksinim nuk duhet t\u00eb p\u00ebrmbaj\u00eb dezinfektues apo mbetje kimike q\u00eb mund t\u00eb \u00e7aktivizojn\u00eb vaksin\u00ebn. Para aplikimit t\u00eb vaksin\u00ebs, \u00ebsht\u00eb e domosdoshme nj\u00eb diagnoz\u00eb e plot\u00eb, pasi d\u00ebmtimet intestinale shpesh jan\u00eb rezultat i bashk\u00ebveprimit t\u00eb Lawsonia intracellularis me patogjen\u00eb t\u00eb tjer\u00eb. Vaksina vepron vet\u00ebm kund\u00ebr Lawsonia-s, ndaj kontrolli i plot\u00eb i s\u00ebmundjes k\u00ebrkon nj\u00eb qasje t\u00eb integruar q\u00eb p\u00ebrfshin menaxhim, biosiguri dhe kontroll t\u00eb patogjen\u00ebve t\u00eb tjer\u00eb intestinal\u00eb.\n<\/p>\n<\/div>\n<\/div>\n<\/div>\n\n\n\n<p><\/p>\n","protected":false},"excerpt":{"rendered":"<p>Ileitis, PIA &#8211; Nj\u00eb patogjen i vjet\u00ebr godet p\u00ebrs\u00ebri P\u00ebrpunuar nga Klevis Xhardja Bakteri Lawsonia intracellularis, p\u00ebrgjegj\u00ebs p\u00ebr nj\u00eb s\u00ebr\u00eb s\u00ebmundjesh intestinale te derrat, \u00ebsht\u00eb p\u00ebrshkruar q\u00eb n\u00eb vitin 1931. S\u00ebmundja njihet me em\u00ebrtimet ileitis, enteropati proliferative e derrit (PIA) ose kompleks adenomatoz intestinal. Ileiti i derrit \u00ebsht\u00eb nj\u00eb patologji me p\u00ebrhapje mbar\u00ebbot\u00ebrore dhe incidenca [&hellip;]<\/p>\n","protected":false},"author":2,"featured_media":0,"parent":0,"menu_order":0,"comment_status":"closed","ping_status":"closed","template":"","meta":{"inline_featured_image":false,"footnotes":""},"class_list":["post-9854","page","type-page","status-publish","hentry"],"yoast_head":"<!-- This site is optimized with the Yoast SEO plugin v18.9 - https:\/\/yoast.com\/wordpress\/plugins\/seo\/ -->\n<title>Ileitis, PIA - Nj\u00eb patogjen i vjet\u00ebr godet p\u00ebrs\u00ebri - Austria Praemix<\/title>\n<meta name=\"robots\" content=\"index, follow, max-snippet:-1, max-image-preview:large, max-video-preview:-1\" \/>\n<link rel=\"canonical\" href=\"https:\/\/ap.com.al\/?page_id=9854\" \/>\n<meta property=\"og:locale\" content=\"en_US\" \/>\n<meta property=\"og:type\" content=\"article\" \/>\n<meta property=\"og:title\" content=\"Ileitis, PIA - Nj\u00eb patogjen i vjet\u00ebr godet p\u00ebrs\u00ebri - Austria Praemix\" \/>\n<meta property=\"og:description\" content=\"Ileitis, PIA &#8211; Nj\u00eb patogjen i vjet\u00ebr godet p\u00ebrs\u00ebri P\u00ebrpunuar nga Klevis Xhardja Bakteri Lawsonia intracellularis, p\u00ebrgjegj\u00ebs p\u00ebr nj\u00eb s\u00ebr\u00eb s\u00ebmundjesh intestinale te derrat, \u00ebsht\u00eb p\u00ebrshkruar q\u00eb n\u00eb vitin 1931. S\u00ebmundja njihet me em\u00ebrtimet ileitis, enteropati proliferative e derrit (PIA) ose kompleks adenomatoz intestinal. Ileiti i derrit \u00ebsht\u00eb nj\u00eb patologji me p\u00ebrhapje mbar\u00ebbot\u00ebrore dhe incidenca [&hellip;]\" \/>\n<meta property=\"og:url\" content=\"https:\/\/ap.com.al\/?page_id=9854\" \/>\n<meta property=\"og:site_name\" content=\"Austria Praemix\" \/>\n<meta property=\"article:publisher\" content=\"https:\/\/www.facebook.com\/austriapraemiks\/\" \/>\n<meta property=\"article:modified_time\" content=\"2026-02-24T12:32:56+00:00\" \/>\n<meta property=\"og:image\" content=\"https:\/\/ap.com.al\/wp-content\/uploads\/2022\/03\/Asset-54-1.png\" \/>\n<meta name=\"twitter:card\" content=\"summary_large_image\" \/>\n<meta name=\"twitter:label1\" content=\"Est. reading time\" \/>\n\t<meta name=\"twitter:data1\" content=\"1 minute\" \/>\n<script type=\"application\/ld+json\" class=\"yoast-schema-graph\">{\"@context\":\"https:\/\/schema.org\",\"@graph\":[{\"@type\":\"Organization\",\"@id\":\"https:\/\/ap.com.al\/#organization\",\"name\":\"Austria Preamix\",\"url\":\"https:\/\/ap.com.al\/\",\"sameAs\":[\"https:\/\/www.instagram.com\/austriapraemix\/\",\"https:\/\/www.facebook.com\/austriapraemiks\/\"],\"logo\":{\"@type\":\"ImageObject\",\"inLanguage\":\"en-US\",\"@id\":\"https:\/\/ap.com.al\/#\/schema\/logo\/image\/\",\"url\":\"https:\/\/ap.com.al\/wp-content\/uploads\/2022\/02\/AP-logo.png\",\"contentUrl\":\"https:\/\/ap.com.al\/wp-content\/uploads\/2022\/02\/AP-logo.png\",\"width\":3358,\"height\":1616,\"caption\":\"Austria Preamix\"},\"image\":{\"@id\":\"https:\/\/ap.com.al\/#\/schema\/logo\/image\/\"}},{\"@type\":\"WebSite\",\"@id\":\"https:\/\/ap.com.al\/#website\",\"url\":\"https:\/\/ap.com.al\/\",\"name\":\"Austria Praemix\",\"description\":\"\",\"publisher\":{\"@id\":\"https:\/\/ap.com.al\/#organization\"},\"potentialAction\":[{\"@type\":\"SearchAction\",\"target\":{\"@type\":\"EntryPoint\",\"urlTemplate\":\"https:\/\/ap.com.al\/?s={search_term_string}\"},\"query-input\":\"required name=search_term_string\"}],\"inLanguage\":\"en-US\"},{\"@type\":\"ImageObject\",\"inLanguage\":\"en-US\",\"@id\":\"https:\/\/ap.com.al\/?page_id=9854#primaryimage\",\"url\":\"https:\/\/ap.com.al\/wp-content\/uploads\/2022\/03\/Asset-54-1.png\",\"contentUrl\":\"https:\/\/ap.com.al\/wp-content\/uploads\/2022\/03\/Asset-54-1.png\",\"width\":355,\"height\":354},{\"@type\":\"WebPage\",\"@id\":\"https:\/\/ap.com.al\/?page_id=9854#webpage\",\"url\":\"https:\/\/ap.com.al\/?page_id=9854\",\"name\":\"Ileitis, PIA - Nj\u00eb patogjen i vjet\u00ebr godet p\u00ebrs\u00ebri - Austria Praemix\",\"isPartOf\":{\"@id\":\"https:\/\/ap.com.al\/#website\"},\"primaryImageOfPage\":{\"@id\":\"https:\/\/ap.com.al\/?page_id=9854#primaryimage\"},\"datePublished\":\"2026-02-24T12:32:55+00:00\",\"dateModified\":\"2026-02-24T12:32:56+00:00\",\"breadcrumb\":{\"@id\":\"https:\/\/ap.com.al\/?page_id=9854#breadcrumb\"},\"inLanguage\":\"en-US\",\"potentialAction\":[{\"@type\":\"ReadAction\",\"target\":[\"https:\/\/ap.com.al\/?page_id=9854\"]}]},{\"@type\":\"BreadcrumbList\",\"@id\":\"https:\/\/ap.com.al\/?page_id=9854#breadcrumb\",\"itemListElement\":[{\"@type\":\"ListItem\",\"position\":1,\"name\":\"Home\",\"item\":\"https:\/\/ap.com.al\/\"},{\"@type\":\"ListItem\",\"position\":2,\"name\":\"Ileitis, PIA &#8211; Nj\u00eb patogjen i vjet\u00ebr godet p\u00ebrs\u00ebri\"}]}]}<\/script>\n<!-- \/ Yoast SEO plugin. -->","yoast_head_json":{"title":"Ileitis, PIA - Nj\u00eb patogjen i vjet\u00ebr godet p\u00ebrs\u00ebri - Austria Praemix","robots":{"index":"index","follow":"follow","max-snippet":"max-snippet:-1","max-image-preview":"max-image-preview:large","max-video-preview":"max-video-preview:-1"},"canonical":"https:\/\/ap.com.al\/?page_id=9854","og_locale":"en_US","og_type":"article","og_title":"Ileitis, PIA - Nj\u00eb patogjen i vjet\u00ebr godet p\u00ebrs\u00ebri - Austria Praemix","og_description":"Ileitis, PIA &#8211; Nj\u00eb patogjen i vjet\u00ebr godet p\u00ebrs\u00ebri P\u00ebrpunuar nga Klevis Xhardja Bakteri Lawsonia intracellularis, p\u00ebrgjegj\u00ebs p\u00ebr nj\u00eb s\u00ebr\u00eb s\u00ebmundjesh intestinale te derrat, \u00ebsht\u00eb p\u00ebrshkruar q\u00eb n\u00eb vitin 1931. S\u00ebmundja njihet me em\u00ebrtimet ileitis, enteropati proliferative e derrit (PIA) ose kompleks adenomatoz intestinal. Ileiti i derrit \u00ebsht\u00eb nj\u00eb patologji me p\u00ebrhapje mbar\u00ebbot\u00ebrore dhe incidenca [&hellip;]","og_url":"https:\/\/ap.com.al\/?page_id=9854","og_site_name":"Austria Praemix","article_publisher":"https:\/\/www.facebook.com\/austriapraemiks\/","article_modified_time":"2026-02-24T12:32:56+00:00","og_image":[{"url":"https:\/\/ap.com.al\/wp-content\/uploads\/2022\/03\/Asset-54-1.png"}],"twitter_card":"summary_large_image","twitter_misc":{"Est. reading time":"1 minute"},"schema":{"@context":"https:\/\/schema.org","@graph":[{"@type":"Organization","@id":"https:\/\/ap.com.al\/#organization","name":"Austria Preamix","url":"https:\/\/ap.com.al\/","sameAs":["https:\/\/www.instagram.com\/austriapraemix\/","https:\/\/www.facebook.com\/austriapraemiks\/"],"logo":{"@type":"ImageObject","inLanguage":"en-US","@id":"https:\/\/ap.com.al\/#\/schema\/logo\/image\/","url":"https:\/\/ap.com.al\/wp-content\/uploads\/2022\/02\/AP-logo.png","contentUrl":"https:\/\/ap.com.al\/wp-content\/uploads\/2022\/02\/AP-logo.png","width":3358,"height":1616,"caption":"Austria Preamix"},"image":{"@id":"https:\/\/ap.com.al\/#\/schema\/logo\/image\/"}},{"@type":"WebSite","@id":"https:\/\/ap.com.al\/#website","url":"https:\/\/ap.com.al\/","name":"Austria Praemix","description":"","publisher":{"@id":"https:\/\/ap.com.al\/#organization"},"potentialAction":[{"@type":"SearchAction","target":{"@type":"EntryPoint","urlTemplate":"https:\/\/ap.com.al\/?s={search_term_string}"},"query-input":"required name=search_term_string"}],"inLanguage":"en-US"},{"@type":"ImageObject","inLanguage":"en-US","@id":"https:\/\/ap.com.al\/?page_id=9854#primaryimage","url":"https:\/\/ap.com.al\/wp-content\/uploads\/2022\/03\/Asset-54-1.png","contentUrl":"https:\/\/ap.com.al\/wp-content\/uploads\/2022\/03\/Asset-54-1.png","width":355,"height":354},{"@type":"WebPage","@id":"https:\/\/ap.com.al\/?page_id=9854#webpage","url":"https:\/\/ap.com.al\/?page_id=9854","name":"Ileitis, PIA - Nj\u00eb patogjen i vjet\u00ebr godet p\u00ebrs\u00ebri - Austria Praemix","isPartOf":{"@id":"https:\/\/ap.com.al\/#website"},"primaryImageOfPage":{"@id":"https:\/\/ap.com.al\/?page_id=9854#primaryimage"},"datePublished":"2026-02-24T12:32:55+00:00","dateModified":"2026-02-24T12:32:56+00:00","breadcrumb":{"@id":"https:\/\/ap.com.al\/?page_id=9854#breadcrumb"},"inLanguage":"en-US","potentialAction":[{"@type":"ReadAction","target":["https:\/\/ap.com.al\/?page_id=9854"]}]},{"@type":"BreadcrumbList","@id":"https:\/\/ap.com.al\/?page_id=9854#breadcrumb","itemListElement":[{"@type":"ListItem","position":1,"name":"Home","item":"https:\/\/ap.com.al\/"},{"@type":"ListItem","position":2,"name":"Ileitis, PIA &#8211; Nj\u00eb patogjen i vjet\u00ebr godet p\u00ebrs\u00ebri"}]}]}},"_links":{"self":[{"href":"https:\/\/ap.com.al\/index.php?rest_route=\/wp\/v2\/pages\/9854","targetHints":{"allow":["GET"]}}],"collection":[{"href":"https:\/\/ap.com.al\/index.php?rest_route=\/wp\/v2\/pages"}],"about":[{"href":"https:\/\/ap.com.al\/index.php?rest_route=\/wp\/v2\/types\/page"}],"author":[{"embeddable":true,"href":"https:\/\/ap.com.al\/index.php?rest_route=\/wp\/v2\/users\/2"}],"replies":[{"embeddable":true,"href":"https:\/\/ap.com.al\/index.php?rest_route=%2Fwp%2Fv2%2Fcomments&post=9854"}],"version-history":[{"count":1,"href":"https:\/\/ap.com.al\/index.php?rest_route=\/wp\/v2\/pages\/9854\/revisions"}],"predecessor-version":[{"id":9856,"href":"https:\/\/ap.com.al\/index.php?rest_route=\/wp\/v2\/pages\/9854\/revisions\/9856"}],"wp:attachment":[{"href":"https:\/\/ap.com.al\/index.php?rest_route=%2Fwp%2Fv2%2Fmedia&parent=9854"}],"curies":[{"name":"wp","href":"https:\/\/api.w.org\/{rel}","templated":true}]}}