{"id":9864,"date":"2026-02-25T07:31:48","date_gmt":"2026-02-25T07:31:48","guid":{"rendered":"https:\/\/ap.com.al\/?page_id=9864"},"modified":"2026-02-25T09:31:21","modified_gmt":"2026-02-25T09:31:21","slug":"cirovirusi-te-gicat","status":"publish","type":"page","link":"https:\/\/ap.com.al\/?page_id=9864","title":{"rendered":"Cirovirusi te gicat"},"content":{"rendered":"\n<p><\/p>\n\n\n\n<p><\/p>\n\n\n\n<style>\n  #oniiii{\n    background-image:url(\"https:\/\/ap.com.al\/wp-content\/uploads\/2025\/07\/Artikull-banner-1.png\");\n    padding-bottom: 32%;\n    background-position:center left;\n    background-repeat: no-repeat;\n    background-size:cover;\n  }\n  <\/style>\n  <script src=\"https:\/\/code.jquery.com\/jquery-3.5.0.js\">\n<\/script>\n\n<div id=\"oniiii\"><\/div>\n \n<script>\n$( \"#oniiii\" ).insertBefore( \".container_wrap_first\" );\n<\/script>\n\n\n\n<div class=\"wp-block-columns\" id=\"containerr\">\n<div class=\"wp-block-column\">\n<div class=\"avia_textblock\" itemprop=\"text\"><h4 style=\"color:#005a8c;\n\">Cirovirusi te gicat <\/h4>\n<p align=\"right\">\n   P\u00ebrpunuar nga Klevis Xhardja\n<\/p>\n<\/div>\n<\/div>\n<\/div>\n\n\n\n<div class=\"wp-block-columns\" id=\"containerr\">\n<div class=\"wp-block-column\">\n<div class=\"detail__certificates-item-icon\">\n<img decoding=\"async\" alt=\"SCHAUMALAC M 70 \" src=\"https:\/\/ap.com.al\/wp-content\/uploads\/2022\/03\/Asset-54-1.png\">\n<\/div>\n<\/div>\n<\/div>\n\n\n\n<div class=\"wp-block-columns\" id=\"containerr\">\n<div class=\"wp-block-column\">\n<figure class=\"wp-block-image size-full\"><img loading=\"lazy\" decoding=\"async\" width=\"552\" height=\"324\" src=\"https:\/\/ap.com.al\/wp-content\/uploads\/2026\/02\/image-2.png\" alt=\"\" class=\"wp-image-9865\" srcset=\"https:\/\/ap.com.al\/wp-content\/uploads\/2026\/02\/image-2.png 552w, https:\/\/ap.com.al\/wp-content\/uploads\/2026\/02\/image-2-300x176.png 300w, https:\/\/ap.com.al\/wp-content\/uploads\/2026\/02\/image-2-450x264.png 450w\" sizes=\"auto, (max-width: 552px) 100vw, 552px\" \/><\/figure>\n\n\n\n<div class=\"blue_marker_list\">\n<p align=\"justify\" style=\"margin-bottom: 0;\">N\u00eb vitin 1991 u raportua p\u00ebr her\u00eb t\u00eb par\u00eb nga Kanadaja dhe m\u00eb pas nga vende t\u00eb tjera me num\u00ebr t\u00eb lart\u00eb t\u00eb derrave si SHBA, Franca, Spanja, Danimarka, Irlanda dhe Anglia, p\u00ebr nj\u00eb s\u00ebmundje q\u00eb prekte kryesisht gicat n\u00eb mosh\u00ebn 4 deri 12 jav\u00ebshe. \nSimptomat qart\u00ebsisht t\u00eb dukshme p\u00ebrfshijn\u00eb dob\u00ebsim dhe s\u00ebmundje respiratore, zbehje t\u00eb pashpjegueshme, ndonj\u00ebher\u00eb t\u00eb shoq\u00ebruara me verdh\u00ebz pak a shum\u00eb t\u00eb r\u00ebnd\u00eb, qime t\u00eb ashpra dhe diarre. Termi PMWS (Sindroma e Dob\u00ebsimit Multisistemik Pas Gjirit) u krijua n\u00eb Kanada p\u00ebr k\u00ebt\u00eb s\u00ebmundje, q\u00eb n\u00eb shqip do t\u00eb thot\u00eb p\u00ebraf\u00ebrsisht: \u201cNgecje rritjeje pas shk\u00ebputjes nga n\u00ebna p\u00ebr shkak t\u00eb s\u00ebmundjes s\u00eb disa sistemeve t\u00eb organizmit.\u201d Kjo s\u00ebmundje, e cila shkaktohet nga nj\u00eb virus me nj\u00eb struktur\u00eb acidi nukleik n\u00eb form\u00eb unaze (pra &#8220;cirkovirusi&#8221;), \u00ebsht\u00eb v\u00ebn\u00eb re edhe n\u00eb Gjermani q\u00eb nga viti 1998.\n<\/p>\n<h4 style=\"padding-top: 20px;\">Pamja klinike: \u201cS\u00ebmundja e dob\u00ebsimit te gicat\u201d <\/h4>\n<p align=\"justify\" style=\"margin-bottom: 2;\">N\u00eb rastin e par\u00eb t\u00eb p\u00ebrshkruar n\u00eb Gjermani, problemet lind\u00ebn fillimisht te dosat: lindje t\u00eb zgjatura me gica t\u00eb dob\u00ebt dhe t\u00eb paaft\u00eb p\u00ebr jet\u00eb, zvog\u00eblim i madh\u00ebsis\u00eb s\u00eb pjell\u00ebs, rendiment i dob\u00ebt i qum\u00ebshtit dhe rritje e sekrecioneve nga dosat pas lindjes.\nN\u00eb faz\u00ebn e rritjes s\u00eb gicave u shfaq\u00ebn humbje t\u00eb dukshme, q\u00eb shoq\u00ebroheshin me dhimbje an\u00ebsore t\u00eb barkut, temperatur\u00eb dhe kollitje n\u00eb nj\u00eb pjes\u00eb t\u00eb madhe t\u00eb kafsh\u00ebve. Preken 25% deri 30 % e tyre, fillimisht n\u00eb nj\u00ebsin\u00eb e pas-shk\u00ebputjes dhe m\u00eb von\u00eb edhe n\u00eb faz\u00ebn e par\u00eb t\u00eb majm\u00ebris\u00eb.\nNdonj\u00ebher\u00eb simptomat shfaqen q\u00eb n\u00eb stall\u00ebn e pjelljes: disa gica thith\u00ebs fillojn\u00eb t\u00eb teshtijn\u00eb, t\u00eb fishk\u00ebllojn\u00eb n\u00eb frym\u00ebmarrje ose t\u00eb kolliten me lag\u00ebshti, \u00e7ka n\u00eb disa raste i ngjan nj\u00eb infeksioni t\u00eb hersh\u00ebm me mikoplazma. Kafsh\u00ebt shpesh jan\u00eb t\u00eb zbehta dhe kan\u00eb qime t\u00eb gjata. Disa gica shfaqin rrjedhje ujore nga syt\u00eb, por pa skuqje t\u00eb konjuktiv\u00ebs si\u00e7 ndodh, p\u00ebr shembull, tek infeksioni me PRRS. N\u00eb disa raste syt\u00eb ngjiten plot\u00ebsisht nga rrjedhja.\nNd\u00ebrkoh\u00eb, gicat fillojn\u00eb t\u00eb dallohen duksh\u00ebm nga nj\u00ebri-tjetri: t\u00eb prekurit b\u00ebhen m\u00eb pak aktiv\u00eb, kan\u00eb temperatur\u00eb, ecja b\u00ebhet e paq\u00ebndrueshme, b\u00ebhen duksh\u00ebm m\u00eb t\u00eb ndotur e m\u00eb t\u00eb zbeht\u00eb, dob\u00ebsohen shpejt dhe ngordhin. Kjo dob\u00ebsi e theksuar, q\u00eb nuk ndikohet nga mjekimet, i dha k\u00ebsaj s\u00ebmundjeje t\u00eb re emrin e saj.\nSurprizues \u00ebsht\u00eb fakti q\u00eb edhe brenda t\u00eb nj\u00ebjt\u00ebs stall\u00eb, brenda t\u00eb nj\u00ebjt\u00ebs pjell\u00eb, disa gica mund t\u00eb zhvillohen normalisht. Ata shpesh ndahen dhe bashkohen me disa t\u00eb tjer\u00eb m\u00eb t\u00eb sh\u00ebndetsh\u00ebm, duke formuar pjella t\u00eb sh\u00ebndetshme.\nGicat e s\u00ebmur\u00eb q\u00eb arrijn\u00eb t\u00eb kalojn\u00eb n\u00eb nj\u00ebsin\u00eb e pas-shk\u00ebputjes, mbeten aty \u201ct\u00eb bllokuar\u201d: rritja e tyre ndalon p\u00ebrfundimisht. Aty shihen gicat e njohur edhe nga infeksioni PRRS \u2013 me trup t\u00eb ashp\u00ebr, kok\u00eb t\u00eb zgjatur si e nj\u00eb derri m\u00eb t\u00eb madh, nd\u00ebrsa trupi prapa mbetet si i nj\u00eb gici t\u00eb vog\u00ebl. Shpejt p\u00ebrhapet lajmi tek mbar\u00ebshtuesit se k\u00ebto kafsh\u00eb nuk rriten m\u00eb, dhe prodhuesi mbetet me gicat e tij pa i shitur.\nSi pasoj\u00eb, nj\u00ebsia e pas-shk\u00ebputjes b\u00ebhet gjithnj\u00eb e m\u00eb i mbipopulluar, \u00e7ka e nxit m\u00eb shum\u00eb infeksionin p\u00ebr shkak t\u00eb presionit n\u00eb rritje. K\u00ebshtu, ecuria e s\u00ebmundjes p\u00ebrkeq\u00ebsohet edhe m\u00eb tej.\n<\/p>\n<\/div>\n\n\n\n<figure class=\"wp-block-image size-full\"><img loading=\"lazy\" decoding=\"async\" width=\"549\" height=\"336\" src=\"https:\/\/ap.com.al\/wp-content\/uploads\/2026\/02\/image-3.png\" alt=\"\" class=\"wp-image-9866\" srcset=\"https:\/\/ap.com.al\/wp-content\/uploads\/2026\/02\/image-3.png 549w, https:\/\/ap.com.al\/wp-content\/uploads\/2026\/02\/image-3-300x184.png 300w, https:\/\/ap.com.al\/wp-content\/uploads\/2026\/02\/image-3-450x275.png 450w\" sizes=\"auto, (max-width: 549px) 100vw, 549px\" \/><\/figure>\n\n\n\n<div class=\"blue_marker_list\">\n<h4 style=\"padding-top: 20px;\">Shkaktari: Circovirusi porcin (PCV) <\/h4>\n<p align=\"justify\" style=\"margin-bottom: 0;\">Shkaktari i dyshuar i k\u00ebsaj s\u00ebmundjeje \u2013 Circovirusi \u2013 gjendet te derrat n\u00eb dy tipe: Circovirusi porcin i tipit 1 dhe Circovirusi porcin i tipit 2, me t\u00eb cilin p\u00ebr her\u00eb t\u00eb par\u00eb u arrit t\u00eb shkaktohej PMWS tek gicat e porsalindur.\nN\u00eb k\u00ebto eksperimente, d\u00ebmtimet karakteristike p\u00ebr PMWS shfaqeshin ose pas dozave shum\u00eb t\u00eb larta infektuese, ose kur infeksioni ndodhte nj\u00ebkoh\u00ebsisht me virusin e parvovirusit t\u00eb derrave. Efekt t\u00eb ngjash\u00ebm p\u00ebrforcues mund t\u00eb ken\u00eb edhe viruset PRRS dhe nj\u00eb num\u00ebr i madh bakteresh, p.sh. streptokok\u00ebt.\nT\u00eb dy llojet e circovirusit duket se shumohen n\u00eb nj\u00eb gam\u00eb t\u00eb gjer\u00eb qelizash (qeliza t\u00eb imunitetit, qeliza muskulore etj.); p\u00ebr dallim nga tipi 1, tipi 2 ka aft\u00ebsi t\u00eb shumohen posa\u00e7\u00ebrisht edhe n\u00eb limfocite. Si pasoj\u00eb, sistemi imunitar dob\u00ebsohet, gj\u00eb q\u00eb i hap rrug\u00eb shfryt\u00ebzimit nga mikrobe t\u00eb tjera patogjene.\n<\/p>\n<h4 style=\"padding-top: 20px;\">Shum\u00eb rrug\u00eb transmetimi jan\u00eb t\u00eb mundshme<\/h4>\n<p align=\"justify\" style=\"margin-bottom: 0;\">Transmetimi vertikal, pra infektimi i gicave ende t\u00eb palindur n\u00eb mit\u00ebr, nuk mund t\u00eb p\u00ebrjashtohet. Nj\u00eb infektim i gicave pas lindjes, ku dosa ose dosa e re sh\u00ebrben si rezervuar i virusit, konsiderohet i sigurt. P\u00ebrve\u00e7 k\u00ebsaj, infeksioni mund t\u00eb p\u00ebrhapet horizontalisht, dometh\u00ebn\u00eb p\u00ebrmes kontaktit direkt nga kafsha n\u00eb kafsh\u00eb, ose indirekt p\u00ebrmes ajrit, si dhe p\u00ebrmes vektor\u00ebve t\u00eb gjall\u00eb ose t\u00eb pajet\u00eb. Gjithashtu nuk p\u00ebrjashtohet mund\u00ebsia q\u00eb disa kafsh\u00eb ta mbajn\u00eb virusin pa treguar simptoma.\nP\u00ebrve\u00e7 virusit, gicat marrin nga dosa antitrupa maternal\u00eb p\u00ebrmes kolostrumit, koh\u00ebzgjatja dhe niveli mbrojt\u00ebs i t\u00eb cil\u00ebve varet nga p\u00ebrqendrimi. N\u00eb var\u00ebsi t\u00eb k\u00ebsaj, shenjat klinike te gicat shfaqen m\u00eb her\u00ebt ose m\u00eb von\u00eb.\n<\/p>\n<h4 style=\"padding-top: 20px;\">Zbulimi i virusit m\u00eb i sigurt se sa zbulimi i antitrupave<\/h4>\n<p align=\"justify\" style=\"margin-bottom: 0;\">P\u00ebr shkak se simptomat klinike jan\u00eb t\u00eb ndryshueshme, s\u00ebmundja \u00ebsht\u00eb mjaft e v\u00ebshtir\u00eb p\u00ebr t\u2019u diagnostikuar klinikisht. Ajo mund t\u00eb ngat\u00ebrrohet leht\u00eb, p.sh. me PRRS. N\u00ebse diagnoza b\u00ebhet p\u00ebrmes gjakut me imunofluoreshenc\u00eb indirekte ose ELISA, k\u00ebrkohet nj\u00eb num\u00ebr i mjaftuesh\u00ebm mostrash gjaku p\u00ebr t\u00eb marr\u00eb nj\u00eb diagnoz\u00eb t\u00eb sigurt p\u00ebr tuf\u00ebn. M\u00eb i sigurt \u00ebsht\u00eb zbulimi i vet\u00eb virusit, q\u00eb aktualisht kryhet vet\u00ebm n\u00eb disa laborator\u00eb t\u00eb ve\u00e7ant\u00eb. P\u00ebr k\u00ebt\u00eb d\u00ebrgohen m\u00eb s\u00eb miri nyjet limfatike t\u00eb ndryshuara (dy cop\u00eb), shpretka, mushk\u00ebri, veshka t\u00eb d\u00ebmtuara dhe m\u00ebl\u00e7ia.\n<\/p>\n<h4 style=\"padding-top: 20px;\">Pothuajse t\u00eb gjitha organet preken<\/h4>\n<p align=\"justify\" style=\"margin-bottom: 0;\">N\u00eb autopsin\u00eb e kafsh\u00ebve t\u00eb ngordhura, shihen ndryshime n\u00eb shum\u00eb organe, p\u00ebrve\u00e7 sistemit nervor qendror. Gjetja m\u00eb e zakonshme \u00ebsht\u00eb atrofia muskulore dhe dob\u00ebsimi i duksh\u00ebm i kafsh\u00ebve. Nyjet limfatike shpesh jan\u00eb shum\u00eb t\u00eb zmadhuara, sidomos ato t\u00eb zorr\u00ebve dhe nyjet limfatike inguinale sip\u00ebrfaq\u00ebsore.\nEdhe mushk\u00ebrit\u00eb bien n\u00eb sy: ato shpesh nuk jan\u00eb t\u00eb kolapsuara, duken t\u00eb r\u00ebnda p\u00ebr shkak t\u00eb p\u00ebrmbajtjes s\u00eb gjakut dhe kur preken japin p\u00ebrshtypjen e gom\u00ebs. N\u00eb disa raste v\u00ebrehet verdh\u00ebz (n\u00eb SHBA deri n\u00eb 20 % t\u00eb rasteve), ndonj\u00ebher\u00eb e shoq\u00ebruar me m\u00ebl\u00e7i t\u00eb ndryshuar nga inflamacioni. Nga Franca raportohen deri n\u00eb 30 % t\u00eb rasteve me ul\u00e7era gastrike, si dhe rreth 20 % t\u00eb rasteve me ndryshime t\u00eb dukshme n\u00eb veshka (t\u00eb zbehta dhe t\u00eb zmadhuara).\n<\/p>\n<h4 style=\"padding-top: 20px;\">Nd\u00ebrprerja e zinxhirit t\u00eb infeksionit<\/h4>\n<p align=\"justify\" style=\"margin-bottom: 0;\">Aktualisht nuk ka ende vaksin\u00eb kund\u00ebr k\u00ebsaj s\u00ebmundjeje virale, duhet t\u00eb merret \u00e7do mas\u00eb e mundshme p\u00ebr t\u00eb thyer zinxhirin e infeksionit dhe k\u00ebshtu p\u00ebr t\u00eb zvog\u00ebluar presionin e infeksionit.\nKy infeksion i re tregon nj\u00eb tendenc\u00eb t\u00eb qart\u00eb p\u00ebr t\u2019u p\u00ebrhapur dhe duket t\u00eb jet\u00eb nj\u00eb problem serioz p\u00ebr prodhimin e derrave. Shpesh, s\u00ebmundja komplikohen nga superinfeksione me viruse ose baktere t\u00eb tjera. N\u00eb disa ferma raportohet shkall\u00eb s\u00ebmundshm\u00ebrie deri n\u00eb 60 %, me vdekshm\u00ebri deri n\u00eb 20 %.\nSipas njohurive t\u00eb deritanishme, disa kompani farmaceutike po punojn\u00eb intensivisht p\u00ebr zhvillimin e nj\u00eb vaksine kund\u00ebr Circovirusit porcin t\u00eb tipit 2.\n<\/p>\n<h4 style=\"padding-top: 20px;\">Masat kund\u00ebr PMWS: <\/h4>\n<ul style=\"list-style-type: square; padding-left: 1em; margin-bottom: 0;\">\n<li>Pjellje strikte me grupe t\u00eb ve\u00e7uara.<\/li>\n<li>Sistemi \u201chyn-dhe-del\u201d i rrept\u00eb p\u00ebr \u00e7do repart t\u00eb stall\u00ebs.<\/li>\n<li>Pastrim dhe dezinfektim paraprak, p\u00ebrfshir\u00eb dushet e dosave: edhe pse shkaktari nuk eliminohet plot\u00ebsisht, mund t\u00eb parandalohet bashk\u00eb-infektimi me viruse e baktere t\u00eb tjera.<\/li>\n<li>Zbatimi m\u00eb i sakt\u00eb i programeve rutin\u00eb t\u00eb vaksinimit, sidomos p\u00ebr tuf\u00ebn e dosave. N\u00ebse diagnostikat tregojn\u00eb nevoj\u00eb p\u00ebr vaksinime shtes\u00eb, ato duhet t\u00eb kryhen po aq rrept\u00ebsisht. Suksesi varet nga rregullsia dhe q\u00ebndrueshm\u00ebria.<\/li>\n<li>Kontroll i rrept\u00eb i ektoparazit\u00ebve dhe endoparazit\u00ebve: ato e d\u00ebmtojn\u00eb kafsh\u00ebn, jan\u00eb n\u00eb kuptimin e plot\u00eb t\u00eb fjal\u00ebs \u201cbashk\u00eb-ngr\u00ebn\u00ebs\u201d.<\/li>\n<li>Siguroni ushqim me cil\u00ebsi t\u00eb lart\u00eb (mos kurseni n\u00eb ushqim!).<\/li>\n<li>Eliminimi i gicave t\u00eb dob\u00ebt n\u00eb nj\u00ebsin\u00eb e pas-shk\u00ebputjes.<\/li>\n<li>P\u00ebrdorimi i antibiotik\u00ebve kund\u00ebr infeksioneve bakteriale sekondare.<\/li>\n<\/ul>\n<\/div>\n<\/div>\n<\/div>\n\n\n\n<p><\/p>\n","protected":false},"excerpt":{"rendered":"<p>Cirovirusi te gicat P\u00ebrpunuar nga Klevis Xhardja N\u00eb vitin 1991 u raportua p\u00ebr her\u00eb t\u00eb par\u00eb nga Kanadaja dhe m\u00eb pas nga vende t\u00eb tjera me num\u00ebr t\u00eb lart\u00eb t\u00eb derrave si SHBA, Franca, Spanja, Danimarka, Irlanda dhe Anglia, p\u00ebr nj\u00eb s\u00ebmundje q\u00eb prekte kryesisht gicat n\u00eb mosh\u00ebn 4 deri 12 jav\u00ebshe. Simptomat qart\u00ebsisht t\u00eb [&hellip;]<\/p>\n","protected":false},"author":2,"featured_media":0,"parent":0,"menu_order":0,"comment_status":"closed","ping_status":"closed","template":"","meta":{"inline_featured_image":false,"footnotes":""},"class_list":["post-9864","page","type-page","status-publish","hentry"],"yoast_head":"<!-- This site is optimized with the Yoast SEO plugin v18.9 - https:\/\/yoast.com\/wordpress\/plugins\/seo\/ -->\n<title>Cirovirusi te gicat - Austria Praemix<\/title>\n<meta name=\"robots\" content=\"index, follow, max-snippet:-1, max-image-preview:large, max-video-preview:-1\" \/>\n<link rel=\"canonical\" href=\"https:\/\/ap.com.al\/?page_id=9864\" \/>\n<meta property=\"og:locale\" content=\"en_US\" \/>\n<meta property=\"og:type\" content=\"article\" \/>\n<meta property=\"og:title\" content=\"Cirovirusi te gicat - Austria Praemix\" \/>\n<meta property=\"og:description\" content=\"Cirovirusi te gicat P\u00ebrpunuar nga Klevis Xhardja N\u00eb vitin 1991 u raportua p\u00ebr her\u00eb t\u00eb par\u00eb nga Kanadaja dhe m\u00eb pas nga vende t\u00eb tjera me num\u00ebr t\u00eb lart\u00eb t\u00eb derrave si SHBA, Franca, Spanja, Danimarka, Irlanda dhe Anglia, p\u00ebr nj\u00eb s\u00ebmundje q\u00eb prekte kryesisht gicat n\u00eb mosh\u00ebn 4 deri 12 jav\u00ebshe. Simptomat qart\u00ebsisht t\u00eb [&hellip;]\" \/>\n<meta property=\"og:url\" content=\"https:\/\/ap.com.al\/?page_id=9864\" \/>\n<meta property=\"og:site_name\" content=\"Austria Praemix\" \/>\n<meta property=\"article:publisher\" content=\"https:\/\/www.facebook.com\/austriapraemiks\/\" \/>\n<meta property=\"article:modified_time\" content=\"2026-02-25T09:31:21+00:00\" \/>\n<meta property=\"og:image\" content=\"https:\/\/ap.com.al\/wp-content\/uploads\/2022\/03\/Asset-54-1.png\" \/>\n<meta name=\"twitter:card\" content=\"summary_large_image\" \/>\n<meta name=\"twitter:label1\" content=\"Est. reading time\" \/>\n\t<meta name=\"twitter:data1\" content=\"1 minute\" \/>\n<script type=\"application\/ld+json\" class=\"yoast-schema-graph\">{\"@context\":\"https:\/\/schema.org\",\"@graph\":[{\"@type\":\"Organization\",\"@id\":\"https:\/\/ap.com.al\/#organization\",\"name\":\"Austria Preamix\",\"url\":\"https:\/\/ap.com.al\/\",\"sameAs\":[\"https:\/\/www.instagram.com\/austriapraemix\/\",\"https:\/\/www.facebook.com\/austriapraemiks\/\"],\"logo\":{\"@type\":\"ImageObject\",\"inLanguage\":\"en-US\",\"@id\":\"https:\/\/ap.com.al\/#\/schema\/logo\/image\/\",\"url\":\"https:\/\/ap.com.al\/wp-content\/uploads\/2022\/02\/AP-logo.png\",\"contentUrl\":\"https:\/\/ap.com.al\/wp-content\/uploads\/2022\/02\/AP-logo.png\",\"width\":3358,\"height\":1616,\"caption\":\"Austria Preamix\"},\"image\":{\"@id\":\"https:\/\/ap.com.al\/#\/schema\/logo\/image\/\"}},{\"@type\":\"WebSite\",\"@id\":\"https:\/\/ap.com.al\/#website\",\"url\":\"https:\/\/ap.com.al\/\",\"name\":\"Austria Praemix\",\"description\":\"\",\"publisher\":{\"@id\":\"https:\/\/ap.com.al\/#organization\"},\"potentialAction\":[{\"@type\":\"SearchAction\",\"target\":{\"@type\":\"EntryPoint\",\"urlTemplate\":\"https:\/\/ap.com.al\/?s={search_term_string}\"},\"query-input\":\"required name=search_term_string\"}],\"inLanguage\":\"en-US\"},{\"@type\":\"ImageObject\",\"inLanguage\":\"en-US\",\"@id\":\"https:\/\/ap.com.al\/?page_id=9864#primaryimage\",\"url\":\"https:\/\/ap.com.al\/wp-content\/uploads\/2022\/03\/Asset-54-1.png\",\"contentUrl\":\"https:\/\/ap.com.al\/wp-content\/uploads\/2022\/03\/Asset-54-1.png\",\"width\":355,\"height\":354},{\"@type\":\"WebPage\",\"@id\":\"https:\/\/ap.com.al\/?page_id=9864#webpage\",\"url\":\"https:\/\/ap.com.al\/?page_id=9864\",\"name\":\"Cirovirusi te gicat - Austria Praemix\",\"isPartOf\":{\"@id\":\"https:\/\/ap.com.al\/#website\"},\"primaryImageOfPage\":{\"@id\":\"https:\/\/ap.com.al\/?page_id=9864#primaryimage\"},\"datePublished\":\"2026-02-25T07:31:48+00:00\",\"dateModified\":\"2026-02-25T09:31:21+00:00\",\"breadcrumb\":{\"@id\":\"https:\/\/ap.com.al\/?page_id=9864#breadcrumb\"},\"inLanguage\":\"en-US\",\"potentialAction\":[{\"@type\":\"ReadAction\",\"target\":[\"https:\/\/ap.com.al\/?page_id=9864\"]}]},{\"@type\":\"BreadcrumbList\",\"@id\":\"https:\/\/ap.com.al\/?page_id=9864#breadcrumb\",\"itemListElement\":[{\"@type\":\"ListItem\",\"position\":1,\"name\":\"Home\",\"item\":\"https:\/\/ap.com.al\/\"},{\"@type\":\"ListItem\",\"position\":2,\"name\":\"Cirovirusi te gicat\"}]}]}<\/script>\n<!-- \/ Yoast SEO plugin. -->","yoast_head_json":{"title":"Cirovirusi te gicat - Austria Praemix","robots":{"index":"index","follow":"follow","max-snippet":"max-snippet:-1","max-image-preview":"max-image-preview:large","max-video-preview":"max-video-preview:-1"},"canonical":"https:\/\/ap.com.al\/?page_id=9864","og_locale":"en_US","og_type":"article","og_title":"Cirovirusi te gicat - Austria Praemix","og_description":"Cirovirusi te gicat P\u00ebrpunuar nga Klevis Xhardja N\u00eb vitin 1991 u raportua p\u00ebr her\u00eb t\u00eb par\u00eb nga Kanadaja dhe m\u00eb pas nga vende t\u00eb tjera me num\u00ebr t\u00eb lart\u00eb t\u00eb derrave si SHBA, Franca, Spanja, Danimarka, Irlanda dhe Anglia, p\u00ebr nj\u00eb s\u00ebmundje q\u00eb prekte kryesisht gicat n\u00eb mosh\u00ebn 4 deri 12 jav\u00ebshe. Simptomat qart\u00ebsisht t\u00eb [&hellip;]","og_url":"https:\/\/ap.com.al\/?page_id=9864","og_site_name":"Austria Praemix","article_publisher":"https:\/\/www.facebook.com\/austriapraemiks\/","article_modified_time":"2026-02-25T09:31:21+00:00","og_image":[{"url":"https:\/\/ap.com.al\/wp-content\/uploads\/2022\/03\/Asset-54-1.png"}],"twitter_card":"summary_large_image","twitter_misc":{"Est. reading time":"1 minute"},"schema":{"@context":"https:\/\/schema.org","@graph":[{"@type":"Organization","@id":"https:\/\/ap.com.al\/#organization","name":"Austria Preamix","url":"https:\/\/ap.com.al\/","sameAs":["https:\/\/www.instagram.com\/austriapraemix\/","https:\/\/www.facebook.com\/austriapraemiks\/"],"logo":{"@type":"ImageObject","inLanguage":"en-US","@id":"https:\/\/ap.com.al\/#\/schema\/logo\/image\/","url":"https:\/\/ap.com.al\/wp-content\/uploads\/2022\/02\/AP-logo.png","contentUrl":"https:\/\/ap.com.al\/wp-content\/uploads\/2022\/02\/AP-logo.png","width":3358,"height":1616,"caption":"Austria Preamix"},"image":{"@id":"https:\/\/ap.com.al\/#\/schema\/logo\/image\/"}},{"@type":"WebSite","@id":"https:\/\/ap.com.al\/#website","url":"https:\/\/ap.com.al\/","name":"Austria Praemix","description":"","publisher":{"@id":"https:\/\/ap.com.al\/#organization"},"potentialAction":[{"@type":"SearchAction","target":{"@type":"EntryPoint","urlTemplate":"https:\/\/ap.com.al\/?s={search_term_string}"},"query-input":"required name=search_term_string"}],"inLanguage":"en-US"},{"@type":"ImageObject","inLanguage":"en-US","@id":"https:\/\/ap.com.al\/?page_id=9864#primaryimage","url":"https:\/\/ap.com.al\/wp-content\/uploads\/2022\/03\/Asset-54-1.png","contentUrl":"https:\/\/ap.com.al\/wp-content\/uploads\/2022\/03\/Asset-54-1.png","width":355,"height":354},{"@type":"WebPage","@id":"https:\/\/ap.com.al\/?page_id=9864#webpage","url":"https:\/\/ap.com.al\/?page_id=9864","name":"Cirovirusi te gicat - Austria Praemix","isPartOf":{"@id":"https:\/\/ap.com.al\/#website"},"primaryImageOfPage":{"@id":"https:\/\/ap.com.al\/?page_id=9864#primaryimage"},"datePublished":"2026-02-25T07:31:48+00:00","dateModified":"2026-02-25T09:31:21+00:00","breadcrumb":{"@id":"https:\/\/ap.com.al\/?page_id=9864#breadcrumb"},"inLanguage":"en-US","potentialAction":[{"@type":"ReadAction","target":["https:\/\/ap.com.al\/?page_id=9864"]}]},{"@type":"BreadcrumbList","@id":"https:\/\/ap.com.al\/?page_id=9864#breadcrumb","itemListElement":[{"@type":"ListItem","position":1,"name":"Home","item":"https:\/\/ap.com.al\/"},{"@type":"ListItem","position":2,"name":"Cirovirusi te gicat"}]}]}},"_links":{"self":[{"href":"https:\/\/ap.com.al\/index.php?rest_route=\/wp\/v2\/pages\/9864","targetHints":{"allow":["GET"]}}],"collection":[{"href":"https:\/\/ap.com.al\/index.php?rest_route=\/wp\/v2\/pages"}],"about":[{"href":"https:\/\/ap.com.al\/index.php?rest_route=\/wp\/v2\/types\/page"}],"author":[{"embeddable":true,"href":"https:\/\/ap.com.al\/index.php?rest_route=\/wp\/v2\/users\/2"}],"replies":[{"embeddable":true,"href":"https:\/\/ap.com.al\/index.php?rest_route=%2Fwp%2Fv2%2Fcomments&post=9864"}],"version-history":[{"count":3,"href":"https:\/\/ap.com.al\/index.php?rest_route=\/wp\/v2\/pages\/9864\/revisions"}],"predecessor-version":[{"id":9869,"href":"https:\/\/ap.com.al\/index.php?rest_route=\/wp\/v2\/pages\/9864\/revisions\/9869"}],"wp:attachment":[{"href":"https:\/\/ap.com.al\/index.php?rest_route=%2Fwp%2Fv2%2Fmedia&parent=9864"}],"curies":[{"name":"wp","href":"https:\/\/api.w.org\/{rel}","templated":true}]}}