{"id":9882,"date":"2026-03-06T12:00:59","date_gmt":"2026-03-06T12:00:59","guid":{"rendered":"https:\/\/ap.com.al\/?page_id=9882"},"modified":"2026-03-06T12:04:28","modified_gmt":"2026-03-06T12:04:28","slug":"diarreja-te-vicat-parandalimi-eshte-me-i-mire-se-kurimi","status":"publish","type":"page","link":"https:\/\/ap.com.al\/?page_id=9882","title":{"rendered":"DIARREJA TE VI\u00c7AT: PARANDALIMI \u00cbSHT\u00cb M\u00cb I MIR\u00cb SE KURIMI"},"content":{"rendered":"\n<style>\n  #oniiii{\n    background-image:url(\"https:\/\/ap.com.al\/wp-content\/uploads\/2026\/03\/Artikull-banner-2.png\");\n    padding-bottom: 32%;\n    background-position:center center;\n    background-repeat: no-repeat;\n    background-size:cover;\n  }\n  <\/style>\n  <script src=\"https:\/\/code.jquery.com\/jquery-3.5.0.js\">\n<\/script>\n\n<div id=\"oniiii\"><\/div>\n \n<script>\n$( \"#oniiii\" ).insertBefore( \".container_wrap_first\" );\n<\/script>\n\n\n\n<div class=\"wp-block-columns\" id=\"containerr\">\n<div class=\"wp-block-column\">\n<div class=\"avia_textblock\" itemprop=\"text\"><h4 style=\"color:#005a8c;\n\">DIARREJA TE VI\u00c7AT: PARANDALIMI \u00cbSHT\u00cb M\u00cb I MIR\u00cb SE KURIMI<\/h4>\n<p align=\"right\">\n   P\u00ebrpunuar nga Klevis Xhardja\n<\/p>\n<\/div>\n<\/div>\n<\/div>\n\n\n\n<div class=\"wp-block-columns\" id=\"containerr\">\n<div class=\"wp-block-column\">\n<div class=\"detail__certificates-item-icon\">\n<img decoding=\"async\" alt=\"Icon RINDAMAST UNI\" src=\"https:\/\/ap.com.al\/wp-content\/uploads\/2022\/03\/Asset-51-1.png\">\n<\/div>\n<\/div>\n<\/div>\n\n\n\n<div class=\"wp-block-columns\" id=\"containerr\">\n<div class=\"wp-block-column\">\n<figure class=\"wp-block-image size-full\"><img loading=\"lazy\" decoding=\"async\" width=\"558\" height=\"420\" src=\"https:\/\/ap.com.al\/wp-content\/uploads\/2026\/03\/image.png\" alt=\"\" class=\"wp-image-9883\" srcset=\"https:\/\/ap.com.al\/wp-content\/uploads\/2026\/03\/image.png 558w, https:\/\/ap.com.al\/wp-content\/uploads\/2026\/03\/image-300x226.png 300w, https:\/\/ap.com.al\/wp-content\/uploads\/2026\/03\/image-450x339.png 450w\" sizes=\"auto, (max-width: 558px) 100vw, 558px\" \/><\/figure>\n\n\n\n<div class=\"blue_marker_list\">\n<p align=\"justify\">Diarreja \u00ebsht\u00eb nj\u00eb nga problemet m\u00eb t\u00eb zakonshme tek vi\u00e7at gjat\u00eb jav\u00ebve t\u00eb para t\u00eb jet\u00ebs. Sipas studimeve nd\u00ebrkomb\u00ebtare, 50 % e vi\u00e7ave q\u00eb ngordhin para nd\u00ebrprerjes s\u00eb ushqyerjes me gji jan\u00eb pasoj\u00eb e diarres\u00eb.\n<\/p>\n<p align=\"justify\">Humbjet ekonomike, koha shtes\u00eb e kaluar duke u kujdesur p\u00ebr vi\u00e7at dhe tendosja emocionale p\u00ebr fermer\u00ebt jan\u00eb t\u00eb m\u00ebdha. P\u00ebrve\u00e7 k\u00ebsaj, vi\u00e7at q\u00eb shfaqin diarre mund t\u00eb p\u00ebrb\u00ebjn\u00eb nj\u00eb problem serioz p\u00ebr mir\u00ebqenien e kafsh\u00ebve. Duke filluar nga &#8220;thjesht&#8221; rritja e reduktuar n\u00eb pesh\u00eb \u00e7do dit\u00eb, deri te humbja e pesh\u00ebs dhe madje edhe ngordhja, ferma p\u00ebson d\u00ebme t\u00eb konsiderueshme ekonomike.\n<\/p>\n<p align=\"justify\">Diarreja e vi\u00e7ave nuk \u00ebsht\u00eb s\u00ebmundje m\u00eb vete, por nj\u00eb simptom\u00eb q\u00eb mund t\u00eb shkaktohet nga nj\u00eb gam\u00eb e gjer\u00eb faktor\u00ebsh. Shkaqet shpesh jan\u00eb t\u00eb shum\u00ebfishta dhe p\u00ebrfshijn\u00eb faktor\u00eb infektiv\u00eb (baktere, viruse, parazit\u00eb) dhe jo-infektiv\u00eb (p.sh., gabime n\u00eb ushqyerje), t\u00eb cil\u00ebt shpesh veprojn\u00eb s\u00eb bashku. Masa m\u00eb e r\u00ebnd\u00ebsishme parandaluese kund\u00ebr diarres\u00eb fillon q\u00eb me kujdesin p\u00ebr lop\u00ebn gjat\u00eb periudh\u00ebs s\u00eb tharjes. Nj\u00eb lop\u00eb e sh\u00ebndetshme, e ushqyer n\u00eb m\u00ebnyr\u00eb optimale me l\u00ebnd\u00eb ushqyese dhe element\u00eb gjurm\u00eb, jo e mbi-kondicionuar, p\u00ebrmbush parakushtet p\u00ebr nj\u00eb lindje normale dhe prodhimin e kolostrumit cil\u00ebsor, i cili \u00ebsht\u00eb jetik p\u00ebr imunitetin dhe zhvillimin e mir\u00ebfillt\u00eb t\u00eb vi\u00e7it.\n<\/p>\n<p align=\"justify\">Vi\u00e7i duhet t\u00eb lind\u00eb n\u00eb nj\u00eb mjedis t\u00eb past\u00ebr. Kjo do t\u00eb thot\u00eb q\u00eb dhoma e pjelljes duhet t\u00eb jet\u00eb e sapo shtruar dhe patur kujdes p\u00ebr t\u00eb shmangur r\u00ebnien e vi\u00e7it n\u00eb kanalin e plehut organik. Pika tjet\u00ebr thelb\u00ebsore lidhet me sigurimin e kolostrumit t\u00eb mjaftuesh\u00ebm dhe cil\u00ebsor (af\u00ebrsisht 2 deri n\u00eb 4 litra) sa m\u00eb shpejt pas lindjes. Nj\u00eb boks p\u00ebr vi\u00e7at, i pastruar plot\u00ebsisht dhe idealisht i dezinfektuar, duhet t\u00eb jet\u00eb gati p\u00ebr vi\u00e7in e porsalindur. \u00c7do vi\u00e7 duhet t\u00eb ket\u00eb kov\u00ebn e tij t\u00eb ujit, e cila pastrohet rregullisht pas \u00e7do ushqyerjeje.\n<\/p>\n<p align=\"justify\">Shfaqja e diarres\u00eb mund t\u00eb kaloj\u00eb n\u00eb disa faza, me koh\u00ebzgjatje q\u00eb ndryshon sipas shkaktar\u00ebve. Ajo shpesh fillon me jasht\u00ebqitje m\u00eb t\u00eb buta, q\u00eb me kalimin e koh\u00ebs b\u00ebhen m\u00eb t\u00eb l\u00ebngshme, deri n\u00eb diarre t\u00eb ujshme, ndonj\u00ebher\u00eb edhe me gjak. Infeksionet nga rotavirusi dhe\/ose koronavirusi kan\u00eb shpesh nj\u00eb ecuri akute, duke \u00e7uar n\u00eb p\u00ebrkeq\u00ebsim t\u00eb gjendjes s\u00eb vi\u00e7it brenda disa or\u00ebsh. Prandaj \u00ebsht\u00eb thelb\u00ebsore q\u00eb fermeri t\u00eb njoh\u00eb shenjat e hershme (jasht\u00ebqitje t\u00eb buta ose ujore) dhe t\u00eb nis\u00eb menj\u00ebher\u00eb masat (p.sh., ofrimin e l\u00ebngjeve shtes\u00eb, njoftimin e veterinerit).\n<\/p>\n<p align=\"justify\">Rotaviruset dhe koronaviruset shpesh krijojn\u00eb terren t\u00eb favorsh\u00ebm p\u00ebr infeksione dyt\u00ebsore nga baktere dhe parazit\u00eb, ve\u00e7an\u00ebrisht kriptosporidiet. Patogjen\u00ebt shkaktojn\u00eb inflamacion dhe d\u00ebmtim t\u00eb mukoz\u00ebs s\u00eb zorr\u00ebve, duke penguar thithjen e ujit, elektroliteve dhe l\u00ebnd\u00ebve ushqyese. Bakteret q\u00eb prodhojn\u00eb toksina mund t\u00eb dep\u00ebrtojn\u00eb n\u00eb gjak, duke shkaktuar septicemi. Humbja e l\u00ebngjeve dhe elektroliteve nga jasht\u00ebqitjet, e kombinuar me marrjen e pamjaftueshme t\u00eb tyre, \u00e7on n\u00eb dehidratim t\u00eb r\u00ebnd\u00eb.\n<\/p>\n<p align=\"justify\">Problemi m\u00eb k\u00ebrc\u00ebnues nuk \u00ebsht\u00eb vet\u00ebm inflamacioni lokal i zorr\u00ebve, por pasojat e humbjes s\u00eb l\u00ebngjeve: trashje e gjakut, qarkullim i d\u00ebmtuar, ngarkes\u00eb shtes\u00eb mbi zemr\u00ebn, munges\u00eb oksigjeni n\u00eb inde dhe grumbullim i acidit laktik (acidoz\u00eb metabolike). Trupi p\u00ebrpiqet t\u00eb kompensoj\u00eb duke rritur frym\u00ebmarrjen, e cila shpesh shoq\u00ebrohet me er\u00eb karakteristike acetoni. Kjo rritje e frym\u00ebmarrjes nuk duhet ngat\u00ebrruar me shenja t\u00eb pneumonis\u00eb, megjith\u00ebse s\u00ebmundjet e tjera si pneumonia apo infeksionet e k\u00ebrthiz\u00ebs mund t\u00eb shfaqen paralelisht. Edhe r\u00ebnia e qimeve pas sh\u00ebrimit lidhet me ndryshimet metabolike gjat\u00eb s\u00ebmundjes.\n<\/p>\n<p align=\"justify\">Trajtimi i diarres\u00eb tek vi\u00e7at varet nga ashp\u00ebrsia e simptomave. Parimi baz\u00eb \u00ebsht\u00eb kompensimi i humbjeve t\u00eb l\u00ebngjeve, elektroliteve dhe l\u00ebnd\u00ebve ushqyese. N\u00ebse vi\u00e7i ende pi me d\u00ebshir\u00eb dhe diarreja nuk \u00ebsht\u00eb shum\u00eb e ujshme, k\u00ebto humbje mund t\u00eb kompensohen duke shtuar tret\u00ebsira elektrolitesh p\u00ebrve\u00e7 vakteve t\u00eb zakonshme me qum\u00ebsht (ushqyerje nd\u00ebrmjet\u00ebse, t\u00eb pakt\u00ebn dy or\u00eb larg nga vakti me qum\u00ebsht). \u00cbsht\u00eb e gabuar heqja e qum\u00ebshtit ose z\u00ebvend\u00ebsimi i tij t\u00ebr\u00ebsisht me elektrolite. Elektrolitet e posa\u00e7me ndihmojn\u00eb n\u00eb korrigjimin e acidoz\u00ebs, nd\u00ebrsa \u00e7aji i zi me sheqer, megjith\u00ebse ndihmon n\u00eb ruajtjen e hidratimit, nuk balancon pH-n\u00eb e gjakut. P\u00ebrdorimi i elektroliteve duhet b\u00ebr\u00eb sipas udh\u00ebzimeve t\u00eb paketimit ose n\u00eb konsultim me veterinerin, pasi m\u00ebnyra e administrimit ndryshon sipas produktit.\n<\/p>\n<p align=\"justify\">N\u00ebse gjendja e vi\u00e7it p\u00ebrkeq\u00ebsohet, ai nuk pi m\u00eb, ka ethe, shfaq shenja dehidratimi (sy t\u00eb fundosur, elasticitet i ulur i l\u00ebkur\u00ebs) apo p\u00ebrkeq\u00ebsim t\u00eb sjelljes, duhet lajm\u00ebruar menj\u00ebher\u00eb veterineri p\u00ebr t\u00eb p\u00ebrcaktuar planin e trajtimit. N\u00eb \u00e7do rast, parandalimi mbetet gjithmon\u00eb m\u00eb efektiv dhe m\u00eb ekonomik se trajtimi.\n<\/p>\n<\/div>\n<\/div>\n<\/div>\n\n\n\n<p><\/p>\n","protected":false},"excerpt":{"rendered":"<p>DIARREJA TE VI\u00c7AT: PARANDALIMI \u00cbSHT\u00cb M\u00cb I MIR\u00cb SE KURIMI P\u00ebrpunuar nga Klevis Xhardja Diarreja \u00ebsht\u00eb nj\u00eb nga problemet m\u00eb t\u00eb zakonshme tek vi\u00e7at gjat\u00eb jav\u00ebve t\u00eb para t\u00eb jet\u00ebs. Sipas studimeve nd\u00ebrkomb\u00ebtare, 50 % e vi\u00e7ave q\u00eb ngordhin para nd\u00ebrprerjes s\u00eb ushqyerjes me gji jan\u00eb pasoj\u00eb e diarres\u00eb. Humbjet ekonomike, koha shtes\u00eb e kaluar [&hellip;]<\/p>\n","protected":false},"author":2,"featured_media":0,"parent":0,"menu_order":0,"comment_status":"closed","ping_status":"closed","template":"","meta":{"inline_featured_image":false,"footnotes":""},"class_list":["post-9882","page","type-page","status-publish","hentry"],"yoast_head":"<!-- This site is optimized with the Yoast SEO plugin v18.9 - https:\/\/yoast.com\/wordpress\/plugins\/seo\/ -->\n<title>DIARREJA TE VI\u00c7AT: PARANDALIMI \u00cbSHT\u00cb M\u00cb I MIR\u00cb SE KURIMI - Austria Praemix<\/title>\n<meta name=\"robots\" content=\"index, follow, max-snippet:-1, max-image-preview:large, max-video-preview:-1\" \/>\n<link rel=\"canonical\" href=\"https:\/\/ap.com.al\/?page_id=9882\" \/>\n<meta property=\"og:locale\" content=\"en_US\" \/>\n<meta property=\"og:type\" content=\"article\" \/>\n<meta property=\"og:title\" content=\"DIARREJA TE VI\u00c7AT: PARANDALIMI \u00cbSHT\u00cb M\u00cb I MIR\u00cb SE KURIMI - Austria Praemix\" \/>\n<meta property=\"og:description\" content=\"DIARREJA TE VI\u00c7AT: PARANDALIMI \u00cbSHT\u00cb M\u00cb I MIR\u00cb SE KURIMI P\u00ebrpunuar nga Klevis Xhardja Diarreja \u00ebsht\u00eb nj\u00eb nga problemet m\u00eb t\u00eb zakonshme tek vi\u00e7at gjat\u00eb jav\u00ebve t\u00eb para t\u00eb jet\u00ebs. Sipas studimeve nd\u00ebrkomb\u00ebtare, 50 % e vi\u00e7ave q\u00eb ngordhin para nd\u00ebrprerjes s\u00eb ushqyerjes me gji jan\u00eb pasoj\u00eb e diarres\u00eb. Humbjet ekonomike, koha shtes\u00eb e kaluar [&hellip;]\" \/>\n<meta property=\"og:url\" content=\"https:\/\/ap.com.al\/?page_id=9882\" \/>\n<meta property=\"og:site_name\" content=\"Austria Praemix\" \/>\n<meta property=\"article:publisher\" content=\"https:\/\/www.facebook.com\/austriapraemiks\/\" \/>\n<meta property=\"article:modified_time\" content=\"2026-03-06T12:04:28+00:00\" \/>\n<meta property=\"og:image\" content=\"https:\/\/ap.com.al\/wp-content\/uploads\/2022\/03\/Asset-51-1.png\" \/>\n<meta name=\"twitter:card\" content=\"summary_large_image\" \/>\n<meta name=\"twitter:label1\" content=\"Est. reading time\" \/>\n\t<meta name=\"twitter:data1\" content=\"1 minute\" \/>\n<script type=\"application\/ld+json\" class=\"yoast-schema-graph\">{\"@context\":\"https:\/\/schema.org\",\"@graph\":[{\"@type\":\"Organization\",\"@id\":\"https:\/\/ap.com.al\/#organization\",\"name\":\"Austria Preamix\",\"url\":\"https:\/\/ap.com.al\/\",\"sameAs\":[\"https:\/\/www.instagram.com\/austriapraemix\/\",\"https:\/\/www.facebook.com\/austriapraemiks\/\"],\"logo\":{\"@type\":\"ImageObject\",\"inLanguage\":\"en-US\",\"@id\":\"https:\/\/ap.com.al\/#\/schema\/logo\/image\/\",\"url\":\"https:\/\/ap.com.al\/wp-content\/uploads\/2022\/02\/AP-logo.png\",\"contentUrl\":\"https:\/\/ap.com.al\/wp-content\/uploads\/2022\/02\/AP-logo.png\",\"width\":3358,\"height\":1616,\"caption\":\"Austria Preamix\"},\"image\":{\"@id\":\"https:\/\/ap.com.al\/#\/schema\/logo\/image\/\"}},{\"@type\":\"WebSite\",\"@id\":\"https:\/\/ap.com.al\/#website\",\"url\":\"https:\/\/ap.com.al\/\",\"name\":\"Austria Praemix\",\"description\":\"\",\"publisher\":{\"@id\":\"https:\/\/ap.com.al\/#organization\"},\"potentialAction\":[{\"@type\":\"SearchAction\",\"target\":{\"@type\":\"EntryPoint\",\"urlTemplate\":\"https:\/\/ap.com.al\/?s={search_term_string}\"},\"query-input\":\"required name=search_term_string\"}],\"inLanguage\":\"en-US\"},{\"@type\":\"ImageObject\",\"inLanguage\":\"en-US\",\"@id\":\"https:\/\/ap.com.al\/?page_id=9882#primaryimage\",\"url\":\"https:\/\/ap.com.al\/wp-content\/uploads\/2022\/03\/Asset-51-1.png\",\"contentUrl\":\"https:\/\/ap.com.al\/wp-content\/uploads\/2022\/03\/Asset-51-1.png\",\"width\":355,\"height\":354},{\"@type\":\"WebPage\",\"@id\":\"https:\/\/ap.com.al\/?page_id=9882#webpage\",\"url\":\"https:\/\/ap.com.al\/?page_id=9882\",\"name\":\"DIARREJA TE VI\u00c7AT: PARANDALIMI \u00cbSHT\u00cb M\u00cb I MIR\u00cb SE KURIMI - Austria Praemix\",\"isPartOf\":{\"@id\":\"https:\/\/ap.com.al\/#website\"},\"primaryImageOfPage\":{\"@id\":\"https:\/\/ap.com.al\/?page_id=9882#primaryimage\"},\"datePublished\":\"2026-03-06T12:00:59+00:00\",\"dateModified\":\"2026-03-06T12:04:28+00:00\",\"breadcrumb\":{\"@id\":\"https:\/\/ap.com.al\/?page_id=9882#breadcrumb\"},\"inLanguage\":\"en-US\",\"potentialAction\":[{\"@type\":\"ReadAction\",\"target\":[\"https:\/\/ap.com.al\/?page_id=9882\"]}]},{\"@type\":\"BreadcrumbList\",\"@id\":\"https:\/\/ap.com.al\/?page_id=9882#breadcrumb\",\"itemListElement\":[{\"@type\":\"ListItem\",\"position\":1,\"name\":\"Home\",\"item\":\"https:\/\/ap.com.al\/\"},{\"@type\":\"ListItem\",\"position\":2,\"name\":\"DIARREJA TE VI\u00c7AT: PARANDALIMI \u00cbSHT\u00cb M\u00cb I MIR\u00cb SE KURIMI\"}]}]}<\/script>\n<!-- \/ Yoast SEO plugin. -->","yoast_head_json":{"title":"DIARREJA TE VI\u00c7AT: PARANDALIMI \u00cbSHT\u00cb M\u00cb I MIR\u00cb SE KURIMI - Austria Praemix","robots":{"index":"index","follow":"follow","max-snippet":"max-snippet:-1","max-image-preview":"max-image-preview:large","max-video-preview":"max-video-preview:-1"},"canonical":"https:\/\/ap.com.al\/?page_id=9882","og_locale":"en_US","og_type":"article","og_title":"DIARREJA TE VI\u00c7AT: PARANDALIMI \u00cbSHT\u00cb M\u00cb I MIR\u00cb SE KURIMI - Austria Praemix","og_description":"DIARREJA TE VI\u00c7AT: PARANDALIMI \u00cbSHT\u00cb M\u00cb I MIR\u00cb SE KURIMI P\u00ebrpunuar nga Klevis Xhardja Diarreja \u00ebsht\u00eb nj\u00eb nga problemet m\u00eb t\u00eb zakonshme tek vi\u00e7at gjat\u00eb jav\u00ebve t\u00eb para t\u00eb jet\u00ebs. Sipas studimeve nd\u00ebrkomb\u00ebtare, 50 % e vi\u00e7ave q\u00eb ngordhin para nd\u00ebrprerjes s\u00eb ushqyerjes me gji jan\u00eb pasoj\u00eb e diarres\u00eb. Humbjet ekonomike, koha shtes\u00eb e kaluar [&hellip;]","og_url":"https:\/\/ap.com.al\/?page_id=9882","og_site_name":"Austria Praemix","article_publisher":"https:\/\/www.facebook.com\/austriapraemiks\/","article_modified_time":"2026-03-06T12:04:28+00:00","og_image":[{"url":"https:\/\/ap.com.al\/wp-content\/uploads\/2022\/03\/Asset-51-1.png"}],"twitter_card":"summary_large_image","twitter_misc":{"Est. reading time":"1 minute"},"schema":{"@context":"https:\/\/schema.org","@graph":[{"@type":"Organization","@id":"https:\/\/ap.com.al\/#organization","name":"Austria Preamix","url":"https:\/\/ap.com.al\/","sameAs":["https:\/\/www.instagram.com\/austriapraemix\/","https:\/\/www.facebook.com\/austriapraemiks\/"],"logo":{"@type":"ImageObject","inLanguage":"en-US","@id":"https:\/\/ap.com.al\/#\/schema\/logo\/image\/","url":"https:\/\/ap.com.al\/wp-content\/uploads\/2022\/02\/AP-logo.png","contentUrl":"https:\/\/ap.com.al\/wp-content\/uploads\/2022\/02\/AP-logo.png","width":3358,"height":1616,"caption":"Austria Preamix"},"image":{"@id":"https:\/\/ap.com.al\/#\/schema\/logo\/image\/"}},{"@type":"WebSite","@id":"https:\/\/ap.com.al\/#website","url":"https:\/\/ap.com.al\/","name":"Austria Praemix","description":"","publisher":{"@id":"https:\/\/ap.com.al\/#organization"},"potentialAction":[{"@type":"SearchAction","target":{"@type":"EntryPoint","urlTemplate":"https:\/\/ap.com.al\/?s={search_term_string}"},"query-input":"required name=search_term_string"}],"inLanguage":"en-US"},{"@type":"ImageObject","inLanguage":"en-US","@id":"https:\/\/ap.com.al\/?page_id=9882#primaryimage","url":"https:\/\/ap.com.al\/wp-content\/uploads\/2022\/03\/Asset-51-1.png","contentUrl":"https:\/\/ap.com.al\/wp-content\/uploads\/2022\/03\/Asset-51-1.png","width":355,"height":354},{"@type":"WebPage","@id":"https:\/\/ap.com.al\/?page_id=9882#webpage","url":"https:\/\/ap.com.al\/?page_id=9882","name":"DIARREJA TE VI\u00c7AT: PARANDALIMI \u00cbSHT\u00cb M\u00cb I MIR\u00cb SE KURIMI - Austria Praemix","isPartOf":{"@id":"https:\/\/ap.com.al\/#website"},"primaryImageOfPage":{"@id":"https:\/\/ap.com.al\/?page_id=9882#primaryimage"},"datePublished":"2026-03-06T12:00:59+00:00","dateModified":"2026-03-06T12:04:28+00:00","breadcrumb":{"@id":"https:\/\/ap.com.al\/?page_id=9882#breadcrumb"},"inLanguage":"en-US","potentialAction":[{"@type":"ReadAction","target":["https:\/\/ap.com.al\/?page_id=9882"]}]},{"@type":"BreadcrumbList","@id":"https:\/\/ap.com.al\/?page_id=9882#breadcrumb","itemListElement":[{"@type":"ListItem","position":1,"name":"Home","item":"https:\/\/ap.com.al\/"},{"@type":"ListItem","position":2,"name":"DIARREJA TE VI\u00c7AT: PARANDALIMI \u00cbSHT\u00cb M\u00cb I MIR\u00cb SE KURIMI"}]}]}},"_links":{"self":[{"href":"https:\/\/ap.com.al\/index.php?rest_route=\/wp\/v2\/pages\/9882","targetHints":{"allow":["GET"]}}],"collection":[{"href":"https:\/\/ap.com.al\/index.php?rest_route=\/wp\/v2\/pages"}],"about":[{"href":"https:\/\/ap.com.al\/index.php?rest_route=\/wp\/v2\/types\/page"}],"author":[{"embeddable":true,"href":"https:\/\/ap.com.al\/index.php?rest_route=\/wp\/v2\/users\/2"}],"replies":[{"embeddable":true,"href":"https:\/\/ap.com.al\/index.php?rest_route=%2Fwp%2Fv2%2Fcomments&post=9882"}],"version-history":[{"count":3,"href":"https:\/\/ap.com.al\/index.php?rest_route=\/wp\/v2\/pages\/9882\/revisions"}],"predecessor-version":[{"id":9888,"href":"https:\/\/ap.com.al\/index.php?rest_route=\/wp\/v2\/pages\/9882\/revisions\/9888"}],"wp:attachment":[{"href":"https:\/\/ap.com.al\/index.php?rest_route=%2Fwp%2Fv2%2Fmedia&parent=9882"}],"curies":[{"name":"wp","href":"https:\/\/api.w.org\/{rel}","templated":true}]}}