{"id":9921,"date":"2026-05-08T05:52:43","date_gmt":"2026-05-08T05:52:43","guid":{"rendered":"https:\/\/ap.com.al\/?page_id=9921"},"modified":"2026-05-08T06:06:04","modified_gmt":"2026-05-08T06:06:04","slug":"shmangia-e-stresit-nga-nxehtesia-tek-lopet-e-qumeshtit","status":"publish","type":"page","link":"https:\/\/ap.com.al\/?page_id=9921","title":{"rendered":"Shmangia e stresit nga nxeht\u00ebsia tek lop\u00ebt e qum\u00ebshtit"},"content":{"rendered":"\n<style>\n  #oniiii{\n    background-image:url(\"https:\/\/ap.com.al\/wp-content\/uploads\/2026\/05\/Artikull-banner-4.png\");\n    padding-bottom: 32%;\n    background-position:center center;\n    background-repeat: no-repeat;\n    background-size:cover;\n  }\n  <\/style>\n  <script src=\"https:\/\/code.jquery.com\/jquery-3.5.0.js\">\n<\/script>\n\n<div id=\"oniiii\"><\/div>\n \n<script>\n$( \"#oniiii\" ).insertBefore( \".container_wrap_first\" );\n<\/script>\n\n\n\n<div class=\"wp-block-columns\" id=\"containerr\">\n<div class=\"wp-block-column\">\n<div class=\"avia_textblock\" itemprop=\"text\"><h4 style=\"color:#005a8c;\n\">Shmangia e stresit nga nxeht\u00ebsia tek lop\u00ebt e qum\u00ebshtit<\/h4>\n<p align=\"right\">\n   P\u00ebrpunuar nga Klevis Xhardja\n<\/p>\n<\/div>\n<\/div>\n<\/div>\n\n\n\n<div class=\"wp-block-columns\" id=\"containerr\">\n<div class=\"wp-block-column\">\n<div class=\"detail__certificates-item-icon\">\n<img decoding=\"async\" alt=\"Icon RINDAMAST UNI\" src=\"https:\/\/ap.com.al\/wp-content\/uploads\/2022\/03\/Asset-51-1.png\">\n<\/div>\n<\/div>\n<\/div>\n\n\n\n<div class=\"wp-block-columns\" id=\"containerr\">\n<div class=\"wp-block-column\">\n<figure class=\"wp-block-image size-full\"><img loading=\"lazy\" decoding=\"async\" width=\"552\" height=\"336\" src=\"https:\/\/ap.com.al\/wp-content\/uploads\/2026\/05\/image.png\" alt=\"\" class=\"wp-image-9922\" srcset=\"https:\/\/ap.com.al\/wp-content\/uploads\/2026\/05\/image.png 552w, https:\/\/ap.com.al\/wp-content\/uploads\/2026\/05\/image-300x183.png 300w, https:\/\/ap.com.al\/wp-content\/uploads\/2026\/05\/image-450x274.png 450w\" sizes=\"auto, (max-width: 552px) 100vw, 552px\" \/><\/figure>\n\n\n\n<div class=\"blue_marker_list\">\n<p align=\"justify\">Duke krijuar nj\u00eb rrjedh\u00eb ajri t\u00eb drejtuar n\u00eb zonat ku q\u00ebndrojn\u00eb lop\u00ebt, mund t\u00eb shp\u00ebrb\u00ebhet \u201cshtresa e ajrit t\u00eb ngroht\u00eb\u201d q\u00eb ndodhet n\u00eb qimet dhe rreth trupit t\u00eb lop\u00ebs, duke rritur k\u00ebshtu largimin konvektiv t\u00eb nxeht\u00ebsis\u00eb dhe avujve t\u00eb ujit nga kafsh\u00ebt.\n<\/p>\n<p align=\"justify\">Si rezultat, temperatura e perceptuar ulet. Temperatura e perceptuar p\u00ebrcaktohet nga faktor\u00ebt temperatur\u00eb, lag\u00ebshti relative e ajrit dhe shpejt\u00ebsia e ajrit. N\u00eb var\u00ebsi t\u00eb dy faktor\u00ebve t\u00eb fundit, kafsh\u00ebt mund t\u00eb \u00e7lirojn\u00eb sasi t\u00eb ndryshme uji p\u00ebrmes l\u00ebkur\u00ebs. Kjo krijon nj\u00eb ftohje nga avullimi, e cila prodhon efekt ftoh\u00ebs n\u00eb l\u00ebkur\u00ebn e kafsh\u00ebve q\u00eb nga nj\u00eb shpejt\u00ebsi ajri prej 1,0 m\/s. \n<\/p>\n<p align=\"justify\">N\u00eb stallat q\u00eb disponojn\u00eb mund\u00ebsi ftohjeje, gjat\u00eb planifikimit mund t\u00eb reduktohet p\u00ebrkat\u00ebsisht volumi i ajrit p\u00ebr ver\u00ebn. P\u00ebr nj\u00eb ventilim t\u00eb detyruar funksional, furnizimi dhe nxjerrja e ajrit duhet t\u00eb sigurohen nj\u00ebkoh\u00ebsisht. N\u00eb rast t\u00eb presionit t\u00eb lart\u00eb kund\u00ebrshtues (p.sh. nga era n\u00eb hapjen e daljes s\u00eb ajrit), nd\u00ebrrimi i ajrit mund t\u00eb nd\u00ebrpritet.\n<\/p>\n<h4>P\u00ebrdorimi i ventilator\u00ebve<\/h4>\n<p align=\"justify\">P\u00ebrdorimi i ventilator\u00ebve sh\u00ebrben kryesisht p\u00ebr largimin e shtres\u00ebs s\u00eb ajrit t\u00eb ngroht\u00eb rreth trupit t\u00eb kafsh\u00ebve (pra p\u00ebr largimin konvektiv t\u00eb nxeht\u00ebsis\u00eb). K\u00ebtu synohet nj\u00eb shpejt\u00ebsi e lart\u00eb ajri n\u00eb zon\u00ebn e kafsh\u00ebve. Kjo mund t\u00eb arrihet me pak ventilator\u00eb t\u00eb m\u00ebdhenj vertikal\u00eb n\u00eb tavan, t\u00eb ashtuquajtur ventilator\u00eb tavani. Nd\u00ebrsa ventilator\u00ebt aksial\u00eb vendosen horizontalisht nj\u00ebri pas tjetrit dhe krijojn\u00eb nj\u00eb rrjedh\u00eb p\u00ebrkat\u00ebse n\u00ebp\u00ebr stall\u00eb. Ventilator\u00ebt p\u00ebrdoren n\u00eb stallat me bokse pushimi p\u00ebr t\u00eb krijuar l\u00ebvizje ajri n\u00eb zon\u00ebn e kafsh\u00ebve kur shpejt\u00ebsia natyrale e er\u00ebs \u00ebsht\u00eb e pamjaftueshme dhe temperaturat e ambientit jan\u00eb t\u00eb larta. Kapaciteti total i ajrit q\u00eb duhet instaluar varet nga gjat\u00ebsia e stall\u00ebs, niveli i prodhimit t\u00eb grupit t\u00eb lop\u00ebve dhe struktura e \u00e7atis\u00eb. Rekomandimet p\u00ebr \u201ckapacitetin e instaluar t\u00eb ventilimit\u201d variojn\u00eb nga 500 deri n\u00eb 1.200 m\u00b3 p\u00ebr lop\u00eb n\u00eb or\u00eb, pa p\u00ebrfshir\u00eb ventilator\u00ebt p\u00ebr sall\u00ebn e mjeljes dhe zon\u00ebn e pritjes. Pavar\u00ebsisht teknologjis\u00eb s\u00eb zgjedhur, nuk duhet hequr dor\u00eb nga kontrolli automatik i ventilator\u00ebve sipas temperatur\u00ebs, pasi kontrolli manual nuk p\u00ebrputhet gjithmon\u00eb me ndjesin\u00eb reale t\u00eb kafsh\u00ebve.\n<\/p>\n<h4>P\u00ebrdorimi i ventilator\u00ebve aksial\u00eb<\/h4>\n<p align=\"justify\">Pozicionimi optimal i ventilator\u00ebve konsiderohet mbi rreshtat e bokseve t\u00eb pushimit. Avantazhi m\u00eb i r\u00ebnd\u00ebsish\u00ebm \u00ebsht\u00eb q\u00eb masat p\u00ebr uljen e ngarkes\u00ebs termike zbatohen aty ku kafsh\u00ebt q\u00ebndrojn\u00eb m\u00eb gjat\u00eb. Gjithashtu, shmanget tharja e tep\u00ebrt e sip\u00ebrfaqeve t\u00eb ecjes nga ventilator\u00ebt. Aktualisht, n\u00eb treg ka ventilator\u00eb q\u00eb punojn\u00eb me koh\u00ebmatje dhe kan\u00eb rreze t\u00eb kufizuar shp\u00ebrndarjeje, duke fokusuar efektin n\u00eb zon\u00ebn e pushimit ose n\u00eb zona t\u00eb tjera.\nDistanca nd\u00ebrmjet ventilator\u00ebve varet shum\u00eb nga rrezja e shp\u00ebrndarjes, lart\u00ebsia e instalimit dhe k\u00ebndi i pjerr\u00ebsis\u00eb. N\u00ebse ventilatori montohet me skajin e posht\u00ebm n\u00eb 2,70 m mbi sip\u00ebrfaqen e pushimit, nuk nevojitet rrjet\u00eb mbrojt\u00ebse, duke e b\u00ebr\u00eb mir\u00ebmbajtjen dhe pastrimin m\u00eb t\u00eb leht\u00eb. Ventilatori i par\u00eb duhet t\u00eb vendoset direkt n\u00eb murin ballor ose 1,50 m larg tij (t\u00eb pakt\u00ebn diametri i ventilatorit), p\u00ebr t\u00eb minimizuar rezistenc\u00ebn e thithjes. N\u00ebse \u00ebsht\u00eb e mundur, vendosja e ventilator\u00ebve n\u00eb murin ballor mund\u00ebson futjen e ajrit t\u00eb fresk\u00ebt nga jasht\u00eb, por n\u00eb k\u00ebt\u00eb rast ventilatori duhet t\u00eb mbrohet nga reshjet dhe era direkte. K\u00ebndi i instalimit 15\u201325\u00b0 \u00ebsht\u00eb provuar efektiv, por duhet p\u00ebrshtatur individualisht p\u00ebr \u00e7do stall\u00eb me ndihm\u00ebn e nj\u00eb pajisjeje tymi, n\u00eb m\u00ebnyr\u00eb q\u00eb rrjedha e ajrit t\u00eb godas\u00eb kafsh\u00ebt dhe jo t\u00eb kaloj\u00eb mbi to.\n<\/p>\n<h4 align=\"justify\">Vendosja e ventilator\u00ebve p\u00ebr krijimin e rrjedh\u00ebs rrethore<\/h4>\n<p align=\"justify\">Ventilator\u00ebt aksial\u00eb mund t\u00eb vendosen edhe n\u00eb m\u00ebnyr\u00eb q\u00eb t\u00eb krijojn\u00eb nj\u00eb qarkullim horizontal rrethor t\u00eb ajrit n\u00eb stall\u00eb, sidomos kur nuk ka er\u00eb.<\/p>\n<h4 align=\"justify\">Vendosja e ventilator\u00ebve p\u00ebr krijimin e rrjedh\u00ebs t\u00ebrthore<\/h4>\n<p align=\"justify\">Nj\u00eb tjet\u00ebr m\u00ebnyr\u00eb \u00ebsht\u00eb vendosja t\u00ebrthore e ventilator\u00ebve, e cila mb\u00ebshtet ventilimin t\u00ebrthor kur shpejt\u00ebsia e er\u00ebs \u00ebsht\u00eb e ul\u00ebt. N\u00eb k\u00ebt\u00eb rast nevojiten m\u00eb shum\u00eb ventilator\u00eb p\u00ebr t\u00eb siguruar nj\u00eb rrjedhje uniforme ajri. Nj\u00eb disavantazh \u00ebsht\u00eb se sip\u00ebrfaqet e ecjes p\u00ebrshkohen fort nga ajri. Kur ventilator\u00ebt e furnizimit ose nxjerrjes s\u00eb ajrit aktivizohen vet\u00ebm sipas nevoj\u00ebs n\u00eb nj\u00eb stall\u00eb t\u00eb ventiluar natyrsh\u00ebm dhe krijojn\u00eb rrjedh\u00eb t\u00eb ndryshme nga ajo natyrale, kjo quhet ventilim i kombinuar ose hibrid.\n<\/p>\n\n<h4 align=\"justify\">Rekomandime p\u00ebr ventilator\u00ebt aksial\u00eb (me rrjedh\u00eb horizontale)\n<\/h4>\n<ul>\n<li>Vendosje prioritare n\u00eb zonat ku kafsh\u00ebt grumbullohen ngusht\u00eb\n<li>Kapacitet ajri 800\u20131.200 m\u00b3 p\u00ebr lop\u00eb n\u00eb or\u00eb\n<li>Konsum specifik energjie < 40 W\/1.000 m\u00b3 (ventilator\u00ebt e vegj\u00ebl jan\u00eb zakonisht m\u00eb pak efikas)\n<li>Vendosje mbi bokset e pushimit\n<li>N\u00ebse \u00ebsht\u00eb e mundur, pa rrjet\u00eb mbrojt\u00ebse; lart\u00ebsia \u2265 2,70 m\n<li>Distanca sipas karakteristikave t\u00eb ventilatorit\n<li>Kontroll me termostat (grupe, rregullim shpejt\u00ebsie)\n<li>N\u00eb zona banimi, reduktim i shpejt\u00ebsis\u00eb ose fikje nat\u00ebn\n<li>T\u00eb merret parasysh niveli i zhurm\u00ebs (dB(A))<\/li>\n<h4 align=\"justify\">P\u00ebrdorimi i ventilator\u00ebve vertikal\u00eb<\/h4>\n<p align=\"justify\">Ventilator\u00ebt e tavanit kan\u00eb konsum t\u00eb ul\u00ebt energjie (0,3\u20131,5 kW) dhe nivel t\u00eb ul\u00ebt zhurme (<60 dB(A)), p\u00ebr shkak t\u00eb rrotullimit t\u00eb ngadalt\u00eb (75\u2013140 rpm). Megjithat\u00eb, vendosja e tyre \u00ebsht\u00eb m\u00eb e kufizuar. Zakonisht instalohen mbi korridorin e ushqimit, gj\u00eb q\u00eb mund t\u00eb shkaktoj\u00eb tharjen e ushqimit. Diametri i tyre mund t\u00eb jet\u00eb 4\u20137 m dhe mund t\u00eb qarkullojn\u00eb deri n\u00eb 700.000 m\u00b3 aj\u00ebr n\u00eb or\u00eb. Lart\u00ebsia e instalimit shpesh rekomandohet sa diametri i ventilatorit. Ata drejtojn\u00eb ajrin posht\u00eb, duke rritur qarkullimin dhe largimin e nxeht\u00ebsis\u00eb nga kafsh\u00ebt. N\u00ebn ventilator arrin shpejt\u00ebsi ajri >2 m\/s, nd\u00ebrsa drejt mureve bie n\u00eb <1 m\/s p\u00ebr shkak t\u00eb pengesave.\nN\u00eb stallat me mure an\u00ebsore t\u00eb hapura, n\u00eb kushte me er\u00eb t\u00eb fort\u00eb, mund t\u00eb ndodh\u00eb q\u00eb rrjedha e ajrit nga ventilatori t\u00eb kund\u00ebrshtohet nga ajri i jasht\u00ebm q\u00eb hyn brenda.\n<\/p>\n<\/div>\n<\/div>\n<\/div>\n\n\n\n<p><\/p>\n","protected":false},"excerpt":{"rendered":"<p>Shmangia e stresit nga nxeht\u00ebsia tek lop\u00ebt e qum\u00ebshtit P\u00ebrpunuar nga Klevis Xhardja Duke krijuar nj\u00eb rrjedh\u00eb ajri t\u00eb drejtuar n\u00eb zonat ku q\u00ebndrojn\u00eb lop\u00ebt, mund t\u00eb shp\u00ebrb\u00ebhet \u201cshtresa e ajrit t\u00eb ngroht\u00eb\u201d q\u00eb ndodhet n\u00eb qimet dhe rreth trupit t\u00eb lop\u00ebs, duke rritur k\u00ebshtu largimin konvektiv t\u00eb nxeht\u00ebsis\u00eb dhe avujve t\u00eb ujit nga kafsh\u00ebt. [&hellip;]<\/p>\n","protected":false},"author":2,"featured_media":0,"parent":0,"menu_order":0,"comment_status":"closed","ping_status":"closed","template":"","meta":{"inline_featured_image":false,"footnotes":""},"class_list":["post-9921","page","type-page","status-publish","hentry"],"yoast_head":"<!-- This site is optimized with the Yoast SEO plugin v18.9 - https:\/\/yoast.com\/wordpress\/plugins\/seo\/ -->\n<title>Shmangia e stresit nga nxeht\u00ebsia tek lop\u00ebt e qum\u00ebshtit - Austria Praemix<\/title>\n<meta name=\"robots\" content=\"index, follow, max-snippet:-1, max-image-preview:large, max-video-preview:-1\" \/>\n<link rel=\"canonical\" href=\"https:\/\/ap.com.al\/?page_id=9921\" \/>\n<meta property=\"og:locale\" content=\"en_US\" \/>\n<meta property=\"og:type\" content=\"article\" \/>\n<meta property=\"og:title\" content=\"Shmangia e stresit nga nxeht\u00ebsia tek lop\u00ebt e qum\u00ebshtit - Austria Praemix\" \/>\n<meta property=\"og:description\" content=\"Shmangia e stresit nga nxeht\u00ebsia tek lop\u00ebt e qum\u00ebshtit P\u00ebrpunuar nga Klevis Xhardja Duke krijuar nj\u00eb rrjedh\u00eb ajri t\u00eb drejtuar n\u00eb zonat ku q\u00ebndrojn\u00eb lop\u00ebt, mund t\u00eb shp\u00ebrb\u00ebhet \u201cshtresa e ajrit t\u00eb ngroht\u00eb\u201d q\u00eb ndodhet n\u00eb qimet dhe rreth trupit t\u00eb lop\u00ebs, duke rritur k\u00ebshtu largimin konvektiv t\u00eb nxeht\u00ebsis\u00eb dhe avujve t\u00eb ujit nga kafsh\u00ebt. [&hellip;]\" \/>\n<meta property=\"og:url\" content=\"https:\/\/ap.com.al\/?page_id=9921\" \/>\n<meta property=\"og:site_name\" content=\"Austria Praemix\" \/>\n<meta property=\"article:publisher\" content=\"https:\/\/www.facebook.com\/austriapraemiks\/\" \/>\n<meta property=\"article:modified_time\" content=\"2026-05-08T06:06:04+00:00\" \/>\n<meta property=\"og:image\" content=\"https:\/\/ap.com.al\/wp-content\/uploads\/2022\/03\/Asset-51-1.png\" \/>\n<meta name=\"twitter:card\" content=\"summary_large_image\" \/>\n<meta name=\"twitter:label1\" content=\"Est. reading time\" \/>\n\t<meta name=\"twitter:data1\" content=\"1 minute\" \/>\n<script type=\"application\/ld+json\" class=\"yoast-schema-graph\">{\"@context\":\"https:\/\/schema.org\",\"@graph\":[{\"@type\":\"Organization\",\"@id\":\"https:\/\/ap.com.al\/#organization\",\"name\":\"Austria Preamix\",\"url\":\"https:\/\/ap.com.al\/\",\"sameAs\":[\"https:\/\/www.instagram.com\/austriapraemix\/\",\"https:\/\/www.facebook.com\/austriapraemiks\/\"],\"logo\":{\"@type\":\"ImageObject\",\"inLanguage\":\"en-US\",\"@id\":\"https:\/\/ap.com.al\/#\/schema\/logo\/image\/\",\"url\":\"https:\/\/ap.com.al\/wp-content\/uploads\/2022\/02\/AP-logo.png\",\"contentUrl\":\"https:\/\/ap.com.al\/wp-content\/uploads\/2022\/02\/AP-logo.png\",\"width\":3358,\"height\":1616,\"caption\":\"Austria Preamix\"},\"image\":{\"@id\":\"https:\/\/ap.com.al\/#\/schema\/logo\/image\/\"}},{\"@type\":\"WebSite\",\"@id\":\"https:\/\/ap.com.al\/#website\",\"url\":\"https:\/\/ap.com.al\/\",\"name\":\"Austria Praemix\",\"description\":\"\",\"publisher\":{\"@id\":\"https:\/\/ap.com.al\/#organization\"},\"potentialAction\":[{\"@type\":\"SearchAction\",\"target\":{\"@type\":\"EntryPoint\",\"urlTemplate\":\"https:\/\/ap.com.al\/?s={search_term_string}\"},\"query-input\":\"required name=search_term_string\"}],\"inLanguage\":\"en-US\"},{\"@type\":\"ImageObject\",\"inLanguage\":\"en-US\",\"@id\":\"https:\/\/ap.com.al\/?page_id=9921#primaryimage\",\"url\":\"https:\/\/ap.com.al\/wp-content\/uploads\/2022\/03\/Asset-51-1.png\",\"contentUrl\":\"https:\/\/ap.com.al\/wp-content\/uploads\/2022\/03\/Asset-51-1.png\",\"width\":355,\"height\":354},{\"@type\":\"WebPage\",\"@id\":\"https:\/\/ap.com.al\/?page_id=9921#webpage\",\"url\":\"https:\/\/ap.com.al\/?page_id=9921\",\"name\":\"Shmangia e stresit nga nxeht\u00ebsia tek lop\u00ebt e qum\u00ebshtit - Austria Praemix\",\"isPartOf\":{\"@id\":\"https:\/\/ap.com.al\/#website\"},\"primaryImageOfPage\":{\"@id\":\"https:\/\/ap.com.al\/?page_id=9921#primaryimage\"},\"datePublished\":\"2026-05-08T05:52:43+00:00\",\"dateModified\":\"2026-05-08T06:06:04+00:00\",\"breadcrumb\":{\"@id\":\"https:\/\/ap.com.al\/?page_id=9921#breadcrumb\"},\"inLanguage\":\"en-US\",\"potentialAction\":[{\"@type\":\"ReadAction\",\"target\":[\"https:\/\/ap.com.al\/?page_id=9921\"]}]},{\"@type\":\"BreadcrumbList\",\"@id\":\"https:\/\/ap.com.al\/?page_id=9921#breadcrumb\",\"itemListElement\":[{\"@type\":\"ListItem\",\"position\":1,\"name\":\"Home\",\"item\":\"https:\/\/ap.com.al\/\"},{\"@type\":\"ListItem\",\"position\":2,\"name\":\"Shmangia e stresit nga nxeht\u00ebsia tek lop\u00ebt e qum\u00ebshtit\"}]}]}<\/script>\n<!-- \/ Yoast SEO plugin. -->","yoast_head_json":{"title":"Shmangia e stresit nga nxeht\u00ebsia tek lop\u00ebt e qum\u00ebshtit - Austria Praemix","robots":{"index":"index","follow":"follow","max-snippet":"max-snippet:-1","max-image-preview":"max-image-preview:large","max-video-preview":"max-video-preview:-1"},"canonical":"https:\/\/ap.com.al\/?page_id=9921","og_locale":"en_US","og_type":"article","og_title":"Shmangia e stresit nga nxeht\u00ebsia tek lop\u00ebt e qum\u00ebshtit - Austria Praemix","og_description":"Shmangia e stresit nga nxeht\u00ebsia tek lop\u00ebt e qum\u00ebshtit P\u00ebrpunuar nga Klevis Xhardja Duke krijuar nj\u00eb rrjedh\u00eb ajri t\u00eb drejtuar n\u00eb zonat ku q\u00ebndrojn\u00eb lop\u00ebt, mund t\u00eb shp\u00ebrb\u00ebhet \u201cshtresa e ajrit t\u00eb ngroht\u00eb\u201d q\u00eb ndodhet n\u00eb qimet dhe rreth trupit t\u00eb lop\u00ebs, duke rritur k\u00ebshtu largimin konvektiv t\u00eb nxeht\u00ebsis\u00eb dhe avujve t\u00eb ujit nga kafsh\u00ebt. [&hellip;]","og_url":"https:\/\/ap.com.al\/?page_id=9921","og_site_name":"Austria Praemix","article_publisher":"https:\/\/www.facebook.com\/austriapraemiks\/","article_modified_time":"2026-05-08T06:06:04+00:00","og_image":[{"url":"https:\/\/ap.com.al\/wp-content\/uploads\/2022\/03\/Asset-51-1.png"}],"twitter_card":"summary_large_image","twitter_misc":{"Est. reading time":"1 minute"},"schema":{"@context":"https:\/\/schema.org","@graph":[{"@type":"Organization","@id":"https:\/\/ap.com.al\/#organization","name":"Austria Preamix","url":"https:\/\/ap.com.al\/","sameAs":["https:\/\/www.instagram.com\/austriapraemix\/","https:\/\/www.facebook.com\/austriapraemiks\/"],"logo":{"@type":"ImageObject","inLanguage":"en-US","@id":"https:\/\/ap.com.al\/#\/schema\/logo\/image\/","url":"https:\/\/ap.com.al\/wp-content\/uploads\/2022\/02\/AP-logo.png","contentUrl":"https:\/\/ap.com.al\/wp-content\/uploads\/2022\/02\/AP-logo.png","width":3358,"height":1616,"caption":"Austria Preamix"},"image":{"@id":"https:\/\/ap.com.al\/#\/schema\/logo\/image\/"}},{"@type":"WebSite","@id":"https:\/\/ap.com.al\/#website","url":"https:\/\/ap.com.al\/","name":"Austria Praemix","description":"","publisher":{"@id":"https:\/\/ap.com.al\/#organization"},"potentialAction":[{"@type":"SearchAction","target":{"@type":"EntryPoint","urlTemplate":"https:\/\/ap.com.al\/?s={search_term_string}"},"query-input":"required name=search_term_string"}],"inLanguage":"en-US"},{"@type":"ImageObject","inLanguage":"en-US","@id":"https:\/\/ap.com.al\/?page_id=9921#primaryimage","url":"https:\/\/ap.com.al\/wp-content\/uploads\/2022\/03\/Asset-51-1.png","contentUrl":"https:\/\/ap.com.al\/wp-content\/uploads\/2022\/03\/Asset-51-1.png","width":355,"height":354},{"@type":"WebPage","@id":"https:\/\/ap.com.al\/?page_id=9921#webpage","url":"https:\/\/ap.com.al\/?page_id=9921","name":"Shmangia e stresit nga nxeht\u00ebsia tek lop\u00ebt e qum\u00ebshtit - Austria Praemix","isPartOf":{"@id":"https:\/\/ap.com.al\/#website"},"primaryImageOfPage":{"@id":"https:\/\/ap.com.al\/?page_id=9921#primaryimage"},"datePublished":"2026-05-08T05:52:43+00:00","dateModified":"2026-05-08T06:06:04+00:00","breadcrumb":{"@id":"https:\/\/ap.com.al\/?page_id=9921#breadcrumb"},"inLanguage":"en-US","potentialAction":[{"@type":"ReadAction","target":["https:\/\/ap.com.al\/?page_id=9921"]}]},{"@type":"BreadcrumbList","@id":"https:\/\/ap.com.al\/?page_id=9921#breadcrumb","itemListElement":[{"@type":"ListItem","position":1,"name":"Home","item":"https:\/\/ap.com.al\/"},{"@type":"ListItem","position":2,"name":"Shmangia e stresit nga nxeht\u00ebsia tek lop\u00ebt e qum\u00ebshtit"}]}]}},"_links":{"self":[{"href":"https:\/\/ap.com.al\/index.php?rest_route=\/wp\/v2\/pages\/9921","targetHints":{"allow":["GET"]}}],"collection":[{"href":"https:\/\/ap.com.al\/index.php?rest_route=\/wp\/v2\/pages"}],"about":[{"href":"https:\/\/ap.com.al\/index.php?rest_route=\/wp\/v2\/types\/page"}],"author":[{"embeddable":true,"href":"https:\/\/ap.com.al\/index.php?rest_route=\/wp\/v2\/users\/2"}],"replies":[{"embeddable":true,"href":"https:\/\/ap.com.al\/index.php?rest_route=%2Fwp%2Fv2%2Fcomments&post=9921"}],"version-history":[{"count":7,"href":"https:\/\/ap.com.al\/index.php?rest_route=\/wp\/v2\/pages\/9921\/revisions"}],"predecessor-version":[{"id":9931,"href":"https:\/\/ap.com.al\/index.php?rest_route=\/wp\/v2\/pages\/9921\/revisions\/9931"}],"wp:attachment":[{"href":"https:\/\/ap.com.al\/index.php?rest_route=%2Fwp%2Fv2%2Fmedia&parent=9921"}],"curies":[{"name":"wp","href":"https:\/\/api.w.org\/{rel}","templated":true}]}}